{"id":19539,"date":"2025-01-08T00:44:01","date_gmt":"2025-01-07T21:44:01","guid":{"rendered":"https:\/\/mountainguides.pro\/?post_type=product&#038;p=19539"},"modified":"2026-04-06T16:13:59","modified_gmt":"2026-04-06T13:13:59","slug":"climb-huascaran","status":"publish","type":"product","link":"https:\/\/mountainguides.pro\/es\/tours\/climbing\/climb-huascaran\/","title":{"rendered":"Ascenso al Huascar\u00e1n"},"content":{"rendered":"","protected":false},"excerpt":{"rendered":"<p class=\"p1\">Ascenso al Huascar\u00e1n &#8211; el punto m\u00e1s alto de Per\u00fa<\/p>\n<p class=\"p1\">Segunda cumbre m\u00e1s alta de Sudam\u00e9rica<\/p>\n<p class=\"p1\">El mejor servicio en campamentos base y de altura<\/p>\n<p class=\"p1\">Asistencia de mulas y porteadores para el transporte del equipo<\/p>\n<p class=\"p1\">Apto tanto para alpinistas experimentados como para principiantes<\/p>\n<p class=\"p1\">*Le recordamos que nuestra empresa no se dedica a la compra, venta de billetes de avi\u00f3n ni a la tramitaci\u00f3n de visados, por lo que no se responsabiliza en caso de fuerza mayor relacionada con vuelos o el cruce de fronteras.<\/p>\n<p class=\"p1\"><strong>Informaci\u00f3n importante:<\/strong><\/p>\n<p class=\"p1\">El horario de check-in y check-out est\u00e1 regulado por el hotel: entrada a partir de las 15:00, salida hasta las 11-12:00. El equipaje puede dejarse en la recepci\u00f3n del hotel para pasear por la ciudad, o, si es posible, pagar un suplemento por entrada anticipada o salida tard\u00eda.<\/p>\n","protected":false},"featured_media":21439,"comment_status":"closed","ping_status":"closed","template":"","meta":{"_acf_changed":false,"footnotes":""},"product_cat":[320],"product_tag":[],"class_list":{"0":"post-19539","1":"product","2":"type-product","3":"status-publish","4":"has-post-thumbnail","6":"product_cat-climbing","8":"first","9":"instock","10":"shipping-taxable","11":"purchasable","12":"product-type-simple"},"acf":[],"yoast_head":"<!-- This site is optimized with the Yoast SEO Premium plugin v26.5 (Yoast SEO v27.3) - https:\/\/yoast.com\/product\/yoast-seo-premium-wordpress\/ -->\n<title>Climb Huascaran<\/title>\n<meta name=\"robots\" content=\"index, follow, max-snippet:-1, max-image-preview:large, max-video-preview:-1\" \/>\n<link rel=\"canonical\" href=\"https:\/\/mountainguides.pro\/es\/tours\/climbing\/climb-huascaran\/\" \/>\n<meta property=\"og:locale\" content=\"es_ES\" \/>\n<meta property=\"og:locale:alternate\" content=\"en_US\" \/>\n<meta property=\"og:locale:alternate\" content=\"ru_RU\" \/>\n<meta property=\"og:locale:alternate\" content=\"de\" \/>\n<meta property=\"og:locale:alternate\" content=\"pt\" \/>\n<meta property=\"og:locale:alternate\" content=\"zh\" \/>\n<meta property=\"og:locale:alternate\" content=\"ko\" \/>\n<meta property=\"og:locale:alternate\" content=\"ja\" \/>\n<meta property=\"og:locale:alternate\" content=\"hi\" \/>\n<meta property=\"og:locale:alternate\" content=\"ar\" \/>\n<meta property=\"og:type\" content=\"article\" \/>\n<meta property=\"og:title\" content=\"Ascenso al Huascar\u00e1n\" \/>\n<meta property=\"og:description\" content=\"Ascenso al Huascar\u00e1n - el punto m\u00e1s alto de Per\u00fa Segunda cumbre m\u00e1s alta de Sudam\u00e9rica El mejor servicio en campamentos base y de altura Asistencia de mulas y porteadores para el transporte del equipo Apto tanto para alpinistas experimentados como para principiantes *Le recordamos que nuestra empresa no se dedica a la compra, venta de billetes de avi\u00f3n ni a la tramitaci\u00f3n de visados, por lo que no se responsabiliza en caso de fuerza mayor relacionada con vuelos o el cruce de fronteras. Informaci\u00f3n importante: El horario de check-in y check-out est\u00e1 regulado por el hotel: entrada a partir de las 15:00, salida hasta las 11-12:00. El equipaje puede dejarse en la recepci\u00f3n del hotel para pasear por la ciudad, o, si es posible, pagar un suplemento por entrada anticipada o salida tard\u00eda.\" \/>\n<meta property=\"og:url\" content=\"https:\/\/mountainguides.pro\/es\/tours\/climbing\/climb-huascaran\/\" \/>\n<meta property=\"og:site_name\" content=\"Mountain Guide\" \/>\n<meta property=\"article:publisher\" content=\"https:\/\/www.facebook.com\/Mountainguide-232956566756831\/\" \/>\n<meta property=\"article:modified_time\" content=\"2026-04-06T13:13:59+00:00\" \/>\n<meta property=\"og:image\" content=\"https:\/\/mountainguides.pro\/wp-content\/uploads\/2025\/01\/voshozhdenie-na-uaskaran.jpeg\" \/>\n\t<meta property=\"og:image:width\" content=\"1800\" \/>\n\t<meta property=\"og:image:height\" content=\"1350\" \/>\n\t<meta property=\"og:image:type\" content=\"image\/jpeg\" \/>\n<meta name=\"twitter:card\" content=\"summary_large_image\" \/>\n<meta name=\"twitter:site\" content=\"@Wintercyclone\" \/>\n<meta name=\"twitter:label1\" content=\"Tiempo de lectura\" \/>\n\t<meta name=\"twitter:data1\" content=\"1 minuto\" \/>\n<script type=\"application\/ld+json\" class=\"yoast-schema-graph\">{\"@context\":\"https:\\\/\\\/schema.org\",\"@graph\":[{\"@type\":\"WebPage\",\"@id\":\"https:\\\/\\\/mountainguides.pro\\\/tours\\\/climbing\\\/climb-huascaran\\\/\",\"url\":\"https:\\\/\\\/mountainguides.pro\\\/tours\\\/climbing\\\/climb-huascaran\\\/\",\"name\":\"Climb Huascaran\",\"isPartOf\":{\"@id\":\"https:\\\/\\\/mountainguides.pro\\\/#website\"},\"primaryImageOfPage\":{\"@id\":\"https:\\\/\\\/mountainguides.pro\\\/tours\\\/climbing\\\/climb-huascaran\\\/#primaryimage\"},\"image\":{\"@id\":\"https:\\\/\\\/mountainguides.pro\\\/tours\\\/climbing\\\/climb-huascaran\\\/#primaryimage\"},\"thumbnailUrl\":\"https:\\\/\\\/mountainguides.pro\\\/wp-content\\\/uploads\\\/2025\\\/01\\\/voshozhdenie-na-uaskaran.jpeg\",\"datePublished\":\"2025-01-07T21:44:01+00:00\",\"dateModified\":\"2026-04-06T13:13:59+00:00\",\"breadcrumb\":{\"@id\":\"https:\\\/\\\/mountainguides.pro\\\/tours\\\/climbing\\\/climb-huascaran\\\/#breadcrumb\"},\"inLanguage\":\"es\",\"potentialAction\":[{\"@type\":\"ReadAction\",\"target\":[\"https:\\\/\\\/mountainguides.pro\\\/tours\\\/climbing\\\/climb-huascaran\\\/\"]}]},{\"@type\":\"ImageObject\",\"inLanguage\":\"es\",\"@id\":\"https:\\\/\\\/mountainguides.pro\\\/tours\\\/climbing\\\/climb-huascaran\\\/#primaryimage\",\"url\":\"https:\\\/\\\/mountainguides.pro\\\/wp-content\\\/uploads\\\/2025\\\/01\\\/voshozhdenie-na-uaskaran.jpeg\",\"contentUrl\":\"https:\\\/\\\/mountainguides.pro\\\/wp-content\\\/uploads\\\/2025\\\/01\\\/voshozhdenie-na-uaskaran.jpeg\",\"width\":1800,\"height\":1350},{\"@type\":\"BreadcrumbList\",\"@id\":\"https:\\\/\\\/mountainguides.pro\\\/tours\\\/climbing\\\/climb-huascaran\\\/#breadcrumb\",\"itemListElement\":[{\"@type\":\"ListItem\",\"position\":1,\"name\":\"Home\",\"item\":\"https:\\\/\\\/mountainguides.pro\\\/de\\\/\"},{\"@type\":\"ListItem\",\"position\":2,\"name\":\"Climb Huascaran\"}]},{\"@type\":\"WebSite\",\"@id\":\"https:\\\/\\\/mountainguides.pro\\\/#website\",\"url\":\"https:\\\/\\\/mountainguides.pro\\\/\",\"name\":\"Mountain Guide\",\"description\":\"We aspire to be the first in everything!\",\"publisher\":{\"@id\":\"https:\\\/\\\/mountainguides.pro\\\/#organization\"},\"potentialAction\":[{\"@type\":\"SearchAction\",\"target\":{\"@type\":\"EntryPoint\",\"urlTemplate\":\"https:\\\/\\\/mountainguides.pro\\\/?s={search_term_string}\"},\"query-input\":{\"@type\":\"PropertyValueSpecification\",\"valueRequired\":true,\"valueName\":\"search_term_string\"}}],\"inLanguage\":\"es\"},{\"@type\":\"Organization\",\"@id\":\"https:\\\/\\\/mountainguides.pro\\\/#organization\",\"name\":\"Mountain Guide\",\"url\":\"https:\\\/\\\/mountainguides.pro\\\/\",\"logo\":{\"@type\":\"ImageObject\",\"inLanguage\":\"es\",\"@id\":\"https:\\\/\\\/mountainguides.pro\\\/#\\\/schema\\\/logo\\\/image\\\/\",\"url\":\"https:\\\/\\\/mountainguides.pro\\\/wp-content\\\/uploads\\\/2018\\\/01\\\/mglogo.jpg\",\"contentUrl\":\"https:\\\/\\\/mountainguides.pro\\\/wp-content\\\/uploads\\\/2018\\\/01\\\/mglogo.jpg\",\"width\":1200,\"height\":630,\"caption\":\"Mountain Guide\"},\"image\":{\"@id\":\"https:\\\/\\\/mountainguides.pro\\\/#\\\/schema\\\/logo\\\/image\\\/\"},\"sameAs\":[\"https:\\\/\\\/www.facebook.com\\\/Mountainguide-232956566756831\\\/\",\"https:\\\/\\\/x.com\\\/Wintercyclone\",\"http:\\\/\\\/instagram.com\\\/mountainguide\",\"http:\\\/\\\/www.youtube.com\\\/mountainguide\"]}]}<\/script>\n<!-- \/ Yoast SEO Premium plugin. -->","yoast_head_json":{"title":"Climb Huascaran","robots":{"index":"index","follow":"follow","max-snippet":"max-snippet:-1","max-image-preview":"max-image-preview:large","max-video-preview":"max-video-preview:-1"},"canonical":"https:\/\/mountainguides.pro\/es\/tours\/climbing\/climb-huascaran\/","og_locale":"es_ES","og_type":"article","og_title":"[:en]Climb Huascaran[:de]Aufstieg nach Huaskaran[:es]Ascenso al Huascar\u00e1n[:pt]Escalando Huascaran[:zh]\u74e6\u65af\u5361\u5170\u6500\u5ca9[:ko]\ud6c4\uc544\uc2a4\uce74\ub780 \ub4f1\ubc18[:ja]\u30ef\u30b9\u30ab\u30e9\u30f3\u30af\u30e9\u30a4\u30df\u30f3\u30b0[:hi]\u0939\u0941\u0938\u094d\u0915\u0930\u0928 \u091a\u0922\u093c\u093e\u0908[:ar]\u062a\u0633\u0644\u0642 \u0647\u0648\u0627\u0633\u0643\u0627\u0631\u0627\u0646[:]","og_description":"Ascenso al Huascar\u00e1n - el punto m\u00e1s alto de Per\u00fa Segunda cumbre m\u00e1s alta de Sudam\u00e9rica El mejor servicio en campamentos base y de altura Asistencia de mulas y porteadores para el transporte del equipo Apto tanto para alpinistas experimentados como para principiantes *Le recordamos que nuestra empresa no se dedica a la compra, venta de billetes de avi\u00f3n ni a la tramitaci\u00f3n de visados, por lo que no se responsabiliza en caso de fuerza mayor relacionada con vuelos o el cruce de fronteras. Informaci\u00f3n importante: El horario de check-in y check-out est\u00e1 regulado por el hotel: entrada a partir de las 15:00, salida hasta las 11-12:00. El equipaje puede dejarse en la recepci\u00f3n del hotel para pasear por la ciudad, o, si es posible, pagar un suplemento por entrada anticipada o salida tard\u00eda.","og_url":"https:\/\/mountainguides.pro\/es\/tours\/climbing\/climb-huascaran\/","og_site_name":"Mountain Guide","article_publisher":"https:\/\/www.facebook.com\/Mountainguide-232956566756831\/","article_modified_time":"2026-04-06T13:13:59+00:00","og_image":[{"width":1800,"height":1350,"url":"https:\/\/mountainguides.pro\/wp-content\/uploads\/2025\/01\/voshozhdenie-na-uaskaran.jpeg","type":"image\/jpeg"}],"twitter_card":"summary_large_image","twitter_site":"@Wintercyclone","twitter_misc":{"Tiempo de lectura":"1 minuto"},"schema":{"@context":"https:\/\/schema.org","@graph":[{"@type":"WebPage","@id":"https:\/\/mountainguides.pro\/tours\/climbing\/climb-huascaran\/","url":"https:\/\/mountainguides.pro\/tours\/climbing\/climb-huascaran\/","name":"Climb Huascaran","isPartOf":{"@id":"https:\/\/mountainguides.pro\/#website"},"primaryImageOfPage":{"@id":"https:\/\/mountainguides.pro\/tours\/climbing\/climb-huascaran\/#primaryimage"},"image":{"@id":"https:\/\/mountainguides.pro\/tours\/climbing\/climb-huascaran\/#primaryimage"},"thumbnailUrl":"https:\/\/mountainguides.pro\/wp-content\/uploads\/2025\/01\/voshozhdenie-na-uaskaran.jpeg","datePublished":"2025-01-07T21:44:01+00:00","dateModified":"2026-04-06T13:13:59+00:00","breadcrumb":{"@id":"https:\/\/mountainguides.pro\/tours\/climbing\/climb-huascaran\/#breadcrumb"},"inLanguage":"es","potentialAction":[{"@type":"ReadAction","target":["https:\/\/mountainguides.pro\/tours\/climbing\/climb-huascaran\/"]}]},{"@type":"ImageObject","inLanguage":"es","@id":"https:\/\/mountainguides.pro\/tours\/climbing\/climb-huascaran\/#primaryimage","url":"https:\/\/mountainguides.pro\/wp-content\/uploads\/2025\/01\/voshozhdenie-na-uaskaran.jpeg","contentUrl":"https:\/\/mountainguides.pro\/wp-content\/uploads\/2025\/01\/voshozhdenie-na-uaskaran.jpeg","width":1800,"height":1350},{"@type":"BreadcrumbList","@id":"https:\/\/mountainguides.pro\/tours\/climbing\/climb-huascaran\/#breadcrumb","itemListElement":[{"@type":"ListItem","position":1,"name":"Home","item":"https:\/\/mountainguides.pro\/de\/"},{"@type":"ListItem","position":2,"name":"Climb Huascaran"}]},{"@type":"WebSite","@id":"https:\/\/mountainguides.pro\/#website","url":"https:\/\/mountainguides.pro\/","name":"Mountain Guide","description":"We aspire to be the first in everything!","publisher":{"@id":"https:\/\/mountainguides.pro\/#organization"},"potentialAction":[{"@type":"SearchAction","target":{"@type":"EntryPoint","urlTemplate":"https:\/\/mountainguides.pro\/?s={search_term_string}"},"query-input":{"@type":"PropertyValueSpecification","valueRequired":true,"valueName":"search_term_string"}}],"inLanguage":"es"},{"@type":"Organization","@id":"https:\/\/mountainguides.pro\/#organization","name":"Mountain Guide","url":"https:\/\/mountainguides.pro\/","logo":{"@type":"ImageObject","inLanguage":"es","@id":"https:\/\/mountainguides.pro\/#\/schema\/logo\/image\/","url":"https:\/\/mountainguides.pro\/wp-content\/uploads\/2018\/01\/mglogo.jpg","contentUrl":"https:\/\/mountainguides.pro\/wp-content\/uploads\/2018\/01\/mglogo.jpg","width":1200,"height":630,"caption":"Mountain Guide"},"image":{"@id":"https:\/\/mountainguides.pro\/#\/schema\/logo\/image\/"},"sameAs":["https:\/\/www.facebook.com\/Mountainguide-232956566756831\/","https:\/\/x.com\/Wintercyclone","http:\/\/instagram.com\/mountainguide","http:\/\/www.youtube.com\/mountainguide"]}]}},"_links":{"self":[{"href":"https:\/\/mountainguides.pro\/es\/wp-json\/wp\/v2\/product\/19539","targetHints":{"allow":["GET"]}}],"collection":[{"href":"https:\/\/mountainguides.pro\/es\/wp-json\/wp\/v2\/product"}],"about":[{"href":"https:\/\/mountainguides.pro\/es\/wp-json\/wp\/v2\/types\/product"}],"replies":[{"embeddable":true,"href":"https:\/\/mountainguides.pro\/es\/wp-json\/wp\/v2\/comments?post=19539"}],"version-history":[{"count":12,"href":"https:\/\/mountainguides.pro\/es\/wp-json\/wp\/v2\/product\/19539\/revisions"}],"predecessor-version":[{"id":33344,"href":"https:\/\/mountainguides.pro\/es\/wp-json\/wp\/v2\/product\/19539\/revisions\/33344"}],"wp:featuredmedia":[{"embeddable":true,"href":"https:\/\/mountainguides.pro\/es\/wp-json\/wp\/v2\/media\/21439"}],"wp:attachment":[{"href":"https:\/\/mountainguides.pro\/es\/wp-json\/wp\/v2\/media?parent=19539"}],"wp:term":[{"taxonomy":"product_cat","embeddable":true,"href":"https:\/\/mountainguides.pro\/es\/wp-json\/wp\/v2\/product_cat?post=19539"},{"taxonomy":"product_tag","embeddable":true,"href":"https:\/\/mountainguides.pro\/es\/wp-json\/wp\/v2\/product_tag?post=19539"}],"curies":[{"name":"wp","href":"https:\/\/api.w.org\/{rel}","templated":true}]}}