{"id":19547,"date":"2025-01-08T00:43:59","date_gmt":"2025-01-07T21:43:59","guid":{"rendered":"https:\/\/mountainguides.pro\/?post_type=product&#038;p=19547"},"modified":"2026-01-29T14:30:49","modified_gmt":"2026-01-29T11:30:49","slug":"namibia","status":"publish","type":"product","link":"https:\/\/mountainguides.pro\/es\/tours\/adventure\/namibia\/","title":{"rendered":"Tour a Namibia: parque Etosha y tribus Himba"},"content":{"rendered":"","protected":false},"excerpt":{"rendered":"<p class=\"p1\">\u2022 Suba a la famosa \u201cDuna 45\u201d y disfrute de las impresionantes panor\u00e1micas de las arenas rojas, especialmente a la luz de la ma\u00f1ana, cuando las dunas se ti\u00f1en de tonos naranjas y rojos<\/p>\n<p class=\"p1\">\u2022 Ciudad abandonada de Kolmanskop: Explore esta enigm\u00e1tica ciudad fantasma de mineros de diamantes, que poco a poco es engullida por el desierto, y sienta la atm\u00f3sfera del pasado en sus edificios abandonados<\/p>\n<p class=\"p1\">\u2022 Parque Nacional Etosha: Sum\u00e9rjase en el mundo de la vida salvaje en uno de los parques m\u00e1s conocidos de Namibia, donde podr\u00e1 ver elefantes, jirafas, leones y muchos otros animales en su h\u00e1bitat natural<\/p>\n<p class=\"p1\">\u2022 Kitmanshup y \u201cEl Parque de los Gigantes\u201d: Descubra formaciones geol\u00f3gicas inusuales y enormes bloques de basalto, donde la naturaleza crea maravillas en forma de majestuosas esculturas<\/p>\n<p class=\"p1\">\u2022 Cultura del pueblo himba: Conozca el estilo de vida de esta tribu \u00fanica, cuyas tradiciones se han conservado pr\u00e1cticamente intactas, y aprenda sobre su cultura y costumbres en aldeas tradicionales<\/p>\n<p class=\"p3\">*Le recordamos que nuestra compa\u00f1\u00eda no se encarga de la compra o venta de boletos de avi\u00f3n ni de la gesti\u00f3n de visas, por lo que no se hace responsable de imprevistos relacionados con vuelos y cruces de fronteras.<\/p>\n<p class=\"p3\"><strong>Informaci\u00f3n importante:<\/strong><\/p>\n<p class=\"p3\">El horario de check-in y check-out est\u00e1 regulado por el hotel: check-in a partir de las 15:00, check-out hasta las 11-12:00. Puede dejar su equipaje en la recepci\u00f3n y pasear por la ciudad, o, si es posible, pagar por un check-in temprano\/check-out tard\u00edo.<\/p>\n<p class=\"p3\">En Namibia pueden surgir dificultades para cambiar billetes peque\u00f1os, desgastados o antiguos (emitidos antes de 2009); en algunos lugares puede haber comisiones adicionales o negaci\u00f3n de cambio.<\/p>\n","protected":false},"featured_media":21460,"comment_status":"closed","ping_status":"closed","template":"","meta":{"_acf_changed":false,"footnotes":""},"product_cat":[337],"product_tag":[],"class_list":{"0":"post-19547","1":"product","2":"type-product","3":"status-publish","4":"has-post-thumbnail","6":"product_cat-adventure","8":"first","9":"instock","10":"shipping-taxable","11":"purchasable","12":"product-type-simple"},"acf":[],"yoast_head":"<!-- This site is optimized with the Yoast SEO Premium plugin v26.5 (Yoast SEO v27.3) - https:\/\/yoast.com\/product\/yoast-seo-premium-wordpress\/ -->\n<title>Adventure Namibia<\/title>\n<meta name=\"robots\" content=\"index, follow, max-snippet:-1, max-image-preview:large, max-video-preview:-1\" \/>\n<link rel=\"canonical\" href=\"https:\/\/mountainguides.pro\/es\/tours\/adventure\/namibia\/\" \/>\n<meta property=\"og:locale\" content=\"es_ES\" \/>\n<meta property=\"og:locale:alternate\" content=\"en_US\" \/>\n<meta property=\"og:locale:alternate\" content=\"ru_RU\" \/>\n<meta property=\"og:locale:alternate\" content=\"de\" \/>\n<meta property=\"og:locale:alternate\" content=\"pt\" \/>\n<meta property=\"og:locale:alternate\" content=\"zh\" \/>\n<meta property=\"og:locale:alternate\" content=\"ko\" \/>\n<meta property=\"og:locale:alternate\" content=\"ja\" \/>\n<meta property=\"og:locale:alternate\" content=\"hi\" \/>\n<meta property=\"og:locale:alternate\" content=\"ar\" \/>\n<meta property=\"og:type\" content=\"article\" \/>\n<meta property=\"og:title\" content=\"Tour a Namibia: parque Etosha y tribus Himba\" \/>\n<meta property=\"og:description\" content=\"\u2022 Suba a la famosa \u201cDuna 45\u201d y disfrute de las impresionantes panor\u00e1micas de las arenas rojas, especialmente a la luz de la ma\u00f1ana, cuando las dunas se ti\u00f1en de tonos naranjas y rojos \u2022 Ciudad abandonada de Kolmanskop: Explore esta enigm\u00e1tica ciudad fantasma de mineros de diamantes, que poco a poco es engullida por el desierto, y sienta la atm\u00f3sfera del pasado en sus edificios abandonados \u2022 Parque Nacional Etosha: Sum\u00e9rjase en el mundo de la vida salvaje en uno de los parques m\u00e1s conocidos de Namibia, donde podr\u00e1 ver elefantes, jirafas, leones y muchos otros animales en su h\u00e1bitat natural \u2022 Kitmanshup y \u201cEl Parque de los Gigantes\u201d: Descubra formaciones geol\u00f3gicas inusuales y enormes bloques de basalto, donde la naturaleza crea maravillas en forma de majestuosas esculturas \u2022 Cultura del pueblo himba: Conozca el estilo de vida de esta tribu \u00fanica, cuyas tradiciones se han conservado pr\u00e1cticamente intactas, y aprenda sobre su cultura y costumbres en aldeas tradicionales *Le recordamos que nuestra compa\u00f1\u00eda no se encarga de la compra o venta de boletos de avi\u00f3n ni de la gesti\u00f3n de visas, por lo que no se hace responsable de imprevistos relacionados con vuelos y cruces de fronteras. Informaci\u00f3n importante: El horario de check-in y check-out est\u00e1 regulado por el hotel: check-in a partir de las 15:00, check-out hasta las 11-12:00. Puede dejar su equipaje en la recepci\u00f3n y pasear por la ciudad, o, si es posible, pagar por un check-in temprano\/check-out tard\u00edo. En Namibia pueden surgir dificultades para cambiar billetes peque\u00f1os, desgastados o antiguos (emitidos antes de 2009); en algunos lugares puede haber comisiones adicionales o negaci\u00f3n de cambio.\" \/>\n<meta property=\"og:url\" content=\"https:\/\/mountainguides.pro\/es\/tours\/adventure\/namibia\/\" \/>\n<meta property=\"og:site_name\" content=\"Mountain Guide\" \/>\n<meta property=\"article:publisher\" content=\"https:\/\/www.facebook.com\/Mountainguide-232956566756831\/\" \/>\n<meta property=\"article:modified_time\" content=\"2026-01-29T11:30:49+00:00\" \/>\n<meta property=\"og:image\" content=\"https:\/\/mountainguides.pro\/wp-content\/uploads\/2025\/01\/tur-v-namibiyu-2.jpeg\" \/>\n\t<meta property=\"og:image:width\" content=\"1800\" \/>\n\t<meta property=\"og:image:height\" content=\"1350\" \/>\n\t<meta property=\"og:image:type\" content=\"image\/jpeg\" \/>\n<meta name=\"twitter:card\" content=\"summary_large_image\" \/>\n<meta name=\"twitter:site\" content=\"@Wintercyclone\" \/>\n<meta name=\"twitter:label1\" content=\"Tiempo de lectura\" \/>\n\t<meta name=\"twitter:data1\" content=\"1 minuto\" \/>\n<script type=\"application\/ld+json\" class=\"yoast-schema-graph\">{\"@context\":\"https:\\\/\\\/schema.org\",\"@graph\":[{\"@type\":\"WebPage\",\"@id\":\"https:\\\/\\\/mountainguides.pro\\\/ar\\\/tours\\\/adventure\\\/namibia\\\/\",\"url\":\"https:\\\/\\\/mountainguides.pro\\\/ar\\\/tours\\\/adventure\\\/namibia\\\/\",\"name\":\"Adventure Namibia\",\"isPartOf\":{\"@id\":\"https:\\\/\\\/mountainguides.pro\\\/#website\"},\"primaryImageOfPage\":{\"@id\":\"https:\\\/\\\/mountainguides.pro\\\/ar\\\/tours\\\/adventure\\\/namibia\\\/#primaryimage\"},\"image\":{\"@id\":\"https:\\\/\\\/mountainguides.pro\\\/ar\\\/tours\\\/adventure\\\/namibia\\\/#primaryimage\"},\"thumbnailUrl\":\"https:\\\/\\\/mountainguides.pro\\\/wp-content\\\/uploads\\\/2025\\\/01\\\/tur-v-namibiyu-2.jpeg\",\"datePublished\":\"2025-01-07T21:43:59+00:00\",\"dateModified\":\"2026-01-29T11:30:49+00:00\",\"breadcrumb\":{\"@id\":\"https:\\\/\\\/mountainguides.pro\\\/ar\\\/tours\\\/adventure\\\/namibia\\\/#breadcrumb\"},\"inLanguage\":\"es\",\"potentialAction\":[{\"@type\":\"ReadAction\",\"target\":[\"https:\\\/\\\/mountainguides.pro\\\/ar\\\/tours\\\/adventure\\\/namibia\\\/\"]}]},{\"@type\":\"ImageObject\",\"inLanguage\":\"es\",\"@id\":\"https:\\\/\\\/mountainguides.pro\\\/ar\\\/tours\\\/adventure\\\/namibia\\\/#primaryimage\",\"url\":\"https:\\\/\\\/mountainguides.pro\\\/wp-content\\\/uploads\\\/2025\\\/01\\\/tur-v-namibiyu-2.jpeg\",\"contentUrl\":\"https:\\\/\\\/mountainguides.pro\\\/wp-content\\\/uploads\\\/2025\\\/01\\\/tur-v-namibiyu-2.jpeg\",\"width\":1800,\"height\":1350},{\"@type\":\"BreadcrumbList\",\"@id\":\"https:\\\/\\\/mountainguides.pro\\\/ar\\\/tours\\\/adventure\\\/namibia\\\/#breadcrumb\",\"itemListElement\":[{\"@type\":\"ListItem\",\"position\":1,\"name\":\"Home\",\"item\":\"https:\\\/\\\/mountainguides.pro\\\/de\\\/\"},{\"@type\":\"ListItem\",\"position\":2,\"name\":\"\u062c\u0648\u0644\u0629 \u0646\u0627\u0645\u064a\u0628\u064a\u0627: \u062d\u062f\u064a\u0642\u0629 \u0625\u064a\u062a\u0648\u0634\u0627 \u0648\u0642\u0628\u0627\u0626\u0644 \u0647\u064a\u0645\u0628\u0627\"}]},{\"@type\":\"WebSite\",\"@id\":\"https:\\\/\\\/mountainguides.pro\\\/#website\",\"url\":\"https:\\\/\\\/mountainguides.pro\\\/\",\"name\":\"Mountain Guide\",\"description\":\"We aspire to be the first in everything!\",\"publisher\":{\"@id\":\"https:\\\/\\\/mountainguides.pro\\\/#organization\"},\"potentialAction\":[{\"@type\":\"SearchAction\",\"target\":{\"@type\":\"EntryPoint\",\"urlTemplate\":\"https:\\\/\\\/mountainguides.pro\\\/?s={search_term_string}\"},\"query-input\":{\"@type\":\"PropertyValueSpecification\",\"valueRequired\":true,\"valueName\":\"search_term_string\"}}],\"inLanguage\":\"es\"},{\"@type\":\"Organization\",\"@id\":\"https:\\\/\\\/mountainguides.pro\\\/#organization\",\"name\":\"Mountain Guide\",\"url\":\"https:\\\/\\\/mountainguides.pro\\\/\",\"logo\":{\"@type\":\"ImageObject\",\"inLanguage\":\"es\",\"@id\":\"https:\\\/\\\/mountainguides.pro\\\/#\\\/schema\\\/logo\\\/image\\\/\",\"url\":\"https:\\\/\\\/mountainguides.pro\\\/wp-content\\\/uploads\\\/2018\\\/01\\\/mglogo.jpg\",\"contentUrl\":\"https:\\\/\\\/mountainguides.pro\\\/wp-content\\\/uploads\\\/2018\\\/01\\\/mglogo.jpg\",\"width\":1200,\"height\":630,\"caption\":\"Mountain Guide\"},\"image\":{\"@id\":\"https:\\\/\\\/mountainguides.pro\\\/#\\\/schema\\\/logo\\\/image\\\/\"},\"sameAs\":[\"https:\\\/\\\/www.facebook.com\\\/Mountainguide-232956566756831\\\/\",\"https:\\\/\\\/x.com\\\/Wintercyclone\",\"http:\\\/\\\/instagram.com\\\/mountainguide\",\"http:\\\/\\\/www.youtube.com\\\/mountainguide\"]}]}<\/script>\n<!-- \/ Yoast SEO Premium plugin. -->","yoast_head_json":{"title":"Adventure Namibia","robots":{"index":"index","follow":"follow","max-snippet":"max-snippet:-1","max-image-preview":"max-image-preview:large","max-video-preview":"max-video-preview:-1"},"canonical":"https:\/\/mountainguides.pro\/es\/tours\/adventure\/namibia\/","og_locale":"es_ES","og_type":"article","og_title":"[:en]Namibia[:de]Tour nach Namibia: Der Etosha Park und die Himba-St\u00e4mme[:es]Tour a Namibia: parque Etosha y tribus Himba[:pt]Excurs\u00e3o \u00e0 Nam\u00edbia: Etosha Park e as tribos Himba[:zh]\u7eb3\u7c73\u6bd4\u4e9a\u4e4b\u65c5\uff1a\u57c3\u6258\u6c99\u516c\u56ed\u548c\u8f9b\u5df4\u90e8\u843d[:ko]\ub098\ubbf8\ube44\uc544 \ud22c\uc5b4:\uc5d0\ud1a0 \uc0e4 \uacf5\uc6d0\uacfc \ud798\ubc14 \ubd80\uc871[:ja]\u30ca\u30df\u30d3\u30a2\u30c4\u30a2\u30fc\uff1a\u30a8\u30c8\u30fc\u30b7\u30e3\u30d1\u30fc\u30af\u3068\u30d2\u30f3\u30d0\u65cf[:hi]\u0928\u093e\u092e\u0940\u092c\u093f\u092f\u093e \u091f\u0942\u0930: \u0907\u091f\u094b\u0936\u093e \u092a\u093e\u0930\u094d\u0915 \u0914\u0930 \u0939\u093f\u092e\u094d\u092c\u093e \u091c\u0928\u091c\u093e\u0924\u093f[:ar]\u062c\u0648\u0644\u0629 \u0646\u0627\u0645\u064a\u0628\u064a\u0627: \u062d\u062f\u064a\u0642\u0629 \u0625\u064a\u062a\u0648\u0634\u0627 \u0648\u0642\u0628\u0627\u0626\u0644 \u0647\u064a\u0645\u0628\u0627[:]","og_description":"\u2022 Suba a la famosa \u201cDuna 45\u201d y disfrute de las impresionantes panor\u00e1micas de las arenas rojas, especialmente a la luz de la ma\u00f1ana, cuando las dunas se ti\u00f1en de tonos naranjas y rojos \u2022 Ciudad abandonada de Kolmanskop: Explore esta enigm\u00e1tica ciudad fantasma de mineros de diamantes, que poco a poco es engullida por el desierto, y sienta la atm\u00f3sfera del pasado en sus edificios abandonados \u2022 Parque Nacional Etosha: Sum\u00e9rjase en el mundo de la vida salvaje en uno de los parques m\u00e1s conocidos de Namibia, donde podr\u00e1 ver elefantes, jirafas, leones y muchos otros animales en su h\u00e1bitat natural \u2022 Kitmanshup y \u201cEl Parque de los Gigantes\u201d: Descubra formaciones geol\u00f3gicas inusuales y enormes bloques de basalto, donde la naturaleza crea maravillas en forma de majestuosas esculturas \u2022 Cultura del pueblo himba: Conozca el estilo de vida de esta tribu \u00fanica, cuyas tradiciones se han conservado pr\u00e1cticamente intactas, y aprenda sobre su cultura y costumbres en aldeas tradicionales *Le recordamos que nuestra compa\u00f1\u00eda no se encarga de la compra o venta de boletos de avi\u00f3n ni de la gesti\u00f3n de visas, por lo que no se hace responsable de imprevistos relacionados con vuelos y cruces de fronteras. Informaci\u00f3n importante: El horario de check-in y check-out est\u00e1 regulado por el hotel: check-in a partir de las 15:00, check-out hasta las 11-12:00. Puede dejar su equipaje en la recepci\u00f3n y pasear por la ciudad, o, si es posible, pagar por un check-in temprano\/check-out tard\u00edo. En Namibia pueden surgir dificultades para cambiar billetes peque\u00f1os, desgastados o antiguos (emitidos antes de 2009); en algunos lugares puede haber comisiones adicionales o negaci\u00f3n de cambio.","og_url":"https:\/\/mountainguides.pro\/es\/tours\/adventure\/namibia\/","og_site_name":"Mountain Guide","article_publisher":"https:\/\/www.facebook.com\/Mountainguide-232956566756831\/","article_modified_time":"2026-01-29T11:30:49+00:00","og_image":[{"width":1800,"height":1350,"url":"https:\/\/mountainguides.pro\/wp-content\/uploads\/2025\/01\/tur-v-namibiyu-2.jpeg","type":"image\/jpeg"}],"twitter_card":"summary_large_image","twitter_site":"@Wintercyclone","twitter_misc":{"Tiempo de lectura":"1 minuto"},"schema":{"@context":"https:\/\/schema.org","@graph":[{"@type":"WebPage","@id":"https:\/\/mountainguides.pro\/ar\/tours\/adventure\/namibia\/","url":"https:\/\/mountainguides.pro\/ar\/tours\/adventure\/namibia\/","name":"Adventure Namibia","isPartOf":{"@id":"https:\/\/mountainguides.pro\/#website"},"primaryImageOfPage":{"@id":"https:\/\/mountainguides.pro\/ar\/tours\/adventure\/namibia\/#primaryimage"},"image":{"@id":"https:\/\/mountainguides.pro\/ar\/tours\/adventure\/namibia\/#primaryimage"},"thumbnailUrl":"https:\/\/mountainguides.pro\/wp-content\/uploads\/2025\/01\/tur-v-namibiyu-2.jpeg","datePublished":"2025-01-07T21:43:59+00:00","dateModified":"2026-01-29T11:30:49+00:00","breadcrumb":{"@id":"https:\/\/mountainguides.pro\/ar\/tours\/adventure\/namibia\/#breadcrumb"},"inLanguage":"es","potentialAction":[{"@type":"ReadAction","target":["https:\/\/mountainguides.pro\/ar\/tours\/adventure\/namibia\/"]}]},{"@type":"ImageObject","inLanguage":"es","@id":"https:\/\/mountainguides.pro\/ar\/tours\/adventure\/namibia\/#primaryimage","url":"https:\/\/mountainguides.pro\/wp-content\/uploads\/2025\/01\/tur-v-namibiyu-2.jpeg","contentUrl":"https:\/\/mountainguides.pro\/wp-content\/uploads\/2025\/01\/tur-v-namibiyu-2.jpeg","width":1800,"height":1350},{"@type":"BreadcrumbList","@id":"https:\/\/mountainguides.pro\/ar\/tours\/adventure\/namibia\/#breadcrumb","itemListElement":[{"@type":"ListItem","position":1,"name":"Home","item":"https:\/\/mountainguides.pro\/de\/"},{"@type":"ListItem","position":2,"name":"\u062c\u0648\u0644\u0629 \u0646\u0627\u0645\u064a\u0628\u064a\u0627: \u062d\u062f\u064a\u0642\u0629 \u0625\u064a\u062a\u0648\u0634\u0627 \u0648\u0642\u0628\u0627\u0626\u0644 \u0647\u064a\u0645\u0628\u0627"}]},{"@type":"WebSite","@id":"https:\/\/mountainguides.pro\/#website","url":"https:\/\/mountainguides.pro\/","name":"Mountain Guide","description":"We aspire to be the first in everything!","publisher":{"@id":"https:\/\/mountainguides.pro\/#organization"},"potentialAction":[{"@type":"SearchAction","target":{"@type":"EntryPoint","urlTemplate":"https:\/\/mountainguides.pro\/?s={search_term_string}"},"query-input":{"@type":"PropertyValueSpecification","valueRequired":true,"valueName":"search_term_string"}}],"inLanguage":"es"},{"@type":"Organization","@id":"https:\/\/mountainguides.pro\/#organization","name":"Mountain Guide","url":"https:\/\/mountainguides.pro\/","logo":{"@type":"ImageObject","inLanguage":"es","@id":"https:\/\/mountainguides.pro\/#\/schema\/logo\/image\/","url":"https:\/\/mountainguides.pro\/wp-content\/uploads\/2018\/01\/mglogo.jpg","contentUrl":"https:\/\/mountainguides.pro\/wp-content\/uploads\/2018\/01\/mglogo.jpg","width":1200,"height":630,"caption":"Mountain Guide"},"image":{"@id":"https:\/\/mountainguides.pro\/#\/schema\/logo\/image\/"},"sameAs":["https:\/\/www.facebook.com\/Mountainguide-232956566756831\/","https:\/\/x.com\/Wintercyclone","http:\/\/instagram.com\/mountainguide","http:\/\/www.youtube.com\/mountainguide"]}]}},"_links":{"self":[{"href":"https:\/\/mountainguides.pro\/es\/wp-json\/wp\/v2\/product\/19547","targetHints":{"allow":["GET"]}}],"collection":[{"href":"https:\/\/mountainguides.pro\/es\/wp-json\/wp\/v2\/product"}],"about":[{"href":"https:\/\/mountainguides.pro\/es\/wp-json\/wp\/v2\/types\/product"}],"replies":[{"embeddable":true,"href":"https:\/\/mountainguides.pro\/es\/wp-json\/wp\/v2\/comments?post=19547"}],"version-history":[{"count":12,"href":"https:\/\/mountainguides.pro\/es\/wp-json\/wp\/v2\/product\/19547\/revisions"}],"predecessor-version":[{"id":32675,"href":"https:\/\/mountainguides.pro\/es\/wp-json\/wp\/v2\/product\/19547\/revisions\/32675"}],"wp:featuredmedia":[{"embeddable":true,"href":"https:\/\/mountainguides.pro\/es\/wp-json\/wp\/v2\/media\/21460"}],"wp:attachment":[{"href":"https:\/\/mountainguides.pro\/es\/wp-json\/wp\/v2\/media?parent=19547"}],"wp:term":[{"taxonomy":"product_cat","embeddable":true,"href":"https:\/\/mountainguides.pro\/es\/wp-json\/wp\/v2\/product_cat?post=19547"},{"taxonomy":"product_tag","embeddable":true,"href":"https:\/\/mountainguides.pro\/es\/wp-json\/wp\/v2\/product_tag?post=19547"}],"curies":[{"name":"wp","href":"https:\/\/api.w.org\/{rel}","templated":true}]}}