{"id":19770,"date":"2023-11-02T11:04:56","date_gmt":"2023-11-02T08:04:56","guid":{"rendered":"https:\/\/mountainguides.pro\/?post_type=product&#038;p=19770"},"modified":"2026-04-06T17:23:20","modified_gmt":"2026-04-06T14:23:20","slug":"authors-tour-of-morocco-with-climbing-toubkal","status":"publish","type":"product","link":"https:\/\/mountainguides.pro\/es\/tours\/trekking\/authors-tour-of-morocco-with-climbing-toubkal\/","title":{"rendered":"El ascenso de Toubkal y la cultura de Marruecos"},"content":{"rendered":"","protected":false},"excerpt":{"rendered":"<p class=\"p1\">*Tenga en cuenta que nuestra empresa no se dedica a la compra, venta de billetes de avi\u00f3n ni a la gesti\u00f3n de permisos de visado, por lo que no se responsabiliza en caso de fuerza mayor relacionada con vuelos o el cruce de fronteras.<\/p>\n<p class=\"p1\">En \u00c1frica, existen ciertas dificultades para cambiar billetes de d\u00f3lar peque\u00f1os, deteriorados o antiguos (emitido<\/p>\n","protected":false},"featured_media":19772,"comment_status":"closed","ping_status":"closed","template":"","meta":{"_acf_changed":false,"footnotes":""},"product_cat":[337,321],"product_tag":[],"class_list":{"0":"post-19770","1":"product","2":"type-product","3":"status-publish","4":"has-post-thumbnail","6":"product_cat-adventure","7":"product_cat-trekking","9":"first","10":"instock","11":"shipping-taxable","12":"purchasable","13":"product-type-simple"},"acf":[],"yoast_head":"<!-- This site is optimized with the Yoast SEO Premium plugin v26.5 (Yoast SEO v27.3) - https:\/\/yoast.com\/product\/yoast-seo-premium-wordpress\/ -->\n<title>Trekking Morocco climbing Toubkal<\/title>\n<meta name=\"robots\" content=\"index, follow, max-snippet:-1, max-image-preview:large, max-video-preview:-1\" \/>\n<link rel=\"canonical\" href=\"https:\/\/mountainguides.pro\/es\/tours\/trekking\/authors-tour-of-morocco-with-climbing-toubkal\/\" \/>\n<meta property=\"og:locale\" content=\"es_ES\" \/>\n<meta property=\"og:locale:alternate\" content=\"en_US\" \/>\n<meta property=\"og:locale:alternate\" content=\"ru_RU\" \/>\n<meta property=\"og:locale:alternate\" content=\"de\" \/>\n<meta property=\"og:locale:alternate\" content=\"pt\" \/>\n<meta property=\"og:locale:alternate\" content=\"zh\" \/>\n<meta property=\"og:locale:alternate\" content=\"ko\" \/>\n<meta property=\"og:locale:alternate\" content=\"ja\" \/>\n<meta property=\"og:locale:alternate\" content=\"hi\" \/>\n<meta property=\"og:locale:alternate\" content=\"ar\" \/>\n<meta property=\"og:type\" content=\"article\" \/>\n<meta property=\"og:title\" content=\"El ascenso de Toubkal y la cultura de Marruecos\" \/>\n<meta property=\"og:description\" content=\"*Tenga en cuenta que nuestra empresa no se dedica a la compra, venta de billetes de avi\u00f3n ni a la gesti\u00f3n de permisos de visado, por lo que no se responsabiliza en caso de fuerza mayor relacionada con vuelos o el cruce de fronteras. En \u00c1frica, existen ciertas dificultades para cambiar billetes de d\u00f3lar peque\u00f1os, deteriorados o antiguos (emitido\" \/>\n<meta property=\"og:url\" content=\"https:\/\/mountainguides.pro\/es\/tours\/trekking\/authors-tour-of-morocco-with-climbing-toubkal\/\" \/>\n<meta property=\"og:site_name\" content=\"Mountain Guide\" \/>\n<meta property=\"article:publisher\" content=\"https:\/\/www.facebook.com\/Mountainguide-232956566756831\/\" \/>\n<meta property=\"article:modified_time\" content=\"2026-04-06T14:23:20+00:00\" \/>\n<meta property=\"og:image\" content=\"https:\/\/mountainguides.pro\/wp-content\/uploads\/2023\/11\/Morocco-Tubkal.jpeg\" \/>\n\t<meta property=\"og:image:width\" content=\"1600\" \/>\n\t<meta property=\"og:image:height\" content=\"1200\" \/>\n\t<meta property=\"og:image:type\" content=\"image\/jpeg\" \/>\n<meta name=\"twitter:card\" content=\"summary_large_image\" \/>\n<meta name=\"twitter:site\" content=\"@Wintercyclone\" \/>\n<meta name=\"twitter:label1\" content=\"Tiempo de lectura\" \/>\n\t<meta name=\"twitter:data1\" content=\"1 minuto\" \/>\n<script type=\"application\/ld+json\" class=\"yoast-schema-graph\">{\"@context\":\"https:\\\/\\\/schema.org\",\"@graph\":[{\"@type\":\"WebPage\",\"@id\":\"https:\\\/\\\/mountainguides.pro\\\/tours\\\/trekking\\\/authors-tour-of-morocco-with-climbing-toubkal\\\/\",\"url\":\"https:\\\/\\\/mountainguides.pro\\\/tours\\\/trekking\\\/authors-tour-of-morocco-with-climbing-toubkal\\\/\",\"name\":\"Trekking Morocco climbing Toubkal\",\"isPartOf\":{\"@id\":\"https:\\\/\\\/mountainguides.pro\\\/#website\"},\"primaryImageOfPage\":{\"@id\":\"https:\\\/\\\/mountainguides.pro\\\/tours\\\/trekking\\\/authors-tour-of-morocco-with-climbing-toubkal\\\/#primaryimage\"},\"image\":{\"@id\":\"https:\\\/\\\/mountainguides.pro\\\/tours\\\/trekking\\\/authors-tour-of-morocco-with-climbing-toubkal\\\/#primaryimage\"},\"thumbnailUrl\":\"https:\\\/\\\/mountainguides.pro\\\/wp-content\\\/uploads\\\/2023\\\/11\\\/Morocco-Tubkal.jpeg\",\"datePublished\":\"2023-11-02T08:04:56+00:00\",\"dateModified\":\"2026-04-06T14:23:20+00:00\",\"breadcrumb\":{\"@id\":\"https:\\\/\\\/mountainguides.pro\\\/tours\\\/trekking\\\/authors-tour-of-morocco-with-climbing-toubkal\\\/#breadcrumb\"},\"inLanguage\":\"es\",\"potentialAction\":[{\"@type\":\"ReadAction\",\"target\":[\"https:\\\/\\\/mountainguides.pro\\\/tours\\\/trekking\\\/authors-tour-of-morocco-with-climbing-toubkal\\\/\"]}]},{\"@type\":\"ImageObject\",\"inLanguage\":\"es\",\"@id\":\"https:\\\/\\\/mountainguides.pro\\\/tours\\\/trekking\\\/authors-tour-of-morocco-with-climbing-toubkal\\\/#primaryimage\",\"url\":\"https:\\\/\\\/mountainguides.pro\\\/wp-content\\\/uploads\\\/2023\\\/11\\\/Morocco-Tubkal.jpeg\",\"contentUrl\":\"https:\\\/\\\/mountainguides.pro\\\/wp-content\\\/uploads\\\/2023\\\/11\\\/Morocco-Tubkal.jpeg\",\"width\":1600,\"height\":1200},{\"@type\":\"BreadcrumbList\",\"@id\":\"https:\\\/\\\/mountainguides.pro\\\/tours\\\/trekking\\\/authors-tour-of-morocco-with-climbing-toubkal\\\/#breadcrumb\",\"itemListElement\":[{\"@type\":\"ListItem\",\"position\":1,\"name\":\"Home\",\"item\":\"https:\\\/\\\/mountainguides.pro\\\/de\\\/\"},{\"@type\":\"ListItem\",\"position\":2,\"name\":\"Author&#8217;s tour of Morocco with climbing Toubkal\"}]},{\"@type\":\"WebSite\",\"@id\":\"https:\\\/\\\/mountainguides.pro\\\/#website\",\"url\":\"https:\\\/\\\/mountainguides.pro\\\/\",\"name\":\"Mountain Guide\",\"description\":\"We aspire to be the first in everything!\",\"publisher\":{\"@id\":\"https:\\\/\\\/mountainguides.pro\\\/#organization\"},\"potentialAction\":[{\"@type\":\"SearchAction\",\"target\":{\"@type\":\"EntryPoint\",\"urlTemplate\":\"https:\\\/\\\/mountainguides.pro\\\/?s={search_term_string}\"},\"query-input\":{\"@type\":\"PropertyValueSpecification\",\"valueRequired\":true,\"valueName\":\"search_term_string\"}}],\"inLanguage\":\"es\"},{\"@type\":\"Organization\",\"@id\":\"https:\\\/\\\/mountainguides.pro\\\/#organization\",\"name\":\"Mountain Guide\",\"url\":\"https:\\\/\\\/mountainguides.pro\\\/\",\"logo\":{\"@type\":\"ImageObject\",\"inLanguage\":\"es\",\"@id\":\"https:\\\/\\\/mountainguides.pro\\\/#\\\/schema\\\/logo\\\/image\\\/\",\"url\":\"https:\\\/\\\/mountainguides.pro\\\/wp-content\\\/uploads\\\/2018\\\/01\\\/mglogo.jpg\",\"contentUrl\":\"https:\\\/\\\/mountainguides.pro\\\/wp-content\\\/uploads\\\/2018\\\/01\\\/mglogo.jpg\",\"width\":1200,\"height\":630,\"caption\":\"Mountain Guide\"},\"image\":{\"@id\":\"https:\\\/\\\/mountainguides.pro\\\/#\\\/schema\\\/logo\\\/image\\\/\"},\"sameAs\":[\"https:\\\/\\\/www.facebook.com\\\/Mountainguide-232956566756831\\\/\",\"https:\\\/\\\/x.com\\\/Wintercyclone\",\"http:\\\/\\\/instagram.com\\\/mountainguide\",\"http:\\\/\\\/www.youtube.com\\\/mountainguide\"]}]}<\/script>\n<!-- \/ Yoast SEO Premium plugin. -->","yoast_head_json":{"title":"Trekking Morocco climbing Toubkal","robots":{"index":"index","follow":"follow","max-snippet":"max-snippet:-1","max-image-preview":"max-image-preview:large","max-video-preview":"max-video-preview:-1"},"canonical":"https:\/\/mountainguides.pro\/es\/tours\/trekking\/authors-tour-of-morocco-with-climbing-toubkal\/","og_locale":"es_ES","og_type":"article","og_title":"[:en]Author's tour of Morocco with climbing Toubkal[:de]Toubkal-Aufstieg und marokkanische Kultur[:es]El ascenso de Toubkal y la cultura de Marruecos[:pt]A escalada de Toubkal e a cultura marroquina[:zh]\u6500\u767b\u56fe\u535c\u5361\u52d2\u5cf0\u548c\u6469\u6d1b\u54e5\u6587\u5316[:ko]\ud22c\ube0c\uce7c \ub4f1\ubc18\uacfc \ubaa8\ub85c\ucf54 \ubb38\ud654[:ja]\u30c8\u30a5\u30d6\u30ab\u30eb\u306e\u767b\u5c71\u3068\u30e2\u30ed\u30c3\u30b3\u306e\u6587\u5316[:hi]\u091a\u0922\u093c\u093e\u0908 \u091f\u0942\u092c\u0915\u0932 \u0914\u0930 \u092e\u094b\u0930\u0915\u094d\u0915\u094b \u0915\u0940 \u0938\u0902\u0938\u094d\u0915\u0943\u0924\u093f[:ar]\u062a\u0633\u0644\u0642 \u062a\u0648\u0628\u0642\u0627\u0644 \u0648\u062b\u0642\u0627\u0641\u0629 \u0627\u0644\u0645\u063a\u0631\u0628[:]","og_description":"*Tenga en cuenta que nuestra empresa no se dedica a la compra, venta de billetes de avi\u00f3n ni a la gesti\u00f3n de permisos de visado, por lo que no se responsabiliza en caso de fuerza mayor relacionada con vuelos o el cruce de fronteras. En \u00c1frica, existen ciertas dificultades para cambiar billetes de d\u00f3lar peque\u00f1os, deteriorados o antiguos (emitido","og_url":"https:\/\/mountainguides.pro\/es\/tours\/trekking\/authors-tour-of-morocco-with-climbing-toubkal\/","og_site_name":"Mountain Guide","article_publisher":"https:\/\/www.facebook.com\/Mountainguide-232956566756831\/","article_modified_time":"2026-04-06T14:23:20+00:00","og_image":[{"width":1600,"height":1200,"url":"https:\/\/mountainguides.pro\/wp-content\/uploads\/2023\/11\/Morocco-Tubkal.jpeg","type":"image\/jpeg"}],"twitter_card":"summary_large_image","twitter_site":"@Wintercyclone","twitter_misc":{"Tiempo de lectura":"1 minuto"},"schema":{"@context":"https:\/\/schema.org","@graph":[{"@type":"WebPage","@id":"https:\/\/mountainguides.pro\/tours\/trekking\/authors-tour-of-morocco-with-climbing-toubkal\/","url":"https:\/\/mountainguides.pro\/tours\/trekking\/authors-tour-of-morocco-with-climbing-toubkal\/","name":"Trekking Morocco climbing Toubkal","isPartOf":{"@id":"https:\/\/mountainguides.pro\/#website"},"primaryImageOfPage":{"@id":"https:\/\/mountainguides.pro\/tours\/trekking\/authors-tour-of-morocco-with-climbing-toubkal\/#primaryimage"},"image":{"@id":"https:\/\/mountainguides.pro\/tours\/trekking\/authors-tour-of-morocco-with-climbing-toubkal\/#primaryimage"},"thumbnailUrl":"https:\/\/mountainguides.pro\/wp-content\/uploads\/2023\/11\/Morocco-Tubkal.jpeg","datePublished":"2023-11-02T08:04:56+00:00","dateModified":"2026-04-06T14:23:20+00:00","breadcrumb":{"@id":"https:\/\/mountainguides.pro\/tours\/trekking\/authors-tour-of-morocco-with-climbing-toubkal\/#breadcrumb"},"inLanguage":"es","potentialAction":[{"@type":"ReadAction","target":["https:\/\/mountainguides.pro\/tours\/trekking\/authors-tour-of-morocco-with-climbing-toubkal\/"]}]},{"@type":"ImageObject","inLanguage":"es","@id":"https:\/\/mountainguides.pro\/tours\/trekking\/authors-tour-of-morocco-with-climbing-toubkal\/#primaryimage","url":"https:\/\/mountainguides.pro\/wp-content\/uploads\/2023\/11\/Morocco-Tubkal.jpeg","contentUrl":"https:\/\/mountainguides.pro\/wp-content\/uploads\/2023\/11\/Morocco-Tubkal.jpeg","width":1600,"height":1200},{"@type":"BreadcrumbList","@id":"https:\/\/mountainguides.pro\/tours\/trekking\/authors-tour-of-morocco-with-climbing-toubkal\/#breadcrumb","itemListElement":[{"@type":"ListItem","position":1,"name":"Home","item":"https:\/\/mountainguides.pro\/de\/"},{"@type":"ListItem","position":2,"name":"Author&#8217;s tour of Morocco with climbing Toubkal"}]},{"@type":"WebSite","@id":"https:\/\/mountainguides.pro\/#website","url":"https:\/\/mountainguides.pro\/","name":"Mountain Guide","description":"We aspire to be the first in everything!","publisher":{"@id":"https:\/\/mountainguides.pro\/#organization"},"potentialAction":[{"@type":"SearchAction","target":{"@type":"EntryPoint","urlTemplate":"https:\/\/mountainguides.pro\/?s={search_term_string}"},"query-input":{"@type":"PropertyValueSpecification","valueRequired":true,"valueName":"search_term_string"}}],"inLanguage":"es"},{"@type":"Organization","@id":"https:\/\/mountainguides.pro\/#organization","name":"Mountain Guide","url":"https:\/\/mountainguides.pro\/","logo":{"@type":"ImageObject","inLanguage":"es","@id":"https:\/\/mountainguides.pro\/#\/schema\/logo\/image\/","url":"https:\/\/mountainguides.pro\/wp-content\/uploads\/2018\/01\/mglogo.jpg","contentUrl":"https:\/\/mountainguides.pro\/wp-content\/uploads\/2018\/01\/mglogo.jpg","width":1200,"height":630,"caption":"Mountain Guide"},"image":{"@id":"https:\/\/mountainguides.pro\/#\/schema\/logo\/image\/"},"sameAs":["https:\/\/www.facebook.com\/Mountainguide-232956566756831\/","https:\/\/x.com\/Wintercyclone","http:\/\/instagram.com\/mountainguide","http:\/\/www.youtube.com\/mountainguide"]}]}},"_links":{"self":[{"href":"https:\/\/mountainguides.pro\/es\/wp-json\/wp\/v2\/product\/19770","targetHints":{"allow":["GET"]}}],"collection":[{"href":"https:\/\/mountainguides.pro\/es\/wp-json\/wp\/v2\/product"}],"about":[{"href":"https:\/\/mountainguides.pro\/es\/wp-json\/wp\/v2\/types\/product"}],"replies":[{"embeddable":true,"href":"https:\/\/mountainguides.pro\/es\/wp-json\/wp\/v2\/comments?post=19770"}],"version-history":[{"count":13,"href":"https:\/\/mountainguides.pro\/es\/wp-json\/wp\/v2\/product\/19770\/revisions"}],"predecessor-version":[{"id":33371,"href":"https:\/\/mountainguides.pro\/es\/wp-json\/wp\/v2\/product\/19770\/revisions\/33371"}],"wp:featuredmedia":[{"embeddable":true,"href":"https:\/\/mountainguides.pro\/es\/wp-json\/wp\/v2\/media\/19772"}],"wp:attachment":[{"href":"https:\/\/mountainguides.pro\/es\/wp-json\/wp\/v2\/media?parent=19770"}],"wp:term":[{"taxonomy":"product_cat","embeddable":true,"href":"https:\/\/mountainguides.pro\/es\/wp-json\/wp\/v2\/product_cat?post=19770"},{"taxonomy":"product_tag","embeddable":true,"href":"https:\/\/mountainguides.pro\/es\/wp-json\/wp\/v2\/product_tag?post=19770"}],"curies":[{"name":"wp","href":"https:\/\/api.w.org\/{rel}","templated":true}]}}