{"id":19788,"date":"2023-11-02T12:23:49","date_gmt":"2023-11-02T09:23:49","guid":{"rendered":"https:\/\/mountainguides.pro\/?post_type=product&#038;p=19788"},"modified":"2026-04-06T17:14:45","modified_gmt":"2026-04-06T14:14:45","slug":"brazil-amazon","status":"publish","type":"product","link":"https:\/\/mountainguides.pro\/es\/tours\/adventure\/brazil-amazon\/","title":{"rendered":"Viaje al Amazonas: Brasil, Venezuela, Panam\u00e1"},"content":{"rendered":"","protected":false},"excerpt":{"rendered":"<p class=\"p1\">\u2022 Tres pa\u00edses en un solo viaje: Brasil, Venezuela, Panam\u00e1<\/p>\n<p class=\"p1\">\u2022 Trekking en Roraima con paisajes impresionantes del \u201cMundo Perdido\u201d<\/p>\n<p class=\"p1\">\u2022 Privacidad en playas tropicales y exploraci\u00f3n de la naturaleza intacta<\/p>\n<p class=\"p1\">\u2022 Exploraci\u00f3n del archipi\u00e9lago caribe\u00f1o de Bocas del Toro, incluyendo la visita a la Isla de las Ranas Rojas<\/p>\n<p class=\"p1\">\u2022 Viaje a la Cascada \u00c1ngel, la cascada m\u00e1s alta del mundo<\/p>\n<p class=\"p1\">**Atenci\u00f3n: nuestra empresa no se encarga de la compra, venta de boletos de avi\u00f3n ni de la tramitaci\u00f3n de visas, por lo que no se responsabiliza en caso de fuerza mayor relacionada con vuelos o cruces de fronteras.<\/p>\n<p class=\"p1\"><strong>Informaci\u00f3n importante:<\/strong><\/p>\n<p class=\"p1\">\u2022 Los horarios de check-in y check-out est\u00e1n regulados por el hotel: check-in a partir de las 15:00, salida hasta las 11-12 horas. El equipaje se puede dejar en la recepci\u00f3n del hotel para pasear por la ciudad o, si hay disponibilidad t\u00e9cnica, pagar por entrada anticipada\/salida tard\u00eda.<\/p>\n<p class=\"p1\">\u2022 El viaje tiene car\u00e1cter de expedici\u00f3n: incluye interacci\u00f3n con tribus y comunidades locales, as\u00ed como cierta dependencia de las condiciones clim\u00e1ticas. Se har\u00e1 el m\u00e1ximo esfuerzo por seguir el itinerario presentado, pero nos reservamos el derecho de hacer cambios debido a circunstancias fuera de nuestro control.<\/p>\n","protected":false},"featured_media":19789,"comment_status":"closed","ping_status":"closed","template":"","meta":{"_acf_changed":false,"footnotes":""},"product_cat":[337],"product_tag":[],"class_list":{"0":"post-19788","1":"product","2":"type-product","3":"status-publish","4":"has-post-thumbnail","6":"product_cat-adventure","8":"first","9":"instock","10":"shipping-taxable","11":"product-type-simple"},"acf":[],"yoast_head":"<!-- This site is optimized with the Yoast SEO Premium plugin v26.5 (Yoast SEO v27.3) - https:\/\/yoast.com\/product\/yoast-seo-premium-wordpress\/ -->\n<title>Adventure Brazil Amazon<\/title>\n<meta name=\"robots\" content=\"index, follow, max-snippet:-1, max-image-preview:large, max-video-preview:-1\" \/>\n<link rel=\"canonical\" href=\"https:\/\/mountainguides.pro\/es\/tours\/adventure\/brazil-amazon\/\" \/>\n<meta property=\"og:locale\" content=\"es_ES\" \/>\n<meta property=\"og:locale:alternate\" content=\"en_US\" \/>\n<meta property=\"og:locale:alternate\" content=\"ru_RU\" \/>\n<meta property=\"og:locale:alternate\" content=\"de\" \/>\n<meta property=\"og:locale:alternate\" content=\"pt\" \/>\n<meta property=\"og:locale:alternate\" content=\"zh\" \/>\n<meta property=\"og:locale:alternate\" content=\"ko\" \/>\n<meta property=\"og:locale:alternate\" content=\"ja\" \/>\n<meta property=\"og:locale:alternate\" content=\"hi\" \/>\n<meta property=\"og:locale:alternate\" content=\"ar\" \/>\n<meta property=\"og:type\" content=\"article\" \/>\n<meta property=\"og:title\" content=\"Viaje al Amazonas: Brasil, Venezuela, Panam\u00e1\" \/>\n<meta property=\"og:description\" content=\"\u2022 Tres pa\u00edses en un solo viaje: Brasil, Venezuela, Panam\u00e1 \u2022 Trekking en Roraima con paisajes impresionantes del \u201cMundo Perdido\u201d \u2022 Privacidad en playas tropicales y exploraci\u00f3n de la naturaleza intacta \u2022 Exploraci\u00f3n del archipi\u00e9lago caribe\u00f1o de Bocas del Toro, incluyendo la visita a la Isla de las Ranas Rojas \u2022 Viaje a la Cascada \u00c1ngel, la cascada m\u00e1s alta del mundo **Atenci\u00f3n: nuestra empresa no se encarga de la compra, venta de boletos de avi\u00f3n ni de la tramitaci\u00f3n de visas, por lo que no se responsabiliza en caso de fuerza mayor relacionada con vuelos o cruces de fronteras. Informaci\u00f3n importante: \u2022 Los horarios de check-in y check-out est\u00e1n regulados por el hotel: check-in a partir de las 15:00, salida hasta las 11-12 horas. El equipaje se puede dejar en la recepci\u00f3n del hotel para pasear por la ciudad o, si hay disponibilidad t\u00e9cnica, pagar por entrada anticipada\/salida tard\u00eda. \u2022 El viaje tiene car\u00e1cter de expedici\u00f3n: incluye interacci\u00f3n con tribus y comunidades locales, as\u00ed como cierta dependencia de las condiciones clim\u00e1ticas. Se har\u00e1 el m\u00e1ximo esfuerzo por seguir el itinerario presentado, pero nos reservamos el derecho de hacer cambios debido a circunstancias fuera de nuestro control.\" \/>\n<meta property=\"og:url\" content=\"https:\/\/mountainguides.pro\/es\/tours\/adventure\/brazil-amazon\/\" \/>\n<meta property=\"og:site_name\" content=\"Mountain Guide\" \/>\n<meta property=\"article:publisher\" content=\"https:\/\/www.facebook.com\/Mountainguide-232956566756831\/\" \/>\n<meta property=\"article:modified_time\" content=\"2026-04-06T14:14:45+00:00\" \/>\n<meta property=\"og:image\" content=\"https:\/\/mountainguides.pro\/wp-content\/uploads\/2023\/11\/Brazil-Amazon.webp\" \/>\n\t<meta property=\"og:image:width\" content=\"1335\" \/>\n\t<meta property=\"og:image:height\" content=\"1780\" \/>\n\t<meta property=\"og:image:type\" content=\"image\/webp\" \/>\n<meta name=\"twitter:card\" content=\"summary_large_image\" \/>\n<meta name=\"twitter:site\" content=\"@Wintercyclone\" \/>\n<meta name=\"twitter:label1\" content=\"Tiempo de lectura\" \/>\n\t<meta name=\"twitter:data1\" content=\"1 minuto\" \/>\n<script type=\"application\/ld+json\" class=\"yoast-schema-graph\">{\"@context\":\"https:\\\/\\\/schema.org\",\"@graph\":[{\"@type\":\"WebPage\",\"@id\":\"https:\\\/\\\/mountainguides.pro\\\/tours\\\/adventure\\\/brazil-amazon\\\/\",\"url\":\"https:\\\/\\\/mountainguides.pro\\\/tours\\\/adventure\\\/brazil-amazon\\\/\",\"name\":\"Adventure Brazil Amazon\",\"isPartOf\":{\"@id\":\"https:\\\/\\\/mountainguides.pro\\\/#website\"},\"primaryImageOfPage\":{\"@id\":\"https:\\\/\\\/mountainguides.pro\\\/tours\\\/adventure\\\/brazil-amazon\\\/#primaryimage\"},\"image\":{\"@id\":\"https:\\\/\\\/mountainguides.pro\\\/tours\\\/adventure\\\/brazil-amazon\\\/#primaryimage\"},\"thumbnailUrl\":\"https:\\\/\\\/mountainguides.pro\\\/wp-content\\\/uploads\\\/2023\\\/11\\\/Brazil-Amazon.webp\",\"datePublished\":\"2023-11-02T09:23:49+00:00\",\"dateModified\":\"2026-04-06T14:14:45+00:00\",\"breadcrumb\":{\"@id\":\"https:\\\/\\\/mountainguides.pro\\\/tours\\\/adventure\\\/brazil-amazon\\\/#breadcrumb\"},\"inLanguage\":\"es\",\"potentialAction\":[{\"@type\":\"ReadAction\",\"target\":[\"https:\\\/\\\/mountainguides.pro\\\/tours\\\/adventure\\\/brazil-amazon\\\/\"]}]},{\"@type\":\"ImageObject\",\"inLanguage\":\"es\",\"@id\":\"https:\\\/\\\/mountainguides.pro\\\/tours\\\/adventure\\\/brazil-amazon\\\/#primaryimage\",\"url\":\"https:\\\/\\\/mountainguides.pro\\\/wp-content\\\/uploads\\\/2023\\\/11\\\/Brazil-Amazon.webp\",\"contentUrl\":\"https:\\\/\\\/mountainguides.pro\\\/wp-content\\\/uploads\\\/2023\\\/11\\\/Brazil-Amazon.webp\",\"width\":1335,\"height\":1780},{\"@type\":\"BreadcrumbList\",\"@id\":\"https:\\\/\\\/mountainguides.pro\\\/tours\\\/adventure\\\/brazil-amazon\\\/#breadcrumb\",\"itemListElement\":[{\"@type\":\"ListItem\",\"position\":1,\"name\":\"Home\",\"item\":\"https:\\\/\\\/mountainguides.pro\\\/de\\\/\"},{\"@type\":\"ListItem\",\"position\":2,\"name\":\"Brazil: Amazon\"}]},{\"@type\":\"WebSite\",\"@id\":\"https:\\\/\\\/mountainguides.pro\\\/#website\",\"url\":\"https:\\\/\\\/mountainguides.pro\\\/\",\"name\":\"Mountain Guide\",\"description\":\"We aspire to be the first in everything!\",\"publisher\":{\"@id\":\"https:\\\/\\\/mountainguides.pro\\\/#organization\"},\"potentialAction\":[{\"@type\":\"SearchAction\",\"target\":{\"@type\":\"EntryPoint\",\"urlTemplate\":\"https:\\\/\\\/mountainguides.pro\\\/?s={search_term_string}\"},\"query-input\":{\"@type\":\"PropertyValueSpecification\",\"valueRequired\":true,\"valueName\":\"search_term_string\"}}],\"inLanguage\":\"es\"},{\"@type\":\"Organization\",\"@id\":\"https:\\\/\\\/mountainguides.pro\\\/#organization\",\"name\":\"Mountain Guide\",\"url\":\"https:\\\/\\\/mountainguides.pro\\\/\",\"logo\":{\"@type\":\"ImageObject\",\"inLanguage\":\"es\",\"@id\":\"https:\\\/\\\/mountainguides.pro\\\/#\\\/schema\\\/logo\\\/image\\\/\",\"url\":\"https:\\\/\\\/mountainguides.pro\\\/wp-content\\\/uploads\\\/2018\\\/01\\\/mglogo.jpg\",\"contentUrl\":\"https:\\\/\\\/mountainguides.pro\\\/wp-content\\\/uploads\\\/2018\\\/01\\\/mglogo.jpg\",\"width\":1200,\"height\":630,\"caption\":\"Mountain Guide\"},\"image\":{\"@id\":\"https:\\\/\\\/mountainguides.pro\\\/#\\\/schema\\\/logo\\\/image\\\/\"},\"sameAs\":[\"https:\\\/\\\/www.facebook.com\\\/Mountainguide-232956566756831\\\/\",\"https:\\\/\\\/x.com\\\/Wintercyclone\",\"http:\\\/\\\/instagram.com\\\/mountainguide\",\"http:\\\/\\\/www.youtube.com\\\/mountainguide\"]}]}<\/script>\n<!-- \/ Yoast SEO Premium plugin. -->","yoast_head_json":{"title":"Adventure Brazil Amazon","robots":{"index":"index","follow":"follow","max-snippet":"max-snippet:-1","max-image-preview":"max-image-preview:large","max-video-preview":"max-video-preview:-1"},"canonical":"https:\/\/mountainguides.pro\/es\/tours\/adventure\/brazil-amazon\/","og_locale":"es_ES","og_type":"article","og_title":"[:en]Brazil: Amazon[:de]Tour zum Amazonas: Brasilien, Venezuela, Panama[:es]Viaje al Amazonas: Brasil, Venezuela, Panam\u00e1[:pt]Viagem \u00e0 Amaz\u00f4nia: Brasil, Venezuela, Panam\u00e1[:zh]\u4e9a\u9a6c\u900a\u4e4b\u65c5\uff1a\u5df4\u897f\u3001\u59d4\u5185\u745e\u62c9\u3001\u5df4\u62ff\u9a6c[:ko]\uc544\ub9c8\uc874 \ud22c\uc5b4:\ube0c\ub77c\uc9c8,\ubca0\ub124\uc218\uc5d8\ub77c,\ud30c\ub098\ub9c8[:ja]\u30a2\u30de\u30be\u30f3\u30c4\u30a2\u30fc\uff1a\u30d6\u30e9\u30b8\u30eb\u3001\u30d9\u30cd\u30ba\u30a8\u30e9\u3001\u30d1\u30ca\u30de[:hi]\u0905\u092e\u0947\u091c\u093c\u0945\u0928 \u091f\u0942\u0930: \u092c\u094d\u0930\u093e\u091c\u0940\u0932, \u0935\u0947\u0928\u0947\u091c\u0941\u090f\u0932\u093e, \u092a\u0928\u093e\u092e\u093e[:ar]\u062c\u0648\u0644\u0629 \u0627\u0644\u0623\u0645\u0627\u0632\u0648\u0646: \u0627\u0644\u0628\u0631\u0627\u0632\u064a\u0644 \u0648\u0641\u0646\u0632\u0648\u064a\u0644\u0627 \u0648\u0628\u0646\u0645\u0627[:]","og_description":"\u2022 Tres pa\u00edses en un solo viaje: Brasil, Venezuela, Panam\u00e1 \u2022 Trekking en Roraima con paisajes impresionantes del \u201cMundo Perdido\u201d \u2022 Privacidad en playas tropicales y exploraci\u00f3n de la naturaleza intacta \u2022 Exploraci\u00f3n del archipi\u00e9lago caribe\u00f1o de Bocas del Toro, incluyendo la visita a la Isla de las Ranas Rojas \u2022 Viaje a la Cascada \u00c1ngel, la cascada m\u00e1s alta del mundo **Atenci\u00f3n: nuestra empresa no se encarga de la compra, venta de boletos de avi\u00f3n ni de la tramitaci\u00f3n de visas, por lo que no se responsabiliza en caso de fuerza mayor relacionada con vuelos o cruces de fronteras. Informaci\u00f3n importante: \u2022 Los horarios de check-in y check-out est\u00e1n regulados por el hotel: check-in a partir de las 15:00, salida hasta las 11-12 horas. El equipaje se puede dejar en la recepci\u00f3n del hotel para pasear por la ciudad o, si hay disponibilidad t\u00e9cnica, pagar por entrada anticipada\/salida tard\u00eda. \u2022 El viaje tiene car\u00e1cter de expedici\u00f3n: incluye interacci\u00f3n con tribus y comunidades locales, as\u00ed como cierta dependencia de las condiciones clim\u00e1ticas. Se har\u00e1 el m\u00e1ximo esfuerzo por seguir el itinerario presentado, pero nos reservamos el derecho de hacer cambios debido a circunstancias fuera de nuestro control.","og_url":"https:\/\/mountainguides.pro\/es\/tours\/adventure\/brazil-amazon\/","og_site_name":"Mountain Guide","article_publisher":"https:\/\/www.facebook.com\/Mountainguide-232956566756831\/","article_modified_time":"2026-04-06T14:14:45+00:00","og_image":[{"width":1335,"height":1780,"url":"https:\/\/mountainguides.pro\/wp-content\/uploads\/2023\/11\/Brazil-Amazon.webp","type":"image\/webp"}],"twitter_card":"summary_large_image","twitter_site":"@Wintercyclone","twitter_misc":{"Tiempo de lectura":"1 minuto"},"schema":{"@context":"https:\/\/schema.org","@graph":[{"@type":"WebPage","@id":"https:\/\/mountainguides.pro\/tours\/adventure\/brazil-amazon\/","url":"https:\/\/mountainguides.pro\/tours\/adventure\/brazil-amazon\/","name":"Adventure Brazil Amazon","isPartOf":{"@id":"https:\/\/mountainguides.pro\/#website"},"primaryImageOfPage":{"@id":"https:\/\/mountainguides.pro\/tours\/adventure\/brazil-amazon\/#primaryimage"},"image":{"@id":"https:\/\/mountainguides.pro\/tours\/adventure\/brazil-amazon\/#primaryimage"},"thumbnailUrl":"https:\/\/mountainguides.pro\/wp-content\/uploads\/2023\/11\/Brazil-Amazon.webp","datePublished":"2023-11-02T09:23:49+00:00","dateModified":"2026-04-06T14:14:45+00:00","breadcrumb":{"@id":"https:\/\/mountainguides.pro\/tours\/adventure\/brazil-amazon\/#breadcrumb"},"inLanguage":"es","potentialAction":[{"@type":"ReadAction","target":["https:\/\/mountainguides.pro\/tours\/adventure\/brazil-amazon\/"]}]},{"@type":"ImageObject","inLanguage":"es","@id":"https:\/\/mountainguides.pro\/tours\/adventure\/brazil-amazon\/#primaryimage","url":"https:\/\/mountainguides.pro\/wp-content\/uploads\/2023\/11\/Brazil-Amazon.webp","contentUrl":"https:\/\/mountainguides.pro\/wp-content\/uploads\/2023\/11\/Brazil-Amazon.webp","width":1335,"height":1780},{"@type":"BreadcrumbList","@id":"https:\/\/mountainguides.pro\/tours\/adventure\/brazil-amazon\/#breadcrumb","itemListElement":[{"@type":"ListItem","position":1,"name":"Home","item":"https:\/\/mountainguides.pro\/de\/"},{"@type":"ListItem","position":2,"name":"Brazil: Amazon"}]},{"@type":"WebSite","@id":"https:\/\/mountainguides.pro\/#website","url":"https:\/\/mountainguides.pro\/","name":"Mountain Guide","description":"We aspire to be the first in everything!","publisher":{"@id":"https:\/\/mountainguides.pro\/#organization"},"potentialAction":[{"@type":"SearchAction","target":{"@type":"EntryPoint","urlTemplate":"https:\/\/mountainguides.pro\/?s={search_term_string}"},"query-input":{"@type":"PropertyValueSpecification","valueRequired":true,"valueName":"search_term_string"}}],"inLanguage":"es"},{"@type":"Organization","@id":"https:\/\/mountainguides.pro\/#organization","name":"Mountain Guide","url":"https:\/\/mountainguides.pro\/","logo":{"@type":"ImageObject","inLanguage":"es","@id":"https:\/\/mountainguides.pro\/#\/schema\/logo\/image\/","url":"https:\/\/mountainguides.pro\/wp-content\/uploads\/2018\/01\/mglogo.jpg","contentUrl":"https:\/\/mountainguides.pro\/wp-content\/uploads\/2018\/01\/mglogo.jpg","width":1200,"height":630,"caption":"Mountain Guide"},"image":{"@id":"https:\/\/mountainguides.pro\/#\/schema\/logo\/image\/"},"sameAs":["https:\/\/www.facebook.com\/Mountainguide-232956566756831\/","https:\/\/x.com\/Wintercyclone","http:\/\/instagram.com\/mountainguide","http:\/\/www.youtube.com\/mountainguide"]}]}},"_links":{"self":[{"href":"https:\/\/mountainguides.pro\/es\/wp-json\/wp\/v2\/product\/19788","targetHints":{"allow":["GET"]}}],"collection":[{"href":"https:\/\/mountainguides.pro\/es\/wp-json\/wp\/v2\/product"}],"about":[{"href":"https:\/\/mountainguides.pro\/es\/wp-json\/wp\/v2\/types\/product"}],"replies":[{"embeddable":true,"href":"https:\/\/mountainguides.pro\/es\/wp-json\/wp\/v2\/comments?post=19788"}],"version-history":[{"count":15,"href":"https:\/\/mountainguides.pro\/es\/wp-json\/wp\/v2\/product\/19788\/revisions"}],"predecessor-version":[{"id":33366,"href":"https:\/\/mountainguides.pro\/es\/wp-json\/wp\/v2\/product\/19788\/revisions\/33366"}],"wp:featuredmedia":[{"embeddable":true,"href":"https:\/\/mountainguides.pro\/es\/wp-json\/wp\/v2\/media\/19789"}],"wp:attachment":[{"href":"https:\/\/mountainguides.pro\/es\/wp-json\/wp\/v2\/media?parent=19788"}],"wp:term":[{"taxonomy":"product_cat","embeddable":true,"href":"https:\/\/mountainguides.pro\/es\/wp-json\/wp\/v2\/product_cat?post=19788"},{"taxonomy":"product_tag","embeddable":true,"href":"https:\/\/mountainguides.pro\/es\/wp-json\/wp\/v2\/product_tag?post=19788"}],"curies":[{"name":"wp","href":"https:\/\/api.w.org\/{rel}","templated":true}]}}