{"id":21089,"date":"2025-01-08T16:48:54","date_gmt":"2025-01-08T13:48:54","guid":{"rendered":"https:\/\/mountainguides.pro\/?post_type=product&#038;p=21089"},"modified":"2026-01-29T14:11:28","modified_gmt":"2026-01-29T11:11:28","slug":"trekking-to-nanga-parbat-base-camp","status":"publish","type":"product","link":"https:\/\/mountainguides.pro\/es\/tours\/trekking\/trekking-to-nanga-parbat-base-camp\/","title":{"rendered":"Trekking al campamento base de Nanga Parbat"},"content":{"rendered":"","protected":false},"excerpt":{"rendered":"<p class=\"p1\">Trekking al campamento base del Nanga Parbat en Pakist\u00e1n: es una oportunidad \u00fanica para ver cinco de los catorce ochomiles que existen en el mundo. Adem\u00e1s, una oferta exclusiva de nuestra compa\u00f1\u00eda: \u00a1pernoctaci\u00f3n en el campamento base del K2! Por si fuera poco, el vuelo interno ya est\u00e1 incluido en el precio del trekking al campamento base del K2 en Pakist\u00e1n.<\/p>\n<p class=\"p1\">*Atenci\u00f3n: nuestra empresa no se dedica a la compra, venta de boletos de avi\u00f3n ni a la gesti\u00f3n de visados, por lo que no se hace responsable de imprevistos relacionados con vuelos y pasos fronterizos.<\/p>\n<p class=\"p1\">Informaci\u00f3n importante:<\/p>\n<p class=\"p1\">Al elegir el seguro, aseg\u00farese de que incluya cobertura para evacuaci\u00f3n en helic\u00f3ptero con un monto m\u00ednimo de 40\u202f000\u202f$, ya que un helic\u00f3ptero en Pakist\u00e1n cuesta aproximadamente 37\u202f000\u202f$.<\/p>\n","protected":false},"featured_media":0,"comment_status":"closed","ping_status":"closed","template":"","meta":{"_acf_changed":false,"footnotes":""},"product_cat":[321],"product_tag":[],"class_list":{"0":"post-21089","1":"product","2":"type-product","3":"status-publish","5":"product_cat-trekking","7":"first","8":"instock","9":"shipping-taxable","10":"product-type-simple"},"acf":[],"yoast_head":"<!-- This site is optimized with the Yoast SEO Premium plugin v26.5 (Yoast SEO v27.6) - https:\/\/yoast.com\/product\/yoast-seo-premium-wordpress\/ -->\n<title>Trekking to Nanga Parbat BC<\/title>\n<meta name=\"robots\" content=\"index, follow, max-snippet:-1, max-image-preview:large, max-video-preview:-1\" \/>\n<link rel=\"canonical\" href=\"https:\/\/mountainguides.pro\/es\/tours\/trekking\/trekking-to-nanga-parbat-base-camp\/\" \/>\n<meta property=\"og:locale\" content=\"es_ES\" \/>\n<meta property=\"og:locale:alternate\" content=\"en_US\" \/>\n<meta property=\"og:locale:alternate\" content=\"ru_RU\" \/>\n<meta property=\"og:locale:alternate\" content=\"de\" \/>\n<meta property=\"og:locale:alternate\" content=\"pt\" \/>\n<meta property=\"og:locale:alternate\" content=\"zh\" \/>\n<meta property=\"og:locale:alternate\" content=\"ko\" \/>\n<meta property=\"og:locale:alternate\" content=\"ja\" \/>\n<meta property=\"og:locale:alternate\" content=\"hi\" \/>\n<meta property=\"og:locale:alternate\" content=\"ar\" \/>\n<meta property=\"og:type\" content=\"article\" \/>\n<meta property=\"og:title\" content=\"Trekking al campamento base de Nanga Parbat\" \/>\n<meta property=\"og:description\" content=\"Trekking al campamento base del Nanga Parbat en Pakist\u00e1n: es una oportunidad \u00fanica para ver cinco de los catorce ochomiles que existen en el mundo. Adem\u00e1s, una oferta exclusiva de nuestra compa\u00f1\u00eda: \u00a1pernoctaci\u00f3n en el campamento base del K2! Por si fuera poco, el vuelo interno ya est\u00e1 incluido en el precio del trekking al campamento base del K2 en Pakist\u00e1n. *Atenci\u00f3n: nuestra empresa no se dedica a la compra, venta de boletos de avi\u00f3n ni a la gesti\u00f3n de visados, por lo que no se hace responsable de imprevistos relacionados con vuelos y pasos fronterizos. Informaci\u00f3n importante: Al elegir el seguro, aseg\u00farese de que incluya cobertura para evacuaci\u00f3n en helic\u00f3ptero con un monto m\u00ednimo de 40\u202f000\u202f$, ya que un helic\u00f3ptero en Pakist\u00e1n cuesta aproximadamente 37\u202f000\u202f$.\" \/>\n<meta property=\"og:url\" content=\"https:\/\/mountainguides.pro\/es\/tours\/trekking\/trekking-to-nanga-parbat-base-camp\/\" \/>\n<meta property=\"og:site_name\" content=\"Mountain Guide\" \/>\n<meta property=\"article:publisher\" content=\"https:\/\/www.facebook.com\/Mountainguide-232956566756831\/\" \/>\n<meta property=\"article:modified_time\" content=\"2026-01-29T11:11:28+00:00\" \/>\n<meta property=\"og:image\" content=\"https:\/\/mountainguides.pro\/wp-content\/uploads\/2018\/01\/mglogo.jpg\" \/>\n\t<meta property=\"og:image:width\" content=\"1200\" \/>\n\t<meta property=\"og:image:height\" content=\"630\" \/>\n\t<meta property=\"og:image:type\" content=\"image\/jpeg\" \/>\n<meta name=\"twitter:card\" content=\"summary_large_image\" \/>\n<meta name=\"twitter:site\" content=\"@Wintercyclone\" \/>\n<script type=\"application\/ld+json\" class=\"yoast-schema-graph\">{\"@context\":\"https:\\\/\\\/schema.org\",\"@graph\":[{\"@type\":\"WebPage\",\"@id\":\"https:\\\/\\\/mountainguides.pro\\\/ar\\\/tours\\\/trekking\\\/trekking-to-nanga-parbat-base-camp\\\/\",\"url\":\"https:\\\/\\\/mountainguides.pro\\\/ar\\\/tours\\\/trekking\\\/trekking-to-nanga-parbat-base-camp\\\/\",\"name\":\"Trekking to Nanga Parbat BC\",\"isPartOf\":{\"@id\":\"https:\\\/\\\/mountainguides.pro\\\/#website\"},\"datePublished\":\"2025-01-08T13:48:54+00:00\",\"dateModified\":\"2026-01-29T11:11:28+00:00\",\"breadcrumb\":{\"@id\":\"https:\\\/\\\/mountainguides.pro\\\/ar\\\/tours\\\/trekking\\\/trekking-to-nanga-parbat-base-camp\\\/#breadcrumb\"},\"inLanguage\":\"es\",\"potentialAction\":[{\"@type\":\"ReadAction\",\"target\":[\"https:\\\/\\\/mountainguides.pro\\\/ar\\\/tours\\\/trekking\\\/trekking-to-nanga-parbat-base-camp\\\/\"]}]},{\"@type\":\"BreadcrumbList\",\"@id\":\"https:\\\/\\\/mountainguides.pro\\\/ar\\\/tours\\\/trekking\\\/trekking-to-nanga-parbat-base-camp\\\/#breadcrumb\",\"itemListElement\":[{\"@type\":\"ListItem\",\"position\":1,\"name\":\"Home\",\"item\":\"https:\\\/\\\/mountainguides.pro\\\/de\\\/\"},{\"@type\":\"ListItem\",\"position\":2,\"name\":\"\u0646\u0627\u0646\u063a\u0627 \u0628\u0627\u0631\u0628\u0627\u062a \u0645\u0639\u0633\u0643\u0631 \u0642\u0627\u0639\u062f\u0629 \u0627\u0644\u0631\u062d\u0644\u0627\u062a\"}]},{\"@type\":\"WebSite\",\"@id\":\"https:\\\/\\\/mountainguides.pro\\\/#website\",\"url\":\"https:\\\/\\\/mountainguides.pro\\\/\",\"name\":\"Mountain Guide\",\"description\":\"We aspire to be the first in everything!\",\"publisher\":{\"@id\":\"https:\\\/\\\/mountainguides.pro\\\/#organization\"},\"potentialAction\":[{\"@type\":\"SearchAction\",\"target\":{\"@type\":\"EntryPoint\",\"urlTemplate\":\"https:\\\/\\\/mountainguides.pro\\\/?s={search_term_string}\"},\"query-input\":{\"@type\":\"PropertyValueSpecification\",\"valueRequired\":true,\"valueName\":\"search_term_string\"}}],\"inLanguage\":\"es\"},{\"@type\":\"Organization\",\"@id\":\"https:\\\/\\\/mountainguides.pro\\\/#organization\",\"name\":\"Mountain Guide\",\"url\":\"https:\\\/\\\/mountainguides.pro\\\/\",\"logo\":{\"@type\":\"ImageObject\",\"inLanguage\":\"es\",\"@id\":\"https:\\\/\\\/mountainguides.pro\\\/#\\\/schema\\\/logo\\\/image\\\/\",\"url\":\"https:\\\/\\\/mountainguides.pro\\\/wp-content\\\/uploads\\\/2018\\\/01\\\/mglogo.jpg\",\"contentUrl\":\"https:\\\/\\\/mountainguides.pro\\\/wp-content\\\/uploads\\\/2018\\\/01\\\/mglogo.jpg\",\"width\":1200,\"height\":630,\"caption\":\"Mountain Guide\"},\"image\":{\"@id\":\"https:\\\/\\\/mountainguides.pro\\\/#\\\/schema\\\/logo\\\/image\\\/\"},\"sameAs\":[\"https:\\\/\\\/www.facebook.com\\\/Mountainguide-232956566756831\\\/\",\"https:\\\/\\\/x.com\\\/Wintercyclone\",\"http:\\\/\\\/instagram.com\\\/mountainguide\",\"http:\\\/\\\/www.youtube.com\\\/mountainguide\"]}]}<\/script>\n<!-- \/ Yoast SEO Premium plugin. -->","yoast_head_json":{"title":"Trekking to Nanga Parbat BC","robots":{"index":"index","follow":"follow","max-snippet":"max-snippet:-1","max-image-preview":"max-image-preview:large","max-video-preview":"max-video-preview:-1"},"canonical":"https:\/\/mountainguides.pro\/es\/tours\/trekking\/trekking-to-nanga-parbat-base-camp\/","og_locale":"es_ES","og_type":"article","og_title":"[:en]Trekking to Nanga Parbat Base Camp[:de]Trekking zum Basislager von Nanga Parbat[:es]Trekking al campamento base de Nanga Parbat[:pt]Trekking no acampamento base Nanga Parbat[:zh]\u5f92\u6b65\u524d\u5f80\u5357\u8fe6\u5e15\u5c14\u5df4\u7279\u5cf0\u5927\u672c\u8425[:ko]\ub09c\uac00 \ud30c\ub974\ubc14\ud2b8 \ubca0\uc774\uc2a4 \ucea0\ud504 \ud2b8\ub808\ud0b9[:ja]\u30ca\u30f3\u30ac\u30d1\u30eb\u30d0\u30c3\u30c8\u30d9\u30fc\u30b9\u30ad\u30e3\u30f3\u30d7\u30c8\u30ec\u30c3\u30ad\u30f3\u30b0[:hi]\u0928\u0902\u0917\u093e \u092a\u0930\u092c\u0924 \u092c\u0947\u0938 \u0915\u0948\u0902\u092a \u091f\u094d\u0930\u0947\u0915\u093f\u0902\u0917[:ar]\u0646\u0627\u0646\u063a\u0627 \u0628\u0627\u0631\u0628\u0627\u062a \u0645\u0639\u0633\u0643\u0631 \u0642\u0627\u0639\u062f\u0629 \u0627\u0644\u0631\u062d\u0644\u0627\u062a[:]","og_description":"Trekking al campamento base del Nanga Parbat en Pakist\u00e1n: es una oportunidad \u00fanica para ver cinco de los catorce ochomiles que existen en el mundo. Adem\u00e1s, una oferta exclusiva de nuestra compa\u00f1\u00eda: \u00a1pernoctaci\u00f3n en el campamento base del K2! Por si fuera poco, el vuelo interno ya est\u00e1 incluido en el precio del trekking al campamento base del K2 en Pakist\u00e1n. *Atenci\u00f3n: nuestra empresa no se dedica a la compra, venta de boletos de avi\u00f3n ni a la gesti\u00f3n de visados, por lo que no se hace responsable de imprevistos relacionados con vuelos y pasos fronterizos. Informaci\u00f3n importante: Al elegir el seguro, aseg\u00farese de que incluya cobertura para evacuaci\u00f3n en helic\u00f3ptero con un monto m\u00ednimo de 40\u202f000\u202f$, ya que un helic\u00f3ptero en Pakist\u00e1n cuesta aproximadamente 37\u202f000\u202f$.","og_url":"https:\/\/mountainguides.pro\/es\/tours\/trekking\/trekking-to-nanga-parbat-base-camp\/","og_site_name":"Mountain Guide","article_publisher":"https:\/\/www.facebook.com\/Mountainguide-232956566756831\/","article_modified_time":"2026-01-29T11:11:28+00:00","og_image":[{"width":1200,"height":630,"url":"https:\/\/mountainguides.pro\/wp-content\/uploads\/2018\/01\/mglogo.jpg","type":"image\/jpeg"}],"twitter_card":"summary_large_image","twitter_site":"@Wintercyclone","schema":{"@context":"https:\/\/schema.org","@graph":[{"@type":"WebPage","@id":"https:\/\/mountainguides.pro\/ar\/tours\/trekking\/trekking-to-nanga-parbat-base-camp\/","url":"https:\/\/mountainguides.pro\/ar\/tours\/trekking\/trekking-to-nanga-parbat-base-camp\/","name":"Trekking to Nanga Parbat BC","isPartOf":{"@id":"https:\/\/mountainguides.pro\/#website"},"datePublished":"2025-01-08T13:48:54+00:00","dateModified":"2026-01-29T11:11:28+00:00","breadcrumb":{"@id":"https:\/\/mountainguides.pro\/ar\/tours\/trekking\/trekking-to-nanga-parbat-base-camp\/#breadcrumb"},"inLanguage":"es","potentialAction":[{"@type":"ReadAction","target":["https:\/\/mountainguides.pro\/ar\/tours\/trekking\/trekking-to-nanga-parbat-base-camp\/"]}]},{"@type":"BreadcrumbList","@id":"https:\/\/mountainguides.pro\/ar\/tours\/trekking\/trekking-to-nanga-parbat-base-camp\/#breadcrumb","itemListElement":[{"@type":"ListItem","position":1,"name":"Home","item":"https:\/\/mountainguides.pro\/de\/"},{"@type":"ListItem","position":2,"name":"\u0646\u0627\u0646\u063a\u0627 \u0628\u0627\u0631\u0628\u0627\u062a \u0645\u0639\u0633\u0643\u0631 \u0642\u0627\u0639\u062f\u0629 \u0627\u0644\u0631\u062d\u0644\u0627\u062a"}]},{"@type":"WebSite","@id":"https:\/\/mountainguides.pro\/#website","url":"https:\/\/mountainguides.pro\/","name":"Mountain Guide","description":"We aspire to be the first in everything!","publisher":{"@id":"https:\/\/mountainguides.pro\/#organization"},"potentialAction":[{"@type":"SearchAction","target":{"@type":"EntryPoint","urlTemplate":"https:\/\/mountainguides.pro\/?s={search_term_string}"},"query-input":{"@type":"PropertyValueSpecification","valueRequired":true,"valueName":"search_term_string"}}],"inLanguage":"es"},{"@type":"Organization","@id":"https:\/\/mountainguides.pro\/#organization","name":"Mountain Guide","url":"https:\/\/mountainguides.pro\/","logo":{"@type":"ImageObject","inLanguage":"es","@id":"https:\/\/mountainguides.pro\/#\/schema\/logo\/image\/","url":"https:\/\/mountainguides.pro\/wp-content\/uploads\/2018\/01\/mglogo.jpg","contentUrl":"https:\/\/mountainguides.pro\/wp-content\/uploads\/2018\/01\/mglogo.jpg","width":1200,"height":630,"caption":"Mountain Guide"},"image":{"@id":"https:\/\/mountainguides.pro\/#\/schema\/logo\/image\/"},"sameAs":["https:\/\/www.facebook.com\/Mountainguide-232956566756831\/","https:\/\/x.com\/Wintercyclone","http:\/\/instagram.com\/mountainguide","http:\/\/www.youtube.com\/mountainguide"]}]}},"_links":{"self":[{"href":"https:\/\/mountainguides.pro\/es\/wp-json\/wp\/v2\/product\/21089","targetHints":{"allow":["GET"]}}],"collection":[{"href":"https:\/\/mountainguides.pro\/es\/wp-json\/wp\/v2\/product"}],"about":[{"href":"https:\/\/mountainguides.pro\/es\/wp-json\/wp\/v2\/types\/product"}],"replies":[{"embeddable":true,"href":"https:\/\/mountainguides.pro\/es\/wp-json\/wp\/v2\/comments?post=21089"}],"version-history":[{"count":11,"href":"https:\/\/mountainguides.pro\/es\/wp-json\/wp\/v2\/product\/21089\/revisions"}],"predecessor-version":[{"id":32673,"href":"https:\/\/mountainguides.pro\/es\/wp-json\/wp\/v2\/product\/21089\/revisions\/32673"}],"wp:attachment":[{"href":"https:\/\/mountainguides.pro\/es\/wp-json\/wp\/v2\/media?parent=21089"}],"wp:term":[{"taxonomy":"product_cat","embeddable":true,"href":"https:\/\/mountainguides.pro\/es\/wp-json\/wp\/v2\/product_cat?post=21089"},{"taxonomy":"product_tag","embeddable":true,"href":"https:\/\/mountainguides.pro\/es\/wp-json\/wp\/v2\/product_tag?post=21089"}],"curies":[{"name":"wp","href":"https:\/\/api.w.org\/{rel}","templated":true}]}}