{"id":21091,"date":"2025-01-08T16:49:12","date_gmt":"2025-01-08T13:49:12","guid":{"rendered":"https:\/\/mountainguides.pro\/?post_type=product&#038;p=21091"},"modified":"2026-03-16T10:41:42","modified_gmt":"2026-03-16T07:41:42","slug":"trekking-to-kanchenjunga-base-camp-short","status":"publish","type":"product","link":"https:\/\/mountainguides.pro\/es\/tours\/trekking\/trekking-to-kanchenjunga-base-camp-short\/","title":{"rendered":"Trekking al campamento base de Kanchenjunga (corto)"},"content":{"rendered":"","protected":false},"excerpt":{"rendered":"<p class=\"p1\">\u2022 Ver la tercera monta\u00f1a m\u00e1s alta del mundo, el Kanchenjunga, probablemente la m\u00e1s pintoresca<\/p>\n<p class=\"p1\">\u2022 Llegar, seg\u00fan la leyenda, al portal hacia el mundo de los inmortales<\/p>\n<p class=\"p1\">\u2022 En esta regi\u00f3n, en 1925, una expedici\u00f3n brit\u00e1nica encontr\u00f3 al hombre de las nieves, llamado por los hind\u00faes \u201cel demonio de Kanchenjunga\u201d<\/p>\n<p class=\"p1\">\u2022 El trekking transcurre en una regi\u00f3n salvaje de Nepal, pr\u00e1cticamente sin turistas, a diferencia de rutas m\u00e1s populares<\/p>\n<p class=\"p1\">\u2022 Para quienes tienen tiempo limitado, existe la opci\u00f3n de acortar el programa en helic\u00f3ptero tres d\u00edas, ajust\u00e1ndose a dos semanas laborales<\/p>\n<p class=\"p3\">*Atenci\u00f3n: nuestra compa\u00f1\u00eda no realiza compra ni venta de billetes de avi\u00f3n ni tr\u00e1mites de visado, por lo que no se hace responsable de imprevistos relacionados con vuelos o cruce de fronteras.<\/p>\n<p class=\"p3\"><strong>Informaci\u00f3n importante:<\/strong><\/p>\n<p class=\"p1\">\u2022 El horario de check-in y check-out est\u00e1 regulado por el hotel: entrada a partir de las 15:00 h, salida hasta las 11-12:00 h. Se puede dejar el equipaje en recepci\u00f3n y pasear por la ciudad, o, si existe posibilidad t\u00e9cnica, pagar un suplemento por entrada anticipada\/salida tard\u00eda.<\/p>\n<p class=\"p1\">\u2022 En Nepal existen dificultades para cambiar billetes peque\u00f1os, deteriorados o antiguos (emitidos antes de 2009). En algunos lugares se cobra comisi\u00f3n extra, en otros se puede denegar el cambio.<\/p>\n","protected":false},"featured_media":21445,"comment_status":"closed","ping_status":"closed","template":"","meta":{"_acf_changed":false,"footnotes":""},"product_cat":[321],"product_tag":[],"class_list":{"0":"post-21091","1":"product","2":"type-product","3":"status-publish","4":"has-post-thumbnail","6":"product_cat-trekking","8":"first","9":"instock","10":"shipping-taxable","11":"purchasable","12":"product-type-simple"},"acf":[],"yoast_head":"<!-- This site is optimized with the Yoast SEO Premium plugin v26.5 (Yoast SEO v27.3) - https:\/\/yoast.com\/product\/yoast-seo-premium-wordpress\/ -->\n<title>Trekking to Kanchenjunga BC Short<\/title>\n<meta name=\"robots\" content=\"index, follow, max-snippet:-1, max-image-preview:large, max-video-preview:-1\" \/>\n<link rel=\"canonical\" href=\"https:\/\/mountainguides.pro\/es\/tours\/trekking\/trekking-to-kanchenjunga-base-camp-short\/\" \/>\n<meta property=\"og:locale\" content=\"es_ES\" \/>\n<meta property=\"og:locale:alternate\" content=\"en_US\" \/>\n<meta property=\"og:locale:alternate\" content=\"ru_RU\" \/>\n<meta property=\"og:locale:alternate\" content=\"de\" \/>\n<meta property=\"og:locale:alternate\" content=\"pt\" \/>\n<meta property=\"og:locale:alternate\" content=\"zh\" \/>\n<meta property=\"og:locale:alternate\" content=\"ko\" \/>\n<meta property=\"og:locale:alternate\" content=\"ja\" \/>\n<meta property=\"og:locale:alternate\" content=\"hi\" \/>\n<meta property=\"og:locale:alternate\" content=\"ar\" \/>\n<meta property=\"og:type\" content=\"article\" \/>\n<meta property=\"og:title\" content=\"Trekking al campamento base de Kanchenjunga (corto)\" \/>\n<meta property=\"og:description\" content=\"\u2022 Ver la tercera monta\u00f1a m\u00e1s alta del mundo, el Kanchenjunga, probablemente la m\u00e1s pintoresca \u2022 Llegar, seg\u00fan la leyenda, al portal hacia el mundo de los inmortales \u2022 En esta regi\u00f3n, en 1925, una expedici\u00f3n brit\u00e1nica encontr\u00f3 al hombre de las nieves, llamado por los hind\u00faes \u201cel demonio de Kanchenjunga\u201d \u2022 El trekking transcurre en una regi\u00f3n salvaje de Nepal, pr\u00e1cticamente sin turistas, a diferencia de rutas m\u00e1s populares \u2022 Para quienes tienen tiempo limitado, existe la opci\u00f3n de acortar el programa en helic\u00f3ptero tres d\u00edas, ajust\u00e1ndose a dos semanas laborales *Atenci\u00f3n: nuestra compa\u00f1\u00eda no realiza compra ni venta de billetes de avi\u00f3n ni tr\u00e1mites de visado, por lo que no se hace responsable de imprevistos relacionados con vuelos o cruce de fronteras. Informaci\u00f3n importante: \u2022 El horario de check-in y check-out est\u00e1 regulado por el hotel: entrada a partir de las 15:00 h, salida hasta las 11-12:00 h. Se puede dejar el equipaje en recepci\u00f3n y pasear por la ciudad, o, si existe posibilidad t\u00e9cnica, pagar un suplemento por entrada anticipada\/salida tard\u00eda. \u2022 En Nepal existen dificultades para cambiar billetes peque\u00f1os, deteriorados o antiguos (emitidos antes de 2009). En algunos lugares se cobra comisi\u00f3n extra, en otros se puede denegar el cambio.\" \/>\n<meta property=\"og:url\" content=\"https:\/\/mountainguides.pro\/es\/tours\/trekking\/trekking-to-kanchenjunga-base-camp-short\/\" \/>\n<meta property=\"og:site_name\" content=\"Mountain Guide\" \/>\n<meta property=\"article:publisher\" content=\"https:\/\/www.facebook.com\/Mountainguide-232956566756831\/\" \/>\n<meta property=\"article:modified_time\" content=\"2026-03-16T07:41:42+00:00\" \/>\n<meta property=\"og:image\" content=\"https:\/\/mountainguides.pro\/wp-content\/uploads\/2025\/01\/trekking-vokrug-kanchendzhangi.jpg\" \/>\n\t<meta property=\"og:image:width\" content=\"1800\" \/>\n\t<meta property=\"og:image:height\" content=\"1350\" \/>\n\t<meta property=\"og:image:type\" content=\"image\/jpeg\" \/>\n<meta name=\"twitter:card\" content=\"summary_large_image\" \/>\n<meta name=\"twitter:site\" content=\"@Wintercyclone\" \/>\n<meta name=\"twitter:label1\" content=\"Tiempo de lectura\" \/>\n\t<meta name=\"twitter:data1\" content=\"1 minuto\" \/>\n<script type=\"application\/ld+json\" class=\"yoast-schema-graph\">{\"@context\":\"https:\\\/\\\/schema.org\",\"@graph\":[{\"@type\":\"WebPage\",\"@id\":\"https:\\\/\\\/mountainguides.pro\\\/tours\\\/trekking\\\/trekking-to-kanchenjunga-base-camp-short\\\/\",\"url\":\"https:\\\/\\\/mountainguides.pro\\\/tours\\\/trekking\\\/trekking-to-kanchenjunga-base-camp-short\\\/\",\"name\":\"Trekking to Kanchenjunga BC Short\",\"isPartOf\":{\"@id\":\"https:\\\/\\\/mountainguides.pro\\\/#website\"},\"primaryImageOfPage\":{\"@id\":\"https:\\\/\\\/mountainguides.pro\\\/tours\\\/trekking\\\/trekking-to-kanchenjunga-base-camp-short\\\/#primaryimage\"},\"image\":{\"@id\":\"https:\\\/\\\/mountainguides.pro\\\/tours\\\/trekking\\\/trekking-to-kanchenjunga-base-camp-short\\\/#primaryimage\"},\"thumbnailUrl\":\"https:\\\/\\\/mountainguides.pro\\\/wp-content\\\/uploads\\\/2025\\\/01\\\/trekking-vokrug-kanchendzhangi.jpg\",\"datePublished\":\"2025-01-08T13:49:12+00:00\",\"dateModified\":\"2026-03-16T07:41:42+00:00\",\"breadcrumb\":{\"@id\":\"https:\\\/\\\/mountainguides.pro\\\/tours\\\/trekking\\\/trekking-to-kanchenjunga-base-camp-short\\\/#breadcrumb\"},\"inLanguage\":\"es\",\"potentialAction\":[{\"@type\":\"ReadAction\",\"target\":[\"https:\\\/\\\/mountainguides.pro\\\/tours\\\/trekking\\\/trekking-to-kanchenjunga-base-camp-short\\\/\"]}]},{\"@type\":\"ImageObject\",\"inLanguage\":\"es\",\"@id\":\"https:\\\/\\\/mountainguides.pro\\\/tours\\\/trekking\\\/trekking-to-kanchenjunga-base-camp-short\\\/#primaryimage\",\"url\":\"https:\\\/\\\/mountainguides.pro\\\/wp-content\\\/uploads\\\/2025\\\/01\\\/trekking-vokrug-kanchendzhangi.jpg\",\"contentUrl\":\"https:\\\/\\\/mountainguides.pro\\\/wp-content\\\/uploads\\\/2025\\\/01\\\/trekking-vokrug-kanchendzhangi.jpg\",\"width\":1800,\"height\":1350},{\"@type\":\"BreadcrumbList\",\"@id\":\"https:\\\/\\\/mountainguides.pro\\\/tours\\\/trekking\\\/trekking-to-kanchenjunga-base-camp-short\\\/#breadcrumb\",\"itemListElement\":[{\"@type\":\"ListItem\",\"position\":1,\"name\":\"Home\",\"item\":\"https:\\\/\\\/mountainguides.pro\\\/de\\\/\"},{\"@type\":\"ListItem\",\"position\":2,\"name\":\"Trekking to Kanchenjunga Base Camp (Short)\"}]},{\"@type\":\"WebSite\",\"@id\":\"https:\\\/\\\/mountainguides.pro\\\/#website\",\"url\":\"https:\\\/\\\/mountainguides.pro\\\/\",\"name\":\"Mountain Guide\",\"description\":\"We aspire to be the first in everything!\",\"publisher\":{\"@id\":\"https:\\\/\\\/mountainguides.pro\\\/#organization\"},\"potentialAction\":[{\"@type\":\"SearchAction\",\"target\":{\"@type\":\"EntryPoint\",\"urlTemplate\":\"https:\\\/\\\/mountainguides.pro\\\/?s={search_term_string}\"},\"query-input\":{\"@type\":\"PropertyValueSpecification\",\"valueRequired\":true,\"valueName\":\"search_term_string\"}}],\"inLanguage\":\"es\"},{\"@type\":\"Organization\",\"@id\":\"https:\\\/\\\/mountainguides.pro\\\/#organization\",\"name\":\"Mountain Guide\",\"url\":\"https:\\\/\\\/mountainguides.pro\\\/\",\"logo\":{\"@type\":\"ImageObject\",\"inLanguage\":\"es\",\"@id\":\"https:\\\/\\\/mountainguides.pro\\\/#\\\/schema\\\/logo\\\/image\\\/\",\"url\":\"https:\\\/\\\/mountainguides.pro\\\/wp-content\\\/uploads\\\/2018\\\/01\\\/mglogo.jpg\",\"contentUrl\":\"https:\\\/\\\/mountainguides.pro\\\/wp-content\\\/uploads\\\/2018\\\/01\\\/mglogo.jpg\",\"width\":1200,\"height\":630,\"caption\":\"Mountain Guide\"},\"image\":{\"@id\":\"https:\\\/\\\/mountainguides.pro\\\/#\\\/schema\\\/logo\\\/image\\\/\"},\"sameAs\":[\"https:\\\/\\\/www.facebook.com\\\/Mountainguide-232956566756831\\\/\",\"https:\\\/\\\/x.com\\\/Wintercyclone\",\"http:\\\/\\\/instagram.com\\\/mountainguide\",\"http:\\\/\\\/www.youtube.com\\\/mountainguide\"]}]}<\/script>\n<!-- \/ Yoast SEO Premium plugin. -->","yoast_head_json":{"title":"Trekking to Kanchenjunga BC Short","robots":{"index":"index","follow":"follow","max-snippet":"max-snippet:-1","max-image-preview":"max-image-preview:large","max-video-preview":"max-video-preview:-1"},"canonical":"https:\/\/mountainguides.pro\/es\/tours\/trekking\/trekking-to-kanchenjunga-base-camp-short\/","og_locale":"es_ES","og_type":"article","og_title":"[:en]Trekking to Kanchenjunga Base Camp (Short)[:de]Trekking zum Basislager von Kanchendschangi (kurz)[:es]Trekking al campamento base de Kanchenjunga (corto)[:pt]Trekking no acampamento base Kanchenjunga (curto)[:zh]\u5f92\u6b65\u524d\u5f80\u5e72\u57ce\u7ae0\u5609\u5cf0\u5927\u672c\u8425\uff08\u77ed\u9014\uff09[:ko]\uac15\ucc9c\uc911\uac00 \ubca0\uc774\uc2a4 \ucea0\ud504 \ud2b8\ub808\ud0b9(\uc9e7\uc740)[:ja]\u30ab\u30f3\u30c1\u30a7\u30f3\u30b8\u30e5\u30f3\u30ac\u30d9\u30fc\u30b9\u30ad\u30e3\u30f3\u30d7\u30c8\u30ec\u30c3\u30ad\u30f3\u30b0\uff08\u30b7\u30e7\u30fc\u30c8\uff09[:hi]\u0915\u0902\u091a\u0928\u091c\u0902\u0917\u093e \u092c\u0947\u0938 \u0915\u0948\u0902\u092a \u091f\u094d\u0930\u0947\u0915\u093f\u0902\u0917 (\u0932\u0918\u0941)[:ar]\u0643\u0627\u0646\u063a\u0634\u064a\u0646\u062c\u0648\u0646\u063a\u0627 \u0642\u0627\u0639\u062f\u0629 \u0645\u062e\u064a\u0645 \u0627\u0644\u0631\u062d\u0644\u0627\u062a (\u0642\u0635\u064a\u0631\u0629)[:]","og_description":"\u2022 Ver la tercera monta\u00f1a m\u00e1s alta del mundo, el Kanchenjunga, probablemente la m\u00e1s pintoresca \u2022 Llegar, seg\u00fan la leyenda, al portal hacia el mundo de los inmortales \u2022 En esta regi\u00f3n, en 1925, una expedici\u00f3n brit\u00e1nica encontr\u00f3 al hombre de las nieves, llamado por los hind\u00faes \u201cel demonio de Kanchenjunga\u201d \u2022 El trekking transcurre en una regi\u00f3n salvaje de Nepal, pr\u00e1cticamente sin turistas, a diferencia de rutas m\u00e1s populares \u2022 Para quienes tienen tiempo limitado, existe la opci\u00f3n de acortar el programa en helic\u00f3ptero tres d\u00edas, ajust\u00e1ndose a dos semanas laborales *Atenci\u00f3n: nuestra compa\u00f1\u00eda no realiza compra ni venta de billetes de avi\u00f3n ni tr\u00e1mites de visado, por lo que no se hace responsable de imprevistos relacionados con vuelos o cruce de fronteras. Informaci\u00f3n importante: \u2022 El horario de check-in y check-out est\u00e1 regulado por el hotel: entrada a partir de las 15:00 h, salida hasta las 11-12:00 h. Se puede dejar el equipaje en recepci\u00f3n y pasear por la ciudad, o, si existe posibilidad t\u00e9cnica, pagar un suplemento por entrada anticipada\/salida tard\u00eda. \u2022 En Nepal existen dificultades para cambiar billetes peque\u00f1os, deteriorados o antiguos (emitidos antes de 2009). En algunos lugares se cobra comisi\u00f3n extra, en otros se puede denegar el cambio.","og_url":"https:\/\/mountainguides.pro\/es\/tours\/trekking\/trekking-to-kanchenjunga-base-camp-short\/","og_site_name":"Mountain Guide","article_publisher":"https:\/\/www.facebook.com\/Mountainguide-232956566756831\/","article_modified_time":"2026-03-16T07:41:42+00:00","og_image":[{"width":1800,"height":1350,"url":"https:\/\/mountainguides.pro\/wp-content\/uploads\/2025\/01\/trekking-vokrug-kanchendzhangi.jpg","type":"image\/jpeg"}],"twitter_card":"summary_large_image","twitter_site":"@Wintercyclone","twitter_misc":{"Tiempo de lectura":"1 minuto"},"schema":{"@context":"https:\/\/schema.org","@graph":[{"@type":"WebPage","@id":"https:\/\/mountainguides.pro\/tours\/trekking\/trekking-to-kanchenjunga-base-camp-short\/","url":"https:\/\/mountainguides.pro\/tours\/trekking\/trekking-to-kanchenjunga-base-camp-short\/","name":"Trekking to Kanchenjunga BC Short","isPartOf":{"@id":"https:\/\/mountainguides.pro\/#website"},"primaryImageOfPage":{"@id":"https:\/\/mountainguides.pro\/tours\/trekking\/trekking-to-kanchenjunga-base-camp-short\/#primaryimage"},"image":{"@id":"https:\/\/mountainguides.pro\/tours\/trekking\/trekking-to-kanchenjunga-base-camp-short\/#primaryimage"},"thumbnailUrl":"https:\/\/mountainguides.pro\/wp-content\/uploads\/2025\/01\/trekking-vokrug-kanchendzhangi.jpg","datePublished":"2025-01-08T13:49:12+00:00","dateModified":"2026-03-16T07:41:42+00:00","breadcrumb":{"@id":"https:\/\/mountainguides.pro\/tours\/trekking\/trekking-to-kanchenjunga-base-camp-short\/#breadcrumb"},"inLanguage":"es","potentialAction":[{"@type":"ReadAction","target":["https:\/\/mountainguides.pro\/tours\/trekking\/trekking-to-kanchenjunga-base-camp-short\/"]}]},{"@type":"ImageObject","inLanguage":"es","@id":"https:\/\/mountainguides.pro\/tours\/trekking\/trekking-to-kanchenjunga-base-camp-short\/#primaryimage","url":"https:\/\/mountainguides.pro\/wp-content\/uploads\/2025\/01\/trekking-vokrug-kanchendzhangi.jpg","contentUrl":"https:\/\/mountainguides.pro\/wp-content\/uploads\/2025\/01\/trekking-vokrug-kanchendzhangi.jpg","width":1800,"height":1350},{"@type":"BreadcrumbList","@id":"https:\/\/mountainguides.pro\/tours\/trekking\/trekking-to-kanchenjunga-base-camp-short\/#breadcrumb","itemListElement":[{"@type":"ListItem","position":1,"name":"Home","item":"https:\/\/mountainguides.pro\/de\/"},{"@type":"ListItem","position":2,"name":"Trekking to Kanchenjunga Base Camp (Short)"}]},{"@type":"WebSite","@id":"https:\/\/mountainguides.pro\/#website","url":"https:\/\/mountainguides.pro\/","name":"Mountain Guide","description":"We aspire to be the first in everything!","publisher":{"@id":"https:\/\/mountainguides.pro\/#organization"},"potentialAction":[{"@type":"SearchAction","target":{"@type":"EntryPoint","urlTemplate":"https:\/\/mountainguides.pro\/?s={search_term_string}"},"query-input":{"@type":"PropertyValueSpecification","valueRequired":true,"valueName":"search_term_string"}}],"inLanguage":"es"},{"@type":"Organization","@id":"https:\/\/mountainguides.pro\/#organization","name":"Mountain Guide","url":"https:\/\/mountainguides.pro\/","logo":{"@type":"ImageObject","inLanguage":"es","@id":"https:\/\/mountainguides.pro\/#\/schema\/logo\/image\/","url":"https:\/\/mountainguides.pro\/wp-content\/uploads\/2018\/01\/mglogo.jpg","contentUrl":"https:\/\/mountainguides.pro\/wp-content\/uploads\/2018\/01\/mglogo.jpg","width":1200,"height":630,"caption":"Mountain Guide"},"image":{"@id":"https:\/\/mountainguides.pro\/#\/schema\/logo\/image\/"},"sameAs":["https:\/\/www.facebook.com\/Mountainguide-232956566756831\/","https:\/\/x.com\/Wintercyclone","http:\/\/instagram.com\/mountainguide","http:\/\/www.youtube.com\/mountainguide"]}]}},"_links":{"self":[{"href":"https:\/\/mountainguides.pro\/es\/wp-json\/wp\/v2\/product\/21091","targetHints":{"allow":["GET"]}}],"collection":[{"href":"https:\/\/mountainguides.pro\/es\/wp-json\/wp\/v2\/product"}],"about":[{"href":"https:\/\/mountainguides.pro\/es\/wp-json\/wp\/v2\/types\/product"}],"replies":[{"embeddable":true,"href":"https:\/\/mountainguides.pro\/es\/wp-json\/wp\/v2\/comments?post=21091"}],"version-history":[{"count":12,"href":"https:\/\/mountainguides.pro\/es\/wp-json\/wp\/v2\/product\/21091\/revisions"}],"predecessor-version":[{"id":32672,"href":"https:\/\/mountainguides.pro\/es\/wp-json\/wp\/v2\/product\/21091\/revisions\/32672"}],"wp:featuredmedia":[{"embeddable":true,"href":"https:\/\/mountainguides.pro\/es\/wp-json\/wp\/v2\/media\/21445"}],"wp:attachment":[{"href":"https:\/\/mountainguides.pro\/es\/wp-json\/wp\/v2\/media?parent=21091"}],"wp:term":[{"taxonomy":"product_cat","embeddable":true,"href":"https:\/\/mountainguides.pro\/es\/wp-json\/wp\/v2\/product_cat?post=21091"},{"taxonomy":"product_tag","embeddable":true,"href":"https:\/\/mountainguides.pro\/es\/wp-json\/wp\/v2\/product_tag?post=21091"}],"curies":[{"name":"wp","href":"https:\/\/api.w.org\/{rel}","templated":true}]}}