{"id":21093,"date":"2025-01-08T16:49:27","date_gmt":"2025-01-08T13:49:27","guid":{"rendered":"https:\/\/mountainguides.pro\/?post_type=product&#038;p=21093"},"modified":"2026-01-29T13:50:58","modified_gmt":"2026-01-29T10:50:58","slug":"trekking-to-kanchenjunga-base-camp","status":"publish","type":"product","link":"https:\/\/mountainguides.pro\/es\/tours\/trekking\/trekking-to-kanchenjunga-base-camp\/","title":{"rendered":"Trekking al campamento base de Kanchenjunga"},"content":{"rendered":"","protected":false},"excerpt":{"rendered":"<p class=\"p1\">\u2022 Ver la tercera monta\u00f1a m\u00e1s alta del mundo: Kanchenjunga, probablemente la m\u00e1s pintoresca.<\/p>\n<p class=\"p1\">\u2022 Llegar, seg\u00fan la leyenda, al portal hacia el mundo de los inmortales.<\/p>\n<p class=\"p1\">\u2022 Es en esta regi\u00f3n donde la expedici\u00f3n brit\u00e1nica de 1925 encontr\u00f3 al Yeti, al que los hind\u00faes llaman \u201cel demonio de Kanchenjunga\u201d.<\/p>\n<p class=\"p1\">\u2022 El trekking se desarrolla en una regi\u00f3n salvaje de Nepal, con casi ning\u00fan turista, a diferencia de las rutas m\u00e1s populares.<\/p>\n<p class=\"p1\">\u2022 Para quienes tienen tiempo limitado, existe la opci\u00f3n de acortar el programa con helic\u00f3ptero tres d\u00edas, complet\u00e1ndolo en dos semanas laborales.<\/p>\n<p class=\"p3\">*Atenci\u00f3n: nuestra compa\u00f1\u00eda no ofrece servicios de compra o venta de boletos de avi\u00f3n ni de gesti\u00f3n de visas, por lo que no se hace responsable en caso de imprevistos relacionados con vuelos o cruces fronterizos.<\/p>\n<p class=\"p3\"><strong>Informaci\u00f3n importante:<\/strong><\/p>\n<p class=\"p1\">\u2022 El horario de check-in y check-out est\u00e1 regulado por el hotel: ingreso a partir de las 15:00, salida hasta las 11-12:00. Se puede dejar el equipaje en la recepci\u00f3n para pasear por la ciudad, o, si existe la posibilidad t\u00e9cnica, pagar un extra por ingreso temprano\/salida tard\u00eda.<\/p>\n<p class=\"p1\">\u2022 En Nepal existen dificultades para cambiar billetes de d\u00f3lar peque\u00f1os, gastados o antiguos (emitidos antes de 2009). En algunos casos hay comisi\u00f3n adicional, en otros, rechazo al cambio.<\/p>\n","protected":false},"featured_media":21445,"comment_status":"closed","ping_status":"closed","template":"","meta":{"_acf_changed":false,"footnotes":""},"product_cat":[321,348],"product_tag":[],"class_list":{"0":"post-21093","1":"product","2":"type-product","3":"status-publish","4":"has-post-thumbnail","6":"product_cat-trekking","7":"product_cat-trekking-asia","9":"first","10":"instock","11":"shipping-taxable","12":"purchasable","13":"product-type-simple"},"acf":[],"yoast_head":"<!-- This site is optimized with the Yoast SEO Premium plugin v26.5 (Yoast SEO v27.3) - https:\/\/yoast.com\/product\/yoast-seo-premium-wordpress\/ -->\n<title>Trekking to Kanchenjunga BC<\/title>\n<meta name=\"robots\" content=\"index, follow, max-snippet:-1, max-image-preview:large, max-video-preview:-1\" \/>\n<link rel=\"canonical\" href=\"https:\/\/mountainguides.pro\/es\/tours\/trekking\/trekking-to-kanchenjunga-base-camp\/\" \/>\n<meta property=\"og:locale\" content=\"es_ES\" \/>\n<meta property=\"og:locale:alternate\" content=\"en_US\" \/>\n<meta property=\"og:locale:alternate\" content=\"ru_RU\" \/>\n<meta property=\"og:locale:alternate\" content=\"de\" \/>\n<meta property=\"og:locale:alternate\" content=\"pt\" \/>\n<meta property=\"og:locale:alternate\" content=\"zh\" \/>\n<meta property=\"og:locale:alternate\" content=\"ko\" \/>\n<meta property=\"og:locale:alternate\" content=\"ja\" \/>\n<meta property=\"og:locale:alternate\" content=\"hi\" \/>\n<meta property=\"og:locale:alternate\" content=\"ar\" \/>\n<meta property=\"og:type\" content=\"article\" \/>\n<meta property=\"og:title\" content=\"Trekking al campamento base de Kanchenjunga\" \/>\n<meta property=\"og:description\" content=\"\u2022 Ver la tercera monta\u00f1a m\u00e1s alta del mundo: Kanchenjunga, probablemente la m\u00e1s pintoresca. \u2022 Llegar, seg\u00fan la leyenda, al portal hacia el mundo de los inmortales. \u2022 Es en esta regi\u00f3n donde la expedici\u00f3n brit\u00e1nica de 1925 encontr\u00f3 al Yeti, al que los hind\u00faes llaman \u201cel demonio de Kanchenjunga\u201d. \u2022 El trekking se desarrolla en una regi\u00f3n salvaje de Nepal, con casi ning\u00fan turista, a diferencia de las rutas m\u00e1s populares. \u2022 Para quienes tienen tiempo limitado, existe la opci\u00f3n de acortar el programa con helic\u00f3ptero tres d\u00edas, complet\u00e1ndolo en dos semanas laborales. *Atenci\u00f3n: nuestra compa\u00f1\u00eda no ofrece servicios de compra o venta de boletos de avi\u00f3n ni de gesti\u00f3n de visas, por lo que no se hace responsable en caso de imprevistos relacionados con vuelos o cruces fronterizos. Informaci\u00f3n importante: \u2022 El horario de check-in y check-out est\u00e1 regulado por el hotel: ingreso a partir de las 15:00, salida hasta las 11-12:00. Se puede dejar el equipaje en la recepci\u00f3n para pasear por la ciudad, o, si existe la posibilidad t\u00e9cnica, pagar un extra por ingreso temprano\/salida tard\u00eda. \u2022 En Nepal existen dificultades para cambiar billetes de d\u00f3lar peque\u00f1os, gastados o antiguos (emitidos antes de 2009). En algunos casos hay comisi\u00f3n adicional, en otros, rechazo al cambio.\" \/>\n<meta property=\"og:url\" content=\"https:\/\/mountainguides.pro\/es\/tours\/trekking\/trekking-to-kanchenjunga-base-camp\/\" \/>\n<meta property=\"og:site_name\" content=\"Mountain Guide\" \/>\n<meta property=\"article:publisher\" content=\"https:\/\/www.facebook.com\/Mountainguide-232956566756831\/\" \/>\n<meta property=\"article:modified_time\" content=\"2026-01-29T10:50:58+00:00\" \/>\n<meta property=\"og:image\" content=\"https:\/\/mountainguides.pro\/wp-content\/uploads\/2025\/01\/trekking-vokrug-kanchendzhangi.jpg\" \/>\n\t<meta property=\"og:image:width\" content=\"1800\" \/>\n\t<meta property=\"og:image:height\" content=\"1350\" \/>\n\t<meta property=\"og:image:type\" content=\"image\/jpeg\" \/>\n<meta name=\"twitter:card\" content=\"summary_large_image\" \/>\n<meta name=\"twitter:site\" content=\"@Wintercyclone\" \/>\n<meta name=\"twitter:label1\" content=\"Tiempo de lectura\" \/>\n\t<meta name=\"twitter:data1\" content=\"1 minuto\" \/>\n<script type=\"application\/ld+json\" class=\"yoast-schema-graph\">{\"@context\":\"https:\\\/\\\/schema.org\",\"@graph\":[{\"@type\":\"WebPage\",\"@id\":\"https:\\\/\\\/mountainguides.pro\\\/ar\\\/tours\\\/trekking\\\/trekking-to-kanchenjunga-base-camp\\\/\",\"url\":\"https:\\\/\\\/mountainguides.pro\\\/ar\\\/tours\\\/trekking\\\/trekking-to-kanchenjunga-base-camp\\\/\",\"name\":\"Trekking to Kanchenjunga BC\",\"isPartOf\":{\"@id\":\"https:\\\/\\\/mountainguides.pro\\\/#website\"},\"primaryImageOfPage\":{\"@id\":\"https:\\\/\\\/mountainguides.pro\\\/ar\\\/tours\\\/trekking\\\/trekking-to-kanchenjunga-base-camp\\\/#primaryimage\"},\"image\":{\"@id\":\"https:\\\/\\\/mountainguides.pro\\\/ar\\\/tours\\\/trekking\\\/trekking-to-kanchenjunga-base-camp\\\/#primaryimage\"},\"thumbnailUrl\":\"https:\\\/\\\/mountainguides.pro\\\/wp-content\\\/uploads\\\/2025\\\/01\\\/trekking-vokrug-kanchendzhangi.jpg\",\"datePublished\":\"2025-01-08T13:49:27+00:00\",\"dateModified\":\"2026-01-29T10:50:58+00:00\",\"breadcrumb\":{\"@id\":\"https:\\\/\\\/mountainguides.pro\\\/ar\\\/tours\\\/trekking\\\/trekking-to-kanchenjunga-base-camp\\\/#breadcrumb\"},\"inLanguage\":\"es\",\"potentialAction\":[{\"@type\":\"ReadAction\",\"target\":[\"https:\\\/\\\/mountainguides.pro\\\/ar\\\/tours\\\/trekking\\\/trekking-to-kanchenjunga-base-camp\\\/\"]}]},{\"@type\":\"ImageObject\",\"inLanguage\":\"es\",\"@id\":\"https:\\\/\\\/mountainguides.pro\\\/ar\\\/tours\\\/trekking\\\/trekking-to-kanchenjunga-base-camp\\\/#primaryimage\",\"url\":\"https:\\\/\\\/mountainguides.pro\\\/wp-content\\\/uploads\\\/2025\\\/01\\\/trekking-vokrug-kanchendzhangi.jpg\",\"contentUrl\":\"https:\\\/\\\/mountainguides.pro\\\/wp-content\\\/uploads\\\/2025\\\/01\\\/trekking-vokrug-kanchendzhangi.jpg\",\"width\":1800,\"height\":1350},{\"@type\":\"BreadcrumbList\",\"@id\":\"https:\\\/\\\/mountainguides.pro\\\/ar\\\/tours\\\/trekking\\\/trekking-to-kanchenjunga-base-camp\\\/#breadcrumb\",\"itemListElement\":[{\"@type\":\"ListItem\",\"position\":1,\"name\":\"Home\",\"item\":\"https:\\\/\\\/mountainguides.pro\\\/de\\\/\"},{\"@type\":\"ListItem\",\"position\":2,\"name\":\"\u0643\u0627\u0646\u063a\u0634\u064a\u0646\u062c\u0648\u0646\u063a\u0627 \u0642\u0627\u0639\u062f\u0629 \u0645\u062e\u064a\u0645 \u0627\u0644\u0631\u062d\u0644\u0627\u062a\"}]},{\"@type\":\"WebSite\",\"@id\":\"https:\\\/\\\/mountainguides.pro\\\/#website\",\"url\":\"https:\\\/\\\/mountainguides.pro\\\/\",\"name\":\"Mountain Guide\",\"description\":\"We aspire to be the first in everything!\",\"publisher\":{\"@id\":\"https:\\\/\\\/mountainguides.pro\\\/#organization\"},\"potentialAction\":[{\"@type\":\"SearchAction\",\"target\":{\"@type\":\"EntryPoint\",\"urlTemplate\":\"https:\\\/\\\/mountainguides.pro\\\/?s={search_term_string}\"},\"query-input\":{\"@type\":\"PropertyValueSpecification\",\"valueRequired\":true,\"valueName\":\"search_term_string\"}}],\"inLanguage\":\"es\"},{\"@type\":\"Organization\",\"@id\":\"https:\\\/\\\/mountainguides.pro\\\/#organization\",\"name\":\"Mountain Guide\",\"url\":\"https:\\\/\\\/mountainguides.pro\\\/\",\"logo\":{\"@type\":\"ImageObject\",\"inLanguage\":\"es\",\"@id\":\"https:\\\/\\\/mountainguides.pro\\\/#\\\/schema\\\/logo\\\/image\\\/\",\"url\":\"https:\\\/\\\/mountainguides.pro\\\/wp-content\\\/uploads\\\/2018\\\/01\\\/mglogo.jpg\",\"contentUrl\":\"https:\\\/\\\/mountainguides.pro\\\/wp-content\\\/uploads\\\/2018\\\/01\\\/mglogo.jpg\",\"width\":1200,\"height\":630,\"caption\":\"Mountain Guide\"},\"image\":{\"@id\":\"https:\\\/\\\/mountainguides.pro\\\/#\\\/schema\\\/logo\\\/image\\\/\"},\"sameAs\":[\"https:\\\/\\\/www.facebook.com\\\/Mountainguide-232956566756831\\\/\",\"https:\\\/\\\/x.com\\\/Wintercyclone\",\"http:\\\/\\\/instagram.com\\\/mountainguide\",\"http:\\\/\\\/www.youtube.com\\\/mountainguide\"]}]}<\/script>\n<!-- \/ Yoast SEO Premium plugin. -->","yoast_head_json":{"title":"Trekking to Kanchenjunga BC","robots":{"index":"index","follow":"follow","max-snippet":"max-snippet:-1","max-image-preview":"max-image-preview:large","max-video-preview":"max-video-preview:-1"},"canonical":"https:\/\/mountainguides.pro\/es\/tours\/trekking\/trekking-to-kanchenjunga-base-camp\/","og_locale":"es_ES","og_type":"article","og_title":"[:en]Trekking to Kanchenjunga Base Camp[:de]Trekking zum Basislager von Kanchenjangi[:es]Trekking al campamento base de Kanchenjunga[:pt]Trekking no acampamento base Kanchenjunga[:zh]\u5f92\u6b65\u524d\u5f80\u5e72\u57ce\u7ae0\u5609\u5cf0\u5927\u672c\u8425[:ko]\uac15\uccb8\uc911\uac00 \ubca0\uc774\uc2a4 \ucea0\ud504 \ud2b8\ub808\ud0b9[:ja]\u30ab\u30f3\u30c1\u30a7\u30f3\u30b8\u30e5\u30f3\u30ac\u30d9\u30fc\u30b9\u30ad\u30e3\u30f3\u30d7\u30c8\u30ec\u30c3\u30ad\u30f3\u30b0[:hi]\u0915\u0902\u091a\u0928\u091c\u0902\u0917\u093e \u092c\u0947\u0938 \u0915\u0948\u0902\u092a \u091f\u094d\u0930\u0947\u0915\u093f\u0902\u0917[:ar]\u0643\u0627\u0646\u063a\u0634\u064a\u0646\u062c\u0648\u0646\u063a\u0627 \u0642\u0627\u0639\u062f\u0629 \u0645\u062e\u064a\u0645 \u0627\u0644\u0631\u062d\u0644\u0627\u062a[:]","og_description":"\u2022 Ver la tercera monta\u00f1a m\u00e1s alta del mundo: Kanchenjunga, probablemente la m\u00e1s pintoresca. \u2022 Llegar, seg\u00fan la leyenda, al portal hacia el mundo de los inmortales. \u2022 Es en esta regi\u00f3n donde la expedici\u00f3n brit\u00e1nica de 1925 encontr\u00f3 al Yeti, al que los hind\u00faes llaman \u201cel demonio de Kanchenjunga\u201d. \u2022 El trekking se desarrolla en una regi\u00f3n salvaje de Nepal, con casi ning\u00fan turista, a diferencia de las rutas m\u00e1s populares. \u2022 Para quienes tienen tiempo limitado, existe la opci\u00f3n de acortar el programa con helic\u00f3ptero tres d\u00edas, complet\u00e1ndolo en dos semanas laborales. *Atenci\u00f3n: nuestra compa\u00f1\u00eda no ofrece servicios de compra o venta de boletos de avi\u00f3n ni de gesti\u00f3n de visas, por lo que no se hace responsable en caso de imprevistos relacionados con vuelos o cruces fronterizos. Informaci\u00f3n importante: \u2022 El horario de check-in y check-out est\u00e1 regulado por el hotel: ingreso a partir de las 15:00, salida hasta las 11-12:00. Se puede dejar el equipaje en la recepci\u00f3n para pasear por la ciudad, o, si existe la posibilidad t\u00e9cnica, pagar un extra por ingreso temprano\/salida tard\u00eda. \u2022 En Nepal existen dificultades para cambiar billetes de d\u00f3lar peque\u00f1os, gastados o antiguos (emitidos antes de 2009). En algunos casos hay comisi\u00f3n adicional, en otros, rechazo al cambio.","og_url":"https:\/\/mountainguides.pro\/es\/tours\/trekking\/trekking-to-kanchenjunga-base-camp\/","og_site_name":"Mountain Guide","article_publisher":"https:\/\/www.facebook.com\/Mountainguide-232956566756831\/","article_modified_time":"2026-01-29T10:50:58+00:00","og_image":[{"width":1800,"height":1350,"url":"https:\/\/mountainguides.pro\/wp-content\/uploads\/2025\/01\/trekking-vokrug-kanchendzhangi.jpg","type":"image\/jpeg"}],"twitter_card":"summary_large_image","twitter_site":"@Wintercyclone","twitter_misc":{"Tiempo de lectura":"1 minuto"},"schema":{"@context":"https:\/\/schema.org","@graph":[{"@type":"WebPage","@id":"https:\/\/mountainguides.pro\/ar\/tours\/trekking\/trekking-to-kanchenjunga-base-camp\/","url":"https:\/\/mountainguides.pro\/ar\/tours\/trekking\/trekking-to-kanchenjunga-base-camp\/","name":"Trekking to Kanchenjunga BC","isPartOf":{"@id":"https:\/\/mountainguides.pro\/#website"},"primaryImageOfPage":{"@id":"https:\/\/mountainguides.pro\/ar\/tours\/trekking\/trekking-to-kanchenjunga-base-camp\/#primaryimage"},"image":{"@id":"https:\/\/mountainguides.pro\/ar\/tours\/trekking\/trekking-to-kanchenjunga-base-camp\/#primaryimage"},"thumbnailUrl":"https:\/\/mountainguides.pro\/wp-content\/uploads\/2025\/01\/trekking-vokrug-kanchendzhangi.jpg","datePublished":"2025-01-08T13:49:27+00:00","dateModified":"2026-01-29T10:50:58+00:00","breadcrumb":{"@id":"https:\/\/mountainguides.pro\/ar\/tours\/trekking\/trekking-to-kanchenjunga-base-camp\/#breadcrumb"},"inLanguage":"es","potentialAction":[{"@type":"ReadAction","target":["https:\/\/mountainguides.pro\/ar\/tours\/trekking\/trekking-to-kanchenjunga-base-camp\/"]}]},{"@type":"ImageObject","inLanguage":"es","@id":"https:\/\/mountainguides.pro\/ar\/tours\/trekking\/trekking-to-kanchenjunga-base-camp\/#primaryimage","url":"https:\/\/mountainguides.pro\/wp-content\/uploads\/2025\/01\/trekking-vokrug-kanchendzhangi.jpg","contentUrl":"https:\/\/mountainguides.pro\/wp-content\/uploads\/2025\/01\/trekking-vokrug-kanchendzhangi.jpg","width":1800,"height":1350},{"@type":"BreadcrumbList","@id":"https:\/\/mountainguides.pro\/ar\/tours\/trekking\/trekking-to-kanchenjunga-base-camp\/#breadcrumb","itemListElement":[{"@type":"ListItem","position":1,"name":"Home","item":"https:\/\/mountainguides.pro\/de\/"},{"@type":"ListItem","position":2,"name":"\u0643\u0627\u0646\u063a\u0634\u064a\u0646\u062c\u0648\u0646\u063a\u0627 \u0642\u0627\u0639\u062f\u0629 \u0645\u062e\u064a\u0645 \u0627\u0644\u0631\u062d\u0644\u0627\u062a"}]},{"@type":"WebSite","@id":"https:\/\/mountainguides.pro\/#website","url":"https:\/\/mountainguides.pro\/","name":"Mountain Guide","description":"We aspire to be the first in everything!","publisher":{"@id":"https:\/\/mountainguides.pro\/#organization"},"potentialAction":[{"@type":"SearchAction","target":{"@type":"EntryPoint","urlTemplate":"https:\/\/mountainguides.pro\/?s={search_term_string}"},"query-input":{"@type":"PropertyValueSpecification","valueRequired":true,"valueName":"search_term_string"}}],"inLanguage":"es"},{"@type":"Organization","@id":"https:\/\/mountainguides.pro\/#organization","name":"Mountain Guide","url":"https:\/\/mountainguides.pro\/","logo":{"@type":"ImageObject","inLanguage":"es","@id":"https:\/\/mountainguides.pro\/#\/schema\/logo\/image\/","url":"https:\/\/mountainguides.pro\/wp-content\/uploads\/2018\/01\/mglogo.jpg","contentUrl":"https:\/\/mountainguides.pro\/wp-content\/uploads\/2018\/01\/mglogo.jpg","width":1200,"height":630,"caption":"Mountain Guide"},"image":{"@id":"https:\/\/mountainguides.pro\/#\/schema\/logo\/image\/"},"sameAs":["https:\/\/www.facebook.com\/Mountainguide-232956566756831\/","https:\/\/x.com\/Wintercyclone","http:\/\/instagram.com\/mountainguide","http:\/\/www.youtube.com\/mountainguide"]}]}},"_links":{"self":[{"href":"https:\/\/mountainguides.pro\/es\/wp-json\/wp\/v2\/product\/21093","targetHints":{"allow":["GET"]}}],"collection":[{"href":"https:\/\/mountainguides.pro\/es\/wp-json\/wp\/v2\/product"}],"about":[{"href":"https:\/\/mountainguides.pro\/es\/wp-json\/wp\/v2\/types\/product"}],"replies":[{"embeddable":true,"href":"https:\/\/mountainguides.pro\/es\/wp-json\/wp\/v2\/comments?post=21093"}],"version-history":[{"count":12,"href":"https:\/\/mountainguides.pro\/es\/wp-json\/wp\/v2\/product\/21093\/revisions"}],"predecessor-version":[{"id":32670,"href":"https:\/\/mountainguides.pro\/es\/wp-json\/wp\/v2\/product\/21093\/revisions\/32670"}],"wp:featuredmedia":[{"embeddable":true,"href":"https:\/\/mountainguides.pro\/es\/wp-json\/wp\/v2\/media\/21445"}],"wp:attachment":[{"href":"https:\/\/mountainguides.pro\/es\/wp-json\/wp\/v2\/media?parent=21093"}],"wp:term":[{"taxonomy":"product_cat","embeddable":true,"href":"https:\/\/mountainguides.pro\/es\/wp-json\/wp\/v2\/product_cat?post=21093"},{"taxonomy":"product_tag","embeddable":true,"href":"https:\/\/mountainguides.pro\/es\/wp-json\/wp\/v2\/product_tag?post=21093"}],"curies":[{"name":"wp","href":"https:\/\/api.w.org\/{rel}","templated":true}]}}