{"id":21098,"date":"2025-01-08T16:49:53","date_gmt":"2025-01-08T13:49:53","guid":{"rendered":"https:\/\/mountainguides.pro\/?post_type=product&#038;p=21098"},"modified":"2026-01-29T13:24:39","modified_gmt":"2026-01-29T10:24:39","slug":"tour-to-uganda-queen-elizabeth-national-park-and-mountain-gorillas","status":"publish","type":"product","link":"https:\/\/mountainguides.pro\/es\/tours\/adventure\/tour-to-uganda-queen-elizabeth-national-park-and-mountain-gorillas\/","title":{"rendered":"Tour a Uganda: parque de la Reina y gorilas de monta\u00f1a"},"content":{"rendered":"","protected":false},"excerpt":{"rendered":"<p class=\"p1\">Parque Nacional Reina Isabel: descubra la diversidad de animales, incluidos hienas y leones trepadores de \u00e1rboles<\/p>\n<p class=\"p1\">Trekking hacia los gorilas de monta\u00f1a: una aventura \u00fanica que lo llevar\u00e1 a estos majestuosos seres en el Bosque Impenetrable de Bwindi<\/p>\n<p class=\"p1\">Lago Kivu y la capital de Ruanda: disfrute de las aguas cristalinas del lago y visite lugares hist\u00f3ricos en Kigali, incluyendo el Memorial del Genocidio<\/p>\n<p class=\"p1\">Safari acu\u00e1tico en el Lago Victoria: explore las tranquilas aguas del lago, disfrute del paisaje y observe aves raras, como el jacana gigante<\/p>\n<p class=\"p1\">Jard\u00edn Bot\u00e1nico de Entebbe: recorra este colorido jard\u00edn lleno de \u00e1rboles centenarios y plantas brillantes, y conozca la flora y fauna local<\/p>\n<p class=\"p1\">*Le informamos que nuestra empresa no se dedica a la compra, venta de boletos de avi\u00f3n ni a la tramitaci\u00f3n de visas, por lo que no se hace responsable en caso de fuerza mayor relacionada con vuelos o pasos fronterizos.<\/p>\n<p class=\"p1\"><strong>Informaci\u00f3n importante:<\/strong><\/p>\n<p class=\"p1\">El horario de check-in y check-out est\u00e1 regulado por el hotel: entrada desde las 15:00 h, salida hasta las 11-12:00 h. Puede dejar su equipaje en la recepci\u00f3n del hotel y pasear por la ciudad, o, si hay posibilidad t\u00e9cnica, pagar por entrada anticipada o salida tard\u00eda.<\/p>\n<p class=\"p1\">En Uganda existen ciertas dificultades para cambiar billetes de d\u00f3lar peque\u00f1os, desgastados o antiguos (emitidos antes de 2009), tenga esto en cuenta. En algunos lugares aplican comisiones adicionales y en otros puede que se nieguen a cambiar.<\/p>\n","protected":false},"featured_media":21458,"comment_status":"closed","ping_status":"closed","template":"","meta":{"_acf_changed":false,"footnotes":""},"product_cat":[337],"product_tag":[],"class_list":{"0":"post-21098","1":"product","2":"type-product","3":"status-publish","4":"has-post-thumbnail","6":"product_cat-adventure","8":"first","9":"instock","10":"shipping-taxable","11":"purchasable","12":"product-type-simple"},"acf":[],"yoast_head":"<!-- This site is optimized with the Yoast SEO Premium plugin v26.5 (Yoast SEO v27.3) - https:\/\/yoast.com\/product\/yoast-seo-premium-wordpress\/ -->\n<title>Adventure Uganda<\/title>\n<meta name=\"robots\" content=\"index, follow, max-snippet:-1, max-image-preview:large, max-video-preview:-1\" \/>\n<link rel=\"canonical\" href=\"https:\/\/mountainguides.pro\/es\/tours\/adventure\/tour-to-uganda-queen-elizabeth-national-park-and-mountain-gorillas\/\" \/>\n<meta property=\"og:locale\" content=\"es_ES\" \/>\n<meta property=\"og:locale:alternate\" content=\"en_US\" \/>\n<meta property=\"og:locale:alternate\" content=\"ru_RU\" \/>\n<meta property=\"og:locale:alternate\" content=\"de\" \/>\n<meta property=\"og:locale:alternate\" content=\"pt\" \/>\n<meta property=\"og:locale:alternate\" content=\"zh\" \/>\n<meta property=\"og:locale:alternate\" content=\"ko\" \/>\n<meta property=\"og:locale:alternate\" content=\"ja\" \/>\n<meta property=\"og:locale:alternate\" content=\"hi\" \/>\n<meta property=\"og:locale:alternate\" content=\"ar\" \/>\n<meta property=\"og:type\" content=\"article\" \/>\n<meta property=\"og:title\" content=\"Tour a Uganda: parque de la Reina y gorilas de monta\u00f1a\" \/>\n<meta property=\"og:description\" content=\"Parque Nacional Reina Isabel: descubra la diversidad de animales, incluidos hienas y leones trepadores de \u00e1rboles Trekking hacia los gorilas de monta\u00f1a: una aventura \u00fanica que lo llevar\u00e1 a estos majestuosos seres en el Bosque Impenetrable de Bwindi Lago Kivu y la capital de Ruanda: disfrute de las aguas cristalinas del lago y visite lugares hist\u00f3ricos en Kigali, incluyendo el Memorial del Genocidio Safari acu\u00e1tico en el Lago Victoria: explore las tranquilas aguas del lago, disfrute del paisaje y observe aves raras, como el jacana gigante Jard\u00edn Bot\u00e1nico de Entebbe: recorra este colorido jard\u00edn lleno de \u00e1rboles centenarios y plantas brillantes, y conozca la flora y fauna local *Le informamos que nuestra empresa no se dedica a la compra, venta de boletos de avi\u00f3n ni a la tramitaci\u00f3n de visas, por lo que no se hace responsable en caso de fuerza mayor relacionada con vuelos o pasos fronterizos. Informaci\u00f3n importante: El horario de check-in y check-out est\u00e1 regulado por el hotel: entrada desde las 15:00 h, salida hasta las 11-12:00 h. Puede dejar su equipaje en la recepci\u00f3n del hotel y pasear por la ciudad, o, si hay posibilidad t\u00e9cnica, pagar por entrada anticipada o salida tard\u00eda. En Uganda existen ciertas dificultades para cambiar billetes de d\u00f3lar peque\u00f1os, desgastados o antiguos (emitidos antes de 2009), tenga esto en cuenta. En algunos lugares aplican comisiones adicionales y en otros puede que se nieguen a cambiar.\" \/>\n<meta property=\"og:url\" content=\"https:\/\/mountainguides.pro\/es\/tours\/adventure\/tour-to-uganda-queen-elizabeth-national-park-and-mountain-gorillas\/\" \/>\n<meta property=\"og:site_name\" content=\"Mountain Guide\" \/>\n<meta property=\"article:publisher\" content=\"https:\/\/www.facebook.com\/Mountainguide-232956566756831\/\" \/>\n<meta property=\"article:modified_time\" content=\"2026-01-29T10:24:39+00:00\" \/>\n<meta property=\"og:image\" content=\"https:\/\/mountainguides.pro\/wp-content\/uploads\/2025\/01\/tur-v-ugandu.jpeg\" \/>\n\t<meta property=\"og:image:width\" content=\"1800\" \/>\n\t<meta property=\"og:image:height\" content=\"1350\" \/>\n\t<meta property=\"og:image:type\" content=\"image\/jpeg\" \/>\n<meta name=\"twitter:card\" content=\"summary_large_image\" \/>\n<meta name=\"twitter:site\" content=\"@Wintercyclone\" \/>\n<meta name=\"twitter:label1\" content=\"Tiempo de lectura\" \/>\n\t<meta name=\"twitter:data1\" content=\"1 minuto\" \/>\n<script type=\"application\/ld+json\" class=\"yoast-schema-graph\">{\"@context\":\"https:\\\/\\\/schema.org\",\"@graph\":[{\"@type\":\"WebPage\",\"@id\":\"https:\\\/\\\/mountainguides.pro\\\/ar\\\/tours\\\/adventure\\\/tour-to-uganda-queen-elizabeth-national-park-and-mountain-gorillas\\\/\",\"url\":\"https:\\\/\\\/mountainguides.pro\\\/ar\\\/tours\\\/adventure\\\/tour-to-uganda-queen-elizabeth-national-park-and-mountain-gorillas\\\/\",\"name\":\"Adventure Uganda\",\"isPartOf\":{\"@id\":\"https:\\\/\\\/mountainguides.pro\\\/#website\"},\"primaryImageOfPage\":{\"@id\":\"https:\\\/\\\/mountainguides.pro\\\/ar\\\/tours\\\/adventure\\\/tour-to-uganda-queen-elizabeth-national-park-and-mountain-gorillas\\\/#primaryimage\"},\"image\":{\"@id\":\"https:\\\/\\\/mountainguides.pro\\\/ar\\\/tours\\\/adventure\\\/tour-to-uganda-queen-elizabeth-national-park-and-mountain-gorillas\\\/#primaryimage\"},\"thumbnailUrl\":\"https:\\\/\\\/mountainguides.pro\\\/wp-content\\\/uploads\\\/2025\\\/01\\\/tur-v-ugandu.jpeg\",\"datePublished\":\"2025-01-08T13:49:53+00:00\",\"dateModified\":\"2026-01-29T10:24:39+00:00\",\"breadcrumb\":{\"@id\":\"https:\\\/\\\/mountainguides.pro\\\/ar\\\/tours\\\/adventure\\\/tour-to-uganda-queen-elizabeth-national-park-and-mountain-gorillas\\\/#breadcrumb\"},\"inLanguage\":\"es\",\"potentialAction\":[{\"@type\":\"ReadAction\",\"target\":[\"https:\\\/\\\/mountainguides.pro\\\/ar\\\/tours\\\/adventure\\\/tour-to-uganda-queen-elizabeth-national-park-and-mountain-gorillas\\\/\"]}]},{\"@type\":\"ImageObject\",\"inLanguage\":\"es\",\"@id\":\"https:\\\/\\\/mountainguides.pro\\\/ar\\\/tours\\\/adventure\\\/tour-to-uganda-queen-elizabeth-national-park-and-mountain-gorillas\\\/#primaryimage\",\"url\":\"https:\\\/\\\/mountainguides.pro\\\/wp-content\\\/uploads\\\/2025\\\/01\\\/tur-v-ugandu.jpeg\",\"contentUrl\":\"https:\\\/\\\/mountainguides.pro\\\/wp-content\\\/uploads\\\/2025\\\/01\\\/tur-v-ugandu.jpeg\",\"width\":1800,\"height\":1350},{\"@type\":\"BreadcrumbList\",\"@id\":\"https:\\\/\\\/mountainguides.pro\\\/ar\\\/tours\\\/adventure\\\/tour-to-uganda-queen-elizabeth-national-park-and-mountain-gorillas\\\/#breadcrumb\",\"itemListElement\":[{\"@type\":\"ListItem\",\"position\":1,\"name\":\"Home\",\"item\":\"https:\\\/\\\/mountainguides.pro\\\/de\\\/\"},{\"@type\":\"ListItem\",\"position\":2,\"name\":\"\u062c\u0648\u0644\u0629 \u0623\u0648\u063a\u0646\u062f\u0627: \u0643\u0648\u064a\u0646\u0632 \u0628\u0627\u0631\u0643 \u0648\u0627\u0644\u063a\u0648\u0631\u064a\u0644\u0627 \u0627\u0644\u062c\u0628\u0644\u064a\u0629\"}]},{\"@type\":\"WebSite\",\"@id\":\"https:\\\/\\\/mountainguides.pro\\\/#website\",\"url\":\"https:\\\/\\\/mountainguides.pro\\\/\",\"name\":\"Mountain Guide\",\"description\":\"We aspire to be the first in everything!\",\"publisher\":{\"@id\":\"https:\\\/\\\/mountainguides.pro\\\/#organization\"},\"potentialAction\":[{\"@type\":\"SearchAction\",\"target\":{\"@type\":\"EntryPoint\",\"urlTemplate\":\"https:\\\/\\\/mountainguides.pro\\\/?s={search_term_string}\"},\"query-input\":{\"@type\":\"PropertyValueSpecification\",\"valueRequired\":true,\"valueName\":\"search_term_string\"}}],\"inLanguage\":\"es\"},{\"@type\":\"Organization\",\"@id\":\"https:\\\/\\\/mountainguides.pro\\\/#organization\",\"name\":\"Mountain Guide\",\"url\":\"https:\\\/\\\/mountainguides.pro\\\/\",\"logo\":{\"@type\":\"ImageObject\",\"inLanguage\":\"es\",\"@id\":\"https:\\\/\\\/mountainguides.pro\\\/#\\\/schema\\\/logo\\\/image\\\/\",\"url\":\"https:\\\/\\\/mountainguides.pro\\\/wp-content\\\/uploads\\\/2018\\\/01\\\/mglogo.jpg\",\"contentUrl\":\"https:\\\/\\\/mountainguides.pro\\\/wp-content\\\/uploads\\\/2018\\\/01\\\/mglogo.jpg\",\"width\":1200,\"height\":630,\"caption\":\"Mountain Guide\"},\"image\":{\"@id\":\"https:\\\/\\\/mountainguides.pro\\\/#\\\/schema\\\/logo\\\/image\\\/\"},\"sameAs\":[\"https:\\\/\\\/www.facebook.com\\\/Mountainguide-232956566756831\\\/\",\"https:\\\/\\\/x.com\\\/Wintercyclone\",\"http:\\\/\\\/instagram.com\\\/mountainguide\",\"http:\\\/\\\/www.youtube.com\\\/mountainguide\"]}]}<\/script>\n<!-- \/ Yoast SEO Premium plugin. -->","yoast_head_json":{"title":"Adventure Uganda","robots":{"index":"index","follow":"follow","max-snippet":"max-snippet:-1","max-image-preview":"max-image-preview:large","max-video-preview":"max-video-preview:-1"},"canonical":"https:\/\/mountainguides.pro\/es\/tours\/adventure\/tour-to-uganda-queen-elizabeth-national-park-and-mountain-gorillas\/","og_locale":"es_ES","og_type":"article","og_title":"[:en]Tour to Uganda: Queen Elizabeth National Park and Mountain Gorillas[:de]Tour nach Uganda: Der Queen Park und die Berggorillas[:es]Tour a Uganda: parque de la Reina y gorilas de monta\u00f1a[:pt]Excurs\u00e3o A Uganda: Parque da Rainha e gorilas da montanha[:zh]\u4e4c\u5e72\u8fbe\u4e4b\u65c5\uff1a\u5973\u738b\u516c\u56ed\u548c\u5c71\u5730\u5927\u7329\u7329[:ko]\uc6b0\uac04\ub2e4 \ud22c\uc5b4:\ud038\uc988 \ud30c\ud06c\uc640 \ub9c8\uc6b4\ud2f4 \uace0\ub9b4\ub77c[:ja]\u30a6\u30ac\u30f3\u30c0\u30c4\u30a2\u30fc\uff1a\u30af\u30a4\u30fc\u30f3\u30ba\u30d1\u30fc\u30af\u3068\u30de\u30a6\u30f3\u30c6\u30f3\u30b4\u30ea\u30e9[:hi]\u092f\u0941\u0917\u093e\u0902\u0921\u093e \u091f\u0942\u0930: \u0915\u094d\u0935\u0940\u0928\u094d\u0938 \u092a\u093e\u0930\u094d\u0915 \u0914\u0930 \u092e\u093e\u0909\u0902\u091f\u0947\u0928 \u0917\u094b\u0930\u093f\u0932\u094d\u0932\u093e[:ar]\u062c\u0648\u0644\u0629 \u0623\u0648\u063a\u0646\u062f\u0627: \u0643\u0648\u064a\u0646\u0632 \u0628\u0627\u0631\u0643 \u0648\u0627\u0644\u063a\u0648\u0631\u064a\u0644\u0627 \u0627\u0644\u062c\u0628\u0644\u064a\u0629[:]","og_description":"Parque Nacional Reina Isabel: descubra la diversidad de animales, incluidos hienas y leones trepadores de \u00e1rboles Trekking hacia los gorilas de monta\u00f1a: una aventura \u00fanica que lo llevar\u00e1 a estos majestuosos seres en el Bosque Impenetrable de Bwindi Lago Kivu y la capital de Ruanda: disfrute de las aguas cristalinas del lago y visite lugares hist\u00f3ricos en Kigali, incluyendo el Memorial del Genocidio Safari acu\u00e1tico en el Lago Victoria: explore las tranquilas aguas del lago, disfrute del paisaje y observe aves raras, como el jacana gigante Jard\u00edn Bot\u00e1nico de Entebbe: recorra este colorido jard\u00edn lleno de \u00e1rboles centenarios y plantas brillantes, y conozca la flora y fauna local *Le informamos que nuestra empresa no se dedica a la compra, venta de boletos de avi\u00f3n ni a la tramitaci\u00f3n de visas, por lo que no se hace responsable en caso de fuerza mayor relacionada con vuelos o pasos fronterizos. Informaci\u00f3n importante: El horario de check-in y check-out est\u00e1 regulado por el hotel: entrada desde las 15:00 h, salida hasta las 11-12:00 h. Puede dejar su equipaje en la recepci\u00f3n del hotel y pasear por la ciudad, o, si hay posibilidad t\u00e9cnica, pagar por entrada anticipada o salida tard\u00eda. En Uganda existen ciertas dificultades para cambiar billetes de d\u00f3lar peque\u00f1os, desgastados o antiguos (emitidos antes de 2009), tenga esto en cuenta. En algunos lugares aplican comisiones adicionales y en otros puede que se nieguen a cambiar.","og_url":"https:\/\/mountainguides.pro\/es\/tours\/adventure\/tour-to-uganda-queen-elizabeth-national-park-and-mountain-gorillas\/","og_site_name":"Mountain Guide","article_publisher":"https:\/\/www.facebook.com\/Mountainguide-232956566756831\/","article_modified_time":"2026-01-29T10:24:39+00:00","og_image":[{"width":1800,"height":1350,"url":"https:\/\/mountainguides.pro\/wp-content\/uploads\/2025\/01\/tur-v-ugandu.jpeg","type":"image\/jpeg"}],"twitter_card":"summary_large_image","twitter_site":"@Wintercyclone","twitter_misc":{"Tiempo de lectura":"1 minuto"},"schema":{"@context":"https:\/\/schema.org","@graph":[{"@type":"WebPage","@id":"https:\/\/mountainguides.pro\/ar\/tours\/adventure\/tour-to-uganda-queen-elizabeth-national-park-and-mountain-gorillas\/","url":"https:\/\/mountainguides.pro\/ar\/tours\/adventure\/tour-to-uganda-queen-elizabeth-national-park-and-mountain-gorillas\/","name":"Adventure Uganda","isPartOf":{"@id":"https:\/\/mountainguides.pro\/#website"},"primaryImageOfPage":{"@id":"https:\/\/mountainguides.pro\/ar\/tours\/adventure\/tour-to-uganda-queen-elizabeth-national-park-and-mountain-gorillas\/#primaryimage"},"image":{"@id":"https:\/\/mountainguides.pro\/ar\/tours\/adventure\/tour-to-uganda-queen-elizabeth-national-park-and-mountain-gorillas\/#primaryimage"},"thumbnailUrl":"https:\/\/mountainguides.pro\/wp-content\/uploads\/2025\/01\/tur-v-ugandu.jpeg","datePublished":"2025-01-08T13:49:53+00:00","dateModified":"2026-01-29T10:24:39+00:00","breadcrumb":{"@id":"https:\/\/mountainguides.pro\/ar\/tours\/adventure\/tour-to-uganda-queen-elizabeth-national-park-and-mountain-gorillas\/#breadcrumb"},"inLanguage":"es","potentialAction":[{"@type":"ReadAction","target":["https:\/\/mountainguides.pro\/ar\/tours\/adventure\/tour-to-uganda-queen-elizabeth-national-park-and-mountain-gorillas\/"]}]},{"@type":"ImageObject","inLanguage":"es","@id":"https:\/\/mountainguides.pro\/ar\/tours\/adventure\/tour-to-uganda-queen-elizabeth-national-park-and-mountain-gorillas\/#primaryimage","url":"https:\/\/mountainguides.pro\/wp-content\/uploads\/2025\/01\/tur-v-ugandu.jpeg","contentUrl":"https:\/\/mountainguides.pro\/wp-content\/uploads\/2025\/01\/tur-v-ugandu.jpeg","width":1800,"height":1350},{"@type":"BreadcrumbList","@id":"https:\/\/mountainguides.pro\/ar\/tours\/adventure\/tour-to-uganda-queen-elizabeth-national-park-and-mountain-gorillas\/#breadcrumb","itemListElement":[{"@type":"ListItem","position":1,"name":"Home","item":"https:\/\/mountainguides.pro\/de\/"},{"@type":"ListItem","position":2,"name":"\u062c\u0648\u0644\u0629 \u0623\u0648\u063a\u0646\u062f\u0627: \u0643\u0648\u064a\u0646\u0632 \u0628\u0627\u0631\u0643 \u0648\u0627\u0644\u063a\u0648\u0631\u064a\u0644\u0627 \u0627\u0644\u062c\u0628\u0644\u064a\u0629"}]},{"@type":"WebSite","@id":"https:\/\/mountainguides.pro\/#website","url":"https:\/\/mountainguides.pro\/","name":"Mountain Guide","description":"We aspire to be the first in everything!","publisher":{"@id":"https:\/\/mountainguides.pro\/#organization"},"potentialAction":[{"@type":"SearchAction","target":{"@type":"EntryPoint","urlTemplate":"https:\/\/mountainguides.pro\/?s={search_term_string}"},"query-input":{"@type":"PropertyValueSpecification","valueRequired":true,"valueName":"search_term_string"}}],"inLanguage":"es"},{"@type":"Organization","@id":"https:\/\/mountainguides.pro\/#organization","name":"Mountain Guide","url":"https:\/\/mountainguides.pro\/","logo":{"@type":"ImageObject","inLanguage":"es","@id":"https:\/\/mountainguides.pro\/#\/schema\/logo\/image\/","url":"https:\/\/mountainguides.pro\/wp-content\/uploads\/2018\/01\/mglogo.jpg","contentUrl":"https:\/\/mountainguides.pro\/wp-content\/uploads\/2018\/01\/mglogo.jpg","width":1200,"height":630,"caption":"Mountain Guide"},"image":{"@id":"https:\/\/mountainguides.pro\/#\/schema\/logo\/image\/"},"sameAs":["https:\/\/www.facebook.com\/Mountainguide-232956566756831\/","https:\/\/x.com\/Wintercyclone","http:\/\/instagram.com\/mountainguide","http:\/\/www.youtube.com\/mountainguide"]}]}},"_links":{"self":[{"href":"https:\/\/mountainguides.pro\/es\/wp-json\/wp\/v2\/product\/21098","targetHints":{"allow":["GET"]}}],"collection":[{"href":"https:\/\/mountainguides.pro\/es\/wp-json\/wp\/v2\/product"}],"about":[{"href":"https:\/\/mountainguides.pro\/es\/wp-json\/wp\/v2\/types\/product"}],"replies":[{"embeddable":true,"href":"https:\/\/mountainguides.pro\/es\/wp-json\/wp\/v2\/comments?post=21098"}],"version-history":[{"count":12,"href":"https:\/\/mountainguides.pro\/es\/wp-json\/wp\/v2\/product\/21098\/revisions"}],"predecessor-version":[{"id":32666,"href":"https:\/\/mountainguides.pro\/es\/wp-json\/wp\/v2\/product\/21098\/revisions\/32666"}],"wp:featuredmedia":[{"embeddable":true,"href":"https:\/\/mountainguides.pro\/es\/wp-json\/wp\/v2\/media\/21458"}],"wp:attachment":[{"href":"https:\/\/mountainguides.pro\/es\/wp-json\/wp\/v2\/media?parent=21098"}],"wp:term":[{"taxonomy":"product_cat","embeddable":true,"href":"https:\/\/mountainguides.pro\/es\/wp-json\/wp\/v2\/product_cat?post=21098"},{"taxonomy":"product_tag","embeddable":true,"href":"https:\/\/mountainguides.pro\/es\/wp-json\/wp\/v2\/product_tag?post=21098"}],"curies":[{"name":"wp","href":"https:\/\/api.w.org\/{rel}","templated":true}]}}