{"id":21102,"date":"2025-01-08T16:50:09","date_gmt":"2025-01-08T13:50:09","guid":{"rendered":"https:\/\/mountainguides.pro\/?post_type=product&#038;p=21102"},"modified":"2026-01-29T11:15:22","modified_gmt":"2026-01-29T08:15:22","slug":"tour-to-eritrea-dahlak-archipelago-and-rashaida-nomads","status":"publish","type":"product","link":"https:\/\/mountainguides.pro\/es\/tours\/adventure\/tour-to-eritrea-dahlak-archipelago-and-rashaida-nomads\/","title":{"rendered":"Tour a Eritrea: el archipi\u00e9lago de Dahlak y los n\u00f3madas de Rashaid"},"content":{"rendered":"","protected":false},"excerpt":{"rendered":"<p class=\"p1\">\u2022 Paseo por las estrechas calles de Asmara con arquitectura art d\u00e9co y visita al cementerio de maquinaria militar<\/p>\n<p class=\"p1\">\u2022 Encuentro con los n\u00f3madas Rashaida, sus coloridos trajes tradicionales y costumbres \u00fanicas<\/p>\n<p class=\"p1\">\u2022 Sumergirse en la atm\u00f3sfera del antiguo puerto de Massawa, donde las tradiciones orientales se combinan armoniosamente con la arquitectura colonial<\/p>\n<p class=\"p1\">\u2022 Viaje mar\u00edtimo al archipi\u00e9lago de Dahlak con noche bajo las estrellas en la isla Dessie<\/p>\n<p class=\"p1\">\u2022 Visita a uno de los monasterios m\u00e1s famosos de Eritrea, situado a 2450 metros de altitud, con vistas impresionantes y rica historia<\/p>\n<p class=\"p3\">Atenci\u00f3n: nuestra compa\u00f1\u00eda no se encarga de la compra o venta de boletos de avi\u00f3n ni de la gesti\u00f3n de visados, por lo que no se responsabiliza ante imprevistos relacionados con vuelos o cruces de fronteras.<\/p>\n<p class=\"p3\"><strong>Informaci\u00f3n importante:<\/strong><\/p>\n<p class=\"p1\">\u2022 Los horarios de check-in y check-out est\u00e1n regulados por el hotel: entrada a partir de las 15:00, salida hasta las 11-12:00. Se puede dejar el equipaje en la recepci\u00f3n y pasear por la ciudad, o, si es posible, pagar un suplemento por entrada anticipada\/salida tard\u00eda.<\/p>\n<p class=\"p1\">\u2022 En Eritrea hay dificultades para cambiar billetes de d\u00f3lar peque\u00f1os, usados o antiguos (emitidos antes de 2009), tenga esto en cuenta. En algunos casos hay comisiones extra o incluso rechazo del cambio.<\/p>\n","protected":false},"featured_media":21454,"comment_status":"closed","ping_status":"closed","template":"","meta":{"_acf_changed":false,"footnotes":""},"product_cat":[337],"product_tag":[],"class_list":{"0":"post-21102","1":"product","2":"type-product","3":"status-publish","4":"has-post-thumbnail","6":"product_cat-adventure","8":"first","9":"instock","10":"shipping-taxable","11":"purchasable","12":"product-type-simple"},"acf":[],"yoast_head":"<!-- This site is optimized with the Yoast SEO Premium plugin v26.5 (Yoast SEO v27.3) - https:\/\/yoast.com\/product\/yoast-seo-premium-wordpress\/ -->\n<title>Adventure Eritrea<\/title>\n<meta name=\"robots\" content=\"index, follow, max-snippet:-1, max-image-preview:large, max-video-preview:-1\" \/>\n<link rel=\"canonical\" href=\"https:\/\/mountainguides.pro\/es\/tours\/adventure\/tour-to-eritrea-dahlak-archipelago-and-rashaida-nomads\/\" \/>\n<meta property=\"og:locale\" content=\"es_ES\" \/>\n<meta property=\"og:locale:alternate\" content=\"en_US\" \/>\n<meta property=\"og:locale:alternate\" content=\"ru_RU\" \/>\n<meta property=\"og:locale:alternate\" content=\"de\" \/>\n<meta property=\"og:locale:alternate\" content=\"pt\" \/>\n<meta property=\"og:locale:alternate\" content=\"zh\" \/>\n<meta property=\"og:locale:alternate\" content=\"ko\" \/>\n<meta property=\"og:locale:alternate\" content=\"ja\" \/>\n<meta property=\"og:locale:alternate\" content=\"hi\" \/>\n<meta property=\"og:locale:alternate\" content=\"ar\" \/>\n<meta property=\"og:type\" content=\"article\" \/>\n<meta property=\"og:title\" content=\"Tour a Eritrea: el archipi\u00e9lago de Dahlak y los n\u00f3madas de Rashaid\" \/>\n<meta property=\"og:description\" content=\"\u2022 Paseo por las estrechas calles de Asmara con arquitectura art d\u00e9co y visita al cementerio de maquinaria militar \u2022 Encuentro con los n\u00f3madas Rashaida, sus coloridos trajes tradicionales y costumbres \u00fanicas \u2022 Sumergirse en la atm\u00f3sfera del antiguo puerto de Massawa, donde las tradiciones orientales se combinan armoniosamente con la arquitectura colonial \u2022 Viaje mar\u00edtimo al archipi\u00e9lago de Dahlak con noche bajo las estrellas en la isla Dessie \u2022 Visita a uno de los monasterios m\u00e1s famosos de Eritrea, situado a 2450 metros de altitud, con vistas impresionantes y rica historia Atenci\u00f3n: nuestra compa\u00f1\u00eda no se encarga de la compra o venta de boletos de avi\u00f3n ni de la gesti\u00f3n de visados, por lo que no se responsabiliza ante imprevistos relacionados con vuelos o cruces de fronteras. Informaci\u00f3n importante: \u2022 Los horarios de check-in y check-out est\u00e1n regulados por el hotel: entrada a partir de las 15:00, salida hasta las 11-12:00. Se puede dejar el equipaje en la recepci\u00f3n y pasear por la ciudad, o, si es posible, pagar un suplemento por entrada anticipada\/salida tard\u00eda. \u2022 En Eritrea hay dificultades para cambiar billetes de d\u00f3lar peque\u00f1os, usados o antiguos (emitidos antes de 2009), tenga esto en cuenta. En algunos casos hay comisiones extra o incluso rechazo del cambio.\" \/>\n<meta property=\"og:url\" content=\"https:\/\/mountainguides.pro\/es\/tours\/adventure\/tour-to-eritrea-dahlak-archipelago-and-rashaida-nomads\/\" \/>\n<meta property=\"og:site_name\" content=\"Mountain Guide\" \/>\n<meta property=\"article:publisher\" content=\"https:\/\/www.facebook.com\/Mountainguide-232956566756831\/\" \/>\n<meta property=\"article:modified_time\" content=\"2026-01-29T08:15:22+00:00\" \/>\n<meta property=\"og:image\" content=\"https:\/\/mountainguides.pro\/wp-content\/uploads\/2025\/01\/tur-v-eritreyu.jpeg\" \/>\n\t<meta property=\"og:image:width\" content=\"1800\" \/>\n\t<meta property=\"og:image:height\" content=\"1350\" \/>\n\t<meta property=\"og:image:type\" content=\"image\/jpeg\" \/>\n<meta name=\"twitter:card\" content=\"summary_large_image\" \/>\n<meta name=\"twitter:site\" content=\"@Wintercyclone\" \/>\n<meta name=\"twitter:label1\" content=\"Tiempo de lectura\" \/>\n\t<meta name=\"twitter:data1\" content=\"1 minuto\" \/>\n<script type=\"application\/ld+json\" class=\"yoast-schema-graph\">{\"@context\":\"https:\\\/\\\/schema.org\",\"@graph\":[{\"@type\":\"WebPage\",\"@id\":\"https:\\\/\\\/mountainguides.pro\\\/ar\\\/tours\\\/adventure\\\/tour-to-eritrea-dahlak-archipelago-and-rashaida-nomads\\\/\",\"url\":\"https:\\\/\\\/mountainguides.pro\\\/ar\\\/tours\\\/adventure\\\/tour-to-eritrea-dahlak-archipelago-and-rashaida-nomads\\\/\",\"name\":\"Adventure Eritrea\",\"isPartOf\":{\"@id\":\"https:\\\/\\\/mountainguides.pro\\\/#website\"},\"primaryImageOfPage\":{\"@id\":\"https:\\\/\\\/mountainguides.pro\\\/ar\\\/tours\\\/adventure\\\/tour-to-eritrea-dahlak-archipelago-and-rashaida-nomads\\\/#primaryimage\"},\"image\":{\"@id\":\"https:\\\/\\\/mountainguides.pro\\\/ar\\\/tours\\\/adventure\\\/tour-to-eritrea-dahlak-archipelago-and-rashaida-nomads\\\/#primaryimage\"},\"thumbnailUrl\":\"https:\\\/\\\/mountainguides.pro\\\/wp-content\\\/uploads\\\/2025\\\/01\\\/tur-v-eritreyu.jpeg\",\"datePublished\":\"2025-01-08T13:50:09+00:00\",\"dateModified\":\"2026-01-29T08:15:22+00:00\",\"breadcrumb\":{\"@id\":\"https:\\\/\\\/mountainguides.pro\\\/ar\\\/tours\\\/adventure\\\/tour-to-eritrea-dahlak-archipelago-and-rashaida-nomads\\\/#breadcrumb\"},\"inLanguage\":\"es\",\"potentialAction\":[{\"@type\":\"ReadAction\",\"target\":[\"https:\\\/\\\/mountainguides.pro\\\/ar\\\/tours\\\/adventure\\\/tour-to-eritrea-dahlak-archipelago-and-rashaida-nomads\\\/\"]}]},{\"@type\":\"ImageObject\",\"inLanguage\":\"es\",\"@id\":\"https:\\\/\\\/mountainguides.pro\\\/ar\\\/tours\\\/adventure\\\/tour-to-eritrea-dahlak-archipelago-and-rashaida-nomads\\\/#primaryimage\",\"url\":\"https:\\\/\\\/mountainguides.pro\\\/wp-content\\\/uploads\\\/2025\\\/01\\\/tur-v-eritreyu.jpeg\",\"contentUrl\":\"https:\\\/\\\/mountainguides.pro\\\/wp-content\\\/uploads\\\/2025\\\/01\\\/tur-v-eritreyu.jpeg\",\"width\":1800,\"height\":1350},{\"@type\":\"BreadcrumbList\",\"@id\":\"https:\\\/\\\/mountainguides.pro\\\/ar\\\/tours\\\/adventure\\\/tour-to-eritrea-dahlak-archipelago-and-rashaida-nomads\\\/#breadcrumb\",\"itemListElement\":[{\"@type\":\"ListItem\",\"position\":1,\"name\":\"Home\",\"item\":\"https:\\\/\\\/mountainguides.pro\\\/de\\\/\"},{\"@type\":\"ListItem\",\"position\":2,\"name\":\"\u062c\u0648\u0644\u0629 \u0625\u0631\u064a\u062a\u0631\u064a\u0627: \u0623\u0631\u062e\u0628\u064a\u0644 \u062f\u0647\u0644\u0643 \u0648\u0631\u0634\u064a\u062f\u0629 \u0627\u0644\u0628\u062f\u0648\"}]},{\"@type\":\"WebSite\",\"@id\":\"https:\\\/\\\/mountainguides.pro\\\/#website\",\"url\":\"https:\\\/\\\/mountainguides.pro\\\/\",\"name\":\"Mountain Guide\",\"description\":\"We aspire to be the first in everything!\",\"publisher\":{\"@id\":\"https:\\\/\\\/mountainguides.pro\\\/#organization\"},\"potentialAction\":[{\"@type\":\"SearchAction\",\"target\":{\"@type\":\"EntryPoint\",\"urlTemplate\":\"https:\\\/\\\/mountainguides.pro\\\/?s={search_term_string}\"},\"query-input\":{\"@type\":\"PropertyValueSpecification\",\"valueRequired\":true,\"valueName\":\"search_term_string\"}}],\"inLanguage\":\"es\"},{\"@type\":\"Organization\",\"@id\":\"https:\\\/\\\/mountainguides.pro\\\/#organization\",\"name\":\"Mountain Guide\",\"url\":\"https:\\\/\\\/mountainguides.pro\\\/\",\"logo\":{\"@type\":\"ImageObject\",\"inLanguage\":\"es\",\"@id\":\"https:\\\/\\\/mountainguides.pro\\\/#\\\/schema\\\/logo\\\/image\\\/\",\"url\":\"https:\\\/\\\/mountainguides.pro\\\/wp-content\\\/uploads\\\/2018\\\/01\\\/mglogo.jpg\",\"contentUrl\":\"https:\\\/\\\/mountainguides.pro\\\/wp-content\\\/uploads\\\/2018\\\/01\\\/mglogo.jpg\",\"width\":1200,\"height\":630,\"caption\":\"Mountain Guide\"},\"image\":{\"@id\":\"https:\\\/\\\/mountainguides.pro\\\/#\\\/schema\\\/logo\\\/image\\\/\"},\"sameAs\":[\"https:\\\/\\\/www.facebook.com\\\/Mountainguide-232956566756831\\\/\",\"https:\\\/\\\/x.com\\\/Wintercyclone\",\"http:\\\/\\\/instagram.com\\\/mountainguide\",\"http:\\\/\\\/www.youtube.com\\\/mountainguide\"]}]}<\/script>\n<!-- \/ Yoast SEO Premium plugin. -->","yoast_head_json":{"title":"Adventure Eritrea","robots":{"index":"index","follow":"follow","max-snippet":"max-snippet:-1","max-image-preview":"max-image-preview:large","max-video-preview":"max-video-preview:-1"},"canonical":"https:\/\/mountainguides.pro\/es\/tours\/adventure\/tour-to-eritrea-dahlak-archipelago-and-rashaida-nomads\/","og_locale":"es_ES","og_type":"article","og_title":"[:en]Tour to Eritrea: Dahlak Archipelago and Rashaida Nomads[:de]Tour nach Eritrea: Der Archipel Dahlak und die Nomaden von Rashaid[:es]Tour a Eritrea: el archipi\u00e9lago de Dahlak y los n\u00f3madas de Rashaid[:pt]Excurs\u00e3o \u00e0 Eritreia: O arquip\u00e9lago de Dahlak e os n\u00f4mades de Rashaid[:zh]\u5384\u7acb\u7279\u91cc\u4e9a\u4e4b\u65c5\uff1a\u8fbe\u8d6b\u62c9\u514b\u7fa4\u5c9b\u548c\u62c9\u6c99\u4f0a\u8fbe\u6e38\u7267\u6c11\u65cf[:ko]\uc5d0\ub9ac\ud2b8\ub808\uc544 \ud22c\uc5b4:\ub2ec\ub77d \uad70\ub3c4\uc640 \ub77c\uc0e4\uc774\ub2e4 \uc720\ubaa9\ubbfc[:ja]\u30a8\u30ea\u30c8\u30ea\u30a2\u30c4\u30a2\u30fc\uff1a\u30c0\u30e9\u30af\u8af8\u5cf6\u3068\u30e9\u30b7\u30e3\u30a4\u30c0\u904a\u7267\u6c11[:hi]\u0907\u0930\u093f\u091f\u094d\u0930\u093f\u092f\u093e \u091f\u0942\u0930: \u0926\u0939\u0932\u093e\u0915 \u0926\u094d\u0935\u0940\u092a\u0938\u092e\u0942\u0939 \u0914\u0930 \u0930\u0936\u0940\u0926\u093e \u0916\u093e\u0928\u093e\u092c\u0926\u094b\u0936[:ar]\u062c\u0648\u0644\u0629 \u0625\u0631\u064a\u062a\u0631\u064a\u0627: \u0623\u0631\u062e\u0628\u064a\u0644 \u062f\u0647\u0644\u0643 \u0648\u0631\u0634\u064a\u062f\u0629 \u0627\u0644\u0628\u062f\u0648[:]","og_description":"\u2022 Paseo por las estrechas calles de Asmara con arquitectura art d\u00e9co y visita al cementerio de maquinaria militar \u2022 Encuentro con los n\u00f3madas Rashaida, sus coloridos trajes tradicionales y costumbres \u00fanicas \u2022 Sumergirse en la atm\u00f3sfera del antiguo puerto de Massawa, donde las tradiciones orientales se combinan armoniosamente con la arquitectura colonial \u2022 Viaje mar\u00edtimo al archipi\u00e9lago de Dahlak con noche bajo las estrellas en la isla Dessie \u2022 Visita a uno de los monasterios m\u00e1s famosos de Eritrea, situado a 2450 metros de altitud, con vistas impresionantes y rica historia Atenci\u00f3n: nuestra compa\u00f1\u00eda no se encarga de la compra o venta de boletos de avi\u00f3n ni de la gesti\u00f3n de visados, por lo que no se responsabiliza ante imprevistos relacionados con vuelos o cruces de fronteras. Informaci\u00f3n importante: \u2022 Los horarios de check-in y check-out est\u00e1n regulados por el hotel: entrada a partir de las 15:00, salida hasta las 11-12:00. Se puede dejar el equipaje en la recepci\u00f3n y pasear por la ciudad, o, si es posible, pagar un suplemento por entrada anticipada\/salida tard\u00eda. \u2022 En Eritrea hay dificultades para cambiar billetes de d\u00f3lar peque\u00f1os, usados o antiguos (emitidos antes de 2009), tenga esto en cuenta. En algunos casos hay comisiones extra o incluso rechazo del cambio.","og_url":"https:\/\/mountainguides.pro\/es\/tours\/adventure\/tour-to-eritrea-dahlak-archipelago-and-rashaida-nomads\/","og_site_name":"Mountain Guide","article_publisher":"https:\/\/www.facebook.com\/Mountainguide-232956566756831\/","article_modified_time":"2026-01-29T08:15:22+00:00","og_image":[{"width":1800,"height":1350,"url":"https:\/\/mountainguides.pro\/wp-content\/uploads\/2025\/01\/tur-v-eritreyu.jpeg","type":"image\/jpeg"}],"twitter_card":"summary_large_image","twitter_site":"@Wintercyclone","twitter_misc":{"Tiempo de lectura":"1 minuto"},"schema":{"@context":"https:\/\/schema.org","@graph":[{"@type":"WebPage","@id":"https:\/\/mountainguides.pro\/ar\/tours\/adventure\/tour-to-eritrea-dahlak-archipelago-and-rashaida-nomads\/","url":"https:\/\/mountainguides.pro\/ar\/tours\/adventure\/tour-to-eritrea-dahlak-archipelago-and-rashaida-nomads\/","name":"Adventure Eritrea","isPartOf":{"@id":"https:\/\/mountainguides.pro\/#website"},"primaryImageOfPage":{"@id":"https:\/\/mountainguides.pro\/ar\/tours\/adventure\/tour-to-eritrea-dahlak-archipelago-and-rashaida-nomads\/#primaryimage"},"image":{"@id":"https:\/\/mountainguides.pro\/ar\/tours\/adventure\/tour-to-eritrea-dahlak-archipelago-and-rashaida-nomads\/#primaryimage"},"thumbnailUrl":"https:\/\/mountainguides.pro\/wp-content\/uploads\/2025\/01\/tur-v-eritreyu.jpeg","datePublished":"2025-01-08T13:50:09+00:00","dateModified":"2026-01-29T08:15:22+00:00","breadcrumb":{"@id":"https:\/\/mountainguides.pro\/ar\/tours\/adventure\/tour-to-eritrea-dahlak-archipelago-and-rashaida-nomads\/#breadcrumb"},"inLanguage":"es","potentialAction":[{"@type":"ReadAction","target":["https:\/\/mountainguides.pro\/ar\/tours\/adventure\/tour-to-eritrea-dahlak-archipelago-and-rashaida-nomads\/"]}]},{"@type":"ImageObject","inLanguage":"es","@id":"https:\/\/mountainguides.pro\/ar\/tours\/adventure\/tour-to-eritrea-dahlak-archipelago-and-rashaida-nomads\/#primaryimage","url":"https:\/\/mountainguides.pro\/wp-content\/uploads\/2025\/01\/tur-v-eritreyu.jpeg","contentUrl":"https:\/\/mountainguides.pro\/wp-content\/uploads\/2025\/01\/tur-v-eritreyu.jpeg","width":1800,"height":1350},{"@type":"BreadcrumbList","@id":"https:\/\/mountainguides.pro\/ar\/tours\/adventure\/tour-to-eritrea-dahlak-archipelago-and-rashaida-nomads\/#breadcrumb","itemListElement":[{"@type":"ListItem","position":1,"name":"Home","item":"https:\/\/mountainguides.pro\/de\/"},{"@type":"ListItem","position":2,"name":"\u062c\u0648\u0644\u0629 \u0625\u0631\u064a\u062a\u0631\u064a\u0627: \u0623\u0631\u062e\u0628\u064a\u0644 \u062f\u0647\u0644\u0643 \u0648\u0631\u0634\u064a\u062f\u0629 \u0627\u0644\u0628\u062f\u0648"}]},{"@type":"WebSite","@id":"https:\/\/mountainguides.pro\/#website","url":"https:\/\/mountainguides.pro\/","name":"Mountain Guide","description":"We aspire to be the first in everything!","publisher":{"@id":"https:\/\/mountainguides.pro\/#organization"},"potentialAction":[{"@type":"SearchAction","target":{"@type":"EntryPoint","urlTemplate":"https:\/\/mountainguides.pro\/?s={search_term_string}"},"query-input":{"@type":"PropertyValueSpecification","valueRequired":true,"valueName":"search_term_string"}}],"inLanguage":"es"},{"@type":"Organization","@id":"https:\/\/mountainguides.pro\/#organization","name":"Mountain Guide","url":"https:\/\/mountainguides.pro\/","logo":{"@type":"ImageObject","inLanguage":"es","@id":"https:\/\/mountainguides.pro\/#\/schema\/logo\/image\/","url":"https:\/\/mountainguides.pro\/wp-content\/uploads\/2018\/01\/mglogo.jpg","contentUrl":"https:\/\/mountainguides.pro\/wp-content\/uploads\/2018\/01\/mglogo.jpg","width":1200,"height":630,"caption":"Mountain Guide"},"image":{"@id":"https:\/\/mountainguides.pro\/#\/schema\/logo\/image\/"},"sameAs":["https:\/\/www.facebook.com\/Mountainguide-232956566756831\/","https:\/\/x.com\/Wintercyclone","http:\/\/instagram.com\/mountainguide","http:\/\/www.youtube.com\/mountainguide"]}]}},"_links":{"self":[{"href":"https:\/\/mountainguides.pro\/es\/wp-json\/wp\/v2\/product\/21102","targetHints":{"allow":["GET"]}}],"collection":[{"href":"https:\/\/mountainguides.pro\/es\/wp-json\/wp\/v2\/product"}],"about":[{"href":"https:\/\/mountainguides.pro\/es\/wp-json\/wp\/v2\/types\/product"}],"replies":[{"embeddable":true,"href":"https:\/\/mountainguides.pro\/es\/wp-json\/wp\/v2\/comments?post=21102"}],"version-history":[{"count":13,"href":"https:\/\/mountainguides.pro\/es\/wp-json\/wp\/v2\/product\/21102\/revisions"}],"predecessor-version":[{"id":32661,"href":"https:\/\/mountainguides.pro\/es\/wp-json\/wp\/v2\/product\/21102\/revisions\/32661"}],"wp:featuredmedia":[{"embeddable":true,"href":"https:\/\/mountainguides.pro\/es\/wp-json\/wp\/v2\/media\/21454"}],"wp:attachment":[{"href":"https:\/\/mountainguides.pro\/es\/wp-json\/wp\/v2\/media?parent=21102"}],"wp:term":[{"taxonomy":"product_cat","embeddable":true,"href":"https:\/\/mountainguides.pro\/es\/wp-json\/wp\/v2\/product_cat?post=21102"},{"taxonomy":"product_tag","embeddable":true,"href":"https:\/\/mountainguides.pro\/es\/wp-json\/wp\/v2\/product_tag?post=21102"}],"curies":[{"name":"wp","href":"https:\/\/api.w.org\/{rel}","templated":true}]}}