{"id":21104,"date":"2025-01-08T16:50:17","date_gmt":"2025-01-08T13:50:17","guid":{"rendered":"https:\/\/mountainguides.pro\/?post_type=product&#038;p=21104"},"modified":"2026-01-29T10:59:23","modified_gmt":"2026-01-29T07:59:23","slug":"tinder-tour-climbing-mount-elbrus","status":"publish","type":"product","link":"https:\/\/mountainguides.pro\/es\/tours\/climb-elbrus\/tinder-tour-climbing-mount-elbrus\/","title":{"rendered":"Tinder Tour, escalada en Elbrus"},"content":{"rendered":"","protected":false},"excerpt":{"rendered":"<p class=\"p1\">No garantizamos el amor, \u00a1pero creamos las condiciones para conocer gente!<\/p>\n<p class=\"p1\">El Tinder-tour al Elbr\u00fas es una oportunidad para conocer nuevas personas en un ambiente de monta\u00f1a y aventuras. Sin embargo, no podemos asegurar que encuentres a tu media naranja. Todo depende de ti, de tu apertura y actitud: todos participan en igualdad de condiciones. Los participantes toman parte en actividades grupales, pero su implicaci\u00f3n en encuentros rom\u00e1nticos no es obligatoria. Lo m\u00e1s importante es el respeto y la comodidad de cada persona. Las monta\u00f1as requieren trabajo en equipo, y el objetivo principal del tour es crear un grupo unido donde cada miembro se sienta parte del equipo. No intervenimos en las relaciones personales de los participantes y respetamos sus decisiones; todo ser\u00e1 lo m\u00e1s sencillo posible: nadie est\u00e1 obligado a interesarse por citas o romances.<\/p>\n<p class=\"p1\">No obstante, ascender al Elbr\u00fas es un desaf\u00edo, y garantizamos condiciones seguras para que puedas afrontarlo sin dramas innecesarios. En primer lugar, nos enorgullecen nuestros gu\u00edas experimentados; no solo lo decimos, \u00a1te los mostramos! A diferencia de muchas otras compa\u00f1\u00edas, confiamos plenamente en nuestro profesionalismo y estaremos encantados de presentar a nuestros especialistas, que har\u00e1n que tu ascensi\u00f3n sea segura e inolvidable. Adem\u00e1s, con nosotros tienes intentos ilimitados para alcanzar la cima. A diferencia de otras compa\u00f1\u00edas, donde generalmente solo se permite un intento, en nuestro programa puedes usar todos los d\u00edas de reserva sin costes adicionales. Esto significa m\u00e1s posibilidades de \u00e9xito y menos estr\u00e9s.<\/p>\n<p class=\"p1\">Tu comodidad es nuestra prioridad. Ofrecemos excelente alimentaci\u00f3n en el hotel en Terskol y en el refugio, incluyendo platos frescos de carne, frutas y verduras. Nuestro hotel cuenta con habitaciones acogedoras y un comedor espacioso, ideal para relajarse tras un d\u00eda intenso. En el refugio encontrar\u00e1s un ambiente c\u00f3modo, con cocina amplia y camas individuales en los m\u00f3dulos de alojamiento. Ropa de cama, ba\u00f1os limpios, cocina-comedor independiente y acogedor, y los servicios de nuestro incre\u00edble chef, todo esto permite que te concentres en la ascensi\u00f3n y no en las incomodidades. Adem\u00e1s, nuestro propio servicio de alquiler de equipamiento \u2014el m\u00e1s moderno y grande de la regi\u00f3n del Elbr\u00fas\u2014 te proporcionar\u00e1 todo lo necesario para un descanso seguro y de calidad.<\/p>\n<p class=\"p1\">En el Tinder-tour al Elbr\u00fas no solo disfrutar\u00e1s de paisajes monta\u00f1osos impresionantes, sino tambi\u00e9n de comunicaci\u00f3n c\u00e1lida, apoyo del equipo y emociones inolvidables. Tal vez no encuentres al amor de tu vida, pero regresar\u00e1s a casa con nuevas experiencias, nuevos amigos e inspiraci\u00f3n para futuros viajes.<\/p>\n","protected":false},"featured_media":17795,"comment_status":"closed","ping_status":"closed","template":"","meta":{"_acf_changed":false,"footnotes":""},"product_cat":[330],"product_tag":[],"class_list":{"0":"post-21104","1":"product","2":"type-product","3":"status-publish","4":"has-post-thumbnail","6":"product_cat-climb-elbrus","8":"first","9":"instock","10":"shipping-taxable","11":"purchasable","12":"product-type-simple"},"acf":[],"yoast_head":"<!-- This site is optimized with the Yoast SEO Premium plugin v26.5 (Yoast SEO v27.3) - https:\/\/yoast.com\/product\/yoast-seo-premium-wordpress\/ -->\n<title>Climbing Tinder Tour Elbrus<\/title>\n<meta name=\"robots\" content=\"index, follow, max-snippet:-1, max-image-preview:large, max-video-preview:-1\" \/>\n<link rel=\"canonical\" href=\"https:\/\/mountainguides.pro\/es\/tours\/climb-elbrus\/tinder-tour-climbing-mount-elbrus\/\" \/>\n<meta property=\"og:locale\" content=\"es_ES\" \/>\n<meta property=\"og:locale:alternate\" content=\"en_US\" \/>\n<meta property=\"og:locale:alternate\" content=\"ru_RU\" \/>\n<meta property=\"og:locale:alternate\" content=\"de\" \/>\n<meta property=\"og:locale:alternate\" content=\"pt\" \/>\n<meta property=\"og:locale:alternate\" content=\"zh\" \/>\n<meta property=\"og:locale:alternate\" content=\"ko\" \/>\n<meta property=\"og:locale:alternate\" content=\"ja\" \/>\n<meta property=\"og:locale:alternate\" content=\"hi\" \/>\n<meta property=\"og:locale:alternate\" content=\"ar\" \/>\n<meta property=\"og:type\" content=\"article\" \/>\n<meta property=\"og:title\" content=\"Tinder Tour, escalada en Elbrus\" \/>\n<meta property=\"og:description\" content=\"No garantizamos el amor, \u00a1pero creamos las condiciones para conocer gente! El Tinder-tour al Elbr\u00fas es una oportunidad para conocer nuevas personas en un ambiente de monta\u00f1a y aventuras. Sin embargo, no podemos asegurar que encuentres a tu media naranja. Todo depende de ti, de tu apertura y actitud: todos participan en igualdad de condiciones. Los participantes toman parte en actividades grupales, pero su implicaci\u00f3n en encuentros rom\u00e1nticos no es obligatoria. Lo m\u00e1s importante es el respeto y la comodidad de cada persona. Las monta\u00f1as requieren trabajo en equipo, y el objetivo principal del tour es crear un grupo unido donde cada miembro se sienta parte del equipo. No intervenimos en las relaciones personales de los participantes y respetamos sus decisiones; todo ser\u00e1 lo m\u00e1s sencillo posible: nadie est\u00e1 obligado a interesarse por citas o romances. No obstante, ascender al Elbr\u00fas es un desaf\u00edo, y garantizamos condiciones seguras para que puedas afrontarlo sin dramas innecesarios. En primer lugar, nos enorgullecen nuestros gu\u00edas experimentados; no solo lo decimos, \u00a1te los mostramos! A diferencia de muchas otras compa\u00f1\u00edas, confiamos plenamente en nuestro profesionalismo y estaremos encantados de presentar a nuestros especialistas, que har\u00e1n que tu ascensi\u00f3n sea segura e inolvidable. Adem\u00e1s, con nosotros tienes intentos ilimitados para alcanzar la cima. A diferencia de otras compa\u00f1\u00edas, donde generalmente solo se permite un intento, en nuestro programa puedes usar todos los d\u00edas de reserva sin costes adicionales. Esto significa m\u00e1s posibilidades de \u00e9xito y menos estr\u00e9s. Tu comodidad es nuestra prioridad. Ofrecemos excelente alimentaci\u00f3n en el hotel en Terskol y en el refugio, incluyendo platos frescos de carne, frutas y verduras. Nuestro hotel cuenta con habitaciones acogedoras y un comedor espacioso, ideal para relajarse tras un d\u00eda intenso. En el refugio encontrar\u00e1s un ambiente c\u00f3modo, con cocina amplia y camas individuales en los m\u00f3dulos de alojamiento. Ropa de cama, ba\u00f1os limpios, cocina-comedor independiente y acogedor, y los servicios de nuestro incre\u00edble chef, todo esto permite que te concentres en la ascensi\u00f3n y no en las incomodidades. Adem\u00e1s, nuestro propio servicio de alquiler de equipamiento \u2014el m\u00e1s moderno y grande de la regi\u00f3n del Elbr\u00fas\u2014 te proporcionar\u00e1 todo lo necesario para un descanso seguro y de calidad. En el Tinder-tour al Elbr\u00fas no solo disfrutar\u00e1s de paisajes monta\u00f1osos impresionantes, sino tambi\u00e9n de comunicaci\u00f3n c\u00e1lida, apoyo del equipo y emociones inolvidables. Tal vez no encuentres al amor de tu vida, pero regresar\u00e1s a casa con nuevas experiencias, nuevos amigos e inspiraci\u00f3n para futuros viajes.\" \/>\n<meta property=\"og:url\" content=\"https:\/\/mountainguides.pro\/es\/tours\/climb-elbrus\/tinder-tour-climbing-mount-elbrus\/\" \/>\n<meta property=\"og:site_name\" content=\"Mountain Guide\" \/>\n<meta property=\"article:publisher\" content=\"https:\/\/www.facebook.com\/Mountainguide-232956566756831\/\" \/>\n<meta property=\"article:modified_time\" content=\"2026-01-29T07:59:23+00:00\" \/>\n<meta property=\"og:image\" content=\"https:\/\/mountainguides.pro\/wp-content\/uploads\/2022\/01\/climb-elbrus-fast-with-o2-mountainguide.ru-06.jpg\" \/>\n\t<meta property=\"og:image:width\" content=\"1600\" \/>\n\t<meta property=\"og:image:height\" content=\"1200\" \/>\n\t<meta property=\"og:image:type\" content=\"image\/jpeg\" \/>\n<meta name=\"twitter:card\" content=\"summary_large_image\" \/>\n<meta name=\"twitter:site\" content=\"@Wintercyclone\" \/>\n<meta name=\"twitter:label1\" content=\"Tiempo de lectura\" \/>\n\t<meta name=\"twitter:data1\" content=\"1 minuto\" \/>\n<script type=\"application\/ld+json\" class=\"yoast-schema-graph\">{\"@context\":\"https:\\\/\\\/schema.org\",\"@graph\":[{\"@type\":\"WebPage\",\"@id\":\"https:\\\/\\\/mountainguides.pro\\\/ar\\\/tours\\\/climb-elbrus\\\/tinder-tour-climbing-mount-elbrus\\\/\",\"url\":\"https:\\\/\\\/mountainguides.pro\\\/ar\\\/tours\\\/climb-elbrus\\\/tinder-tour-climbing-mount-elbrus\\\/\",\"name\":\"Climbing Tinder Tour Elbrus\",\"isPartOf\":{\"@id\":\"https:\\\/\\\/mountainguides.pro\\\/#website\"},\"primaryImageOfPage\":{\"@id\":\"https:\\\/\\\/mountainguides.pro\\\/ar\\\/tours\\\/climb-elbrus\\\/tinder-tour-climbing-mount-elbrus\\\/#primaryimage\"},\"image\":{\"@id\":\"https:\\\/\\\/mountainguides.pro\\\/ar\\\/tours\\\/climb-elbrus\\\/tinder-tour-climbing-mount-elbrus\\\/#primaryimage\"},\"thumbnailUrl\":\"https:\\\/\\\/mountainguides.pro\\\/wp-content\\\/uploads\\\/2022\\\/01\\\/climb-elbrus-fast-with-o2-mountainguide.ru-06.jpg\",\"datePublished\":\"2025-01-08T13:50:17+00:00\",\"dateModified\":\"2026-01-29T07:59:23+00:00\",\"breadcrumb\":{\"@id\":\"https:\\\/\\\/mountainguides.pro\\\/ar\\\/tours\\\/climb-elbrus\\\/tinder-tour-climbing-mount-elbrus\\\/#breadcrumb\"},\"inLanguage\":\"es\",\"potentialAction\":[{\"@type\":\"ReadAction\",\"target\":[\"https:\\\/\\\/mountainguides.pro\\\/ar\\\/tours\\\/climb-elbrus\\\/tinder-tour-climbing-mount-elbrus\\\/\"]}]},{\"@type\":\"ImageObject\",\"inLanguage\":\"es\",\"@id\":\"https:\\\/\\\/mountainguides.pro\\\/ar\\\/tours\\\/climb-elbrus\\\/tinder-tour-climbing-mount-elbrus\\\/#primaryimage\",\"url\":\"https:\\\/\\\/mountainguides.pro\\\/wp-content\\\/uploads\\\/2022\\\/01\\\/climb-elbrus-fast-with-o2-mountainguide.ru-06.jpg\",\"contentUrl\":\"https:\\\/\\\/mountainguides.pro\\\/wp-content\\\/uploads\\\/2022\\\/01\\\/climb-elbrus-fast-with-o2-mountainguide.ru-06.jpg\",\"width\":1600,\"height\":1200},{\"@type\":\"BreadcrumbList\",\"@id\":\"https:\\\/\\\/mountainguides.pro\\\/ar\\\/tours\\\/climb-elbrus\\\/tinder-tour-climbing-mount-elbrus\\\/#breadcrumb\",\"itemListElement\":[{\"@type\":\"ListItem\",\"position\":1,\"name\":\"Home\",\"item\":\"https:\\\/\\\/mountainguides.pro\\\/de\\\/\"},{\"@type\":\"ListItem\",\"position\":2,\"name\":\"\u0627\u0644\u0628\u0631\u0648\u0633 \u062a\u0633\u0644\u0642 \u0635\u0648\u0641\u0627\u0646 \u062c\u0648\u0644\u0629\"}]},{\"@type\":\"WebSite\",\"@id\":\"https:\\\/\\\/mountainguides.pro\\\/#website\",\"url\":\"https:\\\/\\\/mountainguides.pro\\\/\",\"name\":\"Mountain Guide\",\"description\":\"We aspire to be the first in everything!\",\"publisher\":{\"@id\":\"https:\\\/\\\/mountainguides.pro\\\/#organization\"},\"potentialAction\":[{\"@type\":\"SearchAction\",\"target\":{\"@type\":\"EntryPoint\",\"urlTemplate\":\"https:\\\/\\\/mountainguides.pro\\\/?s={search_term_string}\"},\"query-input\":{\"@type\":\"PropertyValueSpecification\",\"valueRequired\":true,\"valueName\":\"search_term_string\"}}],\"inLanguage\":\"es\"},{\"@type\":\"Organization\",\"@id\":\"https:\\\/\\\/mountainguides.pro\\\/#organization\",\"name\":\"Mountain Guide\",\"url\":\"https:\\\/\\\/mountainguides.pro\\\/\",\"logo\":{\"@type\":\"ImageObject\",\"inLanguage\":\"es\",\"@id\":\"https:\\\/\\\/mountainguides.pro\\\/#\\\/schema\\\/logo\\\/image\\\/\",\"url\":\"https:\\\/\\\/mountainguides.pro\\\/wp-content\\\/uploads\\\/2018\\\/01\\\/mglogo.jpg\",\"contentUrl\":\"https:\\\/\\\/mountainguides.pro\\\/wp-content\\\/uploads\\\/2018\\\/01\\\/mglogo.jpg\",\"width\":1200,\"height\":630,\"caption\":\"Mountain Guide\"},\"image\":{\"@id\":\"https:\\\/\\\/mountainguides.pro\\\/#\\\/schema\\\/logo\\\/image\\\/\"},\"sameAs\":[\"https:\\\/\\\/www.facebook.com\\\/Mountainguide-232956566756831\\\/\",\"https:\\\/\\\/x.com\\\/Wintercyclone\",\"http:\\\/\\\/instagram.com\\\/mountainguide\",\"http:\\\/\\\/www.youtube.com\\\/mountainguide\"]}]}<\/script>\n<!-- \/ Yoast SEO Premium plugin. -->","yoast_head_json":{"title":"Climbing Tinder Tour Elbrus","robots":{"index":"index","follow":"follow","max-snippet":"max-snippet:-1","max-image-preview":"max-image-preview:large","max-video-preview":"max-video-preview:-1"},"canonical":"https:\/\/mountainguides.pro\/es\/tours\/climb-elbrus\/tinder-tour-climbing-mount-elbrus\/","og_locale":"es_ES","og_type":"article","og_title":"[:en]Tinder Tour: Climbing Mount Elbrus[:de]Tinder-Tour, Klettern auf den Elbrus[:es]Tinder Tour, escalada en Elbrus[:pt]Tinder Tour, escalando o Elbrus[:zh]Tinder \u4e4b\u65c5\uff0c\u6500\u767b\u5384\u5c14\u5e03\u9c81\u58eb\u5cf0[:ko]\uc5d8\ube0c\ub8e8\uc2a4 \ud074\ub77c\uc774\ubc0d \ud2f4\ub354 \ud22c\uc5b4[:ja]Elbrus\u767bTinder\u30c4\u30a2\u30fc[:hi]\u090f\u0932\u094d\u092c\u094d\u0930\u0938 \u0915\u094d\u0932\u093e\u0907\u092e\u094d\u092c\u093f\u0902\u0917 \u091f\u093f\u0902\u0921\u0930 \u091f\u0942\u0930[:ar]\u0627\u0644\u0628\u0631\u0648\u0633 \u062a\u0633\u0644\u0642 \u0635\u0648\u0641\u0627\u0646 \u062c\u0648\u0644\u0629[:]","og_description":"No garantizamos el amor, \u00a1pero creamos las condiciones para conocer gente! El Tinder-tour al Elbr\u00fas es una oportunidad para conocer nuevas personas en un ambiente de monta\u00f1a y aventuras. Sin embargo, no podemos asegurar que encuentres a tu media naranja. Todo depende de ti, de tu apertura y actitud: todos participan en igualdad de condiciones. Los participantes toman parte en actividades grupales, pero su implicaci\u00f3n en encuentros rom\u00e1nticos no es obligatoria. Lo m\u00e1s importante es el respeto y la comodidad de cada persona. Las monta\u00f1as requieren trabajo en equipo, y el objetivo principal del tour es crear un grupo unido donde cada miembro se sienta parte del equipo. No intervenimos en las relaciones personales de los participantes y respetamos sus decisiones; todo ser\u00e1 lo m\u00e1s sencillo posible: nadie est\u00e1 obligado a interesarse por citas o romances. No obstante, ascender al Elbr\u00fas es un desaf\u00edo, y garantizamos condiciones seguras para que puedas afrontarlo sin dramas innecesarios. En primer lugar, nos enorgullecen nuestros gu\u00edas experimentados; no solo lo decimos, \u00a1te los mostramos! A diferencia de muchas otras compa\u00f1\u00edas, confiamos plenamente en nuestro profesionalismo y estaremos encantados de presentar a nuestros especialistas, que har\u00e1n que tu ascensi\u00f3n sea segura e inolvidable. Adem\u00e1s, con nosotros tienes intentos ilimitados para alcanzar la cima. A diferencia de otras compa\u00f1\u00edas, donde generalmente solo se permite un intento, en nuestro programa puedes usar todos los d\u00edas de reserva sin costes adicionales. Esto significa m\u00e1s posibilidades de \u00e9xito y menos estr\u00e9s. Tu comodidad es nuestra prioridad. Ofrecemos excelente alimentaci\u00f3n en el hotel en Terskol y en el refugio, incluyendo platos frescos de carne, frutas y verduras. Nuestro hotel cuenta con habitaciones acogedoras y un comedor espacioso, ideal para relajarse tras un d\u00eda intenso. En el refugio encontrar\u00e1s un ambiente c\u00f3modo, con cocina amplia y camas individuales en los m\u00f3dulos de alojamiento. Ropa de cama, ba\u00f1os limpios, cocina-comedor independiente y acogedor, y los servicios de nuestro incre\u00edble chef, todo esto permite que te concentres en la ascensi\u00f3n y no en las incomodidades. Adem\u00e1s, nuestro propio servicio de alquiler de equipamiento \u2014el m\u00e1s moderno y grande de la regi\u00f3n del Elbr\u00fas\u2014 te proporcionar\u00e1 todo lo necesario para un descanso seguro y de calidad. En el Tinder-tour al Elbr\u00fas no solo disfrutar\u00e1s de paisajes monta\u00f1osos impresionantes, sino tambi\u00e9n de comunicaci\u00f3n c\u00e1lida, apoyo del equipo y emociones inolvidables. Tal vez no encuentres al amor de tu vida, pero regresar\u00e1s a casa con nuevas experiencias, nuevos amigos e inspiraci\u00f3n para futuros viajes.","og_url":"https:\/\/mountainguides.pro\/es\/tours\/climb-elbrus\/tinder-tour-climbing-mount-elbrus\/","og_site_name":"Mountain Guide","article_publisher":"https:\/\/www.facebook.com\/Mountainguide-232956566756831\/","article_modified_time":"2026-01-29T07:59:23+00:00","og_image":[{"width":1600,"height":1200,"url":"https:\/\/mountainguides.pro\/wp-content\/uploads\/2022\/01\/climb-elbrus-fast-with-o2-mountainguide.ru-06.jpg","type":"image\/jpeg"}],"twitter_card":"summary_large_image","twitter_site":"@Wintercyclone","twitter_misc":{"Tiempo de lectura":"1 minuto"},"schema":{"@context":"https:\/\/schema.org","@graph":[{"@type":"WebPage","@id":"https:\/\/mountainguides.pro\/ar\/tours\/climb-elbrus\/tinder-tour-climbing-mount-elbrus\/","url":"https:\/\/mountainguides.pro\/ar\/tours\/climb-elbrus\/tinder-tour-climbing-mount-elbrus\/","name":"Climbing Tinder Tour Elbrus","isPartOf":{"@id":"https:\/\/mountainguides.pro\/#website"},"primaryImageOfPage":{"@id":"https:\/\/mountainguides.pro\/ar\/tours\/climb-elbrus\/tinder-tour-climbing-mount-elbrus\/#primaryimage"},"image":{"@id":"https:\/\/mountainguides.pro\/ar\/tours\/climb-elbrus\/tinder-tour-climbing-mount-elbrus\/#primaryimage"},"thumbnailUrl":"https:\/\/mountainguides.pro\/wp-content\/uploads\/2022\/01\/climb-elbrus-fast-with-o2-mountainguide.ru-06.jpg","datePublished":"2025-01-08T13:50:17+00:00","dateModified":"2026-01-29T07:59:23+00:00","breadcrumb":{"@id":"https:\/\/mountainguides.pro\/ar\/tours\/climb-elbrus\/tinder-tour-climbing-mount-elbrus\/#breadcrumb"},"inLanguage":"es","potentialAction":[{"@type":"ReadAction","target":["https:\/\/mountainguides.pro\/ar\/tours\/climb-elbrus\/tinder-tour-climbing-mount-elbrus\/"]}]},{"@type":"ImageObject","inLanguage":"es","@id":"https:\/\/mountainguides.pro\/ar\/tours\/climb-elbrus\/tinder-tour-climbing-mount-elbrus\/#primaryimage","url":"https:\/\/mountainguides.pro\/wp-content\/uploads\/2022\/01\/climb-elbrus-fast-with-o2-mountainguide.ru-06.jpg","contentUrl":"https:\/\/mountainguides.pro\/wp-content\/uploads\/2022\/01\/climb-elbrus-fast-with-o2-mountainguide.ru-06.jpg","width":1600,"height":1200},{"@type":"BreadcrumbList","@id":"https:\/\/mountainguides.pro\/ar\/tours\/climb-elbrus\/tinder-tour-climbing-mount-elbrus\/#breadcrumb","itemListElement":[{"@type":"ListItem","position":1,"name":"Home","item":"https:\/\/mountainguides.pro\/de\/"},{"@type":"ListItem","position":2,"name":"\u0627\u0644\u0628\u0631\u0648\u0633 \u062a\u0633\u0644\u0642 \u0635\u0648\u0641\u0627\u0646 \u062c\u0648\u0644\u0629"}]},{"@type":"WebSite","@id":"https:\/\/mountainguides.pro\/#website","url":"https:\/\/mountainguides.pro\/","name":"Mountain Guide","description":"We aspire to be the first in everything!","publisher":{"@id":"https:\/\/mountainguides.pro\/#organization"},"potentialAction":[{"@type":"SearchAction","target":{"@type":"EntryPoint","urlTemplate":"https:\/\/mountainguides.pro\/?s={search_term_string}"},"query-input":{"@type":"PropertyValueSpecification","valueRequired":true,"valueName":"search_term_string"}}],"inLanguage":"es"},{"@type":"Organization","@id":"https:\/\/mountainguides.pro\/#organization","name":"Mountain Guide","url":"https:\/\/mountainguides.pro\/","logo":{"@type":"ImageObject","inLanguage":"es","@id":"https:\/\/mountainguides.pro\/#\/schema\/logo\/image\/","url":"https:\/\/mountainguides.pro\/wp-content\/uploads\/2018\/01\/mglogo.jpg","contentUrl":"https:\/\/mountainguides.pro\/wp-content\/uploads\/2018\/01\/mglogo.jpg","width":1200,"height":630,"caption":"Mountain Guide"},"image":{"@id":"https:\/\/mountainguides.pro\/#\/schema\/logo\/image\/"},"sameAs":["https:\/\/www.facebook.com\/Mountainguide-232956566756831\/","https:\/\/x.com\/Wintercyclone","http:\/\/instagram.com\/mountainguide","http:\/\/www.youtube.com\/mountainguide"]}]}},"_links":{"self":[{"href":"https:\/\/mountainguides.pro\/es\/wp-json\/wp\/v2\/product\/21104","targetHints":{"allow":["GET"]}}],"collection":[{"href":"https:\/\/mountainguides.pro\/es\/wp-json\/wp\/v2\/product"}],"about":[{"href":"https:\/\/mountainguides.pro\/es\/wp-json\/wp\/v2\/types\/product"}],"replies":[{"embeddable":true,"href":"https:\/\/mountainguides.pro\/es\/wp-json\/wp\/v2\/comments?post=21104"}],"version-history":[{"count":13,"href":"https:\/\/mountainguides.pro\/es\/wp-json\/wp\/v2\/product\/21104\/revisions"}],"predecessor-version":[{"id":32659,"href":"https:\/\/mountainguides.pro\/es\/wp-json\/wp\/v2\/product\/21104\/revisions\/32659"}],"wp:featuredmedia":[{"embeddable":true,"href":"https:\/\/mountainguides.pro\/es\/wp-json\/wp\/v2\/media\/17795"}],"wp:attachment":[{"href":"https:\/\/mountainguides.pro\/es\/wp-json\/wp\/v2\/media?parent=21104"}],"wp:term":[{"taxonomy":"product_cat","embeddable":true,"href":"https:\/\/mountainguides.pro\/es\/wp-json\/wp\/v2\/product_cat?post=21104"},{"taxonomy":"product_tag","embeddable":true,"href":"https:\/\/mountainguides.pro\/es\/wp-json\/wp\/v2\/product_tag?post=21104"}],"curies":[{"name":"wp","href":"https:\/\/api.w.org\/{rel}","templated":true}]}}