{"id":21107,"date":"2025-01-08T16:50:28","date_gmt":"2025-01-08T13:50:28","guid":{"rendered":"https:\/\/mountainguides.pro\/?post_type=product&#038;p=21107"},"modified":"2026-01-29T10:38:22","modified_gmt":"2026-01-29T07:38:22","slug":"climbing-alpamayo","status":"publish","type":"product","link":"https:\/\/mountainguides.pro\/es\/tours\/climbing\/climbing-alpamayo\/","title":{"rendered":"Escalada en el Alpamayo"},"content":{"rendered":"","protected":false},"excerpt":{"rendered":"<p class=\"p1\">\u2022 Ascenso a una de las cumbres m\u00e1s bellas e ic\u00f3nicas de Per\u00fa: Alpamayo<\/p>\n<p class=\"p1\">\u2022 Conocimiento de la cultura de los monta\u00f1eses peruanos, que a\u00f1ade un componente cultural al viaje<\/p>\n<p class=\"p1\">\u2022 Ascenso a Kitarrahu, una de las cumbres de las Cordilleras de Per\u00fa<\/p>\n<p class=\"p1\">\u2022 Cordillera Blanca: sistema monta\u00f1oso en Per\u00fa, parte de los Andes, situado en la regi\u00f3n de \u00c1ncash<\/p>\n<p class=\"p1\">\u2022 Mejor infraestructura en el campamento base y campamentos de altura<\/p>\n<p class=\"p3\">*Le informamos que nuestra compa\u00f1\u00eda no se dedica a la compra, venta de boletos de avi\u00f3n ni a la tramitaci\u00f3n de visas, por lo que no se hace responsable de imprevistos relacionados con vuelos y paso por fronteras.<\/p>\n<p class=\"p3\"><strong>Informaci\u00f3n importante:<\/strong><\/p>\n<p class=\"p3\">El horario de check-in y check-out est\u00e1 regulado por el hotel: ingreso a partir de las 15:00, salida hasta las 11-12:00. Puede dejar el equipaje en la recepci\u00f3n del hotel y pasear por la ciudad, o, si existe la posibilidad t\u00e9cnica, pagar un check-in temprano o check-out tard\u00edo.<\/p>\n","protected":false},"featured_media":21437,"comment_status":"closed","ping_status":"closed","template":"","meta":{"_acf_changed":false,"footnotes":""},"product_cat":[320],"product_tag":[],"class_list":{"0":"post-21107","1":"product","2":"type-product","3":"status-publish","4":"has-post-thumbnail","6":"product_cat-climbing","8":"first","9":"instock","10":"shipping-taxable","11":"purchasable","12":"product-type-simple"},"acf":[],"yoast_head":"<!-- This site is optimized with the Yoast SEO Premium plugin v26.5 (Yoast SEO v27.3) - https:\/\/yoast.com\/product\/yoast-seo-premium-wordpress\/ -->\n<title>Climbing Alpamayo<\/title>\n<meta name=\"robots\" content=\"index, follow, max-snippet:-1, max-image-preview:large, max-video-preview:-1\" \/>\n<link rel=\"canonical\" href=\"https:\/\/mountainguides.pro\/es\/tours\/climbing\/climbing-alpamayo\/\" \/>\n<meta property=\"og:locale\" content=\"es_ES\" \/>\n<meta property=\"og:locale:alternate\" content=\"en_US\" \/>\n<meta property=\"og:locale:alternate\" content=\"ru_RU\" \/>\n<meta property=\"og:locale:alternate\" content=\"de\" \/>\n<meta property=\"og:locale:alternate\" content=\"pt\" \/>\n<meta property=\"og:locale:alternate\" content=\"zh\" \/>\n<meta property=\"og:locale:alternate\" content=\"ko\" \/>\n<meta property=\"og:locale:alternate\" content=\"ja\" \/>\n<meta property=\"og:locale:alternate\" content=\"hi\" \/>\n<meta property=\"og:locale:alternate\" content=\"ar\" \/>\n<meta property=\"og:type\" content=\"article\" \/>\n<meta property=\"og:title\" content=\"Escalada en el Alpamayo\" \/>\n<meta property=\"og:description\" content=\"\u2022 Ascenso a una de las cumbres m\u00e1s bellas e ic\u00f3nicas de Per\u00fa: Alpamayo \u2022 Conocimiento de la cultura de los monta\u00f1eses peruanos, que a\u00f1ade un componente cultural al viaje \u2022 Ascenso a Kitarrahu, una de las cumbres de las Cordilleras de Per\u00fa \u2022 Cordillera Blanca: sistema monta\u00f1oso en Per\u00fa, parte de los Andes, situado en la regi\u00f3n de \u00c1ncash \u2022 Mejor infraestructura en el campamento base y campamentos de altura *Le informamos que nuestra compa\u00f1\u00eda no se dedica a la compra, venta de boletos de avi\u00f3n ni a la tramitaci\u00f3n de visas, por lo que no se hace responsable de imprevistos relacionados con vuelos y paso por fronteras. Informaci\u00f3n importante: El horario de check-in y check-out est\u00e1 regulado por el hotel: ingreso a partir de las 15:00, salida hasta las 11-12:00. Puede dejar el equipaje en la recepci\u00f3n del hotel y pasear por la ciudad, o, si existe la posibilidad t\u00e9cnica, pagar un check-in temprano o check-out tard\u00edo.\" \/>\n<meta property=\"og:url\" content=\"https:\/\/mountainguides.pro\/es\/tours\/climbing\/climbing-alpamayo\/\" \/>\n<meta property=\"og:site_name\" content=\"Mountain Guide\" \/>\n<meta property=\"article:publisher\" content=\"https:\/\/www.facebook.com\/Mountainguide-232956566756831\/\" \/>\n<meta property=\"article:modified_time\" content=\"2026-01-29T07:38:22+00:00\" \/>\n<meta property=\"og:image\" content=\"https:\/\/mountainguides.pro\/wp-content\/uploads\/2025\/01\/voshozhdenie-na-alpamajo.jpeg\" \/>\n\t<meta property=\"og:image:width\" content=\"1800\" \/>\n\t<meta property=\"og:image:height\" content=\"1350\" \/>\n\t<meta property=\"og:image:type\" content=\"image\/jpeg\" \/>\n<meta name=\"twitter:card\" content=\"summary_large_image\" \/>\n<meta name=\"twitter:site\" content=\"@Wintercyclone\" \/>\n<meta name=\"twitter:label1\" content=\"Tiempo de lectura\" \/>\n\t<meta name=\"twitter:data1\" content=\"1 minuto\" \/>\n<script type=\"application\/ld+json\" class=\"yoast-schema-graph\">{\"@context\":\"https:\\\/\\\/schema.org\",\"@graph\":[{\"@type\":\"WebPage\",\"@id\":\"https:\\\/\\\/mountainguides.pro\\\/ar\\\/tours\\\/climbing\\\/climbing-alpamayo\\\/\",\"url\":\"https:\\\/\\\/mountainguides.pro\\\/ar\\\/tours\\\/climbing\\\/climbing-alpamayo\\\/\",\"name\":\"Climbing Alpamayo\",\"isPartOf\":{\"@id\":\"https:\\\/\\\/mountainguides.pro\\\/#website\"},\"primaryImageOfPage\":{\"@id\":\"https:\\\/\\\/mountainguides.pro\\\/ar\\\/tours\\\/climbing\\\/climbing-alpamayo\\\/#primaryimage\"},\"image\":{\"@id\":\"https:\\\/\\\/mountainguides.pro\\\/ar\\\/tours\\\/climbing\\\/climbing-alpamayo\\\/#primaryimage\"},\"thumbnailUrl\":\"https:\\\/\\\/mountainguides.pro\\\/wp-content\\\/uploads\\\/2025\\\/01\\\/voshozhdenie-na-alpamajo.jpeg\",\"datePublished\":\"2025-01-08T13:50:28+00:00\",\"dateModified\":\"2026-01-29T07:38:22+00:00\",\"breadcrumb\":{\"@id\":\"https:\\\/\\\/mountainguides.pro\\\/ar\\\/tours\\\/climbing\\\/climbing-alpamayo\\\/#breadcrumb\"},\"inLanguage\":\"es\",\"potentialAction\":[{\"@type\":\"ReadAction\",\"target\":[\"https:\\\/\\\/mountainguides.pro\\\/ar\\\/tours\\\/climbing\\\/climbing-alpamayo\\\/\"]}]},{\"@type\":\"ImageObject\",\"inLanguage\":\"es\",\"@id\":\"https:\\\/\\\/mountainguides.pro\\\/ar\\\/tours\\\/climbing\\\/climbing-alpamayo\\\/#primaryimage\",\"url\":\"https:\\\/\\\/mountainguides.pro\\\/wp-content\\\/uploads\\\/2025\\\/01\\\/voshozhdenie-na-alpamajo.jpeg\",\"contentUrl\":\"https:\\\/\\\/mountainguides.pro\\\/wp-content\\\/uploads\\\/2025\\\/01\\\/voshozhdenie-na-alpamajo.jpeg\",\"width\":1800,\"height\":1350},{\"@type\":\"BreadcrumbList\",\"@id\":\"https:\\\/\\\/mountainguides.pro\\\/ar\\\/tours\\\/climbing\\\/climbing-alpamayo\\\/#breadcrumb\",\"itemListElement\":[{\"@type\":\"ListItem\",\"position\":1,\"name\":\"Home\",\"item\":\"https:\\\/\\\/mountainguides.pro\\\/de\\\/\"},{\"@type\":\"ListItem\",\"position\":2,\"name\":\"\u062a\u0633\u0644\u0642 \u0623\u0644\u0628\u0627\u0645\u0627\u064a\u0648\"}]},{\"@type\":\"WebSite\",\"@id\":\"https:\\\/\\\/mountainguides.pro\\\/#website\",\"url\":\"https:\\\/\\\/mountainguides.pro\\\/\",\"name\":\"Mountain Guide\",\"description\":\"We aspire to be the first in everything!\",\"publisher\":{\"@id\":\"https:\\\/\\\/mountainguides.pro\\\/#organization\"},\"potentialAction\":[{\"@type\":\"SearchAction\",\"target\":{\"@type\":\"EntryPoint\",\"urlTemplate\":\"https:\\\/\\\/mountainguides.pro\\\/?s={search_term_string}\"},\"query-input\":{\"@type\":\"PropertyValueSpecification\",\"valueRequired\":true,\"valueName\":\"search_term_string\"}}],\"inLanguage\":\"es\"},{\"@type\":\"Organization\",\"@id\":\"https:\\\/\\\/mountainguides.pro\\\/#organization\",\"name\":\"Mountain Guide\",\"url\":\"https:\\\/\\\/mountainguides.pro\\\/\",\"logo\":{\"@type\":\"ImageObject\",\"inLanguage\":\"es\",\"@id\":\"https:\\\/\\\/mountainguides.pro\\\/#\\\/schema\\\/logo\\\/image\\\/\",\"url\":\"https:\\\/\\\/mountainguides.pro\\\/wp-content\\\/uploads\\\/2018\\\/01\\\/mglogo.jpg\",\"contentUrl\":\"https:\\\/\\\/mountainguides.pro\\\/wp-content\\\/uploads\\\/2018\\\/01\\\/mglogo.jpg\",\"width\":1200,\"height\":630,\"caption\":\"Mountain Guide\"},\"image\":{\"@id\":\"https:\\\/\\\/mountainguides.pro\\\/#\\\/schema\\\/logo\\\/image\\\/\"},\"sameAs\":[\"https:\\\/\\\/www.facebook.com\\\/Mountainguide-232956566756831\\\/\",\"https:\\\/\\\/x.com\\\/Wintercyclone\",\"http:\\\/\\\/instagram.com\\\/mountainguide\",\"http:\\\/\\\/www.youtube.com\\\/mountainguide\"]}]}<\/script>\n<!-- \/ Yoast SEO Premium plugin. -->","yoast_head_json":{"title":"Climbing Alpamayo","robots":{"index":"index","follow":"follow","max-snippet":"max-snippet:-1","max-image-preview":"max-image-preview:large","max-video-preview":"max-video-preview:-1"},"canonical":"https:\/\/mountainguides.pro\/es\/tours\/climbing\/climbing-alpamayo\/","og_locale":"es_ES","og_type":"article","og_title":"[:en]Climbing Alpamayo[:de]Alpamayo besteigen[:es]Escalada en el Alpamayo[:pt]Escalada Alpamayo[:zh]\u767b\u9876\u963f\u5c14\u5e15\u9a6c\u7ea6[:ko]\uc54c\ud30c\ub9c8\uc694 \ub4f1\ubc18[:ja]\u30a2\u30eb\u30d1\u30de\u30e8\u30af\u30e9\u30a4\u30df\u30f3\u30b0[:hi]\u0905\u0932\u094d\u092a\u093e\u092e\u093e\u092f\u094b \u091a\u0922\u093c\u093e\u0908[:ar]\u062a\u0633\u0644\u0642 \u0623\u0644\u0628\u0627\u0645\u0627\u064a\u0648[:]","og_description":"\u2022 Ascenso a una de las cumbres m\u00e1s bellas e ic\u00f3nicas de Per\u00fa: Alpamayo \u2022 Conocimiento de la cultura de los monta\u00f1eses peruanos, que a\u00f1ade un componente cultural al viaje \u2022 Ascenso a Kitarrahu, una de las cumbres de las Cordilleras de Per\u00fa \u2022 Cordillera Blanca: sistema monta\u00f1oso en Per\u00fa, parte de los Andes, situado en la regi\u00f3n de \u00c1ncash \u2022 Mejor infraestructura en el campamento base y campamentos de altura *Le informamos que nuestra compa\u00f1\u00eda no se dedica a la compra, venta de boletos de avi\u00f3n ni a la tramitaci\u00f3n de visas, por lo que no se hace responsable de imprevistos relacionados con vuelos y paso por fronteras. Informaci\u00f3n importante: El horario de check-in y check-out est\u00e1 regulado por el hotel: ingreso a partir de las 15:00, salida hasta las 11-12:00. Puede dejar el equipaje en la recepci\u00f3n del hotel y pasear por la ciudad, o, si existe la posibilidad t\u00e9cnica, pagar un check-in temprano o check-out tard\u00edo.","og_url":"https:\/\/mountainguides.pro\/es\/tours\/climbing\/climbing-alpamayo\/","og_site_name":"Mountain Guide","article_publisher":"https:\/\/www.facebook.com\/Mountainguide-232956566756831\/","article_modified_time":"2026-01-29T07:38:22+00:00","og_image":[{"width":1800,"height":1350,"url":"https:\/\/mountainguides.pro\/wp-content\/uploads\/2025\/01\/voshozhdenie-na-alpamajo.jpeg","type":"image\/jpeg"}],"twitter_card":"summary_large_image","twitter_site":"@Wintercyclone","twitter_misc":{"Tiempo de lectura":"1 minuto"},"schema":{"@context":"https:\/\/schema.org","@graph":[{"@type":"WebPage","@id":"https:\/\/mountainguides.pro\/ar\/tours\/climbing\/climbing-alpamayo\/","url":"https:\/\/mountainguides.pro\/ar\/tours\/climbing\/climbing-alpamayo\/","name":"Climbing Alpamayo","isPartOf":{"@id":"https:\/\/mountainguides.pro\/#website"},"primaryImageOfPage":{"@id":"https:\/\/mountainguides.pro\/ar\/tours\/climbing\/climbing-alpamayo\/#primaryimage"},"image":{"@id":"https:\/\/mountainguides.pro\/ar\/tours\/climbing\/climbing-alpamayo\/#primaryimage"},"thumbnailUrl":"https:\/\/mountainguides.pro\/wp-content\/uploads\/2025\/01\/voshozhdenie-na-alpamajo.jpeg","datePublished":"2025-01-08T13:50:28+00:00","dateModified":"2026-01-29T07:38:22+00:00","breadcrumb":{"@id":"https:\/\/mountainguides.pro\/ar\/tours\/climbing\/climbing-alpamayo\/#breadcrumb"},"inLanguage":"es","potentialAction":[{"@type":"ReadAction","target":["https:\/\/mountainguides.pro\/ar\/tours\/climbing\/climbing-alpamayo\/"]}]},{"@type":"ImageObject","inLanguage":"es","@id":"https:\/\/mountainguides.pro\/ar\/tours\/climbing\/climbing-alpamayo\/#primaryimage","url":"https:\/\/mountainguides.pro\/wp-content\/uploads\/2025\/01\/voshozhdenie-na-alpamajo.jpeg","contentUrl":"https:\/\/mountainguides.pro\/wp-content\/uploads\/2025\/01\/voshozhdenie-na-alpamajo.jpeg","width":1800,"height":1350},{"@type":"BreadcrumbList","@id":"https:\/\/mountainguides.pro\/ar\/tours\/climbing\/climbing-alpamayo\/#breadcrumb","itemListElement":[{"@type":"ListItem","position":1,"name":"Home","item":"https:\/\/mountainguides.pro\/de\/"},{"@type":"ListItem","position":2,"name":"\u062a\u0633\u0644\u0642 \u0623\u0644\u0628\u0627\u0645\u0627\u064a\u0648"}]},{"@type":"WebSite","@id":"https:\/\/mountainguides.pro\/#website","url":"https:\/\/mountainguides.pro\/","name":"Mountain Guide","description":"We aspire to be the first in everything!","publisher":{"@id":"https:\/\/mountainguides.pro\/#organization"},"potentialAction":[{"@type":"SearchAction","target":{"@type":"EntryPoint","urlTemplate":"https:\/\/mountainguides.pro\/?s={search_term_string}"},"query-input":{"@type":"PropertyValueSpecification","valueRequired":true,"valueName":"search_term_string"}}],"inLanguage":"es"},{"@type":"Organization","@id":"https:\/\/mountainguides.pro\/#organization","name":"Mountain Guide","url":"https:\/\/mountainguides.pro\/","logo":{"@type":"ImageObject","inLanguage":"es","@id":"https:\/\/mountainguides.pro\/#\/schema\/logo\/image\/","url":"https:\/\/mountainguides.pro\/wp-content\/uploads\/2018\/01\/mglogo.jpg","contentUrl":"https:\/\/mountainguides.pro\/wp-content\/uploads\/2018\/01\/mglogo.jpg","width":1200,"height":630,"caption":"Mountain Guide"},"image":{"@id":"https:\/\/mountainguides.pro\/#\/schema\/logo\/image\/"},"sameAs":["https:\/\/www.facebook.com\/Mountainguide-232956566756831\/","https:\/\/x.com\/Wintercyclone","http:\/\/instagram.com\/mountainguide","http:\/\/www.youtube.com\/mountainguide"]}]}},"_links":{"self":[{"href":"https:\/\/mountainguides.pro\/es\/wp-json\/wp\/v2\/product\/21107","targetHints":{"allow":["GET"]}}],"collection":[{"href":"https:\/\/mountainguides.pro\/es\/wp-json\/wp\/v2\/product"}],"about":[{"href":"https:\/\/mountainguides.pro\/es\/wp-json\/wp\/v2\/types\/product"}],"replies":[{"embeddable":true,"href":"https:\/\/mountainguides.pro\/es\/wp-json\/wp\/v2\/comments?post=21107"}],"version-history":[{"count":13,"href":"https:\/\/mountainguides.pro\/es\/wp-json\/wp\/v2\/product\/21107\/revisions"}],"predecessor-version":[{"id":32656,"href":"https:\/\/mountainguides.pro\/es\/wp-json\/wp\/v2\/product\/21107\/revisions\/32656"}],"wp:featuredmedia":[{"embeddable":true,"href":"https:\/\/mountainguides.pro\/es\/wp-json\/wp\/v2\/media\/21437"}],"wp:attachment":[{"href":"https:\/\/mountainguides.pro\/es\/wp-json\/wp\/v2\/media?parent=21107"}],"wp:term":[{"taxonomy":"product_cat","embeddable":true,"href":"https:\/\/mountainguides.pro\/es\/wp-json\/wp\/v2\/product_cat?post=21107"},{"taxonomy":"product_tag","embeddable":true,"href":"https:\/\/mountainguides.pro\/es\/wp-json\/wp\/v2\/product_tag?post=21107"}],"curies":[{"name":"wp","href":"https:\/\/api.w.org\/{rel}","templated":true}]}}