{"id":21130,"date":"2025-01-08T16:53:51","date_gmt":"2025-01-08T13:53:51","guid":{"rendered":"https:\/\/mountainguides.pro\/?post_type=product&#038;p=21130"},"modified":"2026-01-29T10:17:08","modified_gmt":"2026-01-29T07:17:08","slug":"trekking-around-mont-blanc","status":"publish","type":"product","link":"https:\/\/mountainguides.pro\/es\/tours\/trekking\/trekking-around-mont-blanc\/","title":{"rendered":"Trekking alrededor del Mont Blanc"},"content":{"rendered":"","protected":false},"excerpt":{"rendered":"<p class=\"p1\">Trekking alrededor del Mont Blanc, incluido en el top 10 de los mejores del mundo<\/p>\n<p class=\"p1\">Disfrutaremos de vistas a lagos serenos que reflejan las majestuosas cimas alpinas<\/p>\n<p class=\"p1\">Veremos aut\u00e9nticos pastos alpinos, como en un famoso anuncio<\/p>\n<p class=\"p1\">Probaremos la cocina local, incluyendo productos de granja de regiones remotas de Europa<\/p>\n<p class=\"p1\">Visitaremos pueblos que en invierno quedan completamente aislados de la civilizaci\u00f3n<\/p>\n<p class=\"p1\">Veremos el Mont Blanc desde tres pa\u00edses: Francia, Italia y Suiza<\/p>\n<p class=\"p3\"><b>A diferencia de otras compa\u00f1\u00edas, ofrecemos alojamiento c\u00f3modo a lo largo de todo el trekking<\/b><b><\/b><\/p>\n<p class=\"p1\">Informaci\u00f3n importante:<\/p>\n<p class=\"p1\">El horario de entrada y salida del hotel est\u00e1 regulado: entrada a partir de las 15\u202fh, salida hasta las 11-12\u202fh. El equipaje se puede dejar en la recepci\u00f3n del hotel y pasear por la ciudad, o, si hay disponibilidad t\u00e9cnica, pagar un suplemento por entrada anticipada\/salida tard\u00eda.<\/p>\n<p class=\"p1\">Tenga en cuenta que nuestra compa\u00f1\u00eda no presta servicios de compra o venta de billetes de avi\u00f3n ni de gesti\u00f3n de permisos de visado, por lo que no se hace responsable de imprevistos relacionados con vuelos y cruces fronterizos.<\/p>\n","protected":false},"featured_media":21453,"comment_status":"closed","ping_status":"closed","template":"","meta":{"_acf_changed":false,"footnotes":""},"product_cat":[321],"product_tag":[],"class_list":{"0":"post-21130","1":"product","2":"type-product","3":"status-publish","4":"has-post-thumbnail","6":"product_cat-trekking","8":"first","9":"instock","10":"shipping-taxable","11":"purchasable","12":"product-type-simple"},"acf":[],"yoast_head":"<!-- This site is optimized with the Yoast SEO Premium plugin v26.5 (Yoast SEO v27.3) - https:\/\/yoast.com\/product\/yoast-seo-premium-wordpress\/ -->\n<title>Trekking Around Mont Blanc<\/title>\n<meta name=\"robots\" content=\"index, follow, max-snippet:-1, max-image-preview:large, max-video-preview:-1\" \/>\n<link rel=\"canonical\" href=\"https:\/\/mountainguides.pro\/es\/tours\/trekking\/trekking-around-mont-blanc\/\" \/>\n<meta property=\"og:locale\" content=\"es_ES\" \/>\n<meta property=\"og:locale:alternate\" content=\"en_US\" \/>\n<meta property=\"og:locale:alternate\" content=\"ru_RU\" \/>\n<meta property=\"og:locale:alternate\" content=\"de\" \/>\n<meta property=\"og:locale:alternate\" content=\"pt\" \/>\n<meta property=\"og:locale:alternate\" content=\"zh\" \/>\n<meta property=\"og:locale:alternate\" content=\"ko\" \/>\n<meta property=\"og:locale:alternate\" content=\"ja\" \/>\n<meta property=\"og:locale:alternate\" content=\"hi\" \/>\n<meta property=\"og:locale:alternate\" content=\"ar\" \/>\n<meta property=\"og:type\" content=\"article\" \/>\n<meta property=\"og:title\" content=\"Trekking alrededor del Mont Blanc\" \/>\n<meta property=\"og:description\" content=\"Trekking alrededor del Mont Blanc, incluido en el top 10 de los mejores del mundo Disfrutaremos de vistas a lagos serenos que reflejan las majestuosas cimas alpinas Veremos aut\u00e9nticos pastos alpinos, como en un famoso anuncio Probaremos la cocina local, incluyendo productos de granja de regiones remotas de Europa Visitaremos pueblos que en invierno quedan completamente aislados de la civilizaci\u00f3n Veremos el Mont Blanc desde tres pa\u00edses: Francia, Italia y Suiza A diferencia de otras compa\u00f1\u00edas, ofrecemos alojamiento c\u00f3modo a lo largo de todo el trekking Informaci\u00f3n importante: El horario de entrada y salida del hotel est\u00e1 regulado: entrada a partir de las 15\u202fh, salida hasta las 11-12\u202fh. El equipaje se puede dejar en la recepci\u00f3n del hotel y pasear por la ciudad, o, si hay disponibilidad t\u00e9cnica, pagar un suplemento por entrada anticipada\/salida tard\u00eda. Tenga en cuenta que nuestra compa\u00f1\u00eda no presta servicios de compra o venta de billetes de avi\u00f3n ni de gesti\u00f3n de permisos de visado, por lo que no se hace responsable de imprevistos relacionados con vuelos y cruces fronterizos.\" \/>\n<meta property=\"og:url\" content=\"https:\/\/mountainguides.pro\/es\/tours\/trekking\/trekking-around-mont-blanc\/\" \/>\n<meta property=\"og:site_name\" content=\"Mountain Guide\" \/>\n<meta property=\"article:publisher\" content=\"https:\/\/www.facebook.com\/Mountainguide-232956566756831\/\" \/>\n<meta property=\"article:modified_time\" content=\"2026-01-29T07:17:08+00:00\" \/>\n<meta property=\"og:image\" content=\"https:\/\/mountainguides.pro\/wp-content\/uploads\/2025\/01\/tur-evropa-trekking-monblan-15.jpeg\" \/>\n\t<meta property=\"og:image:width\" content=\"1800\" \/>\n\t<meta property=\"og:image:height\" content=\"1350\" \/>\n\t<meta property=\"og:image:type\" content=\"image\/jpeg\" \/>\n<meta name=\"twitter:card\" content=\"summary_large_image\" \/>\n<meta name=\"twitter:site\" content=\"@Wintercyclone\" \/>\n<meta name=\"twitter:label1\" content=\"Tiempo de lectura\" \/>\n\t<meta name=\"twitter:data1\" content=\"1 minuto\" \/>\n<script type=\"application\/ld+json\" class=\"yoast-schema-graph\">{\"@context\":\"https:\\\/\\\/schema.org\",\"@graph\":[{\"@type\":\"WebPage\",\"@id\":\"https:\\\/\\\/mountainguides.pro\\\/ar\\\/tours\\\/trekking\\\/trekking-around-mont-blanc\\\/\",\"url\":\"https:\\\/\\\/mountainguides.pro\\\/ar\\\/tours\\\/trekking\\\/trekking-around-mont-blanc\\\/\",\"name\":\"Trekking Around Mont Blanc\",\"isPartOf\":{\"@id\":\"https:\\\/\\\/mountainguides.pro\\\/#website\"},\"primaryImageOfPage\":{\"@id\":\"https:\\\/\\\/mountainguides.pro\\\/ar\\\/tours\\\/trekking\\\/trekking-around-mont-blanc\\\/#primaryimage\"},\"image\":{\"@id\":\"https:\\\/\\\/mountainguides.pro\\\/ar\\\/tours\\\/trekking\\\/trekking-around-mont-blanc\\\/#primaryimage\"},\"thumbnailUrl\":\"https:\\\/\\\/mountainguides.pro\\\/wp-content\\\/uploads\\\/2025\\\/01\\\/tur-evropa-trekking-monblan-15.jpeg\",\"datePublished\":\"2025-01-08T13:53:51+00:00\",\"dateModified\":\"2026-01-29T07:17:08+00:00\",\"breadcrumb\":{\"@id\":\"https:\\\/\\\/mountainguides.pro\\\/ar\\\/tours\\\/trekking\\\/trekking-around-mont-blanc\\\/#breadcrumb\"},\"inLanguage\":\"es\",\"potentialAction\":[{\"@type\":\"ReadAction\",\"target\":[\"https:\\\/\\\/mountainguides.pro\\\/ar\\\/tours\\\/trekking\\\/trekking-around-mont-blanc\\\/\"]}]},{\"@type\":\"ImageObject\",\"inLanguage\":\"es\",\"@id\":\"https:\\\/\\\/mountainguides.pro\\\/ar\\\/tours\\\/trekking\\\/trekking-around-mont-blanc\\\/#primaryimage\",\"url\":\"https:\\\/\\\/mountainguides.pro\\\/wp-content\\\/uploads\\\/2025\\\/01\\\/tur-evropa-trekking-monblan-15.jpeg\",\"contentUrl\":\"https:\\\/\\\/mountainguides.pro\\\/wp-content\\\/uploads\\\/2025\\\/01\\\/tur-evropa-trekking-monblan-15.jpeg\",\"width\":1800,\"height\":1350},{\"@type\":\"BreadcrumbList\",\"@id\":\"https:\\\/\\\/mountainguides.pro\\\/ar\\\/tours\\\/trekking\\\/trekking-around-mont-blanc\\\/#breadcrumb\",\"itemListElement\":[{\"@type\":\"ListItem\",\"position\":1,\"name\":\"Home\",\"item\":\"https:\\\/\\\/mountainguides.pro\\\/de\\\/\"},{\"@type\":\"ListItem\",\"position\":2,\"name\":\"\u0627\u0644\u0631\u062d\u0644\u0627\u062a \u062d\u0648\u0644 \u0645\u0648\u0646\u062a \u0628\u0644\u0627\u0646\u0643\"}]},{\"@type\":\"WebSite\",\"@id\":\"https:\\\/\\\/mountainguides.pro\\\/#website\",\"url\":\"https:\\\/\\\/mountainguides.pro\\\/\",\"name\":\"Mountain Guide\",\"description\":\"We aspire to be the first in everything!\",\"publisher\":{\"@id\":\"https:\\\/\\\/mountainguides.pro\\\/#organization\"},\"potentialAction\":[{\"@type\":\"SearchAction\",\"target\":{\"@type\":\"EntryPoint\",\"urlTemplate\":\"https:\\\/\\\/mountainguides.pro\\\/?s={search_term_string}\"},\"query-input\":{\"@type\":\"PropertyValueSpecification\",\"valueRequired\":true,\"valueName\":\"search_term_string\"}}],\"inLanguage\":\"es\"},{\"@type\":\"Organization\",\"@id\":\"https:\\\/\\\/mountainguides.pro\\\/#organization\",\"name\":\"Mountain Guide\",\"url\":\"https:\\\/\\\/mountainguides.pro\\\/\",\"logo\":{\"@type\":\"ImageObject\",\"inLanguage\":\"es\",\"@id\":\"https:\\\/\\\/mountainguides.pro\\\/#\\\/schema\\\/logo\\\/image\\\/\",\"url\":\"https:\\\/\\\/mountainguides.pro\\\/wp-content\\\/uploads\\\/2018\\\/01\\\/mglogo.jpg\",\"contentUrl\":\"https:\\\/\\\/mountainguides.pro\\\/wp-content\\\/uploads\\\/2018\\\/01\\\/mglogo.jpg\",\"width\":1200,\"height\":630,\"caption\":\"Mountain Guide\"},\"image\":{\"@id\":\"https:\\\/\\\/mountainguides.pro\\\/#\\\/schema\\\/logo\\\/image\\\/\"},\"sameAs\":[\"https:\\\/\\\/www.facebook.com\\\/Mountainguide-232956566756831\\\/\",\"https:\\\/\\\/x.com\\\/Wintercyclone\",\"http:\\\/\\\/instagram.com\\\/mountainguide\",\"http:\\\/\\\/www.youtube.com\\\/mountainguide\"]}]}<\/script>\n<!-- \/ Yoast SEO Premium plugin. -->","yoast_head_json":{"title":"Trekking Around Mont Blanc","robots":{"index":"index","follow":"follow","max-snippet":"max-snippet:-1","max-image-preview":"max-image-preview:large","max-video-preview":"max-video-preview:-1"},"canonical":"https:\/\/mountainguides.pro\/es\/tours\/trekking\/trekking-around-mont-blanc\/","og_locale":"es_ES","og_type":"article","og_title":"[:en]Trekking Around Mont Blanc[:de]Trekking rund um den Mont Blanc[:es]Trekking alrededor del Mont Blanc[:pt]Trekking ao redor do Mont Blanc[:zh]\u73af\u52c3\u6717\u5cf0\u5f92\u6b65[:ko]\ubabd\ube14\ub791 \uc8fc\ubcc0 \ud2b8\ub808\ud0b9[:ja]\u30e2\u30f3\u30d6\u30e9\u30f3\u5468\u8fba\u306e\u30c8\u30ec\u30c3\u30ad\u30f3\u30b0[:hi]\u092e\u094b\u0902\u091f \u092c\u094d\u0932\u093e\u0902\u0915 \u0915\u0947 \u0906\u0938\u092a\u093e\u0938 \u091f\u094d\u0930\u0947\u0915\u093f\u0902\u0917[:ar]\u0627\u0644\u0631\u062d\u0644\u0627\u062a \u062d\u0648\u0644 \u0645\u0648\u0646\u062a \u0628\u0644\u0627\u0646\u0643[:]","og_description":"Trekking alrededor del Mont Blanc, incluido en el top 10 de los mejores del mundo Disfrutaremos de vistas a lagos serenos que reflejan las majestuosas cimas alpinas Veremos aut\u00e9nticos pastos alpinos, como en un famoso anuncio Probaremos la cocina local, incluyendo productos de granja de regiones remotas de Europa Visitaremos pueblos que en invierno quedan completamente aislados de la civilizaci\u00f3n Veremos el Mont Blanc desde tres pa\u00edses: Francia, Italia y Suiza A diferencia de otras compa\u00f1\u00edas, ofrecemos alojamiento c\u00f3modo a lo largo de todo el trekking Informaci\u00f3n importante: El horario de entrada y salida del hotel est\u00e1 regulado: entrada a partir de las 15\u202fh, salida hasta las 11-12\u202fh. El equipaje se puede dejar en la recepci\u00f3n del hotel y pasear por la ciudad, o, si hay disponibilidad t\u00e9cnica, pagar un suplemento por entrada anticipada\/salida tard\u00eda. Tenga en cuenta que nuestra compa\u00f1\u00eda no presta servicios de compra o venta de billetes de avi\u00f3n ni de gesti\u00f3n de permisos de visado, por lo que no se hace responsable de imprevistos relacionados con vuelos y cruces fronterizos.","og_url":"https:\/\/mountainguides.pro\/es\/tours\/trekking\/trekking-around-mont-blanc\/","og_site_name":"Mountain Guide","article_publisher":"https:\/\/www.facebook.com\/Mountainguide-232956566756831\/","article_modified_time":"2026-01-29T07:17:08+00:00","og_image":[{"width":1800,"height":1350,"url":"https:\/\/mountainguides.pro\/wp-content\/uploads\/2025\/01\/tur-evropa-trekking-monblan-15.jpeg","type":"image\/jpeg"}],"twitter_card":"summary_large_image","twitter_site":"@Wintercyclone","twitter_misc":{"Tiempo de lectura":"1 minuto"},"schema":{"@context":"https:\/\/schema.org","@graph":[{"@type":"WebPage","@id":"https:\/\/mountainguides.pro\/ar\/tours\/trekking\/trekking-around-mont-blanc\/","url":"https:\/\/mountainguides.pro\/ar\/tours\/trekking\/trekking-around-mont-blanc\/","name":"Trekking Around Mont Blanc","isPartOf":{"@id":"https:\/\/mountainguides.pro\/#website"},"primaryImageOfPage":{"@id":"https:\/\/mountainguides.pro\/ar\/tours\/trekking\/trekking-around-mont-blanc\/#primaryimage"},"image":{"@id":"https:\/\/mountainguides.pro\/ar\/tours\/trekking\/trekking-around-mont-blanc\/#primaryimage"},"thumbnailUrl":"https:\/\/mountainguides.pro\/wp-content\/uploads\/2025\/01\/tur-evropa-trekking-monblan-15.jpeg","datePublished":"2025-01-08T13:53:51+00:00","dateModified":"2026-01-29T07:17:08+00:00","breadcrumb":{"@id":"https:\/\/mountainguides.pro\/ar\/tours\/trekking\/trekking-around-mont-blanc\/#breadcrumb"},"inLanguage":"es","potentialAction":[{"@type":"ReadAction","target":["https:\/\/mountainguides.pro\/ar\/tours\/trekking\/trekking-around-mont-blanc\/"]}]},{"@type":"ImageObject","inLanguage":"es","@id":"https:\/\/mountainguides.pro\/ar\/tours\/trekking\/trekking-around-mont-blanc\/#primaryimage","url":"https:\/\/mountainguides.pro\/wp-content\/uploads\/2025\/01\/tur-evropa-trekking-monblan-15.jpeg","contentUrl":"https:\/\/mountainguides.pro\/wp-content\/uploads\/2025\/01\/tur-evropa-trekking-monblan-15.jpeg","width":1800,"height":1350},{"@type":"BreadcrumbList","@id":"https:\/\/mountainguides.pro\/ar\/tours\/trekking\/trekking-around-mont-blanc\/#breadcrumb","itemListElement":[{"@type":"ListItem","position":1,"name":"Home","item":"https:\/\/mountainguides.pro\/de\/"},{"@type":"ListItem","position":2,"name":"\u0627\u0644\u0631\u062d\u0644\u0627\u062a \u062d\u0648\u0644 \u0645\u0648\u0646\u062a \u0628\u0644\u0627\u0646\u0643"}]},{"@type":"WebSite","@id":"https:\/\/mountainguides.pro\/#website","url":"https:\/\/mountainguides.pro\/","name":"Mountain Guide","description":"We aspire to be the first in everything!","publisher":{"@id":"https:\/\/mountainguides.pro\/#organization"},"potentialAction":[{"@type":"SearchAction","target":{"@type":"EntryPoint","urlTemplate":"https:\/\/mountainguides.pro\/?s={search_term_string}"},"query-input":{"@type":"PropertyValueSpecification","valueRequired":true,"valueName":"search_term_string"}}],"inLanguage":"es"},{"@type":"Organization","@id":"https:\/\/mountainguides.pro\/#organization","name":"Mountain Guide","url":"https:\/\/mountainguides.pro\/","logo":{"@type":"ImageObject","inLanguage":"es","@id":"https:\/\/mountainguides.pro\/#\/schema\/logo\/image\/","url":"https:\/\/mountainguides.pro\/wp-content\/uploads\/2018\/01\/mglogo.jpg","contentUrl":"https:\/\/mountainguides.pro\/wp-content\/uploads\/2018\/01\/mglogo.jpg","width":1200,"height":630,"caption":"Mountain Guide"},"image":{"@id":"https:\/\/mountainguides.pro\/#\/schema\/logo\/image\/"},"sameAs":["https:\/\/www.facebook.com\/Mountainguide-232956566756831\/","https:\/\/x.com\/Wintercyclone","http:\/\/instagram.com\/mountainguide","http:\/\/www.youtube.com\/mountainguide"]}]}},"_links":{"self":[{"href":"https:\/\/mountainguides.pro\/es\/wp-json\/wp\/v2\/product\/21130","targetHints":{"allow":["GET"]}}],"collection":[{"href":"https:\/\/mountainguides.pro\/es\/wp-json\/wp\/v2\/product"}],"about":[{"href":"https:\/\/mountainguides.pro\/es\/wp-json\/wp\/v2\/types\/product"}],"replies":[{"embeddable":true,"href":"https:\/\/mountainguides.pro\/es\/wp-json\/wp\/v2\/comments?post=21130"}],"version-history":[{"count":12,"href":"https:\/\/mountainguides.pro\/es\/wp-json\/wp\/v2\/product\/21130\/revisions"}],"predecessor-version":[{"id":32654,"href":"https:\/\/mountainguides.pro\/es\/wp-json\/wp\/v2\/product\/21130\/revisions\/32654"}],"wp:featuredmedia":[{"embeddable":true,"href":"https:\/\/mountainguides.pro\/es\/wp-json\/wp\/v2\/media\/21453"}],"wp:attachment":[{"href":"https:\/\/mountainguides.pro\/es\/wp-json\/wp\/v2\/media?parent=21130"}],"wp:term":[{"taxonomy":"product_cat","embeddable":true,"href":"https:\/\/mountainguides.pro\/es\/wp-json\/wp\/v2\/product_cat?post=21130"},{"taxonomy":"product_tag","embeddable":true,"href":"https:\/\/mountainguides.pro\/es\/wp-json\/wp\/v2\/product_tag?post=21130"}],"curies":[{"name":"wp","href":"https:\/\/api.w.org\/{rel}","templated":true}]}}