{"id":21131,"date":"2025-01-08T16:53:57","date_gmt":"2025-01-08T13:53:57","guid":{"rendered":"https:\/\/mountainguides.pro\/?post_type=product&#038;p=21131"},"modified":"2026-01-29T09:40:09","modified_gmt":"2026-01-29T06:40:09","slug":"tour-to-bhutan-trekking-to-jomolhari","status":"publish","type":"product","link":"https:\/\/mountainguides.pro\/es\/tours\/adventure\/tour-to-bhutan-trekking-to-jomolhari\/","title":{"rendered":"Tour de But\u00e1n: trekking a Jomolhari"},"content":{"rendered":"","protected":false},"excerpt":{"rendered":"<p class=\"p1\">\u2022 Viaje al reino de But\u00e1n, que hasta hace poco estaba cerrado al turismo<\/p>\n<p class=\"p1\">\u2022 Trekking hacia la \u00abDiosa de las Monta\u00f1as\u00bb \u2013 la hermosa Jomolhari<\/p>\n<p class=\"p1\">\u2022 Visita al monasterio Lingzhi Dzong y a antiguas fortalezas<\/p>\n<p class=\"p1\">\u2022 Ver el s\u00edmbolo de But\u00e1n \u2013 el monasterio \u00abNido del Tigre\u00bb, suspendido en la ladera de un acantilado de 900 metros<\/p>\n<p class=\"p1\">\u2022 Finalizar el viaje en un ba\u00f1o tradicional de piedras calientes y cena en una casa de agricultores<\/p>\n","protected":false},"featured_media":0,"comment_status":"closed","ping_status":"closed","template":"","meta":{"_acf_changed":false,"footnotes":""},"product_cat":[337],"product_tag":[],"class_list":{"0":"post-21131","1":"product","2":"type-product","3":"status-publish","5":"product_cat-adventure","7":"first","8":"instock","9":"shipping-taxable","10":"product-type-simple"},"acf":[],"yoast_head":"<!-- This site is optimized with the Yoast SEO Premium plugin v26.5 (Yoast SEO v27.3) - https:\/\/yoast.com\/product\/yoast-seo-premium-wordpress\/ -->\n<title>Trekking to Jomolhari Bhutan<\/title>\n<meta name=\"robots\" content=\"index, follow, max-snippet:-1, max-image-preview:large, max-video-preview:-1\" \/>\n<link rel=\"canonical\" href=\"https:\/\/mountainguides.pro\/es\/tours\/adventure\/tour-to-bhutan-trekking-to-jomolhari\/\" \/>\n<meta property=\"og:locale\" content=\"es_ES\" \/>\n<meta property=\"og:locale:alternate\" content=\"en_US\" \/>\n<meta property=\"og:locale:alternate\" content=\"ru_RU\" \/>\n<meta property=\"og:locale:alternate\" content=\"de\" \/>\n<meta property=\"og:locale:alternate\" content=\"pt\" \/>\n<meta property=\"og:locale:alternate\" content=\"zh\" \/>\n<meta property=\"og:locale:alternate\" content=\"ko\" \/>\n<meta property=\"og:locale:alternate\" content=\"ja\" \/>\n<meta property=\"og:locale:alternate\" content=\"hi\" \/>\n<meta property=\"og:locale:alternate\" content=\"ar\" \/>\n<meta property=\"og:type\" content=\"article\" \/>\n<meta property=\"og:title\" content=\"Tour de But\u00e1n: trekking a Jomolhari\" \/>\n<meta property=\"og:description\" content=\"\u2022 Viaje al reino de But\u00e1n, que hasta hace poco estaba cerrado al turismo \u2022 Trekking hacia la \u00abDiosa de las Monta\u00f1as\u00bb \u2013 la hermosa Jomolhari \u2022 Visita al monasterio Lingzhi Dzong y a antiguas fortalezas \u2022 Ver el s\u00edmbolo de But\u00e1n \u2013 el monasterio \u00abNido del Tigre\u00bb, suspendido en la ladera de un acantilado de 900 metros \u2022 Finalizar el viaje en un ba\u00f1o tradicional de piedras calientes y cena en una casa de agricultores\" \/>\n<meta property=\"og:url\" content=\"https:\/\/mountainguides.pro\/es\/tours\/adventure\/tour-to-bhutan-trekking-to-jomolhari\/\" \/>\n<meta property=\"og:site_name\" content=\"Mountain Guide\" \/>\n<meta property=\"article:publisher\" content=\"https:\/\/www.facebook.com\/Mountainguide-232956566756831\/\" \/>\n<meta property=\"article:modified_time\" content=\"2026-01-29T06:40:09+00:00\" \/>\n<meta property=\"og:image\" content=\"https:\/\/mountainguides.pro\/wp-content\/uploads\/2018\/01\/mglogo.jpg\" \/>\n\t<meta property=\"og:image:width\" content=\"1200\" \/>\n\t<meta property=\"og:image:height\" content=\"630\" \/>\n\t<meta property=\"og:image:type\" content=\"image\/jpeg\" \/>\n<meta name=\"twitter:card\" content=\"summary_large_image\" \/>\n<meta name=\"twitter:site\" content=\"@Wintercyclone\" \/>\n<script type=\"application\/ld+json\" class=\"yoast-schema-graph\">{\"@context\":\"https:\\\/\\\/schema.org\",\"@graph\":[{\"@type\":\"WebPage\",\"@id\":\"https:\\\/\\\/mountainguides.pro\\\/ar\\\/tours\\\/adventure\\\/tour-to-bhutan-trekking-to-jomolhari\\\/\",\"url\":\"https:\\\/\\\/mountainguides.pro\\\/ar\\\/tours\\\/adventure\\\/tour-to-bhutan-trekking-to-jomolhari\\\/\",\"name\":\"Trekking to Jomolhari Bhutan\",\"isPartOf\":{\"@id\":\"https:\\\/\\\/mountainguides.pro\\\/#website\"},\"datePublished\":\"2025-01-08T13:53:57+00:00\",\"dateModified\":\"2026-01-29T06:40:09+00:00\",\"breadcrumb\":{\"@id\":\"https:\\\/\\\/mountainguides.pro\\\/ar\\\/tours\\\/adventure\\\/tour-to-bhutan-trekking-to-jomolhari\\\/#breadcrumb\"},\"inLanguage\":\"es\",\"potentialAction\":[{\"@type\":\"ReadAction\",\"target\":[\"https:\\\/\\\/mountainguides.pro\\\/ar\\\/tours\\\/adventure\\\/tour-to-bhutan-trekking-to-jomolhari\\\/\"]}]},{\"@type\":\"BreadcrumbList\",\"@id\":\"https:\\\/\\\/mountainguides.pro\\\/ar\\\/tours\\\/adventure\\\/tour-to-bhutan-trekking-to-jomolhari\\\/#breadcrumb\",\"itemListElement\":[{\"@type\":\"ListItem\",\"position\":1,\"name\":\"Home\",\"item\":\"https:\\\/\\\/mountainguides.pro\\\/de\\\/\"},{\"@type\":\"ListItem\",\"position\":2,\"name\":\"\u062c\u0648\u0644\u0629 \u0628\u0648\u062a\u0627\u0646: \u0627\u0644\u0631\u062d\u0644\u0627\u062a \u0625\u0644\u0649 \u062c\u0648\u0645\u0648\u0644\u062e\u0627\u0631\u064a\"}]},{\"@type\":\"WebSite\",\"@id\":\"https:\\\/\\\/mountainguides.pro\\\/#website\",\"url\":\"https:\\\/\\\/mountainguides.pro\\\/\",\"name\":\"Mountain Guide\",\"description\":\"We aspire to be the first in everything!\",\"publisher\":{\"@id\":\"https:\\\/\\\/mountainguides.pro\\\/#organization\"},\"potentialAction\":[{\"@type\":\"SearchAction\",\"target\":{\"@type\":\"EntryPoint\",\"urlTemplate\":\"https:\\\/\\\/mountainguides.pro\\\/?s={search_term_string}\"},\"query-input\":{\"@type\":\"PropertyValueSpecification\",\"valueRequired\":true,\"valueName\":\"search_term_string\"}}],\"inLanguage\":\"es\"},{\"@type\":\"Organization\",\"@id\":\"https:\\\/\\\/mountainguides.pro\\\/#organization\",\"name\":\"Mountain Guide\",\"url\":\"https:\\\/\\\/mountainguides.pro\\\/\",\"logo\":{\"@type\":\"ImageObject\",\"inLanguage\":\"es\",\"@id\":\"https:\\\/\\\/mountainguides.pro\\\/#\\\/schema\\\/logo\\\/image\\\/\",\"url\":\"https:\\\/\\\/mountainguides.pro\\\/wp-content\\\/uploads\\\/2018\\\/01\\\/mglogo.jpg\",\"contentUrl\":\"https:\\\/\\\/mountainguides.pro\\\/wp-content\\\/uploads\\\/2018\\\/01\\\/mglogo.jpg\",\"width\":1200,\"height\":630,\"caption\":\"Mountain Guide\"},\"image\":{\"@id\":\"https:\\\/\\\/mountainguides.pro\\\/#\\\/schema\\\/logo\\\/image\\\/\"},\"sameAs\":[\"https:\\\/\\\/www.facebook.com\\\/Mountainguide-232956566756831\\\/\",\"https:\\\/\\\/x.com\\\/Wintercyclone\",\"http:\\\/\\\/instagram.com\\\/mountainguide\",\"http:\\\/\\\/www.youtube.com\\\/mountainguide\"]}]}<\/script>\n<!-- \/ Yoast SEO Premium plugin. -->","yoast_head_json":{"title":"Trekking to Jomolhari Bhutan","robots":{"index":"index","follow":"follow","max-snippet":"max-snippet:-1","max-image-preview":"max-image-preview:large","max-video-preview":"max-video-preview:-1"},"canonical":"https:\/\/mountainguides.pro\/es\/tours\/adventure\/tour-to-bhutan-trekking-to-jomolhari\/","og_locale":"es_ES","og_type":"article","og_title":"[:en]Tour to Bhutan: Trekking to Jomolhari[:de]Tour nach Bhutan: Trekking nach Jomolhari[:es]Tour de But\u00e1n: trekking a Jomolhari[:pt]Excurs\u00e3o ao But\u00e3o: trekking para Chomolhari[:zh]\u4e0d\u4e39\u4e4b\u65c5\uff1a\u5353\u83ab\u62c9\u91cc\u5f92\u6b65[:ko]\ubd80\ud0c4 \ud22c\uc5b4:\uc870\ubab0 \uce74\ub9ac \ud2b8\ub808\ud0b9[:ja]\u30d6\u30fc\u30bf\u30f3\u30c4\u30a2\u30fc\uff1a\u30b8\u30e7\u30e2\u30eb\u30ab\u30ea\u3078\u306e\u30c8\u30ec\u30c3\u30ad\u30f3\u30b0[:hi]\u092d\u0942\u091f\u093e\u0928 \u092f\u093e\u0924\u094d\u0930\u093e: \u091c\u094b\u092e\u094b\u0932\u0916\u093e\u0930\u0940 \u0915\u0947 \u0932\u093f\u090f \u091f\u094d\u0930\u0947\u0915\u093f\u0902\u0917[:ar]\u062c\u0648\u0644\u0629 \u0628\u0648\u062a\u0627\u0646: \u0627\u0644\u0631\u062d\u0644\u0627\u062a \u0625\u0644\u0649 \u062c\u0648\u0645\u0648\u0644\u062e\u0627\u0631\u064a[:]","og_description":"\u2022 Viaje al reino de But\u00e1n, que hasta hace poco estaba cerrado al turismo \u2022 Trekking hacia la \u00abDiosa de las Monta\u00f1as\u00bb \u2013 la hermosa Jomolhari \u2022 Visita al monasterio Lingzhi Dzong y a antiguas fortalezas \u2022 Ver el s\u00edmbolo de But\u00e1n \u2013 el monasterio \u00abNido del Tigre\u00bb, suspendido en la ladera de un acantilado de 900 metros \u2022 Finalizar el viaje en un ba\u00f1o tradicional de piedras calientes y cena en una casa de agricultores","og_url":"https:\/\/mountainguides.pro\/es\/tours\/adventure\/tour-to-bhutan-trekking-to-jomolhari\/","og_site_name":"Mountain Guide","article_publisher":"https:\/\/www.facebook.com\/Mountainguide-232956566756831\/","article_modified_time":"2026-01-29T06:40:09+00:00","og_image":[{"width":1200,"height":630,"url":"https:\/\/mountainguides.pro\/wp-content\/uploads\/2018\/01\/mglogo.jpg","type":"image\/jpeg"}],"twitter_card":"summary_large_image","twitter_site":"@Wintercyclone","schema":{"@context":"https:\/\/schema.org","@graph":[{"@type":"WebPage","@id":"https:\/\/mountainguides.pro\/ar\/tours\/adventure\/tour-to-bhutan-trekking-to-jomolhari\/","url":"https:\/\/mountainguides.pro\/ar\/tours\/adventure\/tour-to-bhutan-trekking-to-jomolhari\/","name":"Trekking to Jomolhari Bhutan","isPartOf":{"@id":"https:\/\/mountainguides.pro\/#website"},"datePublished":"2025-01-08T13:53:57+00:00","dateModified":"2026-01-29T06:40:09+00:00","breadcrumb":{"@id":"https:\/\/mountainguides.pro\/ar\/tours\/adventure\/tour-to-bhutan-trekking-to-jomolhari\/#breadcrumb"},"inLanguage":"es","potentialAction":[{"@type":"ReadAction","target":["https:\/\/mountainguides.pro\/ar\/tours\/adventure\/tour-to-bhutan-trekking-to-jomolhari\/"]}]},{"@type":"BreadcrumbList","@id":"https:\/\/mountainguides.pro\/ar\/tours\/adventure\/tour-to-bhutan-trekking-to-jomolhari\/#breadcrumb","itemListElement":[{"@type":"ListItem","position":1,"name":"Home","item":"https:\/\/mountainguides.pro\/de\/"},{"@type":"ListItem","position":2,"name":"\u062c\u0648\u0644\u0629 \u0628\u0648\u062a\u0627\u0646: \u0627\u0644\u0631\u062d\u0644\u0627\u062a \u0625\u0644\u0649 \u062c\u0648\u0645\u0648\u0644\u062e\u0627\u0631\u064a"}]},{"@type":"WebSite","@id":"https:\/\/mountainguides.pro\/#website","url":"https:\/\/mountainguides.pro\/","name":"Mountain Guide","description":"We aspire to be the first in everything!","publisher":{"@id":"https:\/\/mountainguides.pro\/#organization"},"potentialAction":[{"@type":"SearchAction","target":{"@type":"EntryPoint","urlTemplate":"https:\/\/mountainguides.pro\/?s={search_term_string}"},"query-input":{"@type":"PropertyValueSpecification","valueRequired":true,"valueName":"search_term_string"}}],"inLanguage":"es"},{"@type":"Organization","@id":"https:\/\/mountainguides.pro\/#organization","name":"Mountain Guide","url":"https:\/\/mountainguides.pro\/","logo":{"@type":"ImageObject","inLanguage":"es","@id":"https:\/\/mountainguides.pro\/#\/schema\/logo\/image\/","url":"https:\/\/mountainguides.pro\/wp-content\/uploads\/2018\/01\/mglogo.jpg","contentUrl":"https:\/\/mountainguides.pro\/wp-content\/uploads\/2018\/01\/mglogo.jpg","width":1200,"height":630,"caption":"Mountain Guide"},"image":{"@id":"https:\/\/mountainguides.pro\/#\/schema\/logo\/image\/"},"sameAs":["https:\/\/www.facebook.com\/Mountainguide-232956566756831\/","https:\/\/x.com\/Wintercyclone","http:\/\/instagram.com\/mountainguide","http:\/\/www.youtube.com\/mountainguide"]}]}},"_links":{"self":[{"href":"https:\/\/mountainguides.pro\/es\/wp-json\/wp\/v2\/product\/21131","targetHints":{"allow":["GET"]}}],"collection":[{"href":"https:\/\/mountainguides.pro\/es\/wp-json\/wp\/v2\/product"}],"about":[{"href":"https:\/\/mountainguides.pro\/es\/wp-json\/wp\/v2\/types\/product"}],"replies":[{"embeddable":true,"href":"https:\/\/mountainguides.pro\/es\/wp-json\/wp\/v2\/comments?post=21131"}],"version-history":[{"count":11,"href":"https:\/\/mountainguides.pro\/es\/wp-json\/wp\/v2\/product\/21131\/revisions"}],"predecessor-version":[{"id":32653,"href":"https:\/\/mountainguides.pro\/es\/wp-json\/wp\/v2\/product\/21131\/revisions\/32653"}],"wp:attachment":[{"href":"https:\/\/mountainguides.pro\/es\/wp-json\/wp\/v2\/media?parent=21131"}],"wp:term":[{"taxonomy":"product_cat","embeddable":true,"href":"https:\/\/mountainguides.pro\/es\/wp-json\/wp\/v2\/product_cat?post=21131"},{"taxonomy":"product_tag","embeddable":true,"href":"https:\/\/mountainguides.pro\/es\/wp-json\/wp\/v2\/product_tag?post=21131"}],"curies":[{"name":"wp","href":"https:\/\/api.w.org\/{rel}","templated":true}]}}