{"id":21149,"date":"2025-01-08T17:11:49","date_gmt":"2025-01-08T14:11:49","guid":{"rendered":"https:\/\/mountainguides.pro\/?post_type=product&#038;p=21149"},"modified":"2026-04-06T17:55:57","modified_gmt":"2026-04-06T14:55:57","slug":"ski-tour-muztagh-ata","status":"publish","type":"product","link":"https:\/\/mountainguides.pro\/es\/tours\/ski-tour\/ski-tour-muztagh-ata\/","title":{"rendered":"Tour de esqu\u00ed en Muztag-ATA"},"content":{"rendered":"<h2>About the tour<\/h2>\n<p style=\"text-align: justify;\">Muztagh Ata climbing info. Mt. Muztagh Ata (7546 m) is growing into a more and more popular destination for local as well as international climbers. This popularity is explained by lower cost of expeditions, unique location of the region, and easy access to it. A lot of newbie climbers opt for this mountain to become their first 7000 m peak for them to summit.<\/p>\n<p style=\"text-align: justify;\">Mt. Muztagh Ata is located in Kunlun Range on China\u2019s territory, near the city of Kashgar. The mountain\u2019s moderately pitched slopes (25\u201330 degree), covered with ice and snow, are great also for ski mountaineering.<\/p>\n<p style=\"text-align: justify;\">Located in Muztagh Ata and Kongur Ranges are three highest peaks of the Pamirs \u2013 Kongur Tagh (Kongur 1) 7719 m high, Kongur Tube Tagh (Kongur 2) 7595 m high, and \u00a0Muztagh Ata 7546 m high.<\/p>\n<p style=\"text-align: justify;\">Mt. Muztagh Ata (which means \u201cFather of Ice Mountains\u201d) is located in the north-western part of China. The mountain\u2019s pretty moderate western slope gradually turns into the flat plain of Subashi valley, crossing which from the north to south is the well-known Karakoram Highway. This 1300 km long highway is the world\u2019s highest international road that crosses Karakoram via\u00a0Khunjerab Pass at the altitude of 4693 m. Its construction lasted from 1966 to 1986, repeating the route of the Great Silk Road. The distance from the highway to\u00a0Mt. Muztagh Ata is no more than 10 km.<\/p>\n<p style=\"text-align: justify;\">The first ascent to Mt. Muztagh Ata was made in 1956 via the southernmost of western ridges. In that period 31 climbers summated the mountain \u2013 19 Russian and 12 Chinese, from the Soviet-Chinese collaborative expedition led by A.E. Beletski and K.K. Kuzmin.<\/p>\n<p style=\"text-align: justify;\">In the center of the summit\u2019s western slope there is a huge crevasse. Falling into it, the ice forms the Kartamak glacier in the crevasse. On the left and right from this crevasse there are two normal routes leading to the summit \u2013 the northern and southern ones. The route itself technically is not challenging, but the success of your climbing expedition may be largely determined by such treacherous factors as unpredictable weather and pressures of high altitude. For successful summiting you need just good physical fitness and relevant equipment, and, of course, adequate acclimatization.<\/p>\n<p style=\"text-align: justify;\">At present, the region of Mt. Muztagh Ata is visited by over 600 climbers a year, many of which use this peak for ski mountaineering.<\/p>\n<p style=\"text-align: justify;\">You can start your climbing expedition from Bishkek as well as from Urumchi. The city closest to Muztagh Ata\u2019s Base Camp is that of Kashgar that can be reached from both of the mentioned cities (from Bishkek by ground transport, and from Urumchi \u2013 by air).<\/p>\n<p style=\"text-align: justify;\">Kashgar is a unique city. Throughout its history, for several centuries it was attracting adventure seekers from all over the world. Passing through this city were thousands of caravans and expeditions \u2013 since ancient times Kashgar was the gate leading to Tibet and Central Asia, to China and India. Many of those passing through the city would remember Kashgar forever, and some of them would stay there forever, giving in to the place\u2019s spell.<\/p>\n<h2>Climb Muztagh Ata<\/h2>\n<p><strong>Day 1.<\/strong>\u00a0Arrive at Bishkek.<br \/>\n<strong style=\"font-weight: 600;\">Day 2.<\/strong>\u00a0Transfer to Tashrabat (at an elevation of 3000m) and overnight stay in a yurt.<br \/>\n<strong>Day 3. <\/strong>Transfer to Kashgar, with overnight stay at a three-star hotel.<br \/>\n<strong>Day 4. <\/strong>A 4\u20135 hours&#8217;\/200 km ride in a minibus from Kashgar to Subashi by\u00a0Karakoram Highway. Overnight stay in tents or yurts.<br \/>\n<strong>Day 5. <\/strong>A 10 km ride from Subashi, meeting a camel caravan on our way, loading the animals and hiking to the Base Camp.<br \/>\n<strong>Day 6. <\/strong>Easy trekking<br \/>\n<strong>Day 7. <\/strong>Climb to Camp 1 (at 5350 m)<br \/>\n<strong>Day 8. <\/strong>Climb back to Base camp<br \/>\n<strong>Day 9. <\/strong>Rest<br \/>\n<strong>Day 10. <\/strong>Climb to Camp 1 (at 5350m)<br \/>\n<strong>Day 11. <\/strong>Climb to Camp 2 (at 6200m)<br \/>\n<strong>Day 12. <\/strong>Descent<br \/>\n<strong>Day 13. <\/strong>Rest<br \/>\n<strong>Day 14. <\/strong>Climb to Camp 1 (at 5350m)<br \/>\n<strong>Day 15. <\/strong>Climb to Camp 2 (at 6200m)<br \/>\n<strong>Day 16. <\/strong>Summiting Mt.\u00a0Muztagh Ata<br \/>\n<strong>Day 17. <\/strong>Descent to Base Camp<br \/>\n<strong>Day 18. <\/strong>Reserved<br \/>\n<strong>Day 19. <\/strong>Reserved<br \/>\n<strong>Day 20. <\/strong>Reserved<br \/>\n<strong>Day 21. <\/strong>Reserved<br \/>\n<strong>Day 22. <\/strong>Hike from Base Camp to Subashi, followed by a ride to Kashgar. Accommodation in a three-star hotel.<br \/>\n<strong>Day 23. <\/strong>Sightseeing tour in Kashgar, visiting Kashgar Bazar and historical sites. Accommodation in a three-star hotel.<br \/>\n<strong>Day 24. <\/strong>Transfer from Kashgar to Torugart, setting out after breakfast for Torugart Pass on China-Kyrgyzstan border. After resolving formalities, taking a ride to Tashrabat. Overnight stay in a yurt camp.<br \/>\n<strong>Day 25. <\/strong>Transfer from Tashrabat to Bishkek, with lodging in a Guest house.<br \/>\n<strong>Day 26. <\/strong>Flight back home.<\/p>\n<h2>Included in the cost:<\/h2>\n<ul>\n<li>Services of professional mountain guides \u2013 one for 5\u20136 climbers for the period of acclimatization, and one for three climbers on the summiting day<\/li>\n<li>All transfers as mentioned in the itinerary<\/li>\n<li>All accommodation as mentioned in the itinerary \u2013 hotels, yurts and tents<\/li>\n<li>Permits for climbing<\/li>\n<li>Meals all through the climbing (prepared by a cook), but only breakfasts when in cities.<\/li>\n<li>Food and gas for high altitude camps<\/li>\n<li>Tents and kitchen for high altitude camps<\/li>\n<li>Ropes, portable radio for guides, first-aid-kits for guides, GPS and other equipment<\/li>\n<li>Sightseeing tours mentioned in the itinerary<\/li>\n<li>All group equipment<\/li>\n<\/ul>\n<h2>Not included in the cost:<\/h2>\n<ul>\n<li>International and local flights<\/li>\n<li>Personal gear<\/li>\n<li>Medical insurance for mountain climbing<\/li>\n<li>Lunch and dinner in cities<\/li>\n<li>Expenses incurred by any changes to the mentioned itinerary<\/li>\n<li>Services of rescuing and evacuation<\/li>\n<li>Tips<\/li>\n<li>Any costs associated with program changes<\/li>\n<\/ul>\n<h2>Equipment<\/h2>\n<p><a role=\"button\" href=\"#\"><br \/>\nDownload PDF<br \/>\n<\/a><\/p>\n","protected":false},"excerpt":{"rendered":"<p class=\"p1\">Ascenso al Muztag-Ata ofrece una oportunidad \u00fanica para los amantes del esqu\u00ed-alpinismo de probarse a s\u00ed mismos a una altitud de 7000 metros sin habilidades t\u00e9cnicas complejas.<\/p>\n<p class=\"p1\">Panoramas fascinantes de lagos azul-verde, laderas nevadas e impresionantes cadenas monta\u00f1osas crean una atm\u00f3sfera inolvidable.<\/p>\n<p class=\"p1\">El descenso en esqu\u00eds desde una altitud de aproximadamente 7000 metros a\u00f1ade emoci\u00f3n y facilita el retorno tras el arduo ascenso.<\/p>\n<p class=\"p1\">El descenso por campos de nieve infinitos bajo la majestuosa cima brinda una sensaci\u00f3n \u00fanica de libertad y alegr\u00eda.<\/p>\n<p class=\"p1\">El mejor servicio de los campamentos base y de altura en la regi\u00f3n.<\/p>\n<p class=\"p1\">**Tenga en cuenta que nuestra empresa no se encarga de la compra, venta de boletos de avi\u00f3n ni de la tramitaci\u00f3n de visas, por lo que no se responsabiliza de imprevistos relacionados con vuelos y tr\u00e1mites fronterizos.<\/p>\n<p class=\"p1\">Informaci\u00f3n importante:<\/p>\n<p class=\"p1\">El horario de check-in y check-out est\u00e1 regulado por el hotel: check-in a partir de las 15:00, salida del hotel hasta las 11-12 horas. El equipaje puede dejarse en la recepci\u00f3n del hotel para pasear por la ciudad o, si hay posibilidad t\u00e9cnica, pagar por entrada anticipada\/salida tard\u00eda.<\/p>\n","protected":false},"featured_media":14942,"comment_status":"closed","ping_status":"closed","template":"","meta":{"_acf_changed":false,"footnotes":""},"product_cat":[346],"product_tag":[],"class_list":{"0":"post-21149","1":"product","2":"type-product","3":"status-publish","4":"has-post-thumbnail","6":"product_cat-ski-tour","8":"first","9":"instock","10":"shipping-taxable","11":"purchasable","12":"product-type-simple"},"acf":[],"yoast_head":"<!-- This site is optimized with the Yoast SEO Premium plugin v26.5 (Yoast SEO v27.3) - https:\/\/yoast.com\/product\/yoast-seo-premium-wordpress\/ -->\n<title>Climb Ski touring on Muztagh Ata<\/title>\n<meta name=\"description\" content=\"Mt. Muztagh Ata (7546 m) is growing into a more and more popular destination for local as well as international climbers.\" \/>\n<meta name=\"robots\" content=\"index, follow, max-snippet:-1, max-image-preview:large, max-video-preview:-1\" \/>\n<link rel=\"canonical\" href=\"https:\/\/mountainguides.pro\/es\/tours\/ski-tour\/ski-tour-muztagh-ata\/\" \/>\n<meta property=\"og:locale\" content=\"es_ES\" \/>\n<meta property=\"og:locale:alternate\" content=\"en_US\" \/>\n<meta property=\"og:locale:alternate\" content=\"ru_RU\" \/>\n<meta property=\"og:locale:alternate\" content=\"de\" \/>\n<meta property=\"og:locale:alternate\" content=\"pt\" \/>\n<meta property=\"og:locale:alternate\" content=\"zh\" \/>\n<meta property=\"og:locale:alternate\" content=\"ko\" \/>\n<meta property=\"og:locale:alternate\" content=\"ja\" \/>\n<meta property=\"og:locale:alternate\" content=\"hi\" \/>\n<meta property=\"og:locale:alternate\" content=\"ar\" \/>\n<meta property=\"og:type\" content=\"article\" \/>\n<meta property=\"og:title\" content=\"Tour de esqu\u00ed en Muztag-ATA\" \/>\n<meta property=\"og:description\" content=\"Mt. Muztagh Ata (7546 m) is growing into a more and more popular destination for local as well as international climbers.\" \/>\n<meta property=\"og:url\" content=\"https:\/\/mountainguides.pro\/es\/tours\/ski-tour\/ski-tour-muztagh-ata\/\" \/>\n<meta property=\"og:site_name\" content=\"Mountain Guide\" \/>\n<meta property=\"article:publisher\" content=\"https:\/\/www.facebook.com\/Mountainguide-232956566756831\/\" \/>\n<meta property=\"article:modified_time\" content=\"2026-04-06T14:55:57+00:00\" \/>\n<meta property=\"og:image\" content=\"https:\/\/mountainguides.pro\/wp-content\/uploads\/2016\/09\/5987158142_2f4cdc676a_o.jpg\" \/>\n\t<meta property=\"og:image:width\" content=\"1200\" \/>\n\t<meta property=\"og:image:height\" content=\"900\" \/>\n\t<meta property=\"og:image:type\" content=\"image\/jpeg\" \/>\n<meta name=\"twitter:card\" content=\"summary_large_image\" \/>\n<meta name=\"twitter:site\" content=\"@Wintercyclone\" \/>\n<meta name=\"twitter:label1\" content=\"Tiempo de lectura\" \/>\n\t<meta name=\"twitter:data1\" content=\"5 minutos\" \/>\n<script type=\"application\/ld+json\" class=\"yoast-schema-graph\">{\"@context\":\"https:\\\/\\\/schema.org\",\"@graph\":[{\"@type\":\"WebPage\",\"@id\":\"https:\\\/\\\/mountainguides.pro\\\/tours\\\/ski-tour\\\/ski-tour-muztagh-ata\\\/\",\"url\":\"https:\\\/\\\/mountainguides.pro\\\/tours\\\/ski-tour\\\/ski-tour-muztagh-ata\\\/\",\"name\":\"Climb Ski touring on Muztagh Ata\",\"isPartOf\":{\"@id\":\"https:\\\/\\\/mountainguides.pro\\\/#website\"},\"primaryImageOfPage\":{\"@id\":\"https:\\\/\\\/mountainguides.pro\\\/tours\\\/ski-tour\\\/ski-tour-muztagh-ata\\\/#primaryimage\"},\"image\":{\"@id\":\"https:\\\/\\\/mountainguides.pro\\\/tours\\\/ski-tour\\\/ski-tour-muztagh-ata\\\/#primaryimage\"},\"thumbnailUrl\":\"https:\\\/\\\/mountainguides.pro\\\/wp-content\\\/uploads\\\/2016\\\/09\\\/5987158142_2f4cdc676a_o.jpg\",\"datePublished\":\"2025-01-08T14:11:49+00:00\",\"dateModified\":\"2026-04-06T14:55:57+00:00\",\"description\":\"Mt. Muztagh Ata (7546 m) is growing into a more and more popular destination for local as well as international climbers.\",\"breadcrumb\":{\"@id\":\"https:\\\/\\\/mountainguides.pro\\\/tours\\\/ski-tour\\\/ski-tour-muztagh-ata\\\/#breadcrumb\"},\"inLanguage\":\"es\",\"potentialAction\":[{\"@type\":\"ReadAction\",\"target\":[\"https:\\\/\\\/mountainguides.pro\\\/tours\\\/ski-tour\\\/ski-tour-muztagh-ata\\\/\"]}]},{\"@type\":\"ImageObject\",\"inLanguage\":\"es\",\"@id\":\"https:\\\/\\\/mountainguides.pro\\\/tours\\\/ski-tour\\\/ski-tour-muztagh-ata\\\/#primaryimage\",\"url\":\"https:\\\/\\\/mountainguides.pro\\\/wp-content\\\/uploads\\\/2016\\\/09\\\/5987158142_2f4cdc676a_o.jpg\",\"contentUrl\":\"https:\\\/\\\/mountainguides.pro\\\/wp-content\\\/uploads\\\/2016\\\/09\\\/5987158142_2f4cdc676a_o.jpg\",\"width\":1200,\"height\":900,\"caption\":\"climb Muztagh Ata\"},{\"@type\":\"BreadcrumbList\",\"@id\":\"https:\\\/\\\/mountainguides.pro\\\/tours\\\/ski-tour\\\/ski-tour-muztagh-ata\\\/#breadcrumb\",\"itemListElement\":[{\"@type\":\"ListItem\",\"position\":1,\"name\":\"Home\",\"item\":\"https:\\\/\\\/mountainguides.pro\\\/de\\\/\"},{\"@type\":\"ListItem\",\"position\":2,\"name\":\"Ski touring on Muztagh Ata\"}]},{\"@type\":\"WebSite\",\"@id\":\"https:\\\/\\\/mountainguides.pro\\\/#website\",\"url\":\"https:\\\/\\\/mountainguides.pro\\\/\",\"name\":\"Mountain Guide\",\"description\":\"We aspire to be the first in everything!\",\"publisher\":{\"@id\":\"https:\\\/\\\/mountainguides.pro\\\/#organization\"},\"potentialAction\":[{\"@type\":\"SearchAction\",\"target\":{\"@type\":\"EntryPoint\",\"urlTemplate\":\"https:\\\/\\\/mountainguides.pro\\\/?s={search_term_string}\"},\"query-input\":{\"@type\":\"PropertyValueSpecification\",\"valueRequired\":true,\"valueName\":\"search_term_string\"}}],\"inLanguage\":\"es\"},{\"@type\":\"Organization\",\"@id\":\"https:\\\/\\\/mountainguides.pro\\\/#organization\",\"name\":\"Mountain Guide\",\"url\":\"https:\\\/\\\/mountainguides.pro\\\/\",\"logo\":{\"@type\":\"ImageObject\",\"inLanguage\":\"es\",\"@id\":\"https:\\\/\\\/mountainguides.pro\\\/#\\\/schema\\\/logo\\\/image\\\/\",\"url\":\"https:\\\/\\\/mountainguides.pro\\\/wp-content\\\/uploads\\\/2018\\\/01\\\/mglogo.jpg\",\"contentUrl\":\"https:\\\/\\\/mountainguides.pro\\\/wp-content\\\/uploads\\\/2018\\\/01\\\/mglogo.jpg\",\"width\":1200,\"height\":630,\"caption\":\"Mountain Guide\"},\"image\":{\"@id\":\"https:\\\/\\\/mountainguides.pro\\\/#\\\/schema\\\/logo\\\/image\\\/\"},\"sameAs\":[\"https:\\\/\\\/www.facebook.com\\\/Mountainguide-232956566756831\\\/\",\"https:\\\/\\\/x.com\\\/Wintercyclone\",\"http:\\\/\\\/instagram.com\\\/mountainguide\",\"http:\\\/\\\/www.youtube.com\\\/mountainguide\"]}]}<\/script>\n<!-- \/ Yoast SEO Premium plugin. -->","yoast_head_json":{"title":"Climb Ski touring on Muztagh Ata","description":"Mt. Muztagh Ata (7546 m) is growing into a more and more popular destination for local as well as international climbers.","robots":{"index":"index","follow":"follow","max-snippet":"max-snippet:-1","max-image-preview":"max-image-preview:large","max-video-preview":"max-video-preview:-1"},"canonical":"https:\/\/mountainguides.pro\/es\/tours\/ski-tour\/ski-tour-muztagh-ata\/","og_locale":"es_ES","og_type":"article","og_title":"[:en]Ski touring on Muztagh Ata[:de]Ski-Tour nach Muztag Ata[:es]Tour de esqu\u00ed en Muztag-ATA[:pt]Excurs\u00e3o de esqui para Muztag-\u0410\u0442\u0430[:zh]\u6155\u58eb\u5854\u683c\u6ed1\u96ea\u767b\u5c71[:ko]\ubb34\uc988\ud0c0\uadf8 \uc544\ud0c0 \uc2a4\ud0a4 \ud22c\uc5b4[:ja]\u30e0\u30ba\u30bf\u30b0\u30a2\u30bf\u30b9\u30ad\u30fc\u30c4\u30a2\u30fc[:hi]\u092e\u0941\u091c\u093c\u091f\u0948\u0917 \u0905\u0924\u093e \u0938\u094d\u0915\u0940 \u091f\u0942\u0930[:ar]\u062c\u0648\u0644\u0629 \u0645\u0632\u062a\u0627\u062c \u0622\u062a\u0627 \u0644\u0644\u062a\u0632\u0644\u062c[:]","og_description":"Mt. Muztagh Ata (7546 m) is growing into a more and more popular destination for local as well as international climbers.","og_url":"https:\/\/mountainguides.pro\/es\/tours\/ski-tour\/ski-tour-muztagh-ata\/","og_site_name":"Mountain Guide","article_publisher":"https:\/\/www.facebook.com\/Mountainguide-232956566756831\/","article_modified_time":"2026-04-06T14:55:57+00:00","og_image":[{"width":1200,"height":900,"url":"https:\/\/mountainguides.pro\/wp-content\/uploads\/2016\/09\/5987158142_2f4cdc676a_o.jpg","type":"image\/jpeg"}],"twitter_card":"summary_large_image","twitter_site":"@Wintercyclone","twitter_misc":{"Tiempo de lectura":"5 minutos"},"schema":{"@context":"https:\/\/schema.org","@graph":[{"@type":"WebPage","@id":"https:\/\/mountainguides.pro\/tours\/ski-tour\/ski-tour-muztagh-ata\/","url":"https:\/\/mountainguides.pro\/tours\/ski-tour\/ski-tour-muztagh-ata\/","name":"Climb Ski touring on Muztagh Ata","isPartOf":{"@id":"https:\/\/mountainguides.pro\/#website"},"primaryImageOfPage":{"@id":"https:\/\/mountainguides.pro\/tours\/ski-tour\/ski-tour-muztagh-ata\/#primaryimage"},"image":{"@id":"https:\/\/mountainguides.pro\/tours\/ski-tour\/ski-tour-muztagh-ata\/#primaryimage"},"thumbnailUrl":"https:\/\/mountainguides.pro\/wp-content\/uploads\/2016\/09\/5987158142_2f4cdc676a_o.jpg","datePublished":"2025-01-08T14:11:49+00:00","dateModified":"2026-04-06T14:55:57+00:00","description":"Mt. Muztagh Ata (7546 m) is growing into a more and more popular destination for local as well as international climbers.","breadcrumb":{"@id":"https:\/\/mountainguides.pro\/tours\/ski-tour\/ski-tour-muztagh-ata\/#breadcrumb"},"inLanguage":"es","potentialAction":[{"@type":"ReadAction","target":["https:\/\/mountainguides.pro\/tours\/ski-tour\/ski-tour-muztagh-ata\/"]}]},{"@type":"ImageObject","inLanguage":"es","@id":"https:\/\/mountainguides.pro\/tours\/ski-tour\/ski-tour-muztagh-ata\/#primaryimage","url":"https:\/\/mountainguides.pro\/wp-content\/uploads\/2016\/09\/5987158142_2f4cdc676a_o.jpg","contentUrl":"https:\/\/mountainguides.pro\/wp-content\/uploads\/2016\/09\/5987158142_2f4cdc676a_o.jpg","width":1200,"height":900,"caption":"climb Muztagh Ata"},{"@type":"BreadcrumbList","@id":"https:\/\/mountainguides.pro\/tours\/ski-tour\/ski-tour-muztagh-ata\/#breadcrumb","itemListElement":[{"@type":"ListItem","position":1,"name":"Home","item":"https:\/\/mountainguides.pro\/de\/"},{"@type":"ListItem","position":2,"name":"Ski touring on Muztagh Ata"}]},{"@type":"WebSite","@id":"https:\/\/mountainguides.pro\/#website","url":"https:\/\/mountainguides.pro\/","name":"Mountain Guide","description":"We aspire to be the first in everything!","publisher":{"@id":"https:\/\/mountainguides.pro\/#organization"},"potentialAction":[{"@type":"SearchAction","target":{"@type":"EntryPoint","urlTemplate":"https:\/\/mountainguides.pro\/?s={search_term_string}"},"query-input":{"@type":"PropertyValueSpecification","valueRequired":true,"valueName":"search_term_string"}}],"inLanguage":"es"},{"@type":"Organization","@id":"https:\/\/mountainguides.pro\/#organization","name":"Mountain Guide","url":"https:\/\/mountainguides.pro\/","logo":{"@type":"ImageObject","inLanguage":"es","@id":"https:\/\/mountainguides.pro\/#\/schema\/logo\/image\/","url":"https:\/\/mountainguides.pro\/wp-content\/uploads\/2018\/01\/mglogo.jpg","contentUrl":"https:\/\/mountainguides.pro\/wp-content\/uploads\/2018\/01\/mglogo.jpg","width":1200,"height":630,"caption":"Mountain Guide"},"image":{"@id":"https:\/\/mountainguides.pro\/#\/schema\/logo\/image\/"},"sameAs":["https:\/\/www.facebook.com\/Mountainguide-232956566756831\/","https:\/\/x.com\/Wintercyclone","http:\/\/instagram.com\/mountainguide","http:\/\/www.youtube.com\/mountainguide"]}]}},"_links":{"self":[{"href":"https:\/\/mountainguides.pro\/es\/wp-json\/wp\/v2\/product\/21149","targetHints":{"allow":["GET"]}}],"collection":[{"href":"https:\/\/mountainguides.pro\/es\/wp-json\/wp\/v2\/product"}],"about":[{"href":"https:\/\/mountainguides.pro\/es\/wp-json\/wp\/v2\/types\/product"}],"replies":[{"embeddable":true,"href":"https:\/\/mountainguides.pro\/es\/wp-json\/wp\/v2\/comments?post=21149"}],"version-history":[{"count":15,"href":"https:\/\/mountainguides.pro\/es\/wp-json\/wp\/v2\/product\/21149\/revisions"}],"predecessor-version":[{"id":33393,"href":"https:\/\/mountainguides.pro\/es\/wp-json\/wp\/v2\/product\/21149\/revisions\/33393"}],"wp:featuredmedia":[{"embeddable":true,"href":"https:\/\/mountainguides.pro\/es\/wp-json\/wp\/v2\/media\/14942"}],"wp:attachment":[{"href":"https:\/\/mountainguides.pro\/es\/wp-json\/wp\/v2\/media?parent=21149"}],"wp:term":[{"taxonomy":"product_cat","embeddable":true,"href":"https:\/\/mountainguides.pro\/es\/wp-json\/wp\/v2\/product_cat?post=21149"},{"taxonomy":"product_tag","embeddable":true,"href":"https:\/\/mountainguides.pro\/es\/wp-json\/wp\/v2\/product_tag?post=21149"}],"curies":[{"name":"wp","href":"https:\/\/api.w.org\/{rel}","templated":true}]}}