{"id":21160,"date":"2025-01-08T17:16:14","date_gmt":"2025-01-08T14:16:14","guid":{"rendered":"https:\/\/mountainguides.pro\/?post_type=product&#038;p=21160"},"modified":"2026-01-28T15:21:40","modified_gmt":"2026-01-28T12:21:40","slug":"ski-tour-in-south-tyrol-italy","status":"publish","type":"product","link":"https:\/\/mountainguides.pro\/es\/tours\/ski-tour\/ski-tour-in-south-tyrol-italy\/","title":{"rendered":"Tour de esqu\u00ed en Tirol del sur (Italia)"},"content":{"rendered":"","protected":false},"excerpt":{"rendered":"<p class=\"p1\">Ideal f\u00fcr das erste Kennenlernen von Skitouren<\/p>\n<p class=\"p1\">Keine Vorerfahrung erforderlich<\/p>\n<p class=\"p1\">Gruppen bis zu 6 Personen pro Guide<\/p>\n<p class=\"p1\">Zertifizierte Berg- und Skif\u00fchrer<\/p>\n<p class=\"p1\">Malerische Landschaften S\u00fcdtirols<\/p>\n<p class=\"p1\">Hervorragende Bedingungen zum Skifahren<\/p>\n<p class=\"p3\"><b>Bitte beachten Sie, dass unser Unternehmen keine Dienstleistungen im Bereich Flugticketkauf, Verkauf oder Visabeschaffung anbietet und daher keine Verantwortung f\u00fcr unvorhergesehene Ereignisse im Zusammenhang mit Fl\u00fcgen oder Grenz\u00fcbertritten \u00fcbernimmt.<\/b><\/p>\n","protected":false},"featured_media":21467,"comment_status":"closed","ping_status":"closed","template":"","meta":{"_acf_changed":false,"footnotes":""},"product_cat":[346,347],"product_tag":[],"class_list":{"0":"post-21160","1":"product","2":"type-product","3":"status-publish","4":"has-post-thumbnail","6":"product_cat-ski-tour","7":"product_cat-equipment","9":"first","10":"instock","11":"shipping-taxable","12":"purchasable","13":"product-type-simple"},"acf":[],"yoast_head":"<!-- This site is optimized with the Yoast SEO Premium plugin v26.5 (Yoast SEO v27.3) - https:\/\/yoast.com\/product\/yoast-seo-premium-wordpress\/ -->\n<title>Climb Ski touring in South Tyrol (Italy)<\/title>\n<meta name=\"robots\" content=\"index, follow, max-snippet:-1, max-image-preview:large, max-video-preview:-1\" \/>\n<link rel=\"canonical\" href=\"https:\/\/mountainguides.pro\/es\/tours\/ski-tour\/ski-tour-in-south-tyrol-italy\/\" \/>\n<meta property=\"og:locale\" content=\"es_ES\" \/>\n<meta property=\"og:locale:alternate\" content=\"en_US\" \/>\n<meta property=\"og:locale:alternate\" content=\"ru_RU\" \/>\n<meta property=\"og:locale:alternate\" content=\"de\" \/>\n<meta property=\"og:locale:alternate\" content=\"pt\" \/>\n<meta property=\"og:locale:alternate\" content=\"zh\" \/>\n<meta property=\"og:locale:alternate\" content=\"ko\" \/>\n<meta property=\"og:locale:alternate\" content=\"ja\" \/>\n<meta property=\"og:locale:alternate\" content=\"hi\" \/>\n<meta property=\"og:locale:alternate\" content=\"ar\" \/>\n<meta property=\"og:type\" content=\"article\" \/>\n<meta property=\"og:title\" content=\"Tour de esqu\u00ed en Tirol del sur (Italia)\" \/>\n<meta property=\"og:description\" content=\"Ideal f\u00fcr das erste Kennenlernen von Skitouren Keine Vorerfahrung erforderlich Gruppen bis zu 6 Personen pro Guide Zertifizierte Berg- und Skif\u00fchrer Malerische Landschaften S\u00fcdtirols Hervorragende Bedingungen zum Skifahren Bitte beachten Sie, dass unser Unternehmen keine Dienstleistungen im Bereich Flugticketkauf, Verkauf oder Visabeschaffung anbietet und daher keine Verantwortung f\u00fcr unvorhergesehene Ereignisse im Zusammenhang mit Fl\u00fcgen oder Grenz\u00fcbertritten \u00fcbernimmt.\" \/>\n<meta property=\"og:url\" content=\"https:\/\/mountainguides.pro\/es\/tours\/ski-tour\/ski-tour-in-south-tyrol-italy\/\" \/>\n<meta property=\"og:site_name\" content=\"Mountain Guide\" \/>\n<meta property=\"article:publisher\" content=\"https:\/\/www.facebook.com\/Mountainguide-232956566756831\/\" \/>\n<meta property=\"article:modified_time\" content=\"2026-01-28T12:21:40+00:00\" \/>\n<meta property=\"og:image\" content=\"https:\/\/mountainguides.pro\/wp-content\/uploads\/2025\/01\/ski-tour-alps.jpg\" \/>\n\t<meta property=\"og:image:width\" content=\"1200\" \/>\n\t<meta property=\"og:image:height\" content=\"800\" \/>\n\t<meta property=\"og:image:type\" content=\"image\/jpeg\" \/>\n<meta name=\"twitter:card\" content=\"summary_large_image\" \/>\n<meta name=\"twitter:site\" content=\"@Wintercyclone\" \/>\n<meta name=\"twitter:label1\" content=\"Tiempo de lectura\" \/>\n\t<meta name=\"twitter:data1\" content=\"1 minuto\" \/>\n<script type=\"application\/ld+json\" class=\"yoast-schema-graph\">{\"@context\":\"https:\\\/\\\/schema.org\",\"@graph\":[{\"@type\":\"WebPage\",\"@id\":\"https:\\\/\\\/mountainguides.pro\\\/ar\\\/tours\\\/ski-tour\\\/ski-tour-in-south-tyrol-italy\\\/\",\"url\":\"https:\\\/\\\/mountainguides.pro\\\/ar\\\/tours\\\/ski-tour\\\/ski-tour-in-south-tyrol-italy\\\/\",\"name\":\"Climb Ski touring in South Tyrol (Italy)\",\"isPartOf\":{\"@id\":\"https:\\\/\\\/mountainguides.pro\\\/#website\"},\"primaryImageOfPage\":{\"@id\":\"https:\\\/\\\/mountainguides.pro\\\/ar\\\/tours\\\/ski-tour\\\/ski-tour-in-south-tyrol-italy\\\/#primaryimage\"},\"image\":{\"@id\":\"https:\\\/\\\/mountainguides.pro\\\/ar\\\/tours\\\/ski-tour\\\/ski-tour-in-south-tyrol-italy\\\/#primaryimage\"},\"thumbnailUrl\":\"https:\\\/\\\/mountainguides.pro\\\/wp-content\\\/uploads\\\/2025\\\/01\\\/ski-tour-alps.jpg\",\"datePublished\":\"2025-01-08T14:16:14+00:00\",\"dateModified\":\"2026-01-28T12:21:40+00:00\",\"breadcrumb\":{\"@id\":\"https:\\\/\\\/mountainguides.pro\\\/ar\\\/tours\\\/ski-tour\\\/ski-tour-in-south-tyrol-italy\\\/#breadcrumb\"},\"inLanguage\":\"es\",\"potentialAction\":[{\"@type\":\"ReadAction\",\"target\":[\"https:\\\/\\\/mountainguides.pro\\\/ar\\\/tours\\\/ski-tour\\\/ski-tour-in-south-tyrol-italy\\\/\"]}]},{\"@type\":\"ImageObject\",\"inLanguage\":\"es\",\"@id\":\"https:\\\/\\\/mountainguides.pro\\\/ar\\\/tours\\\/ski-tour\\\/ski-tour-in-south-tyrol-italy\\\/#primaryimage\",\"url\":\"https:\\\/\\\/mountainguides.pro\\\/wp-content\\\/uploads\\\/2025\\\/01\\\/ski-tour-alps.jpg\",\"contentUrl\":\"https:\\\/\\\/mountainguides.pro\\\/wp-content\\\/uploads\\\/2025\\\/01\\\/ski-tour-alps.jpg\",\"width\":1200,\"height\":800},{\"@type\":\"BreadcrumbList\",\"@id\":\"https:\\\/\\\/mountainguides.pro\\\/ar\\\/tours\\\/ski-tour\\\/ski-tour-in-south-tyrol-italy\\\/#breadcrumb\",\"itemListElement\":[{\"@type\":\"ListItem\",\"position\":1,\"name\":\"Home\",\"item\":\"https:\\\/\\\/mountainguides.pro\\\/de\\\/\"},{\"@type\":\"ListItem\",\"position\":2,\"name\":\"\u062c\u0648\u0644\u0629 \u062a\u0632\u0644\u062c \u062c\u0646\u0648\u0628 \u062a\u064a\u0631\u0648\u0644 (\u0625\u064a\u0637\u0627\u0644\u064a\u0627)\"}]},{\"@type\":\"WebSite\",\"@id\":\"https:\\\/\\\/mountainguides.pro\\\/#website\",\"url\":\"https:\\\/\\\/mountainguides.pro\\\/\",\"name\":\"Mountain Guide\",\"description\":\"We aspire to be the first in everything!\",\"publisher\":{\"@id\":\"https:\\\/\\\/mountainguides.pro\\\/#organization\"},\"potentialAction\":[{\"@type\":\"SearchAction\",\"target\":{\"@type\":\"EntryPoint\",\"urlTemplate\":\"https:\\\/\\\/mountainguides.pro\\\/?s={search_term_string}\"},\"query-input\":{\"@type\":\"PropertyValueSpecification\",\"valueRequired\":true,\"valueName\":\"search_term_string\"}}],\"inLanguage\":\"es\"},{\"@type\":\"Organization\",\"@id\":\"https:\\\/\\\/mountainguides.pro\\\/#organization\",\"name\":\"Mountain Guide\",\"url\":\"https:\\\/\\\/mountainguides.pro\\\/\",\"logo\":{\"@type\":\"ImageObject\",\"inLanguage\":\"es\",\"@id\":\"https:\\\/\\\/mountainguides.pro\\\/#\\\/schema\\\/logo\\\/image\\\/\",\"url\":\"https:\\\/\\\/mountainguides.pro\\\/wp-content\\\/uploads\\\/2018\\\/01\\\/mglogo.jpg\",\"contentUrl\":\"https:\\\/\\\/mountainguides.pro\\\/wp-content\\\/uploads\\\/2018\\\/01\\\/mglogo.jpg\",\"width\":1200,\"height\":630,\"caption\":\"Mountain Guide\"},\"image\":{\"@id\":\"https:\\\/\\\/mountainguides.pro\\\/#\\\/schema\\\/logo\\\/image\\\/\"},\"sameAs\":[\"https:\\\/\\\/www.facebook.com\\\/Mountainguide-232956566756831\\\/\",\"https:\\\/\\\/x.com\\\/Wintercyclone\",\"http:\\\/\\\/instagram.com\\\/mountainguide\",\"http:\\\/\\\/www.youtube.com\\\/mountainguide\"]}]}<\/script>\n<!-- \/ Yoast SEO Premium plugin. -->","yoast_head_json":{"title":"Climb Ski touring in South Tyrol (Italy)","robots":{"index":"index","follow":"follow","max-snippet":"max-snippet:-1","max-image-preview":"max-image-preview:large","max-video-preview":"max-video-preview:-1"},"canonical":"https:\/\/mountainguides.pro\/es\/tours\/ski-tour\/ski-tour-in-south-tyrol-italy\/","og_locale":"es_ES","og_type":"article","og_title":"[:en]Ski touring in South Tyrol (Italy)[:de]Ski-Tour in S\u00fcdtirol (Italien)[:es]Tour de esqu\u00ed en Tirol del sur (Italia)[:pt]Tour de esqui no Tirol do Sul (It\u00e1lia)[:zh]\u610f\u5927\u5229\u5357\u8482\u7f57\u5c14\u6ed1\u96ea\u767b\u5c71\u4e4b\u65c5[:ko]\uc0ac\uc6b0\uc2a4 \ud2f0\ub864 \uc2a4\ud0a4 \ud22c\uc5b4(\uc774\ud0c8\ub9ac\uc544)[:ja]\u5357\u30c1\u30ed\u30eb\u30b9\u30ad\u30fc\u30c4\u30a2\u30fc\uff08\u30a4\u30bf\u30ea\u30a2\uff09[:hi]\u0926\u0915\u094d\u0937\u093f\u0923 \u091f\u093e\u092f\u0930\u0949\u0932 \u0938\u094d\u0915\u0940 \u091f\u0942\u0930 (\u0907\u091f\u0932\u0940)[:ar]\u062c\u0648\u0644\u0629 \u062a\u0632\u0644\u062c \u062c\u0646\u0648\u0628 \u062a\u064a\u0631\u0648\u0644 (\u0625\u064a\u0637\u0627\u0644\u064a\u0627)[:]","og_description":"Ideal f\u00fcr das erste Kennenlernen von Skitouren Keine Vorerfahrung erforderlich Gruppen bis zu 6 Personen pro Guide Zertifizierte Berg- und Skif\u00fchrer Malerische Landschaften S\u00fcdtirols Hervorragende Bedingungen zum Skifahren Bitte beachten Sie, dass unser Unternehmen keine Dienstleistungen im Bereich Flugticketkauf, Verkauf oder Visabeschaffung anbietet und daher keine Verantwortung f\u00fcr unvorhergesehene Ereignisse im Zusammenhang mit Fl\u00fcgen oder Grenz\u00fcbertritten \u00fcbernimmt.","og_url":"https:\/\/mountainguides.pro\/es\/tours\/ski-tour\/ski-tour-in-south-tyrol-italy\/","og_site_name":"Mountain Guide","article_publisher":"https:\/\/www.facebook.com\/Mountainguide-232956566756831\/","article_modified_time":"2026-01-28T12:21:40+00:00","og_image":[{"width":1200,"height":800,"url":"https:\/\/mountainguides.pro\/wp-content\/uploads\/2025\/01\/ski-tour-alps.jpg","type":"image\/jpeg"}],"twitter_card":"summary_large_image","twitter_site":"@Wintercyclone","twitter_misc":{"Tiempo de lectura":"1 minuto"},"schema":{"@context":"https:\/\/schema.org","@graph":[{"@type":"WebPage","@id":"https:\/\/mountainguides.pro\/ar\/tours\/ski-tour\/ski-tour-in-south-tyrol-italy\/","url":"https:\/\/mountainguides.pro\/ar\/tours\/ski-tour\/ski-tour-in-south-tyrol-italy\/","name":"Climb Ski touring in South Tyrol (Italy)","isPartOf":{"@id":"https:\/\/mountainguides.pro\/#website"},"primaryImageOfPage":{"@id":"https:\/\/mountainguides.pro\/ar\/tours\/ski-tour\/ski-tour-in-south-tyrol-italy\/#primaryimage"},"image":{"@id":"https:\/\/mountainguides.pro\/ar\/tours\/ski-tour\/ski-tour-in-south-tyrol-italy\/#primaryimage"},"thumbnailUrl":"https:\/\/mountainguides.pro\/wp-content\/uploads\/2025\/01\/ski-tour-alps.jpg","datePublished":"2025-01-08T14:16:14+00:00","dateModified":"2026-01-28T12:21:40+00:00","breadcrumb":{"@id":"https:\/\/mountainguides.pro\/ar\/tours\/ski-tour\/ski-tour-in-south-tyrol-italy\/#breadcrumb"},"inLanguage":"es","potentialAction":[{"@type":"ReadAction","target":["https:\/\/mountainguides.pro\/ar\/tours\/ski-tour\/ski-tour-in-south-tyrol-italy\/"]}]},{"@type":"ImageObject","inLanguage":"es","@id":"https:\/\/mountainguides.pro\/ar\/tours\/ski-tour\/ski-tour-in-south-tyrol-italy\/#primaryimage","url":"https:\/\/mountainguides.pro\/wp-content\/uploads\/2025\/01\/ski-tour-alps.jpg","contentUrl":"https:\/\/mountainguides.pro\/wp-content\/uploads\/2025\/01\/ski-tour-alps.jpg","width":1200,"height":800},{"@type":"BreadcrumbList","@id":"https:\/\/mountainguides.pro\/ar\/tours\/ski-tour\/ski-tour-in-south-tyrol-italy\/#breadcrumb","itemListElement":[{"@type":"ListItem","position":1,"name":"Home","item":"https:\/\/mountainguides.pro\/de\/"},{"@type":"ListItem","position":2,"name":"\u062c\u0648\u0644\u0629 \u062a\u0632\u0644\u062c \u062c\u0646\u0648\u0628 \u062a\u064a\u0631\u0648\u0644 (\u0625\u064a\u0637\u0627\u0644\u064a\u0627)"}]},{"@type":"WebSite","@id":"https:\/\/mountainguides.pro\/#website","url":"https:\/\/mountainguides.pro\/","name":"Mountain Guide","description":"We aspire to be the first in everything!","publisher":{"@id":"https:\/\/mountainguides.pro\/#organization"},"potentialAction":[{"@type":"SearchAction","target":{"@type":"EntryPoint","urlTemplate":"https:\/\/mountainguides.pro\/?s={search_term_string}"},"query-input":{"@type":"PropertyValueSpecification","valueRequired":true,"valueName":"search_term_string"}}],"inLanguage":"es"},{"@type":"Organization","@id":"https:\/\/mountainguides.pro\/#organization","name":"Mountain Guide","url":"https:\/\/mountainguides.pro\/","logo":{"@type":"ImageObject","inLanguage":"es","@id":"https:\/\/mountainguides.pro\/#\/schema\/logo\/image\/","url":"https:\/\/mountainguides.pro\/wp-content\/uploads\/2018\/01\/mglogo.jpg","contentUrl":"https:\/\/mountainguides.pro\/wp-content\/uploads\/2018\/01\/mglogo.jpg","width":1200,"height":630,"caption":"Mountain Guide"},"image":{"@id":"https:\/\/mountainguides.pro\/#\/schema\/logo\/image\/"},"sameAs":["https:\/\/www.facebook.com\/Mountainguide-232956566756831\/","https:\/\/x.com\/Wintercyclone","http:\/\/instagram.com\/mountainguide","http:\/\/www.youtube.com\/mountainguide"]}]}},"_links":{"self":[{"href":"https:\/\/mountainguides.pro\/es\/wp-json\/wp\/v2\/product\/21160","targetHints":{"allow":["GET"]}}],"collection":[{"href":"https:\/\/mountainguides.pro\/es\/wp-json\/wp\/v2\/product"}],"about":[{"href":"https:\/\/mountainguides.pro\/es\/wp-json\/wp\/v2\/types\/product"}],"replies":[{"embeddable":true,"href":"https:\/\/mountainguides.pro\/es\/wp-json\/wp\/v2\/comments?post=21160"}],"version-history":[{"count":17,"href":"https:\/\/mountainguides.pro\/es\/wp-json\/wp\/v2\/product\/21160\/revisions"}],"predecessor-version":[{"id":32644,"href":"https:\/\/mountainguides.pro\/es\/wp-json\/wp\/v2\/product\/21160\/revisions\/32644"}],"wp:featuredmedia":[{"embeddable":true,"href":"https:\/\/mountainguides.pro\/es\/wp-json\/wp\/v2\/media\/21467"}],"wp:attachment":[{"href":"https:\/\/mountainguides.pro\/es\/wp-json\/wp\/v2\/media?parent=21160"}],"wp:term":[{"taxonomy":"product_cat","embeddable":true,"href":"https:\/\/mountainguides.pro\/es\/wp-json\/wp\/v2\/product_cat?post=21160"},{"taxonomy":"product_tag","embeddable":true,"href":"https:\/\/mountainguides.pro\/es\/wp-json\/wp\/v2\/product_tag?post=21160"}],"curies":[{"name":"wp","href":"https:\/\/api.w.org\/{rel}","templated":true}]}}