{"id":21212,"date":"2025-01-10T11:00:46","date_gmt":"2025-01-10T08:00:46","guid":{"rendered":"https:\/\/mountainguides.pro\/?post_type=product&#038;p=21212"},"modified":"2026-03-16T10:43:18","modified_gmt":"2026-03-16T07:43:18","slug":"trekking-to-makalu-base-camp","status":"publish","type":"product","link":"https:\/\/mountainguides.pro\/es\/tours\/trekking\/trekking-to-makalu-base-camp\/","title":{"rendered":"Trekking al campamento base de Makalu"},"content":{"rendered":"","protected":false},"excerpt":{"rendered":"<p class=\"p1\">Trekking sin multitudes de turistas: aqu\u00ed nadie le impedir\u00e1 disfrutar de los paisajes<\/p>\n<p class=\"p1\">Vistas impresionantes de tres ochomiles: Makalu, Everest y Kangchenjunga<\/p>\n<p class=\"p1\">El valle de Barun, para muchos, es un verdadero lugar de poder que brinda energ\u00eda a todos los que lo visitan<\/p>\n<p class=\"p1\">Color nepal\u00ed: puentes colgantes, r\u00edos rugientes, terrazas de arroz y aldeas remotas que parecen flotar sobre los precipicios<\/p>\n<p class=\"p1\">Oportunidad de probar la cocina local: queso de yak, filetes y dal-bhat<\/p>\n<p class=\"p1\">**A diferencia de otras compa\u00f1\u00edas, se incluye el vuelo interno<\/p>\n<p class=\"p1\"><strong>Informaci\u00f3n importante:<\/strong><\/p>\n<p class=\"p1\">El horario de check-in y check-out est\u00e1 regulado por el hotel: check-in a partir de las 15\u202fh, check-out hasta las 11\u201112\u202fh. El equipaje puede dejarse en la recepci\u00f3n del hotel para pasear por la ciudad o, si es posible, pagar un suplemento para entrada anticipada\/salida tard\u00eda.<\/p>\n<p class=\"p1\">En Nepal, hay dificultades para cambiar billetes peque\u00f1os, desgastados o antiguos (emitidos antes de 2009), tenga esto en cuenta. En algunos casos hay comisi\u00f3n adicional, en otros se rechaza el cambio.<\/p>\n<p class=\"p1\">Le recordamos que nuestra compa\u00f1\u00eda no presta servicios de compra, venta de boletos de avi\u00f3n ni de gesti\u00f3n de visados, por lo que no se hace responsable de imprevistos relacionados con vuelos o tr\u00e1mites fronterizos.<\/p>\n","protected":false},"featured_media":21447,"comment_status":"closed","ping_status":"closed","template":"","meta":{"_acf_changed":false,"footnotes":""},"product_cat":[321],"product_tag":[],"class_list":{"0":"post-21212","1":"product","2":"type-product","3":"status-publish","4":"has-post-thumbnail","6":"product_cat-trekking","8":"first","9":"instock","10":"shipping-taxable","11":"purchasable","12":"product-type-simple"},"acf":[],"yoast_head":"<!-- This site is optimized with the Yoast SEO Premium plugin v26.5 (Yoast SEO v27.3) - https:\/\/yoast.com\/product\/yoast-seo-premium-wordpress\/ -->\n<title>Trekking al campamento base de Makalu<\/title>\n<meta name=\"robots\" content=\"index, follow, max-snippet:-1, max-image-preview:large, max-video-preview:-1\" \/>\n<link rel=\"canonical\" href=\"https:\/\/mountainguides.pro\/es\/tours\/trekking\/trekking-to-makalu-base-camp\/\" \/>\n<meta property=\"og:locale\" content=\"es_ES\" \/>\n<meta property=\"og:locale:alternate\" content=\"en_US\" \/>\n<meta property=\"og:locale:alternate\" content=\"ru_RU\" \/>\n<meta property=\"og:locale:alternate\" content=\"de\" \/>\n<meta property=\"og:locale:alternate\" content=\"pt\" \/>\n<meta property=\"og:locale:alternate\" content=\"zh\" \/>\n<meta property=\"og:locale:alternate\" content=\"ko\" \/>\n<meta property=\"og:locale:alternate\" content=\"ja\" \/>\n<meta property=\"og:locale:alternate\" content=\"hi\" \/>\n<meta property=\"og:locale:alternate\" content=\"ar\" \/>\n<meta property=\"og:type\" content=\"article\" \/>\n<meta property=\"og:title\" content=\"Trekking al campamento base de Makalu\" \/>\n<meta property=\"og:description\" content=\"Trekking sin multitudes de turistas: aqu\u00ed nadie le impedir\u00e1 disfrutar de los paisajes Vistas impresionantes de tres ochomiles: Makalu, Everest y Kangchenjunga El valle de Barun, para muchos, es un verdadero lugar de poder que brinda energ\u00eda a todos los que lo visitan Color nepal\u00ed: puentes colgantes, r\u00edos rugientes, terrazas de arroz y aldeas remotas que parecen flotar sobre los precipicios Oportunidad de probar la cocina local: queso de yak, filetes y dal-bhat **A diferencia de otras compa\u00f1\u00edas, se incluye el vuelo interno Informaci\u00f3n importante: El horario de check-in y check-out est\u00e1 regulado por el hotel: check-in a partir de las 15\u202fh, check-out hasta las 11\u201112\u202fh. El equipaje puede dejarse en la recepci\u00f3n del hotel para pasear por la ciudad o, si es posible, pagar un suplemento para entrada anticipada\/salida tard\u00eda. En Nepal, hay dificultades para cambiar billetes peque\u00f1os, desgastados o antiguos (emitidos antes de 2009), tenga esto en cuenta. En algunos casos hay comisi\u00f3n adicional, en otros se rechaza el cambio. Le recordamos que nuestra compa\u00f1\u00eda no presta servicios de compra, venta de boletos de avi\u00f3n ni de gesti\u00f3n de visados, por lo que no se hace responsable de imprevistos relacionados con vuelos o tr\u00e1mites fronterizos.\" \/>\n<meta property=\"og:url\" content=\"https:\/\/mountainguides.pro\/es\/tours\/trekking\/trekking-to-makalu-base-camp\/\" \/>\n<meta property=\"og:site_name\" content=\"Mountain Guide\" \/>\n<meta property=\"article:publisher\" content=\"https:\/\/www.facebook.com\/Mountainguide-232956566756831\/\" \/>\n<meta property=\"article:modified_time\" content=\"2026-03-16T07:43:18+00:00\" \/>\n<meta property=\"og:image\" content=\"https:\/\/mountainguides.pro\/wp-content\/uploads\/2025\/01\/trekking-k-bazovomu-lageryu-makalu-2.jpeg\" \/>\n\t<meta property=\"og:image:width\" content=\"1800\" \/>\n\t<meta property=\"og:image:height\" content=\"1350\" \/>\n\t<meta property=\"og:image:type\" content=\"image\/jpeg\" \/>\n<meta name=\"twitter:card\" content=\"summary_large_image\" \/>\n<meta name=\"twitter:site\" content=\"@Wintercyclone\" \/>\n<meta name=\"twitter:label1\" content=\"Tiempo de lectura\" \/>\n\t<meta name=\"twitter:data1\" content=\"1 minuto\" \/>\n<script type=\"application\/ld+json\" class=\"yoast-schema-graph\">{\"@context\":\"https:\\\/\\\/schema.org\",\"@graph\":[{\"@type\":\"WebPage\",\"@id\":\"https:\\\/\\\/mountainguides.pro\\\/tours\\\/trekking\\\/trekking-to-makalu-base-camp\\\/\",\"url\":\"https:\\\/\\\/mountainguides.pro\\\/tours\\\/trekking\\\/trekking-to-makalu-base-camp\\\/\",\"name\":\"Trekking al campamento base de Makalu\",\"isPartOf\":{\"@id\":\"https:\\\/\\\/mountainguides.pro\\\/#website\"},\"primaryImageOfPage\":{\"@id\":\"https:\\\/\\\/mountainguides.pro\\\/tours\\\/trekking\\\/trekking-to-makalu-base-camp\\\/#primaryimage\"},\"image\":{\"@id\":\"https:\\\/\\\/mountainguides.pro\\\/tours\\\/trekking\\\/trekking-to-makalu-base-camp\\\/#primaryimage\"},\"thumbnailUrl\":\"https:\\\/\\\/mountainguides.pro\\\/wp-content\\\/uploads\\\/2025\\\/01\\\/trekking-k-bazovomu-lageryu-makalu-2.jpeg\",\"datePublished\":\"2025-01-10T08:00:46+00:00\",\"dateModified\":\"2026-03-16T07:43:18+00:00\",\"breadcrumb\":{\"@id\":\"https:\\\/\\\/mountainguides.pro\\\/tours\\\/trekking\\\/trekking-to-makalu-base-camp\\\/#breadcrumb\"},\"inLanguage\":\"es\",\"potentialAction\":[{\"@type\":\"ReadAction\",\"target\":[\"https:\\\/\\\/mountainguides.pro\\\/tours\\\/trekking\\\/trekking-to-makalu-base-camp\\\/\"]}]},{\"@type\":\"ImageObject\",\"inLanguage\":\"es\",\"@id\":\"https:\\\/\\\/mountainguides.pro\\\/tours\\\/trekking\\\/trekking-to-makalu-base-camp\\\/#primaryimage\",\"url\":\"https:\\\/\\\/mountainguides.pro\\\/wp-content\\\/uploads\\\/2025\\\/01\\\/trekking-k-bazovomu-lageryu-makalu-2.jpeg\",\"contentUrl\":\"https:\\\/\\\/mountainguides.pro\\\/wp-content\\\/uploads\\\/2025\\\/01\\\/trekking-k-bazovomu-lageryu-makalu-2.jpeg\",\"width\":1800,\"height\":1350},{\"@type\":\"BreadcrumbList\",\"@id\":\"https:\\\/\\\/mountainguides.pro\\\/tours\\\/trekking\\\/trekking-to-makalu-base-camp\\\/#breadcrumb\",\"itemListElement\":[{\"@type\":\"ListItem\",\"position\":1,\"name\":\"Home\",\"item\":\"https:\\\/\\\/mountainguides.pro\\\/de\\\/\"},{\"@type\":\"ListItem\",\"position\":2,\"name\":\"Trekking to Makalu Base Camp\"}]},{\"@type\":\"WebSite\",\"@id\":\"https:\\\/\\\/mountainguides.pro\\\/#website\",\"url\":\"https:\\\/\\\/mountainguides.pro\\\/\",\"name\":\"Mountain Guide\",\"description\":\"We aspire to be the first in everything!\",\"publisher\":{\"@id\":\"https:\\\/\\\/mountainguides.pro\\\/#organization\"},\"potentialAction\":[{\"@type\":\"SearchAction\",\"target\":{\"@type\":\"EntryPoint\",\"urlTemplate\":\"https:\\\/\\\/mountainguides.pro\\\/?s={search_term_string}\"},\"query-input\":{\"@type\":\"PropertyValueSpecification\",\"valueRequired\":true,\"valueName\":\"search_term_string\"}}],\"inLanguage\":\"es\"},{\"@type\":\"Organization\",\"@id\":\"https:\\\/\\\/mountainguides.pro\\\/#organization\",\"name\":\"Mountain Guide\",\"url\":\"https:\\\/\\\/mountainguides.pro\\\/\",\"logo\":{\"@type\":\"ImageObject\",\"inLanguage\":\"es\",\"@id\":\"https:\\\/\\\/mountainguides.pro\\\/#\\\/schema\\\/logo\\\/image\\\/\",\"url\":\"https:\\\/\\\/mountainguides.pro\\\/wp-content\\\/uploads\\\/2018\\\/01\\\/mglogo.jpg\",\"contentUrl\":\"https:\\\/\\\/mountainguides.pro\\\/wp-content\\\/uploads\\\/2018\\\/01\\\/mglogo.jpg\",\"width\":1200,\"height\":630,\"caption\":\"Mountain Guide\"},\"image\":{\"@id\":\"https:\\\/\\\/mountainguides.pro\\\/#\\\/schema\\\/logo\\\/image\\\/\"},\"sameAs\":[\"https:\\\/\\\/www.facebook.com\\\/Mountainguide-232956566756831\\\/\",\"https:\\\/\\\/x.com\\\/Wintercyclone\",\"http:\\\/\\\/instagram.com\\\/mountainguide\",\"http:\\\/\\\/www.youtube.com\\\/mountainguide\"]}]}<\/script>\n<!-- \/ Yoast SEO Premium plugin. -->","yoast_head_json":{"title":"Trekking al campamento base de Makalu","robots":{"index":"index","follow":"follow","max-snippet":"max-snippet:-1","max-image-preview":"max-image-preview:large","max-video-preview":"max-video-preview:-1"},"canonical":"https:\/\/mountainguides.pro\/es\/tours\/trekking\/trekking-to-makalu-base-camp\/","og_locale":"es_ES","og_type":"article","og_title":"[:en]Trekking to Makalu Base Camp[:de]Trekking zum Makalu Basislager[:es]Trekking al campamento base de Makalu[:pt]Trekking no acampamento base Makalu[:zh]\u5f92\u6b65\u524d\u5f80\u9a6c\u5361\u9c81\u5927\u672c\u8425[:ko]\ud55c\uad6d\uc5b4[:ja]\u30de\u30ab\u30eb\u30d9\u30fc\u30b9\u30ad\u30e3\u30f3\u30d7\u3078\u306e\u30c8\u30ec\u30c3\u30ad\u30f3\u30b0[:hi]\u092e\u0915\u093e\u0932\u0942 \u092c\u0947\u0938 \u0915\u0948\u0902\u092a \u0915\u0947 \u0932\u093f\u090f \u091f\u094d\u0930\u0947\u0915\u093f\u0902\u0917[:ar]\u0627\u0644\u0631\u062d\u0644\u0627\u062a \u0625\u0644\u0649 \u0645\u0639\u0633\u0643\u0631 \u0642\u0627\u0639\u062f\u0629 \u0645\u0627\u0643\u0627\u0644\u0648[:]","og_description":"Trekking sin multitudes de turistas: aqu\u00ed nadie le impedir\u00e1 disfrutar de los paisajes Vistas impresionantes de tres ochomiles: Makalu, Everest y Kangchenjunga El valle de Barun, para muchos, es un verdadero lugar de poder que brinda energ\u00eda a todos los que lo visitan Color nepal\u00ed: puentes colgantes, r\u00edos rugientes, terrazas de arroz y aldeas remotas que parecen flotar sobre los precipicios Oportunidad de probar la cocina local: queso de yak, filetes y dal-bhat **A diferencia de otras compa\u00f1\u00edas, se incluye el vuelo interno Informaci\u00f3n importante: El horario de check-in y check-out est\u00e1 regulado por el hotel: check-in a partir de las 15\u202fh, check-out hasta las 11\u201112\u202fh. El equipaje puede dejarse en la recepci\u00f3n del hotel para pasear por la ciudad o, si es posible, pagar un suplemento para entrada anticipada\/salida tard\u00eda. En Nepal, hay dificultades para cambiar billetes peque\u00f1os, desgastados o antiguos (emitidos antes de 2009), tenga esto en cuenta. En algunos casos hay comisi\u00f3n adicional, en otros se rechaza el cambio. Le recordamos que nuestra compa\u00f1\u00eda no presta servicios de compra, venta de boletos de avi\u00f3n ni de gesti\u00f3n de visados, por lo que no se hace responsable de imprevistos relacionados con vuelos o tr\u00e1mites fronterizos.","og_url":"https:\/\/mountainguides.pro\/es\/tours\/trekking\/trekking-to-makalu-base-camp\/","og_site_name":"Mountain Guide","article_publisher":"https:\/\/www.facebook.com\/Mountainguide-232956566756831\/","article_modified_time":"2026-03-16T07:43:18+00:00","og_image":[{"width":1800,"height":1350,"url":"https:\/\/mountainguides.pro\/wp-content\/uploads\/2025\/01\/trekking-k-bazovomu-lageryu-makalu-2.jpeg","type":"image\/jpeg"}],"twitter_card":"summary_large_image","twitter_site":"@Wintercyclone","twitter_misc":{"Tiempo de lectura":"1 minuto"},"schema":{"@context":"https:\/\/schema.org","@graph":[{"@type":"WebPage","@id":"https:\/\/mountainguides.pro\/tours\/trekking\/trekking-to-makalu-base-camp\/","url":"https:\/\/mountainguides.pro\/tours\/trekking\/trekking-to-makalu-base-camp\/","name":"Trekking al campamento base de Makalu","isPartOf":{"@id":"https:\/\/mountainguides.pro\/#website"},"primaryImageOfPage":{"@id":"https:\/\/mountainguides.pro\/tours\/trekking\/trekking-to-makalu-base-camp\/#primaryimage"},"image":{"@id":"https:\/\/mountainguides.pro\/tours\/trekking\/trekking-to-makalu-base-camp\/#primaryimage"},"thumbnailUrl":"https:\/\/mountainguides.pro\/wp-content\/uploads\/2025\/01\/trekking-k-bazovomu-lageryu-makalu-2.jpeg","datePublished":"2025-01-10T08:00:46+00:00","dateModified":"2026-03-16T07:43:18+00:00","breadcrumb":{"@id":"https:\/\/mountainguides.pro\/tours\/trekking\/trekking-to-makalu-base-camp\/#breadcrumb"},"inLanguage":"es","potentialAction":[{"@type":"ReadAction","target":["https:\/\/mountainguides.pro\/tours\/trekking\/trekking-to-makalu-base-camp\/"]}]},{"@type":"ImageObject","inLanguage":"es","@id":"https:\/\/mountainguides.pro\/tours\/trekking\/trekking-to-makalu-base-camp\/#primaryimage","url":"https:\/\/mountainguides.pro\/wp-content\/uploads\/2025\/01\/trekking-k-bazovomu-lageryu-makalu-2.jpeg","contentUrl":"https:\/\/mountainguides.pro\/wp-content\/uploads\/2025\/01\/trekking-k-bazovomu-lageryu-makalu-2.jpeg","width":1800,"height":1350},{"@type":"BreadcrumbList","@id":"https:\/\/mountainguides.pro\/tours\/trekking\/trekking-to-makalu-base-camp\/#breadcrumb","itemListElement":[{"@type":"ListItem","position":1,"name":"Home","item":"https:\/\/mountainguides.pro\/de\/"},{"@type":"ListItem","position":2,"name":"Trekking to Makalu Base Camp"}]},{"@type":"WebSite","@id":"https:\/\/mountainguides.pro\/#website","url":"https:\/\/mountainguides.pro\/","name":"Mountain Guide","description":"We aspire to be the first in everything!","publisher":{"@id":"https:\/\/mountainguides.pro\/#organization"},"potentialAction":[{"@type":"SearchAction","target":{"@type":"EntryPoint","urlTemplate":"https:\/\/mountainguides.pro\/?s={search_term_string}"},"query-input":{"@type":"PropertyValueSpecification","valueRequired":true,"valueName":"search_term_string"}}],"inLanguage":"es"},{"@type":"Organization","@id":"https:\/\/mountainguides.pro\/#organization","name":"Mountain Guide","url":"https:\/\/mountainguides.pro\/","logo":{"@type":"ImageObject","inLanguage":"es","@id":"https:\/\/mountainguides.pro\/#\/schema\/logo\/image\/","url":"https:\/\/mountainguides.pro\/wp-content\/uploads\/2018\/01\/mglogo.jpg","contentUrl":"https:\/\/mountainguides.pro\/wp-content\/uploads\/2018\/01\/mglogo.jpg","width":1200,"height":630,"caption":"Mountain Guide"},"image":{"@id":"https:\/\/mountainguides.pro\/#\/schema\/logo\/image\/"},"sameAs":["https:\/\/www.facebook.com\/Mountainguide-232956566756831\/","https:\/\/x.com\/Wintercyclone","http:\/\/instagram.com\/mountainguide","http:\/\/www.youtube.com\/mountainguide"]}]}},"_links":{"self":[{"href":"https:\/\/mountainguides.pro\/es\/wp-json\/wp\/v2\/product\/21212","targetHints":{"allow":["GET"]}}],"collection":[{"href":"https:\/\/mountainguides.pro\/es\/wp-json\/wp\/v2\/product"}],"about":[{"href":"https:\/\/mountainguides.pro\/es\/wp-json\/wp\/v2\/types\/product"}],"replies":[{"embeddable":true,"href":"https:\/\/mountainguides.pro\/es\/wp-json\/wp\/v2\/comments?post=21212"}],"version-history":[{"count":19,"href":"https:\/\/mountainguides.pro\/es\/wp-json\/wp\/v2\/product\/21212\/revisions"}],"predecessor-version":[{"id":32643,"href":"https:\/\/mountainguides.pro\/es\/wp-json\/wp\/v2\/product\/21212\/revisions\/32643"}],"wp:featuredmedia":[{"embeddable":true,"href":"https:\/\/mountainguides.pro\/es\/wp-json\/wp\/v2\/media\/21447"}],"wp:attachment":[{"href":"https:\/\/mountainguides.pro\/es\/wp-json\/wp\/v2\/media?parent=21212"}],"wp:term":[{"taxonomy":"product_cat","embeddable":true,"href":"https:\/\/mountainguides.pro\/es\/wp-json\/wp\/v2\/product_cat?post=21212"},{"taxonomy":"product_tag","embeddable":true,"href":"https:\/\/mountainguides.pro\/es\/wp-json\/wp\/v2\/product_tag?post=21212"}],"curies":[{"name":"wp","href":"https:\/\/api.w.org\/{rel}","templated":true}]}}