{"id":19744,"date":"2023-11-01T14:37:57","date_gmt":"2023-11-01T11:37:57","guid":{"rendered":"https:\/\/mountainguides.pro\/?post_type=product&#038;p=19744"},"modified":"2026-04-06T17:33:35","modified_gmt":"2026-04-06T14:33:35","slug":"safari-tanzania","status":"publish","type":"product","link":"https:\/\/mountainguides.pro\/hi\/tours\/safari\/safari-tanzania\/","title":{"rendered":"\u0924\u0902\u091c\u093e\u0928\u093f\u092f\u093e \u091f\u0942\u0930: \u0938\u0947\u0930\u0947\u0928\u094d\u0917\u0947\u091f\u0940, \u0928\u093e\u0917\u094b\u0930\u094b\u0902\u0917\u094b\u0930\u094b \u0914\u0930 \u0924\u0930\u0902\u0917\u0940\u0930 \u0938\u092b\u093e\u0930\u0940"},"content":{"rendered":"","protected":false},"excerpt":{"rendered":"<ul>\n<li class=\"p1\">\u0905\u0928\u0941\u092d\u0935\u0940 \u0921\u094d\u0930\u093e\u0907\u0935\u0930\u094b\u0902 \u0915\u0947 \u0938\u093e\u0925 \u0938\u092b\u093e\u0930\u0940-\u091c\u0940\u092a\u094b\u0902 \u092e\u0947\u0902 \u0930\u094b\u092e\u093e\u0902\u091a\u0915 \u092f\u093e\u0924\u094d\u0930\u093e<\/li>\n<li class=\"p1\">\u091c\u0902\u0917\u0932\u0940 \u091c\u093e\u0928\u0935\u0930\u094b\u0902 \u0938\u0947 \u092d\u0930\u092a\u0942\u0930 \u0938\u0947\u0930\u0947\u0928\u0917\u0947\u091f\u0940 \u0930\u093e\u0937\u094d\u091f\u094d\u0930\u0940\u092f \u0909\u0926\u094d\u092f\u093e\u0928 \u0915\u093e \u0905\u0928\u094d\u0935\u0947\u0937\u0923<\/li>\n<li class=\"p1\">\u092a\u093e\u0930\u0902\u092a\u0930\u093f\u0915 \u0914\u0930 \u0932\u0915\u094d\u091c\u093c\u0930\u0940 \u0938\u092b\u093e\u0930\u0940-\u0932\u0949\u091c\u094b\u0902 \u092e\u0947\u0902 \u0920\u0939\u0930\u093e\u0935<\/li>\n<li class=\"p1\">\u0928\u0917\u094b\u0930\u094b\u0902\u0917\u094b\u0930\u094b \u0915\u094d\u0930\u0947\u091f\u0930 \u092e\u0947\u0902 \u092a\u0942\u0930\u0940 \u201c\u092c\u093f\u0917 \u092b\u093c\u093e\u0907\u0935\u201d \u0926\u0947\u0916\u0928\u0947 \u0915\u0940 \u0915\u094b\u0936\u093f\u0936<\/li>\n<li class=\"p1\">\u0905\u0938\u0932\u0940 \u0905\u092b\u094d\u0930\u0940\u0915\u0940 \u0930\u0902\u0917-\u0922\u0902\u0917 \u0914\u0930 \u092e\u093e\u0939\u094c\u0932 \u0915\u093e \u0905\u0928\u0941\u092d\u0935<\/li>\n<li class=\"p1\">\u0924\u093e\u0930\u0902\u0917\u093f\u0930\u0947 \u092a\u093e\u0930\u094d\u0915 \u092e\u0947\u0902 \u0939\u093e\u0925\u093f\u092f\u094b\u0902 \u0915\u0947 \u0935\u093f\u0936\u093e\u0932 \u091d\u0941\u0902\u0921\u094b\u0902 \u0915\u093e \u0905\u0935\u0932\u094b\u0915\u0928<\/li>\n<\/ul>\n<p class=\"p1\">\n<p class=\"p1\"><strong>*\u0915\u0943\u092a\u092f\u093e \u0927\u094d\u092f\u093e\u0928 \u0926\u0947\u0902 \u0915\u093f \u0939\u092e\u093e\u0930\u0940 \u0915\u0902\u092a\u0928\u0940 \u0939\u0935\u093e\u0908 \u091f\u093f\u0915\u091f\u094b\u0902 \u0915\u0940 \u0916\u0930\u0940\u0926-\u092b\u0930\u094b\u0916\u094d\u0924 \u0914\u0930 \u0935\u0940\u091c\u093c\u093e \u0915\u0947 \u092a\u094d\u0930\u092c\u0902\u0927 \u092e\u0947\u0902 \u0936\u093e\u092e\u093f\u0932 \u0928\u0939\u0940\u0902 \u0939\u0948, \u0907\u0938\u0932\u093f\u090f \u0909\u0921\u093c\u093e\u0928\u094b\u0902 \u0914\u0930 \u0938\u0940\u092e\u093e \u092a\u093e\u0930 \u0915\u0930\u0928\u0947 \u0938\u0947 \u091c\u0941\u0921\u093c\u0940 \u0915\u093f\u0938\u0940 \u092d\u0940 \u092b\u094b\u0930\u094d\u0938-\u092e\u0947\u091c\u0930 \u0938\u094d\u0925\u093f\u0924\u093f \u0915\u0947 \u0932\u093f\u090f \u0939\u092e \u091c\u093f\u092e\u094d\u092e\u0947\u0926\u093e\u0930 \u0928\u0939\u0940\u0902 \u0939\u0948\u0902\u0964<\/strong><\/p>\n<p class=\"p1\"><strong>\u0905\u092b\u094d\u0930\u0940\u0915\u093e \u092e\u0947\u0902 \u091b\u094b\u091f\u0947, \u0918\u093f\u0938\u0947-\u092a\u093f\u091f\u0947 \u0914\u0930 \u092a\u0941\u0930\u093e\u0928\u0947 (2009 \u0938\u0947 \u092a\u0939\u0932\u0947 \u091c\u093e\u0930\u0940) \u0905\u092e\u0947\u0930\u093f\u0915\u0940 \u0921\u0949\u0932\u0930 \u0915\u0947 \u0928\u094b\u091f\u094b\u0902 \u0915\u0947 \u0935\u093f\u0928\u093f\u092e\u092f \u092e\u0947\u0902 \u0915\u0941\u091b \u0915\u0920\u093f\u0928\u093e\u0907\u092f\u093e\u0901 \u0939\u094b\u0924\u0940 \u0939\u0948\u0902\u2014\u0915\u0939\u0940\u0902 \u0905\u0924\u093f\u0930\u093f\u0915\u094d\u0924 \u0915\u092e\u0940\u0936\u0928 \u0932\u0917\u0924\u093e \u0939\u0948, \u0924\u094b \u0915\u0939\u0940\u0902 \u0935\u093f\u0928\u093f\u092e\u092f \u0938\u0947 \u0907\u0902\u0915\u093e\u0930 \u0915\u0930 \u0926\u093f\u092f\u093e \u091c\u093e\u0924\u093e \u0939\u0948\u0964 \u0915\u0943\u092a\u092f\u093e \u0907\u0938\u0947 \u0927\u094d\u092f\u093e\u0928 \u092e\u0947\u0902 \u0930\u0916\u0947\u0902\u0964<\/strong><\/p>\n","protected":false},"featured_media":19746,"comment_status":"closed","ping_status":"closed","template":"","meta":{"_acf_changed":false,"footnotes":""},"product_cat":[339,318,343],"product_tag":[],"class_list":{"0":"post-19744","1":"product","2":"type-product","3":"status-publish","4":"has-post-thumbnail","6":"product_cat-adventure-africa","7":"product_cat-safari","8":"product_cat-safari-africa","10":"first","11":"instock","12":"shipping-taxable","13":"purchasable","14":"product-type-simple"},"acf":[],"yoast_head":"<!-- This site is optimized with the Yoast SEO Premium plugin v26.5 (Yoast SEO v27.4) - https:\/\/yoast.com\/product\/yoast-seo-premium-wordpress\/ -->\n<title>Safari Tanzania<\/title>\n<meta name=\"robots\" content=\"index, follow, max-snippet:-1, max-image-preview:large, max-video-preview:-1\" \/>\n<link rel=\"canonical\" href=\"https:\/\/mountainguides.pro\/hi\/tours\/safari\/safari-tanzania\/\" \/>\n<meta property=\"og:locale\" content=\"hi_IN\" \/>\n<meta property=\"og:locale:alternate\" content=\"en_US\" \/>\n<meta property=\"og:locale:alternate\" content=\"ru_RU\" \/>\n<meta property=\"og:locale:alternate\" content=\"de\" \/>\n<meta property=\"og:locale:alternate\" content=\"es\" \/>\n<meta property=\"og:locale:alternate\" content=\"pt\" \/>\n<meta property=\"og:locale:alternate\" content=\"zh\" \/>\n<meta property=\"og:locale:alternate\" content=\"ko\" \/>\n<meta property=\"og:locale:alternate\" content=\"ja\" \/>\n<meta property=\"og:locale:alternate\" content=\"ar\" \/>\n<meta property=\"og:type\" content=\"article\" \/>\n<meta property=\"og:title\" content=\"\u0924\u0902\u091c\u093e\u0928\u093f\u092f\u093e \u091f\u0942\u0930: \u0938\u0947\u0930\u0947\u0928\u094d\u0917\u0947\u091f\u0940, \u0928\u093e\u0917\u094b\u0930\u094b\u0902\u0917\u094b\u0930\u094b \u0914\u0930 \u0924\u0930\u0902\u0917\u0940\u0930 \u0938\u092b\u093e\u0930\u0940\" \/>\n<meta property=\"og:description\" content=\"\u0905\u0928\u0941\u092d\u0935\u0940 \u0921\u094d\u0930\u093e\u0907\u0935\u0930\u094b\u0902 \u0915\u0947 \u0938\u093e\u0925 \u0938\u092b\u093e\u0930\u0940-\u091c\u0940\u092a\u094b\u0902 \u092e\u0947\u0902 \u0930\u094b\u092e\u093e\u0902\u091a\u0915 \u092f\u093e\u0924\u094d\u0930\u093e  \u091c\u0902\u0917\u0932\u0940 \u091c\u093e\u0928\u0935\u0930\u094b\u0902 \u0938\u0947 \u092d\u0930\u092a\u0942\u0930 \u0938\u0947\u0930\u0947\u0928\u0917\u0947\u091f\u0940 \u0930\u093e\u0937\u094d\u091f\u094d\u0930\u0940\u092f \u0909\u0926\u094d\u092f\u093e\u0928 \u0915\u093e \u0905\u0928\u094d\u0935\u0947\u0937\u0923  \u092a\u093e\u0930\u0902\u092a\u0930\u093f\u0915 \u0914\u0930 \u0932\u0915\u094d\u091c\u093c\u0930\u0940 \u0938\u092b\u093e\u0930\u0940-\u0932\u0949\u091c\u094b\u0902 \u092e\u0947\u0902 \u0920\u0939\u0930\u093e\u0935  \u0928\u0917\u094b\u0930\u094b\u0902\u0917\u094b\u0930\u094b \u0915\u094d\u0930\u0947\u091f\u0930 \u092e\u0947\u0902 \u092a\u0942\u0930\u0940 \u201c\u092c\u093f\u0917 \u092b\u093c\u093e\u0907\u0935\u201d \u0926\u0947\u0916\u0928\u0947 \u0915\u0940 \u0915\u094b\u0936\u093f\u0936  \u0905\u0938\u0932\u0940 \u0905\u092b\u094d\u0930\u0940\u0915\u0940 \u0930\u0902\u0917-\u0922\u0902\u0917 \u0914\u0930 \u092e\u093e\u0939\u094c\u0932 \u0915\u093e \u0905\u0928\u0941\u092d\u0935  \u0924\u093e\u0930\u0902\u0917\u093f\u0930\u0947 \u092a\u093e\u0930\u094d\u0915 \u092e\u0947\u0902 \u0939\u093e\u0925\u093f\u092f\u094b\u0902 \u0915\u0947 \u0935\u093f\u0936\u093e\u0932 \u091d\u0941\u0902\u0921\u094b\u0902 \u0915\u093e \u0905\u0935\u0932\u094b\u0915\u0928   *\u0915\u0943\u092a\u092f\u093e \u0927\u094d\u092f\u093e\u0928 \u0926\u0947\u0902 \u0915\u093f \u0939\u092e\u093e\u0930\u0940 \u0915\u0902\u092a\u0928\u0940 \u0939\u0935\u093e\u0908 \u091f\u093f\u0915\u091f\u094b\u0902 \u0915\u0940 \u0916\u0930\u0940\u0926-\u092b\u0930\u094b\u0916\u094d\u0924 \u0914\u0930 \u0935\u0940\u091c\u093c\u093e \u0915\u0947 \u092a\u094d\u0930\u092c\u0902\u0927 \u092e\u0947\u0902 \u0936\u093e\u092e\u093f\u0932 \u0928\u0939\u0940\u0902 \u0939\u0948, \u0907\u0938\u0932\u093f\u090f \u0909\u0921\u093c\u093e\u0928\u094b\u0902 \u0914\u0930 \u0938\u0940\u092e\u093e \u092a\u093e\u0930 \u0915\u0930\u0928\u0947 \u0938\u0947 \u091c\u0941\u0921\u093c\u0940 \u0915\u093f\u0938\u0940 \u092d\u0940 \u092b\u094b\u0930\u094d\u0938-\u092e\u0947\u091c\u0930 \u0938\u094d\u0925\u093f\u0924\u093f \u0915\u0947 \u0932\u093f\u090f \u0939\u092e \u091c\u093f\u092e\u094d\u092e\u0947\u0926\u093e\u0930 \u0928\u0939\u0940\u0902 \u0939\u0948\u0902\u0964 \u0905\u092b\u094d\u0930\u0940\u0915\u093e \u092e\u0947\u0902 \u091b\u094b\u091f\u0947, \u0918\u093f\u0938\u0947-\u092a\u093f\u091f\u0947 \u0914\u0930 \u092a\u0941\u0930\u093e\u0928\u0947 (2009 \u0938\u0947 \u092a\u0939\u0932\u0947 \u091c\u093e\u0930\u0940) \u0905\u092e\u0947\u0930\u093f\u0915\u0940 \u0921\u0949\u0932\u0930 \u0915\u0947 \u0928\u094b\u091f\u094b\u0902 \u0915\u0947 \u0935\u093f\u0928\u093f\u092e\u092f \u092e\u0947\u0902 \u0915\u0941\u091b \u0915\u0920\u093f\u0928\u093e\u0907\u092f\u093e\u0901 \u0939\u094b\u0924\u0940 \u0939\u0948\u0902\u2014\u0915\u0939\u0940\u0902 \u0905\u0924\u093f\u0930\u093f\u0915\u094d\u0924 \u0915\u092e\u0940\u0936\u0928 \u0932\u0917\u0924\u093e \u0939\u0948, \u0924\u094b \u0915\u0939\u0940\u0902 \u0935\u093f\u0928\u093f\u092e\u092f \u0938\u0947 \u0907\u0902\u0915\u093e\u0930 \u0915\u0930 \u0926\u093f\u092f\u093e \u091c\u093e\u0924\u093e \u0939\u0948\u0964 \u0915\u0943\u092a\u092f\u093e \u0907\u0938\u0947 \u0927\u094d\u092f\u093e\u0928 \u092e\u0947\u0902 \u0930\u0916\u0947\u0902\u0964\" \/>\n<meta property=\"og:url\" content=\"https:\/\/mountainguides.pro\/hi\/tours\/safari\/safari-tanzania\/\" \/>\n<meta property=\"og:site_name\" content=\"Mountain Guide\" \/>\n<meta property=\"article:publisher\" content=\"https:\/\/www.facebook.com\/Mountainguide-232956566756831\/\" \/>\n<meta property=\"article:modified_time\" content=\"2026-04-06T14:33:35+00:00\" \/>\n<meta property=\"og:image\" content=\"https:\/\/mountainguides.pro\/wp-content\/uploads\/2023\/11\/Safari-Tanzaniya.jpg\" \/>\n\t<meta property=\"og:image:width\" content=\"1599\" \/>\n\t<meta property=\"og:image:height\" content=\"1197\" \/>\n\t<meta property=\"og:image:type\" content=\"image\/jpeg\" \/>\n<meta name=\"twitter:card\" content=\"summary_large_image\" \/>\n<meta name=\"twitter:site\" content=\"@Wintercyclone\" \/>\n<meta name=\"twitter:label1\" content=\"\u0905\u0928\u0941\u092e\u093e\u0928\u093f\u0924 \u092a\u0922\u093c\u0928\u0947 \u0915\u093e \u0938\u092e\u092f\" \/>\n\t<meta name=\"twitter:data1\" content=\"1 \u092e\u093f\u0928\u091f\" \/>\n<script type=\"application\/ld+json\" class=\"yoast-schema-graph\">{\"@context\":\"https:\\\/\\\/schema.org\",\"@graph\":[{\"@type\":\"WebPage\",\"@id\":\"https:\\\/\\\/mountainguides.pro\\\/tours\\\/safari\\\/safari-tanzania\\\/\",\"url\":\"https:\\\/\\\/mountainguides.pro\\\/tours\\\/safari\\\/safari-tanzania\\\/\",\"name\":\"Safari Tanzania\",\"isPartOf\":{\"@id\":\"https:\\\/\\\/mountainguides.pro\\\/#website\"},\"primaryImageOfPage\":{\"@id\":\"https:\\\/\\\/mountainguides.pro\\\/tours\\\/safari\\\/safari-tanzania\\\/#primaryimage\"},\"image\":{\"@id\":\"https:\\\/\\\/mountainguides.pro\\\/tours\\\/safari\\\/safari-tanzania\\\/#primaryimage\"},\"thumbnailUrl\":\"https:\\\/\\\/mountainguides.pro\\\/wp-content\\\/uploads\\\/2023\\\/11\\\/Safari-Tanzaniya.jpg\",\"datePublished\":\"2023-11-01T11:37:57+00:00\",\"dateModified\":\"2026-04-06T14:33:35+00:00\",\"breadcrumb\":{\"@id\":\"https:\\\/\\\/mountainguides.pro\\\/tours\\\/safari\\\/safari-tanzania\\\/#breadcrumb\"},\"inLanguage\":\"hi\",\"potentialAction\":[{\"@type\":\"ReadAction\",\"target\":[\"https:\\\/\\\/mountainguides.pro\\\/tours\\\/safari\\\/safari-tanzania\\\/\"]}]},{\"@type\":\"ImageObject\",\"inLanguage\":\"hi\",\"@id\":\"https:\\\/\\\/mountainguides.pro\\\/tours\\\/safari\\\/safari-tanzania\\\/#primaryimage\",\"url\":\"https:\\\/\\\/mountainguides.pro\\\/wp-content\\\/uploads\\\/2023\\\/11\\\/Safari-Tanzaniya.jpg\",\"contentUrl\":\"https:\\\/\\\/mountainguides.pro\\\/wp-content\\\/uploads\\\/2023\\\/11\\\/Safari-Tanzaniya.jpg\",\"width\":1599,\"height\":1197},{\"@type\":\"BreadcrumbList\",\"@id\":\"https:\\\/\\\/mountainguides.pro\\\/tours\\\/safari\\\/safari-tanzania\\\/#breadcrumb\",\"itemListElement\":[{\"@type\":\"ListItem\",\"position\":1,\"name\":\"Home\",\"item\":\"https:\\\/\\\/mountainguides.pro\\\/de\\\/\"},{\"@type\":\"ListItem\",\"position\":2,\"name\":\"Safari Tanzania\"}]},{\"@type\":\"WebSite\",\"@id\":\"https:\\\/\\\/mountainguides.pro\\\/#website\",\"url\":\"https:\\\/\\\/mountainguides.pro\\\/\",\"name\":\"Mountain Guide\",\"description\":\"We aspire to be the first in everything!\",\"publisher\":{\"@id\":\"https:\\\/\\\/mountainguides.pro\\\/#organization\"},\"potentialAction\":[{\"@type\":\"SearchAction\",\"target\":{\"@type\":\"EntryPoint\",\"urlTemplate\":\"https:\\\/\\\/mountainguides.pro\\\/?s={search_term_string}\"},\"query-input\":{\"@type\":\"PropertyValueSpecification\",\"valueRequired\":true,\"valueName\":\"search_term_string\"}}],\"inLanguage\":\"hi\"},{\"@type\":\"Organization\",\"@id\":\"https:\\\/\\\/mountainguides.pro\\\/#organization\",\"name\":\"Mountain Guide\",\"url\":\"https:\\\/\\\/mountainguides.pro\\\/\",\"logo\":{\"@type\":\"ImageObject\",\"inLanguage\":\"hi\",\"@id\":\"https:\\\/\\\/mountainguides.pro\\\/#\\\/schema\\\/logo\\\/image\\\/\",\"url\":\"https:\\\/\\\/mountainguides.pro\\\/wp-content\\\/uploads\\\/2018\\\/01\\\/mglogo.jpg\",\"contentUrl\":\"https:\\\/\\\/mountainguides.pro\\\/wp-content\\\/uploads\\\/2018\\\/01\\\/mglogo.jpg\",\"width\":1200,\"height\":630,\"caption\":\"Mountain Guide\"},\"image\":{\"@id\":\"https:\\\/\\\/mountainguides.pro\\\/#\\\/schema\\\/logo\\\/image\\\/\"},\"sameAs\":[\"https:\\\/\\\/www.facebook.com\\\/Mountainguide-232956566756831\\\/\",\"https:\\\/\\\/x.com\\\/Wintercyclone\",\"http:\\\/\\\/instagram.com\\\/mountainguide\",\"http:\\\/\\\/www.youtube.com\\\/mountainguide\"]}]}<\/script>\n<!-- \/ Yoast SEO Premium plugin. -->","yoast_head_json":{"title":"Safari Tanzania","robots":{"index":"index","follow":"follow","max-snippet":"max-snippet:-1","max-image-preview":"max-image-preview:large","max-video-preview":"max-video-preview:-1"},"canonical":"https:\/\/mountainguides.pro\/hi\/tours\/safari\/safari-tanzania\/","og_locale":"hi_IN","og_type":"article","og_title":"[:en]Safari Tanzania[:de]Tour nach Tansania: Safaris in der Serengeti, in Ngorongoro und in Tarangira[:es]Tour a Tanzania: Safari en el Serengeti, Ngorongoro y Tarangira[:pt]Excurs\u00e3o \u00e0 Tanz\u00e2nia: safaris em Serengeti, Ngorongoro e Tarangira[:zh]\u5766\u6851\u5c3c\u4e9a\u4e4b\u65c5\uff1a\u585e\u4f26\u76d6\u8482\u3001\u6069\u6208\u7f57\u6069\u6208\u7f57\u548c\u5854\u5170\u5409\u96f7\u91ce\u751f\u52a8\u7269\u56ed[:ko]\ud0c4\uc790\ub2c8\uc544 \ud22c\uc5b4:\uc138\ub81d\uac8c\ud2f0,\uc751\uace0\ub871\uace0\ub85c,\ud0c0\ub791\uae30\ub808 \uc0ac\ud30c\ub9ac[:ja]\u30bf\u30f3\u30b6\u30cb\u30a2\u30c4\u30a2\u30fc\uff1a\u30bb\u30ec\u30f3\u30b2\u30c6\u30a3\u3001\u30f3\u30b4\u30ed\u30f3\u30b4\u30ed\u3001\u30bf\u30e9\u30f3\u30ae\u30ec\u30b5\u30d5\u30a1\u30ea[:hi]\u0924\u0902\u091c\u093e\u0928\u093f\u092f\u093e \u091f\u0942\u0930: \u0938\u0947\u0930\u0947\u0928\u094d\u0917\u0947\u091f\u0940, \u0928\u093e\u0917\u094b\u0930\u094b\u0902\u0917\u094b\u0930\u094b \u0914\u0930 \u0924\u0930\u0902\u0917\u0940\u0930 \u0938\u092b\u093e\u0930\u0940[:ar]\u062c\u0648\u0644\u0629 \u062a\u0646\u0632\u0627\u0646\u064a\u0627: \u0631\u062d\u0644\u0627\u062a \u0627\u0644\u0633\u0641\u0627\u0631\u064a \u0633\u064a\u0631\u064a\u0646\u062c\u064a\u062a\u064a \u0648\u0646\u062c\u0648\u0631\u0648\u0646\u062c\u0648\u0631\u0648 \u0648\u062a\u0627\u0631\u0627\u0646\u062c\u064a\u0631\u064a[:]","og_description":"\u0905\u0928\u0941\u092d\u0935\u0940 \u0921\u094d\u0930\u093e\u0907\u0935\u0930\u094b\u0902 \u0915\u0947 \u0938\u093e\u0925 \u0938\u092b\u093e\u0930\u0940-\u091c\u0940\u092a\u094b\u0902 \u092e\u0947\u0902 \u0930\u094b\u092e\u093e\u0902\u091a\u0915 \u092f\u093e\u0924\u094d\u0930\u093e  \u091c\u0902\u0917\u0932\u0940 \u091c\u093e\u0928\u0935\u0930\u094b\u0902 \u0938\u0947 \u092d\u0930\u092a\u0942\u0930 \u0938\u0947\u0930\u0947\u0928\u0917\u0947\u091f\u0940 \u0930\u093e\u0937\u094d\u091f\u094d\u0930\u0940\u092f \u0909\u0926\u094d\u092f\u093e\u0928 \u0915\u093e \u0905\u0928\u094d\u0935\u0947\u0937\u0923  \u092a\u093e\u0930\u0902\u092a\u0930\u093f\u0915 \u0914\u0930 \u0932\u0915\u094d\u091c\u093c\u0930\u0940 \u0938\u092b\u093e\u0930\u0940-\u0932\u0949\u091c\u094b\u0902 \u092e\u0947\u0902 \u0920\u0939\u0930\u093e\u0935  \u0928\u0917\u094b\u0930\u094b\u0902\u0917\u094b\u0930\u094b \u0915\u094d\u0930\u0947\u091f\u0930 \u092e\u0947\u0902 \u092a\u0942\u0930\u0940 \u201c\u092c\u093f\u0917 \u092b\u093c\u093e\u0907\u0935\u201d \u0926\u0947\u0916\u0928\u0947 \u0915\u0940 \u0915\u094b\u0936\u093f\u0936  \u0905\u0938\u0932\u0940 \u0905\u092b\u094d\u0930\u0940\u0915\u0940 \u0930\u0902\u0917-\u0922\u0902\u0917 \u0914\u0930 \u092e\u093e\u0939\u094c\u0932 \u0915\u093e \u0905\u0928\u0941\u092d\u0935  \u0924\u093e\u0930\u0902\u0917\u093f\u0930\u0947 \u092a\u093e\u0930\u094d\u0915 \u092e\u0947\u0902 \u0939\u093e\u0925\u093f\u092f\u094b\u0902 \u0915\u0947 \u0935\u093f\u0936\u093e\u0932 \u091d\u0941\u0902\u0921\u094b\u0902 \u0915\u093e \u0905\u0935\u0932\u094b\u0915\u0928   *\u0915\u0943\u092a\u092f\u093e \u0927\u094d\u092f\u093e\u0928 \u0926\u0947\u0902 \u0915\u093f \u0939\u092e\u093e\u0930\u0940 \u0915\u0902\u092a\u0928\u0940 \u0939\u0935\u093e\u0908 \u091f\u093f\u0915\u091f\u094b\u0902 \u0915\u0940 \u0916\u0930\u0940\u0926-\u092b\u0930\u094b\u0916\u094d\u0924 \u0914\u0930 \u0935\u0940\u091c\u093c\u093e \u0915\u0947 \u092a\u094d\u0930\u092c\u0902\u0927 \u092e\u0947\u0902 \u0936\u093e\u092e\u093f\u0932 \u0928\u0939\u0940\u0902 \u0939\u0948, \u0907\u0938\u0932\u093f\u090f \u0909\u0921\u093c\u093e\u0928\u094b\u0902 \u0914\u0930 \u0938\u0940\u092e\u093e \u092a\u093e\u0930 \u0915\u0930\u0928\u0947 \u0938\u0947 \u091c\u0941\u0921\u093c\u0940 \u0915\u093f\u0938\u0940 \u092d\u0940 \u092b\u094b\u0930\u094d\u0938-\u092e\u0947\u091c\u0930 \u0938\u094d\u0925\u093f\u0924\u093f \u0915\u0947 \u0932\u093f\u090f \u0939\u092e \u091c\u093f\u092e\u094d\u092e\u0947\u0926\u093e\u0930 \u0928\u0939\u0940\u0902 \u0939\u0948\u0902\u0964 \u0905\u092b\u094d\u0930\u0940\u0915\u093e \u092e\u0947\u0902 \u091b\u094b\u091f\u0947, \u0918\u093f\u0938\u0947-\u092a\u093f\u091f\u0947 \u0914\u0930 \u092a\u0941\u0930\u093e\u0928\u0947 (2009 \u0938\u0947 \u092a\u0939\u0932\u0947 \u091c\u093e\u0930\u0940) \u0905\u092e\u0947\u0930\u093f\u0915\u0940 \u0921\u0949\u0932\u0930 \u0915\u0947 \u0928\u094b\u091f\u094b\u0902 \u0915\u0947 \u0935\u093f\u0928\u093f\u092e\u092f \u092e\u0947\u0902 \u0915\u0941\u091b \u0915\u0920\u093f\u0928\u093e\u0907\u092f\u093e\u0901 \u0939\u094b\u0924\u0940 \u0939\u0948\u0902\u2014\u0915\u0939\u0940\u0902 \u0905\u0924\u093f\u0930\u093f\u0915\u094d\u0924 \u0915\u092e\u0940\u0936\u0928 \u0932\u0917\u0924\u093e \u0939\u0948, \u0924\u094b \u0915\u0939\u0940\u0902 \u0935\u093f\u0928\u093f\u092e\u092f \u0938\u0947 \u0907\u0902\u0915\u093e\u0930 \u0915\u0930 \u0926\u093f\u092f\u093e \u091c\u093e\u0924\u093e \u0939\u0948\u0964 \u0915\u0943\u092a\u092f\u093e \u0907\u0938\u0947 \u0927\u094d\u092f\u093e\u0928 \u092e\u0947\u0902 \u0930\u0916\u0947\u0902\u0964","og_url":"https:\/\/mountainguides.pro\/hi\/tours\/safari\/safari-tanzania\/","og_site_name":"Mountain Guide","article_publisher":"https:\/\/www.facebook.com\/Mountainguide-232956566756831\/","article_modified_time":"2026-04-06T14:33:35+00:00","og_image":[{"width":1599,"height":1197,"url":"https:\/\/mountainguides.pro\/wp-content\/uploads\/2023\/11\/Safari-Tanzaniya.jpg","type":"image\/jpeg"}],"twitter_card":"summary_large_image","twitter_site":"@Wintercyclone","twitter_misc":{"\u0905\u0928\u0941\u092e\u093e\u0928\u093f\u0924 \u092a\u0922\u093c\u0928\u0947 \u0915\u093e \u0938\u092e\u092f":"1 \u092e\u093f\u0928\u091f"},"schema":{"@context":"https:\/\/schema.org","@graph":[{"@type":"WebPage","@id":"https:\/\/mountainguides.pro\/tours\/safari\/safari-tanzania\/","url":"https:\/\/mountainguides.pro\/tours\/safari\/safari-tanzania\/","name":"Safari Tanzania","isPartOf":{"@id":"https:\/\/mountainguides.pro\/#website"},"primaryImageOfPage":{"@id":"https:\/\/mountainguides.pro\/tours\/safari\/safari-tanzania\/#primaryimage"},"image":{"@id":"https:\/\/mountainguides.pro\/tours\/safari\/safari-tanzania\/#primaryimage"},"thumbnailUrl":"https:\/\/mountainguides.pro\/wp-content\/uploads\/2023\/11\/Safari-Tanzaniya.jpg","datePublished":"2023-11-01T11:37:57+00:00","dateModified":"2026-04-06T14:33:35+00:00","breadcrumb":{"@id":"https:\/\/mountainguides.pro\/tours\/safari\/safari-tanzania\/#breadcrumb"},"inLanguage":"hi","potentialAction":[{"@type":"ReadAction","target":["https:\/\/mountainguides.pro\/tours\/safari\/safari-tanzania\/"]}]},{"@type":"ImageObject","inLanguage":"hi","@id":"https:\/\/mountainguides.pro\/tours\/safari\/safari-tanzania\/#primaryimage","url":"https:\/\/mountainguides.pro\/wp-content\/uploads\/2023\/11\/Safari-Tanzaniya.jpg","contentUrl":"https:\/\/mountainguides.pro\/wp-content\/uploads\/2023\/11\/Safari-Tanzaniya.jpg","width":1599,"height":1197},{"@type":"BreadcrumbList","@id":"https:\/\/mountainguides.pro\/tours\/safari\/safari-tanzania\/#breadcrumb","itemListElement":[{"@type":"ListItem","position":1,"name":"Home","item":"https:\/\/mountainguides.pro\/de\/"},{"@type":"ListItem","position":2,"name":"Safari Tanzania"}]},{"@type":"WebSite","@id":"https:\/\/mountainguides.pro\/#website","url":"https:\/\/mountainguides.pro\/","name":"Mountain Guide","description":"We aspire to be the first in everything!","publisher":{"@id":"https:\/\/mountainguides.pro\/#organization"},"potentialAction":[{"@type":"SearchAction","target":{"@type":"EntryPoint","urlTemplate":"https:\/\/mountainguides.pro\/?s={search_term_string}"},"query-input":{"@type":"PropertyValueSpecification","valueRequired":true,"valueName":"search_term_string"}}],"inLanguage":"hi"},{"@type":"Organization","@id":"https:\/\/mountainguides.pro\/#organization","name":"Mountain Guide","url":"https:\/\/mountainguides.pro\/","logo":{"@type":"ImageObject","inLanguage":"hi","@id":"https:\/\/mountainguides.pro\/#\/schema\/logo\/image\/","url":"https:\/\/mountainguides.pro\/wp-content\/uploads\/2018\/01\/mglogo.jpg","contentUrl":"https:\/\/mountainguides.pro\/wp-content\/uploads\/2018\/01\/mglogo.jpg","width":1200,"height":630,"caption":"Mountain Guide"},"image":{"@id":"https:\/\/mountainguides.pro\/#\/schema\/logo\/image\/"},"sameAs":["https:\/\/www.facebook.com\/Mountainguide-232956566756831\/","https:\/\/x.com\/Wintercyclone","http:\/\/instagram.com\/mountainguide","http:\/\/www.youtube.com\/mountainguide"]}]}},"_links":{"self":[{"href":"https:\/\/mountainguides.pro\/hi\/wp-json\/wp\/v2\/product\/19744","targetHints":{"allow":["GET"]}}],"collection":[{"href":"https:\/\/mountainguides.pro\/hi\/wp-json\/wp\/v2\/product"}],"about":[{"href":"https:\/\/mountainguides.pro\/hi\/wp-json\/wp\/v2\/types\/product"}],"replies":[{"embeddable":true,"href":"https:\/\/mountainguides.pro\/hi\/wp-json\/wp\/v2\/comments?post=19744"}],"version-history":[{"count":15,"href":"https:\/\/mountainguides.pro\/hi\/wp-json\/wp\/v2\/product\/19744\/revisions"}],"predecessor-version":[{"id":33381,"href":"https:\/\/mountainguides.pro\/hi\/wp-json\/wp\/v2\/product\/19744\/revisions\/33381"}],"wp:featuredmedia":[{"embeddable":true,"href":"https:\/\/mountainguides.pro\/hi\/wp-json\/wp\/v2\/media\/19746"}],"wp:attachment":[{"href":"https:\/\/mountainguides.pro\/hi\/wp-json\/wp\/v2\/media?parent=19744"}],"wp:term":[{"taxonomy":"product_cat","embeddable":true,"href":"https:\/\/mountainguides.pro\/hi\/wp-json\/wp\/v2\/product_cat?post=19744"},{"taxonomy":"product_tag","embeddable":true,"href":"https:\/\/mountainguides.pro\/hi\/wp-json\/wp\/v2\/product_tag?post=19744"}],"curies":[{"name":"wp","href":"https:\/\/api.w.org\/{rel}","templated":true}]}}