{"id":19774,"date":"2023-11-02T11:16:25","date_gmt":"2023-11-02T08:16:25","guid":{"rendered":"https:\/\/mountainguides.pro\/?post_type=product&#038;p=19774"},"modified":"2026-04-06T17:30:15","modified_gmt":"2026-04-06T14:30:15","slug":"tour-to-morocco-for-new-year","status":"publish","type":"product","link":"https:\/\/mountainguides.pro\/hi\/tours\/adventure\/tour-to-morocco-for-new-year\/","title":{"rendered":"\u092e\u094b\u0930\u0915\u094d\u0915\u094b \u091f\u0942\u0930: \u0909\u0924\u094d\u0924\u0930\u0940 \u0905\u092b\u094d\u0930\u0940\u0915\u093e \u0915\u093e \u0926\u093f\u0932"},"content":{"rendered":"","protected":false},"excerpt":{"rendered":"<ul>\n<li class=\"p1\">\u0939\u092e \u092c\u0930\u094d\u092c\u0930 \u0922\u094b\u0932\u094b\u0902 \u0915\u0940 \u0917\u0942\u0902\u091c \u0915\u0947 \u092c\u0940\u091a \u0906\u0917\u093e\u092b\u093c\u093e\u092f \u0930\u0947\u0917\u093f\u0938\u094d\u0924\u093e\u0928 \u092e\u0947\u0902 \u0932\u0917\u094d\u091c\u093c\u0930\u0940 \u091f\u0947\u0902\u091f\u094d\u0938 \u092e\u0947\u0902 \u0928\u092f\u093e \u0938\u093e\u0932 \u092e\u0928\u093e\u090f\u0902\u0917\u0947<\/li>\n<li class=\"p1\">\u0932\u0947\u0917\u091c\u093c\u0940\u0930\u093e \u0915\u0947 \u0938\u092e\u0941\u0926\u094d\u0930 \u0924\u091f \u2014 \u0917\u0947\u0930\u0941\u090f \u0930\u0902\u0917 \u0915\u0940 \u0935\u093f\u0936\u093e\u0932 \u091a\u091f\u094d\u091f\u093e\u0928\u0940 \u092e\u0947\u0939\u0930\u093e\u092c\u0947\u0902 \u091c\u094b \u0938\u0940\u0927\u0947 \u092e\u0939\u093e\u0938\u093e\u0917\u0930 \u092e\u0947\u0902 \u0909\u0924\u0930\u0924\u0940 \u0939\u0948\u0902 \u2014 \u0905\u092b\u094d\u0930\u0940\u0915\u093e \u0915\u093e \u0938\u091a\u094d\u091a\u093e \u0930\u0924\u094d\u0928<\/li>\n<li class=\"p1\">\u0915\u093e\u0938\u093e\u092c\u094d\u0932\u093e\u0902\u0915\u093e, \u092e\u093e\u0930\u094d\u0930\u093e\u0915\u0947\u0936, \u090f\u0938\u094d\u0938\u094c\u090f\u0930\u093e, \u0930\u092c\u093e\u0924, \u091f\u0948\u0902\u091c\u093f\u092f\u0930, \u092b\u093c\u0947\u0938 \u0914\u0930 \u0936\u0947\u092b\u093c\u0936\u093e\u0935\u0947\u0928 \u2014 \u092c\u0947\u0939\u0926 \u0938\u092e\u0943\u0926\u094d\u0927 \u0914\u0930 \u0935\u093f\u0935\u093f\u0927 \u0915\u093e\u0930\u094d\u092f\u0915\u094d\u0930\u092e<\/li>\n<li class=\"p1\">\u0936\u0939\u0930\u094b\u0902 \u092e\u0947\u0902 \u0938\u093e\u092e\u093e\u0928\u094d\u092f \u0939\u094b\u091f\u0932\u094b\u0902 \u0915\u0940 \u092c\u091c\u093e\u092f \u0936\u093e\u0928\u0926\u093e\u0930 \u0930\u093f\u092f\u093e\u0926\u094d\u0938 \u092e\u0947\u0902 \u0920\u0939\u0930\u093e\u0935<\/li>\n<li class=\"p1\">\u092a\u0942\u0930\u0940 \u092f\u093e\u0924\u094d\u0930\u093e \u0915\u0947 \u0926\u094c\u0930\u093e\u0928 \u0930\u0942\u0938\u0940 \u092d\u093e\u0937\u093e \u092c\u094b\u0932\u0928\u0947 \u0935\u093e\u0932\u0947 \u0917\u093e\u0907\u0921 \u0915\u0947 \u0938\u093e\u0925 \u0441\u043e\u043f\u0440\u043e\u0432\u043e\u0436\u0434\u0435\u043d\u0438\u0435<\/li>\n<li class=\"p1\">\u0938\u094d\u0925\u093e\u0928\u0940\u092f \u0917\u093e\u0907\u0921\u094b\u0902 \u0926\u094d\u0935\u093e\u0930\u093e \u0938\u092c\u0938\u0947 \u0930\u094b\u091a\u0915 \u0938\u094d\u0925\u093e\u0928\u094b\u0902 \u0915\u0940 \u092f\u093e\u0924\u094d\u0930\u093e\u090f\u0901<\/li>\n<\/ul>\n<p class=\"p1\"><strong>*\u0915\u0943\u092a\u092f\u093e \u0927\u094d\u092f\u093e\u0928 \u0926\u0947\u0902 \u0915\u093f \u0939\u092e\u093e\u0930\u0940 \u0915\u0902\u092a\u0928\u0940 \u0939\u0935\u093e\u0908 \u091f\u093f\u0915\u091f\u094b\u0902 \u0915\u0940 \u0916\u0930\u0940\u0926-\u092c\u093f\u0915\u094d\u0930\u0940 \u0914\u0930 \u0935\u0940\u091c\u093c\u093e \u0905\u0928\u0941\u092e\u0924\u093f \u0915\u0940 \u092a\u094d\u0930\u0915\u094d\u0930\u093f\u092f\u093e \u0938\u0947 \u0938\u0902\u092c\u0902\u0927\u093f\u0924 \u0915\u093e\u0930\u094d\u092f \u0928\u0939\u0940\u0902 \u0915\u0930\u0924\u0940 \u0939\u0948, \u0907\u0938\u0932\u093f\u090f \u0909\u0921\u093c\u093e\u0928\u094b\u0902 \u0914\u0930 \u0938\u0940\u092e\u093e\u0913\u0902 \u0915\u094b \u092a\u093e\u0930 \u0915\u0930\u0928\u0947 \u0938\u0947 \u091c\u0941\u0921\u093c\u0947 \u092b\u093c\u094b\u0930\u094d\u0938-\u092e\u0947\u091c\u0930 \u0939\u093e\u0932\u093e\u0924 \u0915\u0940 \u0938\u094d\u0925\u093f\u0924\u093f \u092e\u0947\u0902 \u0939\u092e \u091c\u093c\u093f\u092e\u094d\u092e\u0947\u0926\u093e\u0930\u0940 \u0928\u0939\u0940\u0902 \u0932\u0947\u0924\u0947 \u0939\u0948\u0902\u0964<\/strong><\/p>\n<p class=\"p1\"><strong>\u0905\u092b\u094d\u0930\u0940\u0915\u093e \u092e\u0947\u0902 \u091b\u094b\u091f\u0947 \u092e\u0942\u0932\u094d\u092f \u0915\u0947, \u0918\u093f\u0938\u0947-\u092a\u093f\u091f\u0947 \u0914\u0930 \u092a\u0941\u0930\u093e\u0928\u0947 (2009 \u0938\u0947 \u092a\u0939\u0932\u0947 \u091c\u093e\u0930\u0940) \u0905\u092e\u0947\u0930\u093f\u0915\u0940 \u0921\u0949\u0932\u0930 \u0915\u0947 \u0928\u094b\u091f\u094b\u0902 \u0915\u0947 \u0935\u093f\u0928\u093f\u092e\u092f \u092e\u0947\u0902 \u0915\u0920\u093f\u0928\u093e\u0907\u092f\u093e\u0901 \u0939\u094b\u0924\u0940 \u0939\u0948\u0902 \u2014 \u0915\u0943\u092a\u092f\u093e \u0907\u0938\u0947 \u0927\u094d\u092f\u093e\u0928 \u092e\u0947\u0902 \u0930\u0916\u0947\u0902\u0964 \u0915\u0939\u0940\u0902 \u0905\u0924\u093f\u0930\u093f\u0915\u094d\u0924 \u0915\u092e\u0940\u0936\u0928 \u0932\u093f\u092f\u093e \u091c\u093e\u0924\u093e \u0939\u0948, \u0924\u094b \u0915\u0939\u0940\u0902 \u0935\u093f\u0928\u093f\u092e\u092f \u0938\u0947 \u0907\u0928\u0915\u093e\u0930 \u092d\u0940 \u0915\u093f\u092f\u093e \u091c\u093e \u0938\u0915\u0924\u093e \u0939\u0948\u0964<\/strong><\/p>\n","protected":false},"featured_media":19775,"comment_status":"closed","ping_status":"closed","template":"","meta":{"_acf_changed":false,"footnotes":""},"product_cat":[337],"product_tag":[],"class_list":{"0":"post-19774","1":"product","2":"type-product","3":"status-publish","4":"has-post-thumbnail","6":"product_cat-adventure","8":"first","9":"instock","10":"shipping-taxable","11":"purchasable","12":"product-type-simple"},"acf":[],"yoast_head":"<!-- This site is optimized with the Yoast SEO Premium plugin v26.5 (Yoast SEO v27.4) - https:\/\/yoast.com\/product\/yoast-seo-premium-wordpress\/ -->\n<title>Adventure Morocco for New Year<\/title>\n<meta name=\"robots\" content=\"index, follow, max-snippet:-1, max-image-preview:large, max-video-preview:-1\" \/>\n<link rel=\"canonical\" href=\"https:\/\/mountainguides.pro\/hi\/tours\/adventure\/tour-to-morocco-for-new-year\/\" \/>\n<meta property=\"og:locale\" content=\"hi_IN\" \/>\n<meta property=\"og:locale:alternate\" content=\"en_US\" \/>\n<meta property=\"og:locale:alternate\" content=\"ru_RU\" \/>\n<meta property=\"og:locale:alternate\" content=\"de\" \/>\n<meta property=\"og:locale:alternate\" content=\"es\" \/>\n<meta property=\"og:locale:alternate\" content=\"pt\" \/>\n<meta property=\"og:locale:alternate\" content=\"zh\" \/>\n<meta property=\"og:locale:alternate\" content=\"ko\" \/>\n<meta property=\"og:locale:alternate\" content=\"ja\" \/>\n<meta property=\"og:locale:alternate\" content=\"ar\" \/>\n<meta property=\"og:type\" content=\"article\" \/>\n<meta property=\"og:title\" content=\"\u092e\u094b\u0930\u0915\u094d\u0915\u094b \u091f\u0942\u0930: \u0909\u0924\u094d\u0924\u0930\u0940 \u0905\u092b\u094d\u0930\u0940\u0915\u093e \u0915\u093e \u0926\u093f\u0932\" \/>\n<meta property=\"og:description\" content=\"\u0939\u092e \u092c\u0930\u094d\u092c\u0930 \u0922\u094b\u0932\u094b\u0902 \u0915\u0940 \u0917\u0942\u0902\u091c \u0915\u0947 \u092c\u0940\u091a \u0906\u0917\u093e\u092b\u093c\u093e\u092f \u0930\u0947\u0917\u093f\u0938\u094d\u0924\u093e\u0928 \u092e\u0947\u0902 \u0932\u0917\u094d\u091c\u093c\u0930\u0940 \u091f\u0947\u0902\u091f\u094d\u0938 \u092e\u0947\u0902 \u0928\u092f\u093e \u0938\u093e\u0932 \u092e\u0928\u093e\u090f\u0902\u0917\u0947  \u0932\u0947\u0917\u091c\u093c\u0940\u0930\u093e \u0915\u0947 \u0938\u092e\u0941\u0926\u094d\u0930 \u0924\u091f \u2014 \u0917\u0947\u0930\u0941\u090f \u0930\u0902\u0917 \u0915\u0940 \u0935\u093f\u0936\u093e\u0932 \u091a\u091f\u094d\u091f\u093e\u0928\u0940 \u092e\u0947\u0939\u0930\u093e\u092c\u0947\u0902 \u091c\u094b \u0938\u0940\u0927\u0947 \u092e\u0939\u093e\u0938\u093e\u0917\u0930 \u092e\u0947\u0902 \u0909\u0924\u0930\u0924\u0940 \u0939\u0948\u0902 \u2014 \u0905\u092b\u094d\u0930\u0940\u0915\u093e \u0915\u093e \u0938\u091a\u094d\u091a\u093e \u0930\u0924\u094d\u0928  \u0915\u093e\u0938\u093e\u092c\u094d\u0932\u093e\u0902\u0915\u093e, \u092e\u093e\u0930\u094d\u0930\u093e\u0915\u0947\u0936, \u090f\u0938\u094d\u0938\u094c\u090f\u0930\u093e, \u0930\u092c\u093e\u0924, \u091f\u0948\u0902\u091c\u093f\u092f\u0930, \u092b\u093c\u0947\u0938 \u0914\u0930 \u0936\u0947\u092b\u093c\u0936\u093e\u0935\u0947\u0928 \u2014 \u092c\u0947\u0939\u0926 \u0938\u092e\u0943\u0926\u094d\u0927 \u0914\u0930 \u0935\u093f\u0935\u093f\u0927 \u0915\u093e\u0930\u094d\u092f\u0915\u094d\u0930\u092e  \u0936\u0939\u0930\u094b\u0902 \u092e\u0947\u0902 \u0938\u093e\u092e\u093e\u0928\u094d\u092f \u0939\u094b\u091f\u0932\u094b\u0902 \u0915\u0940 \u092c\u091c\u093e\u092f \u0936\u093e\u0928\u0926\u093e\u0930 \u0930\u093f\u092f\u093e\u0926\u094d\u0938 \u092e\u0947\u0902 \u0920\u0939\u0930\u093e\u0935  \u092a\u0942\u0930\u0940 \u092f\u093e\u0924\u094d\u0930\u093e \u0915\u0947 \u0926\u094c\u0930\u093e\u0928 \u0930\u0942\u0938\u0940 \u092d\u093e\u0937\u093e \u092c\u094b\u0932\u0928\u0947 \u0935\u093e\u0932\u0947 \u0917\u093e\u0907\u0921 \u0915\u0947 \u0938\u093e\u0925 \u0441\u043e\u043f\u0440\u043e\u0432\u043e\u0436\u0434\u0435\u043d\u0438\u0435  \u0938\u094d\u0925\u093e\u0928\u0940\u092f \u0917\u093e\u0907\u0921\u094b\u0902 \u0926\u094d\u0935\u093e\u0930\u093e \u0938\u092c\u0938\u0947 \u0930\u094b\u091a\u0915 \u0938\u094d\u0925\u093e\u0928\u094b\u0902 \u0915\u0940 \u092f\u093e\u0924\u094d\u0930\u093e\u090f\u0901  *\u0915\u0943\u092a\u092f\u093e \u0927\u094d\u092f\u093e\u0928 \u0926\u0947\u0902 \u0915\u093f \u0939\u092e\u093e\u0930\u0940 \u0915\u0902\u092a\u0928\u0940 \u0939\u0935\u093e\u0908 \u091f\u093f\u0915\u091f\u094b\u0902 \u0915\u0940 \u0916\u0930\u0940\u0926-\u092c\u093f\u0915\u094d\u0930\u0940 \u0914\u0930 \u0935\u0940\u091c\u093c\u093e \u0905\u0928\u0941\u092e\u0924\u093f \u0915\u0940 \u092a\u094d\u0930\u0915\u094d\u0930\u093f\u092f\u093e \u0938\u0947 \u0938\u0902\u092c\u0902\u0927\u093f\u0924 \u0915\u093e\u0930\u094d\u092f \u0928\u0939\u0940\u0902 \u0915\u0930\u0924\u0940 \u0939\u0948, \u0907\u0938\u0932\u093f\u090f \u0909\u0921\u093c\u093e\u0928\u094b\u0902 \u0914\u0930 \u0938\u0940\u092e\u093e\u0913\u0902 \u0915\u094b \u092a\u093e\u0930 \u0915\u0930\u0928\u0947 \u0938\u0947 \u091c\u0941\u0921\u093c\u0947 \u092b\u093c\u094b\u0930\u094d\u0938-\u092e\u0947\u091c\u0930 \u0939\u093e\u0932\u093e\u0924 \u0915\u0940 \u0938\u094d\u0925\u093f\u0924\u093f \u092e\u0947\u0902 \u0939\u092e \u091c\u093c\u093f\u092e\u094d\u092e\u0947\u0926\u093e\u0930\u0940 \u0928\u0939\u0940\u0902 \u0932\u0947\u0924\u0947 \u0939\u0948\u0902\u0964 \u0905\u092b\u094d\u0930\u0940\u0915\u093e \u092e\u0947\u0902 \u091b\u094b\u091f\u0947 \u092e\u0942\u0932\u094d\u092f \u0915\u0947, \u0918\u093f\u0938\u0947-\u092a\u093f\u091f\u0947 \u0914\u0930 \u092a\u0941\u0930\u093e\u0928\u0947 (2009 \u0938\u0947 \u092a\u0939\u0932\u0947 \u091c\u093e\u0930\u0940) \u0905\u092e\u0947\u0930\u093f\u0915\u0940 \u0921\u0949\u0932\u0930 \u0915\u0947 \u0928\u094b\u091f\u094b\u0902 \u0915\u0947 \u0935\u093f\u0928\u093f\u092e\u092f \u092e\u0947\u0902 \u0915\u0920\u093f\u0928\u093e\u0907\u092f\u093e\u0901 \u0939\u094b\u0924\u0940 \u0939\u0948\u0902 \u2014 \u0915\u0943\u092a\u092f\u093e \u0907\u0938\u0947 \u0927\u094d\u092f\u093e\u0928 \u092e\u0947\u0902 \u0930\u0916\u0947\u0902\u0964 \u0915\u0939\u0940\u0902 \u0905\u0924\u093f\u0930\u093f\u0915\u094d\u0924 \u0915\u092e\u0940\u0936\u0928 \u0932\u093f\u092f\u093e \u091c\u093e\u0924\u093e \u0939\u0948, \u0924\u094b \u0915\u0939\u0940\u0902 \u0935\u093f\u0928\u093f\u092e\u092f \u0938\u0947 \u0907\u0928\u0915\u093e\u0930 \u092d\u0940 \u0915\u093f\u092f\u093e \u091c\u093e \u0938\u0915\u0924\u093e \u0939\u0948\u0964\" \/>\n<meta property=\"og:url\" content=\"https:\/\/mountainguides.pro\/hi\/tours\/adventure\/tour-to-morocco-for-new-year\/\" \/>\n<meta property=\"og:site_name\" content=\"Mountain Guide\" \/>\n<meta property=\"article:publisher\" content=\"https:\/\/www.facebook.com\/Mountainguide-232956566756831\/\" \/>\n<meta property=\"article:modified_time\" content=\"2026-04-06T14:30:15+00:00\" \/>\n<meta property=\"og:image\" content=\"https:\/\/mountainguides.pro\/wp-content\/uploads\/2023\/11\/Marocco-New-Year.jpeg\" \/>\n\t<meta property=\"og:image:width\" content=\"1600\" \/>\n\t<meta property=\"og:image:height\" content=\"1200\" \/>\n\t<meta property=\"og:image:type\" content=\"image\/jpeg\" \/>\n<meta name=\"twitter:card\" content=\"summary_large_image\" \/>\n<meta name=\"twitter:site\" content=\"@Wintercyclone\" \/>\n<meta name=\"twitter:label1\" content=\"\u0905\u0928\u0941\u092e\u093e\u0928\u093f\u0924 \u092a\u0922\u093c\u0928\u0947 \u0915\u093e \u0938\u092e\u092f\" \/>\n\t<meta name=\"twitter:data1\" content=\"1 \u092e\u093f\u0928\u091f\" \/>\n<script type=\"application\/ld+json\" class=\"yoast-schema-graph\">{\"@context\":\"https:\\\/\\\/schema.org\",\"@graph\":[{\"@type\":\"WebPage\",\"@id\":\"https:\\\/\\\/mountainguides.pro\\\/tours\\\/adventure\\\/tour-to-morocco-for-new-year\\\/\",\"url\":\"https:\\\/\\\/mountainguides.pro\\\/tours\\\/adventure\\\/tour-to-morocco-for-new-year\\\/\",\"name\":\"Adventure Morocco for New Year\",\"isPartOf\":{\"@id\":\"https:\\\/\\\/mountainguides.pro\\\/#website\"},\"primaryImageOfPage\":{\"@id\":\"https:\\\/\\\/mountainguides.pro\\\/tours\\\/adventure\\\/tour-to-morocco-for-new-year\\\/#primaryimage\"},\"image\":{\"@id\":\"https:\\\/\\\/mountainguides.pro\\\/tours\\\/adventure\\\/tour-to-morocco-for-new-year\\\/#primaryimage\"},\"thumbnailUrl\":\"https:\\\/\\\/mountainguides.pro\\\/wp-content\\\/uploads\\\/2023\\\/11\\\/Marocco-New-Year.jpeg\",\"datePublished\":\"2023-11-02T08:16:25+00:00\",\"dateModified\":\"2026-04-06T14:30:15+00:00\",\"breadcrumb\":{\"@id\":\"https:\\\/\\\/mountainguides.pro\\\/tours\\\/adventure\\\/tour-to-morocco-for-new-year\\\/#breadcrumb\"},\"inLanguage\":\"hi\",\"potentialAction\":[{\"@type\":\"ReadAction\",\"target\":[\"https:\\\/\\\/mountainguides.pro\\\/tours\\\/adventure\\\/tour-to-morocco-for-new-year\\\/\"]}]},{\"@type\":\"ImageObject\",\"inLanguage\":\"hi\",\"@id\":\"https:\\\/\\\/mountainguides.pro\\\/tours\\\/adventure\\\/tour-to-morocco-for-new-year\\\/#primaryimage\",\"url\":\"https:\\\/\\\/mountainguides.pro\\\/wp-content\\\/uploads\\\/2023\\\/11\\\/Marocco-New-Year.jpeg\",\"contentUrl\":\"https:\\\/\\\/mountainguides.pro\\\/wp-content\\\/uploads\\\/2023\\\/11\\\/Marocco-New-Year.jpeg\",\"width\":1600,\"height\":1200},{\"@type\":\"BreadcrumbList\",\"@id\":\"https:\\\/\\\/mountainguides.pro\\\/tours\\\/adventure\\\/tour-to-morocco-for-new-year\\\/#breadcrumb\",\"itemListElement\":[{\"@type\":\"ListItem\",\"position\":1,\"name\":\"Home\",\"item\":\"https:\\\/\\\/mountainguides.pro\\\/de\\\/\"},{\"@type\":\"ListItem\",\"position\":2,\"name\":\"Tour to Morocco for New Year\"}]},{\"@type\":\"WebSite\",\"@id\":\"https:\\\/\\\/mountainguides.pro\\\/#website\",\"url\":\"https:\\\/\\\/mountainguides.pro\\\/\",\"name\":\"Mountain Guide\",\"description\":\"We aspire to be the first in everything!\",\"publisher\":{\"@id\":\"https:\\\/\\\/mountainguides.pro\\\/#organization\"},\"potentialAction\":[{\"@type\":\"SearchAction\",\"target\":{\"@type\":\"EntryPoint\",\"urlTemplate\":\"https:\\\/\\\/mountainguides.pro\\\/?s={search_term_string}\"},\"query-input\":{\"@type\":\"PropertyValueSpecification\",\"valueRequired\":true,\"valueName\":\"search_term_string\"}}],\"inLanguage\":\"hi\"},{\"@type\":\"Organization\",\"@id\":\"https:\\\/\\\/mountainguides.pro\\\/#organization\",\"name\":\"Mountain Guide\",\"url\":\"https:\\\/\\\/mountainguides.pro\\\/\",\"logo\":{\"@type\":\"ImageObject\",\"inLanguage\":\"hi\",\"@id\":\"https:\\\/\\\/mountainguides.pro\\\/#\\\/schema\\\/logo\\\/image\\\/\",\"url\":\"https:\\\/\\\/mountainguides.pro\\\/wp-content\\\/uploads\\\/2018\\\/01\\\/mglogo.jpg\",\"contentUrl\":\"https:\\\/\\\/mountainguides.pro\\\/wp-content\\\/uploads\\\/2018\\\/01\\\/mglogo.jpg\",\"width\":1200,\"height\":630,\"caption\":\"Mountain Guide\"},\"image\":{\"@id\":\"https:\\\/\\\/mountainguides.pro\\\/#\\\/schema\\\/logo\\\/image\\\/\"},\"sameAs\":[\"https:\\\/\\\/www.facebook.com\\\/Mountainguide-232956566756831\\\/\",\"https:\\\/\\\/x.com\\\/Wintercyclone\",\"http:\\\/\\\/instagram.com\\\/mountainguide\",\"http:\\\/\\\/www.youtube.com\\\/mountainguide\"]}]}<\/script>\n<!-- \/ Yoast SEO Premium plugin. -->","yoast_head_json":{"title":"Adventure Morocco for New Year","robots":{"index":"index","follow":"follow","max-snippet":"max-snippet:-1","max-image-preview":"max-image-preview:large","max-video-preview":"max-video-preview:-1"},"canonical":"https:\/\/mountainguides.pro\/hi\/tours\/adventure\/tour-to-morocco-for-new-year\/","og_locale":"hi_IN","og_type":"article","og_title":"[:en]Tour to Morocco for New Year[:de]Marokko-Tour: Das Herz Nordafrikas[:es]Tour por Marruecos: el coraz\u00f3n del Norte de \u00c1frica[:pt]Marrocos: o cora\u00e7\u00e3o do Norte da \u00c1frica[:zh]\u6469\u6d1b\u54e5\u4e4b\u65c5\uff1a\u5317\u975e\u7684\u4e2d\u5fc3[:ko]\ubaa8\ub85c\ucf54 \ud22c\uc5b4:\ubd81\uc544\ud504\ub9ac\uce74\uc758 \uc2ec\uc7a5[:ja]\u30e2\u30ed\u30c3\u30b3\u30c4\u30a2\u30fc\uff1a\u5317\u30a2\u30d5\u30ea\u30ab\u306e\u4e2d\u5fc3[:hi]\u092e\u094b\u0930\u0915\u094d\u0915\u094b \u091f\u0942\u0930: \u0909\u0924\u094d\u0924\u0930\u0940 \u0905\u092b\u094d\u0930\u0940\u0915\u093e \u0915\u093e \u0926\u093f\u0932[:ar]\u062c\u0648\u0644\u0629 \u0627\u0644\u0645\u063a\u0631\u0628: \u0642\u0644\u0628 \u0634\u0645\u0627\u0644 \u0623\u0641\u0631\u064a\u0642\u064a\u0627[:]","og_description":"\u0939\u092e \u092c\u0930\u094d\u092c\u0930 \u0922\u094b\u0932\u094b\u0902 \u0915\u0940 \u0917\u0942\u0902\u091c \u0915\u0947 \u092c\u0940\u091a \u0906\u0917\u093e\u092b\u093c\u093e\u092f \u0930\u0947\u0917\u093f\u0938\u094d\u0924\u093e\u0928 \u092e\u0947\u0902 \u0932\u0917\u094d\u091c\u093c\u0930\u0940 \u091f\u0947\u0902\u091f\u094d\u0938 \u092e\u0947\u0902 \u0928\u092f\u093e \u0938\u093e\u0932 \u092e\u0928\u093e\u090f\u0902\u0917\u0947  \u0932\u0947\u0917\u091c\u093c\u0940\u0930\u093e \u0915\u0947 \u0938\u092e\u0941\u0926\u094d\u0930 \u0924\u091f \u2014 \u0917\u0947\u0930\u0941\u090f \u0930\u0902\u0917 \u0915\u0940 \u0935\u093f\u0936\u093e\u0932 \u091a\u091f\u094d\u091f\u093e\u0928\u0940 \u092e\u0947\u0939\u0930\u093e\u092c\u0947\u0902 \u091c\u094b \u0938\u0940\u0927\u0947 \u092e\u0939\u093e\u0938\u093e\u0917\u0930 \u092e\u0947\u0902 \u0909\u0924\u0930\u0924\u0940 \u0939\u0948\u0902 \u2014 \u0905\u092b\u094d\u0930\u0940\u0915\u093e \u0915\u093e \u0938\u091a\u094d\u091a\u093e \u0930\u0924\u094d\u0928  \u0915\u093e\u0938\u093e\u092c\u094d\u0932\u093e\u0902\u0915\u093e, \u092e\u093e\u0930\u094d\u0930\u093e\u0915\u0947\u0936, \u090f\u0938\u094d\u0938\u094c\u090f\u0930\u093e, \u0930\u092c\u093e\u0924, \u091f\u0948\u0902\u091c\u093f\u092f\u0930, \u092b\u093c\u0947\u0938 \u0914\u0930 \u0936\u0947\u092b\u093c\u0936\u093e\u0935\u0947\u0928 \u2014 \u092c\u0947\u0939\u0926 \u0938\u092e\u0943\u0926\u094d\u0927 \u0914\u0930 \u0935\u093f\u0935\u093f\u0927 \u0915\u093e\u0930\u094d\u092f\u0915\u094d\u0930\u092e  \u0936\u0939\u0930\u094b\u0902 \u092e\u0947\u0902 \u0938\u093e\u092e\u093e\u0928\u094d\u092f \u0939\u094b\u091f\u0932\u094b\u0902 \u0915\u0940 \u092c\u091c\u093e\u092f \u0936\u093e\u0928\u0926\u093e\u0930 \u0930\u093f\u092f\u093e\u0926\u094d\u0938 \u092e\u0947\u0902 \u0920\u0939\u0930\u093e\u0935  \u092a\u0942\u0930\u0940 \u092f\u093e\u0924\u094d\u0930\u093e \u0915\u0947 \u0926\u094c\u0930\u093e\u0928 \u0930\u0942\u0938\u0940 \u092d\u093e\u0937\u093e \u092c\u094b\u0932\u0928\u0947 \u0935\u093e\u0932\u0947 \u0917\u093e\u0907\u0921 \u0915\u0947 \u0938\u093e\u0925 \u0441\u043e\u043f\u0440\u043e\u0432\u043e\u0436\u0434\u0435\u043d\u0438\u0435  \u0938\u094d\u0925\u093e\u0928\u0940\u092f \u0917\u093e\u0907\u0921\u094b\u0902 \u0926\u094d\u0935\u093e\u0930\u093e \u0938\u092c\u0938\u0947 \u0930\u094b\u091a\u0915 \u0938\u094d\u0925\u093e\u0928\u094b\u0902 \u0915\u0940 \u092f\u093e\u0924\u094d\u0930\u093e\u090f\u0901  *\u0915\u0943\u092a\u092f\u093e \u0927\u094d\u092f\u093e\u0928 \u0926\u0947\u0902 \u0915\u093f \u0939\u092e\u093e\u0930\u0940 \u0915\u0902\u092a\u0928\u0940 \u0939\u0935\u093e\u0908 \u091f\u093f\u0915\u091f\u094b\u0902 \u0915\u0940 \u0916\u0930\u0940\u0926-\u092c\u093f\u0915\u094d\u0930\u0940 \u0914\u0930 \u0935\u0940\u091c\u093c\u093e \u0905\u0928\u0941\u092e\u0924\u093f \u0915\u0940 \u092a\u094d\u0930\u0915\u094d\u0930\u093f\u092f\u093e \u0938\u0947 \u0938\u0902\u092c\u0902\u0927\u093f\u0924 \u0915\u093e\u0930\u094d\u092f \u0928\u0939\u0940\u0902 \u0915\u0930\u0924\u0940 \u0939\u0948, \u0907\u0938\u0932\u093f\u090f \u0909\u0921\u093c\u093e\u0928\u094b\u0902 \u0914\u0930 \u0938\u0940\u092e\u093e\u0913\u0902 \u0915\u094b \u092a\u093e\u0930 \u0915\u0930\u0928\u0947 \u0938\u0947 \u091c\u0941\u0921\u093c\u0947 \u092b\u093c\u094b\u0930\u094d\u0938-\u092e\u0947\u091c\u0930 \u0939\u093e\u0932\u093e\u0924 \u0915\u0940 \u0938\u094d\u0925\u093f\u0924\u093f \u092e\u0947\u0902 \u0939\u092e \u091c\u093c\u093f\u092e\u094d\u092e\u0947\u0926\u093e\u0930\u0940 \u0928\u0939\u0940\u0902 \u0932\u0947\u0924\u0947 \u0939\u0948\u0902\u0964 \u0905\u092b\u094d\u0930\u0940\u0915\u093e \u092e\u0947\u0902 \u091b\u094b\u091f\u0947 \u092e\u0942\u0932\u094d\u092f \u0915\u0947, \u0918\u093f\u0938\u0947-\u092a\u093f\u091f\u0947 \u0914\u0930 \u092a\u0941\u0930\u093e\u0928\u0947 (2009 \u0938\u0947 \u092a\u0939\u0932\u0947 \u091c\u093e\u0930\u0940) \u0905\u092e\u0947\u0930\u093f\u0915\u0940 \u0921\u0949\u0932\u0930 \u0915\u0947 \u0928\u094b\u091f\u094b\u0902 \u0915\u0947 \u0935\u093f\u0928\u093f\u092e\u092f \u092e\u0947\u0902 \u0915\u0920\u093f\u0928\u093e\u0907\u092f\u093e\u0901 \u0939\u094b\u0924\u0940 \u0939\u0948\u0902 \u2014 \u0915\u0943\u092a\u092f\u093e \u0907\u0938\u0947 \u0927\u094d\u092f\u093e\u0928 \u092e\u0947\u0902 \u0930\u0916\u0947\u0902\u0964 \u0915\u0939\u0940\u0902 \u0905\u0924\u093f\u0930\u093f\u0915\u094d\u0924 \u0915\u092e\u0940\u0936\u0928 \u0932\u093f\u092f\u093e \u091c\u093e\u0924\u093e \u0939\u0948, \u0924\u094b \u0915\u0939\u0940\u0902 \u0935\u093f\u0928\u093f\u092e\u092f \u0938\u0947 \u0907\u0928\u0915\u093e\u0930 \u092d\u0940 \u0915\u093f\u092f\u093e \u091c\u093e \u0938\u0915\u0924\u093e \u0939\u0948\u0964","og_url":"https:\/\/mountainguides.pro\/hi\/tours\/adventure\/tour-to-morocco-for-new-year\/","og_site_name":"Mountain Guide","article_publisher":"https:\/\/www.facebook.com\/Mountainguide-232956566756831\/","article_modified_time":"2026-04-06T14:30:15+00:00","og_image":[{"width":1600,"height":1200,"url":"https:\/\/mountainguides.pro\/wp-content\/uploads\/2023\/11\/Marocco-New-Year.jpeg","type":"image\/jpeg"}],"twitter_card":"summary_large_image","twitter_site":"@Wintercyclone","twitter_misc":{"\u0905\u0928\u0941\u092e\u093e\u0928\u093f\u0924 \u092a\u0922\u093c\u0928\u0947 \u0915\u093e \u0938\u092e\u092f":"1 \u092e\u093f\u0928\u091f"},"schema":{"@context":"https:\/\/schema.org","@graph":[{"@type":"WebPage","@id":"https:\/\/mountainguides.pro\/tours\/adventure\/tour-to-morocco-for-new-year\/","url":"https:\/\/mountainguides.pro\/tours\/adventure\/tour-to-morocco-for-new-year\/","name":"Adventure Morocco for New Year","isPartOf":{"@id":"https:\/\/mountainguides.pro\/#website"},"primaryImageOfPage":{"@id":"https:\/\/mountainguides.pro\/tours\/adventure\/tour-to-morocco-for-new-year\/#primaryimage"},"image":{"@id":"https:\/\/mountainguides.pro\/tours\/adventure\/tour-to-morocco-for-new-year\/#primaryimage"},"thumbnailUrl":"https:\/\/mountainguides.pro\/wp-content\/uploads\/2023\/11\/Marocco-New-Year.jpeg","datePublished":"2023-11-02T08:16:25+00:00","dateModified":"2026-04-06T14:30:15+00:00","breadcrumb":{"@id":"https:\/\/mountainguides.pro\/tours\/adventure\/tour-to-morocco-for-new-year\/#breadcrumb"},"inLanguage":"hi","potentialAction":[{"@type":"ReadAction","target":["https:\/\/mountainguides.pro\/tours\/adventure\/tour-to-morocco-for-new-year\/"]}]},{"@type":"ImageObject","inLanguage":"hi","@id":"https:\/\/mountainguides.pro\/tours\/adventure\/tour-to-morocco-for-new-year\/#primaryimage","url":"https:\/\/mountainguides.pro\/wp-content\/uploads\/2023\/11\/Marocco-New-Year.jpeg","contentUrl":"https:\/\/mountainguides.pro\/wp-content\/uploads\/2023\/11\/Marocco-New-Year.jpeg","width":1600,"height":1200},{"@type":"BreadcrumbList","@id":"https:\/\/mountainguides.pro\/tours\/adventure\/tour-to-morocco-for-new-year\/#breadcrumb","itemListElement":[{"@type":"ListItem","position":1,"name":"Home","item":"https:\/\/mountainguides.pro\/de\/"},{"@type":"ListItem","position":2,"name":"Tour to Morocco for New Year"}]},{"@type":"WebSite","@id":"https:\/\/mountainguides.pro\/#website","url":"https:\/\/mountainguides.pro\/","name":"Mountain Guide","description":"We aspire to be the first in everything!","publisher":{"@id":"https:\/\/mountainguides.pro\/#organization"},"potentialAction":[{"@type":"SearchAction","target":{"@type":"EntryPoint","urlTemplate":"https:\/\/mountainguides.pro\/?s={search_term_string}"},"query-input":{"@type":"PropertyValueSpecification","valueRequired":true,"valueName":"search_term_string"}}],"inLanguage":"hi"},{"@type":"Organization","@id":"https:\/\/mountainguides.pro\/#organization","name":"Mountain Guide","url":"https:\/\/mountainguides.pro\/","logo":{"@type":"ImageObject","inLanguage":"hi","@id":"https:\/\/mountainguides.pro\/#\/schema\/logo\/image\/","url":"https:\/\/mountainguides.pro\/wp-content\/uploads\/2018\/01\/mglogo.jpg","contentUrl":"https:\/\/mountainguides.pro\/wp-content\/uploads\/2018\/01\/mglogo.jpg","width":1200,"height":630,"caption":"Mountain Guide"},"image":{"@id":"https:\/\/mountainguides.pro\/#\/schema\/logo\/image\/"},"sameAs":["https:\/\/www.facebook.com\/Mountainguide-232956566756831\/","https:\/\/x.com\/Wintercyclone","http:\/\/instagram.com\/mountainguide","http:\/\/www.youtube.com\/mountainguide"]}]}},"_links":{"self":[{"href":"https:\/\/mountainguides.pro\/hi\/wp-json\/wp\/v2\/product\/19774","targetHints":{"allow":["GET"]}}],"collection":[{"href":"https:\/\/mountainguides.pro\/hi\/wp-json\/wp\/v2\/product"}],"about":[{"href":"https:\/\/mountainguides.pro\/hi\/wp-json\/wp\/v2\/types\/product"}],"replies":[{"embeddable":true,"href":"https:\/\/mountainguides.pro\/hi\/wp-json\/wp\/v2\/comments?post=19774"}],"version-history":[{"count":12,"href":"https:\/\/mountainguides.pro\/hi\/wp-json\/wp\/v2\/product\/19774\/revisions"}],"predecessor-version":[{"id":33380,"href":"https:\/\/mountainguides.pro\/hi\/wp-json\/wp\/v2\/product\/19774\/revisions\/33380"}],"wp:featuredmedia":[{"embeddable":true,"href":"https:\/\/mountainguides.pro\/hi\/wp-json\/wp\/v2\/media\/19775"}],"wp:attachment":[{"href":"https:\/\/mountainguides.pro\/hi\/wp-json\/wp\/v2\/media?parent=19774"}],"wp:term":[{"taxonomy":"product_cat","embeddable":true,"href":"https:\/\/mountainguides.pro\/hi\/wp-json\/wp\/v2\/product_cat?post=19774"},{"taxonomy":"product_tag","embeddable":true,"href":"https:\/\/mountainguides.pro\/hi\/wp-json\/wp\/v2\/product_tag?post=19774"}],"curies":[{"name":"wp","href":"https:\/\/api.w.org\/{rel}","templated":true}]}}