{"id":19397,"date":"2023-07-28T22:19:50","date_gmt":"2023-07-28T19:19:50","guid":{"rendered":"https:\/\/mountainguides.pro\/?post_type=product&#038;p=19397"},"modified":"2026-02-03T16:14:30","modified_gmt":"2026-02-03T13:14:30","slug":"patagonia-the-edge-of-the-world","status":"publish","type":"product","link":"https:\/\/mountainguides.pro\/ja\/tours\/trekking\/patagonia-the-edge-of-the-world\/","title":{"rendered":"\u30d1\u30bf\u30b4\u30cb\u30a2\u30c4\u30a2\u30fc\uff1a\u5730\u7403\u306e\u7aef\u3067"},"content":{"rendered":"","protected":false},"excerpt":{"rendered":"<ul>\n<li class=\"p1\">\u30e9\u30c6\u30f3\u30a2\u30e1\u30ea\u30ab\u3067\u6700\u3082\u6709\u540d\u306a\u56fd\u7acb\u516c\u5712 \u30c8\u30fc\u30ec\u30b9\u30fb\u30c7\u30eb\u30fb\u30d1\u30a4\u30cd<\/li>\n<li class=\"p1\">W\u30c8\u30ec\u30c3\u30af \u2015 \u30d1\u30bf\u30b4\u30cb\u30a2\u3001\u305d\u3057\u3066\u5357\u7c73\u5168\u4f53\u3067\u6700\u3082\u6709\u540d\u306a\u30c8\u30ec\u30c3\u30ad\u30f3\u30b0\u30eb\u30fc\u30c8<\/li>\n<li class=\"p1\">O\u30c8\u30ec\u30c3\u30af \u2015 \u30d1\u30bf\u30b4\u30cb\u30a2\u306e\u30c8\u30fc\u30ec\u30b9\u30fb\u30c7\u30eb\u30fb\u30d1\u30a4\u30cd\u5730\u57df\u3092\u5b8c\u5168\u306b\u4e00\u5468\u3059\u308b\u672c\u683c\u30eb\u30fc\u30c8\u3002\u30ed\u30b7\u30a2\u3067\u3053\u306eO\u30c8\u30ec\u30c3\u30af\u3092\u63d0\u4f9b\u3057\u3066\u3044\u308b\u306e\u306f\u4ed6\u306b\u3042\u308a\u307e\u305b\u3093<\/li>\n<li class=\"p1\">\u30de\u30eb\u30c6\u30a3\u30fc\u30b8\u30e7\u5cf6\u3078\u306e\u30af\u30eb\u30fc\u30ba\u3068\u4e0a\u9678\u89b3\u5149\u3002\u30de\u30bc\u30e9\u30f3\u30da\u30f3\u30ae\u30f3\u3068\u30b8\u30a7\u30f3\u30c4\u30fc\u30da\u30f3\u30ae\u30f3\u306e\u6700\u5927\u7d1a\u306e\u30b3\u30ed\u30cb\u30fc\u3092\u9593\u8fd1\u3067\u89b3\u5bdf<\/li>\n<li class=\"p1\">\u672c\u5f53\u306e\u300c\u4e16\u754c\u306e\u679c\u3066\u300d\u2015 \u30d5\u30a8\u30b4\u8af8\u5cf6\u306e\u4e00\u3064\u306b\u4f4d\u7f6e\u3059\u308b\u90fd\u5e02\u30a6\u30b7\u30e5\u30a2\u30a4\u30a2<\/li>\n<li class=\"p1\">\u5730\u7403\u4e0a\u30673\u756a\u76ee\u306b\u5927\u304d\u306a\u6de1\u6c34\u8caf\u8535\u91cf\u3092\u8a87\u308b\u30da\u30ea\u30c8\u30fb\u30e2\u30ec\u30ce\u6c37\u6cb3<\/li>\n<\/ul>\n<p class=\"p1\">4\u540d\u53c2\u52a0\uff1a3569 USD<\/p>\n<p class=\"p1\">5\u540d\u53c2\u52a0\uff1a3314 USD<\/p>\n<p class=\"p1\">6\u540d\u53c2\u52a0\uff1a3144 USD<\/p>\n<p class=\"p1\">7\u540d\u53c2\u52a0\uff1a3023 USD<\/p>\n<p class=\"p1\">8\u540d\u53c2\u52a0\uff1a2932 USD<\/p>\n<p class=\"p1\"><strong>\u203b\u5f53\u793e\u306f\u822a\u7a7a\u5238\u306e\u8cfc\u5165\u30fb\u8ca9\u58f2\u304a\u3088\u3073\u30d3\u30b6\u53d6\u5f97\u696d\u52d9\u3092\u884c\u3063\u3066\u3044\u306a\u3044\u305f\u3081\u3001\u30d5\u30e9\u30a4\u30c8\u3084\u56fd\u5883\u901a\u904e\u306b\u95a2\u3059\u308b\u4e0d\u53ef\u6297\u529b\u306b\u3064\u3044\u3066\u8cac\u4efb\u3092\u8ca0\u3044\u304b\u306d\u307e\u3059\u3002\u822a\u7a7a\u5238\u9078\u3073\u306e\u30b5\u30dd\u30fc\u30c8\u306f\u559c\u3093\u3067\u304a\u624b\u4f1d\u3044\u3044\u305f\u3057\u307e\u3059\u3002<\/strong><\/p>\n","protected":false},"featured_media":21449,"comment_status":"closed","ping_status":"closed","template":"","meta":{"_acf_changed":false,"footnotes":""},"product_cat":[321],"product_tag":[],"class_list":{"0":"post-19397","1":"product","2":"type-product","3":"status-publish","4":"has-post-thumbnail","6":"product_cat-trekking","8":"first","9":"instock","10":"shipping-taxable","11":"purchasable","12":"product-type-simple"},"acf":[],"yoast_head":"<!-- This site is optimized with the Yoast SEO Premium plugin v26.5 (Yoast SEO v27.3) - https:\/\/yoast.com\/product\/yoast-seo-premium-wordpress\/ -->\n<title>Trekking Patagonia<\/title>\n<meta name=\"robots\" content=\"index, follow, max-snippet:-1, max-image-preview:large, max-video-preview:-1\" \/>\n<link rel=\"canonical\" href=\"https:\/\/mountainguides.pro\/ja\/tours\/trekking\/patagonia-the-edge-of-the-world\/\" \/>\n<meta property=\"og:locale\" content=\"en_US\" \/>\n<meta property=\"og:locale:alternate\" content=\"en_US\" \/>\n<meta property=\"og:locale:alternate\" content=\"ru_RU\" \/>\n<meta property=\"og:locale:alternate\" content=\"de\" \/>\n<meta property=\"og:locale:alternate\" content=\"es\" \/>\n<meta property=\"og:locale:alternate\" content=\"pt\" \/>\n<meta property=\"og:locale:alternate\" content=\"zh\" \/>\n<meta property=\"og:locale:alternate\" content=\"ko\" \/>\n<meta property=\"og:locale:alternate\" content=\"hi\" \/>\n<meta property=\"og:locale:alternate\" content=\"ar\" \/>\n<meta property=\"og:type\" content=\"article\" \/>\n<meta property=\"og:title\" content=\"\u30d1\u30bf\u30b4\u30cb\u30a2\u30c4\u30a2\u30fc\uff1a\u5730\u7403\u306e\u7aef\u3067\" \/>\n<meta property=\"og:description\" content=\"\u30e9\u30c6\u30f3\u30a2\u30e1\u30ea\u30ab\u3067\u6700\u3082\u6709\u540d\u306a\u56fd\u7acb\u516c\u5712 \u30c8\u30fc\u30ec\u30b9\u30fb\u30c7\u30eb\u30fb\u30d1\u30a4\u30cd  W\u30c8\u30ec\u30c3\u30af \u2015 \u30d1\u30bf\u30b4\u30cb\u30a2\u3001\u305d\u3057\u3066\u5357\u7c73\u5168\u4f53\u3067\u6700\u3082\u6709\u540d\u306a\u30c8\u30ec\u30c3\u30ad\u30f3\u30b0\u30eb\u30fc\u30c8  O\u30c8\u30ec\u30c3\u30af \u2015 \u30d1\u30bf\u30b4\u30cb\u30a2\u306e\u30c8\u30fc\u30ec\u30b9\u30fb\u30c7\u30eb\u30fb\u30d1\u30a4\u30cd\u5730\u57df\u3092\u5b8c\u5168\u306b\u4e00\u5468\u3059\u308b\u672c\u683c\u30eb\u30fc\u30c8\u3002\u30ed\u30b7\u30a2\u3067\u3053\u306eO\u30c8\u30ec\u30c3\u30af\u3092\u63d0\u4f9b\u3057\u3066\u3044\u308b\u306e\u306f\u4ed6\u306b\u3042\u308a\u307e\u305b\u3093  \u30de\u30eb\u30c6\u30a3\u30fc\u30b8\u30e7\u5cf6\u3078\u306e\u30af\u30eb\u30fc\u30ba\u3068\u4e0a\u9678\u89b3\u5149\u3002\u30de\u30bc\u30e9\u30f3\u30da\u30f3\u30ae\u30f3\u3068\u30b8\u30a7\u30f3\u30c4\u30fc\u30da\u30f3\u30ae\u30f3\u306e\u6700\u5927\u7d1a\u306e\u30b3\u30ed\u30cb\u30fc\u3092\u9593\u8fd1\u3067\u89b3\u5bdf  \u672c\u5f53\u306e\u300c\u4e16\u754c\u306e\u679c\u3066\u300d\u2015 \u30d5\u30a8\u30b4\u8af8\u5cf6\u306e\u4e00\u3064\u306b\u4f4d\u7f6e\u3059\u308b\u90fd\u5e02\u30a6\u30b7\u30e5\u30a2\u30a4\u30a2  \u5730\u7403\u4e0a\u30673\u756a\u76ee\u306b\u5927\u304d\u306a\u6de1\u6c34\u8caf\u8535\u91cf\u3092\u8a87\u308b\u30da\u30ea\u30c8\u30fb\u30e2\u30ec\u30ce\u6c37\u6cb3  4\u540d\u53c2\u52a0\uff1a3569 USD 5\u540d\u53c2\u52a0\uff1a3314 USD 6\u540d\u53c2\u52a0\uff1a3144 USD 7\u540d\u53c2\u52a0\uff1a3023 USD 8\u540d\u53c2\u52a0\uff1a2932 USD \u203b\u5f53\u793e\u306f\u822a\u7a7a\u5238\u306e\u8cfc\u5165\u30fb\u8ca9\u58f2\u304a\u3088\u3073\u30d3\u30b6\u53d6\u5f97\u696d\u52d9\u3092\u884c\u3063\u3066\u3044\u306a\u3044\u305f\u3081\u3001\u30d5\u30e9\u30a4\u30c8\u3084\u56fd\u5883\u901a\u904e\u306b\u95a2\u3059\u308b\u4e0d\u53ef\u6297\u529b\u306b\u3064\u3044\u3066\u8cac\u4efb\u3092\u8ca0\u3044\u304b\u306d\u307e\u3059\u3002\u822a\u7a7a\u5238\u9078\u3073\u306e\u30b5\u30dd\u30fc\u30c8\u306f\u559c\u3093\u3067\u304a\u624b\u4f1d\u3044\u3044\u305f\u3057\u307e\u3059\u3002\" \/>\n<meta property=\"og:url\" content=\"https:\/\/mountainguides.pro\/ja\/tours\/trekking\/patagonia-the-edge-of-the-world\/\" \/>\n<meta property=\"og:site_name\" content=\"Mountain Guide\" \/>\n<meta property=\"article:publisher\" content=\"https:\/\/www.facebook.com\/Mountainguide-232956566756831\/\" \/>\n<meta property=\"article:modified_time\" content=\"2026-02-03T13:14:30+00:00\" \/>\n<meta property=\"og:image\" content=\"https:\/\/mountainguides.pro\/wp-content\/uploads\/2023\/07\/patagoniya-tur-31.jpg\" \/>\n\t<meta property=\"og:image:width\" content=\"1600\" \/>\n\t<meta property=\"og:image:height\" content=\"1200\" \/>\n\t<meta property=\"og:image:type\" content=\"image\/jpeg\" \/>\n<meta name=\"twitter:card\" content=\"summary_large_image\" \/>\n<meta name=\"twitter:site\" content=\"@Wintercyclone\" \/>\n<meta name=\"twitter:label1\" content=\"Est. reading time\" \/>\n\t<meta name=\"twitter:data1\" content=\"1 minute\" \/>\n<script type=\"application\/ld+json\" class=\"yoast-schema-graph\">{\"@context\":\"https:\\\/\\\/schema.org\",\"@graph\":[{\"@type\":\"WebPage\",\"@id\":\"https:\\\/\\\/mountainguides.pro\\\/ar\\\/tours\\\/trekking\\\/patagonia-the-edge-of-the-world\\\/\",\"url\":\"https:\\\/\\\/mountainguides.pro\\\/ar\\\/tours\\\/trekking\\\/patagonia-the-edge-of-the-world\\\/\",\"name\":\"Trekking Patagonia\",\"isPartOf\":{\"@id\":\"https:\\\/\\\/mountainguides.pro\\\/#website\"},\"primaryImageOfPage\":{\"@id\":\"https:\\\/\\\/mountainguides.pro\\\/ar\\\/tours\\\/trekking\\\/patagonia-the-edge-of-the-world\\\/#primaryimage\"},\"image\":{\"@id\":\"https:\\\/\\\/mountainguides.pro\\\/ar\\\/tours\\\/trekking\\\/patagonia-the-edge-of-the-world\\\/#primaryimage\"},\"thumbnailUrl\":\"https:\\\/\\\/mountainguides.pro\\\/wp-content\\\/uploads\\\/2023\\\/07\\\/patagoniya-tur-31.jpg\",\"datePublished\":\"2023-07-28T19:19:50+00:00\",\"dateModified\":\"2026-02-03T13:14:30+00:00\",\"breadcrumb\":{\"@id\":\"https:\\\/\\\/mountainguides.pro\\\/ar\\\/tours\\\/trekking\\\/patagonia-the-edge-of-the-world\\\/#breadcrumb\"},\"inLanguage\":\"ja\",\"potentialAction\":[{\"@type\":\"ReadAction\",\"target\":[\"https:\\\/\\\/mountainguides.pro\\\/ar\\\/tours\\\/trekking\\\/patagonia-the-edge-of-the-world\\\/\"]}]},{\"@type\":\"ImageObject\",\"inLanguage\":\"ja\",\"@id\":\"https:\\\/\\\/mountainguides.pro\\\/ar\\\/tours\\\/trekking\\\/patagonia-the-edge-of-the-world\\\/#primaryimage\",\"url\":\"https:\\\/\\\/mountainguides.pro\\\/wp-content\\\/uploads\\\/2023\\\/07\\\/patagoniya-tur-31.jpg\",\"contentUrl\":\"https:\\\/\\\/mountainguides.pro\\\/wp-content\\\/uploads\\\/2023\\\/07\\\/patagoniya-tur-31.jpg\",\"width\":1600,\"height\":1200},{\"@type\":\"BreadcrumbList\",\"@id\":\"https:\\\/\\\/mountainguides.pro\\\/ar\\\/tours\\\/trekking\\\/patagonia-the-edge-of-the-world\\\/#breadcrumb\",\"itemListElement\":[{\"@type\":\"ListItem\",\"position\":1,\"name\":\"Home\",\"item\":\"https:\\\/\\\/mountainguides.pro\\\/de\\\/\"},{\"@type\":\"ListItem\",\"position\":2,\"name\":\"\u062c\u0648\u0644\u0629 \u0628\u0627\u062a\u0627\u063a\u0648\u0646\u064a\u0627: \u0639\u0644\u0649 \u062d\u0627\u0641\u0629 \u0627\u0644\u0623\u0631\u0636\"}]},{\"@type\":\"WebSite\",\"@id\":\"https:\\\/\\\/mountainguides.pro\\\/#website\",\"url\":\"https:\\\/\\\/mountainguides.pro\\\/\",\"name\":\"Mountain Guide\",\"description\":\"We aspire to be the first in everything!\",\"publisher\":{\"@id\":\"https:\\\/\\\/mountainguides.pro\\\/#organization\"},\"potentialAction\":[{\"@type\":\"SearchAction\",\"target\":{\"@type\":\"EntryPoint\",\"urlTemplate\":\"https:\\\/\\\/mountainguides.pro\\\/?s={search_term_string}\"},\"query-input\":{\"@type\":\"PropertyValueSpecification\",\"valueRequired\":true,\"valueName\":\"search_term_string\"}}],\"inLanguage\":\"ja\"},{\"@type\":\"Organization\",\"@id\":\"https:\\\/\\\/mountainguides.pro\\\/#organization\",\"name\":\"Mountain Guide\",\"url\":\"https:\\\/\\\/mountainguides.pro\\\/\",\"logo\":{\"@type\":\"ImageObject\",\"inLanguage\":\"ja\",\"@id\":\"https:\\\/\\\/mountainguides.pro\\\/#\\\/schema\\\/logo\\\/image\\\/\",\"url\":\"https:\\\/\\\/mountainguides.pro\\\/wp-content\\\/uploads\\\/2018\\\/01\\\/mglogo.jpg\",\"contentUrl\":\"https:\\\/\\\/mountainguides.pro\\\/wp-content\\\/uploads\\\/2018\\\/01\\\/mglogo.jpg\",\"width\":1200,\"height\":630,\"caption\":\"Mountain Guide\"},\"image\":{\"@id\":\"https:\\\/\\\/mountainguides.pro\\\/#\\\/schema\\\/logo\\\/image\\\/\"},\"sameAs\":[\"https:\\\/\\\/www.facebook.com\\\/Mountainguide-232956566756831\\\/\",\"https:\\\/\\\/x.com\\\/Wintercyclone\",\"http:\\\/\\\/instagram.com\\\/mountainguide\",\"http:\\\/\\\/www.youtube.com\\\/mountainguide\"]}]}<\/script>\n<!-- \/ Yoast SEO Premium plugin. -->","yoast_head_json":{"title":"Trekking Patagonia","robots":{"index":"index","follow":"follow","max-snippet":"max-snippet:-1","max-image-preview":"max-image-preview:large","max-video-preview":"max-video-preview:-1"},"canonical":"https:\/\/mountainguides.pro\/ja\/tours\/trekking\/patagonia-the-edge-of-the-world\/","og_locale":"en_US","og_type":"article","og_title":"[:en]Patagonia: the edge of the world[:de]Tour nach Patagonien: Am Rande der Erde[:es]Tour a la Patagonia: al fin de la Tierra[:pt]Excurs\u00e3o \u00e0 Patag\u00f4nia: no fim do mundo[:zh]\u5df4\u5854\u54e5\u5c3c\u4e9a\u4e4b\u65c5\uff1a\u5730\u7403\u7684\u5c3d\u5934[:ko]\ud30c\ud0c0\uace0\ub2c8\uc544 \ud22c\uc5b4:\uc9c0\uad6c \uac00\uc7a5\uc790\ub9ac[:ja]\u30d1\u30bf\u30b4\u30cb\u30a2\u30c4\u30a2\u30fc\uff1a\u5730\u7403\u306e\u7aef\u3067[:hi]\u092a\u0947\u091f\u093e\u0917\u094b\u0928\u093f\u092f\u093e \u091f\u0942\u0930: \u092a\u0943\u0925\u094d\u0935\u0940 \u0915\u0947 \u0915\u093f\u0928\u093e\u0930\u0947 \u092a\u0930[:ar]\u062c\u0648\u0644\u0629 \u0628\u0627\u062a\u0627\u063a\u0648\u0646\u064a\u0627: \u0639\u0644\u0649 \u062d\u0627\u0641\u0629 \u0627\u0644\u0623\u0631\u0636[:]","og_description":"\u30e9\u30c6\u30f3\u30a2\u30e1\u30ea\u30ab\u3067\u6700\u3082\u6709\u540d\u306a\u56fd\u7acb\u516c\u5712 \u30c8\u30fc\u30ec\u30b9\u30fb\u30c7\u30eb\u30fb\u30d1\u30a4\u30cd  W\u30c8\u30ec\u30c3\u30af \u2015 \u30d1\u30bf\u30b4\u30cb\u30a2\u3001\u305d\u3057\u3066\u5357\u7c73\u5168\u4f53\u3067\u6700\u3082\u6709\u540d\u306a\u30c8\u30ec\u30c3\u30ad\u30f3\u30b0\u30eb\u30fc\u30c8  O\u30c8\u30ec\u30c3\u30af \u2015 \u30d1\u30bf\u30b4\u30cb\u30a2\u306e\u30c8\u30fc\u30ec\u30b9\u30fb\u30c7\u30eb\u30fb\u30d1\u30a4\u30cd\u5730\u57df\u3092\u5b8c\u5168\u306b\u4e00\u5468\u3059\u308b\u672c\u683c\u30eb\u30fc\u30c8\u3002\u30ed\u30b7\u30a2\u3067\u3053\u306eO\u30c8\u30ec\u30c3\u30af\u3092\u63d0\u4f9b\u3057\u3066\u3044\u308b\u306e\u306f\u4ed6\u306b\u3042\u308a\u307e\u305b\u3093  \u30de\u30eb\u30c6\u30a3\u30fc\u30b8\u30e7\u5cf6\u3078\u306e\u30af\u30eb\u30fc\u30ba\u3068\u4e0a\u9678\u89b3\u5149\u3002\u30de\u30bc\u30e9\u30f3\u30da\u30f3\u30ae\u30f3\u3068\u30b8\u30a7\u30f3\u30c4\u30fc\u30da\u30f3\u30ae\u30f3\u306e\u6700\u5927\u7d1a\u306e\u30b3\u30ed\u30cb\u30fc\u3092\u9593\u8fd1\u3067\u89b3\u5bdf  \u672c\u5f53\u306e\u300c\u4e16\u754c\u306e\u679c\u3066\u300d\u2015 \u30d5\u30a8\u30b4\u8af8\u5cf6\u306e\u4e00\u3064\u306b\u4f4d\u7f6e\u3059\u308b\u90fd\u5e02\u30a6\u30b7\u30e5\u30a2\u30a4\u30a2  \u5730\u7403\u4e0a\u30673\u756a\u76ee\u306b\u5927\u304d\u306a\u6de1\u6c34\u8caf\u8535\u91cf\u3092\u8a87\u308b\u30da\u30ea\u30c8\u30fb\u30e2\u30ec\u30ce\u6c37\u6cb3  4\u540d\u53c2\u52a0\uff1a3569 USD 5\u540d\u53c2\u52a0\uff1a3314 USD 6\u540d\u53c2\u52a0\uff1a3144 USD 7\u540d\u53c2\u52a0\uff1a3023 USD 8\u540d\u53c2\u52a0\uff1a2932 USD \u203b\u5f53\u793e\u306f\u822a\u7a7a\u5238\u306e\u8cfc\u5165\u30fb\u8ca9\u58f2\u304a\u3088\u3073\u30d3\u30b6\u53d6\u5f97\u696d\u52d9\u3092\u884c\u3063\u3066\u3044\u306a\u3044\u305f\u3081\u3001\u30d5\u30e9\u30a4\u30c8\u3084\u56fd\u5883\u901a\u904e\u306b\u95a2\u3059\u308b\u4e0d\u53ef\u6297\u529b\u306b\u3064\u3044\u3066\u8cac\u4efb\u3092\u8ca0\u3044\u304b\u306d\u307e\u3059\u3002\u822a\u7a7a\u5238\u9078\u3073\u306e\u30b5\u30dd\u30fc\u30c8\u306f\u559c\u3093\u3067\u304a\u624b\u4f1d\u3044\u3044\u305f\u3057\u307e\u3059\u3002","og_url":"https:\/\/mountainguides.pro\/ja\/tours\/trekking\/patagonia-the-edge-of-the-world\/","og_site_name":"Mountain Guide","article_publisher":"https:\/\/www.facebook.com\/Mountainguide-232956566756831\/","article_modified_time":"2026-02-03T13:14:30+00:00","og_image":[{"width":1600,"height":1200,"url":"https:\/\/mountainguides.pro\/wp-content\/uploads\/2023\/07\/patagoniya-tur-31.jpg","type":"image\/jpeg"}],"twitter_card":"summary_large_image","twitter_site":"@Wintercyclone","twitter_misc":{"Est. reading time":"1 minute"},"schema":{"@context":"https:\/\/schema.org","@graph":[{"@type":"WebPage","@id":"https:\/\/mountainguides.pro\/ar\/tours\/trekking\/patagonia-the-edge-of-the-world\/","url":"https:\/\/mountainguides.pro\/ar\/tours\/trekking\/patagonia-the-edge-of-the-world\/","name":"Trekking Patagonia","isPartOf":{"@id":"https:\/\/mountainguides.pro\/#website"},"primaryImageOfPage":{"@id":"https:\/\/mountainguides.pro\/ar\/tours\/trekking\/patagonia-the-edge-of-the-world\/#primaryimage"},"image":{"@id":"https:\/\/mountainguides.pro\/ar\/tours\/trekking\/patagonia-the-edge-of-the-world\/#primaryimage"},"thumbnailUrl":"https:\/\/mountainguides.pro\/wp-content\/uploads\/2023\/07\/patagoniya-tur-31.jpg","datePublished":"2023-07-28T19:19:50+00:00","dateModified":"2026-02-03T13:14:30+00:00","breadcrumb":{"@id":"https:\/\/mountainguides.pro\/ar\/tours\/trekking\/patagonia-the-edge-of-the-world\/#breadcrumb"},"inLanguage":"ja","potentialAction":[{"@type":"ReadAction","target":["https:\/\/mountainguides.pro\/ar\/tours\/trekking\/patagonia-the-edge-of-the-world\/"]}]},{"@type":"ImageObject","inLanguage":"ja","@id":"https:\/\/mountainguides.pro\/ar\/tours\/trekking\/patagonia-the-edge-of-the-world\/#primaryimage","url":"https:\/\/mountainguides.pro\/wp-content\/uploads\/2023\/07\/patagoniya-tur-31.jpg","contentUrl":"https:\/\/mountainguides.pro\/wp-content\/uploads\/2023\/07\/patagoniya-tur-31.jpg","width":1600,"height":1200},{"@type":"BreadcrumbList","@id":"https:\/\/mountainguides.pro\/ar\/tours\/trekking\/patagonia-the-edge-of-the-world\/#breadcrumb","itemListElement":[{"@type":"ListItem","position":1,"name":"Home","item":"https:\/\/mountainguides.pro\/de\/"},{"@type":"ListItem","position":2,"name":"\u062c\u0648\u0644\u0629 \u0628\u0627\u062a\u0627\u063a\u0648\u0646\u064a\u0627: \u0639\u0644\u0649 \u062d\u0627\u0641\u0629 \u0627\u0644\u0623\u0631\u0636"}]},{"@type":"WebSite","@id":"https:\/\/mountainguides.pro\/#website","url":"https:\/\/mountainguides.pro\/","name":"Mountain Guide","description":"We aspire to be the first in everything!","publisher":{"@id":"https:\/\/mountainguides.pro\/#organization"},"potentialAction":[{"@type":"SearchAction","target":{"@type":"EntryPoint","urlTemplate":"https:\/\/mountainguides.pro\/?s={search_term_string}"},"query-input":{"@type":"PropertyValueSpecification","valueRequired":true,"valueName":"search_term_string"}}],"inLanguage":"ja"},{"@type":"Organization","@id":"https:\/\/mountainguides.pro\/#organization","name":"Mountain Guide","url":"https:\/\/mountainguides.pro\/","logo":{"@type":"ImageObject","inLanguage":"ja","@id":"https:\/\/mountainguides.pro\/#\/schema\/logo\/image\/","url":"https:\/\/mountainguides.pro\/wp-content\/uploads\/2018\/01\/mglogo.jpg","contentUrl":"https:\/\/mountainguides.pro\/wp-content\/uploads\/2018\/01\/mglogo.jpg","width":1200,"height":630,"caption":"Mountain Guide"},"image":{"@id":"https:\/\/mountainguides.pro\/#\/schema\/logo\/image\/"},"sameAs":["https:\/\/www.facebook.com\/Mountainguide-232956566756831\/","https:\/\/x.com\/Wintercyclone","http:\/\/instagram.com\/mountainguide","http:\/\/www.youtube.com\/mountainguide"]}]}},"_links":{"self":[{"href":"https:\/\/mountainguides.pro\/ja\/wp-json\/wp\/v2\/product\/19397","targetHints":{"allow":["GET"]}}],"collection":[{"href":"https:\/\/mountainguides.pro\/ja\/wp-json\/wp\/v2\/product"}],"about":[{"href":"https:\/\/mountainguides.pro\/ja\/wp-json\/wp\/v2\/types\/product"}],"replies":[{"embeddable":true,"href":"https:\/\/mountainguides.pro\/ja\/wp-json\/wp\/v2\/comments?post=19397"}],"version-history":[{"count":12,"href":"https:\/\/mountainguides.pro\/ja\/wp-json\/wp\/v2\/product\/19397\/revisions"}],"predecessor-version":[{"id":32709,"href":"https:\/\/mountainguides.pro\/ja\/wp-json\/wp\/v2\/product\/19397\/revisions\/32709"}],"wp:featuredmedia":[{"embeddable":true,"href":"https:\/\/mountainguides.pro\/ja\/wp-json\/wp\/v2\/media\/21449"}],"wp:attachment":[{"href":"https:\/\/mountainguides.pro\/ja\/wp-json\/wp\/v2\/media?parent=19397"}],"wp:term":[{"taxonomy":"product_cat","embeddable":true,"href":"https:\/\/mountainguides.pro\/ja\/wp-json\/wp\/v2\/product_cat?post=19397"},{"taxonomy":"product_tag","embeddable":true,"href":"https:\/\/mountainguides.pro\/ja\/wp-json\/wp\/v2\/product_tag?post=19397"}],"curies":[{"name":"wp","href":"https:\/\/api.w.org\/{rel}","templated":true}]}}