{"id":19547,"date":"2025-01-08T00:43:59","date_gmt":"2025-01-07T21:43:59","guid":{"rendered":"https:\/\/mountainguides.pro\/?post_type=product&#038;p=19547"},"modified":"2026-01-29T14:30:49","modified_gmt":"2026-01-29T11:30:49","slug":"namibia","status":"publish","type":"product","link":"https:\/\/mountainguides.pro\/ja\/tours\/adventure\/namibia\/","title":{"rendered":"\u30ca\u30df\u30d3\u30a2\u30c4\u30a2\u30fc\uff1a\u30a8\u30c8\u30fc\u30b7\u30e3\u30d1\u30fc\u30af\u3068\u30d2\u30f3\u30d0\u65cf"},"content":{"rendered":"","protected":false},"excerpt":{"rendered":"<ul>\n<li class=\"p1\">\u6709\u540d\u306a\u300c\u30c7\u30e5\u30fc\u30f345\u300d\u306b\u767b\u308a\u3001\u8d64\u3044\u7802\u306e\u58ee\u5927\u306a\u30d1\u30ce\u30e9\u30de\u3092\u6e80\u55ab\u3067\u304d\u307e\u3059\u3002\u7279\u306b\u671d\u65e5\u304c\u5dee\u3057\u8fbc\u3080\u6642\u9593\u5e2f\u306b\u306f\u3001\u7802\u4e18\u304c\u30aa\u30ec\u30f3\u30b8\u3084\u8d64\u306e\u8272\u5408\u3044\u306b\u8f1d\u304d\u307e\u3059\u3002<\/li>\n<li class=\"p1\">\u653e\u68c4\u3055\u308c\u305f\u8857\u30b3\u30fc\u30eb\u30de\u30f3\u30b9\u30b3\u30c3\u30d7\uff1a\u7802\u6f20\u306b\u98f2\u307f\u8fbc\u307e\u308c\u3064\u3064\u3042\u308b\u8b0e\u3081\u3044\u305f\u30b4\u30fc\u30b9\u30c8\u30bf\u30a6\u30f3\u3092\u63a2\u7d22\u3057\u3001\u9271\u592b\u305f\u3061\u304c\u66ae\u3089\u3057\u3066\u3044\u305f\u5f53\u6642\u306e\u96f0\u56f2\u6c17\u3092\u305d\u306e\u307e\u307e\u611f\u3058\u3089\u308c\u307e\u3059\u3002<\/li>\n<li class=\"p1\">\u30a8\u30c8\u30fc\u30b7\u30e3\u56fd\u7acb\u516c\u5712\uff1a\u30ca\u30df\u30d3\u30a2\u3092\u4ee3\u8868\u3059\u308b\u91ce\u751f\u52d5\u7269\u4fdd\u8b77\u533a\u3067\u30b5\u30d5\u30a1\u30ea\u3092\u697d\u3057\u307f\u3001\u30be\u30a6\u3001\u30ad\u30ea\u30f3\u3001\u30e9\u30a4\u30aa\u30f3\u306a\u3069\u591a\u304f\u306e\u52d5\u7269\u305f\u3061\u3092\u81ea\u7136\u306e\u307e\u307e\u306e\u59ff\u3067\u89b3\u5bdf\u3057\u3066\u304f\u3060\u3055\u3044\u3002<\/li>\n<li class=\"p1\">\u30ad\u30fc\u30c8\u30de\u30f3\u30b9\u30d5\u30fc\u30d7\u3068\u300c\u30b8\u30e3\u30a4\u30a2\u30f3\u30c8\u30d7\u30ec\u30a4\u30b0\u30e9\u30a6\u30f3\u30c9\u300d\uff1a\u5947\u5999\u3067\u58ee\u5927\u306a\u5730\u8cea\u69cb\u9020\u3084\u5de8\u5927\u306a\u7384\u6b66\u5ca9\u306e\u5ca9\u584a\u3092\u767a\u898b\u3057\u3001\u5927\u81ea\u7136\u304c\u5275\u308a\u51fa\u3057\u305f\u5f6b\u523b\u306e\u3088\u3046\u306a\u98a8\u666f\u3092\u304a\u697d\u3057\u307f\u304f\u3060\u3055\u3044\u3002<\/li>\n<li class=\"p1\">\u30d2\u30f3\u30d0\u65cf\u306e\u6587\u5316\uff1a\u72ec\u81ea\u306e\u4f1d\u7d71\u3092\u305d\u306e\u307e\u307e\u53d7\u3051\u7d99\u3044\u3067\u3044\u308b\u552f\u4e00\u7121\u4e8c\u306e\u90e8\u65cf\u306e\u66ae\u3089\u3057\u306b\u89e6\u308c\u3001\u5f7c\u3089\u306e\u6587\u5316\u3084\u7fd2\u6163\u3092\u4f1d\u7d71\u7684\u306a\u6751\u3067\u5b66\u3076\u3053\u3068\u304c\u3067\u304d\u307e\u3059\u3002<\/li>\n<\/ul>\n<p class=\"p1\">*\u5f53\u793e\u306f\u822a\u7a7a\u5238\u306e\u8cfc\u5165\u30fb\u8ca9\u58f2\u3001\u30d3\u30b6\u7533\u8acb\u696d\u52d9\u306f\u884c\u3063\u3066\u304a\u308a\u307e\u305b\u3093\u3002\u305d\u306e\u305f\u3081\u3001\u30d5\u30e9\u30a4\u30c8\u3084\u56fd\u5883\u901a\u904e\u306b\u95a2\u3059\u308b\u4e0d\u53ef\u6297\u529b\u4e8b\u7531\u306b\u3064\u3044\u3066\u306f\u8cac\u4efb\u3092\u8ca0\u3044\u304b\u306d\u307e\u3059\u3002<\/p>\n<p class=\"p1\"><strong>\u91cd\u8981\u306a\u60c5\u5831:<\/strong><\/p>\n<ul>\n<li class=\"p1\">\u30c1\u30a7\u30c3\u30af\u30a4\u30f3\u30fb\u30c1\u30a7\u30c3\u30af\u30a2\u30a6\u30c8\u306e\u6642\u9593\u306f\u30db\u30c6\u30eb\u306e\u898f\u5b9a\u306b\u5f93\u3044\u307e\u3059\uff1a\u30c1\u30a7\u30c3\u30af\u30a4\u30f3\u306f15\u6642\u304b\u3089\u3001\u30c1\u30a7\u30c3\u30af\u30a2\u30a6\u30c8\u306f11\u301c12\u6642\u307e\u3067\u3068\u306a\u308a\u307e\u3059\u3002\u8377\u7269\u306f\u30db\u30c6\u30eb\u306e\u30d5\u30ed\u30f3\u30c8\u306b\u9810\u3051\u3066\u8857\u3092\u6563\u7b56\u3059\u308b\u3053\u3068\u3082\u3067\u304d\u307e\u3059\u3057\u3001\u53ef\u80fd\u3067\u3042\u308c\u3070\u8ffd\u52a0\u6599\u91d1\u3067\u30a2\u30fc\u30ea\u30fc\u30c1\u30a7\u30c3\u30af\u30a4\u30f3\uff0f\u30ec\u30a4\u30c8\u30c1\u30a7\u30c3\u30af\u30a2\u30a6\u30c8\u3092\u5229\u7528\u3067\u304d\u307e\u3059\u3002<\/li>\n<li class=\"p1\">\u30ca\u30df\u30d3\u30a2\u3067\u306f\u5c0f\u984d\u30fb\u7834\u640d\u3057\u305f\u7d19\u5e63\u3001\u307e\u305f\u306f2009\u5e74\u4ee5\u524d\u306e\u53e4\u3044\u7c73\u30c9\u30eb\u7d19\u5e63\u306e\u4e21\u66ff\u304c\u56f0\u96e3\u306a\u5834\u5408\u304c\u3042\u308a\u307e\u3059\u3002\u8ffd\u52a0\u624b\u6570\u6599\u304c\u304b\u304b\u308b\u3053\u3068\u3082\u3042\u308c\u3070\u3001\u4e21\u66ff\u81ea\u4f53\u3092\u62d2\u5426\u3055\u308c\u308b\u5834\u5408\u3082\u3042\u308a\u307e\u3059\u306e\u3067\u3054\u6ce8\u610f\u304f\u3060\u3055\u3044\u3002<\/li>\n<\/ul>\n","protected":false},"featured_media":21460,"comment_status":"closed","ping_status":"closed","template":"","meta":{"_acf_changed":false,"footnotes":""},"product_cat":[337],"product_tag":[],"class_list":{"0":"post-19547","1":"product","2":"type-product","3":"status-publish","4":"has-post-thumbnail","6":"product_cat-adventure","8":"first","9":"instock","10":"shipping-taxable","11":"purchasable","12":"product-type-simple"},"acf":[],"yoast_head":"<!-- This site is optimized with the Yoast SEO Premium plugin v26.5 (Yoast SEO v27.3) - https:\/\/yoast.com\/product\/yoast-seo-premium-wordpress\/ -->\n<title>Adventure Namibia<\/title>\n<meta name=\"robots\" content=\"index, follow, max-snippet:-1, max-image-preview:large, max-video-preview:-1\" \/>\n<link rel=\"canonical\" href=\"https:\/\/mountainguides.pro\/ja\/tours\/adventure\/namibia\/\" \/>\n<meta property=\"og:locale\" content=\"en_US\" \/>\n<meta property=\"og:locale:alternate\" content=\"en_US\" \/>\n<meta property=\"og:locale:alternate\" content=\"ru_RU\" \/>\n<meta property=\"og:locale:alternate\" content=\"de\" \/>\n<meta property=\"og:locale:alternate\" content=\"es\" \/>\n<meta property=\"og:locale:alternate\" content=\"pt\" \/>\n<meta property=\"og:locale:alternate\" content=\"zh\" \/>\n<meta property=\"og:locale:alternate\" content=\"ko\" \/>\n<meta property=\"og:locale:alternate\" content=\"hi\" \/>\n<meta property=\"og:locale:alternate\" content=\"ar\" \/>\n<meta property=\"og:type\" content=\"article\" \/>\n<meta property=\"og:title\" content=\"\u30ca\u30df\u30d3\u30a2\u30c4\u30a2\u30fc\uff1a\u30a8\u30c8\u30fc\u30b7\u30e3\u30d1\u30fc\u30af\u3068\u30d2\u30f3\u30d0\u65cf\" \/>\n<meta property=\"og:description\" content=\"\u6709\u540d\u306a\u300c\u30c7\u30e5\u30fc\u30f345\u300d\u306b\u767b\u308a\u3001\u8d64\u3044\u7802\u306e\u58ee\u5927\u306a\u30d1\u30ce\u30e9\u30de\u3092\u6e80\u55ab\u3067\u304d\u307e\u3059\u3002\u7279\u306b\u671d\u65e5\u304c\u5dee\u3057\u8fbc\u3080\u6642\u9593\u5e2f\u306b\u306f\u3001\u7802\u4e18\u304c\u30aa\u30ec\u30f3\u30b8\u3084\u8d64\u306e\u8272\u5408\u3044\u306b\u8f1d\u304d\u307e\u3059\u3002  \u653e\u68c4\u3055\u308c\u305f\u8857\u30b3\u30fc\u30eb\u30de\u30f3\u30b9\u30b3\u30c3\u30d7\uff1a\u7802\u6f20\u306b\u98f2\u307f\u8fbc\u307e\u308c\u3064\u3064\u3042\u308b\u8b0e\u3081\u3044\u305f\u30b4\u30fc\u30b9\u30c8\u30bf\u30a6\u30f3\u3092\u63a2\u7d22\u3057\u3001\u9271\u592b\u305f\u3061\u304c\u66ae\u3089\u3057\u3066\u3044\u305f\u5f53\u6642\u306e\u96f0\u56f2\u6c17\u3092\u305d\u306e\u307e\u307e\u611f\u3058\u3089\u308c\u307e\u3059\u3002  \u30a8\u30c8\u30fc\u30b7\u30e3\u56fd\u7acb\u516c\u5712\uff1a\u30ca\u30df\u30d3\u30a2\u3092\u4ee3\u8868\u3059\u308b\u91ce\u751f\u52d5\u7269\u4fdd\u8b77\u533a\u3067\u30b5\u30d5\u30a1\u30ea\u3092\u697d\u3057\u307f\u3001\u30be\u30a6\u3001\u30ad\u30ea\u30f3\u3001\u30e9\u30a4\u30aa\u30f3\u306a\u3069\u591a\u304f\u306e\u52d5\u7269\u305f\u3061\u3092\u81ea\u7136\u306e\u307e\u307e\u306e\u59ff\u3067\u89b3\u5bdf\u3057\u3066\u304f\u3060\u3055\u3044\u3002  \u30ad\u30fc\u30c8\u30de\u30f3\u30b9\u30d5\u30fc\u30d7\u3068\u300c\u30b8\u30e3\u30a4\u30a2\u30f3\u30c8\u30d7\u30ec\u30a4\u30b0\u30e9\u30a6\u30f3\u30c9\u300d\uff1a\u5947\u5999\u3067\u58ee\u5927\u306a\u5730\u8cea\u69cb\u9020\u3084\u5de8\u5927\u306a\u7384\u6b66\u5ca9\u306e\u5ca9\u584a\u3092\u767a\u898b\u3057\u3001\u5927\u81ea\u7136\u304c\u5275\u308a\u51fa\u3057\u305f\u5f6b\u523b\u306e\u3088\u3046\u306a\u98a8\u666f\u3092\u304a\u697d\u3057\u307f\u304f\u3060\u3055\u3044\u3002  \u30d2\u30f3\u30d0\u65cf\u306e\u6587\u5316\uff1a\u72ec\u81ea\u306e\u4f1d\u7d71\u3092\u305d\u306e\u307e\u307e\u53d7\u3051\u7d99\u3044\u3067\u3044\u308b\u552f\u4e00\u7121\u4e8c\u306e\u90e8\u65cf\u306e\u66ae\u3089\u3057\u306b\u89e6\u308c\u3001\u5f7c\u3089\u306e\u6587\u5316\u3084\u7fd2\u6163\u3092\u4f1d\u7d71\u7684\u306a\u6751\u3067\u5b66\u3076\u3053\u3068\u304c\u3067\u304d\u307e\u3059\u3002  *\u5f53\u793e\u306f\u822a\u7a7a\u5238\u306e\u8cfc\u5165\u30fb\u8ca9\u58f2\u3001\u30d3\u30b6\u7533\u8acb\u696d\u52d9\u306f\u884c\u3063\u3066\u304a\u308a\u307e\u305b\u3093\u3002\u305d\u306e\u305f\u3081\u3001\u30d5\u30e9\u30a4\u30c8\u3084\u56fd\u5883\u901a\u904e\u306b\u95a2\u3059\u308b\u4e0d\u53ef\u6297\u529b\u4e8b\u7531\u306b\u3064\u3044\u3066\u306f\u8cac\u4efb\u3092\u8ca0\u3044\u304b\u306d\u307e\u3059\u3002 \u91cd\u8981\u306a\u60c5\u5831:    \u30c1\u30a7\u30c3\u30af\u30a4\u30f3\u30fb\u30c1\u30a7\u30c3\u30af\u30a2\u30a6\u30c8\u306e\u6642\u9593\u306f\u30db\u30c6\u30eb\u306e\u898f\u5b9a\u306b\u5f93\u3044\u307e\u3059\uff1a\u30c1\u30a7\u30c3\u30af\u30a4\u30f3\u306f15\u6642\u304b\u3089\u3001\u30c1\u30a7\u30c3\u30af\u30a2\u30a6\u30c8\u306f11\u301c12\u6642\u307e\u3067\u3068\u306a\u308a\u307e\u3059\u3002\u8377\u7269\u306f\u30db\u30c6\u30eb\u306e\u30d5\u30ed\u30f3\u30c8\u306b\u9810\u3051\u3066\u8857\u3092\u6563\u7b56\u3059\u308b\u3053\u3068\u3082\u3067\u304d\u307e\u3059\u3057\u3001\u53ef\u80fd\u3067\u3042\u308c\u3070\u8ffd\u52a0\u6599\u91d1\u3067\u30a2\u30fc\u30ea\u30fc\u30c1\u30a7\u30c3\u30af\u30a4\u30f3\uff0f\u30ec\u30a4\u30c8\u30c1\u30a7\u30c3\u30af\u30a2\u30a6\u30c8\u3092\u5229\u7528\u3067\u304d\u307e\u3059\u3002  \u30ca\u30df\u30d3\u30a2\u3067\u306f\u5c0f\u984d\u30fb\u7834\u640d\u3057\u305f\u7d19\u5e63\u3001\u307e\u305f\u306f2009\u5e74\u4ee5\u524d\u306e\u53e4\u3044\u7c73\u30c9\u30eb\u7d19\u5e63\u306e\u4e21\u66ff\u304c\u56f0\u96e3\u306a\u5834\u5408\u304c\u3042\u308a\u307e\u3059\u3002\u8ffd\u52a0\u624b\u6570\u6599\u304c\u304b\u304b\u308b\u3053\u3068\u3082\u3042\u308c\u3070\u3001\u4e21\u66ff\u81ea\u4f53\u3092\u62d2\u5426\u3055\u308c\u308b\u5834\u5408\u3082\u3042\u308a\u307e\u3059\u306e\u3067\u3054\u6ce8\u610f\u304f\u3060\u3055\u3044\u3002\" \/>\n<meta property=\"og:url\" content=\"https:\/\/mountainguides.pro\/ja\/tours\/adventure\/namibia\/\" \/>\n<meta property=\"og:site_name\" content=\"Mountain Guide\" \/>\n<meta property=\"article:publisher\" content=\"https:\/\/www.facebook.com\/Mountainguide-232956566756831\/\" \/>\n<meta property=\"article:modified_time\" content=\"2026-01-29T11:30:49+00:00\" \/>\n<meta property=\"og:image\" content=\"https:\/\/mountainguides.pro\/wp-content\/uploads\/2025\/01\/tur-v-namibiyu-2.jpeg\" \/>\n\t<meta property=\"og:image:width\" content=\"1800\" \/>\n\t<meta property=\"og:image:height\" content=\"1350\" \/>\n\t<meta property=\"og:image:type\" content=\"image\/jpeg\" \/>\n<meta name=\"twitter:card\" content=\"summary_large_image\" \/>\n<meta name=\"twitter:site\" content=\"@Wintercyclone\" \/>\n<meta name=\"twitter:label1\" content=\"Est. reading time\" \/>\n\t<meta name=\"twitter:data1\" content=\"1 minute\" \/>\n<script type=\"application\/ld+json\" class=\"yoast-schema-graph\">{\"@context\":\"https:\\\/\\\/schema.org\",\"@graph\":[{\"@type\":\"WebPage\",\"@id\":\"https:\\\/\\\/mountainguides.pro\\\/ar\\\/tours\\\/adventure\\\/namibia\\\/\",\"url\":\"https:\\\/\\\/mountainguides.pro\\\/ar\\\/tours\\\/adventure\\\/namibia\\\/\",\"name\":\"Adventure Namibia\",\"isPartOf\":{\"@id\":\"https:\\\/\\\/mountainguides.pro\\\/#website\"},\"primaryImageOfPage\":{\"@id\":\"https:\\\/\\\/mountainguides.pro\\\/ar\\\/tours\\\/adventure\\\/namibia\\\/#primaryimage\"},\"image\":{\"@id\":\"https:\\\/\\\/mountainguides.pro\\\/ar\\\/tours\\\/adventure\\\/namibia\\\/#primaryimage\"},\"thumbnailUrl\":\"https:\\\/\\\/mountainguides.pro\\\/wp-content\\\/uploads\\\/2025\\\/01\\\/tur-v-namibiyu-2.jpeg\",\"datePublished\":\"2025-01-07T21:43:59+00:00\",\"dateModified\":\"2026-01-29T11:30:49+00:00\",\"breadcrumb\":{\"@id\":\"https:\\\/\\\/mountainguides.pro\\\/ar\\\/tours\\\/adventure\\\/namibia\\\/#breadcrumb\"},\"inLanguage\":\"ja\",\"potentialAction\":[{\"@type\":\"ReadAction\",\"target\":[\"https:\\\/\\\/mountainguides.pro\\\/ar\\\/tours\\\/adventure\\\/namibia\\\/\"]}]},{\"@type\":\"ImageObject\",\"inLanguage\":\"ja\",\"@id\":\"https:\\\/\\\/mountainguides.pro\\\/ar\\\/tours\\\/adventure\\\/namibia\\\/#primaryimage\",\"url\":\"https:\\\/\\\/mountainguides.pro\\\/wp-content\\\/uploads\\\/2025\\\/01\\\/tur-v-namibiyu-2.jpeg\",\"contentUrl\":\"https:\\\/\\\/mountainguides.pro\\\/wp-content\\\/uploads\\\/2025\\\/01\\\/tur-v-namibiyu-2.jpeg\",\"width\":1800,\"height\":1350},{\"@type\":\"BreadcrumbList\",\"@id\":\"https:\\\/\\\/mountainguides.pro\\\/ar\\\/tours\\\/adventure\\\/namibia\\\/#breadcrumb\",\"itemListElement\":[{\"@type\":\"ListItem\",\"position\":1,\"name\":\"Home\",\"item\":\"https:\\\/\\\/mountainguides.pro\\\/de\\\/\"},{\"@type\":\"ListItem\",\"position\":2,\"name\":\"\u062c\u0648\u0644\u0629 \u0646\u0627\u0645\u064a\u0628\u064a\u0627: \u062d\u062f\u064a\u0642\u0629 \u0625\u064a\u062a\u0648\u0634\u0627 \u0648\u0642\u0628\u0627\u0626\u0644 \u0647\u064a\u0645\u0628\u0627\"}]},{\"@type\":\"WebSite\",\"@id\":\"https:\\\/\\\/mountainguides.pro\\\/#website\",\"url\":\"https:\\\/\\\/mountainguides.pro\\\/\",\"name\":\"Mountain Guide\",\"description\":\"We aspire to be the first in everything!\",\"publisher\":{\"@id\":\"https:\\\/\\\/mountainguides.pro\\\/#organization\"},\"potentialAction\":[{\"@type\":\"SearchAction\",\"target\":{\"@type\":\"EntryPoint\",\"urlTemplate\":\"https:\\\/\\\/mountainguides.pro\\\/?s={search_term_string}\"},\"query-input\":{\"@type\":\"PropertyValueSpecification\",\"valueRequired\":true,\"valueName\":\"search_term_string\"}}],\"inLanguage\":\"ja\"},{\"@type\":\"Organization\",\"@id\":\"https:\\\/\\\/mountainguides.pro\\\/#organization\",\"name\":\"Mountain Guide\",\"url\":\"https:\\\/\\\/mountainguides.pro\\\/\",\"logo\":{\"@type\":\"ImageObject\",\"inLanguage\":\"ja\",\"@id\":\"https:\\\/\\\/mountainguides.pro\\\/#\\\/schema\\\/logo\\\/image\\\/\",\"url\":\"https:\\\/\\\/mountainguides.pro\\\/wp-content\\\/uploads\\\/2018\\\/01\\\/mglogo.jpg\",\"contentUrl\":\"https:\\\/\\\/mountainguides.pro\\\/wp-content\\\/uploads\\\/2018\\\/01\\\/mglogo.jpg\",\"width\":1200,\"height\":630,\"caption\":\"Mountain Guide\"},\"image\":{\"@id\":\"https:\\\/\\\/mountainguides.pro\\\/#\\\/schema\\\/logo\\\/image\\\/\"},\"sameAs\":[\"https:\\\/\\\/www.facebook.com\\\/Mountainguide-232956566756831\\\/\",\"https:\\\/\\\/x.com\\\/Wintercyclone\",\"http:\\\/\\\/instagram.com\\\/mountainguide\",\"http:\\\/\\\/www.youtube.com\\\/mountainguide\"]}]}<\/script>\n<!-- \/ Yoast SEO Premium plugin. -->","yoast_head_json":{"title":"Adventure Namibia","robots":{"index":"index","follow":"follow","max-snippet":"max-snippet:-1","max-image-preview":"max-image-preview:large","max-video-preview":"max-video-preview:-1"},"canonical":"https:\/\/mountainguides.pro\/ja\/tours\/adventure\/namibia\/","og_locale":"en_US","og_type":"article","og_title":"[:en]Namibia[:de]Tour nach Namibia: Der Etosha Park und die Himba-St\u00e4mme[:es]Tour a Namibia: parque Etosha y tribus Himba[:pt]Excurs\u00e3o \u00e0 Nam\u00edbia: Etosha Park e as tribos Himba[:zh]\u7eb3\u7c73\u6bd4\u4e9a\u4e4b\u65c5\uff1a\u57c3\u6258\u6c99\u516c\u56ed\u548c\u8f9b\u5df4\u90e8\u843d[:ko]\ub098\ubbf8\ube44\uc544 \ud22c\uc5b4:\uc5d0\ud1a0 \uc0e4 \uacf5\uc6d0\uacfc \ud798\ubc14 \ubd80\uc871[:ja]\u30ca\u30df\u30d3\u30a2\u30c4\u30a2\u30fc\uff1a\u30a8\u30c8\u30fc\u30b7\u30e3\u30d1\u30fc\u30af\u3068\u30d2\u30f3\u30d0\u65cf[:hi]\u0928\u093e\u092e\u0940\u092c\u093f\u092f\u093e \u091f\u0942\u0930: \u0907\u091f\u094b\u0936\u093e \u092a\u093e\u0930\u094d\u0915 \u0914\u0930 \u0939\u093f\u092e\u094d\u092c\u093e \u091c\u0928\u091c\u093e\u0924\u093f[:ar]\u062c\u0648\u0644\u0629 \u0646\u0627\u0645\u064a\u0628\u064a\u0627: \u062d\u062f\u064a\u0642\u0629 \u0625\u064a\u062a\u0648\u0634\u0627 \u0648\u0642\u0628\u0627\u0626\u0644 \u0647\u064a\u0645\u0628\u0627[:]","og_description":"\u6709\u540d\u306a\u300c\u30c7\u30e5\u30fc\u30f345\u300d\u306b\u767b\u308a\u3001\u8d64\u3044\u7802\u306e\u58ee\u5927\u306a\u30d1\u30ce\u30e9\u30de\u3092\u6e80\u55ab\u3067\u304d\u307e\u3059\u3002\u7279\u306b\u671d\u65e5\u304c\u5dee\u3057\u8fbc\u3080\u6642\u9593\u5e2f\u306b\u306f\u3001\u7802\u4e18\u304c\u30aa\u30ec\u30f3\u30b8\u3084\u8d64\u306e\u8272\u5408\u3044\u306b\u8f1d\u304d\u307e\u3059\u3002  \u653e\u68c4\u3055\u308c\u305f\u8857\u30b3\u30fc\u30eb\u30de\u30f3\u30b9\u30b3\u30c3\u30d7\uff1a\u7802\u6f20\u306b\u98f2\u307f\u8fbc\u307e\u308c\u3064\u3064\u3042\u308b\u8b0e\u3081\u3044\u305f\u30b4\u30fc\u30b9\u30c8\u30bf\u30a6\u30f3\u3092\u63a2\u7d22\u3057\u3001\u9271\u592b\u305f\u3061\u304c\u66ae\u3089\u3057\u3066\u3044\u305f\u5f53\u6642\u306e\u96f0\u56f2\u6c17\u3092\u305d\u306e\u307e\u307e\u611f\u3058\u3089\u308c\u307e\u3059\u3002  \u30a8\u30c8\u30fc\u30b7\u30e3\u56fd\u7acb\u516c\u5712\uff1a\u30ca\u30df\u30d3\u30a2\u3092\u4ee3\u8868\u3059\u308b\u91ce\u751f\u52d5\u7269\u4fdd\u8b77\u533a\u3067\u30b5\u30d5\u30a1\u30ea\u3092\u697d\u3057\u307f\u3001\u30be\u30a6\u3001\u30ad\u30ea\u30f3\u3001\u30e9\u30a4\u30aa\u30f3\u306a\u3069\u591a\u304f\u306e\u52d5\u7269\u305f\u3061\u3092\u81ea\u7136\u306e\u307e\u307e\u306e\u59ff\u3067\u89b3\u5bdf\u3057\u3066\u304f\u3060\u3055\u3044\u3002  \u30ad\u30fc\u30c8\u30de\u30f3\u30b9\u30d5\u30fc\u30d7\u3068\u300c\u30b8\u30e3\u30a4\u30a2\u30f3\u30c8\u30d7\u30ec\u30a4\u30b0\u30e9\u30a6\u30f3\u30c9\u300d\uff1a\u5947\u5999\u3067\u58ee\u5927\u306a\u5730\u8cea\u69cb\u9020\u3084\u5de8\u5927\u306a\u7384\u6b66\u5ca9\u306e\u5ca9\u584a\u3092\u767a\u898b\u3057\u3001\u5927\u81ea\u7136\u304c\u5275\u308a\u51fa\u3057\u305f\u5f6b\u523b\u306e\u3088\u3046\u306a\u98a8\u666f\u3092\u304a\u697d\u3057\u307f\u304f\u3060\u3055\u3044\u3002  \u30d2\u30f3\u30d0\u65cf\u306e\u6587\u5316\uff1a\u72ec\u81ea\u306e\u4f1d\u7d71\u3092\u305d\u306e\u307e\u307e\u53d7\u3051\u7d99\u3044\u3067\u3044\u308b\u552f\u4e00\u7121\u4e8c\u306e\u90e8\u65cf\u306e\u66ae\u3089\u3057\u306b\u89e6\u308c\u3001\u5f7c\u3089\u306e\u6587\u5316\u3084\u7fd2\u6163\u3092\u4f1d\u7d71\u7684\u306a\u6751\u3067\u5b66\u3076\u3053\u3068\u304c\u3067\u304d\u307e\u3059\u3002  *\u5f53\u793e\u306f\u822a\u7a7a\u5238\u306e\u8cfc\u5165\u30fb\u8ca9\u58f2\u3001\u30d3\u30b6\u7533\u8acb\u696d\u52d9\u306f\u884c\u3063\u3066\u304a\u308a\u307e\u305b\u3093\u3002\u305d\u306e\u305f\u3081\u3001\u30d5\u30e9\u30a4\u30c8\u3084\u56fd\u5883\u901a\u904e\u306b\u95a2\u3059\u308b\u4e0d\u53ef\u6297\u529b\u4e8b\u7531\u306b\u3064\u3044\u3066\u306f\u8cac\u4efb\u3092\u8ca0\u3044\u304b\u306d\u307e\u3059\u3002 \u91cd\u8981\u306a\u60c5\u5831:    \u30c1\u30a7\u30c3\u30af\u30a4\u30f3\u30fb\u30c1\u30a7\u30c3\u30af\u30a2\u30a6\u30c8\u306e\u6642\u9593\u306f\u30db\u30c6\u30eb\u306e\u898f\u5b9a\u306b\u5f93\u3044\u307e\u3059\uff1a\u30c1\u30a7\u30c3\u30af\u30a4\u30f3\u306f15\u6642\u304b\u3089\u3001\u30c1\u30a7\u30c3\u30af\u30a2\u30a6\u30c8\u306f11\u301c12\u6642\u307e\u3067\u3068\u306a\u308a\u307e\u3059\u3002\u8377\u7269\u306f\u30db\u30c6\u30eb\u306e\u30d5\u30ed\u30f3\u30c8\u306b\u9810\u3051\u3066\u8857\u3092\u6563\u7b56\u3059\u308b\u3053\u3068\u3082\u3067\u304d\u307e\u3059\u3057\u3001\u53ef\u80fd\u3067\u3042\u308c\u3070\u8ffd\u52a0\u6599\u91d1\u3067\u30a2\u30fc\u30ea\u30fc\u30c1\u30a7\u30c3\u30af\u30a4\u30f3\uff0f\u30ec\u30a4\u30c8\u30c1\u30a7\u30c3\u30af\u30a2\u30a6\u30c8\u3092\u5229\u7528\u3067\u304d\u307e\u3059\u3002  \u30ca\u30df\u30d3\u30a2\u3067\u306f\u5c0f\u984d\u30fb\u7834\u640d\u3057\u305f\u7d19\u5e63\u3001\u307e\u305f\u306f2009\u5e74\u4ee5\u524d\u306e\u53e4\u3044\u7c73\u30c9\u30eb\u7d19\u5e63\u306e\u4e21\u66ff\u304c\u56f0\u96e3\u306a\u5834\u5408\u304c\u3042\u308a\u307e\u3059\u3002\u8ffd\u52a0\u624b\u6570\u6599\u304c\u304b\u304b\u308b\u3053\u3068\u3082\u3042\u308c\u3070\u3001\u4e21\u66ff\u81ea\u4f53\u3092\u62d2\u5426\u3055\u308c\u308b\u5834\u5408\u3082\u3042\u308a\u307e\u3059\u306e\u3067\u3054\u6ce8\u610f\u304f\u3060\u3055\u3044\u3002","og_url":"https:\/\/mountainguides.pro\/ja\/tours\/adventure\/namibia\/","og_site_name":"Mountain Guide","article_publisher":"https:\/\/www.facebook.com\/Mountainguide-232956566756831\/","article_modified_time":"2026-01-29T11:30:49+00:00","og_image":[{"width":1800,"height":1350,"url":"https:\/\/mountainguides.pro\/wp-content\/uploads\/2025\/01\/tur-v-namibiyu-2.jpeg","type":"image\/jpeg"}],"twitter_card":"summary_large_image","twitter_site":"@Wintercyclone","twitter_misc":{"Est. reading time":"1 minute"},"schema":{"@context":"https:\/\/schema.org","@graph":[{"@type":"WebPage","@id":"https:\/\/mountainguides.pro\/ar\/tours\/adventure\/namibia\/","url":"https:\/\/mountainguides.pro\/ar\/tours\/adventure\/namibia\/","name":"Adventure Namibia","isPartOf":{"@id":"https:\/\/mountainguides.pro\/#website"},"primaryImageOfPage":{"@id":"https:\/\/mountainguides.pro\/ar\/tours\/adventure\/namibia\/#primaryimage"},"image":{"@id":"https:\/\/mountainguides.pro\/ar\/tours\/adventure\/namibia\/#primaryimage"},"thumbnailUrl":"https:\/\/mountainguides.pro\/wp-content\/uploads\/2025\/01\/tur-v-namibiyu-2.jpeg","datePublished":"2025-01-07T21:43:59+00:00","dateModified":"2026-01-29T11:30:49+00:00","breadcrumb":{"@id":"https:\/\/mountainguides.pro\/ar\/tours\/adventure\/namibia\/#breadcrumb"},"inLanguage":"ja","potentialAction":[{"@type":"ReadAction","target":["https:\/\/mountainguides.pro\/ar\/tours\/adventure\/namibia\/"]}]},{"@type":"ImageObject","inLanguage":"ja","@id":"https:\/\/mountainguides.pro\/ar\/tours\/adventure\/namibia\/#primaryimage","url":"https:\/\/mountainguides.pro\/wp-content\/uploads\/2025\/01\/tur-v-namibiyu-2.jpeg","contentUrl":"https:\/\/mountainguides.pro\/wp-content\/uploads\/2025\/01\/tur-v-namibiyu-2.jpeg","width":1800,"height":1350},{"@type":"BreadcrumbList","@id":"https:\/\/mountainguides.pro\/ar\/tours\/adventure\/namibia\/#breadcrumb","itemListElement":[{"@type":"ListItem","position":1,"name":"Home","item":"https:\/\/mountainguides.pro\/de\/"},{"@type":"ListItem","position":2,"name":"\u062c\u0648\u0644\u0629 \u0646\u0627\u0645\u064a\u0628\u064a\u0627: \u062d\u062f\u064a\u0642\u0629 \u0625\u064a\u062a\u0648\u0634\u0627 \u0648\u0642\u0628\u0627\u0626\u0644 \u0647\u064a\u0645\u0628\u0627"}]},{"@type":"WebSite","@id":"https:\/\/mountainguides.pro\/#website","url":"https:\/\/mountainguides.pro\/","name":"Mountain Guide","description":"We aspire to be the first in everything!","publisher":{"@id":"https:\/\/mountainguides.pro\/#organization"},"potentialAction":[{"@type":"SearchAction","target":{"@type":"EntryPoint","urlTemplate":"https:\/\/mountainguides.pro\/?s={search_term_string}"},"query-input":{"@type":"PropertyValueSpecification","valueRequired":true,"valueName":"search_term_string"}}],"inLanguage":"ja"},{"@type":"Organization","@id":"https:\/\/mountainguides.pro\/#organization","name":"Mountain Guide","url":"https:\/\/mountainguides.pro\/","logo":{"@type":"ImageObject","inLanguage":"ja","@id":"https:\/\/mountainguides.pro\/#\/schema\/logo\/image\/","url":"https:\/\/mountainguides.pro\/wp-content\/uploads\/2018\/01\/mglogo.jpg","contentUrl":"https:\/\/mountainguides.pro\/wp-content\/uploads\/2018\/01\/mglogo.jpg","width":1200,"height":630,"caption":"Mountain Guide"},"image":{"@id":"https:\/\/mountainguides.pro\/#\/schema\/logo\/image\/"},"sameAs":["https:\/\/www.facebook.com\/Mountainguide-232956566756831\/","https:\/\/x.com\/Wintercyclone","http:\/\/instagram.com\/mountainguide","http:\/\/www.youtube.com\/mountainguide"]}]}},"_links":{"self":[{"href":"https:\/\/mountainguides.pro\/ja\/wp-json\/wp\/v2\/product\/19547","targetHints":{"allow":["GET"]}}],"collection":[{"href":"https:\/\/mountainguides.pro\/ja\/wp-json\/wp\/v2\/product"}],"about":[{"href":"https:\/\/mountainguides.pro\/ja\/wp-json\/wp\/v2\/types\/product"}],"replies":[{"embeddable":true,"href":"https:\/\/mountainguides.pro\/ja\/wp-json\/wp\/v2\/comments?post=19547"}],"version-history":[{"count":12,"href":"https:\/\/mountainguides.pro\/ja\/wp-json\/wp\/v2\/product\/19547\/revisions"}],"predecessor-version":[{"id":32675,"href":"https:\/\/mountainguides.pro\/ja\/wp-json\/wp\/v2\/product\/19547\/revisions\/32675"}],"wp:featuredmedia":[{"embeddable":true,"href":"https:\/\/mountainguides.pro\/ja\/wp-json\/wp\/v2\/media\/21460"}],"wp:attachment":[{"href":"https:\/\/mountainguides.pro\/ja\/wp-json\/wp\/v2\/media?parent=19547"}],"wp:term":[{"taxonomy":"product_cat","embeddable":true,"href":"https:\/\/mountainguides.pro\/ja\/wp-json\/wp\/v2\/product_cat?post=19547"},{"taxonomy":"product_tag","embeddable":true,"href":"https:\/\/mountainguides.pro\/ja\/wp-json\/wp\/v2\/product_tag?post=19547"}],"curies":[{"name":"wp","href":"https:\/\/api.w.org\/{rel}","templated":true}]}}