{"id":19559,"date":"2024-12-28T14:52:23","date_gmt":"2024-12-28T11:52:23","guid":{"rendered":"https:\/\/mountainguides.pro\/?post_type=product&#038;p=19559"},"modified":"2026-01-29T14:47:26","modified_gmt":"2026-01-29T11:47:26","slug":"ethiopia","status":"publish","type":"product","link":"https:\/\/mountainguides.pro\/ja\/tours\/adventure\/ethiopia\/","title":{"rendered":"\u30a8\u30c1\u30aa\u30d4\u30a2\u30c4\u30a2\u30fc\uff1a\u5b87\u5b99\u306e\u98a8\u666f\u3068\u30aa\u30e2\u6e13\u8c37\u306e\u90e8\u65cf"},"content":{"rendered":"","protected":false},"excerpt":{"rendered":"<ul>\n<li class=\"p1\">\u30a8\u30c1\u30aa\u30d4\u30a2\u6700\u53e4\u306e\u90e8\u65cf\uff1a\u30c9\u30eb\u30bc\u3001\u30b3\u30f3\u30bd\u3001\u30cf\u30e1\u30eb\u3001\u30ab\u30ed\u3001\u30c0\u30bb\u30cd\u30c1\u3001\u30a2\u30eb\u30dc\u30ec\u3001\u30a2\u30ea\u3001\u30e0\u30eb\u30b7<\/li>\n<li class=\"p1\">\u4f55\u4e16\u7d00\u306b\u3082\u308f\u305f\u308a\u53d7\u3051\u7d99\u304c\u308c\u3066\u304d\u305f\u4f1d\u7d71\u3068\u30e6\u30cb\u30fc\u30af\u306a\u5100\u5f0f<\/li>\n<li class=\"p1\">\u5feb\u9069\u306a\u65c5\u7a0b\u7ba1\u7406 \u2015 \u73fe\u5730\u306e\u4eba\u3005\u3068\u5e0c\u671b\u3059\u308b\u5341\u5206\u306a\u6642\u9593\u3092\u304b\u3051\u3066\u4ea4\u6d41<\/li>\n<li class=\"p1\">\u30b4\u30fc\u30b9\u30c8\u30bf\u30a6\u30f3\u30fb\u30c0\u30ed\u30eb\u8a2a\u554f\u3068\u3001\u751f\u547d\u306e\u6c17\u914d\u306e\u306a\u3044\u30a2\u30d5\u30a1\u30fc\u30eb\u4f4e\u5730\u306e\u771f\u3093\u4e2d\u3067\u306e\u30ad\u30e3\u30f3\u30d7\u6cca<\/li>\n<li class=\"p1\">\u5869\u306e\u5e73\u539f\u3068\u5869\u6e56\u30ab\u30eb\u30e0\u3067\u306e\u904a\u6cf3<\/li>\n<li class=\"p1\">\u30c0\u30ca\u30ad\u30eb\u4f4e\u5730\u306e\u7570\u4e16\u754c\u7684\u306a\u666f\u89b3\u3001\u706b\u5c71\u306e\u4e0b\u306b\u3042\u308b\u6d1e\u7a9f\u3067\u306e\u30d4\u30af\u30cb\u30c3\u30af\u3001\u305d\u3057\u3066\u81f4\u6b7b\u7684\u306a\u9178\u6027\u306e\u6c60<\/li>\n<li class=\"p1\">\u4e8c\u3064\u306e\u6eb6\u5ca9\u6e56\u3068\u6cb8\u304d\u7acb\u3064\u6eb6\u5ca9\u3001\u708e\u306e\u5674\u6c34\u3092\u6301\u3064\u552f\u4e00\u7121\u4e8c\u306e\u6d3b\u706b\u5c71\u30a8\u30eb\u30c8\u30fb\u30a2\u30ec\u5c71\u3078\u306e\u767b\u9802<\/li>\n<li class=\"p1\">\u5869\u6e56\u30a2\u30d5\u30c7\u30e9\u3068\u3001\u30a8\u30c1\u30aa\u30d4\u30a2\u306e\u767d\u3044\u9ec4\u91d1\uff08\u5869\uff09\u306e\u63a1\u6398\u4f53\u9a13<\/li>\n<\/ul>\n<p class=\"p1\"><strong>\u203b\u3054\u6ce8\u610f\u304f\u3060\u3055\u3044\u3002\u5f53\u793e\u306f\u822a\u7a7a\u5238\u306e\u8cfc\u5165\u30fb\u8ca9\u58f2\u304a\u3088\u3073\u30d3\u30b6\u53d6\u5f97\u696d\u52d9\u3092\u884c\u3063\u3066\u304a\u308a\u307e\u305b\u3093\u3002\u305d\u306e\u305f\u3081\u3001\u822a\u7a7a\u4fbf\u3084\u56fd\u5883\u901a\u904e\u306b\u95a2\u9023\u3059\u308b\u4e0d\u53ef\u6297\u529b\u306e\u4e8b\u614b\u306b\u3064\u3044\u3066\u306f\u8cac\u4efb\u3092\u8ca0\u3044\u304b\u306d\u307e\u3059\u3002<\/strong><\/p>\n<p class=\"p1\"><strong>\u91cd\u8981\u306a\u60c5\u5831\uff1a<\/strong><\/p>\n<ul>\n<li class=\"p1\">\u30c1\u30a7\u30c3\u30af\u30a4\u30f3\u304a\u3088\u3073\u30c1\u30a7\u30c3\u30af\u30a2\u30a6\u30c8\u6642\u9593\u306f\u30db\u30c6\u30eb\u306e\u898f\u5b9a\u306b\u5f93\u3044\u307e\u3059\uff1a\u30c1\u30a7\u30c3\u30af\u30a4\u30f3\u306f15\u6642\u4ee5\u964d\u3001\u30c1\u30a7\u30c3\u30af\u30a2\u30a6\u30c8\u306f11\uff5e12\u6642\u307e\u3067\u3067\u3059\u3002\u8377\u7269\u306f\u30db\u30c6\u30eb\u306e\u30d5\u30ed\u30f3\u30c8\u306b\u9810\u3051\u3066\u5e02\u5185\u6563\u7b56\u304c\u53ef\u80fd\u3067\u3059\u3002\u307e\u305f\u3001\u7a7a\u304d\u72b6\u6cc1\u3068\u6280\u8853\u7684\u306b\u53ef\u80fd\u306a\u5834\u5408\u306f\u3001\u8ffd\u52a0\u6599\u91d1\u306b\u3066\u30a2\u30fc\u30ea\u30fc\u30c1\u30a7\u30c3\u30af\u30a4\u30f3\uff0f\u30ec\u30a4\u30c8\u30c1\u30a7\u30c3\u30af\u30a2\u30a6\u30c8\u304c\u5229\u7528\u3067\u304d\u307e\u3059\u3002<\/li>\n<li class=\"p1\">\u30a8\u30c1\u30aa\u30d4\u30a2\u3067\u306f\u3001\u5c11\u984d\u7d19\u5e63\u3084\u640d\u50b7\u306e\u3042\u308b\u7c73\u30c9\u30eb\u7d19\u5e63\u3001\u307e\u305f2009\u5e74\u4ee5\u524d\u306b\u767a\u884c\u3055\u308c\u305f\u65e7\u672d\u306e\u4e21\u66ff\u306b\u554f\u984c\u304c\u751f\u3058\u308b\u3053\u3068\u304c\u3042\u308a\u307e\u3059\u306e\u3067\u3054\u6ce8\u610f\u304f\u3060\u3055\u3044\u3002\u5834\u6240\u306b\u3088\u3063\u3066\u306f\u8ffd\u52a0\u624b\u6570\u6599\u304c\u767a\u751f\u3057\u305f\u308a\u3001\u4e21\u66ff\u3092\u65ad\u3089\u308c\u308b\u5834\u5408\u304c\u3042\u308a\u307e\u3059\u3002<\/li>\n<\/ul>\n","protected":false},"featured_media":21457,"comment_status":"closed","ping_status":"closed","template":"","meta":{"_acf_changed":false,"footnotes":""},"product_cat":[337],"product_tag":[],"class_list":{"0":"post-19559","1":"product","2":"type-product","3":"status-publish","4":"has-post-thumbnail","6":"product_cat-adventure","8":"first","9":"instock","10":"shipping-taxable","11":"purchasable","12":"product-type-simple"},"acf":[],"yoast_head":"<!-- This site is optimized with the Yoast SEO Premium plugin v26.5 (Yoast SEO v27.3) - https:\/\/yoast.com\/product\/yoast-seo-premium-wordpress\/ -->\n<title>Adventure Ethiopia<\/title>\n<meta name=\"robots\" content=\"index, follow, max-snippet:-1, max-image-preview:large, max-video-preview:-1\" \/>\n<link rel=\"canonical\" href=\"https:\/\/mountainguides.pro\/ja\/tours\/adventure\/ethiopia\/\" \/>\n<meta property=\"og:locale\" content=\"en_US\" \/>\n<meta property=\"og:locale:alternate\" content=\"en_US\" \/>\n<meta property=\"og:locale:alternate\" content=\"ru_RU\" \/>\n<meta property=\"og:locale:alternate\" content=\"de\" \/>\n<meta property=\"og:locale:alternate\" content=\"es\" \/>\n<meta property=\"og:locale:alternate\" content=\"pt\" \/>\n<meta property=\"og:locale:alternate\" content=\"zh\" \/>\n<meta property=\"og:locale:alternate\" content=\"ko\" \/>\n<meta property=\"og:locale:alternate\" content=\"hi\" \/>\n<meta property=\"og:locale:alternate\" content=\"ar\" \/>\n<meta property=\"og:type\" content=\"article\" \/>\n<meta property=\"og:title\" content=\"\u30a8\u30c1\u30aa\u30d4\u30a2\u30c4\u30a2\u30fc\uff1a\u5b87\u5b99\u306e\u98a8\u666f\u3068\u30aa\u30e2\u6e13\u8c37\u306e\u90e8\u65cf\" \/>\n<meta property=\"og:description\" content=\"\u30a8\u30c1\u30aa\u30d4\u30a2\u6700\u53e4\u306e\u90e8\u65cf\uff1a\u30c9\u30eb\u30bc\u3001\u30b3\u30f3\u30bd\u3001\u30cf\u30e1\u30eb\u3001\u30ab\u30ed\u3001\u30c0\u30bb\u30cd\u30c1\u3001\u30a2\u30eb\u30dc\u30ec\u3001\u30a2\u30ea\u3001\u30e0\u30eb\u30b7  \u4f55\u4e16\u7d00\u306b\u3082\u308f\u305f\u308a\u53d7\u3051\u7d99\u304c\u308c\u3066\u304d\u305f\u4f1d\u7d71\u3068\u30e6\u30cb\u30fc\u30af\u306a\u5100\u5f0f  \u5feb\u9069\u306a\u65c5\u7a0b\u7ba1\u7406 \u2015 \u73fe\u5730\u306e\u4eba\u3005\u3068\u5e0c\u671b\u3059\u308b\u5341\u5206\u306a\u6642\u9593\u3092\u304b\u3051\u3066\u4ea4\u6d41  \u30b4\u30fc\u30b9\u30c8\u30bf\u30a6\u30f3\u30fb\u30c0\u30ed\u30eb\u8a2a\u554f\u3068\u3001\u751f\u547d\u306e\u6c17\u914d\u306e\u306a\u3044\u30a2\u30d5\u30a1\u30fc\u30eb\u4f4e\u5730\u306e\u771f\u3093\u4e2d\u3067\u306e\u30ad\u30e3\u30f3\u30d7\u6cca  \u5869\u306e\u5e73\u539f\u3068\u5869\u6e56\u30ab\u30eb\u30e0\u3067\u306e\u904a\u6cf3  \u30c0\u30ca\u30ad\u30eb\u4f4e\u5730\u306e\u7570\u4e16\u754c\u7684\u306a\u666f\u89b3\u3001\u706b\u5c71\u306e\u4e0b\u306b\u3042\u308b\u6d1e\u7a9f\u3067\u306e\u30d4\u30af\u30cb\u30c3\u30af\u3001\u305d\u3057\u3066\u81f4\u6b7b\u7684\u306a\u9178\u6027\u306e\u6c60  \u4e8c\u3064\u306e\u6eb6\u5ca9\u6e56\u3068\u6cb8\u304d\u7acb\u3064\u6eb6\u5ca9\u3001\u708e\u306e\u5674\u6c34\u3092\u6301\u3064\u552f\u4e00\u7121\u4e8c\u306e\u6d3b\u706b\u5c71\u30a8\u30eb\u30c8\u30fb\u30a2\u30ec\u5c71\u3078\u306e\u767b\u9802  \u5869\u6e56\u30a2\u30d5\u30c7\u30e9\u3068\u3001\u30a8\u30c1\u30aa\u30d4\u30a2\u306e\u767d\u3044\u9ec4\u91d1\uff08\u5869\uff09\u306e\u63a1\u6398\u4f53\u9a13  \u203b\u3054\u6ce8\u610f\u304f\u3060\u3055\u3044\u3002\u5f53\u793e\u306f\u822a\u7a7a\u5238\u306e\u8cfc\u5165\u30fb\u8ca9\u58f2\u304a\u3088\u3073\u30d3\u30b6\u53d6\u5f97\u696d\u52d9\u3092\u884c\u3063\u3066\u304a\u308a\u307e\u305b\u3093\u3002\u305d\u306e\u305f\u3081\u3001\u822a\u7a7a\u4fbf\u3084\u56fd\u5883\u901a\u904e\u306b\u95a2\u9023\u3059\u308b\u4e0d\u53ef\u6297\u529b\u306e\u4e8b\u614b\u306b\u3064\u3044\u3066\u306f\u8cac\u4efb\u3092\u8ca0\u3044\u304b\u306d\u307e\u3059\u3002 \u91cd\u8981\u306a\u60c5\u5831\uff1a    \u30c1\u30a7\u30c3\u30af\u30a4\u30f3\u304a\u3088\u3073\u30c1\u30a7\u30c3\u30af\u30a2\u30a6\u30c8\u6642\u9593\u306f\u30db\u30c6\u30eb\u306e\u898f\u5b9a\u306b\u5f93\u3044\u307e\u3059\uff1a\u30c1\u30a7\u30c3\u30af\u30a4\u30f3\u306f15\u6642\u4ee5\u964d\u3001\u30c1\u30a7\u30c3\u30af\u30a2\u30a6\u30c8\u306f11\uff5e12\u6642\u307e\u3067\u3067\u3059\u3002\u8377\u7269\u306f\u30db\u30c6\u30eb\u306e\u30d5\u30ed\u30f3\u30c8\u306b\u9810\u3051\u3066\u5e02\u5185\u6563\u7b56\u304c\u53ef\u80fd\u3067\u3059\u3002\u307e\u305f\u3001\u7a7a\u304d\u72b6\u6cc1\u3068\u6280\u8853\u7684\u306b\u53ef\u80fd\u306a\u5834\u5408\u306f\u3001\u8ffd\u52a0\u6599\u91d1\u306b\u3066\u30a2\u30fc\u30ea\u30fc\u30c1\u30a7\u30c3\u30af\u30a4\u30f3\uff0f\u30ec\u30a4\u30c8\u30c1\u30a7\u30c3\u30af\u30a2\u30a6\u30c8\u304c\u5229\u7528\u3067\u304d\u307e\u3059\u3002  \u30a8\u30c1\u30aa\u30d4\u30a2\u3067\u306f\u3001\u5c11\u984d\u7d19\u5e63\u3084\u640d\u50b7\u306e\u3042\u308b\u7c73\u30c9\u30eb\u7d19\u5e63\u3001\u307e\u305f2009\u5e74\u4ee5\u524d\u306b\u767a\u884c\u3055\u308c\u305f\u65e7\u672d\u306e\u4e21\u66ff\u306b\u554f\u984c\u304c\u751f\u3058\u308b\u3053\u3068\u304c\u3042\u308a\u307e\u3059\u306e\u3067\u3054\u6ce8\u610f\u304f\u3060\u3055\u3044\u3002\u5834\u6240\u306b\u3088\u3063\u3066\u306f\u8ffd\u52a0\u624b\u6570\u6599\u304c\u767a\u751f\u3057\u305f\u308a\u3001\u4e21\u66ff\u3092\u65ad\u3089\u308c\u308b\u5834\u5408\u304c\u3042\u308a\u307e\u3059\u3002\" \/>\n<meta property=\"og:url\" content=\"https:\/\/mountainguides.pro\/ja\/tours\/adventure\/ethiopia\/\" \/>\n<meta property=\"og:site_name\" content=\"Mountain Guide\" \/>\n<meta property=\"article:publisher\" content=\"https:\/\/www.facebook.com\/Mountainguide-232956566756831\/\" \/>\n<meta property=\"article:modified_time\" content=\"2026-01-29T11:47:26+00:00\" \/>\n<meta property=\"og:image\" content=\"https:\/\/mountainguides.pro\/wp-content\/uploads\/2024\/12\/tur-efiopiya-dolina-omo.jpeg\" \/>\n\t<meta property=\"og:image:width\" content=\"1800\" \/>\n\t<meta property=\"og:image:height\" content=\"1350\" \/>\n\t<meta property=\"og:image:type\" content=\"image\/jpeg\" \/>\n<meta name=\"twitter:card\" content=\"summary_large_image\" \/>\n<meta name=\"twitter:site\" content=\"@Wintercyclone\" \/>\n<meta name=\"twitter:label1\" content=\"Est. reading time\" \/>\n\t<meta name=\"twitter:data1\" content=\"1 minute\" \/>\n<script type=\"application\/ld+json\" class=\"yoast-schema-graph\">{\"@context\":\"https:\\\/\\\/schema.org\",\"@graph\":[{\"@type\":\"WebPage\",\"@id\":\"https:\\\/\\\/mountainguides.pro\\\/ar\\\/tours\\\/adventure\\\/ethiopia\\\/\",\"url\":\"https:\\\/\\\/mountainguides.pro\\\/ar\\\/tours\\\/adventure\\\/ethiopia\\\/\",\"name\":\"Adventure Ethiopia\",\"isPartOf\":{\"@id\":\"https:\\\/\\\/mountainguides.pro\\\/#website\"},\"primaryImageOfPage\":{\"@id\":\"https:\\\/\\\/mountainguides.pro\\\/ar\\\/tours\\\/adventure\\\/ethiopia\\\/#primaryimage\"},\"image\":{\"@id\":\"https:\\\/\\\/mountainguides.pro\\\/ar\\\/tours\\\/adventure\\\/ethiopia\\\/#primaryimage\"},\"thumbnailUrl\":\"https:\\\/\\\/mountainguides.pro\\\/wp-content\\\/uploads\\\/2024\\\/12\\\/tur-efiopiya-dolina-omo.jpeg\",\"datePublished\":\"2024-12-28T11:52:23+00:00\",\"dateModified\":\"2026-01-29T11:47:26+00:00\",\"breadcrumb\":{\"@id\":\"https:\\\/\\\/mountainguides.pro\\\/ar\\\/tours\\\/adventure\\\/ethiopia\\\/#breadcrumb\"},\"inLanguage\":\"ja\",\"potentialAction\":[{\"@type\":\"ReadAction\",\"target\":[\"https:\\\/\\\/mountainguides.pro\\\/ar\\\/tours\\\/adventure\\\/ethiopia\\\/\"]}]},{\"@type\":\"ImageObject\",\"inLanguage\":\"ja\",\"@id\":\"https:\\\/\\\/mountainguides.pro\\\/ar\\\/tours\\\/adventure\\\/ethiopia\\\/#primaryimage\",\"url\":\"https:\\\/\\\/mountainguides.pro\\\/wp-content\\\/uploads\\\/2024\\\/12\\\/tur-efiopiya-dolina-omo.jpeg\",\"contentUrl\":\"https:\\\/\\\/mountainguides.pro\\\/wp-content\\\/uploads\\\/2024\\\/12\\\/tur-efiopiya-dolina-omo.jpeg\",\"width\":1800,\"height\":1350},{\"@type\":\"BreadcrumbList\",\"@id\":\"https:\\\/\\\/mountainguides.pro\\\/ar\\\/tours\\\/adventure\\\/ethiopia\\\/#breadcrumb\",\"itemListElement\":[{\"@type\":\"ListItem\",\"position\":1,\"name\":\"Home\",\"item\":\"https:\\\/\\\/mountainguides.pro\\\/de\\\/\"},{\"@type\":\"ListItem\",\"position\":2,\"name\":\"\u062c\u0648\u0644\u0629 \u0625\u062b\u064a\u0648\u0628\u064a\u0627: \u0627\u0644\u0645\u0646\u0627\u0638\u0631 \u0627\u0644\u0637\u0628\u064a\u0639\u064a\u0629 \u0627\u0644\u0643\u0648\u0646\u064a\u0629 \u0648\u0642\u0628\u0627\u0626\u0644 \u0648\u0627\u062f\u064a \u0623\u0648\u0645\u0648\"}]},{\"@type\":\"WebSite\",\"@id\":\"https:\\\/\\\/mountainguides.pro\\\/#website\",\"url\":\"https:\\\/\\\/mountainguides.pro\\\/\",\"name\":\"Mountain Guide\",\"description\":\"We aspire to be the first in everything!\",\"publisher\":{\"@id\":\"https:\\\/\\\/mountainguides.pro\\\/#organization\"},\"potentialAction\":[{\"@type\":\"SearchAction\",\"target\":{\"@type\":\"EntryPoint\",\"urlTemplate\":\"https:\\\/\\\/mountainguides.pro\\\/?s={search_term_string}\"},\"query-input\":{\"@type\":\"PropertyValueSpecification\",\"valueRequired\":true,\"valueName\":\"search_term_string\"}}],\"inLanguage\":\"ja\"},{\"@type\":\"Organization\",\"@id\":\"https:\\\/\\\/mountainguides.pro\\\/#organization\",\"name\":\"Mountain Guide\",\"url\":\"https:\\\/\\\/mountainguides.pro\\\/\",\"logo\":{\"@type\":\"ImageObject\",\"inLanguage\":\"ja\",\"@id\":\"https:\\\/\\\/mountainguides.pro\\\/#\\\/schema\\\/logo\\\/image\\\/\",\"url\":\"https:\\\/\\\/mountainguides.pro\\\/wp-content\\\/uploads\\\/2018\\\/01\\\/mglogo.jpg\",\"contentUrl\":\"https:\\\/\\\/mountainguides.pro\\\/wp-content\\\/uploads\\\/2018\\\/01\\\/mglogo.jpg\",\"width\":1200,\"height\":630,\"caption\":\"Mountain Guide\"},\"image\":{\"@id\":\"https:\\\/\\\/mountainguides.pro\\\/#\\\/schema\\\/logo\\\/image\\\/\"},\"sameAs\":[\"https:\\\/\\\/www.facebook.com\\\/Mountainguide-232956566756831\\\/\",\"https:\\\/\\\/x.com\\\/Wintercyclone\",\"http:\\\/\\\/instagram.com\\\/mountainguide\",\"http:\\\/\\\/www.youtube.com\\\/mountainguide\"]}]}<\/script>\n<!-- \/ Yoast SEO Premium plugin. -->","yoast_head_json":{"title":"Adventure Ethiopia","robots":{"index":"index","follow":"follow","max-snippet":"max-snippet:-1","max-image-preview":"max-image-preview:large","max-video-preview":"max-video-preview:-1"},"canonical":"https:\/\/mountainguides.pro\/ja\/tours\/adventure\/ethiopia\/","og_locale":"en_US","og_type":"article","og_title":"[:en]Ethiopia[:de]Tour nach \u00c4thiopien: kosmische Landschaften und die St\u00e4mme des Omo-Tals[:es]Tour a Etiop\u00eda: paisajes espaciales y tribus del valle de Omo[:pt]Excurs\u00e3o \u00e0 Eti\u00f3pia: paisagens espaciais e tribos do Vale do Omo[:zh]\u57c3\u585e\u4fc4\u6bd4\u4e9a\u4e4b\u65c5\uff1a\u5b87\u5b99\u666f\u89c2\u548c\u5965\u83ab\u5c71\u8c37\u90e8\u843d[:ko]\uc5d0\ud2f0\uc624\ud53c\uc544 \ud22c\uc5b4:\uc6b0\uc8fc \ud48d\uacbd\uacfc \uc624\ubaa8 \uacc4\uace1 \ubd80\uc871[:ja]\u30a8\u30c1\u30aa\u30d4\u30a2\u30c4\u30a2\u30fc\uff1a\u5b87\u5b99\u306e\u98a8\u666f\u3068\u30aa\u30e2\u6e13\u8c37\u306e\u90e8\u65cf[:hi]\u0907\u0925\u093f\u092f\u094b\u092a\u093f\u092f\u093e \u091f\u0942\u0930: \u0915\u0949\u0938\u094d\u092e\u093f\u0915 \u0932\u0948\u0902\u0921\u0938\u094d\u0915\u0947\u092a \u0914\u0930 \u0913\u092e\u094b \u0935\u0948\u0932\u0940 \u091f\u094d\u0930\u093e\u0907\u092c\u094d\u0938[:ar]\u062c\u0648\u0644\u0629 \u0625\u062b\u064a\u0648\u0628\u064a\u0627: \u0627\u0644\u0645\u0646\u0627\u0638\u0631 \u0627\u0644\u0637\u0628\u064a\u0639\u064a\u0629 \u0627\u0644\u0643\u0648\u0646\u064a\u0629 \u0648\u0642\u0628\u0627\u0626\u0644 \u0648\u0627\u062f\u064a \u0623\u0648\u0645\u0648[:]","og_description":"\u30a8\u30c1\u30aa\u30d4\u30a2\u6700\u53e4\u306e\u90e8\u65cf\uff1a\u30c9\u30eb\u30bc\u3001\u30b3\u30f3\u30bd\u3001\u30cf\u30e1\u30eb\u3001\u30ab\u30ed\u3001\u30c0\u30bb\u30cd\u30c1\u3001\u30a2\u30eb\u30dc\u30ec\u3001\u30a2\u30ea\u3001\u30e0\u30eb\u30b7  \u4f55\u4e16\u7d00\u306b\u3082\u308f\u305f\u308a\u53d7\u3051\u7d99\u304c\u308c\u3066\u304d\u305f\u4f1d\u7d71\u3068\u30e6\u30cb\u30fc\u30af\u306a\u5100\u5f0f  \u5feb\u9069\u306a\u65c5\u7a0b\u7ba1\u7406 \u2015 \u73fe\u5730\u306e\u4eba\u3005\u3068\u5e0c\u671b\u3059\u308b\u5341\u5206\u306a\u6642\u9593\u3092\u304b\u3051\u3066\u4ea4\u6d41  \u30b4\u30fc\u30b9\u30c8\u30bf\u30a6\u30f3\u30fb\u30c0\u30ed\u30eb\u8a2a\u554f\u3068\u3001\u751f\u547d\u306e\u6c17\u914d\u306e\u306a\u3044\u30a2\u30d5\u30a1\u30fc\u30eb\u4f4e\u5730\u306e\u771f\u3093\u4e2d\u3067\u306e\u30ad\u30e3\u30f3\u30d7\u6cca  \u5869\u306e\u5e73\u539f\u3068\u5869\u6e56\u30ab\u30eb\u30e0\u3067\u306e\u904a\u6cf3  \u30c0\u30ca\u30ad\u30eb\u4f4e\u5730\u306e\u7570\u4e16\u754c\u7684\u306a\u666f\u89b3\u3001\u706b\u5c71\u306e\u4e0b\u306b\u3042\u308b\u6d1e\u7a9f\u3067\u306e\u30d4\u30af\u30cb\u30c3\u30af\u3001\u305d\u3057\u3066\u81f4\u6b7b\u7684\u306a\u9178\u6027\u306e\u6c60  \u4e8c\u3064\u306e\u6eb6\u5ca9\u6e56\u3068\u6cb8\u304d\u7acb\u3064\u6eb6\u5ca9\u3001\u708e\u306e\u5674\u6c34\u3092\u6301\u3064\u552f\u4e00\u7121\u4e8c\u306e\u6d3b\u706b\u5c71\u30a8\u30eb\u30c8\u30fb\u30a2\u30ec\u5c71\u3078\u306e\u767b\u9802  \u5869\u6e56\u30a2\u30d5\u30c7\u30e9\u3068\u3001\u30a8\u30c1\u30aa\u30d4\u30a2\u306e\u767d\u3044\u9ec4\u91d1\uff08\u5869\uff09\u306e\u63a1\u6398\u4f53\u9a13  \u203b\u3054\u6ce8\u610f\u304f\u3060\u3055\u3044\u3002\u5f53\u793e\u306f\u822a\u7a7a\u5238\u306e\u8cfc\u5165\u30fb\u8ca9\u58f2\u304a\u3088\u3073\u30d3\u30b6\u53d6\u5f97\u696d\u52d9\u3092\u884c\u3063\u3066\u304a\u308a\u307e\u305b\u3093\u3002\u305d\u306e\u305f\u3081\u3001\u822a\u7a7a\u4fbf\u3084\u56fd\u5883\u901a\u904e\u306b\u95a2\u9023\u3059\u308b\u4e0d\u53ef\u6297\u529b\u306e\u4e8b\u614b\u306b\u3064\u3044\u3066\u306f\u8cac\u4efb\u3092\u8ca0\u3044\u304b\u306d\u307e\u3059\u3002 \u91cd\u8981\u306a\u60c5\u5831\uff1a    \u30c1\u30a7\u30c3\u30af\u30a4\u30f3\u304a\u3088\u3073\u30c1\u30a7\u30c3\u30af\u30a2\u30a6\u30c8\u6642\u9593\u306f\u30db\u30c6\u30eb\u306e\u898f\u5b9a\u306b\u5f93\u3044\u307e\u3059\uff1a\u30c1\u30a7\u30c3\u30af\u30a4\u30f3\u306f15\u6642\u4ee5\u964d\u3001\u30c1\u30a7\u30c3\u30af\u30a2\u30a6\u30c8\u306f11\uff5e12\u6642\u307e\u3067\u3067\u3059\u3002\u8377\u7269\u306f\u30db\u30c6\u30eb\u306e\u30d5\u30ed\u30f3\u30c8\u306b\u9810\u3051\u3066\u5e02\u5185\u6563\u7b56\u304c\u53ef\u80fd\u3067\u3059\u3002\u307e\u305f\u3001\u7a7a\u304d\u72b6\u6cc1\u3068\u6280\u8853\u7684\u306b\u53ef\u80fd\u306a\u5834\u5408\u306f\u3001\u8ffd\u52a0\u6599\u91d1\u306b\u3066\u30a2\u30fc\u30ea\u30fc\u30c1\u30a7\u30c3\u30af\u30a4\u30f3\uff0f\u30ec\u30a4\u30c8\u30c1\u30a7\u30c3\u30af\u30a2\u30a6\u30c8\u304c\u5229\u7528\u3067\u304d\u307e\u3059\u3002  \u30a8\u30c1\u30aa\u30d4\u30a2\u3067\u306f\u3001\u5c11\u984d\u7d19\u5e63\u3084\u640d\u50b7\u306e\u3042\u308b\u7c73\u30c9\u30eb\u7d19\u5e63\u3001\u307e\u305f2009\u5e74\u4ee5\u524d\u306b\u767a\u884c\u3055\u308c\u305f\u65e7\u672d\u306e\u4e21\u66ff\u306b\u554f\u984c\u304c\u751f\u3058\u308b\u3053\u3068\u304c\u3042\u308a\u307e\u3059\u306e\u3067\u3054\u6ce8\u610f\u304f\u3060\u3055\u3044\u3002\u5834\u6240\u306b\u3088\u3063\u3066\u306f\u8ffd\u52a0\u624b\u6570\u6599\u304c\u767a\u751f\u3057\u305f\u308a\u3001\u4e21\u66ff\u3092\u65ad\u3089\u308c\u308b\u5834\u5408\u304c\u3042\u308a\u307e\u3059\u3002","og_url":"https:\/\/mountainguides.pro\/ja\/tours\/adventure\/ethiopia\/","og_site_name":"Mountain Guide","article_publisher":"https:\/\/www.facebook.com\/Mountainguide-232956566756831\/","article_modified_time":"2026-01-29T11:47:26+00:00","og_image":[{"width":1800,"height":1350,"url":"https:\/\/mountainguides.pro\/wp-content\/uploads\/2024\/12\/tur-efiopiya-dolina-omo.jpeg","type":"image\/jpeg"}],"twitter_card":"summary_large_image","twitter_site":"@Wintercyclone","twitter_misc":{"Est. reading time":"1 minute"},"schema":{"@context":"https:\/\/schema.org","@graph":[{"@type":"WebPage","@id":"https:\/\/mountainguides.pro\/ar\/tours\/adventure\/ethiopia\/","url":"https:\/\/mountainguides.pro\/ar\/tours\/adventure\/ethiopia\/","name":"Adventure Ethiopia","isPartOf":{"@id":"https:\/\/mountainguides.pro\/#website"},"primaryImageOfPage":{"@id":"https:\/\/mountainguides.pro\/ar\/tours\/adventure\/ethiopia\/#primaryimage"},"image":{"@id":"https:\/\/mountainguides.pro\/ar\/tours\/adventure\/ethiopia\/#primaryimage"},"thumbnailUrl":"https:\/\/mountainguides.pro\/wp-content\/uploads\/2024\/12\/tur-efiopiya-dolina-omo.jpeg","datePublished":"2024-12-28T11:52:23+00:00","dateModified":"2026-01-29T11:47:26+00:00","breadcrumb":{"@id":"https:\/\/mountainguides.pro\/ar\/tours\/adventure\/ethiopia\/#breadcrumb"},"inLanguage":"ja","potentialAction":[{"@type":"ReadAction","target":["https:\/\/mountainguides.pro\/ar\/tours\/adventure\/ethiopia\/"]}]},{"@type":"ImageObject","inLanguage":"ja","@id":"https:\/\/mountainguides.pro\/ar\/tours\/adventure\/ethiopia\/#primaryimage","url":"https:\/\/mountainguides.pro\/wp-content\/uploads\/2024\/12\/tur-efiopiya-dolina-omo.jpeg","contentUrl":"https:\/\/mountainguides.pro\/wp-content\/uploads\/2024\/12\/tur-efiopiya-dolina-omo.jpeg","width":1800,"height":1350},{"@type":"BreadcrumbList","@id":"https:\/\/mountainguides.pro\/ar\/tours\/adventure\/ethiopia\/#breadcrumb","itemListElement":[{"@type":"ListItem","position":1,"name":"Home","item":"https:\/\/mountainguides.pro\/de\/"},{"@type":"ListItem","position":2,"name":"\u062c\u0648\u0644\u0629 \u0625\u062b\u064a\u0648\u0628\u064a\u0627: \u0627\u0644\u0645\u0646\u0627\u0638\u0631 \u0627\u0644\u0637\u0628\u064a\u0639\u064a\u0629 \u0627\u0644\u0643\u0648\u0646\u064a\u0629 \u0648\u0642\u0628\u0627\u0626\u0644 \u0648\u0627\u062f\u064a \u0623\u0648\u0645\u0648"}]},{"@type":"WebSite","@id":"https:\/\/mountainguides.pro\/#website","url":"https:\/\/mountainguides.pro\/","name":"Mountain Guide","description":"We aspire to be the first in everything!","publisher":{"@id":"https:\/\/mountainguides.pro\/#organization"},"potentialAction":[{"@type":"SearchAction","target":{"@type":"EntryPoint","urlTemplate":"https:\/\/mountainguides.pro\/?s={search_term_string}"},"query-input":{"@type":"PropertyValueSpecification","valueRequired":true,"valueName":"search_term_string"}}],"inLanguage":"ja"},{"@type":"Organization","@id":"https:\/\/mountainguides.pro\/#organization","name":"Mountain Guide","url":"https:\/\/mountainguides.pro\/","logo":{"@type":"ImageObject","inLanguage":"ja","@id":"https:\/\/mountainguides.pro\/#\/schema\/logo\/image\/","url":"https:\/\/mountainguides.pro\/wp-content\/uploads\/2018\/01\/mglogo.jpg","contentUrl":"https:\/\/mountainguides.pro\/wp-content\/uploads\/2018\/01\/mglogo.jpg","width":1200,"height":630,"caption":"Mountain Guide"},"image":{"@id":"https:\/\/mountainguides.pro\/#\/schema\/logo\/image\/"},"sameAs":["https:\/\/www.facebook.com\/Mountainguide-232956566756831\/","https:\/\/x.com\/Wintercyclone","http:\/\/instagram.com\/mountainguide","http:\/\/www.youtube.com\/mountainguide"]}]}},"_links":{"self":[{"href":"https:\/\/mountainguides.pro\/ja\/wp-json\/wp\/v2\/product\/19559","targetHints":{"allow":["GET"]}}],"collection":[{"href":"https:\/\/mountainguides.pro\/ja\/wp-json\/wp\/v2\/product"}],"about":[{"href":"https:\/\/mountainguides.pro\/ja\/wp-json\/wp\/v2\/types\/product"}],"replies":[{"embeddable":true,"href":"https:\/\/mountainguides.pro\/ja\/wp-json\/wp\/v2\/comments?post=19559"}],"version-history":[{"count":12,"href":"https:\/\/mountainguides.pro\/ja\/wp-json\/wp\/v2\/product\/19559\/revisions"}],"predecessor-version":[{"id":32678,"href":"https:\/\/mountainguides.pro\/ja\/wp-json\/wp\/v2\/product\/19559\/revisions\/32678"}],"wp:featuredmedia":[{"embeddable":true,"href":"https:\/\/mountainguides.pro\/ja\/wp-json\/wp\/v2\/media\/21457"}],"wp:attachment":[{"href":"https:\/\/mountainguides.pro\/ja\/wp-json\/wp\/v2\/media?parent=19559"}],"wp:term":[{"taxonomy":"product_cat","embeddable":true,"href":"https:\/\/mountainguides.pro\/ja\/wp-json\/wp\/v2\/product_cat?post=19559"},{"taxonomy":"product_tag","embeddable":true,"href":"https:\/\/mountainguides.pro\/ja\/wp-json\/wp\/v2\/product_tag?post=19559"}],"curies":[{"name":"wp","href":"https:\/\/api.w.org\/{rel}","templated":true}]}}