{"id":19672,"date":"2023-10-17T12:00:40","date_gmt":"2023-10-17T09:00:40","guid":{"rendered":"https:\/\/mountainguides.pro\/?post_type=product&#038;p=19672"},"modified":"2026-04-06T17:21:31","modified_gmt":"2026-04-06T14:21:31","slug":"bhutan-the-tour-of-dragon-trails-druk-path-trek","status":"publish","type":"product","link":"https:\/\/mountainguides.pro\/ja\/tours\/trekking\/bhutan-the-tour-of-dragon-trails-druk-path-trek\/","title":{"rendered":"\u30d6\u30fc\u30bf\u30f3\u30c4\u30a2\u30fc\uff1a\u30c9\u30e9\u30b4\u30f3\u30c8\u30ec\u30a4\u30eb"},"content":{"rendered":"","protected":false},"excerpt":{"rendered":"<ul>\n<li class=\"p1\">\u4e16\u754c\u3067\u3082\u6700\u3082\u9589\u3056\u3055\u308c\u305f\u56fd\u306e\u3072\u3068\u3064\u3067\u3001\u56fd\u306e\u8c4a\u304b\u3055\u3092\u4eba\u3005\u306e\u300c\u5e78\u798f\u5ea6\u300d\u3067\u6e2c\u308b\u56fd\u3092\u5de1\u308b\u30c8\u30ec\u30c3\u30ad\u30f3\u30b0\u3002<\/li>\n<li class=\"p1\">\u65ad\u5d16\u306b\u6d6e\u304b\u3093\u3067\u3044\u308b\u304b\u306e\u3088\u3046\u306a\u5e7b\u60f3\u7684\u306a\u50e7\u9662\u300c\u864e\u306e\u5de3\uff08\u30bf\u30af\u30c4\u30a1\u30f3\u50e7\u9662\uff09\u300d\u3002<\/li>\n<li class=\"p1\">\u4e16\u754c\u6700\u9ad8\u306e\u672a\u8e0f\u5cf0\u30ab\u30f3\u30ab\u30eb\u30fb\u30d7\u30f3\u30b9\u30e0\u3092\u671b\u3080\u666f\u89b3\u3002<\/li>\n<li class=\"p1\">\u4f1d\u8aac\u306b\u5305\u307e\u308c\u305f\u53e4\u4ee3\u4ecf\u6559\u5bfa\u9662\u3068\u540d\u9ad8\u3044\u30be\u30f3\uff08\u8981\u585e\u50e7\u9662\uff09\u3002<\/li>\n<li class=\"p1\">\u30de\u30b9\u304c\u6cf3\u3050\u3001\u6f84\u307f\u5207\u3063\u305f\u9ad8\u5c71\u6e56\u3002<\/li>\n<li class=\"p1\">\u30e2\u30c6\u30a3\u30bf\u30f3\u81ea\u7136\u4fdd\u8b77\u533a\u3067\u51fa\u4f1a\u3046\u81ea\u7136\u306e\u307e\u307e\u306e\u30bf\u30fc\u30ad\u30f3\u3002<\/li>\n<li class=\"p1\">\u4e16\u754c\u3067\u6700\u3082\u6a19\u9ad8\u306e\u9ad8\u3044\u5de8\u5927\u306a\u4ecf\u9640\u50cf\u3002<\/li>\n<li class=\"p1\">\u30d2\u30de\u30e9\u30e4\u5c71\u8108\u306e\u6bd4\u8f03\u7684\u30a2\u30af\u30bb\u30b9\u3057\u3084\u3059\u3044\u659c\u9762\u3092\u9032\u3080\u3001\u9069\u5ea6\u306a\u96e3\u6613\u5ea6\u306e\u30eb\u30fc\u30c8\u3002<\/li>\n<\/ul>\n<p class=\"p1\"><strong>\u5f53\u793e\u306f\u822a\u7a7a\u5238\u306e\u8cfc\u5165\u30fb\u8ca9\u58f2\u304a\u3088\u3073\u30d3\u30b6\u53d6\u5f97\u696d\u52d9\u3092\u884c\u3063\u3066\u304a\u308a\u307e\u305b\u3093\u3002\u305d\u306e\u305f\u3081\u3001\u30d5\u30e9\u30a4\u30c8\u3084\u56fd\u5883\u901a\u904e\u306b\u95a2\u9023\u3059\u308b\u4e0d\u53ef\u6297\u529b\uff08\u30d5\u30a9\u30fc\u30b9\u30de\u30b8\u30e5\u30fc\u30eb\uff09\u306b\u3064\u3044\u3066\u306f\u8cac\u4efb\u3092\u8ca0\u3044\u304b\u306d\u307e\u3059\u306e\u3067\u3001\u3042\u3089\u304b\u3058\u3081\u3054\u4e86\u627f\u304f\u3060\u3055\u3044\u3002<\/strong><\/p>\n<p class=\"p1\"><strong>\u91cd\u8981\u306a\u3054\u6848\u5185\u3002<\/strong><\/p>\n<ul>\n<li class=\"p1\">\u30db\u30c6\u30eb\u306e\u30c1\u30a7\u30c3\u30af\u30a4\u30f3\uff0f\u30c1\u30a7\u30c3\u30af\u30a2\u30a6\u30c8\u6642\u9593\u306f\u5404\u30db\u30c6\u30eb\u306e\u898f\u5b9a\u306b\u5f93\u3044\u307e\u3059\u3002\u30c1\u30a7\u30c3\u30af\u30a4\u30f3\u306f15:00\u4ee5\u964d\u3001\u30c1\u30a7\u30c3\u30af\u30a2\u30a6\u30c8\u306f11:00\uff5e12:00\u307e\u3067\u3068\u306a\u308a\u307e\u3059\u3002\u8377\u7269\u306f\u30d5\u30ed\u30f3\u30c8\u306b\u9810\u3051\u3066\u5e02\u5185\u6563\u7b56\u304c\u53ef\u80fd\u3067\u3059\u3002\u307e\u305f\u3001\u7a7a\u304d\u72b6\u6cc1\u306b\u3088\u308a\u3001\u8ffd\u52a0\u6599\u91d1\u3067\u30a2\u30fc\u30ea\u30fc\u30c1\u30a7\u30c3\u30af\u30a4\u30f3\uff0f\u30ec\u30a4\u30c8\u30c1\u30a7\u30c3\u30af\u30a2\u30a6\u30c8\u304c\u53ef\u80fd\u306a\u5834\u5408\u304c\u3042\u308a\u307e\u3059\u3002<\/li>\n<li class=\"p1\">\u30d6\u30fc\u30bf\u30f3\u3067\u306f\u3001\u5c0f\u984d\u7d19\u5e63\u3084\u6c5a\u640d\u3057\u305f\u7c73\u30c9\u30eb\u7d19\u5e63\u3001\u307e\u305f2009\u5e74\u4ee5\u524d\u306b\u767a\u884c\u3055\u308c\u305f\u53e4\u3044\u7c73\u30c9\u30eb\u7d19\u5e63\u306e\u4e21\u66ff\u304c\u96e3\u3057\u3044\u5834\u5408\u304c\u3042\u308a\u307e\u3059\u3002\u5834\u6240\u306b\u3088\u3063\u3066\u306f\u8ffd\u52a0\u624b\u6570\u6599\u304c\u767a\u751f\u3057\u305f\u308a\u3001\u4e21\u66ff\u3092\u65ad\u3089\u308c\u308b\u3053\u3068\u304c\u3042\u308a\u307e\u3059\u306e\u3067\u3054\u6ce8\u610f\u304f\u3060\u3055\u3044\u3002<\/li>\n<li class=\"p1\">\u5c11\u4eba\u6570\u30b0\u30eb\u30fc\u30d7\u5411\u3051\u306b\u3001\u73fe\u5730\u82f1\u8a9e\u30ac\u30a4\u30c9\u540c\u884c\u3067\u306e\u30c4\u30a2\u30fc\u5b9f\u65bd\u3082\u53ef\u80fd\u3067\u3059\u3002\u8a73\u7d30\u306b\u3064\u3044\u3066\u306f\u3001\u304a\u6c17\u8efd\u306b\u304a\u554f\u3044\u5408\u308f\u305b\u304f\u3060\u3055\u3044\u3002<\/li>\n<\/ul>\n","protected":false},"featured_media":19675,"comment_status":"closed","ping_status":"closed","template":"","meta":{"_acf_changed":false,"footnotes":""},"product_cat":[337,321],"product_tag":[],"class_list":{"0":"post-19672","1":"product","2":"type-product","3":"status-publish","4":"has-post-thumbnail","6":"product_cat-adventure","7":"product_cat-trekking","9":"first","10":"instock","11":"shipping-taxable","12":"purchasable","13":"product-type-simple"},"acf":[],"yoast_head":"<!-- This site is optimized with the Yoast SEO Premium plugin v26.5 (Yoast SEO v27.3) - https:\/\/yoast.com\/product\/yoast-seo-premium-wordpress\/ -->\n<title>Trekking Bhutan<\/title>\n<meta name=\"robots\" content=\"index, follow, max-snippet:-1, max-image-preview:large, max-video-preview:-1\" \/>\n<link rel=\"canonical\" href=\"https:\/\/mountainguides.pro\/ja\/tours\/trekking\/bhutan-the-tour-of-dragon-trails-druk-path-trek\/\" \/>\n<meta property=\"og:locale\" content=\"en_US\" \/>\n<meta property=\"og:locale:alternate\" content=\"en_US\" \/>\n<meta property=\"og:locale:alternate\" content=\"ru_RU\" \/>\n<meta property=\"og:locale:alternate\" content=\"de\" \/>\n<meta property=\"og:locale:alternate\" content=\"es\" \/>\n<meta property=\"og:locale:alternate\" content=\"pt\" \/>\n<meta property=\"og:locale:alternate\" content=\"zh\" \/>\n<meta property=\"og:locale:alternate\" content=\"ko\" \/>\n<meta property=\"og:locale:alternate\" content=\"hi\" \/>\n<meta property=\"og:locale:alternate\" content=\"ar\" \/>\n<meta property=\"og:type\" content=\"article\" \/>\n<meta property=\"og:title\" content=\"\u30d6\u30fc\u30bf\u30f3\u30c4\u30a2\u30fc\uff1a\u30c9\u30e9\u30b4\u30f3\u30c8\u30ec\u30a4\u30eb\" \/>\n<meta property=\"og:description\" content=\"\u4e16\u754c\u3067\u3082\u6700\u3082\u9589\u3056\u3055\u308c\u305f\u56fd\u306e\u3072\u3068\u3064\u3067\u3001\u56fd\u306e\u8c4a\u304b\u3055\u3092\u4eba\u3005\u306e\u300c\u5e78\u798f\u5ea6\u300d\u3067\u6e2c\u308b\u56fd\u3092\u5de1\u308b\u30c8\u30ec\u30c3\u30ad\u30f3\u30b0\u3002  \u65ad\u5d16\u306b\u6d6e\u304b\u3093\u3067\u3044\u308b\u304b\u306e\u3088\u3046\u306a\u5e7b\u60f3\u7684\u306a\u50e7\u9662\u300c\u864e\u306e\u5de3\uff08\u30bf\u30af\u30c4\u30a1\u30f3\u50e7\u9662\uff09\u300d\u3002  \u4e16\u754c\u6700\u9ad8\u306e\u672a\u8e0f\u5cf0\u30ab\u30f3\u30ab\u30eb\u30fb\u30d7\u30f3\u30b9\u30e0\u3092\u671b\u3080\u666f\u89b3\u3002  \u4f1d\u8aac\u306b\u5305\u307e\u308c\u305f\u53e4\u4ee3\u4ecf\u6559\u5bfa\u9662\u3068\u540d\u9ad8\u3044\u30be\u30f3\uff08\u8981\u585e\u50e7\u9662\uff09\u3002  \u30de\u30b9\u304c\u6cf3\u3050\u3001\u6f84\u307f\u5207\u3063\u305f\u9ad8\u5c71\u6e56\u3002  \u30e2\u30c6\u30a3\u30bf\u30f3\u81ea\u7136\u4fdd\u8b77\u533a\u3067\u51fa\u4f1a\u3046\u81ea\u7136\u306e\u307e\u307e\u306e\u30bf\u30fc\u30ad\u30f3\u3002  \u4e16\u754c\u3067\u6700\u3082\u6a19\u9ad8\u306e\u9ad8\u3044\u5de8\u5927\u306a\u4ecf\u9640\u50cf\u3002  \u30d2\u30de\u30e9\u30e4\u5c71\u8108\u306e\u6bd4\u8f03\u7684\u30a2\u30af\u30bb\u30b9\u3057\u3084\u3059\u3044\u659c\u9762\u3092\u9032\u3080\u3001\u9069\u5ea6\u306a\u96e3\u6613\u5ea6\u306e\u30eb\u30fc\u30c8\u3002  \u5f53\u793e\u306f\u822a\u7a7a\u5238\u306e\u8cfc\u5165\u30fb\u8ca9\u58f2\u304a\u3088\u3073\u30d3\u30b6\u53d6\u5f97\u696d\u52d9\u3092\u884c\u3063\u3066\u304a\u308a\u307e\u305b\u3093\u3002\u305d\u306e\u305f\u3081\u3001\u30d5\u30e9\u30a4\u30c8\u3084\u56fd\u5883\u901a\u904e\u306b\u95a2\u9023\u3059\u308b\u4e0d\u53ef\u6297\u529b\uff08\u30d5\u30a9\u30fc\u30b9\u30de\u30b8\u30e5\u30fc\u30eb\uff09\u306b\u3064\u3044\u3066\u306f\u8cac\u4efb\u3092\u8ca0\u3044\u304b\u306d\u307e\u3059\u306e\u3067\u3001\u3042\u3089\u304b\u3058\u3081\u3054\u4e86\u627f\u304f\u3060\u3055\u3044\u3002 \u91cd\u8981\u306a\u3054\u6848\u5185\u3002    \u30db\u30c6\u30eb\u306e\u30c1\u30a7\u30c3\u30af\u30a4\u30f3\uff0f\u30c1\u30a7\u30c3\u30af\u30a2\u30a6\u30c8\u6642\u9593\u306f\u5404\u30db\u30c6\u30eb\u306e\u898f\u5b9a\u306b\u5f93\u3044\u307e\u3059\u3002\u30c1\u30a7\u30c3\u30af\u30a4\u30f3\u306f15:00\u4ee5\u964d\u3001\u30c1\u30a7\u30c3\u30af\u30a2\u30a6\u30c8\u306f11:00\uff5e12:00\u307e\u3067\u3068\u306a\u308a\u307e\u3059\u3002\u8377\u7269\u306f\u30d5\u30ed\u30f3\u30c8\u306b\u9810\u3051\u3066\u5e02\u5185\u6563\u7b56\u304c\u53ef\u80fd\u3067\u3059\u3002\u307e\u305f\u3001\u7a7a\u304d\u72b6\u6cc1\u306b\u3088\u308a\u3001\u8ffd\u52a0\u6599\u91d1\u3067\u30a2\u30fc\u30ea\u30fc\u30c1\u30a7\u30c3\u30af\u30a4\u30f3\uff0f\u30ec\u30a4\u30c8\u30c1\u30a7\u30c3\u30af\u30a2\u30a6\u30c8\u304c\u53ef\u80fd\u306a\u5834\u5408\u304c\u3042\u308a\u307e\u3059\u3002  \u30d6\u30fc\u30bf\u30f3\u3067\u306f\u3001\u5c0f\u984d\u7d19\u5e63\u3084\u6c5a\u640d\u3057\u305f\u7c73\u30c9\u30eb\u7d19\u5e63\u3001\u307e\u305f2009\u5e74\u4ee5\u524d\u306b\u767a\u884c\u3055\u308c\u305f\u53e4\u3044\u7c73\u30c9\u30eb\u7d19\u5e63\u306e\u4e21\u66ff\u304c\u96e3\u3057\u3044\u5834\u5408\u304c\u3042\u308a\u307e\u3059\u3002\u5834\u6240\u306b\u3088\u3063\u3066\u306f\u8ffd\u52a0\u624b\u6570\u6599\u304c\u767a\u751f\u3057\u305f\u308a\u3001\u4e21\u66ff\u3092\u65ad\u3089\u308c\u308b\u3053\u3068\u304c\u3042\u308a\u307e\u3059\u306e\u3067\u3054\u6ce8\u610f\u304f\u3060\u3055\u3044\u3002  \u5c11\u4eba\u6570\u30b0\u30eb\u30fc\u30d7\u5411\u3051\u306b\u3001\u73fe\u5730\u82f1\u8a9e\u30ac\u30a4\u30c9\u540c\u884c\u3067\u306e\u30c4\u30a2\u30fc\u5b9f\u65bd\u3082\u53ef\u80fd\u3067\u3059\u3002\u8a73\u7d30\u306b\u3064\u3044\u3066\u306f\u3001\u304a\u6c17\u8efd\u306b\u304a\u554f\u3044\u5408\u308f\u305b\u304f\u3060\u3055\u3044\u3002\" \/>\n<meta property=\"og:url\" content=\"https:\/\/mountainguides.pro\/ja\/tours\/trekking\/bhutan-the-tour-of-dragon-trails-druk-path-trek\/\" \/>\n<meta property=\"og:site_name\" content=\"Mountain Guide\" \/>\n<meta property=\"article:publisher\" content=\"https:\/\/www.facebook.com\/Mountainguide-232956566756831\/\" \/>\n<meta property=\"article:modified_time\" content=\"2026-04-06T14:21:31+00:00\" \/>\n<meta property=\"og:image\" content=\"https:\/\/mountainguides.pro\/wp-content\/uploads\/2023\/10\/Bhutan-11.jpg\" \/>\n\t<meta property=\"og:image:width\" content=\"2023\" \/>\n\t<meta property=\"og:image:height\" content=\"1200\" \/>\n\t<meta property=\"og:image:type\" content=\"image\/jpeg\" \/>\n<meta name=\"twitter:card\" content=\"summary_large_image\" \/>\n<meta name=\"twitter:site\" content=\"@Wintercyclone\" \/>\n<meta name=\"twitter:label1\" content=\"Est. reading time\" \/>\n\t<meta name=\"twitter:data1\" content=\"1 minute\" \/>\n<script type=\"application\/ld+json\" class=\"yoast-schema-graph\">{\"@context\":\"https:\\\/\\\/schema.org\",\"@graph\":[{\"@type\":\"WebPage\",\"@id\":\"https:\\\/\\\/mountainguides.pro\\\/tours\\\/trekking\\\/bhutan-the-tour-of-dragon-trails-druk-path-trek\\\/\",\"url\":\"https:\\\/\\\/mountainguides.pro\\\/tours\\\/trekking\\\/bhutan-the-tour-of-dragon-trails-druk-path-trek\\\/\",\"name\":\"Trekking Bhutan\",\"isPartOf\":{\"@id\":\"https:\\\/\\\/mountainguides.pro\\\/#website\"},\"primaryImageOfPage\":{\"@id\":\"https:\\\/\\\/mountainguides.pro\\\/tours\\\/trekking\\\/bhutan-the-tour-of-dragon-trails-druk-path-trek\\\/#primaryimage\"},\"image\":{\"@id\":\"https:\\\/\\\/mountainguides.pro\\\/tours\\\/trekking\\\/bhutan-the-tour-of-dragon-trails-druk-path-trek\\\/#primaryimage\"},\"thumbnailUrl\":\"https:\\\/\\\/mountainguides.pro\\\/wp-content\\\/uploads\\\/2023\\\/10\\\/Bhutan-11.jpg\",\"datePublished\":\"2023-10-17T09:00:40+00:00\",\"dateModified\":\"2026-04-06T14:21:31+00:00\",\"breadcrumb\":{\"@id\":\"https:\\\/\\\/mountainguides.pro\\\/tours\\\/trekking\\\/bhutan-the-tour-of-dragon-trails-druk-path-trek\\\/#breadcrumb\"},\"inLanguage\":\"ja\",\"potentialAction\":[{\"@type\":\"ReadAction\",\"target\":[\"https:\\\/\\\/mountainguides.pro\\\/tours\\\/trekking\\\/bhutan-the-tour-of-dragon-trails-druk-path-trek\\\/\"]}]},{\"@type\":\"ImageObject\",\"inLanguage\":\"ja\",\"@id\":\"https:\\\/\\\/mountainguides.pro\\\/tours\\\/trekking\\\/bhutan-the-tour-of-dragon-trails-druk-path-trek\\\/#primaryimage\",\"url\":\"https:\\\/\\\/mountainguides.pro\\\/wp-content\\\/uploads\\\/2023\\\/10\\\/Bhutan-11.jpg\",\"contentUrl\":\"https:\\\/\\\/mountainguides.pro\\\/wp-content\\\/uploads\\\/2023\\\/10\\\/Bhutan-11.jpg\",\"width\":2023,\"height\":1200},{\"@type\":\"BreadcrumbList\",\"@id\":\"https:\\\/\\\/mountainguides.pro\\\/tours\\\/trekking\\\/bhutan-the-tour-of-dragon-trails-druk-path-trek\\\/#breadcrumb\",\"itemListElement\":[{\"@type\":\"ListItem\",\"position\":1,\"name\":\"Home\",\"item\":\"https:\\\/\\\/mountainguides.pro\\\/de\\\/\"},{\"@type\":\"ListItem\",\"position\":2,\"name\":\"Bhutan. The Tour of Dragon Trails (Druk-Path Trek)\"}]},{\"@type\":\"WebSite\",\"@id\":\"https:\\\/\\\/mountainguides.pro\\\/#website\",\"url\":\"https:\\\/\\\/mountainguides.pro\\\/\",\"name\":\"Mountain Guide\",\"description\":\"We aspire to be the first in everything!\",\"publisher\":{\"@id\":\"https:\\\/\\\/mountainguides.pro\\\/#organization\"},\"potentialAction\":[{\"@type\":\"SearchAction\",\"target\":{\"@type\":\"EntryPoint\",\"urlTemplate\":\"https:\\\/\\\/mountainguides.pro\\\/?s={search_term_string}\"},\"query-input\":{\"@type\":\"PropertyValueSpecification\",\"valueRequired\":true,\"valueName\":\"search_term_string\"}}],\"inLanguage\":\"ja\"},{\"@type\":\"Organization\",\"@id\":\"https:\\\/\\\/mountainguides.pro\\\/#organization\",\"name\":\"Mountain Guide\",\"url\":\"https:\\\/\\\/mountainguides.pro\\\/\",\"logo\":{\"@type\":\"ImageObject\",\"inLanguage\":\"ja\",\"@id\":\"https:\\\/\\\/mountainguides.pro\\\/#\\\/schema\\\/logo\\\/image\\\/\",\"url\":\"https:\\\/\\\/mountainguides.pro\\\/wp-content\\\/uploads\\\/2018\\\/01\\\/mglogo.jpg\",\"contentUrl\":\"https:\\\/\\\/mountainguides.pro\\\/wp-content\\\/uploads\\\/2018\\\/01\\\/mglogo.jpg\",\"width\":1200,\"height\":630,\"caption\":\"Mountain Guide\"},\"image\":{\"@id\":\"https:\\\/\\\/mountainguides.pro\\\/#\\\/schema\\\/logo\\\/image\\\/\"},\"sameAs\":[\"https:\\\/\\\/www.facebook.com\\\/Mountainguide-232956566756831\\\/\",\"https:\\\/\\\/x.com\\\/Wintercyclone\",\"http:\\\/\\\/instagram.com\\\/mountainguide\",\"http:\\\/\\\/www.youtube.com\\\/mountainguide\"]}]}<\/script>\n<!-- \/ Yoast SEO Premium plugin. -->","yoast_head_json":{"title":"Trekking Bhutan","robots":{"index":"index","follow":"follow","max-snippet":"max-snippet:-1","max-image-preview":"max-image-preview:large","max-video-preview":"max-video-preview:-1"},"canonical":"https:\/\/mountainguides.pro\/ja\/tours\/trekking\/bhutan-the-tour-of-dragon-trails-druk-path-trek\/","og_locale":"en_US","og_type":"article","og_title":"[:en]Bhutan. The Tour of Dragon Trails (Druk-Path Trek)[:de]Tour nach Bhutan: Der Drachenweg[:es]Tour de But\u00e1n: el sendero del Drag\u00f3n[:pt]Excurs\u00e3o ao But\u00e3o: trilha do Drag\u00e3o[:zh]\u4e0d\u4e39\u4e4b\u65c5\uff1a\u9f99\u7684\u8e2a\u8ff9[:ko]\ubd80\ud0c4 \ud22c\uc5b4:\ub4dc\ub798\uace4 \ud2b8\ub808\uc77c[:ja]\u30d6\u30fc\u30bf\u30f3\u30c4\u30a2\u30fc\uff1a\u30c9\u30e9\u30b4\u30f3\u30c8\u30ec\u30a4\u30eb[:hi]\u092d\u0942\u091f\u093e\u0928 \u092f\u093e\u0924\u094d\u0930\u093e: \u0921\u094d\u0930\u0948\u0917\u0928 \u091f\u094d\u0930\u0947\u0932[:ar]\u062c\u0648\u0644\u0629 \u0628\u0648\u062a\u0627\u0646: \u0645\u0633\u0627\u0631 \u0627\u0644\u062a\u0646\u064a\u0646[:]","og_description":"\u4e16\u754c\u3067\u3082\u6700\u3082\u9589\u3056\u3055\u308c\u305f\u56fd\u306e\u3072\u3068\u3064\u3067\u3001\u56fd\u306e\u8c4a\u304b\u3055\u3092\u4eba\u3005\u306e\u300c\u5e78\u798f\u5ea6\u300d\u3067\u6e2c\u308b\u56fd\u3092\u5de1\u308b\u30c8\u30ec\u30c3\u30ad\u30f3\u30b0\u3002  \u65ad\u5d16\u306b\u6d6e\u304b\u3093\u3067\u3044\u308b\u304b\u306e\u3088\u3046\u306a\u5e7b\u60f3\u7684\u306a\u50e7\u9662\u300c\u864e\u306e\u5de3\uff08\u30bf\u30af\u30c4\u30a1\u30f3\u50e7\u9662\uff09\u300d\u3002  \u4e16\u754c\u6700\u9ad8\u306e\u672a\u8e0f\u5cf0\u30ab\u30f3\u30ab\u30eb\u30fb\u30d7\u30f3\u30b9\u30e0\u3092\u671b\u3080\u666f\u89b3\u3002  \u4f1d\u8aac\u306b\u5305\u307e\u308c\u305f\u53e4\u4ee3\u4ecf\u6559\u5bfa\u9662\u3068\u540d\u9ad8\u3044\u30be\u30f3\uff08\u8981\u585e\u50e7\u9662\uff09\u3002  \u30de\u30b9\u304c\u6cf3\u3050\u3001\u6f84\u307f\u5207\u3063\u305f\u9ad8\u5c71\u6e56\u3002  \u30e2\u30c6\u30a3\u30bf\u30f3\u81ea\u7136\u4fdd\u8b77\u533a\u3067\u51fa\u4f1a\u3046\u81ea\u7136\u306e\u307e\u307e\u306e\u30bf\u30fc\u30ad\u30f3\u3002  \u4e16\u754c\u3067\u6700\u3082\u6a19\u9ad8\u306e\u9ad8\u3044\u5de8\u5927\u306a\u4ecf\u9640\u50cf\u3002  \u30d2\u30de\u30e9\u30e4\u5c71\u8108\u306e\u6bd4\u8f03\u7684\u30a2\u30af\u30bb\u30b9\u3057\u3084\u3059\u3044\u659c\u9762\u3092\u9032\u3080\u3001\u9069\u5ea6\u306a\u96e3\u6613\u5ea6\u306e\u30eb\u30fc\u30c8\u3002  \u5f53\u793e\u306f\u822a\u7a7a\u5238\u306e\u8cfc\u5165\u30fb\u8ca9\u58f2\u304a\u3088\u3073\u30d3\u30b6\u53d6\u5f97\u696d\u52d9\u3092\u884c\u3063\u3066\u304a\u308a\u307e\u305b\u3093\u3002\u305d\u306e\u305f\u3081\u3001\u30d5\u30e9\u30a4\u30c8\u3084\u56fd\u5883\u901a\u904e\u306b\u95a2\u9023\u3059\u308b\u4e0d\u53ef\u6297\u529b\uff08\u30d5\u30a9\u30fc\u30b9\u30de\u30b8\u30e5\u30fc\u30eb\uff09\u306b\u3064\u3044\u3066\u306f\u8cac\u4efb\u3092\u8ca0\u3044\u304b\u306d\u307e\u3059\u306e\u3067\u3001\u3042\u3089\u304b\u3058\u3081\u3054\u4e86\u627f\u304f\u3060\u3055\u3044\u3002 \u91cd\u8981\u306a\u3054\u6848\u5185\u3002    \u30db\u30c6\u30eb\u306e\u30c1\u30a7\u30c3\u30af\u30a4\u30f3\uff0f\u30c1\u30a7\u30c3\u30af\u30a2\u30a6\u30c8\u6642\u9593\u306f\u5404\u30db\u30c6\u30eb\u306e\u898f\u5b9a\u306b\u5f93\u3044\u307e\u3059\u3002\u30c1\u30a7\u30c3\u30af\u30a4\u30f3\u306f15:00\u4ee5\u964d\u3001\u30c1\u30a7\u30c3\u30af\u30a2\u30a6\u30c8\u306f11:00\uff5e12:00\u307e\u3067\u3068\u306a\u308a\u307e\u3059\u3002\u8377\u7269\u306f\u30d5\u30ed\u30f3\u30c8\u306b\u9810\u3051\u3066\u5e02\u5185\u6563\u7b56\u304c\u53ef\u80fd\u3067\u3059\u3002\u307e\u305f\u3001\u7a7a\u304d\u72b6\u6cc1\u306b\u3088\u308a\u3001\u8ffd\u52a0\u6599\u91d1\u3067\u30a2\u30fc\u30ea\u30fc\u30c1\u30a7\u30c3\u30af\u30a4\u30f3\uff0f\u30ec\u30a4\u30c8\u30c1\u30a7\u30c3\u30af\u30a2\u30a6\u30c8\u304c\u53ef\u80fd\u306a\u5834\u5408\u304c\u3042\u308a\u307e\u3059\u3002  \u30d6\u30fc\u30bf\u30f3\u3067\u306f\u3001\u5c0f\u984d\u7d19\u5e63\u3084\u6c5a\u640d\u3057\u305f\u7c73\u30c9\u30eb\u7d19\u5e63\u3001\u307e\u305f2009\u5e74\u4ee5\u524d\u306b\u767a\u884c\u3055\u308c\u305f\u53e4\u3044\u7c73\u30c9\u30eb\u7d19\u5e63\u306e\u4e21\u66ff\u304c\u96e3\u3057\u3044\u5834\u5408\u304c\u3042\u308a\u307e\u3059\u3002\u5834\u6240\u306b\u3088\u3063\u3066\u306f\u8ffd\u52a0\u624b\u6570\u6599\u304c\u767a\u751f\u3057\u305f\u308a\u3001\u4e21\u66ff\u3092\u65ad\u3089\u308c\u308b\u3053\u3068\u304c\u3042\u308a\u307e\u3059\u306e\u3067\u3054\u6ce8\u610f\u304f\u3060\u3055\u3044\u3002  \u5c11\u4eba\u6570\u30b0\u30eb\u30fc\u30d7\u5411\u3051\u306b\u3001\u73fe\u5730\u82f1\u8a9e\u30ac\u30a4\u30c9\u540c\u884c\u3067\u306e\u30c4\u30a2\u30fc\u5b9f\u65bd\u3082\u53ef\u80fd\u3067\u3059\u3002\u8a73\u7d30\u306b\u3064\u3044\u3066\u306f\u3001\u304a\u6c17\u8efd\u306b\u304a\u554f\u3044\u5408\u308f\u305b\u304f\u3060\u3055\u3044\u3002","og_url":"https:\/\/mountainguides.pro\/ja\/tours\/trekking\/bhutan-the-tour-of-dragon-trails-druk-path-trek\/","og_site_name":"Mountain Guide","article_publisher":"https:\/\/www.facebook.com\/Mountainguide-232956566756831\/","article_modified_time":"2026-04-06T14:21:31+00:00","og_image":[{"width":2023,"height":1200,"url":"https:\/\/mountainguides.pro\/wp-content\/uploads\/2023\/10\/Bhutan-11.jpg","type":"image\/jpeg"}],"twitter_card":"summary_large_image","twitter_site":"@Wintercyclone","twitter_misc":{"Est. reading time":"1 minute"},"schema":{"@context":"https:\/\/schema.org","@graph":[{"@type":"WebPage","@id":"https:\/\/mountainguides.pro\/tours\/trekking\/bhutan-the-tour-of-dragon-trails-druk-path-trek\/","url":"https:\/\/mountainguides.pro\/tours\/trekking\/bhutan-the-tour-of-dragon-trails-druk-path-trek\/","name":"Trekking Bhutan","isPartOf":{"@id":"https:\/\/mountainguides.pro\/#website"},"primaryImageOfPage":{"@id":"https:\/\/mountainguides.pro\/tours\/trekking\/bhutan-the-tour-of-dragon-trails-druk-path-trek\/#primaryimage"},"image":{"@id":"https:\/\/mountainguides.pro\/tours\/trekking\/bhutan-the-tour-of-dragon-trails-druk-path-trek\/#primaryimage"},"thumbnailUrl":"https:\/\/mountainguides.pro\/wp-content\/uploads\/2023\/10\/Bhutan-11.jpg","datePublished":"2023-10-17T09:00:40+00:00","dateModified":"2026-04-06T14:21:31+00:00","breadcrumb":{"@id":"https:\/\/mountainguides.pro\/tours\/trekking\/bhutan-the-tour-of-dragon-trails-druk-path-trek\/#breadcrumb"},"inLanguage":"ja","potentialAction":[{"@type":"ReadAction","target":["https:\/\/mountainguides.pro\/tours\/trekking\/bhutan-the-tour-of-dragon-trails-druk-path-trek\/"]}]},{"@type":"ImageObject","inLanguage":"ja","@id":"https:\/\/mountainguides.pro\/tours\/trekking\/bhutan-the-tour-of-dragon-trails-druk-path-trek\/#primaryimage","url":"https:\/\/mountainguides.pro\/wp-content\/uploads\/2023\/10\/Bhutan-11.jpg","contentUrl":"https:\/\/mountainguides.pro\/wp-content\/uploads\/2023\/10\/Bhutan-11.jpg","width":2023,"height":1200},{"@type":"BreadcrumbList","@id":"https:\/\/mountainguides.pro\/tours\/trekking\/bhutan-the-tour-of-dragon-trails-druk-path-trek\/#breadcrumb","itemListElement":[{"@type":"ListItem","position":1,"name":"Home","item":"https:\/\/mountainguides.pro\/de\/"},{"@type":"ListItem","position":2,"name":"Bhutan. The Tour of Dragon Trails (Druk-Path Trek)"}]},{"@type":"WebSite","@id":"https:\/\/mountainguides.pro\/#website","url":"https:\/\/mountainguides.pro\/","name":"Mountain Guide","description":"We aspire to be the first in everything!","publisher":{"@id":"https:\/\/mountainguides.pro\/#organization"},"potentialAction":[{"@type":"SearchAction","target":{"@type":"EntryPoint","urlTemplate":"https:\/\/mountainguides.pro\/?s={search_term_string}"},"query-input":{"@type":"PropertyValueSpecification","valueRequired":true,"valueName":"search_term_string"}}],"inLanguage":"ja"},{"@type":"Organization","@id":"https:\/\/mountainguides.pro\/#organization","name":"Mountain Guide","url":"https:\/\/mountainguides.pro\/","logo":{"@type":"ImageObject","inLanguage":"ja","@id":"https:\/\/mountainguides.pro\/#\/schema\/logo\/image\/","url":"https:\/\/mountainguides.pro\/wp-content\/uploads\/2018\/01\/mglogo.jpg","contentUrl":"https:\/\/mountainguides.pro\/wp-content\/uploads\/2018\/01\/mglogo.jpg","width":1200,"height":630,"caption":"Mountain Guide"},"image":{"@id":"https:\/\/mountainguides.pro\/#\/schema\/logo\/image\/"},"sameAs":["https:\/\/www.facebook.com\/Mountainguide-232956566756831\/","https:\/\/x.com\/Wintercyclone","http:\/\/instagram.com\/mountainguide","http:\/\/www.youtube.com\/mountainguide"]}]}},"_links":{"self":[{"href":"https:\/\/mountainguides.pro\/ja\/wp-json\/wp\/v2\/product\/19672","targetHints":{"allow":["GET"]}}],"collection":[{"href":"https:\/\/mountainguides.pro\/ja\/wp-json\/wp\/v2\/product"}],"about":[{"href":"https:\/\/mountainguides.pro\/ja\/wp-json\/wp\/v2\/types\/product"}],"replies":[{"embeddable":true,"href":"https:\/\/mountainguides.pro\/ja\/wp-json\/wp\/v2\/comments?post=19672"}],"version-history":[{"count":21,"href":"https:\/\/mountainguides.pro\/ja\/wp-json\/wp\/v2\/product\/19672\/revisions"}],"predecessor-version":[{"id":33369,"href":"https:\/\/mountainguides.pro\/ja\/wp-json\/wp\/v2\/product\/19672\/revisions\/33369"}],"wp:featuredmedia":[{"embeddable":true,"href":"https:\/\/mountainguides.pro\/ja\/wp-json\/wp\/v2\/media\/19675"}],"wp:attachment":[{"href":"https:\/\/mountainguides.pro\/ja\/wp-json\/wp\/v2\/media?parent=19672"}],"wp:term":[{"taxonomy":"product_cat","embeddable":true,"href":"https:\/\/mountainguides.pro\/ja\/wp-json\/wp\/v2\/product_cat?post=19672"},{"taxonomy":"product_tag","embeddable":true,"href":"https:\/\/mountainguides.pro\/ja\/wp-json\/wp\/v2\/product_tag?post=19672"}],"curies":[{"name":"wp","href":"https:\/\/api.w.org\/{rel}","templated":true}]}}