{"id":19738,"date":"2023-11-01T13:54:07","date_gmt":"2023-11-01T10:54:07","guid":{"rendered":"https:\/\/mountainguides.pro\/?post_type=product&#038;p=19738"},"modified":"2026-04-06T17:35:35","modified_gmt":"2026-04-06T14:35:35","slug":"safari-uganda","status":"publish","type":"product","link":"https:\/\/mountainguides.pro\/ja\/tours\/safari\/safari-uganda\/","title":{"rendered":"\u30a6\u30ac\u30f3\u30c0\u30c4\u30a2\u30fc\uff1a\u30db\u30ef\u30a4\u30c8\u30b5\u30a4\u3068\u30de\u30a6\u30f3\u30c6\u30f3\u30b4\u30ea\u30e9"},"content":{"rendered":"","protected":false},"excerpt":{"rendered":"<ul>\n<li class=\"p1\">\u30b8\u30ef\u4fdd\u8b77\u533a\u3067\u306e\u30c8\u30ec\u30c3\u30ad\u30f3\u30b0\u4e2d\u306b\u51fa\u4f1a\u3046\u30b7\u30ed\u30b5\u30a4<\/li>\n<li class=\"p1\">\u30de\u30fc\u30c1\u30bd\u30f3\u30fb\u30d5\u30a9\u30fc\u30eb\u30ba\u56fd\u7acb\u516c\u5712\u306b\u3042\u308b\u9ad8\u305540\u30e1\u30fc\u30c8\u30eb\u306e\u6edd\u304c\u751f\u307f\u51fa\u3059\u552f\u4e00\u7121\u4e8c\u306e\u666f\u89b3<\/li>\n<li class=\"p1\">\u30f4\u30a3\u30eb\u30f3\u30ac\u706b\u5c71\u306e\u9802\u4e0a\u306b\u5e83\u304c\u308b\u3001\u4e16\u754c\u6700\u5927\u306e\u6d3b\u767a\u306a\u6eb6\u5ca9\u6e56<\/li>\n<li class=\"p1\">\u30af\u30a4\u30fc\u30f3\u30fb\u30a8\u30ea\u30b6\u30d9\u30b9\u56fd\u7acb\u516c\u5712\u3067\u51fa\u4f1a\u3046\u300c\u30a2\u30d5\u30ea\u30ab\u306e\u30d3\u30c3\u30b0\u30fb\u30d5\u30a1\u30a4\u30d6\u300d<\/li>\n<li class=\"p1\">\u30d6\u30a6\u30a3\u30f3\u30c7\u30a3\u68ee\u6797\u306e\u30b8\u30e3\u30f3\u30b0\u30eb\u306b\u66ae\u3089\u3059\u30de\u30a6\u30f3\u30c6\u30f3\u30b4\u30ea\u30e9<\/li>\n<li class=\"p1\">\u30bb\u30bb\u8af8\u5cf6\u306e\u6c34\u4e0a\u5cf6\u3067\u306e\u5bbf\u6cca\u3068\u3001\u30d3\u30af\u30c8\u30ea\u30a2\u6e56\u3067\u306e\u30d5\u30a3\u30c3\u30b7\u30f3\u30b0<\/li>\n<li class=\"p1\">\u6fc0\u6d41\u304c\u6e26\u5dfb\u304f\u30db\u30ef\u30a4\u30c8\u30ca\u30a4\u30eb\u3067\u306e\u30e9\u30d5\u30c6\u30a3\u30f3\u30b0<\/li>\n<li class=\"p1\">\u30ab\u30b9\u30d3\u738b\u5893\uff08\u738b\u5bb6\u306e\u970a\u5edf\uff09<\/li>\n<\/ul>\n<p class=\"p1\"><strong>\u203b\u5f53\u793e\u306f\u822a\u7a7a\u5238\u306e\u8cfc\u5165\u30fb\u8ca9\u58f2\u304a\u3088\u3073\u30d3\u30b6\u53d6\u5f97\u696d\u52d9\u3092\u884c\u3063\u3066\u304a\u308a\u307e\u305b\u3093\u3002\u305d\u306e\u305f\u3081\u3001\u30d5\u30e9\u30a4\u30c8\u3084\u56fd\u5883\u901a\u904e\u306b\u95a2\u9023\u3059\u308b\u4e0d\u53ef\u6297\u529b\uff08\u30d5\u30a9\u30fc\u30b9\u30de\u30b8\u30e5\u30fc\u30eb\uff09\u306b\u3064\u3044\u3066\u306f\u8cac\u4efb\u3092\u8ca0\u3044\u304b\u306d\u307e\u3059\u306e\u3067\u3001\u3042\u3089\u304b\u3058\u3081\u3054\u4e86\u627f\u304f\u3060\u3055\u3044\u3002<\/strong><\/p>\n<p class=\"p1\"><strong>\u30a2\u30d5\u30ea\u30ab\u3067\u306f\u3001\u5c0f\u984d\u7d19\u5e63\u3084\u6c5a\u640d\u3057\u305f\u7c73\u30c9\u30eb\u7d19\u5e63\u3001\u307e\u305f2009\u5e74\u4ee5\u524d\u306b\u767a\u884c\u3055\u308c\u305f\u53e4\u3044\u7c73\u30c9\u30eb\u7d19\u5e63\u306e\u4e21\u66ff\u304c\u96e3\u3057\u3044\u5834\u5408\u304c\u3042\u308a\u307e\u3059\u3002\u5834\u6240\u306b\u3088\u3063\u3066\u306f\u8ffd\u52a0\u624b\u6570\u6599\u304c\u304b\u304b\u3063\u305f\u308a\u3001\u4e21\u66ff\u3092\u65ad\u3089\u308c\u308b\u3053\u3068\u3082\u3042\u308a\u307e\u3059\u306e\u3067\u3001\u3054\u6ce8\u610f\u304f\u3060\u3055\u3044\u3002<\/strong><\/p>\n","protected":false},"featured_media":19740,"comment_status":"closed","ping_status":"closed","template":"","meta":{"_acf_changed":false,"footnotes":""},"product_cat":[339,318,343],"product_tag":[],"class_list":{"0":"post-19738","1":"product","2":"type-product","3":"status-publish","4":"has-post-thumbnail","6":"product_cat-adventure-africa","7":"product_cat-safari","8":"product_cat-safari-africa","10":"first","11":"instock","12":"shipping-taxable","13":"purchasable","14":"product-type-simple"},"acf":[],"yoast_head":"<!-- This site is optimized with the Yoast SEO Premium plugin v26.5 (Yoast SEO v27.3) - https:\/\/yoast.com\/product\/yoast-seo-premium-wordpress\/ -->\n<title>Safari Uganda<\/title>\n<meta name=\"robots\" content=\"index, follow, max-snippet:-1, max-image-preview:large, max-video-preview:-1\" \/>\n<link rel=\"canonical\" href=\"https:\/\/mountainguides.pro\/ja\/tours\/safari\/safari-uganda\/\" \/>\n<meta property=\"og:locale\" content=\"en_US\" \/>\n<meta property=\"og:locale:alternate\" content=\"en_US\" \/>\n<meta property=\"og:locale:alternate\" content=\"ru_RU\" \/>\n<meta property=\"og:locale:alternate\" content=\"de\" \/>\n<meta property=\"og:locale:alternate\" content=\"es\" \/>\n<meta property=\"og:locale:alternate\" content=\"pt\" \/>\n<meta property=\"og:locale:alternate\" content=\"zh\" \/>\n<meta property=\"og:locale:alternate\" content=\"ko\" \/>\n<meta property=\"og:locale:alternate\" content=\"hi\" \/>\n<meta property=\"og:locale:alternate\" content=\"ar\" \/>\n<meta property=\"og:type\" content=\"article\" \/>\n<meta property=\"og:title\" content=\"\u30a6\u30ac\u30f3\u30c0\u30c4\u30a2\u30fc\uff1a\u30db\u30ef\u30a4\u30c8\u30b5\u30a4\u3068\u30de\u30a6\u30f3\u30c6\u30f3\u30b4\u30ea\u30e9\" \/>\n<meta property=\"og:description\" content=\"\u30b8\u30ef\u4fdd\u8b77\u533a\u3067\u306e\u30c8\u30ec\u30c3\u30ad\u30f3\u30b0\u4e2d\u306b\u51fa\u4f1a\u3046\u30b7\u30ed\u30b5\u30a4  \u30de\u30fc\u30c1\u30bd\u30f3\u30fb\u30d5\u30a9\u30fc\u30eb\u30ba\u56fd\u7acb\u516c\u5712\u306b\u3042\u308b\u9ad8\u305540\u30e1\u30fc\u30c8\u30eb\u306e\u6edd\u304c\u751f\u307f\u51fa\u3059\u552f\u4e00\u7121\u4e8c\u306e\u666f\u89b3  \u30f4\u30a3\u30eb\u30f3\u30ac\u706b\u5c71\u306e\u9802\u4e0a\u306b\u5e83\u304c\u308b\u3001\u4e16\u754c\u6700\u5927\u306e\u6d3b\u767a\u306a\u6eb6\u5ca9\u6e56  \u30af\u30a4\u30fc\u30f3\u30fb\u30a8\u30ea\u30b6\u30d9\u30b9\u56fd\u7acb\u516c\u5712\u3067\u51fa\u4f1a\u3046\u300c\u30a2\u30d5\u30ea\u30ab\u306e\u30d3\u30c3\u30b0\u30fb\u30d5\u30a1\u30a4\u30d6\u300d  \u30d6\u30a6\u30a3\u30f3\u30c7\u30a3\u68ee\u6797\u306e\u30b8\u30e3\u30f3\u30b0\u30eb\u306b\u66ae\u3089\u3059\u30de\u30a6\u30f3\u30c6\u30f3\u30b4\u30ea\u30e9  \u30bb\u30bb\u8af8\u5cf6\u306e\u6c34\u4e0a\u5cf6\u3067\u306e\u5bbf\u6cca\u3068\u3001\u30d3\u30af\u30c8\u30ea\u30a2\u6e56\u3067\u306e\u30d5\u30a3\u30c3\u30b7\u30f3\u30b0  \u6fc0\u6d41\u304c\u6e26\u5dfb\u304f\u30db\u30ef\u30a4\u30c8\u30ca\u30a4\u30eb\u3067\u306e\u30e9\u30d5\u30c6\u30a3\u30f3\u30b0  \u30ab\u30b9\u30d3\u738b\u5893\uff08\u738b\u5bb6\u306e\u970a\u5edf\uff09  \u203b\u5f53\u793e\u306f\u822a\u7a7a\u5238\u306e\u8cfc\u5165\u30fb\u8ca9\u58f2\u304a\u3088\u3073\u30d3\u30b6\u53d6\u5f97\u696d\u52d9\u3092\u884c\u3063\u3066\u304a\u308a\u307e\u305b\u3093\u3002\u305d\u306e\u305f\u3081\u3001\u30d5\u30e9\u30a4\u30c8\u3084\u56fd\u5883\u901a\u904e\u306b\u95a2\u9023\u3059\u308b\u4e0d\u53ef\u6297\u529b\uff08\u30d5\u30a9\u30fc\u30b9\u30de\u30b8\u30e5\u30fc\u30eb\uff09\u306b\u3064\u3044\u3066\u306f\u8cac\u4efb\u3092\u8ca0\u3044\u304b\u306d\u307e\u3059\u306e\u3067\u3001\u3042\u3089\u304b\u3058\u3081\u3054\u4e86\u627f\u304f\u3060\u3055\u3044\u3002 \u30a2\u30d5\u30ea\u30ab\u3067\u306f\u3001\u5c0f\u984d\u7d19\u5e63\u3084\u6c5a\u640d\u3057\u305f\u7c73\u30c9\u30eb\u7d19\u5e63\u3001\u307e\u305f2009\u5e74\u4ee5\u524d\u306b\u767a\u884c\u3055\u308c\u305f\u53e4\u3044\u7c73\u30c9\u30eb\u7d19\u5e63\u306e\u4e21\u66ff\u304c\u96e3\u3057\u3044\u5834\u5408\u304c\u3042\u308a\u307e\u3059\u3002\u5834\u6240\u306b\u3088\u3063\u3066\u306f\u8ffd\u52a0\u624b\u6570\u6599\u304c\u304b\u304b\u3063\u305f\u308a\u3001\u4e21\u66ff\u3092\u65ad\u3089\u308c\u308b\u3053\u3068\u3082\u3042\u308a\u307e\u3059\u306e\u3067\u3001\u3054\u6ce8\u610f\u304f\u3060\u3055\u3044\u3002\" \/>\n<meta property=\"og:url\" content=\"https:\/\/mountainguides.pro\/ja\/tours\/safari\/safari-uganda\/\" \/>\n<meta property=\"og:site_name\" content=\"Mountain Guide\" \/>\n<meta property=\"article:publisher\" content=\"https:\/\/www.facebook.com\/Mountainguide-232956566756831\/\" \/>\n<meta property=\"article:modified_time\" content=\"2026-04-06T14:35:35+00:00\" \/>\n<meta property=\"og:image\" content=\"https:\/\/mountainguides.pro\/wp-content\/uploads\/2023\/11\/Safari-Uganda.jpg\" \/>\n\t<meta property=\"og:image:width\" content=\"2560\" \/>\n\t<meta property=\"og:image:height\" content=\"1920\" \/>\n\t<meta property=\"og:image:type\" content=\"image\/jpeg\" \/>\n<meta name=\"twitter:card\" content=\"summary_large_image\" \/>\n<meta name=\"twitter:site\" content=\"@Wintercyclone\" \/>\n<meta name=\"twitter:label1\" content=\"Est. reading time\" \/>\n\t<meta name=\"twitter:data1\" content=\"1 minute\" \/>\n<script type=\"application\/ld+json\" class=\"yoast-schema-graph\">{\"@context\":\"https:\\\/\\\/schema.org\",\"@graph\":[{\"@type\":\"WebPage\",\"@id\":\"https:\\\/\\\/mountainguides.pro\\\/tours\\\/safari\\\/safari-uganda\\\/\",\"url\":\"https:\\\/\\\/mountainguides.pro\\\/tours\\\/safari\\\/safari-uganda\\\/\",\"name\":\"Safari Uganda\",\"isPartOf\":{\"@id\":\"https:\\\/\\\/mountainguides.pro\\\/#website\"},\"primaryImageOfPage\":{\"@id\":\"https:\\\/\\\/mountainguides.pro\\\/tours\\\/safari\\\/safari-uganda\\\/#primaryimage\"},\"image\":{\"@id\":\"https:\\\/\\\/mountainguides.pro\\\/tours\\\/safari\\\/safari-uganda\\\/#primaryimage\"},\"thumbnailUrl\":\"https:\\\/\\\/mountainguides.pro\\\/wp-content\\\/uploads\\\/2023\\\/11\\\/Safari-Uganda.jpg\",\"datePublished\":\"2023-11-01T10:54:07+00:00\",\"dateModified\":\"2026-04-06T14:35:35+00:00\",\"breadcrumb\":{\"@id\":\"https:\\\/\\\/mountainguides.pro\\\/tours\\\/safari\\\/safari-uganda\\\/#breadcrumb\"},\"inLanguage\":\"ja\",\"potentialAction\":[{\"@type\":\"ReadAction\",\"target\":[\"https:\\\/\\\/mountainguides.pro\\\/tours\\\/safari\\\/safari-uganda\\\/\"]}]},{\"@type\":\"ImageObject\",\"inLanguage\":\"ja\",\"@id\":\"https:\\\/\\\/mountainguides.pro\\\/tours\\\/safari\\\/safari-uganda\\\/#primaryimage\",\"url\":\"https:\\\/\\\/mountainguides.pro\\\/wp-content\\\/uploads\\\/2023\\\/11\\\/Safari-Uganda.jpg\",\"contentUrl\":\"https:\\\/\\\/mountainguides.pro\\\/wp-content\\\/uploads\\\/2023\\\/11\\\/Safari-Uganda.jpg\",\"width\":2560,\"height\":1920},{\"@type\":\"BreadcrumbList\",\"@id\":\"https:\\\/\\\/mountainguides.pro\\\/tours\\\/safari\\\/safari-uganda\\\/#breadcrumb\",\"itemListElement\":[{\"@type\":\"ListItem\",\"position\":1,\"name\":\"Home\",\"item\":\"https:\\\/\\\/mountainguides.pro\\\/de\\\/\"},{\"@type\":\"ListItem\",\"position\":2,\"name\":\"Safari Uganda\"}]},{\"@type\":\"WebSite\",\"@id\":\"https:\\\/\\\/mountainguides.pro\\\/#website\",\"url\":\"https:\\\/\\\/mountainguides.pro\\\/\",\"name\":\"Mountain Guide\",\"description\":\"We aspire to be the first in everything!\",\"publisher\":{\"@id\":\"https:\\\/\\\/mountainguides.pro\\\/#organization\"},\"potentialAction\":[{\"@type\":\"SearchAction\",\"target\":{\"@type\":\"EntryPoint\",\"urlTemplate\":\"https:\\\/\\\/mountainguides.pro\\\/?s={search_term_string}\"},\"query-input\":{\"@type\":\"PropertyValueSpecification\",\"valueRequired\":true,\"valueName\":\"search_term_string\"}}],\"inLanguage\":\"ja\"},{\"@type\":\"Organization\",\"@id\":\"https:\\\/\\\/mountainguides.pro\\\/#organization\",\"name\":\"Mountain Guide\",\"url\":\"https:\\\/\\\/mountainguides.pro\\\/\",\"logo\":{\"@type\":\"ImageObject\",\"inLanguage\":\"ja\",\"@id\":\"https:\\\/\\\/mountainguides.pro\\\/#\\\/schema\\\/logo\\\/image\\\/\",\"url\":\"https:\\\/\\\/mountainguides.pro\\\/wp-content\\\/uploads\\\/2018\\\/01\\\/mglogo.jpg\",\"contentUrl\":\"https:\\\/\\\/mountainguides.pro\\\/wp-content\\\/uploads\\\/2018\\\/01\\\/mglogo.jpg\",\"width\":1200,\"height\":630,\"caption\":\"Mountain Guide\"},\"image\":{\"@id\":\"https:\\\/\\\/mountainguides.pro\\\/#\\\/schema\\\/logo\\\/image\\\/\"},\"sameAs\":[\"https:\\\/\\\/www.facebook.com\\\/Mountainguide-232956566756831\\\/\",\"https:\\\/\\\/x.com\\\/Wintercyclone\",\"http:\\\/\\\/instagram.com\\\/mountainguide\",\"http:\\\/\\\/www.youtube.com\\\/mountainguide\"]}]}<\/script>\n<!-- \/ Yoast SEO Premium plugin. -->","yoast_head_json":{"title":"Safari Uganda","robots":{"index":"index","follow":"follow","max-snippet":"max-snippet:-1","max-image-preview":"max-image-preview:large","max-video-preview":"max-video-preview:-1"},"canonical":"https:\/\/mountainguides.pro\/ja\/tours\/safari\/safari-uganda\/","og_locale":"en_US","og_type":"article","og_title":"[:en]Safari Uganda[:de]Tour nach Uganda: Wei\u00dfe Nash\u00f6rner und Berggorillas[:es]Tour a Uganda: rinocerontes blancos y gorilas de monta\u00f1a[:pt]Excurs\u00e3o A Uganda: rinocerontes brancos e gorilas da montanha[:zh]\u4e4c\u5e72\u8fbe\u4e4b\u65c5\uff1a\u767d\u7280\u725b\u548c\u5c71\u5730\u5927\u7329\u7329[:ko]\uc6b0\uac04\ub2e4 \ud22c\uc5b4:\ud770 \ucf54\ubfd4\uc18c\uc640 \uc0b0 \uace0\ub9b4\ub77c[:ja]\u30a6\u30ac\u30f3\u30c0\u30c4\u30a2\u30fc\uff1a\u30db\u30ef\u30a4\u30c8\u30b5\u30a4\u3068\u30de\u30a6\u30f3\u30c6\u30f3\u30b4\u30ea\u30e9[:hi]\u092f\u0941\u0917\u093e\u0902\u0921\u093e \u091f\u0942\u0930: \u0938\u092b\u0947\u0926 \u0917\u0948\u0902\u0921\u0947 \u0914\u0930 \u092a\u0930\u094d\u0935\u0924 \u0917\u094b\u0930\u093f\u0932\u094d\u0932\u093e[:ar]\u062c\u0648\u0644\u0629 \u0623\u0648\u063a\u0646\u062f\u0627: \u0648\u062d\u064a\u062f \u0627\u0644\u0642\u0631\u0646 \u0627\u0644\u0623\u0628\u064a\u0636 \u0648\u0627\u0644\u063a\u0648\u0631\u064a\u0644\u0627 \u0627\u0644\u062c\u0628\u0644\u064a\u0629[:]","og_description":"\u30b8\u30ef\u4fdd\u8b77\u533a\u3067\u306e\u30c8\u30ec\u30c3\u30ad\u30f3\u30b0\u4e2d\u306b\u51fa\u4f1a\u3046\u30b7\u30ed\u30b5\u30a4  \u30de\u30fc\u30c1\u30bd\u30f3\u30fb\u30d5\u30a9\u30fc\u30eb\u30ba\u56fd\u7acb\u516c\u5712\u306b\u3042\u308b\u9ad8\u305540\u30e1\u30fc\u30c8\u30eb\u306e\u6edd\u304c\u751f\u307f\u51fa\u3059\u552f\u4e00\u7121\u4e8c\u306e\u666f\u89b3  \u30f4\u30a3\u30eb\u30f3\u30ac\u706b\u5c71\u306e\u9802\u4e0a\u306b\u5e83\u304c\u308b\u3001\u4e16\u754c\u6700\u5927\u306e\u6d3b\u767a\u306a\u6eb6\u5ca9\u6e56  \u30af\u30a4\u30fc\u30f3\u30fb\u30a8\u30ea\u30b6\u30d9\u30b9\u56fd\u7acb\u516c\u5712\u3067\u51fa\u4f1a\u3046\u300c\u30a2\u30d5\u30ea\u30ab\u306e\u30d3\u30c3\u30b0\u30fb\u30d5\u30a1\u30a4\u30d6\u300d  \u30d6\u30a6\u30a3\u30f3\u30c7\u30a3\u68ee\u6797\u306e\u30b8\u30e3\u30f3\u30b0\u30eb\u306b\u66ae\u3089\u3059\u30de\u30a6\u30f3\u30c6\u30f3\u30b4\u30ea\u30e9  \u30bb\u30bb\u8af8\u5cf6\u306e\u6c34\u4e0a\u5cf6\u3067\u306e\u5bbf\u6cca\u3068\u3001\u30d3\u30af\u30c8\u30ea\u30a2\u6e56\u3067\u306e\u30d5\u30a3\u30c3\u30b7\u30f3\u30b0  \u6fc0\u6d41\u304c\u6e26\u5dfb\u304f\u30db\u30ef\u30a4\u30c8\u30ca\u30a4\u30eb\u3067\u306e\u30e9\u30d5\u30c6\u30a3\u30f3\u30b0  \u30ab\u30b9\u30d3\u738b\u5893\uff08\u738b\u5bb6\u306e\u970a\u5edf\uff09  \u203b\u5f53\u793e\u306f\u822a\u7a7a\u5238\u306e\u8cfc\u5165\u30fb\u8ca9\u58f2\u304a\u3088\u3073\u30d3\u30b6\u53d6\u5f97\u696d\u52d9\u3092\u884c\u3063\u3066\u304a\u308a\u307e\u305b\u3093\u3002\u305d\u306e\u305f\u3081\u3001\u30d5\u30e9\u30a4\u30c8\u3084\u56fd\u5883\u901a\u904e\u306b\u95a2\u9023\u3059\u308b\u4e0d\u53ef\u6297\u529b\uff08\u30d5\u30a9\u30fc\u30b9\u30de\u30b8\u30e5\u30fc\u30eb\uff09\u306b\u3064\u3044\u3066\u306f\u8cac\u4efb\u3092\u8ca0\u3044\u304b\u306d\u307e\u3059\u306e\u3067\u3001\u3042\u3089\u304b\u3058\u3081\u3054\u4e86\u627f\u304f\u3060\u3055\u3044\u3002 \u30a2\u30d5\u30ea\u30ab\u3067\u306f\u3001\u5c0f\u984d\u7d19\u5e63\u3084\u6c5a\u640d\u3057\u305f\u7c73\u30c9\u30eb\u7d19\u5e63\u3001\u307e\u305f2009\u5e74\u4ee5\u524d\u306b\u767a\u884c\u3055\u308c\u305f\u53e4\u3044\u7c73\u30c9\u30eb\u7d19\u5e63\u306e\u4e21\u66ff\u304c\u96e3\u3057\u3044\u5834\u5408\u304c\u3042\u308a\u307e\u3059\u3002\u5834\u6240\u306b\u3088\u3063\u3066\u306f\u8ffd\u52a0\u624b\u6570\u6599\u304c\u304b\u304b\u3063\u305f\u308a\u3001\u4e21\u66ff\u3092\u65ad\u3089\u308c\u308b\u3053\u3068\u3082\u3042\u308a\u307e\u3059\u306e\u3067\u3001\u3054\u6ce8\u610f\u304f\u3060\u3055\u3044\u3002","og_url":"https:\/\/mountainguides.pro\/ja\/tours\/safari\/safari-uganda\/","og_site_name":"Mountain Guide","article_publisher":"https:\/\/www.facebook.com\/Mountainguide-232956566756831\/","article_modified_time":"2026-04-06T14:35:35+00:00","og_image":[{"width":2560,"height":1920,"url":"https:\/\/mountainguides.pro\/wp-content\/uploads\/2023\/11\/Safari-Uganda.jpg","type":"image\/jpeg"}],"twitter_card":"summary_large_image","twitter_site":"@Wintercyclone","twitter_misc":{"Est. reading time":"1 minute"},"schema":{"@context":"https:\/\/schema.org","@graph":[{"@type":"WebPage","@id":"https:\/\/mountainguides.pro\/tours\/safari\/safari-uganda\/","url":"https:\/\/mountainguides.pro\/tours\/safari\/safari-uganda\/","name":"Safari Uganda","isPartOf":{"@id":"https:\/\/mountainguides.pro\/#website"},"primaryImageOfPage":{"@id":"https:\/\/mountainguides.pro\/tours\/safari\/safari-uganda\/#primaryimage"},"image":{"@id":"https:\/\/mountainguides.pro\/tours\/safari\/safari-uganda\/#primaryimage"},"thumbnailUrl":"https:\/\/mountainguides.pro\/wp-content\/uploads\/2023\/11\/Safari-Uganda.jpg","datePublished":"2023-11-01T10:54:07+00:00","dateModified":"2026-04-06T14:35:35+00:00","breadcrumb":{"@id":"https:\/\/mountainguides.pro\/tours\/safari\/safari-uganda\/#breadcrumb"},"inLanguage":"ja","potentialAction":[{"@type":"ReadAction","target":["https:\/\/mountainguides.pro\/tours\/safari\/safari-uganda\/"]}]},{"@type":"ImageObject","inLanguage":"ja","@id":"https:\/\/mountainguides.pro\/tours\/safari\/safari-uganda\/#primaryimage","url":"https:\/\/mountainguides.pro\/wp-content\/uploads\/2023\/11\/Safari-Uganda.jpg","contentUrl":"https:\/\/mountainguides.pro\/wp-content\/uploads\/2023\/11\/Safari-Uganda.jpg","width":2560,"height":1920},{"@type":"BreadcrumbList","@id":"https:\/\/mountainguides.pro\/tours\/safari\/safari-uganda\/#breadcrumb","itemListElement":[{"@type":"ListItem","position":1,"name":"Home","item":"https:\/\/mountainguides.pro\/de\/"},{"@type":"ListItem","position":2,"name":"Safari Uganda"}]},{"@type":"WebSite","@id":"https:\/\/mountainguides.pro\/#website","url":"https:\/\/mountainguides.pro\/","name":"Mountain Guide","description":"We aspire to be the first in everything!","publisher":{"@id":"https:\/\/mountainguides.pro\/#organization"},"potentialAction":[{"@type":"SearchAction","target":{"@type":"EntryPoint","urlTemplate":"https:\/\/mountainguides.pro\/?s={search_term_string}"},"query-input":{"@type":"PropertyValueSpecification","valueRequired":true,"valueName":"search_term_string"}}],"inLanguage":"ja"},{"@type":"Organization","@id":"https:\/\/mountainguides.pro\/#organization","name":"Mountain Guide","url":"https:\/\/mountainguides.pro\/","logo":{"@type":"ImageObject","inLanguage":"ja","@id":"https:\/\/mountainguides.pro\/#\/schema\/logo\/image\/","url":"https:\/\/mountainguides.pro\/wp-content\/uploads\/2018\/01\/mglogo.jpg","contentUrl":"https:\/\/mountainguides.pro\/wp-content\/uploads\/2018\/01\/mglogo.jpg","width":1200,"height":630,"caption":"Mountain Guide"},"image":{"@id":"https:\/\/mountainguides.pro\/#\/schema\/logo\/image\/"},"sameAs":["https:\/\/www.facebook.com\/Mountainguide-232956566756831\/","https:\/\/x.com\/Wintercyclone","http:\/\/instagram.com\/mountainguide","http:\/\/www.youtube.com\/mountainguide"]}]}},"_links":{"self":[{"href":"https:\/\/mountainguides.pro\/ja\/wp-json\/wp\/v2\/product\/19738","targetHints":{"allow":["GET"]}}],"collection":[{"href":"https:\/\/mountainguides.pro\/ja\/wp-json\/wp\/v2\/product"}],"about":[{"href":"https:\/\/mountainguides.pro\/ja\/wp-json\/wp\/v2\/types\/product"}],"replies":[{"embeddable":true,"href":"https:\/\/mountainguides.pro\/ja\/wp-json\/wp\/v2\/comments?post=19738"}],"version-history":[{"count":16,"href":"https:\/\/mountainguides.pro\/ja\/wp-json\/wp\/v2\/product\/19738\/revisions"}],"predecessor-version":[{"id":33382,"href":"https:\/\/mountainguides.pro\/ja\/wp-json\/wp\/v2\/product\/19738\/revisions\/33382"}],"wp:featuredmedia":[{"embeddable":true,"href":"https:\/\/mountainguides.pro\/ja\/wp-json\/wp\/v2\/media\/19740"}],"wp:attachment":[{"href":"https:\/\/mountainguides.pro\/ja\/wp-json\/wp\/v2\/media?parent=19738"}],"wp:term":[{"taxonomy":"product_cat","embeddable":true,"href":"https:\/\/mountainguides.pro\/ja\/wp-json\/wp\/v2\/product_cat?post=19738"},{"taxonomy":"product_tag","embeddable":true,"href":"https:\/\/mountainguides.pro\/ja\/wp-json\/wp\/v2\/product_tag?post=19738"}],"curies":[{"name":"wp","href":"https:\/\/api.w.org\/{rel}","templated":true}]}}