{"id":19744,"date":"2023-11-01T14:37:57","date_gmt":"2023-11-01T11:37:57","guid":{"rendered":"https:\/\/mountainguides.pro\/?post_type=product&#038;p=19744"},"modified":"2026-04-06T17:33:35","modified_gmt":"2026-04-06T14:33:35","slug":"safari-tanzania","status":"publish","type":"product","link":"https:\/\/mountainguides.pro\/ja\/tours\/safari\/safari-tanzania\/","title":{"rendered":"\u30bf\u30f3\u30b6\u30cb\u30a2\u30c4\u30a2\u30fc\uff1a\u30bb\u30ec\u30f3\u30b2\u30c6\u30a3\u3001\u30f3\u30b4\u30ed\u30f3\u30b4\u30ed\u3001\u30bf\u30e9\u30f3\u30ae\u30ec\u30b5\u30d5\u30a1\u30ea"},"content":{"rendered":"","protected":false},"excerpt":{"rendered":"<ul>\n<li class=\"p1\">\u7d4c\u9a13\u8c4a\u5bcc\u306a\u30c9\u30e9\u30a4\u30d0\u30fc\u3068\u3068\u3082\u306b\u30b5\u30d5\u30a1\u30ea\u30b8\u30fc\u30d7\u3067\u5de1\u308b\u5192\u967a<\/li>\n<li class=\"p1\">\u91ce\u751f\u52d5\u7269\u304c\u8c4a\u5bcc\u306a\u30bb\u30ec\u30f3\u30b2\u30c6\u30a3\u56fd\u7acb\u516c\u5712\u3092\u63a2\u691c<\/li>\n<li class=\"p1\">\u4f1d\u7d71\u7684\u3067\u30e9\u30b0\u30b8\u30e5\u30a2\u30ea\u30fc\u306a\u30b5\u30d5\u30a1\u30ea\u30ad\u30e3\u30f3\u30d7\u306b\u6ede\u5728<\/li>\n<li class=\"p1\">\u30f3\u30b4\u30ed\u30f3\u30b4\u30ed\u30fb\u30af\u30ec\u30fc\u30bf\u30fc\u3067\u300c\u30d3\u30c3\u30b0\u30fb\u30d5\u30a1\u30a4\u30d6\u300d\u5b8c\u5168\u5236\u8987\u3092\u76ee\u6307\u3057\u307e\u3059<\/li>\n<li class=\"p1\">\u672c\u7269\u306e\u30a2\u30d5\u30ea\u30ab\u306e\u98a8\u571f\u3068\u6587\u5316\u306b\u89e6\u308c\u308b\u4f53\u9a13<\/li>\n<li class=\"p1\">\u30bf\u30e9\u30f3\u30ae\u30ec\u56fd\u7acb\u516c\u5712\u3067\u30be\u30a6\u306e\u7fa4\u308c\u3092\u89b3\u5bdf<\/li>\n<\/ul>\n<p class=\"p1\"><strong>\u203b\u5f53\u793e\u306f\u822a\u7a7a\u5238\u306e\u8cfc\u5165\u30fb\u8ca9\u58f2\u304a\u3088\u3073\u30d3\u30b6\u53d6\u5f97\u696d\u52d9\u3092\u884c\u3063\u3066\u304a\u308a\u307e\u305b\u3093\u3002\u305d\u306e\u305f\u3081\u3001\u30d5\u30e9\u30a4\u30c8\u3084\u56fd\u5883\u901a\u904e\u306b\u95a2\u9023\u3059\u308b\u4e0d\u53ef\u6297\u529b\uff08\u30d5\u30a9\u30fc\u30b9\u30de\u30b8\u30e5\u30fc\u30eb\uff09\u306b\u3064\u3044\u3066\u306f\u8cac\u4efb\u3092\u8ca0\u3044\u304b\u306d\u307e\u3059\u306e\u3067\u3001\u3042\u3089\u304b\u3058\u3081\u3054\u4e86\u627f\u304f\u3060\u3055\u3044\u3002<\/strong><\/p>\n<p class=\"p1\"><strong>\u30a2\u30d5\u30ea\u30ab\u3067\u306f\u3001\u5c0f\u984d\u7d19\u5e63\u3084\u6c5a\u640d\u3057\u305f\u7c73\u30c9\u30eb\u7d19\u5e63\u3001\u307e\u305f2009\u5e74\u4ee5\u524d\u306b\u767a\u884c\u3055\u308c\u305f\u53e4\u3044\u7c73\u30c9\u30eb\u7d19\u5e63\u306e\u4e21\u66ff\u304c\u96e3\u3057\u3044\u5834\u5408\u304c\u3042\u308a\u307e\u3059\u3002\u5834\u6240\u306b\u3088\u3063\u3066\u306f\u8ffd\u52a0\u624b\u6570\u6599\u304c\u304b\u304b\u3063\u305f\u308a\u3001\u4e21\u66ff\u3092\u65ad\u3089\u308c\u308b\u3053\u3068\u3082\u3042\u308a\u307e\u3059\u306e\u3067\u3001\u3054\u6ce8\u610f\u304f\u3060\u3055\u3044\u3002<\/strong><\/p>\n","protected":false},"featured_media":19746,"comment_status":"closed","ping_status":"closed","template":"","meta":{"_acf_changed":false,"footnotes":""},"product_cat":[339,318,343],"product_tag":[],"class_list":{"0":"post-19744","1":"product","2":"type-product","3":"status-publish","4":"has-post-thumbnail","6":"product_cat-adventure-africa","7":"product_cat-safari","8":"product_cat-safari-africa","10":"first","11":"instock","12":"shipping-taxable","13":"purchasable","14":"product-type-simple"},"acf":[],"yoast_head":"<!-- This site is optimized with the Yoast SEO Premium plugin v26.5 (Yoast SEO v27.3) - https:\/\/yoast.com\/product\/yoast-seo-premium-wordpress\/ -->\n<title>Safari Tanzania<\/title>\n<meta name=\"robots\" content=\"index, follow, max-snippet:-1, max-image-preview:large, max-video-preview:-1\" \/>\n<link rel=\"canonical\" href=\"https:\/\/mountainguides.pro\/ja\/tours\/safari\/safari-tanzania\/\" \/>\n<meta property=\"og:locale\" content=\"en_US\" \/>\n<meta property=\"og:locale:alternate\" content=\"en_US\" \/>\n<meta property=\"og:locale:alternate\" content=\"ru_RU\" \/>\n<meta property=\"og:locale:alternate\" content=\"de\" \/>\n<meta property=\"og:locale:alternate\" content=\"es\" \/>\n<meta property=\"og:locale:alternate\" content=\"pt\" \/>\n<meta property=\"og:locale:alternate\" content=\"zh\" \/>\n<meta property=\"og:locale:alternate\" content=\"ko\" \/>\n<meta property=\"og:locale:alternate\" content=\"hi\" \/>\n<meta property=\"og:locale:alternate\" content=\"ar\" \/>\n<meta property=\"og:type\" content=\"article\" \/>\n<meta property=\"og:title\" content=\"\u30bf\u30f3\u30b6\u30cb\u30a2\u30c4\u30a2\u30fc\uff1a\u30bb\u30ec\u30f3\u30b2\u30c6\u30a3\u3001\u30f3\u30b4\u30ed\u30f3\u30b4\u30ed\u3001\u30bf\u30e9\u30f3\u30ae\u30ec\u30b5\u30d5\u30a1\u30ea\" \/>\n<meta property=\"og:description\" content=\"\u7d4c\u9a13\u8c4a\u5bcc\u306a\u30c9\u30e9\u30a4\u30d0\u30fc\u3068\u3068\u3082\u306b\u30b5\u30d5\u30a1\u30ea\u30b8\u30fc\u30d7\u3067\u5de1\u308b\u5192\u967a  \u91ce\u751f\u52d5\u7269\u304c\u8c4a\u5bcc\u306a\u30bb\u30ec\u30f3\u30b2\u30c6\u30a3\u56fd\u7acb\u516c\u5712\u3092\u63a2\u691c  \u4f1d\u7d71\u7684\u3067\u30e9\u30b0\u30b8\u30e5\u30a2\u30ea\u30fc\u306a\u30b5\u30d5\u30a1\u30ea\u30ad\u30e3\u30f3\u30d7\u306b\u6ede\u5728  \u30f3\u30b4\u30ed\u30f3\u30b4\u30ed\u30fb\u30af\u30ec\u30fc\u30bf\u30fc\u3067\u300c\u30d3\u30c3\u30b0\u30fb\u30d5\u30a1\u30a4\u30d6\u300d\u5b8c\u5168\u5236\u8987\u3092\u76ee\u6307\u3057\u307e\u3059  \u672c\u7269\u306e\u30a2\u30d5\u30ea\u30ab\u306e\u98a8\u571f\u3068\u6587\u5316\u306b\u89e6\u308c\u308b\u4f53\u9a13  \u30bf\u30e9\u30f3\u30ae\u30ec\u56fd\u7acb\u516c\u5712\u3067\u30be\u30a6\u306e\u7fa4\u308c\u3092\u89b3\u5bdf  \u203b\u5f53\u793e\u306f\u822a\u7a7a\u5238\u306e\u8cfc\u5165\u30fb\u8ca9\u58f2\u304a\u3088\u3073\u30d3\u30b6\u53d6\u5f97\u696d\u52d9\u3092\u884c\u3063\u3066\u304a\u308a\u307e\u305b\u3093\u3002\u305d\u306e\u305f\u3081\u3001\u30d5\u30e9\u30a4\u30c8\u3084\u56fd\u5883\u901a\u904e\u306b\u95a2\u9023\u3059\u308b\u4e0d\u53ef\u6297\u529b\uff08\u30d5\u30a9\u30fc\u30b9\u30de\u30b8\u30e5\u30fc\u30eb\uff09\u306b\u3064\u3044\u3066\u306f\u8cac\u4efb\u3092\u8ca0\u3044\u304b\u306d\u307e\u3059\u306e\u3067\u3001\u3042\u3089\u304b\u3058\u3081\u3054\u4e86\u627f\u304f\u3060\u3055\u3044\u3002 \u30a2\u30d5\u30ea\u30ab\u3067\u306f\u3001\u5c0f\u984d\u7d19\u5e63\u3084\u6c5a\u640d\u3057\u305f\u7c73\u30c9\u30eb\u7d19\u5e63\u3001\u307e\u305f2009\u5e74\u4ee5\u524d\u306b\u767a\u884c\u3055\u308c\u305f\u53e4\u3044\u7c73\u30c9\u30eb\u7d19\u5e63\u306e\u4e21\u66ff\u304c\u96e3\u3057\u3044\u5834\u5408\u304c\u3042\u308a\u307e\u3059\u3002\u5834\u6240\u306b\u3088\u3063\u3066\u306f\u8ffd\u52a0\u624b\u6570\u6599\u304c\u304b\u304b\u3063\u305f\u308a\u3001\u4e21\u66ff\u3092\u65ad\u3089\u308c\u308b\u3053\u3068\u3082\u3042\u308a\u307e\u3059\u306e\u3067\u3001\u3054\u6ce8\u610f\u304f\u3060\u3055\u3044\u3002\" \/>\n<meta property=\"og:url\" content=\"https:\/\/mountainguides.pro\/ja\/tours\/safari\/safari-tanzania\/\" \/>\n<meta property=\"og:site_name\" content=\"Mountain Guide\" \/>\n<meta property=\"article:publisher\" content=\"https:\/\/www.facebook.com\/Mountainguide-232956566756831\/\" \/>\n<meta property=\"article:modified_time\" content=\"2026-04-06T14:33:35+00:00\" \/>\n<meta property=\"og:image\" content=\"https:\/\/mountainguides.pro\/wp-content\/uploads\/2023\/11\/Safari-Tanzaniya.jpg\" \/>\n\t<meta property=\"og:image:width\" content=\"1599\" \/>\n\t<meta property=\"og:image:height\" content=\"1197\" \/>\n\t<meta property=\"og:image:type\" content=\"image\/jpeg\" \/>\n<meta name=\"twitter:card\" content=\"summary_large_image\" \/>\n<meta name=\"twitter:site\" content=\"@Wintercyclone\" \/>\n<meta name=\"twitter:label1\" content=\"Est. reading time\" \/>\n\t<meta name=\"twitter:data1\" content=\"1 minute\" \/>\n<script type=\"application\/ld+json\" class=\"yoast-schema-graph\">{\"@context\":\"https:\\\/\\\/schema.org\",\"@graph\":[{\"@type\":\"WebPage\",\"@id\":\"https:\\\/\\\/mountainguides.pro\\\/tours\\\/safari\\\/safari-tanzania\\\/\",\"url\":\"https:\\\/\\\/mountainguides.pro\\\/tours\\\/safari\\\/safari-tanzania\\\/\",\"name\":\"Safari Tanzania\",\"isPartOf\":{\"@id\":\"https:\\\/\\\/mountainguides.pro\\\/#website\"},\"primaryImageOfPage\":{\"@id\":\"https:\\\/\\\/mountainguides.pro\\\/tours\\\/safari\\\/safari-tanzania\\\/#primaryimage\"},\"image\":{\"@id\":\"https:\\\/\\\/mountainguides.pro\\\/tours\\\/safari\\\/safari-tanzania\\\/#primaryimage\"},\"thumbnailUrl\":\"https:\\\/\\\/mountainguides.pro\\\/wp-content\\\/uploads\\\/2023\\\/11\\\/Safari-Tanzaniya.jpg\",\"datePublished\":\"2023-11-01T11:37:57+00:00\",\"dateModified\":\"2026-04-06T14:33:35+00:00\",\"breadcrumb\":{\"@id\":\"https:\\\/\\\/mountainguides.pro\\\/tours\\\/safari\\\/safari-tanzania\\\/#breadcrumb\"},\"inLanguage\":\"ja\",\"potentialAction\":[{\"@type\":\"ReadAction\",\"target\":[\"https:\\\/\\\/mountainguides.pro\\\/tours\\\/safari\\\/safari-tanzania\\\/\"]}]},{\"@type\":\"ImageObject\",\"inLanguage\":\"ja\",\"@id\":\"https:\\\/\\\/mountainguides.pro\\\/tours\\\/safari\\\/safari-tanzania\\\/#primaryimage\",\"url\":\"https:\\\/\\\/mountainguides.pro\\\/wp-content\\\/uploads\\\/2023\\\/11\\\/Safari-Tanzaniya.jpg\",\"contentUrl\":\"https:\\\/\\\/mountainguides.pro\\\/wp-content\\\/uploads\\\/2023\\\/11\\\/Safari-Tanzaniya.jpg\",\"width\":1599,\"height\":1197},{\"@type\":\"BreadcrumbList\",\"@id\":\"https:\\\/\\\/mountainguides.pro\\\/tours\\\/safari\\\/safari-tanzania\\\/#breadcrumb\",\"itemListElement\":[{\"@type\":\"ListItem\",\"position\":1,\"name\":\"Home\",\"item\":\"https:\\\/\\\/mountainguides.pro\\\/de\\\/\"},{\"@type\":\"ListItem\",\"position\":2,\"name\":\"Safari Tanzania\"}]},{\"@type\":\"WebSite\",\"@id\":\"https:\\\/\\\/mountainguides.pro\\\/#website\",\"url\":\"https:\\\/\\\/mountainguides.pro\\\/\",\"name\":\"Mountain Guide\",\"description\":\"We aspire to be the first in everything!\",\"publisher\":{\"@id\":\"https:\\\/\\\/mountainguides.pro\\\/#organization\"},\"potentialAction\":[{\"@type\":\"SearchAction\",\"target\":{\"@type\":\"EntryPoint\",\"urlTemplate\":\"https:\\\/\\\/mountainguides.pro\\\/?s={search_term_string}\"},\"query-input\":{\"@type\":\"PropertyValueSpecification\",\"valueRequired\":true,\"valueName\":\"search_term_string\"}}],\"inLanguage\":\"ja\"},{\"@type\":\"Organization\",\"@id\":\"https:\\\/\\\/mountainguides.pro\\\/#organization\",\"name\":\"Mountain Guide\",\"url\":\"https:\\\/\\\/mountainguides.pro\\\/\",\"logo\":{\"@type\":\"ImageObject\",\"inLanguage\":\"ja\",\"@id\":\"https:\\\/\\\/mountainguides.pro\\\/#\\\/schema\\\/logo\\\/image\\\/\",\"url\":\"https:\\\/\\\/mountainguides.pro\\\/wp-content\\\/uploads\\\/2018\\\/01\\\/mglogo.jpg\",\"contentUrl\":\"https:\\\/\\\/mountainguides.pro\\\/wp-content\\\/uploads\\\/2018\\\/01\\\/mglogo.jpg\",\"width\":1200,\"height\":630,\"caption\":\"Mountain Guide\"},\"image\":{\"@id\":\"https:\\\/\\\/mountainguides.pro\\\/#\\\/schema\\\/logo\\\/image\\\/\"},\"sameAs\":[\"https:\\\/\\\/www.facebook.com\\\/Mountainguide-232956566756831\\\/\",\"https:\\\/\\\/x.com\\\/Wintercyclone\",\"http:\\\/\\\/instagram.com\\\/mountainguide\",\"http:\\\/\\\/www.youtube.com\\\/mountainguide\"]}]}<\/script>\n<!-- \/ Yoast SEO Premium plugin. -->","yoast_head_json":{"title":"Safari Tanzania","robots":{"index":"index","follow":"follow","max-snippet":"max-snippet:-1","max-image-preview":"max-image-preview:large","max-video-preview":"max-video-preview:-1"},"canonical":"https:\/\/mountainguides.pro\/ja\/tours\/safari\/safari-tanzania\/","og_locale":"en_US","og_type":"article","og_title":"[:en]Safari Tanzania[:de]Tour nach Tansania: Safaris in der Serengeti, in Ngorongoro und in Tarangira[:es]Tour a Tanzania: Safari en el Serengeti, Ngorongoro y Tarangira[:pt]Excurs\u00e3o \u00e0 Tanz\u00e2nia: safaris em Serengeti, Ngorongoro e Tarangira[:zh]\u5766\u6851\u5c3c\u4e9a\u4e4b\u65c5\uff1a\u585e\u4f26\u76d6\u8482\u3001\u6069\u6208\u7f57\u6069\u6208\u7f57\u548c\u5854\u5170\u5409\u96f7\u91ce\u751f\u52a8\u7269\u56ed[:ko]\ud0c4\uc790\ub2c8\uc544 \ud22c\uc5b4:\uc138\ub81d\uac8c\ud2f0,\uc751\uace0\ub871\uace0\ub85c,\ud0c0\ub791\uae30\ub808 \uc0ac\ud30c\ub9ac[:ja]\u30bf\u30f3\u30b6\u30cb\u30a2\u30c4\u30a2\u30fc\uff1a\u30bb\u30ec\u30f3\u30b2\u30c6\u30a3\u3001\u30f3\u30b4\u30ed\u30f3\u30b4\u30ed\u3001\u30bf\u30e9\u30f3\u30ae\u30ec\u30b5\u30d5\u30a1\u30ea[:hi]\u0924\u0902\u091c\u093e\u0928\u093f\u092f\u093e \u091f\u0942\u0930: \u0938\u0947\u0930\u0947\u0928\u094d\u0917\u0947\u091f\u0940, \u0928\u093e\u0917\u094b\u0930\u094b\u0902\u0917\u094b\u0930\u094b \u0914\u0930 \u0924\u0930\u0902\u0917\u0940\u0930 \u0938\u092b\u093e\u0930\u0940[:ar]\u062c\u0648\u0644\u0629 \u062a\u0646\u0632\u0627\u0646\u064a\u0627: \u0631\u062d\u0644\u0627\u062a \u0627\u0644\u0633\u0641\u0627\u0631\u064a \u0633\u064a\u0631\u064a\u0646\u062c\u064a\u062a\u064a \u0648\u0646\u062c\u0648\u0631\u0648\u0646\u062c\u0648\u0631\u0648 \u0648\u062a\u0627\u0631\u0627\u0646\u062c\u064a\u0631\u064a[:]","og_description":"\u7d4c\u9a13\u8c4a\u5bcc\u306a\u30c9\u30e9\u30a4\u30d0\u30fc\u3068\u3068\u3082\u306b\u30b5\u30d5\u30a1\u30ea\u30b8\u30fc\u30d7\u3067\u5de1\u308b\u5192\u967a  \u91ce\u751f\u52d5\u7269\u304c\u8c4a\u5bcc\u306a\u30bb\u30ec\u30f3\u30b2\u30c6\u30a3\u56fd\u7acb\u516c\u5712\u3092\u63a2\u691c  \u4f1d\u7d71\u7684\u3067\u30e9\u30b0\u30b8\u30e5\u30a2\u30ea\u30fc\u306a\u30b5\u30d5\u30a1\u30ea\u30ad\u30e3\u30f3\u30d7\u306b\u6ede\u5728  \u30f3\u30b4\u30ed\u30f3\u30b4\u30ed\u30fb\u30af\u30ec\u30fc\u30bf\u30fc\u3067\u300c\u30d3\u30c3\u30b0\u30fb\u30d5\u30a1\u30a4\u30d6\u300d\u5b8c\u5168\u5236\u8987\u3092\u76ee\u6307\u3057\u307e\u3059  \u672c\u7269\u306e\u30a2\u30d5\u30ea\u30ab\u306e\u98a8\u571f\u3068\u6587\u5316\u306b\u89e6\u308c\u308b\u4f53\u9a13  \u30bf\u30e9\u30f3\u30ae\u30ec\u56fd\u7acb\u516c\u5712\u3067\u30be\u30a6\u306e\u7fa4\u308c\u3092\u89b3\u5bdf  \u203b\u5f53\u793e\u306f\u822a\u7a7a\u5238\u306e\u8cfc\u5165\u30fb\u8ca9\u58f2\u304a\u3088\u3073\u30d3\u30b6\u53d6\u5f97\u696d\u52d9\u3092\u884c\u3063\u3066\u304a\u308a\u307e\u305b\u3093\u3002\u305d\u306e\u305f\u3081\u3001\u30d5\u30e9\u30a4\u30c8\u3084\u56fd\u5883\u901a\u904e\u306b\u95a2\u9023\u3059\u308b\u4e0d\u53ef\u6297\u529b\uff08\u30d5\u30a9\u30fc\u30b9\u30de\u30b8\u30e5\u30fc\u30eb\uff09\u306b\u3064\u3044\u3066\u306f\u8cac\u4efb\u3092\u8ca0\u3044\u304b\u306d\u307e\u3059\u306e\u3067\u3001\u3042\u3089\u304b\u3058\u3081\u3054\u4e86\u627f\u304f\u3060\u3055\u3044\u3002 \u30a2\u30d5\u30ea\u30ab\u3067\u306f\u3001\u5c0f\u984d\u7d19\u5e63\u3084\u6c5a\u640d\u3057\u305f\u7c73\u30c9\u30eb\u7d19\u5e63\u3001\u307e\u305f2009\u5e74\u4ee5\u524d\u306b\u767a\u884c\u3055\u308c\u305f\u53e4\u3044\u7c73\u30c9\u30eb\u7d19\u5e63\u306e\u4e21\u66ff\u304c\u96e3\u3057\u3044\u5834\u5408\u304c\u3042\u308a\u307e\u3059\u3002\u5834\u6240\u306b\u3088\u3063\u3066\u306f\u8ffd\u52a0\u624b\u6570\u6599\u304c\u304b\u304b\u3063\u305f\u308a\u3001\u4e21\u66ff\u3092\u65ad\u3089\u308c\u308b\u3053\u3068\u3082\u3042\u308a\u307e\u3059\u306e\u3067\u3001\u3054\u6ce8\u610f\u304f\u3060\u3055\u3044\u3002","og_url":"https:\/\/mountainguides.pro\/ja\/tours\/safari\/safari-tanzania\/","og_site_name":"Mountain Guide","article_publisher":"https:\/\/www.facebook.com\/Mountainguide-232956566756831\/","article_modified_time":"2026-04-06T14:33:35+00:00","og_image":[{"width":1599,"height":1197,"url":"https:\/\/mountainguides.pro\/wp-content\/uploads\/2023\/11\/Safari-Tanzaniya.jpg","type":"image\/jpeg"}],"twitter_card":"summary_large_image","twitter_site":"@Wintercyclone","twitter_misc":{"Est. reading time":"1 minute"},"schema":{"@context":"https:\/\/schema.org","@graph":[{"@type":"WebPage","@id":"https:\/\/mountainguides.pro\/tours\/safari\/safari-tanzania\/","url":"https:\/\/mountainguides.pro\/tours\/safari\/safari-tanzania\/","name":"Safari Tanzania","isPartOf":{"@id":"https:\/\/mountainguides.pro\/#website"},"primaryImageOfPage":{"@id":"https:\/\/mountainguides.pro\/tours\/safari\/safari-tanzania\/#primaryimage"},"image":{"@id":"https:\/\/mountainguides.pro\/tours\/safari\/safari-tanzania\/#primaryimage"},"thumbnailUrl":"https:\/\/mountainguides.pro\/wp-content\/uploads\/2023\/11\/Safari-Tanzaniya.jpg","datePublished":"2023-11-01T11:37:57+00:00","dateModified":"2026-04-06T14:33:35+00:00","breadcrumb":{"@id":"https:\/\/mountainguides.pro\/tours\/safari\/safari-tanzania\/#breadcrumb"},"inLanguage":"ja","potentialAction":[{"@type":"ReadAction","target":["https:\/\/mountainguides.pro\/tours\/safari\/safari-tanzania\/"]}]},{"@type":"ImageObject","inLanguage":"ja","@id":"https:\/\/mountainguides.pro\/tours\/safari\/safari-tanzania\/#primaryimage","url":"https:\/\/mountainguides.pro\/wp-content\/uploads\/2023\/11\/Safari-Tanzaniya.jpg","contentUrl":"https:\/\/mountainguides.pro\/wp-content\/uploads\/2023\/11\/Safari-Tanzaniya.jpg","width":1599,"height":1197},{"@type":"BreadcrumbList","@id":"https:\/\/mountainguides.pro\/tours\/safari\/safari-tanzania\/#breadcrumb","itemListElement":[{"@type":"ListItem","position":1,"name":"Home","item":"https:\/\/mountainguides.pro\/de\/"},{"@type":"ListItem","position":2,"name":"Safari Tanzania"}]},{"@type":"WebSite","@id":"https:\/\/mountainguides.pro\/#website","url":"https:\/\/mountainguides.pro\/","name":"Mountain Guide","description":"We aspire to be the first in everything!","publisher":{"@id":"https:\/\/mountainguides.pro\/#organization"},"potentialAction":[{"@type":"SearchAction","target":{"@type":"EntryPoint","urlTemplate":"https:\/\/mountainguides.pro\/?s={search_term_string}"},"query-input":{"@type":"PropertyValueSpecification","valueRequired":true,"valueName":"search_term_string"}}],"inLanguage":"ja"},{"@type":"Organization","@id":"https:\/\/mountainguides.pro\/#organization","name":"Mountain Guide","url":"https:\/\/mountainguides.pro\/","logo":{"@type":"ImageObject","inLanguage":"ja","@id":"https:\/\/mountainguides.pro\/#\/schema\/logo\/image\/","url":"https:\/\/mountainguides.pro\/wp-content\/uploads\/2018\/01\/mglogo.jpg","contentUrl":"https:\/\/mountainguides.pro\/wp-content\/uploads\/2018\/01\/mglogo.jpg","width":1200,"height":630,"caption":"Mountain Guide"},"image":{"@id":"https:\/\/mountainguides.pro\/#\/schema\/logo\/image\/"},"sameAs":["https:\/\/www.facebook.com\/Mountainguide-232956566756831\/","https:\/\/x.com\/Wintercyclone","http:\/\/instagram.com\/mountainguide","http:\/\/www.youtube.com\/mountainguide"]}]}},"_links":{"self":[{"href":"https:\/\/mountainguides.pro\/ja\/wp-json\/wp\/v2\/product\/19744","targetHints":{"allow":["GET"]}}],"collection":[{"href":"https:\/\/mountainguides.pro\/ja\/wp-json\/wp\/v2\/product"}],"about":[{"href":"https:\/\/mountainguides.pro\/ja\/wp-json\/wp\/v2\/types\/product"}],"replies":[{"embeddable":true,"href":"https:\/\/mountainguides.pro\/ja\/wp-json\/wp\/v2\/comments?post=19744"}],"version-history":[{"count":15,"href":"https:\/\/mountainguides.pro\/ja\/wp-json\/wp\/v2\/product\/19744\/revisions"}],"predecessor-version":[{"id":33381,"href":"https:\/\/mountainguides.pro\/ja\/wp-json\/wp\/v2\/product\/19744\/revisions\/33381"}],"wp:featuredmedia":[{"embeddable":true,"href":"https:\/\/mountainguides.pro\/ja\/wp-json\/wp\/v2\/media\/19746"}],"wp:attachment":[{"href":"https:\/\/mountainguides.pro\/ja\/wp-json\/wp\/v2\/media?parent=19744"}],"wp:term":[{"taxonomy":"product_cat","embeddable":true,"href":"https:\/\/mountainguides.pro\/ja\/wp-json\/wp\/v2\/product_cat?post=19744"},{"taxonomy":"product_tag","embeddable":true,"href":"https:\/\/mountainguides.pro\/ja\/wp-json\/wp\/v2\/product_tag?post=19744"}],"curies":[{"name":"wp","href":"https:\/\/api.w.org\/{rel}","templated":true}]}}