{"id":19774,"date":"2023-11-02T11:16:25","date_gmt":"2023-11-02T08:16:25","guid":{"rendered":"https:\/\/mountainguides.pro\/?post_type=product&#038;p=19774"},"modified":"2026-04-06T17:30:15","modified_gmt":"2026-04-06T14:30:15","slug":"tour-to-morocco-for-new-year","status":"publish","type":"product","link":"https:\/\/mountainguides.pro\/ja\/tours\/adventure\/tour-to-morocco-for-new-year\/","title":{"rendered":"\u30e2\u30ed\u30c3\u30b3\u30c4\u30a2\u30fc\uff1a\u5317\u30a2\u30d5\u30ea\u30ab\u306e\u4e2d\u5fc3"},"content":{"rendered":"","protected":false},"excerpt":{"rendered":"<ul>\n<li class=\"p1\">\u30a2\u30ac\u30d5\u30a1\u30a4\u7802\u6f20\u3067\u3001\u30d9\u30eb\u30d9\u30eb\u4eba\u306e\u592a\u9f13\u306e\u97f3\u306b\u5305\u307e\u308c\u306a\u304c\u3089\u3001\u30e9\u30b0\u30b8\u30e5\u30a2\u30ea\u30fc\u306a\u30c6\u30f3\u30c8\u3067\u65b0\u5e74\u3092\u8fce\u3048\u307e\u3059<\/li>\n<li class=\"p1\">\u5927\u897f\u6d0b\u3078\u3068\u7d9a\u304f\u9ec4\u571f\u8272\u306e\u5de8\u5927\u306a\u81ea\u7136\u306e\u30a2\u30fc\u30c1\u304c\u5370\u8c61\u7684\u306a\u30ec\u30b0\u30b8\u30e9\u306e\u30d3\u30fc\u30c1 \u2015 \u30a2\u30d5\u30ea\u30ab\u306e\u771f\u306e\u5b9d\u77f3<\/li>\n<li class=\"p1\">\u30ab\u30b5\u30d6\u30e9\u30f3\u30ab\u3001\u30de\u30e9\u30b1\u30b7\u30e5\u3001\u30a8\u30c3\u30b5\u30a6\u30a3\u30e9\u3001\u30e9\u30d0\u30c8\u3001\u30bf\u30f3\u30b8\u30a7\u3001\u30d5\u30a7\u30ba\u3001\u30b7\u30e3\u30a6\u30a8\u30f3\u3092\u5de1\u308b\u5145\u5b9f\u3057\u305f\u30d7\u30ed\u30b0\u30e9\u30e0<\/li>\n<li class=\"p1\">\u4e00\u822c\u7684\u306a\u30db\u30c6\u30eb\u3067\u306f\u306a\u304f\u3001\u5404\u90fd\u5e02\u3067\u30e9\u30b0\u30b8\u30e5\u30a2\u30ea\u30fc\u306a\u30ea\u30e4\u30c9\u306b\u5bbf\u6cca<\/li>\n<li class=\"p1\">\u65c5\u306e\u9593\u306f\u30ed\u30b7\u30a2\u8a9e\u5bfe\u5fdc\u30ac\u30a4\u30c9\u304c\u540c\u884c<\/li>\n<li class=\"p1\">\u6700\u3082\u8208\u5473\u6df1\u3044\u30b9\u30dd\u30c3\u30c8\u3092\u5de1\u308b\u73fe\u5730\u30ac\u30a4\u30c9\u306b\u3088\u308b<\/li>\n<\/ul>\n<p class=\"p1\"><strong>\u203b\u3054\u6ce8\u610f\u304f\u3060\u3055\u3044\u3002\u5f53\u793e\u306f\u822a\u7a7a\u5238\u306e\u8cfc\u5165\u30fb\u8ca9\u58f2\u304a\u3088\u3073\u30d3\u30b6\u53d6\u5f97\u4ee3\u884c\u3092\u884c\u3063\u3066\u304a\u308a\u307e\u305b\u3093\u3002\u305d\u306e\u305f\u3081\u3001\u30d5\u30e9\u30a4\u30c8\u3084\u56fd\u5883\u901a\u904e\u306b\u95a2\u3059\u308b\u4e0d\u53ef\u6297\u529b\u306b\u3088\u308b\u30c8\u30e9\u30d6\u30eb\u306b\u3064\u3044\u3066\u306f\u8cac\u4efb\u3092\u8ca0\u3044\u304b\u306d\u307e\u3059\u3002<\/strong><\/p>\n<p class=\"p1\"><strong>\u30a2\u30d5\u30ea\u30ab\u3067\u306f\u3001\u5c0f\u984d\u7d19\u5e63\u3084\u7834\u640d\u3057\u3066\u3044\u308b\u7c73\u30c9\u30eb\u7d19\u5e63\u3001\u307e\u305f\u306f2009\u5e74\u4ee5\u524d\u306b\u767a\u884c\u3055\u308c\u305f\u65e7\u672d\u306e\u4e21\u66ff\u304c\u96e3\u3057\u3044\u5834\u5408\u304c\u3042\u308a\u307e\u3059\u3002\u8ffd\u52a0\u624b\u6570\u6599\u304c\u767a\u751f\u3059\u308b\u3053\u3068\u3084\u3001\u4e21\u66ff\u3092\u65ad\u3089\u308c\u308b\u3053\u3068\u3082\u3042\u308a\u307e\u3059\u306e\u3067\u3001\u3054\u7559\u610f\u304f\u3060\u3055\u3044\u3002<\/strong><\/p>\n","protected":false},"featured_media":19775,"comment_status":"closed","ping_status":"closed","template":"","meta":{"_acf_changed":false,"footnotes":""},"product_cat":[337],"product_tag":[],"class_list":{"0":"post-19774","1":"product","2":"type-product","3":"status-publish","4":"has-post-thumbnail","6":"product_cat-adventure","8":"first","9":"instock","10":"shipping-taxable","11":"purchasable","12":"product-type-simple"},"acf":[],"yoast_head":"<!-- This site is optimized with the Yoast SEO Premium plugin v26.5 (Yoast SEO v27.5) - https:\/\/yoast.com\/product\/yoast-seo-premium-wordpress\/ -->\n<title>Adventure Morocco for New Year<\/title>\n<meta name=\"robots\" content=\"index, follow, max-snippet:-1, max-image-preview:large, max-video-preview:-1\" \/>\n<link rel=\"canonical\" href=\"https:\/\/mountainguides.pro\/ja\/tours\/adventure\/tour-to-morocco-for-new-year\/\" \/>\n<meta property=\"og:locale\" content=\"en_US\" \/>\n<meta property=\"og:locale:alternate\" content=\"en_US\" \/>\n<meta property=\"og:locale:alternate\" content=\"ru_RU\" \/>\n<meta property=\"og:locale:alternate\" content=\"de\" \/>\n<meta property=\"og:locale:alternate\" content=\"es\" \/>\n<meta property=\"og:locale:alternate\" content=\"pt\" \/>\n<meta property=\"og:locale:alternate\" content=\"zh\" \/>\n<meta property=\"og:locale:alternate\" content=\"ko\" \/>\n<meta property=\"og:locale:alternate\" content=\"hi\" \/>\n<meta property=\"og:locale:alternate\" content=\"ar\" \/>\n<meta property=\"og:type\" content=\"article\" \/>\n<meta property=\"og:title\" content=\"\u30e2\u30ed\u30c3\u30b3\u30c4\u30a2\u30fc\uff1a\u5317\u30a2\u30d5\u30ea\u30ab\u306e\u4e2d\u5fc3\" \/>\n<meta property=\"og:description\" content=\"\u30a2\u30ac\u30d5\u30a1\u30a4\u7802\u6f20\u3067\u3001\u30d9\u30eb\u30d9\u30eb\u4eba\u306e\u592a\u9f13\u306e\u97f3\u306b\u5305\u307e\u308c\u306a\u304c\u3089\u3001\u30e9\u30b0\u30b8\u30e5\u30a2\u30ea\u30fc\u306a\u30c6\u30f3\u30c8\u3067\u65b0\u5e74\u3092\u8fce\u3048\u307e\u3059  \u5927\u897f\u6d0b\u3078\u3068\u7d9a\u304f\u9ec4\u571f\u8272\u306e\u5de8\u5927\u306a\u81ea\u7136\u306e\u30a2\u30fc\u30c1\u304c\u5370\u8c61\u7684\u306a\u30ec\u30b0\u30b8\u30e9\u306e\u30d3\u30fc\u30c1 \u2015 \u30a2\u30d5\u30ea\u30ab\u306e\u771f\u306e\u5b9d\u77f3  \u30ab\u30b5\u30d6\u30e9\u30f3\u30ab\u3001\u30de\u30e9\u30b1\u30b7\u30e5\u3001\u30a8\u30c3\u30b5\u30a6\u30a3\u30e9\u3001\u30e9\u30d0\u30c8\u3001\u30bf\u30f3\u30b8\u30a7\u3001\u30d5\u30a7\u30ba\u3001\u30b7\u30e3\u30a6\u30a8\u30f3\u3092\u5de1\u308b\u5145\u5b9f\u3057\u305f\u30d7\u30ed\u30b0\u30e9\u30e0  \u4e00\u822c\u7684\u306a\u30db\u30c6\u30eb\u3067\u306f\u306a\u304f\u3001\u5404\u90fd\u5e02\u3067\u30e9\u30b0\u30b8\u30e5\u30a2\u30ea\u30fc\u306a\u30ea\u30e4\u30c9\u306b\u5bbf\u6cca  \u65c5\u306e\u9593\u306f\u30ed\u30b7\u30a2\u8a9e\u5bfe\u5fdc\u30ac\u30a4\u30c9\u304c\u540c\u884c  \u6700\u3082\u8208\u5473\u6df1\u3044\u30b9\u30dd\u30c3\u30c8\u3092\u5de1\u308b\u73fe\u5730\u30ac\u30a4\u30c9\u306b\u3088\u308b  \u203b\u3054\u6ce8\u610f\u304f\u3060\u3055\u3044\u3002\u5f53\u793e\u306f\u822a\u7a7a\u5238\u306e\u8cfc\u5165\u30fb\u8ca9\u58f2\u304a\u3088\u3073\u30d3\u30b6\u53d6\u5f97\u4ee3\u884c\u3092\u884c\u3063\u3066\u304a\u308a\u307e\u305b\u3093\u3002\u305d\u306e\u305f\u3081\u3001\u30d5\u30e9\u30a4\u30c8\u3084\u56fd\u5883\u901a\u904e\u306b\u95a2\u3059\u308b\u4e0d\u53ef\u6297\u529b\u306b\u3088\u308b\u30c8\u30e9\u30d6\u30eb\u306b\u3064\u3044\u3066\u306f\u8cac\u4efb\u3092\u8ca0\u3044\u304b\u306d\u307e\u3059\u3002 \u30a2\u30d5\u30ea\u30ab\u3067\u306f\u3001\u5c0f\u984d\u7d19\u5e63\u3084\u7834\u640d\u3057\u3066\u3044\u308b\u7c73\u30c9\u30eb\u7d19\u5e63\u3001\u307e\u305f\u306f2009\u5e74\u4ee5\u524d\u306b\u767a\u884c\u3055\u308c\u305f\u65e7\u672d\u306e\u4e21\u66ff\u304c\u96e3\u3057\u3044\u5834\u5408\u304c\u3042\u308a\u307e\u3059\u3002\u8ffd\u52a0\u624b\u6570\u6599\u304c\u767a\u751f\u3059\u308b\u3053\u3068\u3084\u3001\u4e21\u66ff\u3092\u65ad\u3089\u308c\u308b\u3053\u3068\u3082\u3042\u308a\u307e\u3059\u306e\u3067\u3001\u3054\u7559\u610f\u304f\u3060\u3055\u3044\u3002\" \/>\n<meta property=\"og:url\" content=\"https:\/\/mountainguides.pro\/ja\/tours\/adventure\/tour-to-morocco-for-new-year\/\" \/>\n<meta property=\"og:site_name\" content=\"Mountain Guide\" \/>\n<meta property=\"article:publisher\" content=\"https:\/\/www.facebook.com\/Mountainguide-232956566756831\/\" \/>\n<meta property=\"article:modified_time\" content=\"2026-04-06T14:30:15+00:00\" \/>\n<meta property=\"og:image\" content=\"https:\/\/mountainguides.pro\/wp-content\/uploads\/2023\/11\/Marocco-New-Year.jpeg\" \/>\n\t<meta property=\"og:image:width\" content=\"1600\" \/>\n\t<meta property=\"og:image:height\" content=\"1200\" \/>\n\t<meta property=\"og:image:type\" content=\"image\/jpeg\" \/>\n<meta name=\"twitter:card\" content=\"summary_large_image\" \/>\n<meta name=\"twitter:site\" content=\"@Wintercyclone\" \/>\n<meta name=\"twitter:label1\" content=\"Est. reading time\" \/>\n\t<meta name=\"twitter:data1\" content=\"1 minute\" \/>\n<script type=\"application\/ld+json\" class=\"yoast-schema-graph\">{\"@context\":\"https:\\\/\\\/schema.org\",\"@graph\":[{\"@type\":\"WebPage\",\"@id\":\"https:\\\/\\\/mountainguides.pro\\\/tours\\\/adventure\\\/tour-to-morocco-for-new-year\\\/\",\"url\":\"https:\\\/\\\/mountainguides.pro\\\/tours\\\/adventure\\\/tour-to-morocco-for-new-year\\\/\",\"name\":\"Adventure Morocco for New Year\",\"isPartOf\":{\"@id\":\"https:\\\/\\\/mountainguides.pro\\\/#website\"},\"primaryImageOfPage\":{\"@id\":\"https:\\\/\\\/mountainguides.pro\\\/tours\\\/adventure\\\/tour-to-morocco-for-new-year\\\/#primaryimage\"},\"image\":{\"@id\":\"https:\\\/\\\/mountainguides.pro\\\/tours\\\/adventure\\\/tour-to-morocco-for-new-year\\\/#primaryimage\"},\"thumbnailUrl\":\"https:\\\/\\\/mountainguides.pro\\\/wp-content\\\/uploads\\\/2023\\\/11\\\/Marocco-New-Year.jpeg\",\"datePublished\":\"2023-11-02T08:16:25+00:00\",\"dateModified\":\"2026-04-06T14:30:15+00:00\",\"breadcrumb\":{\"@id\":\"https:\\\/\\\/mountainguides.pro\\\/tours\\\/adventure\\\/tour-to-morocco-for-new-year\\\/#breadcrumb\"},\"inLanguage\":\"ja\",\"potentialAction\":[{\"@type\":\"ReadAction\",\"target\":[\"https:\\\/\\\/mountainguides.pro\\\/tours\\\/adventure\\\/tour-to-morocco-for-new-year\\\/\"]}]},{\"@type\":\"ImageObject\",\"inLanguage\":\"ja\",\"@id\":\"https:\\\/\\\/mountainguides.pro\\\/tours\\\/adventure\\\/tour-to-morocco-for-new-year\\\/#primaryimage\",\"url\":\"https:\\\/\\\/mountainguides.pro\\\/wp-content\\\/uploads\\\/2023\\\/11\\\/Marocco-New-Year.jpeg\",\"contentUrl\":\"https:\\\/\\\/mountainguides.pro\\\/wp-content\\\/uploads\\\/2023\\\/11\\\/Marocco-New-Year.jpeg\",\"width\":1600,\"height\":1200},{\"@type\":\"BreadcrumbList\",\"@id\":\"https:\\\/\\\/mountainguides.pro\\\/tours\\\/adventure\\\/tour-to-morocco-for-new-year\\\/#breadcrumb\",\"itemListElement\":[{\"@type\":\"ListItem\",\"position\":1,\"name\":\"Home\",\"item\":\"https:\\\/\\\/mountainguides.pro\\\/de\\\/\"},{\"@type\":\"ListItem\",\"position\":2,\"name\":\"Tour to Morocco for New Year\"}]},{\"@type\":\"WebSite\",\"@id\":\"https:\\\/\\\/mountainguides.pro\\\/#website\",\"url\":\"https:\\\/\\\/mountainguides.pro\\\/\",\"name\":\"Mountain Guide\",\"description\":\"We aspire to be the first in everything!\",\"publisher\":{\"@id\":\"https:\\\/\\\/mountainguides.pro\\\/#organization\"},\"potentialAction\":[{\"@type\":\"SearchAction\",\"target\":{\"@type\":\"EntryPoint\",\"urlTemplate\":\"https:\\\/\\\/mountainguides.pro\\\/?s={search_term_string}\"},\"query-input\":{\"@type\":\"PropertyValueSpecification\",\"valueRequired\":true,\"valueName\":\"search_term_string\"}}],\"inLanguage\":\"ja\"},{\"@type\":\"Organization\",\"@id\":\"https:\\\/\\\/mountainguides.pro\\\/#organization\",\"name\":\"Mountain Guide\",\"url\":\"https:\\\/\\\/mountainguides.pro\\\/\",\"logo\":{\"@type\":\"ImageObject\",\"inLanguage\":\"ja\",\"@id\":\"https:\\\/\\\/mountainguides.pro\\\/#\\\/schema\\\/logo\\\/image\\\/\",\"url\":\"https:\\\/\\\/mountainguides.pro\\\/wp-content\\\/uploads\\\/2018\\\/01\\\/mglogo.jpg\",\"contentUrl\":\"https:\\\/\\\/mountainguides.pro\\\/wp-content\\\/uploads\\\/2018\\\/01\\\/mglogo.jpg\",\"width\":1200,\"height\":630,\"caption\":\"Mountain Guide\"},\"image\":{\"@id\":\"https:\\\/\\\/mountainguides.pro\\\/#\\\/schema\\\/logo\\\/image\\\/\"},\"sameAs\":[\"https:\\\/\\\/www.facebook.com\\\/Mountainguide-232956566756831\\\/\",\"https:\\\/\\\/x.com\\\/Wintercyclone\",\"http:\\\/\\\/instagram.com\\\/mountainguide\",\"http:\\\/\\\/www.youtube.com\\\/mountainguide\"]}]}<\/script>\n<!-- \/ Yoast SEO Premium plugin. -->","yoast_head_json":{"title":"Adventure Morocco for New Year","robots":{"index":"index","follow":"follow","max-snippet":"max-snippet:-1","max-image-preview":"max-image-preview:large","max-video-preview":"max-video-preview:-1"},"canonical":"https:\/\/mountainguides.pro\/ja\/tours\/adventure\/tour-to-morocco-for-new-year\/","og_locale":"en_US","og_type":"article","og_title":"[:en]Tour to Morocco for New Year[:de]Marokko-Tour: Das Herz Nordafrikas[:es]Tour por Marruecos: el coraz\u00f3n del Norte de \u00c1frica[:pt]Marrocos: o cora\u00e7\u00e3o do Norte da \u00c1frica[:zh]\u6469\u6d1b\u54e5\u4e4b\u65c5\uff1a\u5317\u975e\u7684\u4e2d\u5fc3[:ko]\ubaa8\ub85c\ucf54 \ud22c\uc5b4:\ubd81\uc544\ud504\ub9ac\uce74\uc758 \uc2ec\uc7a5[:ja]\u30e2\u30ed\u30c3\u30b3\u30c4\u30a2\u30fc\uff1a\u5317\u30a2\u30d5\u30ea\u30ab\u306e\u4e2d\u5fc3[:hi]\u092e\u094b\u0930\u0915\u094d\u0915\u094b \u091f\u0942\u0930: \u0909\u0924\u094d\u0924\u0930\u0940 \u0905\u092b\u094d\u0930\u0940\u0915\u093e \u0915\u093e \u0926\u093f\u0932[:ar]\u062c\u0648\u0644\u0629 \u0627\u0644\u0645\u063a\u0631\u0628: \u0642\u0644\u0628 \u0634\u0645\u0627\u0644 \u0623\u0641\u0631\u064a\u0642\u064a\u0627[:]","og_description":"\u30a2\u30ac\u30d5\u30a1\u30a4\u7802\u6f20\u3067\u3001\u30d9\u30eb\u30d9\u30eb\u4eba\u306e\u592a\u9f13\u306e\u97f3\u306b\u5305\u307e\u308c\u306a\u304c\u3089\u3001\u30e9\u30b0\u30b8\u30e5\u30a2\u30ea\u30fc\u306a\u30c6\u30f3\u30c8\u3067\u65b0\u5e74\u3092\u8fce\u3048\u307e\u3059  \u5927\u897f\u6d0b\u3078\u3068\u7d9a\u304f\u9ec4\u571f\u8272\u306e\u5de8\u5927\u306a\u81ea\u7136\u306e\u30a2\u30fc\u30c1\u304c\u5370\u8c61\u7684\u306a\u30ec\u30b0\u30b8\u30e9\u306e\u30d3\u30fc\u30c1 \u2015 \u30a2\u30d5\u30ea\u30ab\u306e\u771f\u306e\u5b9d\u77f3  \u30ab\u30b5\u30d6\u30e9\u30f3\u30ab\u3001\u30de\u30e9\u30b1\u30b7\u30e5\u3001\u30a8\u30c3\u30b5\u30a6\u30a3\u30e9\u3001\u30e9\u30d0\u30c8\u3001\u30bf\u30f3\u30b8\u30a7\u3001\u30d5\u30a7\u30ba\u3001\u30b7\u30e3\u30a6\u30a8\u30f3\u3092\u5de1\u308b\u5145\u5b9f\u3057\u305f\u30d7\u30ed\u30b0\u30e9\u30e0  \u4e00\u822c\u7684\u306a\u30db\u30c6\u30eb\u3067\u306f\u306a\u304f\u3001\u5404\u90fd\u5e02\u3067\u30e9\u30b0\u30b8\u30e5\u30a2\u30ea\u30fc\u306a\u30ea\u30e4\u30c9\u306b\u5bbf\u6cca  \u65c5\u306e\u9593\u306f\u30ed\u30b7\u30a2\u8a9e\u5bfe\u5fdc\u30ac\u30a4\u30c9\u304c\u540c\u884c  \u6700\u3082\u8208\u5473\u6df1\u3044\u30b9\u30dd\u30c3\u30c8\u3092\u5de1\u308b\u73fe\u5730\u30ac\u30a4\u30c9\u306b\u3088\u308b  \u203b\u3054\u6ce8\u610f\u304f\u3060\u3055\u3044\u3002\u5f53\u793e\u306f\u822a\u7a7a\u5238\u306e\u8cfc\u5165\u30fb\u8ca9\u58f2\u304a\u3088\u3073\u30d3\u30b6\u53d6\u5f97\u4ee3\u884c\u3092\u884c\u3063\u3066\u304a\u308a\u307e\u305b\u3093\u3002\u305d\u306e\u305f\u3081\u3001\u30d5\u30e9\u30a4\u30c8\u3084\u56fd\u5883\u901a\u904e\u306b\u95a2\u3059\u308b\u4e0d\u53ef\u6297\u529b\u306b\u3088\u308b\u30c8\u30e9\u30d6\u30eb\u306b\u3064\u3044\u3066\u306f\u8cac\u4efb\u3092\u8ca0\u3044\u304b\u306d\u307e\u3059\u3002 \u30a2\u30d5\u30ea\u30ab\u3067\u306f\u3001\u5c0f\u984d\u7d19\u5e63\u3084\u7834\u640d\u3057\u3066\u3044\u308b\u7c73\u30c9\u30eb\u7d19\u5e63\u3001\u307e\u305f\u306f2009\u5e74\u4ee5\u524d\u306b\u767a\u884c\u3055\u308c\u305f\u65e7\u672d\u306e\u4e21\u66ff\u304c\u96e3\u3057\u3044\u5834\u5408\u304c\u3042\u308a\u307e\u3059\u3002\u8ffd\u52a0\u624b\u6570\u6599\u304c\u767a\u751f\u3059\u308b\u3053\u3068\u3084\u3001\u4e21\u66ff\u3092\u65ad\u3089\u308c\u308b\u3053\u3068\u3082\u3042\u308a\u307e\u3059\u306e\u3067\u3001\u3054\u7559\u610f\u304f\u3060\u3055\u3044\u3002","og_url":"https:\/\/mountainguides.pro\/ja\/tours\/adventure\/tour-to-morocco-for-new-year\/","og_site_name":"Mountain Guide","article_publisher":"https:\/\/www.facebook.com\/Mountainguide-232956566756831\/","article_modified_time":"2026-04-06T14:30:15+00:00","og_image":[{"width":1600,"height":1200,"url":"https:\/\/mountainguides.pro\/wp-content\/uploads\/2023\/11\/Marocco-New-Year.jpeg","type":"image\/jpeg"}],"twitter_card":"summary_large_image","twitter_site":"@Wintercyclone","twitter_misc":{"Est. reading time":"1 minute"},"schema":{"@context":"https:\/\/schema.org","@graph":[{"@type":"WebPage","@id":"https:\/\/mountainguides.pro\/tours\/adventure\/tour-to-morocco-for-new-year\/","url":"https:\/\/mountainguides.pro\/tours\/adventure\/tour-to-morocco-for-new-year\/","name":"Adventure Morocco for New Year","isPartOf":{"@id":"https:\/\/mountainguides.pro\/#website"},"primaryImageOfPage":{"@id":"https:\/\/mountainguides.pro\/tours\/adventure\/tour-to-morocco-for-new-year\/#primaryimage"},"image":{"@id":"https:\/\/mountainguides.pro\/tours\/adventure\/tour-to-morocco-for-new-year\/#primaryimage"},"thumbnailUrl":"https:\/\/mountainguides.pro\/wp-content\/uploads\/2023\/11\/Marocco-New-Year.jpeg","datePublished":"2023-11-02T08:16:25+00:00","dateModified":"2026-04-06T14:30:15+00:00","breadcrumb":{"@id":"https:\/\/mountainguides.pro\/tours\/adventure\/tour-to-morocco-for-new-year\/#breadcrumb"},"inLanguage":"ja","potentialAction":[{"@type":"ReadAction","target":["https:\/\/mountainguides.pro\/tours\/adventure\/tour-to-morocco-for-new-year\/"]}]},{"@type":"ImageObject","inLanguage":"ja","@id":"https:\/\/mountainguides.pro\/tours\/adventure\/tour-to-morocco-for-new-year\/#primaryimage","url":"https:\/\/mountainguides.pro\/wp-content\/uploads\/2023\/11\/Marocco-New-Year.jpeg","contentUrl":"https:\/\/mountainguides.pro\/wp-content\/uploads\/2023\/11\/Marocco-New-Year.jpeg","width":1600,"height":1200},{"@type":"BreadcrumbList","@id":"https:\/\/mountainguides.pro\/tours\/adventure\/tour-to-morocco-for-new-year\/#breadcrumb","itemListElement":[{"@type":"ListItem","position":1,"name":"Home","item":"https:\/\/mountainguides.pro\/de\/"},{"@type":"ListItem","position":2,"name":"Tour to Morocco for New Year"}]},{"@type":"WebSite","@id":"https:\/\/mountainguides.pro\/#website","url":"https:\/\/mountainguides.pro\/","name":"Mountain Guide","description":"We aspire to be the first in everything!","publisher":{"@id":"https:\/\/mountainguides.pro\/#organization"},"potentialAction":[{"@type":"SearchAction","target":{"@type":"EntryPoint","urlTemplate":"https:\/\/mountainguides.pro\/?s={search_term_string}"},"query-input":{"@type":"PropertyValueSpecification","valueRequired":true,"valueName":"search_term_string"}}],"inLanguage":"ja"},{"@type":"Organization","@id":"https:\/\/mountainguides.pro\/#organization","name":"Mountain Guide","url":"https:\/\/mountainguides.pro\/","logo":{"@type":"ImageObject","inLanguage":"ja","@id":"https:\/\/mountainguides.pro\/#\/schema\/logo\/image\/","url":"https:\/\/mountainguides.pro\/wp-content\/uploads\/2018\/01\/mglogo.jpg","contentUrl":"https:\/\/mountainguides.pro\/wp-content\/uploads\/2018\/01\/mglogo.jpg","width":1200,"height":630,"caption":"Mountain Guide"},"image":{"@id":"https:\/\/mountainguides.pro\/#\/schema\/logo\/image\/"},"sameAs":["https:\/\/www.facebook.com\/Mountainguide-232956566756831\/","https:\/\/x.com\/Wintercyclone","http:\/\/instagram.com\/mountainguide","http:\/\/www.youtube.com\/mountainguide"]}]}},"_links":{"self":[{"href":"https:\/\/mountainguides.pro\/ja\/wp-json\/wp\/v2\/product\/19774","targetHints":{"allow":["GET"]}}],"collection":[{"href":"https:\/\/mountainguides.pro\/ja\/wp-json\/wp\/v2\/product"}],"about":[{"href":"https:\/\/mountainguides.pro\/ja\/wp-json\/wp\/v2\/types\/product"}],"replies":[{"embeddable":true,"href":"https:\/\/mountainguides.pro\/ja\/wp-json\/wp\/v2\/comments?post=19774"}],"version-history":[{"count":12,"href":"https:\/\/mountainguides.pro\/ja\/wp-json\/wp\/v2\/product\/19774\/revisions"}],"predecessor-version":[{"id":33380,"href":"https:\/\/mountainguides.pro\/ja\/wp-json\/wp\/v2\/product\/19774\/revisions\/33380"}],"wp:featuredmedia":[{"embeddable":true,"href":"https:\/\/mountainguides.pro\/ja\/wp-json\/wp\/v2\/media\/19775"}],"wp:attachment":[{"href":"https:\/\/mountainguides.pro\/ja\/wp-json\/wp\/v2\/media?parent=19774"}],"wp:term":[{"taxonomy":"product_cat","embeddable":true,"href":"https:\/\/mountainguides.pro\/ja\/wp-json\/wp\/v2\/product_cat?post=19774"},{"taxonomy":"product_tag","embeddable":true,"href":"https:\/\/mountainguides.pro\/ja\/wp-json\/wp\/v2\/product_tag?post=19774"}],"curies":[{"name":"wp","href":"https:\/\/api.w.org\/{rel}","templated":true}]}}