{"id":19788,"date":"2023-11-02T12:23:49","date_gmt":"2023-11-02T09:23:49","guid":{"rendered":"https:\/\/mountainguides.pro\/?post_type=product&#038;p=19788"},"modified":"2026-04-06T17:14:45","modified_gmt":"2026-04-06T14:14:45","slug":"brazil-amazon","status":"publish","type":"product","link":"https:\/\/mountainguides.pro\/ja\/tours\/adventure\/brazil-amazon\/","title":{"rendered":"\u30a2\u30de\u30be\u30f3\u30c4\u30a2\u30fc\uff1a\u30d6\u30e9\u30b8\u30eb\u3001\u30d9\u30cd\u30ba\u30a8\u30e9\u3001\u30d1\u30ca\u30de"},"content":{"rendered":"","protected":false},"excerpt":{"rendered":"<ul>\n<li class=\"p1\">1\u3064\u306e\u65c5\u30673\u304b\u56fd\u3092\u8a2a\u554f\uff1a\u30d6\u30e9\u30b8\u30eb\u3001\u30d9\u30cd\u30ba\u30a8\u30e9\u3001\u30d1\u30ca\u30de<\/li>\n<li class=\"p1\">\u300c\u5931\u308f\u308c\u305f\u4e16\u754c\u300d\u306e\u5727\u5dfb\u306e\u666f\u89b3\u3092\u5de1\u308b\u30ed\u30e9\u30a4\u30de\u5c71\u30c8\u30ec\u30c3\u30ad\u30f3\u30b0<\/li>\n<li class=\"p1\">\u4eba\u91cc\u96e2\u308c\u305f\u30c8\u30ed\u30d4\u30ab\u30eb\u30d3\u30fc\u30c1\u3067\u306e\u9759\u5bc2\u3068\u3001\u624b\u3064\u304b\u305a\u306e\u81ea\u7136\u306e\u63a2\u691c<\/li>\n<li class=\"p1\">\u8d64\u3044\u30ab\u30a8\u30eb\u5cf6\u8a2a\u554f\u3092\u542b\u3080\u3001\u30ab\u30ea\u30d6\u6d77\u306e\u30dc\u30ab\u30b9\u30fb\u30c7\u30eb\u30fb\u30c8\u30ed\u8af8\u5cf6\u306e\u63a2\u8a2a<\/li>\n<li class=\"p1\">\u4e16\u754c\u6700\u9ad8\u843d\u5dee\u3092\u8a87\u308b\u30a8\u30f3\u30b8\u30a7\u30eb\u30d5\u30a9\u30fc\u30eb\u3078\u306e\u65c5<\/li>\n<\/ul>\n<p class=\"p1\"><strong>**\u3054\u6ce8\u610f\u304f\u3060\u3055\u3044\uff1a\u5f53\u793e\u306f\u822a\u7a7a\u5238\u306e\u8cfc\u5165\u30fb\u8ca9\u58f2\u304a\u3088\u3073\u30d3\u30b6\u624b\u914d\u696d\u52d9\u3092\u884c\u3063\u3066\u304a\u308a\u307e\u305b\u3093\u3002\u305d\u306e\u305f\u3081\u3001\u30d5\u30e9\u30a4\u30c8\u3084\u56fd\u5883\u901a\u904e\u306b\u95a2\u3059\u308b\u4e0d\u53ef\u6297\u529b\u306b\u3088\u308b\u30c8\u30e9\u30d6\u30eb\u306b\u3064\u3044\u3066\u306f\u8cac\u4efb\u3092\u8ca0\u3044\u304b\u306d\u307e\u3059\u3002<\/strong><\/p>\n<p class=\"p1\"><strong>\u91cd\u8981\u306a\u3054\u6848\u5185\uff1a<\/strong><\/p>\n<ul>\n<li>\u30c1\u30a7\u30c3\u30af\u30a4\u30f3\u304a\u3088\u3073\u30c1\u30a7\u30c3\u30af\u30a2\u30a6\u30c8\u306e\u6642\u9593\u306f\u5404\u30db\u30c6\u30eb\u306e\u898f\u5b9a\u306b\u5f93\u3044\u307e\u3059\u3002\u30c1\u30a7\u30c3\u30af\u30a4\u30f3\u306f15:00\u4ee5\u964d\u3001\u30c1\u30a7\u30c3\u30af\u30a2\u30a6\u30c8\u306f11:00\uff5e12:00\u307e\u3067\u3068\u306a\u308a\u307e\u3059\u3002\u304a\u8377\u7269\u306f\u30db\u30c6\u30eb\u306e\u30d5\u30ed\u30f3\u30c8\u306b\u9810\u3051\u3066\u5e02\u5185\u6563\u7b56\u304c\u53ef\u80fd\u3067\u3059\u3002\u307e\u305f\u3001\u6280\u8853\u7684\u306b\u53ef\u80fd\u306a\u5834\u5408\u306f\u3001\u8ffd\u52a0\u6599\u91d1\u306b\u3066\u30a2\u30fc\u30ea\u30fc\u30c1\u30a7\u30c3\u30af\u30a4\u30f3\uff0f\u30ec\u30a4\u30c8\u30c1\u30a7\u30c3\u30af\u30a2\u30a6\u30c8\u3092\u3054\u5229\u7528\u3044\u305f\u3060\u3051\u307e\u3059\u3002<\/li>\n<li class=\"p1\">\u672c\u65c5\u884c\u306f\u30a8\u30af\u30b9\u30da\u30c7\u30a3\u30b7\u30e7\u30f3\u5f62\u5f0f\u3068\u306a\u308a\u307e\u3059\u3002\u73fe\u5730\u90e8\u65cf\u3084\u30b3\u30df\u30e5\u30cb\u30c6\u30a3\u3068\u306e\u4ea4\u6d41\u3001\u306a\u3089\u3073\u306b\u5929\u5019\u6761\u4ef6\u3078\u306e\u4e00\u5b9a\u306e\u4f9d\u5b58\u304c\u542b\u307e\u308c\u307e\u3059\u3002\u53ef\u80fd\u306a\u9650\u308a\u8a18\u8f09\u3055\u308c\u305f\u30b9\u30b1\u30b8\u30e5\u30fc\u30eb\u306b\u6cbf\u3063\u3066\u9032\u884c\u3044\u305f\u3057\u307e\u3059\u304c\u3001\u5f53\u793e\u306e\u7ba1\u7406\u5916\u306e\u8981\u56e0\u306b\u3088\u308a\u3001\u5185\u5bb9\u3092\u5909\u66f4\u3059\u308b\u5834\u5408\u304c\u3042\u308b\u3053\u3068\u3092\u3042\u3089\u304b\u3058\u3081\u3054\u4e86\u627f\u304f\u3060\u3055\u3044\u3002<\/li>\n<\/ul>\n","protected":false},"featured_media":19789,"comment_status":"closed","ping_status":"closed","template":"","meta":{"_acf_changed":false,"footnotes":""},"product_cat":[337],"product_tag":[],"class_list":{"0":"post-19788","1":"product","2":"type-product","3":"status-publish","4":"has-post-thumbnail","6":"product_cat-adventure","8":"first","9":"instock","10":"shipping-taxable","11":"product-type-simple"},"acf":[],"yoast_head":"<!-- This site is optimized with the Yoast SEO Premium plugin v26.5 (Yoast SEO v27.3) - https:\/\/yoast.com\/product\/yoast-seo-premium-wordpress\/ -->\n<title>Adventure Brazil Amazon<\/title>\n<meta name=\"robots\" content=\"index, follow, max-snippet:-1, max-image-preview:large, max-video-preview:-1\" \/>\n<link rel=\"canonical\" href=\"https:\/\/mountainguides.pro\/ja\/tours\/adventure\/brazil-amazon\/\" \/>\n<meta property=\"og:locale\" content=\"en_US\" \/>\n<meta property=\"og:locale:alternate\" content=\"en_US\" \/>\n<meta property=\"og:locale:alternate\" content=\"ru_RU\" \/>\n<meta property=\"og:locale:alternate\" content=\"de\" \/>\n<meta property=\"og:locale:alternate\" content=\"es\" \/>\n<meta property=\"og:locale:alternate\" content=\"pt\" \/>\n<meta property=\"og:locale:alternate\" content=\"zh\" \/>\n<meta property=\"og:locale:alternate\" content=\"ko\" \/>\n<meta property=\"og:locale:alternate\" content=\"hi\" \/>\n<meta property=\"og:locale:alternate\" content=\"ar\" \/>\n<meta property=\"og:type\" content=\"article\" \/>\n<meta property=\"og:title\" content=\"\u30a2\u30de\u30be\u30f3\u30c4\u30a2\u30fc\uff1a\u30d6\u30e9\u30b8\u30eb\u3001\u30d9\u30cd\u30ba\u30a8\u30e9\u3001\u30d1\u30ca\u30de\" \/>\n<meta property=\"og:description\" content=\"1\u3064\u306e\u65c5\u30673\u304b\u56fd\u3092\u8a2a\u554f\uff1a\u30d6\u30e9\u30b8\u30eb\u3001\u30d9\u30cd\u30ba\u30a8\u30e9\u3001\u30d1\u30ca\u30de  \u300c\u5931\u308f\u308c\u305f\u4e16\u754c\u300d\u306e\u5727\u5dfb\u306e\u666f\u89b3\u3092\u5de1\u308b\u30ed\u30e9\u30a4\u30de\u5c71\u30c8\u30ec\u30c3\u30ad\u30f3\u30b0  \u4eba\u91cc\u96e2\u308c\u305f\u30c8\u30ed\u30d4\u30ab\u30eb\u30d3\u30fc\u30c1\u3067\u306e\u9759\u5bc2\u3068\u3001\u624b\u3064\u304b\u305a\u306e\u81ea\u7136\u306e\u63a2\u691c  \u8d64\u3044\u30ab\u30a8\u30eb\u5cf6\u8a2a\u554f\u3092\u542b\u3080\u3001\u30ab\u30ea\u30d6\u6d77\u306e\u30dc\u30ab\u30b9\u30fb\u30c7\u30eb\u30fb\u30c8\u30ed\u8af8\u5cf6\u306e\u63a2\u8a2a  \u4e16\u754c\u6700\u9ad8\u843d\u5dee\u3092\u8a87\u308b\u30a8\u30f3\u30b8\u30a7\u30eb\u30d5\u30a9\u30fc\u30eb\u3078\u306e\u65c5  **\u3054\u6ce8\u610f\u304f\u3060\u3055\u3044\uff1a\u5f53\u793e\u306f\u822a\u7a7a\u5238\u306e\u8cfc\u5165\u30fb\u8ca9\u58f2\u304a\u3088\u3073\u30d3\u30b6\u624b\u914d\u696d\u52d9\u3092\u884c\u3063\u3066\u304a\u308a\u307e\u305b\u3093\u3002\u305d\u306e\u305f\u3081\u3001\u30d5\u30e9\u30a4\u30c8\u3084\u56fd\u5883\u901a\u904e\u306b\u95a2\u3059\u308b\u4e0d\u53ef\u6297\u529b\u306b\u3088\u308b\u30c8\u30e9\u30d6\u30eb\u306b\u3064\u3044\u3066\u306f\u8cac\u4efb\u3092\u8ca0\u3044\u304b\u306d\u307e\u3059\u3002 \u91cd\u8981\u306a\u3054\u6848\u5185\uff1a    \u30c1\u30a7\u30c3\u30af\u30a4\u30f3\u304a\u3088\u3073\u30c1\u30a7\u30c3\u30af\u30a2\u30a6\u30c8\u306e\u6642\u9593\u306f\u5404\u30db\u30c6\u30eb\u306e\u898f\u5b9a\u306b\u5f93\u3044\u307e\u3059\u3002\u30c1\u30a7\u30c3\u30af\u30a4\u30f3\u306f15:00\u4ee5\u964d\u3001\u30c1\u30a7\u30c3\u30af\u30a2\u30a6\u30c8\u306f11:00\uff5e12:00\u307e\u3067\u3068\u306a\u308a\u307e\u3059\u3002\u304a\u8377\u7269\u306f\u30db\u30c6\u30eb\u306e\u30d5\u30ed\u30f3\u30c8\u306b\u9810\u3051\u3066\u5e02\u5185\u6563\u7b56\u304c\u53ef\u80fd\u3067\u3059\u3002\u307e\u305f\u3001\u6280\u8853\u7684\u306b\u53ef\u80fd\u306a\u5834\u5408\u306f\u3001\u8ffd\u52a0\u6599\u91d1\u306b\u3066\u30a2\u30fc\u30ea\u30fc\u30c1\u30a7\u30c3\u30af\u30a4\u30f3\uff0f\u30ec\u30a4\u30c8\u30c1\u30a7\u30c3\u30af\u30a2\u30a6\u30c8\u3092\u3054\u5229\u7528\u3044\u305f\u3060\u3051\u307e\u3059\u3002  \u672c\u65c5\u884c\u306f\u30a8\u30af\u30b9\u30da\u30c7\u30a3\u30b7\u30e7\u30f3\u5f62\u5f0f\u3068\u306a\u308a\u307e\u3059\u3002\u73fe\u5730\u90e8\u65cf\u3084\u30b3\u30df\u30e5\u30cb\u30c6\u30a3\u3068\u306e\u4ea4\u6d41\u3001\u306a\u3089\u3073\u306b\u5929\u5019\u6761\u4ef6\u3078\u306e\u4e00\u5b9a\u306e\u4f9d\u5b58\u304c\u542b\u307e\u308c\u307e\u3059\u3002\u53ef\u80fd\u306a\u9650\u308a\u8a18\u8f09\u3055\u308c\u305f\u30b9\u30b1\u30b8\u30e5\u30fc\u30eb\u306b\u6cbf\u3063\u3066\u9032\u884c\u3044\u305f\u3057\u307e\u3059\u304c\u3001\u5f53\u793e\u306e\u7ba1\u7406\u5916\u306e\u8981\u56e0\u306b\u3088\u308a\u3001\u5185\u5bb9\u3092\u5909\u66f4\u3059\u308b\u5834\u5408\u304c\u3042\u308b\u3053\u3068\u3092\u3042\u3089\u304b\u3058\u3081\u3054\u4e86\u627f\u304f\u3060\u3055\u3044\u3002\" \/>\n<meta property=\"og:url\" content=\"https:\/\/mountainguides.pro\/ja\/tours\/adventure\/brazil-amazon\/\" \/>\n<meta property=\"og:site_name\" content=\"Mountain Guide\" \/>\n<meta property=\"article:publisher\" content=\"https:\/\/www.facebook.com\/Mountainguide-232956566756831\/\" \/>\n<meta property=\"article:modified_time\" content=\"2026-04-06T14:14:45+00:00\" \/>\n<meta property=\"og:image\" content=\"https:\/\/mountainguides.pro\/wp-content\/uploads\/2023\/11\/Brazil-Amazon.webp\" \/>\n\t<meta property=\"og:image:width\" content=\"1335\" \/>\n\t<meta property=\"og:image:height\" content=\"1780\" \/>\n\t<meta property=\"og:image:type\" content=\"image\/webp\" \/>\n<meta name=\"twitter:card\" content=\"summary_large_image\" \/>\n<meta name=\"twitter:site\" content=\"@Wintercyclone\" \/>\n<meta name=\"twitter:label1\" content=\"Est. reading time\" \/>\n\t<meta name=\"twitter:data1\" content=\"1 minute\" \/>\n<script type=\"application\/ld+json\" class=\"yoast-schema-graph\">{\"@context\":\"https:\\\/\\\/schema.org\",\"@graph\":[{\"@type\":\"WebPage\",\"@id\":\"https:\\\/\\\/mountainguides.pro\\\/tours\\\/adventure\\\/brazil-amazon\\\/\",\"url\":\"https:\\\/\\\/mountainguides.pro\\\/tours\\\/adventure\\\/brazil-amazon\\\/\",\"name\":\"Adventure Brazil Amazon\",\"isPartOf\":{\"@id\":\"https:\\\/\\\/mountainguides.pro\\\/#website\"},\"primaryImageOfPage\":{\"@id\":\"https:\\\/\\\/mountainguides.pro\\\/tours\\\/adventure\\\/brazil-amazon\\\/#primaryimage\"},\"image\":{\"@id\":\"https:\\\/\\\/mountainguides.pro\\\/tours\\\/adventure\\\/brazil-amazon\\\/#primaryimage\"},\"thumbnailUrl\":\"https:\\\/\\\/mountainguides.pro\\\/wp-content\\\/uploads\\\/2023\\\/11\\\/Brazil-Amazon.webp\",\"datePublished\":\"2023-11-02T09:23:49+00:00\",\"dateModified\":\"2026-04-06T14:14:45+00:00\",\"breadcrumb\":{\"@id\":\"https:\\\/\\\/mountainguides.pro\\\/tours\\\/adventure\\\/brazil-amazon\\\/#breadcrumb\"},\"inLanguage\":\"ja\",\"potentialAction\":[{\"@type\":\"ReadAction\",\"target\":[\"https:\\\/\\\/mountainguides.pro\\\/tours\\\/adventure\\\/brazil-amazon\\\/\"]}]},{\"@type\":\"ImageObject\",\"inLanguage\":\"ja\",\"@id\":\"https:\\\/\\\/mountainguides.pro\\\/tours\\\/adventure\\\/brazil-amazon\\\/#primaryimage\",\"url\":\"https:\\\/\\\/mountainguides.pro\\\/wp-content\\\/uploads\\\/2023\\\/11\\\/Brazil-Amazon.webp\",\"contentUrl\":\"https:\\\/\\\/mountainguides.pro\\\/wp-content\\\/uploads\\\/2023\\\/11\\\/Brazil-Amazon.webp\",\"width\":1335,\"height\":1780},{\"@type\":\"BreadcrumbList\",\"@id\":\"https:\\\/\\\/mountainguides.pro\\\/tours\\\/adventure\\\/brazil-amazon\\\/#breadcrumb\",\"itemListElement\":[{\"@type\":\"ListItem\",\"position\":1,\"name\":\"Home\",\"item\":\"https:\\\/\\\/mountainguides.pro\\\/de\\\/\"},{\"@type\":\"ListItem\",\"position\":2,\"name\":\"Brazil: Amazon\"}]},{\"@type\":\"WebSite\",\"@id\":\"https:\\\/\\\/mountainguides.pro\\\/#website\",\"url\":\"https:\\\/\\\/mountainguides.pro\\\/\",\"name\":\"Mountain Guide\",\"description\":\"We aspire to be the first in everything!\",\"publisher\":{\"@id\":\"https:\\\/\\\/mountainguides.pro\\\/#organization\"},\"potentialAction\":[{\"@type\":\"SearchAction\",\"target\":{\"@type\":\"EntryPoint\",\"urlTemplate\":\"https:\\\/\\\/mountainguides.pro\\\/?s={search_term_string}\"},\"query-input\":{\"@type\":\"PropertyValueSpecification\",\"valueRequired\":true,\"valueName\":\"search_term_string\"}}],\"inLanguage\":\"ja\"},{\"@type\":\"Organization\",\"@id\":\"https:\\\/\\\/mountainguides.pro\\\/#organization\",\"name\":\"Mountain Guide\",\"url\":\"https:\\\/\\\/mountainguides.pro\\\/\",\"logo\":{\"@type\":\"ImageObject\",\"inLanguage\":\"ja\",\"@id\":\"https:\\\/\\\/mountainguides.pro\\\/#\\\/schema\\\/logo\\\/image\\\/\",\"url\":\"https:\\\/\\\/mountainguides.pro\\\/wp-content\\\/uploads\\\/2018\\\/01\\\/mglogo.jpg\",\"contentUrl\":\"https:\\\/\\\/mountainguides.pro\\\/wp-content\\\/uploads\\\/2018\\\/01\\\/mglogo.jpg\",\"width\":1200,\"height\":630,\"caption\":\"Mountain Guide\"},\"image\":{\"@id\":\"https:\\\/\\\/mountainguides.pro\\\/#\\\/schema\\\/logo\\\/image\\\/\"},\"sameAs\":[\"https:\\\/\\\/www.facebook.com\\\/Mountainguide-232956566756831\\\/\",\"https:\\\/\\\/x.com\\\/Wintercyclone\",\"http:\\\/\\\/instagram.com\\\/mountainguide\",\"http:\\\/\\\/www.youtube.com\\\/mountainguide\"]}]}<\/script>\n<!-- \/ Yoast SEO Premium plugin. -->","yoast_head_json":{"title":"Adventure Brazil Amazon","robots":{"index":"index","follow":"follow","max-snippet":"max-snippet:-1","max-image-preview":"max-image-preview:large","max-video-preview":"max-video-preview:-1"},"canonical":"https:\/\/mountainguides.pro\/ja\/tours\/adventure\/brazil-amazon\/","og_locale":"en_US","og_type":"article","og_title":"[:en]Brazil: Amazon[:de]Tour zum Amazonas: Brasilien, Venezuela, Panama[:es]Viaje al Amazonas: Brasil, Venezuela, Panam\u00e1[:pt]Viagem \u00e0 Amaz\u00f4nia: Brasil, Venezuela, Panam\u00e1[:zh]\u4e9a\u9a6c\u900a\u4e4b\u65c5\uff1a\u5df4\u897f\u3001\u59d4\u5185\u745e\u62c9\u3001\u5df4\u62ff\u9a6c[:ko]\uc544\ub9c8\uc874 \ud22c\uc5b4:\ube0c\ub77c\uc9c8,\ubca0\ub124\uc218\uc5d8\ub77c,\ud30c\ub098\ub9c8[:ja]\u30a2\u30de\u30be\u30f3\u30c4\u30a2\u30fc\uff1a\u30d6\u30e9\u30b8\u30eb\u3001\u30d9\u30cd\u30ba\u30a8\u30e9\u3001\u30d1\u30ca\u30de[:hi]\u0905\u092e\u0947\u091c\u093c\u0945\u0928 \u091f\u0942\u0930: \u092c\u094d\u0930\u093e\u091c\u0940\u0932, \u0935\u0947\u0928\u0947\u091c\u0941\u090f\u0932\u093e, \u092a\u0928\u093e\u092e\u093e[:ar]\u062c\u0648\u0644\u0629 \u0627\u0644\u0623\u0645\u0627\u0632\u0648\u0646: \u0627\u0644\u0628\u0631\u0627\u0632\u064a\u0644 \u0648\u0641\u0646\u0632\u0648\u064a\u0644\u0627 \u0648\u0628\u0646\u0645\u0627[:]","og_description":"1\u3064\u306e\u65c5\u30673\u304b\u56fd\u3092\u8a2a\u554f\uff1a\u30d6\u30e9\u30b8\u30eb\u3001\u30d9\u30cd\u30ba\u30a8\u30e9\u3001\u30d1\u30ca\u30de  \u300c\u5931\u308f\u308c\u305f\u4e16\u754c\u300d\u306e\u5727\u5dfb\u306e\u666f\u89b3\u3092\u5de1\u308b\u30ed\u30e9\u30a4\u30de\u5c71\u30c8\u30ec\u30c3\u30ad\u30f3\u30b0  \u4eba\u91cc\u96e2\u308c\u305f\u30c8\u30ed\u30d4\u30ab\u30eb\u30d3\u30fc\u30c1\u3067\u306e\u9759\u5bc2\u3068\u3001\u624b\u3064\u304b\u305a\u306e\u81ea\u7136\u306e\u63a2\u691c  \u8d64\u3044\u30ab\u30a8\u30eb\u5cf6\u8a2a\u554f\u3092\u542b\u3080\u3001\u30ab\u30ea\u30d6\u6d77\u306e\u30dc\u30ab\u30b9\u30fb\u30c7\u30eb\u30fb\u30c8\u30ed\u8af8\u5cf6\u306e\u63a2\u8a2a  \u4e16\u754c\u6700\u9ad8\u843d\u5dee\u3092\u8a87\u308b\u30a8\u30f3\u30b8\u30a7\u30eb\u30d5\u30a9\u30fc\u30eb\u3078\u306e\u65c5  **\u3054\u6ce8\u610f\u304f\u3060\u3055\u3044\uff1a\u5f53\u793e\u306f\u822a\u7a7a\u5238\u306e\u8cfc\u5165\u30fb\u8ca9\u58f2\u304a\u3088\u3073\u30d3\u30b6\u624b\u914d\u696d\u52d9\u3092\u884c\u3063\u3066\u304a\u308a\u307e\u305b\u3093\u3002\u305d\u306e\u305f\u3081\u3001\u30d5\u30e9\u30a4\u30c8\u3084\u56fd\u5883\u901a\u904e\u306b\u95a2\u3059\u308b\u4e0d\u53ef\u6297\u529b\u306b\u3088\u308b\u30c8\u30e9\u30d6\u30eb\u306b\u3064\u3044\u3066\u306f\u8cac\u4efb\u3092\u8ca0\u3044\u304b\u306d\u307e\u3059\u3002 \u91cd\u8981\u306a\u3054\u6848\u5185\uff1a    \u30c1\u30a7\u30c3\u30af\u30a4\u30f3\u304a\u3088\u3073\u30c1\u30a7\u30c3\u30af\u30a2\u30a6\u30c8\u306e\u6642\u9593\u306f\u5404\u30db\u30c6\u30eb\u306e\u898f\u5b9a\u306b\u5f93\u3044\u307e\u3059\u3002\u30c1\u30a7\u30c3\u30af\u30a4\u30f3\u306f15:00\u4ee5\u964d\u3001\u30c1\u30a7\u30c3\u30af\u30a2\u30a6\u30c8\u306f11:00\uff5e12:00\u307e\u3067\u3068\u306a\u308a\u307e\u3059\u3002\u304a\u8377\u7269\u306f\u30db\u30c6\u30eb\u306e\u30d5\u30ed\u30f3\u30c8\u306b\u9810\u3051\u3066\u5e02\u5185\u6563\u7b56\u304c\u53ef\u80fd\u3067\u3059\u3002\u307e\u305f\u3001\u6280\u8853\u7684\u306b\u53ef\u80fd\u306a\u5834\u5408\u306f\u3001\u8ffd\u52a0\u6599\u91d1\u306b\u3066\u30a2\u30fc\u30ea\u30fc\u30c1\u30a7\u30c3\u30af\u30a4\u30f3\uff0f\u30ec\u30a4\u30c8\u30c1\u30a7\u30c3\u30af\u30a2\u30a6\u30c8\u3092\u3054\u5229\u7528\u3044\u305f\u3060\u3051\u307e\u3059\u3002  \u672c\u65c5\u884c\u306f\u30a8\u30af\u30b9\u30da\u30c7\u30a3\u30b7\u30e7\u30f3\u5f62\u5f0f\u3068\u306a\u308a\u307e\u3059\u3002\u73fe\u5730\u90e8\u65cf\u3084\u30b3\u30df\u30e5\u30cb\u30c6\u30a3\u3068\u306e\u4ea4\u6d41\u3001\u306a\u3089\u3073\u306b\u5929\u5019\u6761\u4ef6\u3078\u306e\u4e00\u5b9a\u306e\u4f9d\u5b58\u304c\u542b\u307e\u308c\u307e\u3059\u3002\u53ef\u80fd\u306a\u9650\u308a\u8a18\u8f09\u3055\u308c\u305f\u30b9\u30b1\u30b8\u30e5\u30fc\u30eb\u306b\u6cbf\u3063\u3066\u9032\u884c\u3044\u305f\u3057\u307e\u3059\u304c\u3001\u5f53\u793e\u306e\u7ba1\u7406\u5916\u306e\u8981\u56e0\u306b\u3088\u308a\u3001\u5185\u5bb9\u3092\u5909\u66f4\u3059\u308b\u5834\u5408\u304c\u3042\u308b\u3053\u3068\u3092\u3042\u3089\u304b\u3058\u3081\u3054\u4e86\u627f\u304f\u3060\u3055\u3044\u3002","og_url":"https:\/\/mountainguides.pro\/ja\/tours\/adventure\/brazil-amazon\/","og_site_name":"Mountain Guide","article_publisher":"https:\/\/www.facebook.com\/Mountainguide-232956566756831\/","article_modified_time":"2026-04-06T14:14:45+00:00","og_image":[{"width":1335,"height":1780,"url":"https:\/\/mountainguides.pro\/wp-content\/uploads\/2023\/11\/Brazil-Amazon.webp","type":"image\/webp"}],"twitter_card":"summary_large_image","twitter_site":"@Wintercyclone","twitter_misc":{"Est. reading time":"1 minute"},"schema":{"@context":"https:\/\/schema.org","@graph":[{"@type":"WebPage","@id":"https:\/\/mountainguides.pro\/tours\/adventure\/brazil-amazon\/","url":"https:\/\/mountainguides.pro\/tours\/adventure\/brazil-amazon\/","name":"Adventure Brazil Amazon","isPartOf":{"@id":"https:\/\/mountainguides.pro\/#website"},"primaryImageOfPage":{"@id":"https:\/\/mountainguides.pro\/tours\/adventure\/brazil-amazon\/#primaryimage"},"image":{"@id":"https:\/\/mountainguides.pro\/tours\/adventure\/brazil-amazon\/#primaryimage"},"thumbnailUrl":"https:\/\/mountainguides.pro\/wp-content\/uploads\/2023\/11\/Brazil-Amazon.webp","datePublished":"2023-11-02T09:23:49+00:00","dateModified":"2026-04-06T14:14:45+00:00","breadcrumb":{"@id":"https:\/\/mountainguides.pro\/tours\/adventure\/brazil-amazon\/#breadcrumb"},"inLanguage":"ja","potentialAction":[{"@type":"ReadAction","target":["https:\/\/mountainguides.pro\/tours\/adventure\/brazil-amazon\/"]}]},{"@type":"ImageObject","inLanguage":"ja","@id":"https:\/\/mountainguides.pro\/tours\/adventure\/brazil-amazon\/#primaryimage","url":"https:\/\/mountainguides.pro\/wp-content\/uploads\/2023\/11\/Brazil-Amazon.webp","contentUrl":"https:\/\/mountainguides.pro\/wp-content\/uploads\/2023\/11\/Brazil-Amazon.webp","width":1335,"height":1780},{"@type":"BreadcrumbList","@id":"https:\/\/mountainguides.pro\/tours\/adventure\/brazil-amazon\/#breadcrumb","itemListElement":[{"@type":"ListItem","position":1,"name":"Home","item":"https:\/\/mountainguides.pro\/de\/"},{"@type":"ListItem","position":2,"name":"Brazil: Amazon"}]},{"@type":"WebSite","@id":"https:\/\/mountainguides.pro\/#website","url":"https:\/\/mountainguides.pro\/","name":"Mountain Guide","description":"We aspire to be the first in everything!","publisher":{"@id":"https:\/\/mountainguides.pro\/#organization"},"potentialAction":[{"@type":"SearchAction","target":{"@type":"EntryPoint","urlTemplate":"https:\/\/mountainguides.pro\/?s={search_term_string}"},"query-input":{"@type":"PropertyValueSpecification","valueRequired":true,"valueName":"search_term_string"}}],"inLanguage":"ja"},{"@type":"Organization","@id":"https:\/\/mountainguides.pro\/#organization","name":"Mountain Guide","url":"https:\/\/mountainguides.pro\/","logo":{"@type":"ImageObject","inLanguage":"ja","@id":"https:\/\/mountainguides.pro\/#\/schema\/logo\/image\/","url":"https:\/\/mountainguides.pro\/wp-content\/uploads\/2018\/01\/mglogo.jpg","contentUrl":"https:\/\/mountainguides.pro\/wp-content\/uploads\/2018\/01\/mglogo.jpg","width":1200,"height":630,"caption":"Mountain Guide"},"image":{"@id":"https:\/\/mountainguides.pro\/#\/schema\/logo\/image\/"},"sameAs":["https:\/\/www.facebook.com\/Mountainguide-232956566756831\/","https:\/\/x.com\/Wintercyclone","http:\/\/instagram.com\/mountainguide","http:\/\/www.youtube.com\/mountainguide"]}]}},"_links":{"self":[{"href":"https:\/\/mountainguides.pro\/ja\/wp-json\/wp\/v2\/product\/19788","targetHints":{"allow":["GET"]}}],"collection":[{"href":"https:\/\/mountainguides.pro\/ja\/wp-json\/wp\/v2\/product"}],"about":[{"href":"https:\/\/mountainguides.pro\/ja\/wp-json\/wp\/v2\/types\/product"}],"replies":[{"embeddable":true,"href":"https:\/\/mountainguides.pro\/ja\/wp-json\/wp\/v2\/comments?post=19788"}],"version-history":[{"count":15,"href":"https:\/\/mountainguides.pro\/ja\/wp-json\/wp\/v2\/product\/19788\/revisions"}],"predecessor-version":[{"id":33366,"href":"https:\/\/mountainguides.pro\/ja\/wp-json\/wp\/v2\/product\/19788\/revisions\/33366"}],"wp:featuredmedia":[{"embeddable":true,"href":"https:\/\/mountainguides.pro\/ja\/wp-json\/wp\/v2\/media\/19789"}],"wp:attachment":[{"href":"https:\/\/mountainguides.pro\/ja\/wp-json\/wp\/v2\/media?parent=19788"}],"wp:term":[{"taxonomy":"product_cat","embeddable":true,"href":"https:\/\/mountainguides.pro\/ja\/wp-json\/wp\/v2\/product_cat?post=19788"},{"taxonomy":"product_tag","embeddable":true,"href":"https:\/\/mountainguides.pro\/ja\/wp-json\/wp\/v2\/product_tag?post=19788"}],"curies":[{"name":"wp","href":"https:\/\/api.w.org\/{rel}","templated":true}]}}