{"id":19792,"date":"2023-11-02T12:39:55","date_gmt":"2023-11-02T09:39:55","guid":{"rendered":"https:\/\/mountainguides.pro\/?post_type=product&#038;p=19792"},"modified":"2026-04-06T17:41:49","modified_gmt":"2026-04-06T14:41:49","slug":"brazil-pantanal-iguassu-rio","status":"publish","type":"product","link":"https:\/\/mountainguides.pro\/ja\/tours\/adventure\/brazil-pantanal-iguassu-rio\/","title":{"rendered":"\u30d6\u30e9\u30b8\u30eb\u30c4\u30a2\u30fc\uff1a\u30d1\u30f3\u30bf\u30ca\u30fc\u30eb\u3001\u30a4\u30b0\u30a2\u30b9\u3001\u30ea\u30aa"},"content":{"rendered":"","protected":false},"excerpt":{"rendered":"<p class=\"p1\"><strong>\u203b\u3054\u6ce8\u610f\u304f\u3060\u3055\u3044\u3002\u5f53\u793e\u306f\u822a\u7a7a\u5238\u306e\u8cfc\u5165\u30fb\u8ca9\u58f2\u304a\u3088\u3073\u30d3\u30b6\u53d6\u5f97\u4ee3\u884c\u3092\u884c\u3063\u3066\u304a\u308a\u307e\u305b\u3093\u3002\u305d\u306e\u305f\u3081\u3001\u30d5\u30e9\u30a4\u30c8\u3084\u56fd\u5883\u901a\u904e\u306b\u95a2\u308f\u308b\u4e0d\u53ef\u6297\u529b\uff08\u30d5\u30a9\u30fc\u30b9\u30de\u30b8\u30e5\u30fc\u30eb\uff09\u306b\u3064\u3044\u3066\u306f\u8cac\u4efb\u3092\u8ca0\u3044\u304b\u306d\u307e\u3059\u3002<\/strong><\/p>\n<ul>\n<li class=\"p1\">\u79c1\u305f\u3061\u306f\u3001\u30ca\u30a4\u30a2\u30ac\u30e9\u306e\u6edd\u3088\u308a\u3082\u9ad8\u304f\u3001\u305d\u3057\u3066\u5e45\u5e83\u3044\u3068\u3055\u308c\u308b\u4e16\u754c\u4e03\u4e0d\u601d\u8b70\u306e\u3072\u3068\u3064\u3001\u30a4\u30b0\u30a2\u30b9\u306e\u6edd\u3092\u76ee\u306b\u3057\u307e\u3059\u3002<\/li>\n<li class=\"p1\">\u5357\u7c73\u3067\u6700\u3082\u7f8e\u3057\u3044\u3068\u79f0\u3055\u308c\u308b\u6d1e\u7a9f\u306e\u3072\u3068\u3064\u306b\u3001\u307b\u307c100\u30e1\u30fc\u30c8\u30eb\u306e\u5b99\u3065\u308a\u30ed\u30fc\u30d7\u3067\u4e0b\u964d\u3057\u307e\u3059\u3002<\/li>\n<li class=\"p1\">200\u4e07\u5e74\u4ee5\u4e0a\u306b\u308f\u305f\u308a\u5b8c\u5168\u306b\u9694\u96e2\u3055\u308c\u305f\u74b0\u5883\u3067\u751f\u304d\u7d9a\u3051\u3066\u304d\u305f\u3001\u30e6\u30cb\u30fc\u30af\u306a\u9b5a\u305f\u3061\u306e\u9593\u3067\u30c0\u30a4\u30d3\u30f3\u30b0\u3092\u4f53\u9a13\u3057\u307e\u3059\u3002<\/li>\n<li class=\"p1\">\u5730\u7403\u4e0a\u3067\u3082\u6700\u3082\u30e6\u30cb\u30fc\u30af\u306a\u81ea\u7136\u5730\u5e2f\u306e\u3072\u3068\u3064\u3001\u30d1\u30f3\u30bf\u30ca\u30fc\u30eb\u306e\u5927\u30d1\u30ce\u30e9\u30de\u306e\u4e0a\u7a7a\u3092\u98db\u884c\u3057\u307e\u3059\u3002<\/li>\n<li class=\"p1\">\u3053\u3053\u306b\u3057\u304b\u751f\u606f\u3057\u306a\u3044\u30d1\u30f3\u30bf\u30ca\u30fc\u30eb\u30b8\u30e3\u30ac\u30fc\u3001\u30aa\u30aa\u30a2\u30ea\u30af\u30a4\u3001\u30aa\u30bb\u30ed\u30c3\u30c8\u3001\u30b5\u30eb\u3001\u30a2\u30ca\u30b3\u30f3\u30c0\u3001\u305d\u3057\u3066\u5730\u7403\u4e0a\u6700\u5927\u306e\u9f67\u6b6f\u985e\u3067\u3042\u308b\u30ab\u30d4\u30d0\u30e9\u3092\u898b\u308b\u3053\u3068\u304c\u3067\u304d\u307e\u3059\u3002<\/li>\n<li class=\"p1\">\u30d4\u30e9\u30cb\u30a2\u3092\u91e3\u3063\u3066\u3001\u663c\u98df\u306b\u713c\u3044\u3066\u5473\u308f\u3044\u307e\u3059\u3002<\/li>\n<li class=\"p1\">\u53e4\u304d\u826f\u304d\u30a2\u30e1\u30ea\u30ab\u897f\u90e8\u5287\u306e\u3088\u3046\u306b\u3001\u6295\u3052\u7e04\u306e\u4f7f\u3044\u65b9\u3092\u5b66\u3073\u307e\u3059\u3002<\/li>\n<li class=\"p1\">\u30d4\u30af\u30cb\u30c3\u30af\u3067\u306f\u3001\u30ab\u30a4\u30de\u30f3\u3068\u30b5\u30f3\u30c9\u30a4\u30c3\u30c1\u3092\u5206\u3051\u5408\u3044\u307e\u3059\u3002<\/li>\n<li class=\"p1\">\u4e57\u99ac\u3092\u5b66\u3073\u3001\u672c\u683c\u7684\u306a\u30b8\u30e3\u30f3\u30b0\u30eb\u306e\u65c5\u3078\u51fa\u304b\u3051\u307e\u3059\u3002<\/li>\n<li class=\"p1\">\u30a2\u30de\u30be\u30f3\u5ddd\u306e\u652f\u6d41\u3067\u3042\u308b\u3001\u5357\u7c73\u306e\u795e\u79d8\u7684\u306a\u9ed2\u3044\u5ddd\u30ea\u30aa\u30fb\u30cd\u30b0\u30ed\u3092\u30ab\u30e4\u30c3\u30af\u3067\u4e0b\u308a\u307e\u3059\u3002<\/li>\n<li class=\"p1\">\u4e16\u754c\u6700\u9ad8\u7d1a\u3068\u79f0\u3055\u308c\u308b\u30b9\u30c6\u30fc\u30ad\u7528\u725b\u306e\u6570\u5343\u982d\u898f\u6a21\u306e\u7fa4\u308c\u3001\u305d\u3057\u3066\u305d\u308c\u3092\u72d9\u3046\u30b8\u30e3\u30ac\u30fc\u306e\u59ff\u3092\u76ee\u306b\u3059\u308b\u304b\u3082\u3057\u308c\u307e\u305b\u3093\u3002<\/li>\n<\/ul>\n","protected":false},"featured_media":21462,"comment_status":"closed","ping_status":"closed","template":"","meta":{"_acf_changed":false,"footnotes":""},"product_cat":[337],"product_tag":[],"class_list":{"0":"post-19792","1":"product","2":"type-product","3":"status-publish","4":"has-post-thumbnail","6":"product_cat-adventure","8":"first","9":"instock","10":"shipping-taxable","11":"purchasable","12":"product-type-simple"},"acf":[],"yoast_head":"<!-- This site is optimized with the Yoast SEO Premium plugin v26.5 (Yoast SEO v27.3) - https:\/\/yoast.com\/product\/yoast-seo-premium-wordpress\/ -->\n<title>Adventure Brazil Pantanal<\/title>\n<meta name=\"robots\" content=\"index, follow, max-snippet:-1, max-image-preview:large, max-video-preview:-1\" \/>\n<link rel=\"canonical\" href=\"https:\/\/mountainguides.pro\/ja\/tours\/adventure\/brazil-pantanal-iguassu-rio\/\" \/>\n<meta property=\"og:locale\" content=\"en_US\" \/>\n<meta property=\"og:locale:alternate\" content=\"en_US\" \/>\n<meta property=\"og:locale:alternate\" content=\"ru_RU\" \/>\n<meta property=\"og:locale:alternate\" content=\"de\" \/>\n<meta property=\"og:locale:alternate\" content=\"es\" \/>\n<meta property=\"og:locale:alternate\" content=\"pt\" \/>\n<meta property=\"og:locale:alternate\" content=\"zh\" \/>\n<meta property=\"og:locale:alternate\" content=\"ko\" \/>\n<meta property=\"og:locale:alternate\" content=\"hi\" \/>\n<meta property=\"og:locale:alternate\" content=\"ar\" \/>\n<meta property=\"og:type\" content=\"article\" \/>\n<meta property=\"og:title\" content=\"\u30d6\u30e9\u30b8\u30eb\u30c4\u30a2\u30fc\uff1a\u30d1\u30f3\u30bf\u30ca\u30fc\u30eb\u3001\u30a4\u30b0\u30a2\u30b9\u3001\u30ea\u30aa\" \/>\n<meta property=\"og:description\" content=\"\u203b\u3054\u6ce8\u610f\u304f\u3060\u3055\u3044\u3002\u5f53\u793e\u306f\u822a\u7a7a\u5238\u306e\u8cfc\u5165\u30fb\u8ca9\u58f2\u304a\u3088\u3073\u30d3\u30b6\u53d6\u5f97\u4ee3\u884c\u3092\u884c\u3063\u3066\u304a\u308a\u307e\u305b\u3093\u3002\u305d\u306e\u305f\u3081\u3001\u30d5\u30e9\u30a4\u30c8\u3084\u56fd\u5883\u901a\u904e\u306b\u95a2\u308f\u308b\u4e0d\u53ef\u6297\u529b\uff08\u30d5\u30a9\u30fc\u30b9\u30de\u30b8\u30e5\u30fc\u30eb\uff09\u306b\u3064\u3044\u3066\u306f\u8cac\u4efb\u3092\u8ca0\u3044\u304b\u306d\u307e\u3059\u3002    \u79c1\u305f\u3061\u306f\u3001\u30ca\u30a4\u30a2\u30ac\u30e9\u306e\u6edd\u3088\u308a\u3082\u9ad8\u304f\u3001\u305d\u3057\u3066\u5e45\u5e83\u3044\u3068\u3055\u308c\u308b\u4e16\u754c\u4e03\u4e0d\u601d\u8b70\u306e\u3072\u3068\u3064\u3001\u30a4\u30b0\u30a2\u30b9\u306e\u6edd\u3092\u76ee\u306b\u3057\u307e\u3059\u3002  \u5357\u7c73\u3067\u6700\u3082\u7f8e\u3057\u3044\u3068\u79f0\u3055\u308c\u308b\u6d1e\u7a9f\u306e\u3072\u3068\u3064\u306b\u3001\u307b\u307c100\u30e1\u30fc\u30c8\u30eb\u306e\u5b99\u3065\u308a\u30ed\u30fc\u30d7\u3067\u4e0b\u964d\u3057\u307e\u3059\u3002  200\u4e07\u5e74\u4ee5\u4e0a\u306b\u308f\u305f\u308a\u5b8c\u5168\u306b\u9694\u96e2\u3055\u308c\u305f\u74b0\u5883\u3067\u751f\u304d\u7d9a\u3051\u3066\u304d\u305f\u3001\u30e6\u30cb\u30fc\u30af\u306a\u9b5a\u305f\u3061\u306e\u9593\u3067\u30c0\u30a4\u30d3\u30f3\u30b0\u3092\u4f53\u9a13\u3057\u307e\u3059\u3002  \u5730\u7403\u4e0a\u3067\u3082\u6700\u3082\u30e6\u30cb\u30fc\u30af\u306a\u81ea\u7136\u5730\u5e2f\u306e\u3072\u3068\u3064\u3001\u30d1\u30f3\u30bf\u30ca\u30fc\u30eb\u306e\u5927\u30d1\u30ce\u30e9\u30de\u306e\u4e0a\u7a7a\u3092\u98db\u884c\u3057\u307e\u3059\u3002  \u3053\u3053\u306b\u3057\u304b\u751f\u606f\u3057\u306a\u3044\u30d1\u30f3\u30bf\u30ca\u30fc\u30eb\u30b8\u30e3\u30ac\u30fc\u3001\u30aa\u30aa\u30a2\u30ea\u30af\u30a4\u3001\u30aa\u30bb\u30ed\u30c3\u30c8\u3001\u30b5\u30eb\u3001\u30a2\u30ca\u30b3\u30f3\u30c0\u3001\u305d\u3057\u3066\u5730\u7403\u4e0a\u6700\u5927\u306e\u9f67\u6b6f\u985e\u3067\u3042\u308b\u30ab\u30d4\u30d0\u30e9\u3092\u898b\u308b\u3053\u3068\u304c\u3067\u304d\u307e\u3059\u3002  \u30d4\u30e9\u30cb\u30a2\u3092\u91e3\u3063\u3066\u3001\u663c\u98df\u306b\u713c\u3044\u3066\u5473\u308f\u3044\u307e\u3059\u3002  \u53e4\u304d\u826f\u304d\u30a2\u30e1\u30ea\u30ab\u897f\u90e8\u5287\u306e\u3088\u3046\u306b\u3001\u6295\u3052\u7e04\u306e\u4f7f\u3044\u65b9\u3092\u5b66\u3073\u307e\u3059\u3002  \u30d4\u30af\u30cb\u30c3\u30af\u3067\u306f\u3001\u30ab\u30a4\u30de\u30f3\u3068\u30b5\u30f3\u30c9\u30a4\u30c3\u30c1\u3092\u5206\u3051\u5408\u3044\u307e\u3059\u3002  \u4e57\u99ac\u3092\u5b66\u3073\u3001\u672c\u683c\u7684\u306a\u30b8\u30e3\u30f3\u30b0\u30eb\u306e\u65c5\u3078\u51fa\u304b\u3051\u307e\u3059\u3002  \u30a2\u30de\u30be\u30f3\u5ddd\u306e\u652f\u6d41\u3067\u3042\u308b\u3001\u5357\u7c73\u306e\u795e\u79d8\u7684\u306a\u9ed2\u3044\u5ddd\u30ea\u30aa\u30fb\u30cd\u30b0\u30ed\u3092\u30ab\u30e4\u30c3\u30af\u3067\u4e0b\u308a\u307e\u3059\u3002  \u4e16\u754c\u6700\u9ad8\u7d1a\u3068\u79f0\u3055\u308c\u308b\u30b9\u30c6\u30fc\u30ad\u7528\u725b\u306e\u6570\u5343\u982d\u898f\u6a21\u306e\u7fa4\u308c\u3001\u305d\u3057\u3066\u305d\u308c\u3092\u72d9\u3046\u30b8\u30e3\u30ac\u30fc\u306e\u59ff\u3092\u76ee\u306b\u3059\u308b\u304b\u3082\u3057\u308c\u307e\u305b\u3093\u3002\" \/>\n<meta property=\"og:url\" content=\"https:\/\/mountainguides.pro\/ja\/tours\/adventure\/brazil-pantanal-iguassu-rio\/\" \/>\n<meta property=\"og:site_name\" content=\"Mountain Guide\" \/>\n<meta property=\"article:publisher\" content=\"https:\/\/www.facebook.com\/Mountainguide-232956566756831\/\" \/>\n<meta property=\"article:modified_time\" content=\"2026-04-06T14:41:49+00:00\" \/>\n<meta property=\"og:image\" content=\"https:\/\/mountainguides.pro\/wp-content\/uploads\/2023\/11\/pantanal-braziliya-iguasu-i-rio.jpg\" \/>\n\t<meta property=\"og:image:width\" content=\"1600\" \/>\n\t<meta property=\"og:image:height\" content=\"1200\" \/>\n\t<meta property=\"og:image:type\" content=\"image\/jpeg\" \/>\n<meta name=\"twitter:card\" content=\"summary_large_image\" \/>\n<meta name=\"twitter:site\" content=\"@Wintercyclone\" \/>\n<meta name=\"twitter:label1\" content=\"Est. reading time\" \/>\n\t<meta name=\"twitter:data1\" content=\"1 minute\" \/>\n<script type=\"application\/ld+json\" class=\"yoast-schema-graph\">{\"@context\":\"https:\\\/\\\/schema.org\",\"@graph\":[{\"@type\":\"WebPage\",\"@id\":\"https:\\\/\\\/mountainguides.pro\\\/tours\\\/adventure\\\/brazil-pantanal-iguassu-rio\\\/\",\"url\":\"https:\\\/\\\/mountainguides.pro\\\/tours\\\/adventure\\\/brazil-pantanal-iguassu-rio\\\/\",\"name\":\"Adventure Brazil Pantanal\",\"isPartOf\":{\"@id\":\"https:\\\/\\\/mountainguides.pro\\\/#website\"},\"primaryImageOfPage\":{\"@id\":\"https:\\\/\\\/mountainguides.pro\\\/tours\\\/adventure\\\/brazil-pantanal-iguassu-rio\\\/#primaryimage\"},\"image\":{\"@id\":\"https:\\\/\\\/mountainguides.pro\\\/tours\\\/adventure\\\/brazil-pantanal-iguassu-rio\\\/#primaryimage\"},\"thumbnailUrl\":\"https:\\\/\\\/mountainguides.pro\\\/wp-content\\\/uploads\\\/2023\\\/11\\\/pantanal-braziliya-iguasu-i-rio.jpg\",\"datePublished\":\"2023-11-02T09:39:55+00:00\",\"dateModified\":\"2026-04-06T14:41:49+00:00\",\"breadcrumb\":{\"@id\":\"https:\\\/\\\/mountainguides.pro\\\/tours\\\/adventure\\\/brazil-pantanal-iguassu-rio\\\/#breadcrumb\"},\"inLanguage\":\"ja\",\"potentialAction\":[{\"@type\":\"ReadAction\",\"target\":[\"https:\\\/\\\/mountainguides.pro\\\/tours\\\/adventure\\\/brazil-pantanal-iguassu-rio\\\/\"]}]},{\"@type\":\"ImageObject\",\"inLanguage\":\"ja\",\"@id\":\"https:\\\/\\\/mountainguides.pro\\\/tours\\\/adventure\\\/brazil-pantanal-iguassu-rio\\\/#primaryimage\",\"url\":\"https:\\\/\\\/mountainguides.pro\\\/wp-content\\\/uploads\\\/2023\\\/11\\\/pantanal-braziliya-iguasu-i-rio.jpg\",\"contentUrl\":\"https:\\\/\\\/mountainguides.pro\\\/wp-content\\\/uploads\\\/2023\\\/11\\\/pantanal-braziliya-iguasu-i-rio.jpg\",\"width\":1600,\"height\":1200},{\"@type\":\"BreadcrumbList\",\"@id\":\"https:\\\/\\\/mountainguides.pro\\\/tours\\\/adventure\\\/brazil-pantanal-iguassu-rio\\\/#breadcrumb\",\"itemListElement\":[{\"@type\":\"ListItem\",\"position\":1,\"name\":\"Home\",\"item\":\"https:\\\/\\\/mountainguides.pro\\\/de\\\/\"},{\"@type\":\"ListItem\",\"position\":2,\"name\":\"Brazil: Pantanal, Iguassu, Rio\"}]},{\"@type\":\"WebSite\",\"@id\":\"https:\\\/\\\/mountainguides.pro\\\/#website\",\"url\":\"https:\\\/\\\/mountainguides.pro\\\/\",\"name\":\"Mountain Guide\",\"description\":\"We aspire to be the first in everything!\",\"publisher\":{\"@id\":\"https:\\\/\\\/mountainguides.pro\\\/#organization\"},\"potentialAction\":[{\"@type\":\"SearchAction\",\"target\":{\"@type\":\"EntryPoint\",\"urlTemplate\":\"https:\\\/\\\/mountainguides.pro\\\/?s={search_term_string}\"},\"query-input\":{\"@type\":\"PropertyValueSpecification\",\"valueRequired\":true,\"valueName\":\"search_term_string\"}}],\"inLanguage\":\"ja\"},{\"@type\":\"Organization\",\"@id\":\"https:\\\/\\\/mountainguides.pro\\\/#organization\",\"name\":\"Mountain Guide\",\"url\":\"https:\\\/\\\/mountainguides.pro\\\/\",\"logo\":{\"@type\":\"ImageObject\",\"inLanguage\":\"ja\",\"@id\":\"https:\\\/\\\/mountainguides.pro\\\/#\\\/schema\\\/logo\\\/image\\\/\",\"url\":\"https:\\\/\\\/mountainguides.pro\\\/wp-content\\\/uploads\\\/2018\\\/01\\\/mglogo.jpg\",\"contentUrl\":\"https:\\\/\\\/mountainguides.pro\\\/wp-content\\\/uploads\\\/2018\\\/01\\\/mglogo.jpg\",\"width\":1200,\"height\":630,\"caption\":\"Mountain Guide\"},\"image\":{\"@id\":\"https:\\\/\\\/mountainguides.pro\\\/#\\\/schema\\\/logo\\\/image\\\/\"},\"sameAs\":[\"https:\\\/\\\/www.facebook.com\\\/Mountainguide-232956566756831\\\/\",\"https:\\\/\\\/x.com\\\/Wintercyclone\",\"http:\\\/\\\/instagram.com\\\/mountainguide\",\"http:\\\/\\\/www.youtube.com\\\/mountainguide\"]}]}<\/script>\n<!-- \/ Yoast SEO Premium plugin. -->","yoast_head_json":{"title":"Adventure Brazil Pantanal","robots":{"index":"index","follow":"follow","max-snippet":"max-snippet:-1","max-image-preview":"max-image-preview:large","max-video-preview":"max-video-preview:-1"},"canonical":"https:\/\/mountainguides.pro\/ja\/tours\/adventure\/brazil-pantanal-iguassu-rio\/","og_locale":"en_US","og_type":"article","og_title":"[:en]Brazil: Pantanal, Iguassu, Rio[:de]Tour nach Brasilien: Pantanal, Igua\u00e7u, Rio[:es]Tour a Brasil: Pantanal, Iguaz\u00fa, r\u00edo[:pt]Tour no Brasil: Pantanal, Igua\u00e7u, Rio[:zh]\u5df4\u897f\u4e4b\u65c5\uff1a\u6f58\u5854\u7eb3\u5c14\u6e7f\u5730\u3001\u4f0a\u74dc\u82cf\u3001\u91cc\u7ea6[:ko]\ube0c\ub77c\uc9c8 \ud22c\uc5b4:\ud310\ud0c0\ub0a0,\uc774\uacfc\uc218,\ub9ac\uc624[:ja]\u30d6\u30e9\u30b8\u30eb\u30c4\u30a2\u30fc\uff1a\u30d1\u30f3\u30bf\u30ca\u30fc\u30eb\u3001\u30a4\u30b0\u30a2\u30b9\u3001\u30ea\u30aa[:hi]\u092c\u094d\u0930\u093e\u091c\u0940\u0932 \u091f\u0942\u0930: \u092a\u0948\u0902\u091f\u093e\u0928\u0932, \u0907\u0917\u093e\u091c\u093c\u0941, \u0930\u093f\u092f\u094b[:ar]\u062c\u0648\u0644\u0629 \u0627\u0644\u0628\u0631\u0627\u0632\u064a\u0644: \u0628\u0627\u0646\u062a\u0627\u0646\u0627\u0644 \u060c \u0625\u062c\u0648\u0627\u0632\u0648 \u060c \u0631\u064a\u0648[:]","og_description":"\u203b\u3054\u6ce8\u610f\u304f\u3060\u3055\u3044\u3002\u5f53\u793e\u306f\u822a\u7a7a\u5238\u306e\u8cfc\u5165\u30fb\u8ca9\u58f2\u304a\u3088\u3073\u30d3\u30b6\u53d6\u5f97\u4ee3\u884c\u3092\u884c\u3063\u3066\u304a\u308a\u307e\u305b\u3093\u3002\u305d\u306e\u305f\u3081\u3001\u30d5\u30e9\u30a4\u30c8\u3084\u56fd\u5883\u901a\u904e\u306b\u95a2\u308f\u308b\u4e0d\u53ef\u6297\u529b\uff08\u30d5\u30a9\u30fc\u30b9\u30de\u30b8\u30e5\u30fc\u30eb\uff09\u306b\u3064\u3044\u3066\u306f\u8cac\u4efb\u3092\u8ca0\u3044\u304b\u306d\u307e\u3059\u3002    \u79c1\u305f\u3061\u306f\u3001\u30ca\u30a4\u30a2\u30ac\u30e9\u306e\u6edd\u3088\u308a\u3082\u9ad8\u304f\u3001\u305d\u3057\u3066\u5e45\u5e83\u3044\u3068\u3055\u308c\u308b\u4e16\u754c\u4e03\u4e0d\u601d\u8b70\u306e\u3072\u3068\u3064\u3001\u30a4\u30b0\u30a2\u30b9\u306e\u6edd\u3092\u76ee\u306b\u3057\u307e\u3059\u3002  \u5357\u7c73\u3067\u6700\u3082\u7f8e\u3057\u3044\u3068\u79f0\u3055\u308c\u308b\u6d1e\u7a9f\u306e\u3072\u3068\u3064\u306b\u3001\u307b\u307c100\u30e1\u30fc\u30c8\u30eb\u306e\u5b99\u3065\u308a\u30ed\u30fc\u30d7\u3067\u4e0b\u964d\u3057\u307e\u3059\u3002  200\u4e07\u5e74\u4ee5\u4e0a\u306b\u308f\u305f\u308a\u5b8c\u5168\u306b\u9694\u96e2\u3055\u308c\u305f\u74b0\u5883\u3067\u751f\u304d\u7d9a\u3051\u3066\u304d\u305f\u3001\u30e6\u30cb\u30fc\u30af\u306a\u9b5a\u305f\u3061\u306e\u9593\u3067\u30c0\u30a4\u30d3\u30f3\u30b0\u3092\u4f53\u9a13\u3057\u307e\u3059\u3002  \u5730\u7403\u4e0a\u3067\u3082\u6700\u3082\u30e6\u30cb\u30fc\u30af\u306a\u81ea\u7136\u5730\u5e2f\u306e\u3072\u3068\u3064\u3001\u30d1\u30f3\u30bf\u30ca\u30fc\u30eb\u306e\u5927\u30d1\u30ce\u30e9\u30de\u306e\u4e0a\u7a7a\u3092\u98db\u884c\u3057\u307e\u3059\u3002  \u3053\u3053\u306b\u3057\u304b\u751f\u606f\u3057\u306a\u3044\u30d1\u30f3\u30bf\u30ca\u30fc\u30eb\u30b8\u30e3\u30ac\u30fc\u3001\u30aa\u30aa\u30a2\u30ea\u30af\u30a4\u3001\u30aa\u30bb\u30ed\u30c3\u30c8\u3001\u30b5\u30eb\u3001\u30a2\u30ca\u30b3\u30f3\u30c0\u3001\u305d\u3057\u3066\u5730\u7403\u4e0a\u6700\u5927\u306e\u9f67\u6b6f\u985e\u3067\u3042\u308b\u30ab\u30d4\u30d0\u30e9\u3092\u898b\u308b\u3053\u3068\u304c\u3067\u304d\u307e\u3059\u3002  \u30d4\u30e9\u30cb\u30a2\u3092\u91e3\u3063\u3066\u3001\u663c\u98df\u306b\u713c\u3044\u3066\u5473\u308f\u3044\u307e\u3059\u3002  \u53e4\u304d\u826f\u304d\u30a2\u30e1\u30ea\u30ab\u897f\u90e8\u5287\u306e\u3088\u3046\u306b\u3001\u6295\u3052\u7e04\u306e\u4f7f\u3044\u65b9\u3092\u5b66\u3073\u307e\u3059\u3002  \u30d4\u30af\u30cb\u30c3\u30af\u3067\u306f\u3001\u30ab\u30a4\u30de\u30f3\u3068\u30b5\u30f3\u30c9\u30a4\u30c3\u30c1\u3092\u5206\u3051\u5408\u3044\u307e\u3059\u3002  \u4e57\u99ac\u3092\u5b66\u3073\u3001\u672c\u683c\u7684\u306a\u30b8\u30e3\u30f3\u30b0\u30eb\u306e\u65c5\u3078\u51fa\u304b\u3051\u307e\u3059\u3002  \u30a2\u30de\u30be\u30f3\u5ddd\u306e\u652f\u6d41\u3067\u3042\u308b\u3001\u5357\u7c73\u306e\u795e\u79d8\u7684\u306a\u9ed2\u3044\u5ddd\u30ea\u30aa\u30fb\u30cd\u30b0\u30ed\u3092\u30ab\u30e4\u30c3\u30af\u3067\u4e0b\u308a\u307e\u3059\u3002  \u4e16\u754c\u6700\u9ad8\u7d1a\u3068\u79f0\u3055\u308c\u308b\u30b9\u30c6\u30fc\u30ad\u7528\u725b\u306e\u6570\u5343\u982d\u898f\u6a21\u306e\u7fa4\u308c\u3001\u305d\u3057\u3066\u305d\u308c\u3092\u72d9\u3046\u30b8\u30e3\u30ac\u30fc\u306e\u59ff\u3092\u76ee\u306b\u3059\u308b\u304b\u3082\u3057\u308c\u307e\u305b\u3093\u3002","og_url":"https:\/\/mountainguides.pro\/ja\/tours\/adventure\/brazil-pantanal-iguassu-rio\/","og_site_name":"Mountain Guide","article_publisher":"https:\/\/www.facebook.com\/Mountainguide-232956566756831\/","article_modified_time":"2026-04-06T14:41:49+00:00","og_image":[{"width":1600,"height":1200,"url":"https:\/\/mountainguides.pro\/wp-content\/uploads\/2023\/11\/pantanal-braziliya-iguasu-i-rio.jpg","type":"image\/jpeg"}],"twitter_card":"summary_large_image","twitter_site":"@Wintercyclone","twitter_misc":{"Est. reading time":"1 minute"},"schema":{"@context":"https:\/\/schema.org","@graph":[{"@type":"WebPage","@id":"https:\/\/mountainguides.pro\/tours\/adventure\/brazil-pantanal-iguassu-rio\/","url":"https:\/\/mountainguides.pro\/tours\/adventure\/brazil-pantanal-iguassu-rio\/","name":"Adventure Brazil Pantanal","isPartOf":{"@id":"https:\/\/mountainguides.pro\/#website"},"primaryImageOfPage":{"@id":"https:\/\/mountainguides.pro\/tours\/adventure\/brazil-pantanal-iguassu-rio\/#primaryimage"},"image":{"@id":"https:\/\/mountainguides.pro\/tours\/adventure\/brazil-pantanal-iguassu-rio\/#primaryimage"},"thumbnailUrl":"https:\/\/mountainguides.pro\/wp-content\/uploads\/2023\/11\/pantanal-braziliya-iguasu-i-rio.jpg","datePublished":"2023-11-02T09:39:55+00:00","dateModified":"2026-04-06T14:41:49+00:00","breadcrumb":{"@id":"https:\/\/mountainguides.pro\/tours\/adventure\/brazil-pantanal-iguassu-rio\/#breadcrumb"},"inLanguage":"ja","potentialAction":[{"@type":"ReadAction","target":["https:\/\/mountainguides.pro\/tours\/adventure\/brazil-pantanal-iguassu-rio\/"]}]},{"@type":"ImageObject","inLanguage":"ja","@id":"https:\/\/mountainguides.pro\/tours\/adventure\/brazil-pantanal-iguassu-rio\/#primaryimage","url":"https:\/\/mountainguides.pro\/wp-content\/uploads\/2023\/11\/pantanal-braziliya-iguasu-i-rio.jpg","contentUrl":"https:\/\/mountainguides.pro\/wp-content\/uploads\/2023\/11\/pantanal-braziliya-iguasu-i-rio.jpg","width":1600,"height":1200},{"@type":"BreadcrumbList","@id":"https:\/\/mountainguides.pro\/tours\/adventure\/brazil-pantanal-iguassu-rio\/#breadcrumb","itemListElement":[{"@type":"ListItem","position":1,"name":"Home","item":"https:\/\/mountainguides.pro\/de\/"},{"@type":"ListItem","position":2,"name":"Brazil: Pantanal, Iguassu, Rio"}]},{"@type":"WebSite","@id":"https:\/\/mountainguides.pro\/#website","url":"https:\/\/mountainguides.pro\/","name":"Mountain Guide","description":"We aspire to be the first in everything!","publisher":{"@id":"https:\/\/mountainguides.pro\/#organization"},"potentialAction":[{"@type":"SearchAction","target":{"@type":"EntryPoint","urlTemplate":"https:\/\/mountainguides.pro\/?s={search_term_string}"},"query-input":{"@type":"PropertyValueSpecification","valueRequired":true,"valueName":"search_term_string"}}],"inLanguage":"ja"},{"@type":"Organization","@id":"https:\/\/mountainguides.pro\/#organization","name":"Mountain Guide","url":"https:\/\/mountainguides.pro\/","logo":{"@type":"ImageObject","inLanguage":"ja","@id":"https:\/\/mountainguides.pro\/#\/schema\/logo\/image\/","url":"https:\/\/mountainguides.pro\/wp-content\/uploads\/2018\/01\/mglogo.jpg","contentUrl":"https:\/\/mountainguides.pro\/wp-content\/uploads\/2018\/01\/mglogo.jpg","width":1200,"height":630,"caption":"Mountain Guide"},"image":{"@id":"https:\/\/mountainguides.pro\/#\/schema\/logo\/image\/"},"sameAs":["https:\/\/www.facebook.com\/Mountainguide-232956566756831\/","https:\/\/x.com\/Wintercyclone","http:\/\/instagram.com\/mountainguide","http:\/\/www.youtube.com\/mountainguide"]}]}},"_links":{"self":[{"href":"https:\/\/mountainguides.pro\/ja\/wp-json\/wp\/v2\/product\/19792","targetHints":{"allow":["GET"]}}],"collection":[{"href":"https:\/\/mountainguides.pro\/ja\/wp-json\/wp\/v2\/product"}],"about":[{"href":"https:\/\/mountainguides.pro\/ja\/wp-json\/wp\/v2\/types\/product"}],"replies":[{"embeddable":true,"href":"https:\/\/mountainguides.pro\/ja\/wp-json\/wp\/v2\/comments?post=19792"}],"version-history":[{"count":13,"href":"https:\/\/mountainguides.pro\/ja\/wp-json\/wp\/v2\/product\/19792\/revisions"}],"predecessor-version":[{"id":33385,"href":"https:\/\/mountainguides.pro\/ja\/wp-json\/wp\/v2\/product\/19792\/revisions\/33385"}],"wp:featuredmedia":[{"embeddable":true,"href":"https:\/\/mountainguides.pro\/ja\/wp-json\/wp\/v2\/media\/21462"}],"wp:attachment":[{"href":"https:\/\/mountainguides.pro\/ja\/wp-json\/wp\/v2\/media?parent=19792"}],"wp:term":[{"taxonomy":"product_cat","embeddable":true,"href":"https:\/\/mountainguides.pro\/ja\/wp-json\/wp\/v2\/product_cat?post=19792"},{"taxonomy":"product_tag","embeddable":true,"href":"https:\/\/mountainguides.pro\/ja\/wp-json\/wp\/v2\/product_tag?post=19792"}],"curies":[{"name":"wp","href":"https:\/\/api.w.org\/{rel}","templated":true}]}}