{"id":21096,"date":"2025-01-08T16:49:55","date_gmt":"2025-01-08T13:49:55","guid":{"rendered":"https:\/\/mountainguides.pro\/?post_type=product&#038;p=21096"},"modified":"2026-01-29T13:19:09","modified_gmt":"2026-01-29T10:19:09","slug":"tour-to-rwanda-mountain-gorillas-and-mount-bisoke","status":"publish","type":"product","link":"https:\/\/mountainguides.pro\/ja\/tours\/adventure\/tour-to-rwanda-mountain-gorillas-and-mount-bisoke\/","title":{"rendered":"\u30eb\u30ef\u30f3\u30c0\u30c4\u30a2\u30fc\uff1a\u30de\u30a6\u30f3\u30c6\u30f3\u30b4\u30ea\u30e9\u3068\u30d3\u30bd\u30fc\u30af\u706b\u5c71"},"content":{"rendered":"","protected":false},"excerpt":{"rendered":"<ul>\n<li class=\"p1\">\u5b89\u5168\u3067\u3042\u308a\u306a\u304c\u3089\u3001\u4f9d\u7136\u3068\u3057\u3066\u8272\u5f69\u8c4a\u304b\u306a\u30a2\u30d5\u30ea\u30ab\u3078\u306e\u65c5<\/li>\n<li class=\"p1\">\u5e0c\u5c11\u306a\u30b4\u30ea\u30e9\u306e\u751f\u606f\u5730\u3068\u3057\u3066\u77e5\u3089\u308c\u308b\u30d3\u30bd\u30b1\u706b\u5c71\u306b\u767b\u9802\u3057\u307e\u3059\u3002\u4e16\u754c\u306b\u6b8b\u308b\u500b\u4f53\u6570\u306f100\u982d\u672a\u6e80\u3067\u3059<\/li>\n<li class=\"p1\">4\u7a2e\u985e\u306e\u970a\u9577\u985e \u2015 \u30b4\u30ea\u30e9\u3001\u30b3\u30ed\u30d6\u30b9\u3001\u30c1\u30f3\u30d1\u30f3\u30b8\u30fc\u3001\u30e2\u30f3\u30ad\u30fc \u2015 \u3092\u89b3\u5bdf\u3059\u308b\u3053\u3068\u3092\u76ee\u6307\u3057\u307e\u3059<\/li>\n<li class=\"p1\">\u672c\u7269\u306e\u6751\u3092\u8a2a\u308c\u3001\u30eb\u30ef\u30f3\u30c0\u306e\u4eba\u3005\u306e\u66ae\u3089\u3057\u3001\u6587\u5316\u3001\u4f1d\u7d71\u3092\u77e5\u308a\u307e\u3059<\/li>\n<li class=\"p1\">\u73fe\u4ee3\u7684\u306a\u5efa\u7269\u3001\u5e02\u5834\u3001\u30ec\u30b9\u30c8\u30e9\u30f3\u304c\u30eb\u30ef\u30f3\u30c0\u6587\u5316\u3092\u6620\u3057\u51fa\u3059\u9996\u90fd\u3092\u6563\u7b56\u3057\u307e\u3059<\/li>\n<li class=\"p1\">\u71b1\u5e2f\u96e8\u6797\u3068\u8c4a\u304b\u306a\u751f\u614b\u7cfb\u3067\u77e5\u3089\u308c\u308b\u30cc\u30f3\u30b0\u30a6\u30a7\u56fd\u7acb\u516c\u5712<\/li>\n<\/ul>\n<p class=\"p1\"><strong>*\u5f53\u793e\u306f\u822a\u7a7a\u5238\u306e\u8cfc\u5165\u30fb\u8ca9\u58f2\u3001\u30d3\u30b6\u7533\u8acb\u696d\u52d9\u3092\u884c\u3063\u3066\u304a\u308a\u307e\u305b\u3093\u3002\u305d\u306e\u305f\u3081\u3001\u30d5\u30e9\u30a4\u30c8\u9045\u5ef6\u3084\u56fd\u5883\u901a\u904e\u306b\u95a2\u3059\u308b\u30c8\u30e9\u30d6\u30eb\u306a\u3069\u3001\u6e21\u822a\u306b\u95a2\u3059\u308b\u4e0d\u53ef\u6297\u529b\u306b\u3064\u3044\u3066\u8cac\u4efb\u3092\u8ca0\u3044\u304b\u306d\u307e\u3059\u3002<\/strong><\/p>\n<p class=\"p1\"><strong>\u91cd\u8981\u306a\u60c5\u5831:<\/strong><\/p>\n<ul>\n<li class=\"p1\">\u30c1\u30a7\u30c3\u30af\u30a4\u30f3\u3068\u30c1\u30a7\u30c3\u30af\u30a2\u30a6\u30c8\u306e\u6642\u9593\u306f\u30db\u30c6\u30eb\u898f\u5b9a\u306b\u5f93\u3044\u307e\u3059\uff1a\u30c1\u30a7\u30c3\u30af\u30a4\u30f3\u306f15\u6642\u4ee5\u964d\u3001\u30c1\u30a7\u30c3\u30af\u30a2\u30a6\u30c8\u306f11\uff5e12\u6642\u307e\u3067\u3002\u8377\u7269\u306f\u30db\u30c6\u30eb\u306e\u30d5\u30ed\u30f3\u30c8\u306b\u9810\u3051\u3066\u8857\u3092\u6563\u7b56\u3059\u308b\u3053\u3068\u304c\u3067\u304d\u307e\u3059\u3002\u307e\u305f\u3001\u6280\u8853\u7684\u306b\u53ef\u80fd\u306a\u5834\u5408\u3001\u8ffd\u52a0\u6599\u91d1\u306b\u3066\u30a2\u30fc\u30ea\u30fc\u30c1\u30a7\u30c3\u30af\u30a4\u30f3\uff0f\u30ec\u30a4\u30c8\u30c1\u30a7\u30c3\u30af\u30a2\u30a6\u30c8\u304c\u53ef\u80fd\u306a\u5834\u5408\u304c\u3042\u308a\u307e\u3059<\/li>\n<\/ul>\n","protected":false},"featured_media":21455,"comment_status":"closed","ping_status":"closed","template":"","meta":{"_acf_changed":false,"footnotes":""},"product_cat":[337],"product_tag":[],"class_list":{"0":"post-21096","1":"product","2":"type-product","3":"status-publish","4":"has-post-thumbnail","6":"product_cat-adventure","8":"first","9":"instock","10":"shipping-taxable","11":"purchasable","12":"product-type-simple"},"acf":[],"yoast_head":"<!-- This site is optimized with the Yoast SEO Premium plugin v26.5 (Yoast SEO v27.3) - https:\/\/yoast.com\/product\/yoast-seo-premium-wordpress\/ -->\n<title>Adventure Rwanda<\/title>\n<meta name=\"robots\" content=\"index, follow, max-snippet:-1, max-image-preview:large, max-video-preview:-1\" \/>\n<link rel=\"canonical\" href=\"https:\/\/mountainguides.pro\/ja\/tours\/adventure\/tour-to-rwanda-mountain-gorillas-and-mount-bisoke\/\" \/>\n<meta property=\"og:locale\" content=\"en_US\" \/>\n<meta property=\"og:locale:alternate\" content=\"en_US\" \/>\n<meta property=\"og:locale:alternate\" content=\"ru_RU\" \/>\n<meta property=\"og:locale:alternate\" content=\"de\" \/>\n<meta property=\"og:locale:alternate\" content=\"es\" \/>\n<meta property=\"og:locale:alternate\" content=\"pt\" \/>\n<meta property=\"og:locale:alternate\" content=\"zh\" \/>\n<meta property=\"og:locale:alternate\" content=\"ko\" \/>\n<meta property=\"og:locale:alternate\" content=\"hi\" \/>\n<meta property=\"og:locale:alternate\" content=\"ar\" \/>\n<meta property=\"og:type\" content=\"article\" \/>\n<meta property=\"og:title\" content=\"\u30eb\u30ef\u30f3\u30c0\u30c4\u30a2\u30fc\uff1a\u30de\u30a6\u30f3\u30c6\u30f3\u30b4\u30ea\u30e9\u3068\u30d3\u30bd\u30fc\u30af\u706b\u5c71\" \/>\n<meta property=\"og:description\" content=\"\u5b89\u5168\u3067\u3042\u308a\u306a\u304c\u3089\u3001\u4f9d\u7136\u3068\u3057\u3066\u8272\u5f69\u8c4a\u304b\u306a\u30a2\u30d5\u30ea\u30ab\u3078\u306e\u65c5  \u5e0c\u5c11\u306a\u30b4\u30ea\u30e9\u306e\u751f\u606f\u5730\u3068\u3057\u3066\u77e5\u3089\u308c\u308b\u30d3\u30bd\u30b1\u706b\u5c71\u306b\u767b\u9802\u3057\u307e\u3059\u3002\u4e16\u754c\u306b\u6b8b\u308b\u500b\u4f53\u6570\u306f100\u982d\u672a\u6e80\u3067\u3059  4\u7a2e\u985e\u306e\u970a\u9577\u985e \u2015 \u30b4\u30ea\u30e9\u3001\u30b3\u30ed\u30d6\u30b9\u3001\u30c1\u30f3\u30d1\u30f3\u30b8\u30fc\u3001\u30e2\u30f3\u30ad\u30fc \u2015 \u3092\u89b3\u5bdf\u3059\u308b\u3053\u3068\u3092\u76ee\u6307\u3057\u307e\u3059  \u672c\u7269\u306e\u6751\u3092\u8a2a\u308c\u3001\u30eb\u30ef\u30f3\u30c0\u306e\u4eba\u3005\u306e\u66ae\u3089\u3057\u3001\u6587\u5316\u3001\u4f1d\u7d71\u3092\u77e5\u308a\u307e\u3059  \u73fe\u4ee3\u7684\u306a\u5efa\u7269\u3001\u5e02\u5834\u3001\u30ec\u30b9\u30c8\u30e9\u30f3\u304c\u30eb\u30ef\u30f3\u30c0\u6587\u5316\u3092\u6620\u3057\u51fa\u3059\u9996\u90fd\u3092\u6563\u7b56\u3057\u307e\u3059  \u71b1\u5e2f\u96e8\u6797\u3068\u8c4a\u304b\u306a\u751f\u614b\u7cfb\u3067\u77e5\u3089\u308c\u308b\u30cc\u30f3\u30b0\u30a6\u30a7\u56fd\u7acb\u516c\u5712  *\u5f53\u793e\u306f\u822a\u7a7a\u5238\u306e\u8cfc\u5165\u30fb\u8ca9\u58f2\u3001\u30d3\u30b6\u7533\u8acb\u696d\u52d9\u3092\u884c\u3063\u3066\u304a\u308a\u307e\u305b\u3093\u3002\u305d\u306e\u305f\u3081\u3001\u30d5\u30e9\u30a4\u30c8\u9045\u5ef6\u3084\u56fd\u5883\u901a\u904e\u306b\u95a2\u3059\u308b\u30c8\u30e9\u30d6\u30eb\u306a\u3069\u3001\u6e21\u822a\u306b\u95a2\u3059\u308b\u4e0d\u53ef\u6297\u529b\u306b\u3064\u3044\u3066\u8cac\u4efb\u3092\u8ca0\u3044\u304b\u306d\u307e\u3059\u3002 \u91cd\u8981\u306a\u60c5\u5831:    \u30c1\u30a7\u30c3\u30af\u30a4\u30f3\u3068\u30c1\u30a7\u30c3\u30af\u30a2\u30a6\u30c8\u306e\u6642\u9593\u306f\u30db\u30c6\u30eb\u898f\u5b9a\u306b\u5f93\u3044\u307e\u3059\uff1a\u30c1\u30a7\u30c3\u30af\u30a4\u30f3\u306f15\u6642\u4ee5\u964d\u3001\u30c1\u30a7\u30c3\u30af\u30a2\u30a6\u30c8\u306f11\uff5e12\u6642\u307e\u3067\u3002\u8377\u7269\u306f\u30db\u30c6\u30eb\u306e\u30d5\u30ed\u30f3\u30c8\u306b\u9810\u3051\u3066\u8857\u3092\u6563\u7b56\u3059\u308b\u3053\u3068\u304c\u3067\u304d\u307e\u3059\u3002\u307e\u305f\u3001\u6280\u8853\u7684\u306b\u53ef\u80fd\u306a\u5834\u5408\u3001\u8ffd\u52a0\u6599\u91d1\u306b\u3066\u30a2\u30fc\u30ea\u30fc\u30c1\u30a7\u30c3\u30af\u30a4\u30f3\uff0f\u30ec\u30a4\u30c8\u30c1\u30a7\u30c3\u30af\u30a2\u30a6\u30c8\u304c\u53ef\u80fd\u306a\u5834\u5408\u304c\u3042\u308a\u307e\u3059\" \/>\n<meta property=\"og:url\" content=\"https:\/\/mountainguides.pro\/ja\/tours\/adventure\/tour-to-rwanda-mountain-gorillas-and-mount-bisoke\/\" \/>\n<meta property=\"og:site_name\" content=\"Mountain Guide\" \/>\n<meta property=\"article:publisher\" content=\"https:\/\/www.facebook.com\/Mountainguide-232956566756831\/\" \/>\n<meta property=\"article:modified_time\" content=\"2026-01-29T10:19:09+00:00\" \/>\n<meta property=\"og:image\" content=\"https:\/\/mountainguides.pro\/wp-content\/uploads\/2025\/01\/tur-ruanda.jpeg\" \/>\n\t<meta property=\"og:image:width\" content=\"1800\" \/>\n\t<meta property=\"og:image:height\" content=\"1350\" \/>\n\t<meta property=\"og:image:type\" content=\"image\/jpeg\" \/>\n<meta name=\"twitter:card\" content=\"summary_large_image\" \/>\n<meta name=\"twitter:site\" content=\"@Wintercyclone\" \/>\n<meta name=\"twitter:label1\" content=\"Est. reading time\" \/>\n\t<meta name=\"twitter:data1\" content=\"1 minute\" \/>\n<script type=\"application\/ld+json\" class=\"yoast-schema-graph\">{\"@context\":\"https:\\\/\\\/schema.org\",\"@graph\":[{\"@type\":\"WebPage\",\"@id\":\"https:\\\/\\\/mountainguides.pro\\\/ar\\\/tours\\\/adventure\\\/tour-to-rwanda-mountain-gorillas-and-mount-bisoke\\\/\",\"url\":\"https:\\\/\\\/mountainguides.pro\\\/ar\\\/tours\\\/adventure\\\/tour-to-rwanda-mountain-gorillas-and-mount-bisoke\\\/\",\"name\":\"Adventure Rwanda\",\"isPartOf\":{\"@id\":\"https:\\\/\\\/mountainguides.pro\\\/#website\"},\"primaryImageOfPage\":{\"@id\":\"https:\\\/\\\/mountainguides.pro\\\/ar\\\/tours\\\/adventure\\\/tour-to-rwanda-mountain-gorillas-and-mount-bisoke\\\/#primaryimage\"},\"image\":{\"@id\":\"https:\\\/\\\/mountainguides.pro\\\/ar\\\/tours\\\/adventure\\\/tour-to-rwanda-mountain-gorillas-and-mount-bisoke\\\/#primaryimage\"},\"thumbnailUrl\":\"https:\\\/\\\/mountainguides.pro\\\/wp-content\\\/uploads\\\/2025\\\/01\\\/tur-ruanda.jpeg\",\"datePublished\":\"2025-01-08T13:49:55+00:00\",\"dateModified\":\"2026-01-29T10:19:09+00:00\",\"breadcrumb\":{\"@id\":\"https:\\\/\\\/mountainguides.pro\\\/ar\\\/tours\\\/adventure\\\/tour-to-rwanda-mountain-gorillas-and-mount-bisoke\\\/#breadcrumb\"},\"inLanguage\":\"ja\",\"potentialAction\":[{\"@type\":\"ReadAction\",\"target\":[\"https:\\\/\\\/mountainguides.pro\\\/ar\\\/tours\\\/adventure\\\/tour-to-rwanda-mountain-gorillas-and-mount-bisoke\\\/\"]}]},{\"@type\":\"ImageObject\",\"inLanguage\":\"ja\",\"@id\":\"https:\\\/\\\/mountainguides.pro\\\/ar\\\/tours\\\/adventure\\\/tour-to-rwanda-mountain-gorillas-and-mount-bisoke\\\/#primaryimage\",\"url\":\"https:\\\/\\\/mountainguides.pro\\\/wp-content\\\/uploads\\\/2025\\\/01\\\/tur-ruanda.jpeg\",\"contentUrl\":\"https:\\\/\\\/mountainguides.pro\\\/wp-content\\\/uploads\\\/2025\\\/01\\\/tur-ruanda.jpeg\",\"width\":1800,\"height\":1350},{\"@type\":\"BreadcrumbList\",\"@id\":\"https:\\\/\\\/mountainguides.pro\\\/ar\\\/tours\\\/adventure\\\/tour-to-rwanda-mountain-gorillas-and-mount-bisoke\\\/#breadcrumb\",\"itemListElement\":[{\"@type\":\"ListItem\",\"position\":1,\"name\":\"Home\",\"item\":\"https:\\\/\\\/mountainguides.pro\\\/de\\\/\"},{\"@type\":\"ListItem\",\"position\":2,\"name\":\"\u062c\u0648\u0644\u0629 \u0631\u0648\u0627\u0646\u062f\u0627: \u0627\u0644\u063a\u0648\u0631\u064a\u0644\u0627 \u0627\u0644\u062c\u0628\u0644\u064a\u0629 \u0648\u0628\u0631\u0643\u0627\u0646 \u0628\u064a\u0633\u0648\u0643\"}]},{\"@type\":\"WebSite\",\"@id\":\"https:\\\/\\\/mountainguides.pro\\\/#website\",\"url\":\"https:\\\/\\\/mountainguides.pro\\\/\",\"name\":\"Mountain Guide\",\"description\":\"We aspire to be the first in everything!\",\"publisher\":{\"@id\":\"https:\\\/\\\/mountainguides.pro\\\/#organization\"},\"potentialAction\":[{\"@type\":\"SearchAction\",\"target\":{\"@type\":\"EntryPoint\",\"urlTemplate\":\"https:\\\/\\\/mountainguides.pro\\\/?s={search_term_string}\"},\"query-input\":{\"@type\":\"PropertyValueSpecification\",\"valueRequired\":true,\"valueName\":\"search_term_string\"}}],\"inLanguage\":\"ja\"},{\"@type\":\"Organization\",\"@id\":\"https:\\\/\\\/mountainguides.pro\\\/#organization\",\"name\":\"Mountain Guide\",\"url\":\"https:\\\/\\\/mountainguides.pro\\\/\",\"logo\":{\"@type\":\"ImageObject\",\"inLanguage\":\"ja\",\"@id\":\"https:\\\/\\\/mountainguides.pro\\\/#\\\/schema\\\/logo\\\/image\\\/\",\"url\":\"https:\\\/\\\/mountainguides.pro\\\/wp-content\\\/uploads\\\/2018\\\/01\\\/mglogo.jpg\",\"contentUrl\":\"https:\\\/\\\/mountainguides.pro\\\/wp-content\\\/uploads\\\/2018\\\/01\\\/mglogo.jpg\",\"width\":1200,\"height\":630,\"caption\":\"Mountain Guide\"},\"image\":{\"@id\":\"https:\\\/\\\/mountainguides.pro\\\/#\\\/schema\\\/logo\\\/image\\\/\"},\"sameAs\":[\"https:\\\/\\\/www.facebook.com\\\/Mountainguide-232956566756831\\\/\",\"https:\\\/\\\/x.com\\\/Wintercyclone\",\"http:\\\/\\\/instagram.com\\\/mountainguide\",\"http:\\\/\\\/www.youtube.com\\\/mountainguide\"]}]}<\/script>\n<!-- \/ Yoast SEO Premium plugin. -->","yoast_head_json":{"title":"Adventure Rwanda","robots":{"index":"index","follow":"follow","max-snippet":"max-snippet:-1","max-image-preview":"max-image-preview:large","max-video-preview":"max-video-preview:-1"},"canonical":"https:\/\/mountainguides.pro\/ja\/tours\/adventure\/tour-to-rwanda-mountain-gorillas-and-mount-bisoke\/","og_locale":"en_US","og_type":"article","og_title":"[:en]Tour to Rwanda: Mountain Gorillas and Mount Bisoke[:de]Tour nach Ruanda: Berggorillas und der Vulkan Bisoque[:es]Tour a Ruanda: gorilas de monta\u00f1a y volc\u00e1n Bisoke[:pt]Excurs\u00e3o A Ruanda: gorilas da montanha e Vulc\u00e3o Bisoke[:zh]\u5362\u65fa\u8fbe\u4e4b\u65c5\uff1a\u5c71\u5730\u5927\u7329\u7329\u548c\u6bd4\u7d22\u514b\u706b\u5c71[:ko]\ub974\uc644\ub2e4 \ud22c\uc5b4:\uc0b0 \uace0\ub9b4\ub77c\uc640 \ube44\uc18c \ucf00 \ud654\uc0b0[:ja]\u30eb\u30ef\u30f3\u30c0\u30c4\u30a2\u30fc\uff1a\u30de\u30a6\u30f3\u30c6\u30f3\u30b4\u30ea\u30e9\u3068\u30d3\u30bd\u30fc\u30af\u706b\u5c71[:hi]\u0930\u0935\u093e\u0902\u0921\u093e \u091f\u0942\u0930: \u092e\u093e\u0909\u0902\u091f\u0947\u0928 \u0917\u094b\u0930\u093f\u0932\u094d\u0932\u093e \u0914\u0930 \u092c\u093f\u0938\u094b\u0915 \u091c\u094d\u0935\u093e\u0932\u093e\u092e\u0941\u0916\u0940[:ar]\u062c\u0648\u0644\u0629 \u0631\u0648\u0627\u0646\u062f\u0627: \u0627\u0644\u063a\u0648\u0631\u064a\u0644\u0627 \u0627\u0644\u062c\u0628\u0644\u064a\u0629 \u0648\u0628\u0631\u0643\u0627\u0646 \u0628\u064a\u0633\u0648\u0643[:]","og_description":"\u5b89\u5168\u3067\u3042\u308a\u306a\u304c\u3089\u3001\u4f9d\u7136\u3068\u3057\u3066\u8272\u5f69\u8c4a\u304b\u306a\u30a2\u30d5\u30ea\u30ab\u3078\u306e\u65c5  \u5e0c\u5c11\u306a\u30b4\u30ea\u30e9\u306e\u751f\u606f\u5730\u3068\u3057\u3066\u77e5\u3089\u308c\u308b\u30d3\u30bd\u30b1\u706b\u5c71\u306b\u767b\u9802\u3057\u307e\u3059\u3002\u4e16\u754c\u306b\u6b8b\u308b\u500b\u4f53\u6570\u306f100\u982d\u672a\u6e80\u3067\u3059  4\u7a2e\u985e\u306e\u970a\u9577\u985e \u2015 \u30b4\u30ea\u30e9\u3001\u30b3\u30ed\u30d6\u30b9\u3001\u30c1\u30f3\u30d1\u30f3\u30b8\u30fc\u3001\u30e2\u30f3\u30ad\u30fc \u2015 \u3092\u89b3\u5bdf\u3059\u308b\u3053\u3068\u3092\u76ee\u6307\u3057\u307e\u3059  \u672c\u7269\u306e\u6751\u3092\u8a2a\u308c\u3001\u30eb\u30ef\u30f3\u30c0\u306e\u4eba\u3005\u306e\u66ae\u3089\u3057\u3001\u6587\u5316\u3001\u4f1d\u7d71\u3092\u77e5\u308a\u307e\u3059  \u73fe\u4ee3\u7684\u306a\u5efa\u7269\u3001\u5e02\u5834\u3001\u30ec\u30b9\u30c8\u30e9\u30f3\u304c\u30eb\u30ef\u30f3\u30c0\u6587\u5316\u3092\u6620\u3057\u51fa\u3059\u9996\u90fd\u3092\u6563\u7b56\u3057\u307e\u3059  \u71b1\u5e2f\u96e8\u6797\u3068\u8c4a\u304b\u306a\u751f\u614b\u7cfb\u3067\u77e5\u3089\u308c\u308b\u30cc\u30f3\u30b0\u30a6\u30a7\u56fd\u7acb\u516c\u5712  *\u5f53\u793e\u306f\u822a\u7a7a\u5238\u306e\u8cfc\u5165\u30fb\u8ca9\u58f2\u3001\u30d3\u30b6\u7533\u8acb\u696d\u52d9\u3092\u884c\u3063\u3066\u304a\u308a\u307e\u305b\u3093\u3002\u305d\u306e\u305f\u3081\u3001\u30d5\u30e9\u30a4\u30c8\u9045\u5ef6\u3084\u56fd\u5883\u901a\u904e\u306b\u95a2\u3059\u308b\u30c8\u30e9\u30d6\u30eb\u306a\u3069\u3001\u6e21\u822a\u306b\u95a2\u3059\u308b\u4e0d\u53ef\u6297\u529b\u306b\u3064\u3044\u3066\u8cac\u4efb\u3092\u8ca0\u3044\u304b\u306d\u307e\u3059\u3002 \u91cd\u8981\u306a\u60c5\u5831:    \u30c1\u30a7\u30c3\u30af\u30a4\u30f3\u3068\u30c1\u30a7\u30c3\u30af\u30a2\u30a6\u30c8\u306e\u6642\u9593\u306f\u30db\u30c6\u30eb\u898f\u5b9a\u306b\u5f93\u3044\u307e\u3059\uff1a\u30c1\u30a7\u30c3\u30af\u30a4\u30f3\u306f15\u6642\u4ee5\u964d\u3001\u30c1\u30a7\u30c3\u30af\u30a2\u30a6\u30c8\u306f11\uff5e12\u6642\u307e\u3067\u3002\u8377\u7269\u306f\u30db\u30c6\u30eb\u306e\u30d5\u30ed\u30f3\u30c8\u306b\u9810\u3051\u3066\u8857\u3092\u6563\u7b56\u3059\u308b\u3053\u3068\u304c\u3067\u304d\u307e\u3059\u3002\u307e\u305f\u3001\u6280\u8853\u7684\u306b\u53ef\u80fd\u306a\u5834\u5408\u3001\u8ffd\u52a0\u6599\u91d1\u306b\u3066\u30a2\u30fc\u30ea\u30fc\u30c1\u30a7\u30c3\u30af\u30a4\u30f3\uff0f\u30ec\u30a4\u30c8\u30c1\u30a7\u30c3\u30af\u30a2\u30a6\u30c8\u304c\u53ef\u80fd\u306a\u5834\u5408\u304c\u3042\u308a\u307e\u3059","og_url":"https:\/\/mountainguides.pro\/ja\/tours\/adventure\/tour-to-rwanda-mountain-gorillas-and-mount-bisoke\/","og_site_name":"Mountain Guide","article_publisher":"https:\/\/www.facebook.com\/Mountainguide-232956566756831\/","article_modified_time":"2026-01-29T10:19:09+00:00","og_image":[{"width":1800,"height":1350,"url":"https:\/\/mountainguides.pro\/wp-content\/uploads\/2025\/01\/tur-ruanda.jpeg","type":"image\/jpeg"}],"twitter_card":"summary_large_image","twitter_site":"@Wintercyclone","twitter_misc":{"Est. reading time":"1 minute"},"schema":{"@context":"https:\/\/schema.org","@graph":[{"@type":"WebPage","@id":"https:\/\/mountainguides.pro\/ar\/tours\/adventure\/tour-to-rwanda-mountain-gorillas-and-mount-bisoke\/","url":"https:\/\/mountainguides.pro\/ar\/tours\/adventure\/tour-to-rwanda-mountain-gorillas-and-mount-bisoke\/","name":"Adventure Rwanda","isPartOf":{"@id":"https:\/\/mountainguides.pro\/#website"},"primaryImageOfPage":{"@id":"https:\/\/mountainguides.pro\/ar\/tours\/adventure\/tour-to-rwanda-mountain-gorillas-and-mount-bisoke\/#primaryimage"},"image":{"@id":"https:\/\/mountainguides.pro\/ar\/tours\/adventure\/tour-to-rwanda-mountain-gorillas-and-mount-bisoke\/#primaryimage"},"thumbnailUrl":"https:\/\/mountainguides.pro\/wp-content\/uploads\/2025\/01\/tur-ruanda.jpeg","datePublished":"2025-01-08T13:49:55+00:00","dateModified":"2026-01-29T10:19:09+00:00","breadcrumb":{"@id":"https:\/\/mountainguides.pro\/ar\/tours\/adventure\/tour-to-rwanda-mountain-gorillas-and-mount-bisoke\/#breadcrumb"},"inLanguage":"ja","potentialAction":[{"@type":"ReadAction","target":["https:\/\/mountainguides.pro\/ar\/tours\/adventure\/tour-to-rwanda-mountain-gorillas-and-mount-bisoke\/"]}]},{"@type":"ImageObject","inLanguage":"ja","@id":"https:\/\/mountainguides.pro\/ar\/tours\/adventure\/tour-to-rwanda-mountain-gorillas-and-mount-bisoke\/#primaryimage","url":"https:\/\/mountainguides.pro\/wp-content\/uploads\/2025\/01\/tur-ruanda.jpeg","contentUrl":"https:\/\/mountainguides.pro\/wp-content\/uploads\/2025\/01\/tur-ruanda.jpeg","width":1800,"height":1350},{"@type":"BreadcrumbList","@id":"https:\/\/mountainguides.pro\/ar\/tours\/adventure\/tour-to-rwanda-mountain-gorillas-and-mount-bisoke\/#breadcrumb","itemListElement":[{"@type":"ListItem","position":1,"name":"Home","item":"https:\/\/mountainguides.pro\/de\/"},{"@type":"ListItem","position":2,"name":"\u062c\u0648\u0644\u0629 \u0631\u0648\u0627\u0646\u062f\u0627: \u0627\u0644\u063a\u0648\u0631\u064a\u0644\u0627 \u0627\u0644\u062c\u0628\u0644\u064a\u0629 \u0648\u0628\u0631\u0643\u0627\u0646 \u0628\u064a\u0633\u0648\u0643"}]},{"@type":"WebSite","@id":"https:\/\/mountainguides.pro\/#website","url":"https:\/\/mountainguides.pro\/","name":"Mountain Guide","description":"We aspire to be the first in everything!","publisher":{"@id":"https:\/\/mountainguides.pro\/#organization"},"potentialAction":[{"@type":"SearchAction","target":{"@type":"EntryPoint","urlTemplate":"https:\/\/mountainguides.pro\/?s={search_term_string}"},"query-input":{"@type":"PropertyValueSpecification","valueRequired":true,"valueName":"search_term_string"}}],"inLanguage":"ja"},{"@type":"Organization","@id":"https:\/\/mountainguides.pro\/#organization","name":"Mountain Guide","url":"https:\/\/mountainguides.pro\/","logo":{"@type":"ImageObject","inLanguage":"ja","@id":"https:\/\/mountainguides.pro\/#\/schema\/logo\/image\/","url":"https:\/\/mountainguides.pro\/wp-content\/uploads\/2018\/01\/mglogo.jpg","contentUrl":"https:\/\/mountainguides.pro\/wp-content\/uploads\/2018\/01\/mglogo.jpg","width":1200,"height":630,"caption":"Mountain Guide"},"image":{"@id":"https:\/\/mountainguides.pro\/#\/schema\/logo\/image\/"},"sameAs":["https:\/\/www.facebook.com\/Mountainguide-232956566756831\/","https:\/\/x.com\/Wintercyclone","http:\/\/instagram.com\/mountainguide","http:\/\/www.youtube.com\/mountainguide"]}]}},"_links":{"self":[{"href":"https:\/\/mountainguides.pro\/ja\/wp-json\/wp\/v2\/product\/21096","targetHints":{"allow":["GET"]}}],"collection":[{"href":"https:\/\/mountainguides.pro\/ja\/wp-json\/wp\/v2\/product"}],"about":[{"href":"https:\/\/mountainguides.pro\/ja\/wp-json\/wp\/v2\/types\/product"}],"replies":[{"embeddable":true,"href":"https:\/\/mountainguides.pro\/ja\/wp-json\/wp\/v2\/comments?post=21096"}],"version-history":[{"count":12,"href":"https:\/\/mountainguides.pro\/ja\/wp-json\/wp\/v2\/product\/21096\/revisions"}],"predecessor-version":[{"id":32665,"href":"https:\/\/mountainguides.pro\/ja\/wp-json\/wp\/v2\/product\/21096\/revisions\/32665"}],"wp:featuredmedia":[{"embeddable":true,"href":"https:\/\/mountainguides.pro\/ja\/wp-json\/wp\/v2\/media\/21455"}],"wp:attachment":[{"href":"https:\/\/mountainguides.pro\/ja\/wp-json\/wp\/v2\/media?parent=21096"}],"wp:term":[{"taxonomy":"product_cat","embeddable":true,"href":"https:\/\/mountainguides.pro\/ja\/wp-json\/wp\/v2\/product_cat?post=21096"},{"taxonomy":"product_tag","embeddable":true,"href":"https:\/\/mountainguides.pro\/ja\/wp-json\/wp\/v2\/product_tag?post=21096"}],"curies":[{"name":"wp","href":"https:\/\/api.w.org\/{rel}","templated":true}]}}