{"id":21097,"date":"2025-01-08T16:49:42","date_gmt":"2025-01-08T13:49:42","guid":{"rendered":"https:\/\/mountainguides.pro\/?post_type=product&#038;p=21097"},"modified":"2026-01-29T13:31:24","modified_gmt":"2026-01-29T10:31:24","slug":"tour-to-zimbabwe-and-south-africa-victoria-falls-cape-town-and-cape-of-good-hope","status":"publish","type":"product","link":"https:\/\/mountainguides.pro\/ja\/tours\/adventure\/tour-to-zimbabwe-and-south-africa-victoria-falls-cape-town-and-cape-of-good-hope\/","title":{"rendered":"\u30b8\u30f3\u30d0\u30d6\u30a8\u3068\u5357\u30a2\u30d5\u30ea\u30ab\u30c4\u30a2\u30fc\uff1a\u30d3\u30af\u30c8\u30ea\u30a2\u30d5\u30a9\u30fc\u30eb\u30ba\u3001\u30b1\u30fc\u30d7\u30bf\u30a6\u30f3\u3001\u30b1\u30fc\u30d7\u30aa\u30d6\u30b0\u30c3\u30c9\u30db\u30fc\u30d7"},"content":{"rendered":"","protected":false},"excerpt":{"rendered":"<ul>\n<li class=\"p1\">\u30d3\u30af\u30c8\u30ea\u30a2\u6edd\uff1a\u4e16\u754c\u4e03\u5927\u81ea\u7136\u5947\u8de1\u306e\u4e00\u3064<\/li>\n<li class=\"p1\">\u56fd\u7acb\u516c\u5712\u3067\u306e\u30b5\u30d5\u30a1\u30ea\uff1a\u30d3\u30c3\u30b0\u30fb\u30d5\u30a1\u30a4\u30d6\u3092\u63a2\u3057\u306b\u51fa\u304b\u3051\u307e\u3059<\/li>\n<li class=\"p1\">\u30b1\u30fc\u30d7\u30bf\u30a6\u30f3\u3068\u30c6\u30fc\u30d6\u30eb\u30de\u30a6\u30f3\u30c6\u30f3\uff1a\u9b45\u529b\u7684\u306a\u30d1\u30ce\u30e9\u30de\u3068\u6587\u5316\u7684\u540d\u6240<\/li>\n<li class=\"p1\">\u30b5\u30f3\u30bf\u30fb\u30eb\u30c1\u30a2\u6e56\u306e\u30af\u30eb\u30fc\u30ba\uff1a\u30ab\u30d0\u306e\u5bb6\u65cf\u306b\u9593\u8fd1\u307e\u3067\u8fd1\u3065\u304d\u307e\u3059<\/li>\n<li class=\"p1\">\u30db\u30aa\u30b8\u30ed\u30b6\u30e1\uff1a\u81ea\u7136\u306e\u751f\u606f\u74b0\u5883\u3067\u9593\u8fd1\u306b\u89b3\u5bdf<\/li>\n<\/ul>\n<p class=\"p1\"><strong>*\u3054\u6ce8\u610f\uff1a\u5f53\u793e\u306f\u822a\u7a7a\u5238\u306e\u8cfc\u5165\u30fb\u8ca9\u58f2\u304a\u3088\u3073\u30d3\u30b6\u53d6\u5f97\u306e\u696d\u52d9\u306f\u884c\u3063\u3066\u304a\u308a\u307e\u305b\u3093\u3002\u305d\u306e\u305f\u3081\u3001\u30d5\u30e9\u30a4\u30c8\u3084\u56fd\u5883\u901a\u904e\u306b\u95a2\u3059\u308b\u4e0d\u53ef\u6297\u529b\u306b\u3088\u308b\u554f\u984c\u306b\u306f\u8cac\u4efb\u3092\u8ca0\u3044\u304b\u306d\u307e\u3059\u3002<\/strong><\/p>\n<p class=\"p1\"><strong>\u91cd\u8981\u306a\u60c5\u5831:<\/strong><\/p>\n<ul>\n<li class=\"p1\">\u30c1\u30a7\u30c3\u30af\u30a4\u30f3\u304a\u3088\u3073\u30c1\u30a7\u30c3\u30af\u30a2\u30a6\u30c8\u306e\u6642\u9593\u306f\u30db\u30c6\u30eb\u306e\u898f\u5b9a\u306b\u5f93\u3044\u307e\u3059\uff1a\u30c1\u30a7\u30c3\u30af\u30a4\u30f3\u306f15\u6642\u4ee5\u964d\u3001\u30c1\u30a7\u30c3\u30af\u30a2\u30a6\u30c8\u306f11\u301c12\u6642\u307e\u3067\u3002\u8377\u7269\u306f\u30db\u30c6\u30eb\u306e\u30d5\u30ed\u30f3\u30c8\u306b\u9810\u3051\u3066\u8857\u3092\u6563\u7b56\u3059\u308b\u3053\u3068\u3082\u53ef\u80fd\u3067\u3059\u3002\u6280\u8853\u7684\u306b\u53ef\u80fd\u306a\u5834\u5408\u3001\u8ffd\u52a0\u6599\u91d1\u3067\u30a2\u30fc\u30ea\u30fc\u30c1\u30a7\u30c3\u30af\u30a4\u30f3\uff0f\u30ec\u30a4\u30c8\u30c1\u30a7\u30c3\u30af\u30a2\u30a6\u30c8\u3082\u3067\u304d\u307e\u3059\u3002<\/li>\n<li class=\"p1\">\u30b8\u30f3\u30d0\u30d6\u30a8\u304a\u3088\u3073\u5357\u30a2\u30d5\u30ea\u30ab\u3067\u306f\u3001\u5c0f\u984d\u7d19\u5e63\u3001\u50b7\u3093\u3060\u7d19\u5e63\u3001\u53e4\u3044\u7d19\u5e63\uff082009\u5e74\u4ee5\u524d\u306e\u767a\u884c\uff09\u306e\u4e21\u66ff\u306b\u554f\u984c\u304c\u751f\u3058\u308b\u3053\u3068\u304c\u3042\u308a\u307e\u3059\u3002\u8ffd\u52a0\u624b\u6570\u6599\u304c\u767a\u751f\u3057\u305f\u308a\u3001\u4e21\u66ff\u3092\u65ad\u3089\u308c\u308b\u5834\u5408\u3082\u3042\u308a\u307e\u3059\u306e\u3067\u3054\u6ce8\u610f\u304f\u3060\u3055\u3044\u3002<\/li>\n<\/ul>\n","protected":false},"featured_media":21459,"comment_status":"closed","ping_status":"closed","template":"","meta":{"_acf_changed":false,"footnotes":""},"product_cat":[337],"product_tag":[],"class_list":{"0":"post-21097","1":"product","2":"type-product","3":"status-publish","4":"has-post-thumbnail","6":"product_cat-adventure","8":"first","9":"instock","10":"shipping-taxable","11":"purchasable","12":"product-type-simple"},"acf":[],"yoast_head":"<!-- This site is optimized with the Yoast SEO Premium plugin v26.5 (Yoast SEO v27.3) - https:\/\/yoast.com\/product\/yoast-seo-premium-wordpress\/ -->\n<title>Adventure Zimbabwe and South Africa<\/title>\n<meta name=\"robots\" content=\"index, follow, max-snippet:-1, max-image-preview:large, max-video-preview:-1\" \/>\n<link rel=\"canonical\" href=\"https:\/\/mountainguides.pro\/ja\/tours\/adventure\/tour-to-zimbabwe-and-south-africa-victoria-falls-cape-town-and-cape-of-good-hope\/\" \/>\n<meta property=\"og:locale\" content=\"en_US\" \/>\n<meta property=\"og:locale:alternate\" content=\"en_US\" \/>\n<meta property=\"og:locale:alternate\" content=\"ru_RU\" \/>\n<meta property=\"og:locale:alternate\" content=\"de\" \/>\n<meta property=\"og:locale:alternate\" content=\"es\" \/>\n<meta property=\"og:locale:alternate\" content=\"pt\" \/>\n<meta property=\"og:locale:alternate\" content=\"zh\" \/>\n<meta property=\"og:locale:alternate\" content=\"ko\" \/>\n<meta property=\"og:locale:alternate\" content=\"hi\" \/>\n<meta property=\"og:locale:alternate\" content=\"ar\" \/>\n<meta property=\"og:type\" content=\"article\" \/>\n<meta property=\"og:title\" content=\"\u30b8\u30f3\u30d0\u30d6\u30a8\u3068\u5357\u30a2\u30d5\u30ea\u30ab\u30c4\u30a2\u30fc\uff1a\u30d3\u30af\u30c8\u30ea\u30a2\u30d5\u30a9\u30fc\u30eb\u30ba\u3001\u30b1\u30fc\u30d7\u30bf\u30a6\u30f3\u3001\u30b1\u30fc\u30d7\u30aa\u30d6\u30b0\u30c3\u30c9\u30db\u30fc\u30d7\" \/>\n<meta property=\"og:description\" content=\"\u30d3\u30af\u30c8\u30ea\u30a2\u6edd\uff1a\u4e16\u754c\u4e03\u5927\u81ea\u7136\u5947\u8de1\u306e\u4e00\u3064  \u56fd\u7acb\u516c\u5712\u3067\u306e\u30b5\u30d5\u30a1\u30ea\uff1a\u30d3\u30c3\u30b0\u30fb\u30d5\u30a1\u30a4\u30d6\u3092\u63a2\u3057\u306b\u51fa\u304b\u3051\u307e\u3059  \u30b1\u30fc\u30d7\u30bf\u30a6\u30f3\u3068\u30c6\u30fc\u30d6\u30eb\u30de\u30a6\u30f3\u30c6\u30f3\uff1a\u9b45\u529b\u7684\u306a\u30d1\u30ce\u30e9\u30de\u3068\u6587\u5316\u7684\u540d\u6240  \u30b5\u30f3\u30bf\u30fb\u30eb\u30c1\u30a2\u6e56\u306e\u30af\u30eb\u30fc\u30ba\uff1a\u30ab\u30d0\u306e\u5bb6\u65cf\u306b\u9593\u8fd1\u307e\u3067\u8fd1\u3065\u304d\u307e\u3059  \u30db\u30aa\u30b8\u30ed\u30b6\u30e1\uff1a\u81ea\u7136\u306e\u751f\u606f\u74b0\u5883\u3067\u9593\u8fd1\u306b\u89b3\u5bdf  *\u3054\u6ce8\u610f\uff1a\u5f53\u793e\u306f\u822a\u7a7a\u5238\u306e\u8cfc\u5165\u30fb\u8ca9\u58f2\u304a\u3088\u3073\u30d3\u30b6\u53d6\u5f97\u306e\u696d\u52d9\u306f\u884c\u3063\u3066\u304a\u308a\u307e\u305b\u3093\u3002\u305d\u306e\u305f\u3081\u3001\u30d5\u30e9\u30a4\u30c8\u3084\u56fd\u5883\u901a\u904e\u306b\u95a2\u3059\u308b\u4e0d\u53ef\u6297\u529b\u306b\u3088\u308b\u554f\u984c\u306b\u306f\u8cac\u4efb\u3092\u8ca0\u3044\u304b\u306d\u307e\u3059\u3002 \u91cd\u8981\u306a\u60c5\u5831:    \u30c1\u30a7\u30c3\u30af\u30a4\u30f3\u304a\u3088\u3073\u30c1\u30a7\u30c3\u30af\u30a2\u30a6\u30c8\u306e\u6642\u9593\u306f\u30db\u30c6\u30eb\u306e\u898f\u5b9a\u306b\u5f93\u3044\u307e\u3059\uff1a\u30c1\u30a7\u30c3\u30af\u30a4\u30f3\u306f15\u6642\u4ee5\u964d\u3001\u30c1\u30a7\u30c3\u30af\u30a2\u30a6\u30c8\u306f11\u301c12\u6642\u307e\u3067\u3002\u8377\u7269\u306f\u30db\u30c6\u30eb\u306e\u30d5\u30ed\u30f3\u30c8\u306b\u9810\u3051\u3066\u8857\u3092\u6563\u7b56\u3059\u308b\u3053\u3068\u3082\u53ef\u80fd\u3067\u3059\u3002\u6280\u8853\u7684\u306b\u53ef\u80fd\u306a\u5834\u5408\u3001\u8ffd\u52a0\u6599\u91d1\u3067\u30a2\u30fc\u30ea\u30fc\u30c1\u30a7\u30c3\u30af\u30a4\u30f3\uff0f\u30ec\u30a4\u30c8\u30c1\u30a7\u30c3\u30af\u30a2\u30a6\u30c8\u3082\u3067\u304d\u307e\u3059\u3002  \u30b8\u30f3\u30d0\u30d6\u30a8\u304a\u3088\u3073\u5357\u30a2\u30d5\u30ea\u30ab\u3067\u306f\u3001\u5c0f\u984d\u7d19\u5e63\u3001\u50b7\u3093\u3060\u7d19\u5e63\u3001\u53e4\u3044\u7d19\u5e63\uff082009\u5e74\u4ee5\u524d\u306e\u767a\u884c\uff09\u306e\u4e21\u66ff\u306b\u554f\u984c\u304c\u751f\u3058\u308b\u3053\u3068\u304c\u3042\u308a\u307e\u3059\u3002\u8ffd\u52a0\u624b\u6570\u6599\u304c\u767a\u751f\u3057\u305f\u308a\u3001\u4e21\u66ff\u3092\u65ad\u3089\u308c\u308b\u5834\u5408\u3082\u3042\u308a\u307e\u3059\u306e\u3067\u3054\u6ce8\u610f\u304f\u3060\u3055\u3044\u3002\" \/>\n<meta property=\"og:url\" content=\"https:\/\/mountainguides.pro\/ja\/tours\/adventure\/tour-to-zimbabwe-and-south-africa-victoria-falls-cape-town-and-cape-of-good-hope\/\" \/>\n<meta property=\"og:site_name\" content=\"Mountain Guide\" \/>\n<meta property=\"article:publisher\" content=\"https:\/\/www.facebook.com\/Mountainguide-232956566756831\/\" \/>\n<meta property=\"article:modified_time\" content=\"2026-01-29T10:31:24+00:00\" \/>\n<meta property=\"og:image\" content=\"https:\/\/mountainguides.pro\/wp-content\/uploads\/2025\/01\/tur-yuar-zimbabve-2.jpeg\" \/>\n\t<meta property=\"og:image:width\" content=\"1800\" \/>\n\t<meta property=\"og:image:height\" content=\"1350\" \/>\n\t<meta property=\"og:image:type\" content=\"image\/jpeg\" \/>\n<meta name=\"twitter:card\" content=\"summary_large_image\" \/>\n<meta name=\"twitter:site\" content=\"@Wintercyclone\" \/>\n<meta name=\"twitter:label1\" content=\"Est. reading time\" \/>\n\t<meta name=\"twitter:data1\" content=\"1 minute\" \/>\n<script type=\"application\/ld+json\" class=\"yoast-schema-graph\">{\"@context\":\"https:\\\/\\\/schema.org\",\"@graph\":[{\"@type\":\"WebPage\",\"@id\":\"https:\\\/\\\/mountainguides.pro\\\/ar\\\/tours\\\/adventure\\\/tour-to-zimbabwe-and-south-africa-victoria-falls-cape-town-and-cape-of-good-hope\\\/\",\"url\":\"https:\\\/\\\/mountainguides.pro\\\/ar\\\/tours\\\/adventure\\\/tour-to-zimbabwe-and-south-africa-victoria-falls-cape-town-and-cape-of-good-hope\\\/\",\"name\":\"Adventure Zimbabwe and South Africa\",\"isPartOf\":{\"@id\":\"https:\\\/\\\/mountainguides.pro\\\/#website\"},\"primaryImageOfPage\":{\"@id\":\"https:\\\/\\\/mountainguides.pro\\\/ar\\\/tours\\\/adventure\\\/tour-to-zimbabwe-and-south-africa-victoria-falls-cape-town-and-cape-of-good-hope\\\/#primaryimage\"},\"image\":{\"@id\":\"https:\\\/\\\/mountainguides.pro\\\/ar\\\/tours\\\/adventure\\\/tour-to-zimbabwe-and-south-africa-victoria-falls-cape-town-and-cape-of-good-hope\\\/#primaryimage\"},\"thumbnailUrl\":\"https:\\\/\\\/mountainguides.pro\\\/wp-content\\\/uploads\\\/2025\\\/01\\\/tur-yuar-zimbabve-2.jpeg\",\"datePublished\":\"2025-01-08T13:49:42+00:00\",\"dateModified\":\"2026-01-29T10:31:24+00:00\",\"breadcrumb\":{\"@id\":\"https:\\\/\\\/mountainguides.pro\\\/ar\\\/tours\\\/adventure\\\/tour-to-zimbabwe-and-south-africa-victoria-falls-cape-town-and-cape-of-good-hope\\\/#breadcrumb\"},\"inLanguage\":\"ja\",\"potentialAction\":[{\"@type\":\"ReadAction\",\"target\":[\"https:\\\/\\\/mountainguides.pro\\\/ar\\\/tours\\\/adventure\\\/tour-to-zimbabwe-and-south-africa-victoria-falls-cape-town-and-cape-of-good-hope\\\/\"]}]},{\"@type\":\"ImageObject\",\"inLanguage\":\"ja\",\"@id\":\"https:\\\/\\\/mountainguides.pro\\\/ar\\\/tours\\\/adventure\\\/tour-to-zimbabwe-and-south-africa-victoria-falls-cape-town-and-cape-of-good-hope\\\/#primaryimage\",\"url\":\"https:\\\/\\\/mountainguides.pro\\\/wp-content\\\/uploads\\\/2025\\\/01\\\/tur-yuar-zimbabve-2.jpeg\",\"contentUrl\":\"https:\\\/\\\/mountainguides.pro\\\/wp-content\\\/uploads\\\/2025\\\/01\\\/tur-yuar-zimbabve-2.jpeg\",\"width\":1800,\"height\":1350},{\"@type\":\"BreadcrumbList\",\"@id\":\"https:\\\/\\\/mountainguides.pro\\\/ar\\\/tours\\\/adventure\\\/tour-to-zimbabwe-and-south-africa-victoria-falls-cape-town-and-cape-of-good-hope\\\/#breadcrumb\",\"itemListElement\":[{\"@type\":\"ListItem\",\"position\":1,\"name\":\"Home\",\"item\":\"https:\\\/\\\/mountainguides.pro\\\/de\\\/\"},{\"@type\":\"ListItem\",\"position\":2,\"name\":\"\u062c\u0648\u0644\u0629 \u0632\u064a\u0645\u0628\u0627\u0628\u0648\u064a \u0648\u062c\u0646\u0648\u0628 \u0625\u0641\u0631\u064a\u0642\u064a\u0627: \u0634\u0644\u0627\u0644\u0627\u062a \u0641\u064a\u0643\u062a\u0648\u0631\u064a\u0627 \u0648\u0643\u064a\u0628 \u062a\u0627\u0648\u0646 \u0648\u0631\u0623\u0633 \u0627\u0644\u0631\u062c\u0627\u0621 \u0627\u0644\u0635\u0627\u0644\u062d\"}]},{\"@type\":\"WebSite\",\"@id\":\"https:\\\/\\\/mountainguides.pro\\\/#website\",\"url\":\"https:\\\/\\\/mountainguides.pro\\\/\",\"name\":\"Mountain Guide\",\"description\":\"We aspire to be the first in everything!\",\"publisher\":{\"@id\":\"https:\\\/\\\/mountainguides.pro\\\/#organization\"},\"potentialAction\":[{\"@type\":\"SearchAction\",\"target\":{\"@type\":\"EntryPoint\",\"urlTemplate\":\"https:\\\/\\\/mountainguides.pro\\\/?s={search_term_string}\"},\"query-input\":{\"@type\":\"PropertyValueSpecification\",\"valueRequired\":true,\"valueName\":\"search_term_string\"}}],\"inLanguage\":\"ja\"},{\"@type\":\"Organization\",\"@id\":\"https:\\\/\\\/mountainguides.pro\\\/#organization\",\"name\":\"Mountain Guide\",\"url\":\"https:\\\/\\\/mountainguides.pro\\\/\",\"logo\":{\"@type\":\"ImageObject\",\"inLanguage\":\"ja\",\"@id\":\"https:\\\/\\\/mountainguides.pro\\\/#\\\/schema\\\/logo\\\/image\\\/\",\"url\":\"https:\\\/\\\/mountainguides.pro\\\/wp-content\\\/uploads\\\/2018\\\/01\\\/mglogo.jpg\",\"contentUrl\":\"https:\\\/\\\/mountainguides.pro\\\/wp-content\\\/uploads\\\/2018\\\/01\\\/mglogo.jpg\",\"width\":1200,\"height\":630,\"caption\":\"Mountain Guide\"},\"image\":{\"@id\":\"https:\\\/\\\/mountainguides.pro\\\/#\\\/schema\\\/logo\\\/image\\\/\"},\"sameAs\":[\"https:\\\/\\\/www.facebook.com\\\/Mountainguide-232956566756831\\\/\",\"https:\\\/\\\/x.com\\\/Wintercyclone\",\"http:\\\/\\\/instagram.com\\\/mountainguide\",\"http:\\\/\\\/www.youtube.com\\\/mountainguide\"]}]}<\/script>\n<!-- \/ Yoast SEO Premium plugin. -->","yoast_head_json":{"title":"Adventure Zimbabwe and South Africa","robots":{"index":"index","follow":"follow","max-snippet":"max-snippet:-1","max-image-preview":"max-image-preview:large","max-video-preview":"max-video-preview:-1"},"canonical":"https:\/\/mountainguides.pro\/ja\/tours\/adventure\/tour-to-zimbabwe-and-south-africa-victoria-falls-cape-town-and-cape-of-good-hope\/","og_locale":"en_US","og_type":"article","og_title":"[:en]Tour to Zimbabwe and South Africa: Victoria Falls, Cape Town, and Cape of Good Hope[:de]Tour nach Simbabwe und S\u00dcDAFRIKA: Victoria Falls, Kapstadt und Kap der Guten Hoffnung[:es]Tour por Zimbabue y Sud\u00e1frica: cataratas victoria, ciudad del cabo y cabo De buena Esperanza[:pt]Excurs\u00e3o ao Zimb\u00e1bue e \u00c1frica do Sul: Victoria Falls, Cidade Do Cabo e cabo da Boa Esperan\u00e7a[:zh]\u6d25\u5df4\u5e03\u97e6\u548c\u5357\u975e\u4e4b\u65c5\uff1a\u7ef4\u591a\u5229\u4e9a\u7011\u5e03\u3001\u5f00\u666e\u6566\u548c\u597d\u671b\u89d2[:ko]\uc9d0\ubc14\ube0c\uc6e8 \ubc0f \ub0a8\uc544\ud504\ub9ac\uce74 \ud22c\uc5b4:\ube45\ud1a0\ub9ac\uc544 \ud3ed\ud3ec,\ucf00\uc774\ud504 \ud0c0\uc6b4 \ubc0f \uc88b\uc740 \ud76c\ub9dd\ubd09[:ja]\u30b8\u30f3\u30d0\u30d6\u30a8\u3068\u5357\u30a2\u30d5\u30ea\u30ab\u30c4\u30a2\u30fc\uff1a\u30d3\u30af\u30c8\u30ea\u30a2\u30d5\u30a9\u30fc\u30eb\u30ba\u3001\u30b1\u30fc\u30d7\u30bf\u30a6\u30f3\u3001\u30b1\u30fc\u30d7\u30aa\u30d6\u30b0\u30c3\u30c9\u30db\u30fc\u30d7[:hi]\u091c\u093f\u092e\u094d\u092c\u093e\u092c\u094d\u0935\u0947 \u0914\u0930 \u0926\u0915\u094d\u0937\u093f\u0923 \u0905\u092b\u094d\u0930\u0940\u0915\u093e \u0926\u094c\u0930\u093e: \u0935\u093f\u0915\u094d\u091f\u094b\u0930\u093f\u092f\u093e \u092b\u0949\u0932\u094d\u0938, \u0915\u0947\u092a \u091f\u093e\u0909\u0928 \u0914\u0930 \u0915\u0947\u092a \u0911\u092b \u0917\u0941\u0921 \u0939\u094b\u092a[:ar]\u062c\u0648\u0644\u0629 \u0632\u064a\u0645\u0628\u0627\u0628\u0648\u064a \u0648\u062c\u0646\u0648\u0628 \u0625\u0641\u0631\u064a\u0642\u064a\u0627: \u0634\u0644\u0627\u0644\u0627\u062a \u0641\u064a\u0643\u062a\u0648\u0631\u064a\u0627 \u0648\u0643\u064a\u0628 \u062a\u0627\u0648\u0646 \u0648\u0631\u0623\u0633 \u0627\u0644\u0631\u062c\u0627\u0621 \u0627\u0644\u0635\u0627\u0644\u062d[:]","og_description":"\u30d3\u30af\u30c8\u30ea\u30a2\u6edd\uff1a\u4e16\u754c\u4e03\u5927\u81ea\u7136\u5947\u8de1\u306e\u4e00\u3064  \u56fd\u7acb\u516c\u5712\u3067\u306e\u30b5\u30d5\u30a1\u30ea\uff1a\u30d3\u30c3\u30b0\u30fb\u30d5\u30a1\u30a4\u30d6\u3092\u63a2\u3057\u306b\u51fa\u304b\u3051\u307e\u3059  \u30b1\u30fc\u30d7\u30bf\u30a6\u30f3\u3068\u30c6\u30fc\u30d6\u30eb\u30de\u30a6\u30f3\u30c6\u30f3\uff1a\u9b45\u529b\u7684\u306a\u30d1\u30ce\u30e9\u30de\u3068\u6587\u5316\u7684\u540d\u6240  \u30b5\u30f3\u30bf\u30fb\u30eb\u30c1\u30a2\u6e56\u306e\u30af\u30eb\u30fc\u30ba\uff1a\u30ab\u30d0\u306e\u5bb6\u65cf\u306b\u9593\u8fd1\u307e\u3067\u8fd1\u3065\u304d\u307e\u3059  \u30db\u30aa\u30b8\u30ed\u30b6\u30e1\uff1a\u81ea\u7136\u306e\u751f\u606f\u74b0\u5883\u3067\u9593\u8fd1\u306b\u89b3\u5bdf  *\u3054\u6ce8\u610f\uff1a\u5f53\u793e\u306f\u822a\u7a7a\u5238\u306e\u8cfc\u5165\u30fb\u8ca9\u58f2\u304a\u3088\u3073\u30d3\u30b6\u53d6\u5f97\u306e\u696d\u52d9\u306f\u884c\u3063\u3066\u304a\u308a\u307e\u305b\u3093\u3002\u305d\u306e\u305f\u3081\u3001\u30d5\u30e9\u30a4\u30c8\u3084\u56fd\u5883\u901a\u904e\u306b\u95a2\u3059\u308b\u4e0d\u53ef\u6297\u529b\u306b\u3088\u308b\u554f\u984c\u306b\u306f\u8cac\u4efb\u3092\u8ca0\u3044\u304b\u306d\u307e\u3059\u3002 \u91cd\u8981\u306a\u60c5\u5831:    \u30c1\u30a7\u30c3\u30af\u30a4\u30f3\u304a\u3088\u3073\u30c1\u30a7\u30c3\u30af\u30a2\u30a6\u30c8\u306e\u6642\u9593\u306f\u30db\u30c6\u30eb\u306e\u898f\u5b9a\u306b\u5f93\u3044\u307e\u3059\uff1a\u30c1\u30a7\u30c3\u30af\u30a4\u30f3\u306f15\u6642\u4ee5\u964d\u3001\u30c1\u30a7\u30c3\u30af\u30a2\u30a6\u30c8\u306f11\u301c12\u6642\u307e\u3067\u3002\u8377\u7269\u306f\u30db\u30c6\u30eb\u306e\u30d5\u30ed\u30f3\u30c8\u306b\u9810\u3051\u3066\u8857\u3092\u6563\u7b56\u3059\u308b\u3053\u3068\u3082\u53ef\u80fd\u3067\u3059\u3002\u6280\u8853\u7684\u306b\u53ef\u80fd\u306a\u5834\u5408\u3001\u8ffd\u52a0\u6599\u91d1\u3067\u30a2\u30fc\u30ea\u30fc\u30c1\u30a7\u30c3\u30af\u30a4\u30f3\uff0f\u30ec\u30a4\u30c8\u30c1\u30a7\u30c3\u30af\u30a2\u30a6\u30c8\u3082\u3067\u304d\u307e\u3059\u3002  \u30b8\u30f3\u30d0\u30d6\u30a8\u304a\u3088\u3073\u5357\u30a2\u30d5\u30ea\u30ab\u3067\u306f\u3001\u5c0f\u984d\u7d19\u5e63\u3001\u50b7\u3093\u3060\u7d19\u5e63\u3001\u53e4\u3044\u7d19\u5e63\uff082009\u5e74\u4ee5\u524d\u306e\u767a\u884c\uff09\u306e\u4e21\u66ff\u306b\u554f\u984c\u304c\u751f\u3058\u308b\u3053\u3068\u304c\u3042\u308a\u307e\u3059\u3002\u8ffd\u52a0\u624b\u6570\u6599\u304c\u767a\u751f\u3057\u305f\u308a\u3001\u4e21\u66ff\u3092\u65ad\u3089\u308c\u308b\u5834\u5408\u3082\u3042\u308a\u307e\u3059\u306e\u3067\u3054\u6ce8\u610f\u304f\u3060\u3055\u3044\u3002","og_url":"https:\/\/mountainguides.pro\/ja\/tours\/adventure\/tour-to-zimbabwe-and-south-africa-victoria-falls-cape-town-and-cape-of-good-hope\/","og_site_name":"Mountain Guide","article_publisher":"https:\/\/www.facebook.com\/Mountainguide-232956566756831\/","article_modified_time":"2026-01-29T10:31:24+00:00","og_image":[{"width":1800,"height":1350,"url":"https:\/\/mountainguides.pro\/wp-content\/uploads\/2025\/01\/tur-yuar-zimbabve-2.jpeg","type":"image\/jpeg"}],"twitter_card":"summary_large_image","twitter_site":"@Wintercyclone","twitter_misc":{"Est. reading time":"1 minute"},"schema":{"@context":"https:\/\/schema.org","@graph":[{"@type":"WebPage","@id":"https:\/\/mountainguides.pro\/ar\/tours\/adventure\/tour-to-zimbabwe-and-south-africa-victoria-falls-cape-town-and-cape-of-good-hope\/","url":"https:\/\/mountainguides.pro\/ar\/tours\/adventure\/tour-to-zimbabwe-and-south-africa-victoria-falls-cape-town-and-cape-of-good-hope\/","name":"Adventure Zimbabwe and South Africa","isPartOf":{"@id":"https:\/\/mountainguides.pro\/#website"},"primaryImageOfPage":{"@id":"https:\/\/mountainguides.pro\/ar\/tours\/adventure\/tour-to-zimbabwe-and-south-africa-victoria-falls-cape-town-and-cape-of-good-hope\/#primaryimage"},"image":{"@id":"https:\/\/mountainguides.pro\/ar\/tours\/adventure\/tour-to-zimbabwe-and-south-africa-victoria-falls-cape-town-and-cape-of-good-hope\/#primaryimage"},"thumbnailUrl":"https:\/\/mountainguides.pro\/wp-content\/uploads\/2025\/01\/tur-yuar-zimbabve-2.jpeg","datePublished":"2025-01-08T13:49:42+00:00","dateModified":"2026-01-29T10:31:24+00:00","breadcrumb":{"@id":"https:\/\/mountainguides.pro\/ar\/tours\/adventure\/tour-to-zimbabwe-and-south-africa-victoria-falls-cape-town-and-cape-of-good-hope\/#breadcrumb"},"inLanguage":"ja","potentialAction":[{"@type":"ReadAction","target":["https:\/\/mountainguides.pro\/ar\/tours\/adventure\/tour-to-zimbabwe-and-south-africa-victoria-falls-cape-town-and-cape-of-good-hope\/"]}]},{"@type":"ImageObject","inLanguage":"ja","@id":"https:\/\/mountainguides.pro\/ar\/tours\/adventure\/tour-to-zimbabwe-and-south-africa-victoria-falls-cape-town-and-cape-of-good-hope\/#primaryimage","url":"https:\/\/mountainguides.pro\/wp-content\/uploads\/2025\/01\/tur-yuar-zimbabve-2.jpeg","contentUrl":"https:\/\/mountainguides.pro\/wp-content\/uploads\/2025\/01\/tur-yuar-zimbabve-2.jpeg","width":1800,"height":1350},{"@type":"BreadcrumbList","@id":"https:\/\/mountainguides.pro\/ar\/tours\/adventure\/tour-to-zimbabwe-and-south-africa-victoria-falls-cape-town-and-cape-of-good-hope\/#breadcrumb","itemListElement":[{"@type":"ListItem","position":1,"name":"Home","item":"https:\/\/mountainguides.pro\/de\/"},{"@type":"ListItem","position":2,"name":"\u062c\u0648\u0644\u0629 \u0632\u064a\u0645\u0628\u0627\u0628\u0648\u064a \u0648\u062c\u0646\u0648\u0628 \u0625\u0641\u0631\u064a\u0642\u064a\u0627: \u0634\u0644\u0627\u0644\u0627\u062a \u0641\u064a\u0643\u062a\u0648\u0631\u064a\u0627 \u0648\u0643\u064a\u0628 \u062a\u0627\u0648\u0646 \u0648\u0631\u0623\u0633 \u0627\u0644\u0631\u062c\u0627\u0621 \u0627\u0644\u0635\u0627\u0644\u062d"}]},{"@type":"WebSite","@id":"https:\/\/mountainguides.pro\/#website","url":"https:\/\/mountainguides.pro\/","name":"Mountain Guide","description":"We aspire to be the first in everything!","publisher":{"@id":"https:\/\/mountainguides.pro\/#organization"},"potentialAction":[{"@type":"SearchAction","target":{"@type":"EntryPoint","urlTemplate":"https:\/\/mountainguides.pro\/?s={search_term_string}"},"query-input":{"@type":"PropertyValueSpecification","valueRequired":true,"valueName":"search_term_string"}}],"inLanguage":"ja"},{"@type":"Organization","@id":"https:\/\/mountainguides.pro\/#organization","name":"Mountain Guide","url":"https:\/\/mountainguides.pro\/","logo":{"@type":"ImageObject","inLanguage":"ja","@id":"https:\/\/mountainguides.pro\/#\/schema\/logo\/image\/","url":"https:\/\/mountainguides.pro\/wp-content\/uploads\/2018\/01\/mglogo.jpg","contentUrl":"https:\/\/mountainguides.pro\/wp-content\/uploads\/2018\/01\/mglogo.jpg","width":1200,"height":630,"caption":"Mountain Guide"},"image":{"@id":"https:\/\/mountainguides.pro\/#\/schema\/logo\/image\/"},"sameAs":["https:\/\/www.facebook.com\/Mountainguide-232956566756831\/","https:\/\/x.com\/Wintercyclone","http:\/\/instagram.com\/mountainguide","http:\/\/www.youtube.com\/mountainguide"]}]}},"_links":{"self":[{"href":"https:\/\/mountainguides.pro\/ja\/wp-json\/wp\/v2\/product\/21097","targetHints":{"allow":["GET"]}}],"collection":[{"href":"https:\/\/mountainguides.pro\/ja\/wp-json\/wp\/v2\/product"}],"about":[{"href":"https:\/\/mountainguides.pro\/ja\/wp-json\/wp\/v2\/types\/product"}],"replies":[{"embeddable":true,"href":"https:\/\/mountainguides.pro\/ja\/wp-json\/wp\/v2\/comments?post=21097"}],"version-history":[{"count":12,"href":"https:\/\/mountainguides.pro\/ja\/wp-json\/wp\/v2\/product\/21097\/revisions"}],"predecessor-version":[{"id":32667,"href":"https:\/\/mountainguides.pro\/ja\/wp-json\/wp\/v2\/product\/21097\/revisions\/32667"}],"wp:featuredmedia":[{"embeddable":true,"href":"https:\/\/mountainguides.pro\/ja\/wp-json\/wp\/v2\/media\/21459"}],"wp:attachment":[{"href":"https:\/\/mountainguides.pro\/ja\/wp-json\/wp\/v2\/media?parent=21097"}],"wp:term":[{"taxonomy":"product_cat","embeddable":true,"href":"https:\/\/mountainguides.pro\/ja\/wp-json\/wp\/v2\/product_cat?post=21097"},{"taxonomy":"product_tag","embeddable":true,"href":"https:\/\/mountainguides.pro\/ja\/wp-json\/wp\/v2\/product_tag?post=21097"}],"curies":[{"name":"wp","href":"https:\/\/api.w.org\/{rel}","templated":true}]}}