{"id":21100,"date":"2025-01-08T16:50:02","date_gmt":"2025-01-08T13:50:02","guid":{"rendered":"https:\/\/mountainguides.pro\/?post_type=product&#038;p=21100"},"modified":"2026-01-29T11:29:35","modified_gmt":"2026-01-29T08:29:35","slug":"tour-to-kathmandu-inside-out-in-one-day","status":"publish","type":"product","link":"https:\/\/mountainguides.pro\/ja\/tours\/adventure\/tour-to-kathmandu-inside-out-in-one-day\/","title":{"rendered":"\u30ab\u30c8\u30de\u30f3\u30ba\u30c4\u30a2\u30fc\uff1a\u4e00\u65e5\u306e\u4e2d\u3067\u30a4\u30f3\u30b5\u30a4\u30c9\u30a2\u30a6\u30c8"},"content":{"rendered":"","protected":false},"excerpt":{"rendered":"<ul>\n<li class=\"p1\">**\u30c0\u30eb\u30d0\u30fc\u30eb\u5e83\u5834\u306f\u3001\u30cd\u30d1\u30fc\u30eb\u738b\u6a29\u306e\u4e2d\u5fc3\u3067\u3042\u308a\u3001\u56fd\u306e\u6b74\u53f2\u306b\u304a\u3051\u308b\u591a\u304f\u306e\u91cd\u8981\u306a\u51fa\u6765\u4e8b\u306e\u8a3c\u4eba\u3068\u306a\u3063\u3066\u304d\u305f\u5834\u6240<\/li>\n<li class=\"p1\">\u904b\u304c\u826f\u3051\u308c\u3070\u3001\u30cd\u30d1\u30fc\u30eb\u306e\u771f\u306e\u8c61\u5fb4\u3067\u3042\u308b\u751f\u304d\u305f\u5973\u795e\u30af\u30de\u30ea\u306b\u4f1a\u3048\u308b\u304b\u3082\u3057\u308c\u307e\u305b\u3093<\/li>\n<li class=\"p1\">\u30d1\u30b7\u30e5\u30d1\u30c6\u30a3\u30ca\u30fc\u30c8\u306f\u3001\u3059\u3079\u3066\u306e\u30d2\u30f3\u30c9\u30a5\u30fc\u6559\u5f92\u306b\u3068\u3063\u3066\u8056\u306a\u308b\u5bfa\u9662\u3067\u3042\u308a\u3001\u3053\u3053\u3067\u306f\u6bce\u65e5\u706b\u846c\u304c\u884c\u308f\u308c\u307e\u3059<\/li>\n<li class=\"p1\">\u30b5\u30c9\u30a5\u30fc \u2015 \u970a\u7684\u4fee\u884c\u306b\u4eba\u751f\u3092\u6367\u3052\u308b\u96a0\u8005\u3084\u82e6\u884c\u8005\u306b\u51fa\u4f1a\u3044\u307e\u3059<\/li>\n<li class=\"p1\">\u30b9\u30ef\u30e4\u30f3\u30d6\u30ca\u30fc\u30c8\u306f\u300c\u30e2\u30f3\u30ad\u30fc\u30fb\u30c6\u30f3\u30d7\u30eb\u300d\u3068\u3082\u547c\u3070\u308c\u3001\u30cd\u30d1\u30fc\u30eb\u3067\u6700\u3082\u53e4\u304f\u3001\u6700\u3082\u795e\u8056\u306a\u4ecf\u6559\u907a\u8de1\u306e\u4e00\u3064\u3067\u3059<\/li>\n<\/ul>\n<p class=\"p1\"><strong>*\u3054\u6ce8\u610f\uff1a\u5f53\u793e\u306f\u822a\u7a7a\u5238\u306e\u8cfc\u5165\u30fb\u8ca9\u58f2\u3084\u30d3\u30b6\u53d6\u5f97\u624b\u7d9a\u304d\u306b\u306f\u643a\u308f\u3063\u3066\u304a\u308a\u307e\u305b\u3093\u3002\u305d\u306e\u305f\u3081\u3001\u30d5\u30e9\u30a4\u30c8\u3084\u56fd\u5883\u901a\u904e\u306b\u95a2\u3059\u308b\u4e0d\u53ef\u6297\u529b\u306b\u3088\u308b\u554f\u984c\u306b\u3064\u3044\u3066\u8cac\u4efb\u3092\u8ca0\u3044\u304b\u306d\u307e\u3059\u3002<\/strong><\/p>\n<p class=\"p1\"><strong>\u91cd\u8981\u306a\u60c5\u5831\uff1a<\/strong><\/p>\n<ul>\n<li class=\"p1\">\u30cd\u30d1\u30fc\u30eb\u3067\u306f\u3001\u53e4\u3044\u7d19\u5e63\uff08\u7279\u306b2009\u5e74\u4ee5\u524d\u767a\u884c\u306e\u3082\u306e\uff09\u3001\u6c5a\u308c\u305f\u7d19\u5e63\u3001\u50b7\u3093\u3060\u7d19\u5e63\u306e\u4e21\u66ff\u306b\u56f0\u96e3\u304c\u751f\u3058\u308b\u5834\u5408\u304c\u3042\u308a\u307e\u3059\u3002\u8ffd\u52a0\u624b\u6570\u6599\u3092\u8acb\u6c42\u3055\u308c\u305f\u308a\u3001\u4e21\u66ff\u81ea\u4f53\u3092\u62d2\u5426\u3055\u308c\u308b\u3053\u3068\u3082\u3042\u308a\u307e\u3059\u306e\u3067\u3054\u6ce8\u610f\u304f\u3060\u3055\u3044\u3002<\/li>\n<li class=\"p1\">\u6700\u7d42\u7684\u306a\u30c4\u30a2\u30fc\u6599\u91d1\u306f\u4eba\u6570\u306b\u3088\u3063\u3066\u5909\u52d5\u3057\u307e\u3059<\/li>\n<li class=\"p1\">\u672c\u30d7\u30ed\u30b8\u30a7\u30af\u30c8\u306f\u5546\u696d\u76ee\u7684\u3067\u306f\u306a\u304f\u3001\u5f53\u793e\u30af\u30e9\u30a4\u30a2\u30f3\u30c8\u306e\u305f\u3081\u306e\u30a4\u30e1\u30fc\u30b8\u30d7\u30ed\u30b8\u30a7\u30af\u30c8\u3067\u3059**<\/li>\n<\/ul>\n","protected":false},"featured_media":0,"comment_status":"closed","ping_status":"closed","template":"","meta":{"_acf_changed":false,"footnotes":""},"product_cat":[337],"product_tag":[],"class_list":{"0":"post-21100","1":"product","2":"type-product","3":"status-publish","5":"product_cat-adventure","7":"first","8":"instock","9":"shipping-taxable","10":"purchasable","11":"product-type-simple"},"acf":[],"yoast_head":"<!-- This site is optimized with the Yoast SEO Premium plugin v26.5 (Yoast SEO v27.6) - https:\/\/yoast.com\/product\/yoast-seo-premium-wordpress\/ -->\n<title>Adventure Kathmandu<\/title>\n<meta name=\"robots\" content=\"index, follow, max-snippet:-1, max-image-preview:large, max-video-preview:-1\" \/>\n<link rel=\"canonical\" href=\"https:\/\/mountainguides.pro\/ja\/tours\/adventure\/tour-to-kathmandu-inside-out-in-one-day\/\" \/>\n<meta property=\"og:locale\" content=\"en_US\" \/>\n<meta property=\"og:locale:alternate\" content=\"en_US\" \/>\n<meta property=\"og:locale:alternate\" content=\"ru_RU\" \/>\n<meta property=\"og:locale:alternate\" content=\"de\" \/>\n<meta property=\"og:locale:alternate\" content=\"es\" \/>\n<meta property=\"og:locale:alternate\" content=\"pt\" \/>\n<meta property=\"og:locale:alternate\" content=\"zh\" \/>\n<meta property=\"og:locale:alternate\" content=\"ko\" \/>\n<meta property=\"og:locale:alternate\" content=\"hi\" \/>\n<meta property=\"og:locale:alternate\" content=\"ar\" \/>\n<meta property=\"og:type\" content=\"article\" \/>\n<meta property=\"og:title\" content=\"\u30ab\u30c8\u30de\u30f3\u30ba\u30c4\u30a2\u30fc\uff1a\u4e00\u65e5\u306e\u4e2d\u3067\u30a4\u30f3\u30b5\u30a4\u30c9\u30a2\u30a6\u30c8\" \/>\n<meta property=\"og:description\" content=\"**\u30c0\u30eb\u30d0\u30fc\u30eb\u5e83\u5834\u306f\u3001\u30cd\u30d1\u30fc\u30eb\u738b\u6a29\u306e\u4e2d\u5fc3\u3067\u3042\u308a\u3001\u56fd\u306e\u6b74\u53f2\u306b\u304a\u3051\u308b\u591a\u304f\u306e\u91cd\u8981\u306a\u51fa\u6765\u4e8b\u306e\u8a3c\u4eba\u3068\u306a\u3063\u3066\u304d\u305f\u5834\u6240  \u904b\u304c\u826f\u3051\u308c\u3070\u3001\u30cd\u30d1\u30fc\u30eb\u306e\u771f\u306e\u8c61\u5fb4\u3067\u3042\u308b\u751f\u304d\u305f\u5973\u795e\u30af\u30de\u30ea\u306b\u4f1a\u3048\u308b\u304b\u3082\u3057\u308c\u307e\u305b\u3093  \u30d1\u30b7\u30e5\u30d1\u30c6\u30a3\u30ca\u30fc\u30c8\u306f\u3001\u3059\u3079\u3066\u306e\u30d2\u30f3\u30c9\u30a5\u30fc\u6559\u5f92\u306b\u3068\u3063\u3066\u8056\u306a\u308b\u5bfa\u9662\u3067\u3042\u308a\u3001\u3053\u3053\u3067\u306f\u6bce\u65e5\u706b\u846c\u304c\u884c\u308f\u308c\u307e\u3059  \u30b5\u30c9\u30a5\u30fc \u2015 \u970a\u7684\u4fee\u884c\u306b\u4eba\u751f\u3092\u6367\u3052\u308b\u96a0\u8005\u3084\u82e6\u884c\u8005\u306b\u51fa\u4f1a\u3044\u307e\u3059  \u30b9\u30ef\u30e4\u30f3\u30d6\u30ca\u30fc\u30c8\u306f\u300c\u30e2\u30f3\u30ad\u30fc\u30fb\u30c6\u30f3\u30d7\u30eb\u300d\u3068\u3082\u547c\u3070\u308c\u3001\u30cd\u30d1\u30fc\u30eb\u3067\u6700\u3082\u53e4\u304f\u3001\u6700\u3082\u795e\u8056\u306a\u4ecf\u6559\u907a\u8de1\u306e\u4e00\u3064\u3067\u3059  *\u3054\u6ce8\u610f\uff1a\u5f53\u793e\u306f\u822a\u7a7a\u5238\u306e\u8cfc\u5165\u30fb\u8ca9\u58f2\u3084\u30d3\u30b6\u53d6\u5f97\u624b\u7d9a\u304d\u306b\u306f\u643a\u308f\u3063\u3066\u304a\u308a\u307e\u305b\u3093\u3002\u305d\u306e\u305f\u3081\u3001\u30d5\u30e9\u30a4\u30c8\u3084\u56fd\u5883\u901a\u904e\u306b\u95a2\u3059\u308b\u4e0d\u53ef\u6297\u529b\u306b\u3088\u308b\u554f\u984c\u306b\u3064\u3044\u3066\u8cac\u4efb\u3092\u8ca0\u3044\u304b\u306d\u307e\u3059\u3002 \u91cd\u8981\u306a\u60c5\u5831\uff1a    \u30cd\u30d1\u30fc\u30eb\u3067\u306f\u3001\u53e4\u3044\u7d19\u5e63\uff08\u7279\u306b2009\u5e74\u4ee5\u524d\u767a\u884c\u306e\u3082\u306e\uff09\u3001\u6c5a\u308c\u305f\u7d19\u5e63\u3001\u50b7\u3093\u3060\u7d19\u5e63\u306e\u4e21\u66ff\u306b\u56f0\u96e3\u304c\u751f\u3058\u308b\u5834\u5408\u304c\u3042\u308a\u307e\u3059\u3002\u8ffd\u52a0\u624b\u6570\u6599\u3092\u8acb\u6c42\u3055\u308c\u305f\u308a\u3001\u4e21\u66ff\u81ea\u4f53\u3092\u62d2\u5426\u3055\u308c\u308b\u3053\u3068\u3082\u3042\u308a\u307e\u3059\u306e\u3067\u3054\u6ce8\u610f\u304f\u3060\u3055\u3044\u3002  \u6700\u7d42\u7684\u306a\u30c4\u30a2\u30fc\u6599\u91d1\u306f\u4eba\u6570\u306b\u3088\u3063\u3066\u5909\u52d5\u3057\u307e\u3059  \u672c\u30d7\u30ed\u30b8\u30a7\u30af\u30c8\u306f\u5546\u696d\u76ee\u7684\u3067\u306f\u306a\u304f\u3001\u5f53\u793e\u30af\u30e9\u30a4\u30a2\u30f3\u30c8\u306e\u305f\u3081\u306e\u30a4\u30e1\u30fc\u30b8\u30d7\u30ed\u30b8\u30a7\u30af\u30c8\u3067\u3059**\" \/>\n<meta property=\"og:url\" content=\"https:\/\/mountainguides.pro\/ja\/tours\/adventure\/tour-to-kathmandu-inside-out-in-one-day\/\" \/>\n<meta property=\"og:site_name\" content=\"Mountain Guide\" \/>\n<meta property=\"article:publisher\" content=\"https:\/\/www.facebook.com\/Mountainguide-232956566756831\/\" \/>\n<meta property=\"article:modified_time\" content=\"2026-01-29T08:29:35+00:00\" \/>\n<meta property=\"og:image\" content=\"https:\/\/mountainguides.pro\/wp-content\/uploads\/2018\/01\/mglogo.jpg\" \/>\n\t<meta property=\"og:image:width\" content=\"1200\" \/>\n\t<meta property=\"og:image:height\" content=\"630\" \/>\n\t<meta property=\"og:image:type\" content=\"image\/jpeg\" \/>\n<meta name=\"twitter:card\" content=\"summary_large_image\" \/>\n<meta name=\"twitter:site\" content=\"@Wintercyclone\" \/>\n<script type=\"application\/ld+json\" class=\"yoast-schema-graph\">{\"@context\":\"https:\\\/\\\/schema.org\",\"@graph\":[{\"@type\":\"WebPage\",\"@id\":\"https:\\\/\\\/mountainguides.pro\\\/ar\\\/tours\\\/adventure\\\/tour-to-kathmandu-inside-out-in-one-day\\\/\",\"url\":\"https:\\\/\\\/mountainguides.pro\\\/ar\\\/tours\\\/adventure\\\/tour-to-kathmandu-inside-out-in-one-day\\\/\",\"name\":\"Adventure Kathmandu\",\"isPartOf\":{\"@id\":\"https:\\\/\\\/mountainguides.pro\\\/#website\"},\"datePublished\":\"2025-01-08T13:50:02+00:00\",\"dateModified\":\"2026-01-29T08:29:35+00:00\",\"breadcrumb\":{\"@id\":\"https:\\\/\\\/mountainguides.pro\\\/ar\\\/tours\\\/adventure\\\/tour-to-kathmandu-inside-out-in-one-day\\\/#breadcrumb\"},\"inLanguage\":\"ja\",\"potentialAction\":[{\"@type\":\"ReadAction\",\"target\":[\"https:\\\/\\\/mountainguides.pro\\\/ar\\\/tours\\\/adventure\\\/tour-to-kathmandu-inside-out-in-one-day\\\/\"]}]},{\"@type\":\"BreadcrumbList\",\"@id\":\"https:\\\/\\\/mountainguides.pro\\\/ar\\\/tours\\\/adventure\\\/tour-to-kathmandu-inside-out-in-one-day\\\/#breadcrumb\",\"itemListElement\":[{\"@type\":\"ListItem\",\"position\":1,\"name\":\"Home\",\"item\":\"https:\\\/\\\/mountainguides.pro\\\/de\\\/\"},{\"@type\":\"ListItem\",\"position\":2,\"name\":\"\u062c\u0648\u0644\u0629 \u0643\u0627\u062a\u0645\u0627\u0646\u062f\u0648: \u0627\u0644\u062f\u0627\u062e\u0644 \u0627\u0644\u0649 \u0627\u0644\u062e\u0627\u0631\u062c \u0641\u064a \u064a\u0648\u0645 \u0648\u0627\u062d\u062f\"}]},{\"@type\":\"WebSite\",\"@id\":\"https:\\\/\\\/mountainguides.pro\\\/#website\",\"url\":\"https:\\\/\\\/mountainguides.pro\\\/\",\"name\":\"Mountain Guide\",\"description\":\"We aspire to be the first in everything!\",\"publisher\":{\"@id\":\"https:\\\/\\\/mountainguides.pro\\\/#organization\"},\"potentialAction\":[{\"@type\":\"SearchAction\",\"target\":{\"@type\":\"EntryPoint\",\"urlTemplate\":\"https:\\\/\\\/mountainguides.pro\\\/?s={search_term_string}\"},\"query-input\":{\"@type\":\"PropertyValueSpecification\",\"valueRequired\":true,\"valueName\":\"search_term_string\"}}],\"inLanguage\":\"ja\"},{\"@type\":\"Organization\",\"@id\":\"https:\\\/\\\/mountainguides.pro\\\/#organization\",\"name\":\"Mountain Guide\",\"url\":\"https:\\\/\\\/mountainguides.pro\\\/\",\"logo\":{\"@type\":\"ImageObject\",\"inLanguage\":\"ja\",\"@id\":\"https:\\\/\\\/mountainguides.pro\\\/#\\\/schema\\\/logo\\\/image\\\/\",\"url\":\"https:\\\/\\\/mountainguides.pro\\\/wp-content\\\/uploads\\\/2018\\\/01\\\/mglogo.jpg\",\"contentUrl\":\"https:\\\/\\\/mountainguides.pro\\\/wp-content\\\/uploads\\\/2018\\\/01\\\/mglogo.jpg\",\"width\":1200,\"height\":630,\"caption\":\"Mountain Guide\"},\"image\":{\"@id\":\"https:\\\/\\\/mountainguides.pro\\\/#\\\/schema\\\/logo\\\/image\\\/\"},\"sameAs\":[\"https:\\\/\\\/www.facebook.com\\\/Mountainguide-232956566756831\\\/\",\"https:\\\/\\\/x.com\\\/Wintercyclone\",\"http:\\\/\\\/instagram.com\\\/mountainguide\",\"http:\\\/\\\/www.youtube.com\\\/mountainguide\"]}]}<\/script>\n<!-- \/ Yoast SEO Premium plugin. -->","yoast_head_json":{"title":"Adventure Kathmandu","robots":{"index":"index","follow":"follow","max-snippet":"max-snippet:-1","max-image-preview":"max-image-preview:large","max-video-preview":"max-video-preview:-1"},"canonical":"https:\/\/mountainguides.pro\/ja\/tours\/adventure\/tour-to-kathmandu-inside-out-in-one-day\/","og_locale":"en_US","og_type":"article","og_title":"[:en]Tour to Kathmandu: Inside Out in One Day[:de]Tour nach Kathmandu: Von innen nach au\u00dfen f\u00fcr einen Tag[:es]Tour de Katmand\u00fa: al Rev\u00e9s en un d\u00eda[:pt]Tour em Katmandu: de dentro para fora em um dia[:zh]\u52a0\u5fb7\u6ee1\u90fd\u4e4b\u65c5\uff1a\u4e00\u65e5\u6e38[:ko]\uce74\ud2b8\ub9cc\ub450 \ud22c\uc5b4:\ud558\ub8e8\uc5d0 \uc778\uc0ac\uc774\ub4dc \uc544\uc6c3[:ja]\u30ab\u30c8\u30de\u30f3\u30ba\u30c4\u30a2\u30fc\uff1a\u4e00\u65e5\u306e\u4e2d\u3067\u30a4\u30f3\u30b5\u30a4\u30c9\u30a2\u30a6\u30c8[:hi]\u0915\u093e\u0920\u092e\u093e\u0902\u0921\u0942 \u092f\u093e\u0924\u094d\u0930\u093e: \u090f\u0915 \u0926\u093f\u0928 \u092e\u0947\u0902 \u0905\u0902\u0926\u0930 \u092c\u093e\u0939\u0930[:ar]\u062c\u0648\u0644\u0629 \u0643\u0627\u062a\u0645\u0627\u0646\u062f\u0648: \u0627\u0644\u062f\u0627\u062e\u0644 \u0627\u0644\u0649 \u0627\u0644\u062e\u0627\u0631\u062c \u0641\u064a \u064a\u0648\u0645 \u0648\u0627\u062d\u062f[:]","og_description":"**\u30c0\u30eb\u30d0\u30fc\u30eb\u5e83\u5834\u306f\u3001\u30cd\u30d1\u30fc\u30eb\u738b\u6a29\u306e\u4e2d\u5fc3\u3067\u3042\u308a\u3001\u56fd\u306e\u6b74\u53f2\u306b\u304a\u3051\u308b\u591a\u304f\u306e\u91cd\u8981\u306a\u51fa\u6765\u4e8b\u306e\u8a3c\u4eba\u3068\u306a\u3063\u3066\u304d\u305f\u5834\u6240  \u904b\u304c\u826f\u3051\u308c\u3070\u3001\u30cd\u30d1\u30fc\u30eb\u306e\u771f\u306e\u8c61\u5fb4\u3067\u3042\u308b\u751f\u304d\u305f\u5973\u795e\u30af\u30de\u30ea\u306b\u4f1a\u3048\u308b\u304b\u3082\u3057\u308c\u307e\u305b\u3093  \u30d1\u30b7\u30e5\u30d1\u30c6\u30a3\u30ca\u30fc\u30c8\u306f\u3001\u3059\u3079\u3066\u306e\u30d2\u30f3\u30c9\u30a5\u30fc\u6559\u5f92\u306b\u3068\u3063\u3066\u8056\u306a\u308b\u5bfa\u9662\u3067\u3042\u308a\u3001\u3053\u3053\u3067\u306f\u6bce\u65e5\u706b\u846c\u304c\u884c\u308f\u308c\u307e\u3059  \u30b5\u30c9\u30a5\u30fc \u2015 \u970a\u7684\u4fee\u884c\u306b\u4eba\u751f\u3092\u6367\u3052\u308b\u96a0\u8005\u3084\u82e6\u884c\u8005\u306b\u51fa\u4f1a\u3044\u307e\u3059  \u30b9\u30ef\u30e4\u30f3\u30d6\u30ca\u30fc\u30c8\u306f\u300c\u30e2\u30f3\u30ad\u30fc\u30fb\u30c6\u30f3\u30d7\u30eb\u300d\u3068\u3082\u547c\u3070\u308c\u3001\u30cd\u30d1\u30fc\u30eb\u3067\u6700\u3082\u53e4\u304f\u3001\u6700\u3082\u795e\u8056\u306a\u4ecf\u6559\u907a\u8de1\u306e\u4e00\u3064\u3067\u3059  *\u3054\u6ce8\u610f\uff1a\u5f53\u793e\u306f\u822a\u7a7a\u5238\u306e\u8cfc\u5165\u30fb\u8ca9\u58f2\u3084\u30d3\u30b6\u53d6\u5f97\u624b\u7d9a\u304d\u306b\u306f\u643a\u308f\u3063\u3066\u304a\u308a\u307e\u305b\u3093\u3002\u305d\u306e\u305f\u3081\u3001\u30d5\u30e9\u30a4\u30c8\u3084\u56fd\u5883\u901a\u904e\u306b\u95a2\u3059\u308b\u4e0d\u53ef\u6297\u529b\u306b\u3088\u308b\u554f\u984c\u306b\u3064\u3044\u3066\u8cac\u4efb\u3092\u8ca0\u3044\u304b\u306d\u307e\u3059\u3002 \u91cd\u8981\u306a\u60c5\u5831\uff1a    \u30cd\u30d1\u30fc\u30eb\u3067\u306f\u3001\u53e4\u3044\u7d19\u5e63\uff08\u7279\u306b2009\u5e74\u4ee5\u524d\u767a\u884c\u306e\u3082\u306e\uff09\u3001\u6c5a\u308c\u305f\u7d19\u5e63\u3001\u50b7\u3093\u3060\u7d19\u5e63\u306e\u4e21\u66ff\u306b\u56f0\u96e3\u304c\u751f\u3058\u308b\u5834\u5408\u304c\u3042\u308a\u307e\u3059\u3002\u8ffd\u52a0\u624b\u6570\u6599\u3092\u8acb\u6c42\u3055\u308c\u305f\u308a\u3001\u4e21\u66ff\u81ea\u4f53\u3092\u62d2\u5426\u3055\u308c\u308b\u3053\u3068\u3082\u3042\u308a\u307e\u3059\u306e\u3067\u3054\u6ce8\u610f\u304f\u3060\u3055\u3044\u3002  \u6700\u7d42\u7684\u306a\u30c4\u30a2\u30fc\u6599\u91d1\u306f\u4eba\u6570\u306b\u3088\u3063\u3066\u5909\u52d5\u3057\u307e\u3059  \u672c\u30d7\u30ed\u30b8\u30a7\u30af\u30c8\u306f\u5546\u696d\u76ee\u7684\u3067\u306f\u306a\u304f\u3001\u5f53\u793e\u30af\u30e9\u30a4\u30a2\u30f3\u30c8\u306e\u305f\u3081\u306e\u30a4\u30e1\u30fc\u30b8\u30d7\u30ed\u30b8\u30a7\u30af\u30c8\u3067\u3059**","og_url":"https:\/\/mountainguides.pro\/ja\/tours\/adventure\/tour-to-kathmandu-inside-out-in-one-day\/","og_site_name":"Mountain Guide","article_publisher":"https:\/\/www.facebook.com\/Mountainguide-232956566756831\/","article_modified_time":"2026-01-29T08:29:35+00:00","og_image":[{"width":1200,"height":630,"url":"https:\/\/mountainguides.pro\/wp-content\/uploads\/2018\/01\/mglogo.jpg","type":"image\/jpeg"}],"twitter_card":"summary_large_image","twitter_site":"@Wintercyclone","schema":{"@context":"https:\/\/schema.org","@graph":[{"@type":"WebPage","@id":"https:\/\/mountainguides.pro\/ar\/tours\/adventure\/tour-to-kathmandu-inside-out-in-one-day\/","url":"https:\/\/mountainguides.pro\/ar\/tours\/adventure\/tour-to-kathmandu-inside-out-in-one-day\/","name":"Adventure Kathmandu","isPartOf":{"@id":"https:\/\/mountainguides.pro\/#website"},"datePublished":"2025-01-08T13:50:02+00:00","dateModified":"2026-01-29T08:29:35+00:00","breadcrumb":{"@id":"https:\/\/mountainguides.pro\/ar\/tours\/adventure\/tour-to-kathmandu-inside-out-in-one-day\/#breadcrumb"},"inLanguage":"ja","potentialAction":[{"@type":"ReadAction","target":["https:\/\/mountainguides.pro\/ar\/tours\/adventure\/tour-to-kathmandu-inside-out-in-one-day\/"]}]},{"@type":"BreadcrumbList","@id":"https:\/\/mountainguides.pro\/ar\/tours\/adventure\/tour-to-kathmandu-inside-out-in-one-day\/#breadcrumb","itemListElement":[{"@type":"ListItem","position":1,"name":"Home","item":"https:\/\/mountainguides.pro\/de\/"},{"@type":"ListItem","position":2,"name":"\u062c\u0648\u0644\u0629 \u0643\u0627\u062a\u0645\u0627\u0646\u062f\u0648: \u0627\u0644\u062f\u0627\u062e\u0644 \u0627\u0644\u0649 \u0627\u0644\u062e\u0627\u0631\u062c \u0641\u064a \u064a\u0648\u0645 \u0648\u0627\u062d\u062f"}]},{"@type":"WebSite","@id":"https:\/\/mountainguides.pro\/#website","url":"https:\/\/mountainguides.pro\/","name":"Mountain Guide","description":"We aspire to be the first in everything!","publisher":{"@id":"https:\/\/mountainguides.pro\/#organization"},"potentialAction":[{"@type":"SearchAction","target":{"@type":"EntryPoint","urlTemplate":"https:\/\/mountainguides.pro\/?s={search_term_string}"},"query-input":{"@type":"PropertyValueSpecification","valueRequired":true,"valueName":"search_term_string"}}],"inLanguage":"ja"},{"@type":"Organization","@id":"https:\/\/mountainguides.pro\/#organization","name":"Mountain Guide","url":"https:\/\/mountainguides.pro\/","logo":{"@type":"ImageObject","inLanguage":"ja","@id":"https:\/\/mountainguides.pro\/#\/schema\/logo\/image\/","url":"https:\/\/mountainguides.pro\/wp-content\/uploads\/2018\/01\/mglogo.jpg","contentUrl":"https:\/\/mountainguides.pro\/wp-content\/uploads\/2018\/01\/mglogo.jpg","width":1200,"height":630,"caption":"Mountain Guide"},"image":{"@id":"https:\/\/mountainguides.pro\/#\/schema\/logo\/image\/"},"sameAs":["https:\/\/www.facebook.com\/Mountainguide-232956566756831\/","https:\/\/x.com\/Wintercyclone","http:\/\/instagram.com\/mountainguide","http:\/\/www.youtube.com\/mountainguide"]}]}},"_links":{"self":[{"href":"https:\/\/mountainguides.pro\/ja\/wp-json\/wp\/v2\/product\/21100","targetHints":{"allow":["GET"]}}],"collection":[{"href":"https:\/\/mountainguides.pro\/ja\/wp-json\/wp\/v2\/product"}],"about":[{"href":"https:\/\/mountainguides.pro\/ja\/wp-json\/wp\/v2\/types\/product"}],"replies":[{"embeddable":true,"href":"https:\/\/mountainguides.pro\/ja\/wp-json\/wp\/v2\/comments?post=21100"}],"version-history":[{"count":11,"href":"https:\/\/mountainguides.pro\/ja\/wp-json\/wp\/v2\/product\/21100\/revisions"}],"predecessor-version":[{"id":32663,"href":"https:\/\/mountainguides.pro\/ja\/wp-json\/wp\/v2\/product\/21100\/revisions\/32663"}],"wp:attachment":[{"href":"https:\/\/mountainguides.pro\/ja\/wp-json\/wp\/v2\/media?parent=21100"}],"wp:term":[{"taxonomy":"product_cat","embeddable":true,"href":"https:\/\/mountainguides.pro\/ja\/wp-json\/wp\/v2\/product_cat?post=21100"},{"taxonomy":"product_tag","embeddable":true,"href":"https:\/\/mountainguides.pro\/ja\/wp-json\/wp\/v2\/product_tag?post=21100"}],"curies":[{"name":"wp","href":"https:\/\/api.w.org\/{rel}","templated":true}]}}