{"id":21102,"date":"2025-01-08T16:50:09","date_gmt":"2025-01-08T13:50:09","guid":{"rendered":"https:\/\/mountainguides.pro\/?post_type=product&#038;p=21102"},"modified":"2026-01-29T11:15:22","modified_gmt":"2026-01-29T08:15:22","slug":"tour-to-eritrea-dahlak-archipelago-and-rashaida-nomads","status":"publish","type":"product","link":"https:\/\/mountainguides.pro\/ja\/tours\/adventure\/tour-to-eritrea-dahlak-archipelago-and-rashaida-nomads\/","title":{"rendered":"\u30a8\u30ea\u30c8\u30ea\u30a2\u30c4\u30a2\u30fc\uff1a\u30c0\u30e9\u30af\u8af8\u5cf6\u3068\u30e9\u30b7\u30e3\u30a4\u30c0\u904a\u7267\u6c11"},"content":{"rendered":"","protected":false},"excerpt":{"rendered":"<ul>\n<li class=\"p1\">\u30a2\u30b9\u30de\u30e9\u306e\u72ed\u3044\u8def\u5730\u3092\u6b69\u304d\u3001\u30a2\u30fc\u30eb\u30fb\u30c7\u30b3\u5efa\u7bc9\u3092\u9451\u8cde\u3057\u306a\u304c\u3089\u8ecd\u4e8b\u8eca\u4e21\u306e\u5893\u5730\u3092\u898b\u5b66<\/li>\n<li class=\"p1\">\u904a\u7267\u6c11\u30e9\u30b7\u30e3\u30a4\u30c0\u3068\u306e\u51fa\u4f1a\u3044\u2014\u2014\u9bae\u3084\u304b\u306a\u4f1d\u7d71\u8863\u88c5\u3068\u72ec\u81ea\u306e\u7fd2\u6163\u306b\u89e6\u308c\u308b\u4f53\u9a13<\/li>\n<li class=\"p1\">\u53e4\u4ee3\u6e2f\u753a\u30de\u30c3\u30b5\u30ef\u306e\u96f0\u56f2\u6c17\u306b\u6d78\u308a\u3001\u6771\u65b9\u306e\u4f1d\u7d71\u3068\u690d\u6c11\u5730\u5efa\u7bc9\u304c\u8abf\u548c\u3059\u308b\u8857\u3092\u6563\u7b56<\/li>\n<li class=\"p1\">\u30c0\u30d5\u30e9\u30af\u8af8\u5cf6\u3078\u306e\u6d77\u306e\u65c5\u3001\u30c7\u30c3\u30b7\u30a8\u5cf6\u3067\u306e\u6e80\u5929\u306e\u661f\u7a7a\u306e\u4e0b\u3067\u306e\u5bbf\u6cca<\/li>\n<li class=\"p1\">\u6a19\u9ad82450\u30e1\u30fc\u30c8\u30eb\u306b\u4f4d\u7f6e\u3057\u3001\u606f\u3092\u5451\u3080\u3088\u3046\u306a\u666f\u89b3\u3068\u53e4\u3044\u6b74\u53f2\u3092\u6301\u3064\u30a8\u30ea\u30c8\u30ea\u30a2\u3067\u3082\u6709\u540d\u306a\u4fee\u9053\u9662\u306e\u8a2a\u554f<\/li>\n<\/ul>\n<p class=\"p1\"><strong>\u5f53\u793e\u306f\u822a\u7a7a\u5238\u306e\u8cfc\u5165\u30fb\u8ca9\u58f2\u3001\u30d3\u30b6\u53d6\u5f97\u4ee3\u884c\u306e\u696d\u52d9\u306f\u884c\u3063\u3066\u304a\u308a\u307e\u305b\u3093\u3002\u305d\u306e\u305f\u3081\u3001\u30d5\u30e9\u30a4\u30c8\u3084\u56fd\u5883\u901a\u904e\u306b\u95a2\u9023\u3059\u308b\u4e0d\u53ef\u6297\u529b\u306b\u3088\u308b\u30c8\u30e9\u30d6\u30eb\u306b\u306f\u8cac\u4efb\u3092\u8ca0\u3044\u304b\u306d\u307e\u3059\u3002<\/strong><i><\/i><\/p>\n<p class=\"p1\"><strong>\u91cd\u8981\u306a\u60c5\u5831:<\/strong><\/p>\n<ul>\n<li class=\"p1\">\u30c1\u30a7\u30c3\u30af\u30a4\u30f3\u304a\u3088\u3073\u30c1\u30a7\u30c3\u30af\u30a2\u30a6\u30c8\u306e\u6642\u9593\u306f\u30db\u30c6\u30eb\u898f\u5b9a\u306b\u5f93\u3044\u307e\u3059\uff1a\u30c1\u30a7\u30c3\u30af\u30a4\u30f3\u306f15\u6642\u4ee5\u964d\u3001\u30c1\u30a7\u30c3\u30af\u30a2\u30a6\u30c8\u306f11\u301c12\u6642\u307e\u3067\u3002\u8377\u7269\u306f\u30db\u30c6\u30eb\u306e\u30ec\u30bb\u30d7\u30b7\u30e7\u30f3\u306b\u9810\u3051\u3066\u8857\u3092\u6563\u7b56\u3059\u308b\u3053\u3068\u304c\u53ef\u80fd\u3067\u3042\u308a\u3001\u6280\u8853\u7684\u306b\u53ef\u80fd\u306a\u5834\u5408\u306f\u8ffd\u52a0\u6599\u91d1\u3067\u30a2\u30fc\u30ea\u30fc\u30c1\u30a7\u30c3\u30af\u30a4\u30f3\uff0f\u30ec\u30a4\u30c8\u30c1\u30a7\u30c3\u30af\u30a2\u30a6\u30c8\u304c\u3067\u304d\u307e\u3059\u3002<\/li>\n<li class=\"p1\">\u30a8\u30ea\u30c8\u30ea\u30a2\u3067\u306f\u3001\u53e4\u3044\uff082009\u5e74\u4ee5\u524d\u767a\u884c\uff09\u3001\u7834\u640d\u3057\u305f\u3001\u307e\u305f\u306f\u5c0f\u984d\u7d19\u5e63\u306e\u7c73\u30c9\u30eb\u306e\u4e21\u66ff\u306b\u554f\u984c\u304c\u751f\u3058\u308b\u3053\u3068\u304c\u3042\u308a\u307e\u3059\u3002\u5834\u6240\u306b\u3088\u3063\u3066\u306f\u8ffd\u52a0\u624b\u6570\u6599\u304c\u304b\u304b\u3063\u305f\u308a\u3001\u4e21\u66ff\u3092\u62d2\u5426\u3055\u308c\u308b\u5834\u5408\u304c\u3042\u308a\u307e\u3059\u306e\u3067\u3054\u6ce8\u610f\u304f\u3060\u3055\u3044\u3002<\/li>\n<\/ul>\n","protected":false},"featured_media":21454,"comment_status":"closed","ping_status":"closed","template":"","meta":{"_acf_changed":false,"footnotes":""},"product_cat":[337],"product_tag":[],"class_list":{"0":"post-21102","1":"product","2":"type-product","3":"status-publish","4":"has-post-thumbnail","6":"product_cat-adventure","8":"first","9":"instock","10":"shipping-taxable","11":"purchasable","12":"product-type-simple"},"acf":[],"yoast_head":"<!-- This site is optimized with the Yoast SEO Premium plugin v26.5 (Yoast SEO v27.3) - https:\/\/yoast.com\/product\/yoast-seo-premium-wordpress\/ -->\n<title>Adventure Eritrea<\/title>\n<meta name=\"robots\" content=\"index, follow, max-snippet:-1, max-image-preview:large, max-video-preview:-1\" \/>\n<link rel=\"canonical\" href=\"https:\/\/mountainguides.pro\/ja\/tours\/adventure\/tour-to-eritrea-dahlak-archipelago-and-rashaida-nomads\/\" \/>\n<meta property=\"og:locale\" content=\"en_US\" \/>\n<meta property=\"og:locale:alternate\" content=\"en_US\" \/>\n<meta property=\"og:locale:alternate\" content=\"ru_RU\" \/>\n<meta property=\"og:locale:alternate\" content=\"de\" \/>\n<meta property=\"og:locale:alternate\" content=\"es\" \/>\n<meta property=\"og:locale:alternate\" content=\"pt\" \/>\n<meta property=\"og:locale:alternate\" content=\"zh\" \/>\n<meta property=\"og:locale:alternate\" content=\"ko\" \/>\n<meta property=\"og:locale:alternate\" content=\"hi\" \/>\n<meta property=\"og:locale:alternate\" content=\"ar\" \/>\n<meta property=\"og:type\" content=\"article\" \/>\n<meta property=\"og:title\" content=\"\u30a8\u30ea\u30c8\u30ea\u30a2\u30c4\u30a2\u30fc\uff1a\u30c0\u30e9\u30af\u8af8\u5cf6\u3068\u30e9\u30b7\u30e3\u30a4\u30c0\u904a\u7267\u6c11\" \/>\n<meta property=\"og:description\" content=\"\u30a2\u30b9\u30de\u30e9\u306e\u72ed\u3044\u8def\u5730\u3092\u6b69\u304d\u3001\u30a2\u30fc\u30eb\u30fb\u30c7\u30b3\u5efa\u7bc9\u3092\u9451\u8cde\u3057\u306a\u304c\u3089\u8ecd\u4e8b\u8eca\u4e21\u306e\u5893\u5730\u3092\u898b\u5b66  \u904a\u7267\u6c11\u30e9\u30b7\u30e3\u30a4\u30c0\u3068\u306e\u51fa\u4f1a\u3044\u2014\u2014\u9bae\u3084\u304b\u306a\u4f1d\u7d71\u8863\u88c5\u3068\u72ec\u81ea\u306e\u7fd2\u6163\u306b\u89e6\u308c\u308b\u4f53\u9a13  \u53e4\u4ee3\u6e2f\u753a\u30de\u30c3\u30b5\u30ef\u306e\u96f0\u56f2\u6c17\u306b\u6d78\u308a\u3001\u6771\u65b9\u306e\u4f1d\u7d71\u3068\u690d\u6c11\u5730\u5efa\u7bc9\u304c\u8abf\u548c\u3059\u308b\u8857\u3092\u6563\u7b56  \u30c0\u30d5\u30e9\u30af\u8af8\u5cf6\u3078\u306e\u6d77\u306e\u65c5\u3001\u30c7\u30c3\u30b7\u30a8\u5cf6\u3067\u306e\u6e80\u5929\u306e\u661f\u7a7a\u306e\u4e0b\u3067\u306e\u5bbf\u6cca  \u6a19\u9ad82450\u30e1\u30fc\u30c8\u30eb\u306b\u4f4d\u7f6e\u3057\u3001\u606f\u3092\u5451\u3080\u3088\u3046\u306a\u666f\u89b3\u3068\u53e4\u3044\u6b74\u53f2\u3092\u6301\u3064\u30a8\u30ea\u30c8\u30ea\u30a2\u3067\u3082\u6709\u540d\u306a\u4fee\u9053\u9662\u306e\u8a2a\u554f  \u5f53\u793e\u306f\u822a\u7a7a\u5238\u306e\u8cfc\u5165\u30fb\u8ca9\u58f2\u3001\u30d3\u30b6\u53d6\u5f97\u4ee3\u884c\u306e\u696d\u52d9\u306f\u884c\u3063\u3066\u304a\u308a\u307e\u305b\u3093\u3002\u305d\u306e\u305f\u3081\u3001\u30d5\u30e9\u30a4\u30c8\u3084\u56fd\u5883\u901a\u904e\u306b\u95a2\u9023\u3059\u308b\u4e0d\u53ef\u6297\u529b\u306b\u3088\u308b\u30c8\u30e9\u30d6\u30eb\u306b\u306f\u8cac\u4efb\u3092\u8ca0\u3044\u304b\u306d\u307e\u3059\u3002 \u91cd\u8981\u306a\u60c5\u5831:    \u30c1\u30a7\u30c3\u30af\u30a4\u30f3\u304a\u3088\u3073\u30c1\u30a7\u30c3\u30af\u30a2\u30a6\u30c8\u306e\u6642\u9593\u306f\u30db\u30c6\u30eb\u898f\u5b9a\u306b\u5f93\u3044\u307e\u3059\uff1a\u30c1\u30a7\u30c3\u30af\u30a4\u30f3\u306f15\u6642\u4ee5\u964d\u3001\u30c1\u30a7\u30c3\u30af\u30a2\u30a6\u30c8\u306f11\u301c12\u6642\u307e\u3067\u3002\u8377\u7269\u306f\u30db\u30c6\u30eb\u306e\u30ec\u30bb\u30d7\u30b7\u30e7\u30f3\u306b\u9810\u3051\u3066\u8857\u3092\u6563\u7b56\u3059\u308b\u3053\u3068\u304c\u53ef\u80fd\u3067\u3042\u308a\u3001\u6280\u8853\u7684\u306b\u53ef\u80fd\u306a\u5834\u5408\u306f\u8ffd\u52a0\u6599\u91d1\u3067\u30a2\u30fc\u30ea\u30fc\u30c1\u30a7\u30c3\u30af\u30a4\u30f3\uff0f\u30ec\u30a4\u30c8\u30c1\u30a7\u30c3\u30af\u30a2\u30a6\u30c8\u304c\u3067\u304d\u307e\u3059\u3002  \u30a8\u30ea\u30c8\u30ea\u30a2\u3067\u306f\u3001\u53e4\u3044\uff082009\u5e74\u4ee5\u524d\u767a\u884c\uff09\u3001\u7834\u640d\u3057\u305f\u3001\u307e\u305f\u306f\u5c0f\u984d\u7d19\u5e63\u306e\u7c73\u30c9\u30eb\u306e\u4e21\u66ff\u306b\u554f\u984c\u304c\u751f\u3058\u308b\u3053\u3068\u304c\u3042\u308a\u307e\u3059\u3002\u5834\u6240\u306b\u3088\u3063\u3066\u306f\u8ffd\u52a0\u624b\u6570\u6599\u304c\u304b\u304b\u3063\u305f\u308a\u3001\u4e21\u66ff\u3092\u62d2\u5426\u3055\u308c\u308b\u5834\u5408\u304c\u3042\u308a\u307e\u3059\u306e\u3067\u3054\u6ce8\u610f\u304f\u3060\u3055\u3044\u3002\" \/>\n<meta property=\"og:url\" content=\"https:\/\/mountainguides.pro\/ja\/tours\/adventure\/tour-to-eritrea-dahlak-archipelago-and-rashaida-nomads\/\" \/>\n<meta property=\"og:site_name\" content=\"Mountain Guide\" \/>\n<meta property=\"article:publisher\" content=\"https:\/\/www.facebook.com\/Mountainguide-232956566756831\/\" \/>\n<meta property=\"article:modified_time\" content=\"2026-01-29T08:15:22+00:00\" \/>\n<meta property=\"og:image\" content=\"https:\/\/mountainguides.pro\/wp-content\/uploads\/2025\/01\/tur-v-eritreyu.jpeg\" \/>\n\t<meta property=\"og:image:width\" content=\"1800\" \/>\n\t<meta property=\"og:image:height\" content=\"1350\" \/>\n\t<meta property=\"og:image:type\" content=\"image\/jpeg\" \/>\n<meta name=\"twitter:card\" content=\"summary_large_image\" \/>\n<meta name=\"twitter:site\" content=\"@Wintercyclone\" \/>\n<meta name=\"twitter:label1\" content=\"Est. reading time\" \/>\n\t<meta name=\"twitter:data1\" content=\"1 minute\" \/>\n<script type=\"application\/ld+json\" class=\"yoast-schema-graph\">{\"@context\":\"https:\\\/\\\/schema.org\",\"@graph\":[{\"@type\":\"WebPage\",\"@id\":\"https:\\\/\\\/mountainguides.pro\\\/ar\\\/tours\\\/adventure\\\/tour-to-eritrea-dahlak-archipelago-and-rashaida-nomads\\\/\",\"url\":\"https:\\\/\\\/mountainguides.pro\\\/ar\\\/tours\\\/adventure\\\/tour-to-eritrea-dahlak-archipelago-and-rashaida-nomads\\\/\",\"name\":\"Adventure Eritrea\",\"isPartOf\":{\"@id\":\"https:\\\/\\\/mountainguides.pro\\\/#website\"},\"primaryImageOfPage\":{\"@id\":\"https:\\\/\\\/mountainguides.pro\\\/ar\\\/tours\\\/adventure\\\/tour-to-eritrea-dahlak-archipelago-and-rashaida-nomads\\\/#primaryimage\"},\"image\":{\"@id\":\"https:\\\/\\\/mountainguides.pro\\\/ar\\\/tours\\\/adventure\\\/tour-to-eritrea-dahlak-archipelago-and-rashaida-nomads\\\/#primaryimage\"},\"thumbnailUrl\":\"https:\\\/\\\/mountainguides.pro\\\/wp-content\\\/uploads\\\/2025\\\/01\\\/tur-v-eritreyu.jpeg\",\"datePublished\":\"2025-01-08T13:50:09+00:00\",\"dateModified\":\"2026-01-29T08:15:22+00:00\",\"breadcrumb\":{\"@id\":\"https:\\\/\\\/mountainguides.pro\\\/ar\\\/tours\\\/adventure\\\/tour-to-eritrea-dahlak-archipelago-and-rashaida-nomads\\\/#breadcrumb\"},\"inLanguage\":\"ja\",\"potentialAction\":[{\"@type\":\"ReadAction\",\"target\":[\"https:\\\/\\\/mountainguides.pro\\\/ar\\\/tours\\\/adventure\\\/tour-to-eritrea-dahlak-archipelago-and-rashaida-nomads\\\/\"]}]},{\"@type\":\"ImageObject\",\"inLanguage\":\"ja\",\"@id\":\"https:\\\/\\\/mountainguides.pro\\\/ar\\\/tours\\\/adventure\\\/tour-to-eritrea-dahlak-archipelago-and-rashaida-nomads\\\/#primaryimage\",\"url\":\"https:\\\/\\\/mountainguides.pro\\\/wp-content\\\/uploads\\\/2025\\\/01\\\/tur-v-eritreyu.jpeg\",\"contentUrl\":\"https:\\\/\\\/mountainguides.pro\\\/wp-content\\\/uploads\\\/2025\\\/01\\\/tur-v-eritreyu.jpeg\",\"width\":1800,\"height\":1350},{\"@type\":\"BreadcrumbList\",\"@id\":\"https:\\\/\\\/mountainguides.pro\\\/ar\\\/tours\\\/adventure\\\/tour-to-eritrea-dahlak-archipelago-and-rashaida-nomads\\\/#breadcrumb\",\"itemListElement\":[{\"@type\":\"ListItem\",\"position\":1,\"name\":\"Home\",\"item\":\"https:\\\/\\\/mountainguides.pro\\\/de\\\/\"},{\"@type\":\"ListItem\",\"position\":2,\"name\":\"\u062c\u0648\u0644\u0629 \u0625\u0631\u064a\u062a\u0631\u064a\u0627: \u0623\u0631\u062e\u0628\u064a\u0644 \u062f\u0647\u0644\u0643 \u0648\u0631\u0634\u064a\u062f\u0629 \u0627\u0644\u0628\u062f\u0648\"}]},{\"@type\":\"WebSite\",\"@id\":\"https:\\\/\\\/mountainguides.pro\\\/#website\",\"url\":\"https:\\\/\\\/mountainguides.pro\\\/\",\"name\":\"Mountain Guide\",\"description\":\"We aspire to be the first in everything!\",\"publisher\":{\"@id\":\"https:\\\/\\\/mountainguides.pro\\\/#organization\"},\"potentialAction\":[{\"@type\":\"SearchAction\",\"target\":{\"@type\":\"EntryPoint\",\"urlTemplate\":\"https:\\\/\\\/mountainguides.pro\\\/?s={search_term_string}\"},\"query-input\":{\"@type\":\"PropertyValueSpecification\",\"valueRequired\":true,\"valueName\":\"search_term_string\"}}],\"inLanguage\":\"ja\"},{\"@type\":\"Organization\",\"@id\":\"https:\\\/\\\/mountainguides.pro\\\/#organization\",\"name\":\"Mountain Guide\",\"url\":\"https:\\\/\\\/mountainguides.pro\\\/\",\"logo\":{\"@type\":\"ImageObject\",\"inLanguage\":\"ja\",\"@id\":\"https:\\\/\\\/mountainguides.pro\\\/#\\\/schema\\\/logo\\\/image\\\/\",\"url\":\"https:\\\/\\\/mountainguides.pro\\\/wp-content\\\/uploads\\\/2018\\\/01\\\/mglogo.jpg\",\"contentUrl\":\"https:\\\/\\\/mountainguides.pro\\\/wp-content\\\/uploads\\\/2018\\\/01\\\/mglogo.jpg\",\"width\":1200,\"height\":630,\"caption\":\"Mountain Guide\"},\"image\":{\"@id\":\"https:\\\/\\\/mountainguides.pro\\\/#\\\/schema\\\/logo\\\/image\\\/\"},\"sameAs\":[\"https:\\\/\\\/www.facebook.com\\\/Mountainguide-232956566756831\\\/\",\"https:\\\/\\\/x.com\\\/Wintercyclone\",\"http:\\\/\\\/instagram.com\\\/mountainguide\",\"http:\\\/\\\/www.youtube.com\\\/mountainguide\"]}]}<\/script>\n<!-- \/ Yoast SEO Premium plugin. -->","yoast_head_json":{"title":"Adventure Eritrea","robots":{"index":"index","follow":"follow","max-snippet":"max-snippet:-1","max-image-preview":"max-image-preview:large","max-video-preview":"max-video-preview:-1"},"canonical":"https:\/\/mountainguides.pro\/ja\/tours\/adventure\/tour-to-eritrea-dahlak-archipelago-and-rashaida-nomads\/","og_locale":"en_US","og_type":"article","og_title":"[:en]Tour to Eritrea: Dahlak Archipelago and Rashaida Nomads[:de]Tour nach Eritrea: Der Archipel Dahlak und die Nomaden von Rashaid[:es]Tour a Eritrea: el archipi\u00e9lago de Dahlak y los n\u00f3madas de Rashaid[:pt]Excurs\u00e3o \u00e0 Eritreia: O arquip\u00e9lago de Dahlak e os n\u00f4mades de Rashaid[:zh]\u5384\u7acb\u7279\u91cc\u4e9a\u4e4b\u65c5\uff1a\u8fbe\u8d6b\u62c9\u514b\u7fa4\u5c9b\u548c\u62c9\u6c99\u4f0a\u8fbe\u6e38\u7267\u6c11\u65cf[:ko]\uc5d0\ub9ac\ud2b8\ub808\uc544 \ud22c\uc5b4:\ub2ec\ub77d \uad70\ub3c4\uc640 \ub77c\uc0e4\uc774\ub2e4 \uc720\ubaa9\ubbfc[:ja]\u30a8\u30ea\u30c8\u30ea\u30a2\u30c4\u30a2\u30fc\uff1a\u30c0\u30e9\u30af\u8af8\u5cf6\u3068\u30e9\u30b7\u30e3\u30a4\u30c0\u904a\u7267\u6c11[:hi]\u0907\u0930\u093f\u091f\u094d\u0930\u093f\u092f\u093e \u091f\u0942\u0930: \u0926\u0939\u0932\u093e\u0915 \u0926\u094d\u0935\u0940\u092a\u0938\u092e\u0942\u0939 \u0914\u0930 \u0930\u0936\u0940\u0926\u093e \u0916\u093e\u0928\u093e\u092c\u0926\u094b\u0936[:ar]\u062c\u0648\u0644\u0629 \u0625\u0631\u064a\u062a\u0631\u064a\u0627: \u0623\u0631\u062e\u0628\u064a\u0644 \u062f\u0647\u0644\u0643 \u0648\u0631\u0634\u064a\u062f\u0629 \u0627\u0644\u0628\u062f\u0648[:]","og_description":"\u30a2\u30b9\u30de\u30e9\u306e\u72ed\u3044\u8def\u5730\u3092\u6b69\u304d\u3001\u30a2\u30fc\u30eb\u30fb\u30c7\u30b3\u5efa\u7bc9\u3092\u9451\u8cde\u3057\u306a\u304c\u3089\u8ecd\u4e8b\u8eca\u4e21\u306e\u5893\u5730\u3092\u898b\u5b66  \u904a\u7267\u6c11\u30e9\u30b7\u30e3\u30a4\u30c0\u3068\u306e\u51fa\u4f1a\u3044\u2014\u2014\u9bae\u3084\u304b\u306a\u4f1d\u7d71\u8863\u88c5\u3068\u72ec\u81ea\u306e\u7fd2\u6163\u306b\u89e6\u308c\u308b\u4f53\u9a13  \u53e4\u4ee3\u6e2f\u753a\u30de\u30c3\u30b5\u30ef\u306e\u96f0\u56f2\u6c17\u306b\u6d78\u308a\u3001\u6771\u65b9\u306e\u4f1d\u7d71\u3068\u690d\u6c11\u5730\u5efa\u7bc9\u304c\u8abf\u548c\u3059\u308b\u8857\u3092\u6563\u7b56  \u30c0\u30d5\u30e9\u30af\u8af8\u5cf6\u3078\u306e\u6d77\u306e\u65c5\u3001\u30c7\u30c3\u30b7\u30a8\u5cf6\u3067\u306e\u6e80\u5929\u306e\u661f\u7a7a\u306e\u4e0b\u3067\u306e\u5bbf\u6cca  \u6a19\u9ad82450\u30e1\u30fc\u30c8\u30eb\u306b\u4f4d\u7f6e\u3057\u3001\u606f\u3092\u5451\u3080\u3088\u3046\u306a\u666f\u89b3\u3068\u53e4\u3044\u6b74\u53f2\u3092\u6301\u3064\u30a8\u30ea\u30c8\u30ea\u30a2\u3067\u3082\u6709\u540d\u306a\u4fee\u9053\u9662\u306e\u8a2a\u554f  \u5f53\u793e\u306f\u822a\u7a7a\u5238\u306e\u8cfc\u5165\u30fb\u8ca9\u58f2\u3001\u30d3\u30b6\u53d6\u5f97\u4ee3\u884c\u306e\u696d\u52d9\u306f\u884c\u3063\u3066\u304a\u308a\u307e\u305b\u3093\u3002\u305d\u306e\u305f\u3081\u3001\u30d5\u30e9\u30a4\u30c8\u3084\u56fd\u5883\u901a\u904e\u306b\u95a2\u9023\u3059\u308b\u4e0d\u53ef\u6297\u529b\u306b\u3088\u308b\u30c8\u30e9\u30d6\u30eb\u306b\u306f\u8cac\u4efb\u3092\u8ca0\u3044\u304b\u306d\u307e\u3059\u3002 \u91cd\u8981\u306a\u60c5\u5831:    \u30c1\u30a7\u30c3\u30af\u30a4\u30f3\u304a\u3088\u3073\u30c1\u30a7\u30c3\u30af\u30a2\u30a6\u30c8\u306e\u6642\u9593\u306f\u30db\u30c6\u30eb\u898f\u5b9a\u306b\u5f93\u3044\u307e\u3059\uff1a\u30c1\u30a7\u30c3\u30af\u30a4\u30f3\u306f15\u6642\u4ee5\u964d\u3001\u30c1\u30a7\u30c3\u30af\u30a2\u30a6\u30c8\u306f11\u301c12\u6642\u307e\u3067\u3002\u8377\u7269\u306f\u30db\u30c6\u30eb\u306e\u30ec\u30bb\u30d7\u30b7\u30e7\u30f3\u306b\u9810\u3051\u3066\u8857\u3092\u6563\u7b56\u3059\u308b\u3053\u3068\u304c\u53ef\u80fd\u3067\u3042\u308a\u3001\u6280\u8853\u7684\u306b\u53ef\u80fd\u306a\u5834\u5408\u306f\u8ffd\u52a0\u6599\u91d1\u3067\u30a2\u30fc\u30ea\u30fc\u30c1\u30a7\u30c3\u30af\u30a4\u30f3\uff0f\u30ec\u30a4\u30c8\u30c1\u30a7\u30c3\u30af\u30a2\u30a6\u30c8\u304c\u3067\u304d\u307e\u3059\u3002  \u30a8\u30ea\u30c8\u30ea\u30a2\u3067\u306f\u3001\u53e4\u3044\uff082009\u5e74\u4ee5\u524d\u767a\u884c\uff09\u3001\u7834\u640d\u3057\u305f\u3001\u307e\u305f\u306f\u5c0f\u984d\u7d19\u5e63\u306e\u7c73\u30c9\u30eb\u306e\u4e21\u66ff\u306b\u554f\u984c\u304c\u751f\u3058\u308b\u3053\u3068\u304c\u3042\u308a\u307e\u3059\u3002\u5834\u6240\u306b\u3088\u3063\u3066\u306f\u8ffd\u52a0\u624b\u6570\u6599\u304c\u304b\u304b\u3063\u305f\u308a\u3001\u4e21\u66ff\u3092\u62d2\u5426\u3055\u308c\u308b\u5834\u5408\u304c\u3042\u308a\u307e\u3059\u306e\u3067\u3054\u6ce8\u610f\u304f\u3060\u3055\u3044\u3002","og_url":"https:\/\/mountainguides.pro\/ja\/tours\/adventure\/tour-to-eritrea-dahlak-archipelago-and-rashaida-nomads\/","og_site_name":"Mountain Guide","article_publisher":"https:\/\/www.facebook.com\/Mountainguide-232956566756831\/","article_modified_time":"2026-01-29T08:15:22+00:00","og_image":[{"width":1800,"height":1350,"url":"https:\/\/mountainguides.pro\/wp-content\/uploads\/2025\/01\/tur-v-eritreyu.jpeg","type":"image\/jpeg"}],"twitter_card":"summary_large_image","twitter_site":"@Wintercyclone","twitter_misc":{"Est. reading time":"1 minute"},"schema":{"@context":"https:\/\/schema.org","@graph":[{"@type":"WebPage","@id":"https:\/\/mountainguides.pro\/ar\/tours\/adventure\/tour-to-eritrea-dahlak-archipelago-and-rashaida-nomads\/","url":"https:\/\/mountainguides.pro\/ar\/tours\/adventure\/tour-to-eritrea-dahlak-archipelago-and-rashaida-nomads\/","name":"Adventure Eritrea","isPartOf":{"@id":"https:\/\/mountainguides.pro\/#website"},"primaryImageOfPage":{"@id":"https:\/\/mountainguides.pro\/ar\/tours\/adventure\/tour-to-eritrea-dahlak-archipelago-and-rashaida-nomads\/#primaryimage"},"image":{"@id":"https:\/\/mountainguides.pro\/ar\/tours\/adventure\/tour-to-eritrea-dahlak-archipelago-and-rashaida-nomads\/#primaryimage"},"thumbnailUrl":"https:\/\/mountainguides.pro\/wp-content\/uploads\/2025\/01\/tur-v-eritreyu.jpeg","datePublished":"2025-01-08T13:50:09+00:00","dateModified":"2026-01-29T08:15:22+00:00","breadcrumb":{"@id":"https:\/\/mountainguides.pro\/ar\/tours\/adventure\/tour-to-eritrea-dahlak-archipelago-and-rashaida-nomads\/#breadcrumb"},"inLanguage":"ja","potentialAction":[{"@type":"ReadAction","target":["https:\/\/mountainguides.pro\/ar\/tours\/adventure\/tour-to-eritrea-dahlak-archipelago-and-rashaida-nomads\/"]}]},{"@type":"ImageObject","inLanguage":"ja","@id":"https:\/\/mountainguides.pro\/ar\/tours\/adventure\/tour-to-eritrea-dahlak-archipelago-and-rashaida-nomads\/#primaryimage","url":"https:\/\/mountainguides.pro\/wp-content\/uploads\/2025\/01\/tur-v-eritreyu.jpeg","contentUrl":"https:\/\/mountainguides.pro\/wp-content\/uploads\/2025\/01\/tur-v-eritreyu.jpeg","width":1800,"height":1350},{"@type":"BreadcrumbList","@id":"https:\/\/mountainguides.pro\/ar\/tours\/adventure\/tour-to-eritrea-dahlak-archipelago-and-rashaida-nomads\/#breadcrumb","itemListElement":[{"@type":"ListItem","position":1,"name":"Home","item":"https:\/\/mountainguides.pro\/de\/"},{"@type":"ListItem","position":2,"name":"\u062c\u0648\u0644\u0629 \u0625\u0631\u064a\u062a\u0631\u064a\u0627: \u0623\u0631\u062e\u0628\u064a\u0644 \u062f\u0647\u0644\u0643 \u0648\u0631\u0634\u064a\u062f\u0629 \u0627\u0644\u0628\u062f\u0648"}]},{"@type":"WebSite","@id":"https:\/\/mountainguides.pro\/#website","url":"https:\/\/mountainguides.pro\/","name":"Mountain Guide","description":"We aspire to be the first in everything!","publisher":{"@id":"https:\/\/mountainguides.pro\/#organization"},"potentialAction":[{"@type":"SearchAction","target":{"@type":"EntryPoint","urlTemplate":"https:\/\/mountainguides.pro\/?s={search_term_string}"},"query-input":{"@type":"PropertyValueSpecification","valueRequired":true,"valueName":"search_term_string"}}],"inLanguage":"ja"},{"@type":"Organization","@id":"https:\/\/mountainguides.pro\/#organization","name":"Mountain Guide","url":"https:\/\/mountainguides.pro\/","logo":{"@type":"ImageObject","inLanguage":"ja","@id":"https:\/\/mountainguides.pro\/#\/schema\/logo\/image\/","url":"https:\/\/mountainguides.pro\/wp-content\/uploads\/2018\/01\/mglogo.jpg","contentUrl":"https:\/\/mountainguides.pro\/wp-content\/uploads\/2018\/01\/mglogo.jpg","width":1200,"height":630,"caption":"Mountain Guide"},"image":{"@id":"https:\/\/mountainguides.pro\/#\/schema\/logo\/image\/"},"sameAs":["https:\/\/www.facebook.com\/Mountainguide-232956566756831\/","https:\/\/x.com\/Wintercyclone","http:\/\/instagram.com\/mountainguide","http:\/\/www.youtube.com\/mountainguide"]}]}},"_links":{"self":[{"href":"https:\/\/mountainguides.pro\/ja\/wp-json\/wp\/v2\/product\/21102","targetHints":{"allow":["GET"]}}],"collection":[{"href":"https:\/\/mountainguides.pro\/ja\/wp-json\/wp\/v2\/product"}],"about":[{"href":"https:\/\/mountainguides.pro\/ja\/wp-json\/wp\/v2\/types\/product"}],"replies":[{"embeddable":true,"href":"https:\/\/mountainguides.pro\/ja\/wp-json\/wp\/v2\/comments?post=21102"}],"version-history":[{"count":13,"href":"https:\/\/mountainguides.pro\/ja\/wp-json\/wp\/v2\/product\/21102\/revisions"}],"predecessor-version":[{"id":32661,"href":"https:\/\/mountainguides.pro\/ja\/wp-json\/wp\/v2\/product\/21102\/revisions\/32661"}],"wp:featuredmedia":[{"embeddable":true,"href":"https:\/\/mountainguides.pro\/ja\/wp-json\/wp\/v2\/media\/21454"}],"wp:attachment":[{"href":"https:\/\/mountainguides.pro\/ja\/wp-json\/wp\/v2\/media?parent=21102"}],"wp:term":[{"taxonomy":"product_cat","embeddable":true,"href":"https:\/\/mountainguides.pro\/ja\/wp-json\/wp\/v2\/product_cat?post=21102"},{"taxonomy":"product_tag","embeddable":true,"href":"https:\/\/mountainguides.pro\/ja\/wp-json\/wp\/v2\/product_tag?post=21102"}],"curies":[{"name":"wp","href":"https:\/\/api.w.org\/{rel}","templated":true}]}}