{"id":21109,"date":"2025-01-08T16:50:30","date_gmt":"2025-01-08T13:50:30","guid":{"rendered":"https:\/\/mountainguides.pro\/?post_type=product&#038;p=21109"},"modified":"2026-01-29T10:24:46","modified_gmt":"2026-01-29T07:24:46","slug":"amazon-tour-panama-ecuador-peru-colombia-brazil","status":"publish","type":"product","link":"https:\/\/mountainguides.pro\/ja\/tours\/adventure\/amazon-tour-panama-ecuador-peru-colombia-brazil\/","title":{"rendered":"\u30a2\u30de\u30be\u30f3\u30c4\u30a2\u30fc\uff1a\u30d1\u30ca\u30de\u3001\u30a8\u30af\u30a2\u30c9\u30eb\u3001\u30da\u30eb\u30fc\u3001\u30b3\u30ed\u30f3\u30d3\u30a2\u3001\u30d6\u30e9\u30b8\u30eb"},"content":{"rendered":"","protected":false},"excerpt":{"rendered":"<ul>\n<li class=\"p1\">\u4e2d\u592e\u30a2\u30e1\u30ea\u30ab\u3068\u5357\u30a2\u30e1\u30ea\u30ab\u306e5\u304b\u56fd\u3092\u4e00\u5ea6\u306b\u5de1\u308b\u65c5\uff1a\u30d1\u30ca\u30de\u3001\u30a8\u30af\u30a2\u30c9\u30eb\u3001\u30da\u30eb\u30fc\u3001\u30b3\u30ed\u30f3\u30d3\u30a2\u3001\u30d6\u30e9\u30b8\u30eb<\/li>\n<li class=\"p1\">\u30ab\u30ea\u30d6\u6d77\u306e\u697d\u5712\uff1a\u30b5\u30f3\u30fb\u30d6\u30e9\u30b9\u8af8\u5cf6\u3068\u661f\u7a7a\u306e\u4e0b\u3067\u306e\u5cf6\u6cca<\/li>\n<li class=\"p1\">\u30a8\u30af\u30a2\u30c9\u30eb\u306e\u30d1\u30d1\u30e4\u30af\u30bf\u6e29\u6cc9\u3068\u8d05\u6ca2\u306a\u30b9\u30d1\u30fb\u30b3\u30f3\u30d7\u30ec\u30c3\u30af\u30b9<\/li>\n<li class=\"p1\">\u30a2\u30de\u30be\u30f3\u5ddd\u306e\u65c5\uff1a\u30ab\u30a4\u30de\u30f3\u3001\u53e4\u4ee3\u90e8\u65cf\u3001\u30d4\u30e9\u30cb\u30a2\u91e3\u308a\u3001\u30b3\u30f3\u30b4\u30a6\u30a4\u30f3\u30b3\u3001\u30b7\u30e3\u30fc\u30de\u30f3\u306e\u5100\u5f0f\u3001\u305d\u3057\u3066\u5730\u5143\u306e\u73cd\u5473<\/li>\n<li class=\"p1\">\u6b74\u53f2\u7684\u306b\u91cd\u8981\u306a\u90fd\u5e02\u3001\u30da\u30eb\u30fc\u306e\u30a4\u30ad\u30c8\u30b9\u3001\u30b3\u30ed\u30f3\u30d3\u30a2\u306e\u30ec\u30c6\u30a3\u30b7\u30a2\u3001\u30d6\u30e9\u30b8\u30eb\u306e\u30de\u30ca\u30a6\u30b9<\/li>\n<\/ul>\n<p class=\"p1\"><strong>*\u3054\u6ce8\u610f\u304f\u3060\u3055\u3044\uff1a\u5f53\u793e\u306f\u822a\u7a7a\u5238\u306e\u8cfc\u5165\u30fb\u8ca9\u58f2\u304a\u3088\u3073\u30d3\u30b6\u624b\u7d9a\u304d\u306b\u306f\u95a2\u4e0e\u3057\u3066\u304a\u3089\u305a\u3001\u30d5\u30e9\u30a4\u30c8\u3084\u56fd\u5883\u901a\u904e\u306b\u95a2\u9023\u3059\u308b\u4e0d\u53ef\u6297\u529b\u306b\u306f\u8cac\u4efb\u3092\u8ca0\u3044\u307e\u305b\u3093\u3002<\/strong><\/p>\n<p class=\"p3\"><b>\u91cd\u8981\u306a\u60c5\u5831\uff1a<\/b><b><\/b><\/p>\n<ul>\n<li class=\"p1\">\u30db\u30c6\u30eb\u306e\u30c1\u30a7\u30c3\u30af\u30a4\u30f3\uff0f\u30c1\u30a7\u30c3\u30af\u30a2\u30a6\u30c8\u6642\u9593\u306f\u898f\u5b9a\u3055\u308c\u3066\u3044\u307e\u3059\uff1a\u30c1\u30a7\u30c3\u30af\u30a4\u30f3\u306f15\u6642\u4ee5\u964d\u3001\u30c1\u30a7\u30c3\u30af\u30a2\u30a6\u30c8\u306f11\u301c12\u6642\u307e\u3067\u3002\u8377\u7269\u306f\u30db\u30c6\u30eb\u306e\u30d5\u30ed\u30f3\u30c8\u306b\u9810\u3051\u3066\u8857\u3092\u6563\u7b56\u3059\u308b\u3053\u3068\u304c\u3067\u304d\u307e\u3059\u3002\u307e\u305f\u3001\u6280\u8853\u7684\u306a\u53ef\u80fd\u6027\u304c\u3042\u308b\u5834\u5408\u3001\u8ffd\u52a0\u6599\u91d1\u3067\u30a2\u30fc\u30ea\u30fc\u30c1\u30a7\u30c3\u30af\u30a4\u30f3\uff0f\u30ec\u30a4\u30c8\u30c1\u30a7\u30c3\u30af\u30a2\u30a6\u30c8\u304c\u53ef\u80fd\u3067\u3059\u3002<\/li>\n<li class=\"p1\">\u672c\u65c5\u884c\u306f\u63a2\u691c\u7684\u306a\u6027\u8cea\u3092\u6301\u3061\u3001\u73fe\u5730\u90e8\u65cf\u30fb\u30b3\u30df\u30e5\u30cb\u30c6\u30a3\u3068\u306e\u4ea4\u6d41\u3084\u5929\u5019\u306e\u5f71\u97ff\u3092\u53d7\u3051\u308b\u5834\u5408\u304c\u3042\u308a\u307e\u3059\u3002\u79c1\u305f\u3061\u306f\u63d0\u793a\u3055\u308c\u305f\u30b9\u30b1\u30b8\u30e5\u30fc\u30eb\u3092\u6700\u5927\u9650\u9075\u5b88\u3059\u308b\u3088\u3046\u52aa\u3081\u307e\u3059\u304c\u3001\u5f53\u793e\u306e\u7ba1\u7406\u5916\u306e\u8981\u56e0\u306b\u3088\u308a\u5909\u66f4\u304c\u5fc5\u8981\u306b\u306a\u308b\u5834\u5408\u304c\u3042\u308a\u307e\u3059\u3002<\/li>\n<\/ul>\n","protected":false},"featured_media":0,"comment_status":"closed","ping_status":"closed","template":"","meta":{"_acf_changed":false,"footnotes":""},"product_cat":[337],"product_tag":[],"class_list":{"0":"post-21109","1":"product","2":"type-product","3":"status-publish","5":"product_cat-adventure","7":"first","8":"instock","9":"shipping-taxable","10":"product-type-simple"},"acf":[],"yoast_head":"<!-- This site is optimized with the Yoast SEO Premium plugin v26.5 (Yoast SEO v27.4) - https:\/\/yoast.com\/product\/yoast-seo-premium-wordpress\/ -->\n<title>Adventure Amazon Panama Ecuador Peru<\/title>\n<meta name=\"robots\" content=\"index, follow, max-snippet:-1, max-image-preview:large, max-video-preview:-1\" \/>\n<link rel=\"canonical\" href=\"https:\/\/mountainguides.pro\/ja\/tours\/adventure\/amazon-tour-panama-ecuador-peru-colombia-brazil\/\" \/>\n<meta property=\"og:locale\" content=\"en_US\" \/>\n<meta property=\"og:locale:alternate\" content=\"en_US\" \/>\n<meta property=\"og:locale:alternate\" content=\"ru_RU\" \/>\n<meta property=\"og:locale:alternate\" content=\"de\" \/>\n<meta property=\"og:locale:alternate\" content=\"es\" \/>\n<meta property=\"og:locale:alternate\" content=\"pt\" \/>\n<meta property=\"og:locale:alternate\" content=\"zh\" \/>\n<meta property=\"og:locale:alternate\" content=\"ko\" \/>\n<meta property=\"og:locale:alternate\" content=\"hi\" \/>\n<meta property=\"og:locale:alternate\" content=\"ar\" \/>\n<meta property=\"og:type\" content=\"article\" \/>\n<meta property=\"og:title\" content=\"\u30a2\u30de\u30be\u30f3\u30c4\u30a2\u30fc\uff1a\u30d1\u30ca\u30de\u3001\u30a8\u30af\u30a2\u30c9\u30eb\u3001\u30da\u30eb\u30fc\u3001\u30b3\u30ed\u30f3\u30d3\u30a2\u3001\u30d6\u30e9\u30b8\u30eb\" \/>\n<meta property=\"og:description\" content=\"\u4e2d\u592e\u30a2\u30e1\u30ea\u30ab\u3068\u5357\u30a2\u30e1\u30ea\u30ab\u306e5\u304b\u56fd\u3092\u4e00\u5ea6\u306b\u5de1\u308b\u65c5\uff1a\u30d1\u30ca\u30de\u3001\u30a8\u30af\u30a2\u30c9\u30eb\u3001\u30da\u30eb\u30fc\u3001\u30b3\u30ed\u30f3\u30d3\u30a2\u3001\u30d6\u30e9\u30b8\u30eb  \u30ab\u30ea\u30d6\u6d77\u306e\u697d\u5712\uff1a\u30b5\u30f3\u30fb\u30d6\u30e9\u30b9\u8af8\u5cf6\u3068\u661f\u7a7a\u306e\u4e0b\u3067\u306e\u5cf6\u6cca  \u30a8\u30af\u30a2\u30c9\u30eb\u306e\u30d1\u30d1\u30e4\u30af\u30bf\u6e29\u6cc9\u3068\u8d05\u6ca2\u306a\u30b9\u30d1\u30fb\u30b3\u30f3\u30d7\u30ec\u30c3\u30af\u30b9  \u30a2\u30de\u30be\u30f3\u5ddd\u306e\u65c5\uff1a\u30ab\u30a4\u30de\u30f3\u3001\u53e4\u4ee3\u90e8\u65cf\u3001\u30d4\u30e9\u30cb\u30a2\u91e3\u308a\u3001\u30b3\u30f3\u30b4\u30a6\u30a4\u30f3\u30b3\u3001\u30b7\u30e3\u30fc\u30de\u30f3\u306e\u5100\u5f0f\u3001\u305d\u3057\u3066\u5730\u5143\u306e\u73cd\u5473  \u6b74\u53f2\u7684\u306b\u91cd\u8981\u306a\u90fd\u5e02\u3001\u30da\u30eb\u30fc\u306e\u30a4\u30ad\u30c8\u30b9\u3001\u30b3\u30ed\u30f3\u30d3\u30a2\u306e\u30ec\u30c6\u30a3\u30b7\u30a2\u3001\u30d6\u30e9\u30b8\u30eb\u306e\u30de\u30ca\u30a6\u30b9  *\u3054\u6ce8\u610f\u304f\u3060\u3055\u3044\uff1a\u5f53\u793e\u306f\u822a\u7a7a\u5238\u306e\u8cfc\u5165\u30fb\u8ca9\u58f2\u304a\u3088\u3073\u30d3\u30b6\u624b\u7d9a\u304d\u306b\u306f\u95a2\u4e0e\u3057\u3066\u304a\u3089\u305a\u3001\u30d5\u30e9\u30a4\u30c8\u3084\u56fd\u5883\u901a\u904e\u306b\u95a2\u9023\u3059\u308b\u4e0d\u53ef\u6297\u529b\u306b\u306f\u8cac\u4efb\u3092\u8ca0\u3044\u307e\u305b\u3093\u3002 \u91cd\u8981\u306a\u60c5\u5831\uff1a    \u30db\u30c6\u30eb\u306e\u30c1\u30a7\u30c3\u30af\u30a4\u30f3\uff0f\u30c1\u30a7\u30c3\u30af\u30a2\u30a6\u30c8\u6642\u9593\u306f\u898f\u5b9a\u3055\u308c\u3066\u3044\u307e\u3059\uff1a\u30c1\u30a7\u30c3\u30af\u30a4\u30f3\u306f15\u6642\u4ee5\u964d\u3001\u30c1\u30a7\u30c3\u30af\u30a2\u30a6\u30c8\u306f11\u301c12\u6642\u307e\u3067\u3002\u8377\u7269\u306f\u30db\u30c6\u30eb\u306e\u30d5\u30ed\u30f3\u30c8\u306b\u9810\u3051\u3066\u8857\u3092\u6563\u7b56\u3059\u308b\u3053\u3068\u304c\u3067\u304d\u307e\u3059\u3002\u307e\u305f\u3001\u6280\u8853\u7684\u306a\u53ef\u80fd\u6027\u304c\u3042\u308b\u5834\u5408\u3001\u8ffd\u52a0\u6599\u91d1\u3067\u30a2\u30fc\u30ea\u30fc\u30c1\u30a7\u30c3\u30af\u30a4\u30f3\uff0f\u30ec\u30a4\u30c8\u30c1\u30a7\u30c3\u30af\u30a2\u30a6\u30c8\u304c\u53ef\u80fd\u3067\u3059\u3002  \u672c\u65c5\u884c\u306f\u63a2\u691c\u7684\u306a\u6027\u8cea\u3092\u6301\u3061\u3001\u73fe\u5730\u90e8\u65cf\u30fb\u30b3\u30df\u30e5\u30cb\u30c6\u30a3\u3068\u306e\u4ea4\u6d41\u3084\u5929\u5019\u306e\u5f71\u97ff\u3092\u53d7\u3051\u308b\u5834\u5408\u304c\u3042\u308a\u307e\u3059\u3002\u79c1\u305f\u3061\u306f\u63d0\u793a\u3055\u308c\u305f\u30b9\u30b1\u30b8\u30e5\u30fc\u30eb\u3092\u6700\u5927\u9650\u9075\u5b88\u3059\u308b\u3088\u3046\u52aa\u3081\u307e\u3059\u304c\u3001\u5f53\u793e\u306e\u7ba1\u7406\u5916\u306e\u8981\u56e0\u306b\u3088\u308a\u5909\u66f4\u304c\u5fc5\u8981\u306b\u306a\u308b\u5834\u5408\u304c\u3042\u308a\u307e\u3059\u3002\" \/>\n<meta property=\"og:url\" content=\"https:\/\/mountainguides.pro\/ja\/tours\/adventure\/amazon-tour-panama-ecuador-peru-colombia-brazil\/\" \/>\n<meta property=\"og:site_name\" content=\"Mountain Guide\" \/>\n<meta property=\"article:publisher\" content=\"https:\/\/www.facebook.com\/Mountainguide-232956566756831\/\" \/>\n<meta property=\"article:modified_time\" content=\"2026-01-29T07:24:46+00:00\" \/>\n<meta property=\"og:image\" content=\"https:\/\/mountainguides.pro\/wp-content\/uploads\/2018\/01\/mglogo.jpg\" \/>\n\t<meta property=\"og:image:width\" content=\"1200\" \/>\n\t<meta property=\"og:image:height\" content=\"630\" \/>\n\t<meta property=\"og:image:type\" content=\"image\/jpeg\" \/>\n<meta name=\"twitter:card\" content=\"summary_large_image\" \/>\n<meta name=\"twitter:site\" content=\"@Wintercyclone\" \/>\n<script type=\"application\/ld+json\" class=\"yoast-schema-graph\">{\"@context\":\"https:\\\/\\\/schema.org\",\"@graph\":[{\"@type\":\"WebPage\",\"@id\":\"https:\\\/\\\/mountainguides.pro\\\/ar\\\/tours\\\/adventure\\\/amazon-tour-panama-ecuador-peru-colombia-brazil\\\/\",\"url\":\"https:\\\/\\\/mountainguides.pro\\\/ar\\\/tours\\\/adventure\\\/amazon-tour-panama-ecuador-peru-colombia-brazil\\\/\",\"name\":\"Adventure Amazon Panama Ecuador Peru\",\"isPartOf\":{\"@id\":\"https:\\\/\\\/mountainguides.pro\\\/#website\"},\"datePublished\":\"2025-01-08T13:50:30+00:00\",\"dateModified\":\"2026-01-29T07:24:46+00:00\",\"breadcrumb\":{\"@id\":\"https:\\\/\\\/mountainguides.pro\\\/ar\\\/tours\\\/adventure\\\/amazon-tour-panama-ecuador-peru-colombia-brazil\\\/#breadcrumb\"},\"inLanguage\":\"ja\",\"potentialAction\":[{\"@type\":\"ReadAction\",\"target\":[\"https:\\\/\\\/mountainguides.pro\\\/ar\\\/tours\\\/adventure\\\/amazon-tour-panama-ecuador-peru-colombia-brazil\\\/\"]}]},{\"@type\":\"BreadcrumbList\",\"@id\":\"https:\\\/\\\/mountainguides.pro\\\/ar\\\/tours\\\/adventure\\\/amazon-tour-panama-ecuador-peru-colombia-brazil\\\/#breadcrumb\",\"itemListElement\":[{\"@type\":\"ListItem\",\"position\":1,\"name\":\"Home\",\"item\":\"https:\\\/\\\/mountainguides.pro\\\/de\\\/\"},{\"@type\":\"ListItem\",\"position\":2,\"name\":\"\u062c\u0648\u0644\u0629 \u0627\u0644\u0623\u0645\u0627\u0632\u0648\u0646: \u0628\u0646\u0645\u0627 \u060c \u0627\u0644\u0625\u0643\u0648\u0627\u062f\u0648\u0631 \u060c \u0628\u064a\u0631\u0648 \u060c \u0643\u0648\u0644\u0648\u0645\u0628\u064a\u0627 \u060c \u0627\u0644\u0628\u0631\u0627\u0632\u064a\u0644\"}]},{\"@type\":\"WebSite\",\"@id\":\"https:\\\/\\\/mountainguides.pro\\\/#website\",\"url\":\"https:\\\/\\\/mountainguides.pro\\\/\",\"name\":\"Mountain Guide\",\"description\":\"We aspire to be the first in everything!\",\"publisher\":{\"@id\":\"https:\\\/\\\/mountainguides.pro\\\/#organization\"},\"potentialAction\":[{\"@type\":\"SearchAction\",\"target\":{\"@type\":\"EntryPoint\",\"urlTemplate\":\"https:\\\/\\\/mountainguides.pro\\\/?s={search_term_string}\"},\"query-input\":{\"@type\":\"PropertyValueSpecification\",\"valueRequired\":true,\"valueName\":\"search_term_string\"}}],\"inLanguage\":\"ja\"},{\"@type\":\"Organization\",\"@id\":\"https:\\\/\\\/mountainguides.pro\\\/#organization\",\"name\":\"Mountain Guide\",\"url\":\"https:\\\/\\\/mountainguides.pro\\\/\",\"logo\":{\"@type\":\"ImageObject\",\"inLanguage\":\"ja\",\"@id\":\"https:\\\/\\\/mountainguides.pro\\\/#\\\/schema\\\/logo\\\/image\\\/\",\"url\":\"https:\\\/\\\/mountainguides.pro\\\/wp-content\\\/uploads\\\/2018\\\/01\\\/mglogo.jpg\",\"contentUrl\":\"https:\\\/\\\/mountainguides.pro\\\/wp-content\\\/uploads\\\/2018\\\/01\\\/mglogo.jpg\",\"width\":1200,\"height\":630,\"caption\":\"Mountain Guide\"},\"image\":{\"@id\":\"https:\\\/\\\/mountainguides.pro\\\/#\\\/schema\\\/logo\\\/image\\\/\"},\"sameAs\":[\"https:\\\/\\\/www.facebook.com\\\/Mountainguide-232956566756831\\\/\",\"https:\\\/\\\/x.com\\\/Wintercyclone\",\"http:\\\/\\\/instagram.com\\\/mountainguide\",\"http:\\\/\\\/www.youtube.com\\\/mountainguide\"]}]}<\/script>\n<!-- \/ Yoast SEO Premium plugin. -->","yoast_head_json":{"title":"Adventure Amazon Panama Ecuador Peru","robots":{"index":"index","follow":"follow","max-snippet":"max-snippet:-1","max-image-preview":"max-image-preview:large","max-video-preview":"max-video-preview:-1"},"canonical":"https:\/\/mountainguides.pro\/ja\/tours\/adventure\/amazon-tour-panama-ecuador-peru-colombia-brazil\/","og_locale":"en_US","og_type":"article","og_title":"[:en]Amazon Tour: Panama, Ecuador, Peru, Colombia, Brazil[:de]Tour zum Amazonas: Panama, Ecuador, Peru, Kolumbien, Brasilien[:es]Viaje al Amazonas: Panam\u00e1, Ecuador, Per\u00fa, Colombia, Brasil[:pt]Tour pela Amaz\u00f4nia: Panam\u00e1, Equador, Peru, col\u00f4mbia, brasil[:zh]\u4e9a\u9a6c\u900a\u4e4b\u65c5\uff1a\u5df4\u62ff\u9a6c\u3001\u5384\u74dc\u591a\u5c14\u3001\u79d8\u9c81\u3001\u54e5\u4f26\u6bd4\u4e9a\u3001\u5df4\u897f[:ko]\uc544\ub9c8\uc874 \ud22c\uc5b4:\ud30c\ub098\ub9c8,\uc5d0\ucf70\ub3c4\ub974,\ud398\ub8e8,\ucf5c\ub86c\ube44\uc544,\ube0c\ub77c\uc9c8[:ja]\u30a2\u30de\u30be\u30f3\u30c4\u30a2\u30fc\uff1a\u30d1\u30ca\u30de\u3001\u30a8\u30af\u30a2\u30c9\u30eb\u3001\u30da\u30eb\u30fc\u3001\u30b3\u30ed\u30f3\u30d3\u30a2\u3001\u30d6\u30e9\u30b8\u30eb[:hi]\u0905\u092e\u0947\u091c\u093c\u0945\u0928 \u091f\u0942\u0930: \u092a\u0928\u093e\u092e\u093e, \u0907\u0915\u094d\u0935\u093e\u0921\u094b\u0930, \u092a\u0947\u0930\u0942, \u0915\u094b\u0932\u0902\u092c\u093f\u092f\u093e, \u092c\u094d\u0930\u093e\u091c\u0940\u0932[:ar]\u062c\u0648\u0644\u0629 \u0627\u0644\u0623\u0645\u0627\u0632\u0648\u0646: \u0628\u0646\u0645\u0627 \u060c \u0627\u0644\u0625\u0643\u0648\u0627\u062f\u0648\u0631 \u060c \u0628\u064a\u0631\u0648 \u060c \u0643\u0648\u0644\u0648\u0645\u0628\u064a\u0627 \u060c \u0627\u0644\u0628\u0631\u0627\u0632\u064a\u0644[:]","og_description":"\u4e2d\u592e\u30a2\u30e1\u30ea\u30ab\u3068\u5357\u30a2\u30e1\u30ea\u30ab\u306e5\u304b\u56fd\u3092\u4e00\u5ea6\u306b\u5de1\u308b\u65c5\uff1a\u30d1\u30ca\u30de\u3001\u30a8\u30af\u30a2\u30c9\u30eb\u3001\u30da\u30eb\u30fc\u3001\u30b3\u30ed\u30f3\u30d3\u30a2\u3001\u30d6\u30e9\u30b8\u30eb  \u30ab\u30ea\u30d6\u6d77\u306e\u697d\u5712\uff1a\u30b5\u30f3\u30fb\u30d6\u30e9\u30b9\u8af8\u5cf6\u3068\u661f\u7a7a\u306e\u4e0b\u3067\u306e\u5cf6\u6cca  \u30a8\u30af\u30a2\u30c9\u30eb\u306e\u30d1\u30d1\u30e4\u30af\u30bf\u6e29\u6cc9\u3068\u8d05\u6ca2\u306a\u30b9\u30d1\u30fb\u30b3\u30f3\u30d7\u30ec\u30c3\u30af\u30b9  \u30a2\u30de\u30be\u30f3\u5ddd\u306e\u65c5\uff1a\u30ab\u30a4\u30de\u30f3\u3001\u53e4\u4ee3\u90e8\u65cf\u3001\u30d4\u30e9\u30cb\u30a2\u91e3\u308a\u3001\u30b3\u30f3\u30b4\u30a6\u30a4\u30f3\u30b3\u3001\u30b7\u30e3\u30fc\u30de\u30f3\u306e\u5100\u5f0f\u3001\u305d\u3057\u3066\u5730\u5143\u306e\u73cd\u5473  \u6b74\u53f2\u7684\u306b\u91cd\u8981\u306a\u90fd\u5e02\u3001\u30da\u30eb\u30fc\u306e\u30a4\u30ad\u30c8\u30b9\u3001\u30b3\u30ed\u30f3\u30d3\u30a2\u306e\u30ec\u30c6\u30a3\u30b7\u30a2\u3001\u30d6\u30e9\u30b8\u30eb\u306e\u30de\u30ca\u30a6\u30b9  *\u3054\u6ce8\u610f\u304f\u3060\u3055\u3044\uff1a\u5f53\u793e\u306f\u822a\u7a7a\u5238\u306e\u8cfc\u5165\u30fb\u8ca9\u58f2\u304a\u3088\u3073\u30d3\u30b6\u624b\u7d9a\u304d\u306b\u306f\u95a2\u4e0e\u3057\u3066\u304a\u3089\u305a\u3001\u30d5\u30e9\u30a4\u30c8\u3084\u56fd\u5883\u901a\u904e\u306b\u95a2\u9023\u3059\u308b\u4e0d\u53ef\u6297\u529b\u306b\u306f\u8cac\u4efb\u3092\u8ca0\u3044\u307e\u305b\u3093\u3002 \u91cd\u8981\u306a\u60c5\u5831\uff1a    \u30db\u30c6\u30eb\u306e\u30c1\u30a7\u30c3\u30af\u30a4\u30f3\uff0f\u30c1\u30a7\u30c3\u30af\u30a2\u30a6\u30c8\u6642\u9593\u306f\u898f\u5b9a\u3055\u308c\u3066\u3044\u307e\u3059\uff1a\u30c1\u30a7\u30c3\u30af\u30a4\u30f3\u306f15\u6642\u4ee5\u964d\u3001\u30c1\u30a7\u30c3\u30af\u30a2\u30a6\u30c8\u306f11\u301c12\u6642\u307e\u3067\u3002\u8377\u7269\u306f\u30db\u30c6\u30eb\u306e\u30d5\u30ed\u30f3\u30c8\u306b\u9810\u3051\u3066\u8857\u3092\u6563\u7b56\u3059\u308b\u3053\u3068\u304c\u3067\u304d\u307e\u3059\u3002\u307e\u305f\u3001\u6280\u8853\u7684\u306a\u53ef\u80fd\u6027\u304c\u3042\u308b\u5834\u5408\u3001\u8ffd\u52a0\u6599\u91d1\u3067\u30a2\u30fc\u30ea\u30fc\u30c1\u30a7\u30c3\u30af\u30a4\u30f3\uff0f\u30ec\u30a4\u30c8\u30c1\u30a7\u30c3\u30af\u30a2\u30a6\u30c8\u304c\u53ef\u80fd\u3067\u3059\u3002  \u672c\u65c5\u884c\u306f\u63a2\u691c\u7684\u306a\u6027\u8cea\u3092\u6301\u3061\u3001\u73fe\u5730\u90e8\u65cf\u30fb\u30b3\u30df\u30e5\u30cb\u30c6\u30a3\u3068\u306e\u4ea4\u6d41\u3084\u5929\u5019\u306e\u5f71\u97ff\u3092\u53d7\u3051\u308b\u5834\u5408\u304c\u3042\u308a\u307e\u3059\u3002\u79c1\u305f\u3061\u306f\u63d0\u793a\u3055\u308c\u305f\u30b9\u30b1\u30b8\u30e5\u30fc\u30eb\u3092\u6700\u5927\u9650\u9075\u5b88\u3059\u308b\u3088\u3046\u52aa\u3081\u307e\u3059\u304c\u3001\u5f53\u793e\u306e\u7ba1\u7406\u5916\u306e\u8981\u56e0\u306b\u3088\u308a\u5909\u66f4\u304c\u5fc5\u8981\u306b\u306a\u308b\u5834\u5408\u304c\u3042\u308a\u307e\u3059\u3002","og_url":"https:\/\/mountainguides.pro\/ja\/tours\/adventure\/amazon-tour-panama-ecuador-peru-colombia-brazil\/","og_site_name":"Mountain Guide","article_publisher":"https:\/\/www.facebook.com\/Mountainguide-232956566756831\/","article_modified_time":"2026-01-29T07:24:46+00:00","og_image":[{"width":1200,"height":630,"url":"https:\/\/mountainguides.pro\/wp-content\/uploads\/2018\/01\/mglogo.jpg","type":"image\/jpeg"}],"twitter_card":"summary_large_image","twitter_site":"@Wintercyclone","schema":{"@context":"https:\/\/schema.org","@graph":[{"@type":"WebPage","@id":"https:\/\/mountainguides.pro\/ar\/tours\/adventure\/amazon-tour-panama-ecuador-peru-colombia-brazil\/","url":"https:\/\/mountainguides.pro\/ar\/tours\/adventure\/amazon-tour-panama-ecuador-peru-colombia-brazil\/","name":"Adventure Amazon Panama Ecuador Peru","isPartOf":{"@id":"https:\/\/mountainguides.pro\/#website"},"datePublished":"2025-01-08T13:50:30+00:00","dateModified":"2026-01-29T07:24:46+00:00","breadcrumb":{"@id":"https:\/\/mountainguides.pro\/ar\/tours\/adventure\/amazon-tour-panama-ecuador-peru-colombia-brazil\/#breadcrumb"},"inLanguage":"ja","potentialAction":[{"@type":"ReadAction","target":["https:\/\/mountainguides.pro\/ar\/tours\/adventure\/amazon-tour-panama-ecuador-peru-colombia-brazil\/"]}]},{"@type":"BreadcrumbList","@id":"https:\/\/mountainguides.pro\/ar\/tours\/adventure\/amazon-tour-panama-ecuador-peru-colombia-brazil\/#breadcrumb","itemListElement":[{"@type":"ListItem","position":1,"name":"Home","item":"https:\/\/mountainguides.pro\/de\/"},{"@type":"ListItem","position":2,"name":"\u062c\u0648\u0644\u0629 \u0627\u0644\u0623\u0645\u0627\u0632\u0648\u0646: \u0628\u0646\u0645\u0627 \u060c \u0627\u0644\u0625\u0643\u0648\u0627\u062f\u0648\u0631 \u060c \u0628\u064a\u0631\u0648 \u060c \u0643\u0648\u0644\u0648\u0645\u0628\u064a\u0627 \u060c \u0627\u0644\u0628\u0631\u0627\u0632\u064a\u0644"}]},{"@type":"WebSite","@id":"https:\/\/mountainguides.pro\/#website","url":"https:\/\/mountainguides.pro\/","name":"Mountain Guide","description":"We aspire to be the first in everything!","publisher":{"@id":"https:\/\/mountainguides.pro\/#organization"},"potentialAction":[{"@type":"SearchAction","target":{"@type":"EntryPoint","urlTemplate":"https:\/\/mountainguides.pro\/?s={search_term_string}"},"query-input":{"@type":"PropertyValueSpecification","valueRequired":true,"valueName":"search_term_string"}}],"inLanguage":"ja"},{"@type":"Organization","@id":"https:\/\/mountainguides.pro\/#organization","name":"Mountain Guide","url":"https:\/\/mountainguides.pro\/","logo":{"@type":"ImageObject","inLanguage":"ja","@id":"https:\/\/mountainguides.pro\/#\/schema\/logo\/image\/","url":"https:\/\/mountainguides.pro\/wp-content\/uploads\/2018\/01\/mglogo.jpg","contentUrl":"https:\/\/mountainguides.pro\/wp-content\/uploads\/2018\/01\/mglogo.jpg","width":1200,"height":630,"caption":"Mountain Guide"},"image":{"@id":"https:\/\/mountainguides.pro\/#\/schema\/logo\/image\/"},"sameAs":["https:\/\/www.facebook.com\/Mountainguide-232956566756831\/","https:\/\/x.com\/Wintercyclone","http:\/\/instagram.com\/mountainguide","http:\/\/www.youtube.com\/mountainguide"]}]}},"_links":{"self":[{"href":"https:\/\/mountainguides.pro\/ja\/wp-json\/wp\/v2\/product\/21109","targetHints":{"allow":["GET"]}}],"collection":[{"href":"https:\/\/mountainguides.pro\/ja\/wp-json\/wp\/v2\/product"}],"about":[{"href":"https:\/\/mountainguides.pro\/ja\/wp-json\/wp\/v2\/types\/product"}],"replies":[{"embeddable":true,"href":"https:\/\/mountainguides.pro\/ja\/wp-json\/wp\/v2\/comments?post=21109"}],"version-history":[{"count":11,"href":"https:\/\/mountainguides.pro\/ja\/wp-json\/wp\/v2\/product\/21109\/revisions"}],"predecessor-version":[{"id":32655,"href":"https:\/\/mountainguides.pro\/ja\/wp-json\/wp\/v2\/product\/21109\/revisions\/32655"}],"wp:attachment":[{"href":"https:\/\/mountainguides.pro\/ja\/wp-json\/wp\/v2\/media?parent=21109"}],"wp:term":[{"taxonomy":"product_cat","embeddable":true,"href":"https:\/\/mountainguides.pro\/ja\/wp-json\/wp\/v2\/product_cat?post=21109"},{"taxonomy":"product_tag","embeddable":true,"href":"https:\/\/mountainguides.pro\/ja\/wp-json\/wp\/v2\/product_tag?post=21109"}],"curies":[{"name":"wp","href":"https:\/\/api.w.org\/{rel}","templated":true}]}}