{"id":19397,"date":"2023-07-28T22:19:50","date_gmt":"2023-07-28T19:19:50","guid":{"rendered":"https:\/\/mountainguides.pro\/?post_type=product&#038;p=19397"},"modified":"2026-02-03T16:14:30","modified_gmt":"2026-02-03T13:14:30","slug":"patagonia-the-edge-of-the-world","status":"publish","type":"product","link":"https:\/\/mountainguides.pro\/ko\/tours\/trekking\/patagonia-the-edge-of-the-world\/","title":{"rendered":"\ud30c\ud0c0\uace0\ub2c8\uc544 \ud22c\uc5b4:\uc9c0\uad6c \uac00\uc7a5\uc790\ub9ac"},"content":{"rendered":"","protected":false},"excerpt":{"rendered":"<ul>\n<li class=\"p1\">\ub77c\ud2f4 \uc544\uba54\ub9ac\uce74\uc5d0\uc11c \uac00\uc7a5 \uc720\uba85\ud55c \uad6d\ub9bd\uacf5\uc6d0\uc778 \ud1a0\ub808\uc2a4 \ub378 \ud30c\uc774\ub124<\/li>\n<li class=\"p1\">W-\ud2b8\ub808\uc77c \u2014 \ud30c\ud0c0\uace0\ub2c8\uc544, \uadf8\ub9ac\uace0 \ub0a8\ubbf8 \uc804\uccb4\uc5d0\uc11c \uac00\uc7a5 \uc720\uba85\ud55c \ud2b8\ub808\ud0b9<\/li>\n<li class=\"p1\">O-\ud2b8\ub808\uc77c \u2014 \ud30c\ud0c0\uace0\ub2c8\uc544 \ud1a0\ub808\uc2a4 \ub378 \ud30c\uc774\ub124 \uc9c0\uc5ed\uc744 \uc644\uc804\ud788 \uc21c\ud658\ud558\ub294 \uc815\ud1b5 \ud2b8\ub808\ud0b9 \ucf54\uc2a4\uc774\uba70, \ub7ec\uc2dc\uc544\uc5d0\uc11c\ub294 \uc6b0\ub9ac\ub9cc \uc81c\uacf5\ud558\ub294 \ud504\ub85c\uadf8\ub7a8!<\/li>\n<li class=\"p1\">\ub9c8\ub974\ud2f0\uc694 \uc12c \ud06c\ub8e8\uc988 \ubc0f \uc0b0\ucc45 \u2014 \uc774\uacf3\uc5d0\ub294 \ub9c8\uc824\ub780\ud3ad\uadc4\uacfc \uc820\ud22c\ud3ad\uadc4\uc758 \uac00\uc7a5 \ud070 \uc9d1\ub2e8\uc774 \uc11c\uc2dd<\/li>\n<li class=\"p1\">\uc9c4\uc815\ud55c \ub545\ub05d \u2014 \ubd88\uc758 \ub545 \uad70\ub3c4 \uc911 \ud55c \uc12c\uc5d0 \uc704\uce58\ud55c \uc6b0\uc218\uc544\uc774\uc544 \ub3c4\uc2dc<\/li>\n<li class=\"p1\">\uc9c0\uad6c\uc5d0\uc11c \uc138 \ubc88\uc9f8\ub85c \ud070 \ub2f4\uc218\ub7c9\uc744 \ubcf4\uc720\ud55c \ud398\ub9ac\ud1a0 \ubaa8\ub808\ub178 \ube59\ud558<\/li>\n<\/ul>\n<p class=\"p1\">4\uba85 \ucc38\uac00 \uc2dc \u2014 3569\ub2ec\ub7ec<\/p>\n<p class=\"p1\">5\uba85 \ucc38\uac00 \uc2dc \u2014 3314\ub2ec\ub7ec<\/p>\n<p class=\"p1\">6\uba85 \ucc38\uac00 \uc2dc \u2014 3144\ub2ec\ub7ec<\/p>\n<p class=\"p1\">7\uba85 \ucc38\uac00 \uc2dc \u2014 3023\ub2ec\ub7ec<\/p>\n<p class=\"p1\">8\uba85 \ucc38\uac00 \uc2dc \u2014 2932\ub2ec\ub7ec<\/p>\n<p class=\"p1\"><strong><i>\ub2f9\uc0ac\uc5d0\uc11c\ub294 \ud56d\uacf5\uad8c \uad6c\ub9e4\u00b7\ud310\ub9e4 \ubc0f \ube44\uc790 \ubc1c\uae09 \uc11c\ube44\uc2a4\ub97c \uc81c\uacf5\ud558\uc9c0 \uc54a\uc73c\ubbc0\ub85c, \ud56d\uacf5\ud3b8 \ubc0f \uad6d\uacbd \ud1b5\uacfc\uc640 \uad00\ub828\ud55c \ubd88\uac00\ud56d\ub825 \uc0c1\ud669\uc5d0 \ub300\ud574 \ucc45\uc784\uc744 \uc9c0\uc9c0 \uc54a\uc2b5\ub2c8\ub2e4. <\/i><i>\uc5ec\ud589 \ud56d\uacf5\uad8c \uc120\ud0dd\uc744 \ub3c4\uc640\ub4dc\ub9b4 \uc218\ub294 \uc788\uc2b5\ub2c8\ub2e4!<\/i><\/strong><\/p>\n","protected":false},"featured_media":21449,"comment_status":"closed","ping_status":"closed","template":"","meta":{"_acf_changed":false,"footnotes":""},"product_cat":[321],"product_tag":[],"class_list":{"0":"post-19397","1":"product","2":"type-product","3":"status-publish","4":"has-post-thumbnail","6":"product_cat-trekking","8":"first","9":"instock","10":"shipping-taxable","11":"purchasable","12":"product-type-simple"},"acf":[],"yoast_head":"<!-- This site is optimized with the Yoast SEO Premium plugin v26.5 (Yoast SEO v27.3) - https:\/\/yoast.com\/product\/yoast-seo-premium-wordpress\/ -->\n<title>Trekking Patagonia<\/title>\n<meta name=\"robots\" content=\"index, follow, max-snippet:-1, max-image-preview:large, max-video-preview:-1\" \/>\n<link rel=\"canonical\" href=\"https:\/\/mountainguides.pro\/ko\/tours\/trekking\/patagonia-the-edge-of-the-world\/\" \/>\n<meta property=\"og:locale\" content=\"en_US\" \/>\n<meta property=\"og:locale:alternate\" content=\"en_US\" \/>\n<meta property=\"og:locale:alternate\" content=\"ru_RU\" \/>\n<meta property=\"og:locale:alternate\" content=\"de\" \/>\n<meta property=\"og:locale:alternate\" content=\"es\" \/>\n<meta property=\"og:locale:alternate\" content=\"pt\" \/>\n<meta property=\"og:locale:alternate\" content=\"zh\" \/>\n<meta property=\"og:locale:alternate\" content=\"ja\" \/>\n<meta property=\"og:locale:alternate\" content=\"hi\" \/>\n<meta property=\"og:locale:alternate\" content=\"ar\" \/>\n<meta property=\"og:type\" content=\"article\" \/>\n<meta property=\"og:title\" content=\"\ud30c\ud0c0\uace0\ub2c8\uc544 \ud22c\uc5b4:\uc9c0\uad6c \uac00\uc7a5\uc790\ub9ac\" \/>\n<meta property=\"og:description\" content=\"\ub77c\ud2f4 \uc544\uba54\ub9ac\uce74\uc5d0\uc11c \uac00\uc7a5 \uc720\uba85\ud55c \uad6d\ub9bd\uacf5\uc6d0\uc778 \ud1a0\ub808\uc2a4 \ub378 \ud30c\uc774\ub124  W-\ud2b8\ub808\uc77c \u2014 \ud30c\ud0c0\uace0\ub2c8\uc544, \uadf8\ub9ac\uace0 \ub0a8\ubbf8 \uc804\uccb4\uc5d0\uc11c \uac00\uc7a5 \uc720\uba85\ud55c \ud2b8\ub808\ud0b9  O-\ud2b8\ub808\uc77c \u2014 \ud30c\ud0c0\uace0\ub2c8\uc544 \ud1a0\ub808\uc2a4 \ub378 \ud30c\uc774\ub124 \uc9c0\uc5ed\uc744 \uc644\uc804\ud788 \uc21c\ud658\ud558\ub294 \uc815\ud1b5 \ud2b8\ub808\ud0b9 \ucf54\uc2a4\uc774\uba70, \ub7ec\uc2dc\uc544\uc5d0\uc11c\ub294 \uc6b0\ub9ac\ub9cc \uc81c\uacf5\ud558\ub294 \ud504\ub85c\uadf8\ub7a8!  \ub9c8\ub974\ud2f0\uc694 \uc12c \ud06c\ub8e8\uc988 \ubc0f \uc0b0\ucc45 \u2014 \uc774\uacf3\uc5d0\ub294 \ub9c8\uc824\ub780\ud3ad\uadc4\uacfc \uc820\ud22c\ud3ad\uadc4\uc758 \uac00\uc7a5 \ud070 \uc9d1\ub2e8\uc774 \uc11c\uc2dd  \uc9c4\uc815\ud55c \ub545\ub05d \u2014 \ubd88\uc758 \ub545 \uad70\ub3c4 \uc911 \ud55c \uc12c\uc5d0 \uc704\uce58\ud55c \uc6b0\uc218\uc544\uc774\uc544 \ub3c4\uc2dc  \uc9c0\uad6c\uc5d0\uc11c \uc138 \ubc88\uc9f8\ub85c \ud070 \ub2f4\uc218\ub7c9\uc744 \ubcf4\uc720\ud55c \ud398\ub9ac\ud1a0 \ubaa8\ub808\ub178 \ube59\ud558  4\uba85 \ucc38\uac00 \uc2dc \u2014 3569\ub2ec\ub7ec 5\uba85 \ucc38\uac00 \uc2dc \u2014 3314\ub2ec\ub7ec 6\uba85 \ucc38\uac00 \uc2dc \u2014 3144\ub2ec\ub7ec 7\uba85 \ucc38\uac00 \uc2dc \u2014 3023\ub2ec\ub7ec 8\uba85 \ucc38\uac00 \uc2dc \u2014 2932\ub2ec\ub7ec \ub2f9\uc0ac\uc5d0\uc11c\ub294 \ud56d\uacf5\uad8c \uad6c\ub9e4\u00b7\ud310\ub9e4 \ubc0f \ube44\uc790 \ubc1c\uae09 \uc11c\ube44\uc2a4\ub97c \uc81c\uacf5\ud558\uc9c0 \uc54a\uc73c\ubbc0\ub85c, \ud56d\uacf5\ud3b8 \ubc0f \uad6d\uacbd \ud1b5\uacfc\uc640 \uad00\ub828\ud55c \ubd88\uac00\ud56d\ub825 \uc0c1\ud669\uc5d0 \ub300\ud574 \ucc45\uc784\uc744 \uc9c0\uc9c0 \uc54a\uc2b5\ub2c8\ub2e4. \uc5ec\ud589 \ud56d\uacf5\uad8c \uc120\ud0dd\uc744 \ub3c4\uc640\ub4dc\ub9b4 \uc218\ub294 \uc788\uc2b5\ub2c8\ub2e4!\" \/>\n<meta property=\"og:url\" content=\"https:\/\/mountainguides.pro\/ko\/tours\/trekking\/patagonia-the-edge-of-the-world\/\" \/>\n<meta property=\"og:site_name\" content=\"Mountain Guide\" \/>\n<meta property=\"article:publisher\" content=\"https:\/\/www.facebook.com\/Mountainguide-232956566756831\/\" \/>\n<meta property=\"article:modified_time\" content=\"2026-02-03T13:14:30+00:00\" \/>\n<meta property=\"og:image\" content=\"https:\/\/mountainguides.pro\/wp-content\/uploads\/2023\/07\/patagoniya-tur-31.jpg\" \/>\n\t<meta property=\"og:image:width\" content=\"1600\" \/>\n\t<meta property=\"og:image:height\" content=\"1200\" \/>\n\t<meta property=\"og:image:type\" content=\"image\/jpeg\" \/>\n<meta name=\"twitter:card\" content=\"summary_large_image\" \/>\n<meta name=\"twitter:site\" content=\"@Wintercyclone\" \/>\n<meta name=\"twitter:label1\" content=\"Est. reading time\" \/>\n\t<meta name=\"twitter:data1\" content=\"1 minute\" \/>\n<script type=\"application\/ld+json\" class=\"yoast-schema-graph\">{\"@context\":\"https:\\\/\\\/schema.org\",\"@graph\":[{\"@type\":\"WebPage\",\"@id\":\"https:\\\/\\\/mountainguides.pro\\\/ar\\\/tours\\\/trekking\\\/patagonia-the-edge-of-the-world\\\/\",\"url\":\"https:\\\/\\\/mountainguides.pro\\\/ar\\\/tours\\\/trekking\\\/patagonia-the-edge-of-the-world\\\/\",\"name\":\"Trekking Patagonia\",\"isPartOf\":{\"@id\":\"https:\\\/\\\/mountainguides.pro\\\/#website\"},\"primaryImageOfPage\":{\"@id\":\"https:\\\/\\\/mountainguides.pro\\\/ar\\\/tours\\\/trekking\\\/patagonia-the-edge-of-the-world\\\/#primaryimage\"},\"image\":{\"@id\":\"https:\\\/\\\/mountainguides.pro\\\/ar\\\/tours\\\/trekking\\\/patagonia-the-edge-of-the-world\\\/#primaryimage\"},\"thumbnailUrl\":\"https:\\\/\\\/mountainguides.pro\\\/wp-content\\\/uploads\\\/2023\\\/07\\\/patagoniya-tur-31.jpg\",\"datePublished\":\"2023-07-28T19:19:50+00:00\",\"dateModified\":\"2026-02-03T13:14:30+00:00\",\"breadcrumb\":{\"@id\":\"https:\\\/\\\/mountainguides.pro\\\/ar\\\/tours\\\/trekking\\\/patagonia-the-edge-of-the-world\\\/#breadcrumb\"},\"inLanguage\":\"ko\",\"potentialAction\":[{\"@type\":\"ReadAction\",\"target\":[\"https:\\\/\\\/mountainguides.pro\\\/ar\\\/tours\\\/trekking\\\/patagonia-the-edge-of-the-world\\\/\"]}]},{\"@type\":\"ImageObject\",\"inLanguage\":\"ko\",\"@id\":\"https:\\\/\\\/mountainguides.pro\\\/ar\\\/tours\\\/trekking\\\/patagonia-the-edge-of-the-world\\\/#primaryimage\",\"url\":\"https:\\\/\\\/mountainguides.pro\\\/wp-content\\\/uploads\\\/2023\\\/07\\\/patagoniya-tur-31.jpg\",\"contentUrl\":\"https:\\\/\\\/mountainguides.pro\\\/wp-content\\\/uploads\\\/2023\\\/07\\\/patagoniya-tur-31.jpg\",\"width\":1600,\"height\":1200},{\"@type\":\"BreadcrumbList\",\"@id\":\"https:\\\/\\\/mountainguides.pro\\\/ar\\\/tours\\\/trekking\\\/patagonia-the-edge-of-the-world\\\/#breadcrumb\",\"itemListElement\":[{\"@type\":\"ListItem\",\"position\":1,\"name\":\"Home\",\"item\":\"https:\\\/\\\/mountainguides.pro\\\/de\\\/\"},{\"@type\":\"ListItem\",\"position\":2,\"name\":\"\u062c\u0648\u0644\u0629 \u0628\u0627\u062a\u0627\u063a\u0648\u0646\u064a\u0627: \u0639\u0644\u0649 \u062d\u0627\u0641\u0629 \u0627\u0644\u0623\u0631\u0636\"}]},{\"@type\":\"WebSite\",\"@id\":\"https:\\\/\\\/mountainguides.pro\\\/#website\",\"url\":\"https:\\\/\\\/mountainguides.pro\\\/\",\"name\":\"Mountain Guide\",\"description\":\"We aspire to be the first in everything!\",\"publisher\":{\"@id\":\"https:\\\/\\\/mountainguides.pro\\\/#organization\"},\"potentialAction\":[{\"@type\":\"SearchAction\",\"target\":{\"@type\":\"EntryPoint\",\"urlTemplate\":\"https:\\\/\\\/mountainguides.pro\\\/?s={search_term_string}\"},\"query-input\":{\"@type\":\"PropertyValueSpecification\",\"valueRequired\":true,\"valueName\":\"search_term_string\"}}],\"inLanguage\":\"ko\"},{\"@type\":\"Organization\",\"@id\":\"https:\\\/\\\/mountainguides.pro\\\/#organization\",\"name\":\"Mountain Guide\",\"url\":\"https:\\\/\\\/mountainguides.pro\\\/\",\"logo\":{\"@type\":\"ImageObject\",\"inLanguage\":\"ko\",\"@id\":\"https:\\\/\\\/mountainguides.pro\\\/#\\\/schema\\\/logo\\\/image\\\/\",\"url\":\"https:\\\/\\\/mountainguides.pro\\\/wp-content\\\/uploads\\\/2018\\\/01\\\/mglogo.jpg\",\"contentUrl\":\"https:\\\/\\\/mountainguides.pro\\\/wp-content\\\/uploads\\\/2018\\\/01\\\/mglogo.jpg\",\"width\":1200,\"height\":630,\"caption\":\"Mountain Guide\"},\"image\":{\"@id\":\"https:\\\/\\\/mountainguides.pro\\\/#\\\/schema\\\/logo\\\/image\\\/\"},\"sameAs\":[\"https:\\\/\\\/www.facebook.com\\\/Mountainguide-232956566756831\\\/\",\"https:\\\/\\\/x.com\\\/Wintercyclone\",\"http:\\\/\\\/instagram.com\\\/mountainguide\",\"http:\\\/\\\/www.youtube.com\\\/mountainguide\"]}]}<\/script>\n<!-- \/ Yoast SEO Premium plugin. -->","yoast_head_json":{"title":"Trekking Patagonia","robots":{"index":"index","follow":"follow","max-snippet":"max-snippet:-1","max-image-preview":"max-image-preview:large","max-video-preview":"max-video-preview:-1"},"canonical":"https:\/\/mountainguides.pro\/ko\/tours\/trekking\/patagonia-the-edge-of-the-world\/","og_locale":"en_US","og_type":"article","og_title":"[:en]Patagonia: the edge of the world[:de]Tour nach Patagonien: Am Rande der Erde[:es]Tour a la Patagonia: al fin de la Tierra[:pt]Excurs\u00e3o \u00e0 Patag\u00f4nia: no fim do mundo[:zh]\u5df4\u5854\u54e5\u5c3c\u4e9a\u4e4b\u65c5\uff1a\u5730\u7403\u7684\u5c3d\u5934[:ko]\ud30c\ud0c0\uace0\ub2c8\uc544 \ud22c\uc5b4:\uc9c0\uad6c \uac00\uc7a5\uc790\ub9ac[:ja]\u30d1\u30bf\u30b4\u30cb\u30a2\u30c4\u30a2\u30fc\uff1a\u5730\u7403\u306e\u7aef\u3067[:hi]\u092a\u0947\u091f\u093e\u0917\u094b\u0928\u093f\u092f\u093e \u091f\u0942\u0930: \u092a\u0943\u0925\u094d\u0935\u0940 \u0915\u0947 \u0915\u093f\u0928\u093e\u0930\u0947 \u092a\u0930[:ar]\u062c\u0648\u0644\u0629 \u0628\u0627\u062a\u0627\u063a\u0648\u0646\u064a\u0627: \u0639\u0644\u0649 \u062d\u0627\u0641\u0629 \u0627\u0644\u0623\u0631\u0636[:]","og_description":"\ub77c\ud2f4 \uc544\uba54\ub9ac\uce74\uc5d0\uc11c \uac00\uc7a5 \uc720\uba85\ud55c \uad6d\ub9bd\uacf5\uc6d0\uc778 \ud1a0\ub808\uc2a4 \ub378 \ud30c\uc774\ub124  W-\ud2b8\ub808\uc77c \u2014 \ud30c\ud0c0\uace0\ub2c8\uc544, \uadf8\ub9ac\uace0 \ub0a8\ubbf8 \uc804\uccb4\uc5d0\uc11c \uac00\uc7a5 \uc720\uba85\ud55c \ud2b8\ub808\ud0b9  O-\ud2b8\ub808\uc77c \u2014 \ud30c\ud0c0\uace0\ub2c8\uc544 \ud1a0\ub808\uc2a4 \ub378 \ud30c\uc774\ub124 \uc9c0\uc5ed\uc744 \uc644\uc804\ud788 \uc21c\ud658\ud558\ub294 \uc815\ud1b5 \ud2b8\ub808\ud0b9 \ucf54\uc2a4\uc774\uba70, \ub7ec\uc2dc\uc544\uc5d0\uc11c\ub294 \uc6b0\ub9ac\ub9cc \uc81c\uacf5\ud558\ub294 \ud504\ub85c\uadf8\ub7a8!  \ub9c8\ub974\ud2f0\uc694 \uc12c \ud06c\ub8e8\uc988 \ubc0f \uc0b0\ucc45 \u2014 \uc774\uacf3\uc5d0\ub294 \ub9c8\uc824\ub780\ud3ad\uadc4\uacfc \uc820\ud22c\ud3ad\uadc4\uc758 \uac00\uc7a5 \ud070 \uc9d1\ub2e8\uc774 \uc11c\uc2dd  \uc9c4\uc815\ud55c \ub545\ub05d \u2014 \ubd88\uc758 \ub545 \uad70\ub3c4 \uc911 \ud55c \uc12c\uc5d0 \uc704\uce58\ud55c \uc6b0\uc218\uc544\uc774\uc544 \ub3c4\uc2dc  \uc9c0\uad6c\uc5d0\uc11c \uc138 \ubc88\uc9f8\ub85c \ud070 \ub2f4\uc218\ub7c9\uc744 \ubcf4\uc720\ud55c \ud398\ub9ac\ud1a0 \ubaa8\ub808\ub178 \ube59\ud558  4\uba85 \ucc38\uac00 \uc2dc \u2014 3569\ub2ec\ub7ec 5\uba85 \ucc38\uac00 \uc2dc \u2014 3314\ub2ec\ub7ec 6\uba85 \ucc38\uac00 \uc2dc \u2014 3144\ub2ec\ub7ec 7\uba85 \ucc38\uac00 \uc2dc \u2014 3023\ub2ec\ub7ec 8\uba85 \ucc38\uac00 \uc2dc \u2014 2932\ub2ec\ub7ec \ub2f9\uc0ac\uc5d0\uc11c\ub294 \ud56d\uacf5\uad8c \uad6c\ub9e4\u00b7\ud310\ub9e4 \ubc0f \ube44\uc790 \ubc1c\uae09 \uc11c\ube44\uc2a4\ub97c \uc81c\uacf5\ud558\uc9c0 \uc54a\uc73c\ubbc0\ub85c, \ud56d\uacf5\ud3b8 \ubc0f \uad6d\uacbd \ud1b5\uacfc\uc640 \uad00\ub828\ud55c \ubd88\uac00\ud56d\ub825 \uc0c1\ud669\uc5d0 \ub300\ud574 \ucc45\uc784\uc744 \uc9c0\uc9c0 \uc54a\uc2b5\ub2c8\ub2e4. \uc5ec\ud589 \ud56d\uacf5\uad8c \uc120\ud0dd\uc744 \ub3c4\uc640\ub4dc\ub9b4 \uc218\ub294 \uc788\uc2b5\ub2c8\ub2e4!","og_url":"https:\/\/mountainguides.pro\/ko\/tours\/trekking\/patagonia-the-edge-of-the-world\/","og_site_name":"Mountain Guide","article_publisher":"https:\/\/www.facebook.com\/Mountainguide-232956566756831\/","article_modified_time":"2026-02-03T13:14:30+00:00","og_image":[{"width":1600,"height":1200,"url":"https:\/\/mountainguides.pro\/wp-content\/uploads\/2023\/07\/patagoniya-tur-31.jpg","type":"image\/jpeg"}],"twitter_card":"summary_large_image","twitter_site":"@Wintercyclone","twitter_misc":{"Est. reading time":"1 minute"},"schema":{"@context":"https:\/\/schema.org","@graph":[{"@type":"WebPage","@id":"https:\/\/mountainguides.pro\/ar\/tours\/trekking\/patagonia-the-edge-of-the-world\/","url":"https:\/\/mountainguides.pro\/ar\/tours\/trekking\/patagonia-the-edge-of-the-world\/","name":"Trekking Patagonia","isPartOf":{"@id":"https:\/\/mountainguides.pro\/#website"},"primaryImageOfPage":{"@id":"https:\/\/mountainguides.pro\/ar\/tours\/trekking\/patagonia-the-edge-of-the-world\/#primaryimage"},"image":{"@id":"https:\/\/mountainguides.pro\/ar\/tours\/trekking\/patagonia-the-edge-of-the-world\/#primaryimage"},"thumbnailUrl":"https:\/\/mountainguides.pro\/wp-content\/uploads\/2023\/07\/patagoniya-tur-31.jpg","datePublished":"2023-07-28T19:19:50+00:00","dateModified":"2026-02-03T13:14:30+00:00","breadcrumb":{"@id":"https:\/\/mountainguides.pro\/ar\/tours\/trekking\/patagonia-the-edge-of-the-world\/#breadcrumb"},"inLanguage":"ko","potentialAction":[{"@type":"ReadAction","target":["https:\/\/mountainguides.pro\/ar\/tours\/trekking\/patagonia-the-edge-of-the-world\/"]}]},{"@type":"ImageObject","inLanguage":"ko","@id":"https:\/\/mountainguides.pro\/ar\/tours\/trekking\/patagonia-the-edge-of-the-world\/#primaryimage","url":"https:\/\/mountainguides.pro\/wp-content\/uploads\/2023\/07\/patagoniya-tur-31.jpg","contentUrl":"https:\/\/mountainguides.pro\/wp-content\/uploads\/2023\/07\/patagoniya-tur-31.jpg","width":1600,"height":1200},{"@type":"BreadcrumbList","@id":"https:\/\/mountainguides.pro\/ar\/tours\/trekking\/patagonia-the-edge-of-the-world\/#breadcrumb","itemListElement":[{"@type":"ListItem","position":1,"name":"Home","item":"https:\/\/mountainguides.pro\/de\/"},{"@type":"ListItem","position":2,"name":"\u062c\u0648\u0644\u0629 \u0628\u0627\u062a\u0627\u063a\u0648\u0646\u064a\u0627: \u0639\u0644\u0649 \u062d\u0627\u0641\u0629 \u0627\u0644\u0623\u0631\u0636"}]},{"@type":"WebSite","@id":"https:\/\/mountainguides.pro\/#website","url":"https:\/\/mountainguides.pro\/","name":"Mountain Guide","description":"We aspire to be the first in everything!","publisher":{"@id":"https:\/\/mountainguides.pro\/#organization"},"potentialAction":[{"@type":"SearchAction","target":{"@type":"EntryPoint","urlTemplate":"https:\/\/mountainguides.pro\/?s={search_term_string}"},"query-input":{"@type":"PropertyValueSpecification","valueRequired":true,"valueName":"search_term_string"}}],"inLanguage":"ko"},{"@type":"Organization","@id":"https:\/\/mountainguides.pro\/#organization","name":"Mountain Guide","url":"https:\/\/mountainguides.pro\/","logo":{"@type":"ImageObject","inLanguage":"ko","@id":"https:\/\/mountainguides.pro\/#\/schema\/logo\/image\/","url":"https:\/\/mountainguides.pro\/wp-content\/uploads\/2018\/01\/mglogo.jpg","contentUrl":"https:\/\/mountainguides.pro\/wp-content\/uploads\/2018\/01\/mglogo.jpg","width":1200,"height":630,"caption":"Mountain Guide"},"image":{"@id":"https:\/\/mountainguides.pro\/#\/schema\/logo\/image\/"},"sameAs":["https:\/\/www.facebook.com\/Mountainguide-232956566756831\/","https:\/\/x.com\/Wintercyclone","http:\/\/instagram.com\/mountainguide","http:\/\/www.youtube.com\/mountainguide"]}]}},"_links":{"self":[{"href":"https:\/\/mountainguides.pro\/ko\/wp-json\/wp\/v2\/product\/19397","targetHints":{"allow":["GET"]}}],"collection":[{"href":"https:\/\/mountainguides.pro\/ko\/wp-json\/wp\/v2\/product"}],"about":[{"href":"https:\/\/mountainguides.pro\/ko\/wp-json\/wp\/v2\/types\/product"}],"replies":[{"embeddable":true,"href":"https:\/\/mountainguides.pro\/ko\/wp-json\/wp\/v2\/comments?post=19397"}],"version-history":[{"count":12,"href":"https:\/\/mountainguides.pro\/ko\/wp-json\/wp\/v2\/product\/19397\/revisions"}],"predecessor-version":[{"id":32709,"href":"https:\/\/mountainguides.pro\/ko\/wp-json\/wp\/v2\/product\/19397\/revisions\/32709"}],"wp:featuredmedia":[{"embeddable":true,"href":"https:\/\/mountainguides.pro\/ko\/wp-json\/wp\/v2\/media\/21449"}],"wp:attachment":[{"href":"https:\/\/mountainguides.pro\/ko\/wp-json\/wp\/v2\/media?parent=19397"}],"wp:term":[{"taxonomy":"product_cat","embeddable":true,"href":"https:\/\/mountainguides.pro\/ko\/wp-json\/wp\/v2\/product_cat?post=19397"},{"taxonomy":"product_tag","embeddable":true,"href":"https:\/\/mountainguides.pro\/ko\/wp-json\/wp\/v2\/product_tag?post=19397"}],"curies":[{"name":"wp","href":"https:\/\/api.w.org\/{rel}","templated":true}]}}