{"id":19547,"date":"2025-01-08T00:43:59","date_gmt":"2025-01-07T21:43:59","guid":{"rendered":"https:\/\/mountainguides.pro\/?post_type=product&#038;p=19547"},"modified":"2026-01-29T14:30:49","modified_gmt":"2026-01-29T11:30:49","slug":"namibia","status":"publish","type":"product","link":"https:\/\/mountainguides.pro\/ko\/tours\/adventure\/namibia\/","title":{"rendered":"\ub098\ubbf8\ube44\uc544 \ud22c\uc5b4:\uc5d0\ud1a0 \uc0e4 \uacf5\uc6d0\uacfc \ud798\ubc14 \ubd80\uc871"},"content":{"rendered":"","protected":false},"excerpt":{"rendered":"<ul>\n<li class=\"p1\">\uc720\uba85\ud55c \u201c\ub4c4 45\u201d\uc5d0 \uc62c\ub77c\uac00 \uc544\uce68 \ud587\ube5b \uc544\ub798 \uc8fc\ud669\uc0c9\uacfc \ubd89\uc740\uc0c9\uc73c\ub85c \ubb3c\ub4dc\ub294 \uc7a5\ub300\ud55c \ubaa8\ub798 \uc5b8\ub355\uc758 \ud30c\ub178\ub77c\ub9c8\ub97c \uac10\uc0c1\ud558\uc138\uc694<\/li>\n<li class=\"p1\">\ubc84\ub824\uc9c4 \ub3c4\uc2dc \ucf5c\ub9cc\uc2a4\ucf54\ud504: \uc0ac\ub9c9\uc5d0 \uc758\ud574 \uc11c\uc11c\ud788 \uc7a0\uc2dd\ub418\uace0 \uc788\ub294 \uc774 \uc2e0\ube44\ub85c\uc6b4 \ub2e4\uc774\uc544\ubaac\ub4dc \uad11\uc0b0 \ub9c8\uc744\uc744 \ud0d0\ud5d8\ud558\uba70 \uacfc\uac70\uc758 \ubd84\uc704\uae30\ub97c \ub290\uaef4\ubcf4\uc138\uc694<\/li>\n<li class=\"p1\">\uc5d0\ud1a0\uc0e4 \uad6d\ub9bd\uacf5\uc6d0: \ucf54\ub07c\ub9ac, \uae30\ub9b0, \uc0ac\uc790 \ub4f1 \ub2e4\uc591\ud55c \uc57c\uc0dd\ub3d9\ubb3c\uc744 \uc790\uc5f0 \uadf8\ub300\ub85c\uc758 \uc11c\uc2dd\uc9c0\uc5d0\uc11c \ub9cc\ub0a0 \uc218 \uc788\ub294 \ub098\ubbf8\ube44\uc544\uc758 \ub300\ud45c \uc0ac\ud30c\ub9ac\ub97c \uacbd\ud5d8\ud558\uc138\uc694<\/li>\n<li class=\"p1\">\ud0a4\ud2b8\ub9cc\uc2a4\ud6d5\uacfc \u201c\uac70\uc778\ub4e4\uc758 \ub180\uc774\ud130\u201d: \uac70\ub300\ud55c \ud604\ubb34\uc554 \ubc14\uc704\ub4e4\uc774 \ub9cc\ub4e4\uc5b4\ub0b8 \ub3c5\ud2b9\ud55c \uc790\uc5f0 \uc870\ud615\ubb3c\uc744 \uac10\uc0c1\ud558\uc138\uc694<\/li>\n<li class=\"p1\">\ud798\ubc14\uc871 \ubb38\ud654: \uc804\ud1b5\uc744 \uac70\uc758 \uc628\uc804\ud788 \ubcf4\uc874\ud558\uace0 \uc788\ub294 \ub3c5\ud2b9\ud55c \ubd80\uc871\uc758 \uc0dd\ud65c \ubc29\uc2dd\uacfc \ubb38\ud654\ub97c \uadf8\ub4e4\uc758 \ub9c8\uc744\uc5d0\uc11c \uc9c1\uc811 \uccb4\ud5d8\ud558\uc138\uc694<\/li>\n<\/ul>\n<p class=\"p1\"><strong>*\ub2f9\uc0ac\ub294 \ud56d\uacf5\uad8c \uad6c\ub9e4\u00b7\ud310\ub9e4 \ubc0f \ube44\uc790 \ubc1c\uae09 \uc11c\ube44\uc2a4\ub97c \uc81c\uacf5\ud558\uc9c0 \uc54a\uc73c\ubbc0\ub85c \ud56d\uacf5\ud3b8 \ub610\ub294 \uad6d\uacbd \ud1b5\uacfc\uc640 \uad00\ub828\ub41c \ubd88\uac00\ud56d\ub825 \uc0c1\ud669\uc5d0 \ub300\ud574 \ucc45\uc784\uc744 \uc9c0\uc9c0 \uc54a\uc2b5\ub2c8\ub2e4.<\/strong><\/p>\n<p class=\"p3\"><b>\uc911\uc694 \uc815\ubcf4:<\/b><b><\/b><\/p>\n<ul>\n<li class=\"p1\">\ud638\ud154 \uccb4\ud06c\uc778 \uc2dc\uac04\uc740 15\uc2dc \uc774\ud6c4, \uccb4\ud06c\uc544\uc6c3\uc740 11\u201312\uc2dc\uc785\ub2c8\ub2e4. \uc9d0\uc740 \ub9ac\uc149\uc158\uc5d0 \ub9e1\uaca8\ub450\uace0 \uc790\uc720\ub86d\uac8c \ub3c4\uc2dc\ub97c \ub458\ub7ec\ubcfc \uc218 \uc788\uc73c\uba70, \uac00\ub2a5\ud560 \uacbd\uc6b0 \ucd94\uac00 \ube44\uc6a9\uc73c\ub85c \uc774\ub978 \uccb4\ud06c\uc778\/\ub2a6\uc740 \uccb4\ud06c\uc544\uc6c3 \uc774\uc6a9\uc774 \uac00\ub2a5\ud569\ub2c8\ub2e4.<\/li>\n<li class=\"p1\">\ub098\ubbf8\ube44\uc544\uc5d0\uc11c\ub294 \uc18c\uc561, \uc624\ub798\ub418\uac70\ub098(2009\ub144 \uc774\uc804 \ubc1c\ud589), \uc190\uc0c1\ub41c \ub2ec\ub7ec \uc9c0\ud3d0\uc758 \ud658\uc804\uc774 \uc5b4\ub835\uac70\ub098 \ucd94\uac00 \uc218\uc218\ub8cc\uac00 \ubd80\uacfc\ub420 \uc218 \uc788\uc2b5\ub2c8\ub2e4.<\/li>\n<\/ul>\n","protected":false},"featured_media":21460,"comment_status":"closed","ping_status":"closed","template":"","meta":{"_acf_changed":false,"footnotes":""},"product_cat":[337],"product_tag":[],"class_list":{"0":"post-19547","1":"product","2":"type-product","3":"status-publish","4":"has-post-thumbnail","6":"product_cat-adventure","8":"first","9":"instock","10":"shipping-taxable","11":"purchasable","12":"product-type-simple"},"acf":[],"yoast_head":"<!-- This site is optimized with the Yoast SEO Premium plugin v26.5 (Yoast SEO v27.3) - https:\/\/yoast.com\/product\/yoast-seo-premium-wordpress\/ -->\n<title>Adventure Namibia<\/title>\n<meta name=\"robots\" content=\"index, follow, max-snippet:-1, max-image-preview:large, max-video-preview:-1\" \/>\n<link rel=\"canonical\" href=\"https:\/\/mountainguides.pro\/ko\/tours\/adventure\/namibia\/\" \/>\n<meta property=\"og:locale\" content=\"en_US\" \/>\n<meta property=\"og:locale:alternate\" content=\"en_US\" \/>\n<meta property=\"og:locale:alternate\" content=\"ru_RU\" \/>\n<meta property=\"og:locale:alternate\" content=\"de\" \/>\n<meta property=\"og:locale:alternate\" content=\"es\" \/>\n<meta property=\"og:locale:alternate\" content=\"pt\" \/>\n<meta property=\"og:locale:alternate\" content=\"zh\" \/>\n<meta property=\"og:locale:alternate\" content=\"ja\" \/>\n<meta property=\"og:locale:alternate\" content=\"hi\" \/>\n<meta property=\"og:locale:alternate\" content=\"ar\" \/>\n<meta property=\"og:type\" content=\"article\" \/>\n<meta property=\"og:title\" content=\"\ub098\ubbf8\ube44\uc544 \ud22c\uc5b4:\uc5d0\ud1a0 \uc0e4 \uacf5\uc6d0\uacfc \ud798\ubc14 \ubd80\uc871\" \/>\n<meta property=\"og:description\" content=\"\uc720\uba85\ud55c \u201c\ub4c4 45\u201d\uc5d0 \uc62c\ub77c\uac00 \uc544\uce68 \ud587\ube5b \uc544\ub798 \uc8fc\ud669\uc0c9\uacfc \ubd89\uc740\uc0c9\uc73c\ub85c \ubb3c\ub4dc\ub294 \uc7a5\ub300\ud55c \ubaa8\ub798 \uc5b8\ub355\uc758 \ud30c\ub178\ub77c\ub9c8\ub97c \uac10\uc0c1\ud558\uc138\uc694  \ubc84\ub824\uc9c4 \ub3c4\uc2dc \ucf5c\ub9cc\uc2a4\ucf54\ud504: \uc0ac\ub9c9\uc5d0 \uc758\ud574 \uc11c\uc11c\ud788 \uc7a0\uc2dd\ub418\uace0 \uc788\ub294 \uc774 \uc2e0\ube44\ub85c\uc6b4 \ub2e4\uc774\uc544\ubaac\ub4dc \uad11\uc0b0 \ub9c8\uc744\uc744 \ud0d0\ud5d8\ud558\uba70 \uacfc\uac70\uc758 \ubd84\uc704\uae30\ub97c \ub290\uaef4\ubcf4\uc138\uc694  \uc5d0\ud1a0\uc0e4 \uad6d\ub9bd\uacf5\uc6d0: \ucf54\ub07c\ub9ac, \uae30\ub9b0, \uc0ac\uc790 \ub4f1 \ub2e4\uc591\ud55c \uc57c\uc0dd\ub3d9\ubb3c\uc744 \uc790\uc5f0 \uadf8\ub300\ub85c\uc758 \uc11c\uc2dd\uc9c0\uc5d0\uc11c \ub9cc\ub0a0 \uc218 \uc788\ub294 \ub098\ubbf8\ube44\uc544\uc758 \ub300\ud45c \uc0ac\ud30c\ub9ac\ub97c \uacbd\ud5d8\ud558\uc138\uc694  \ud0a4\ud2b8\ub9cc\uc2a4\ud6d5\uacfc \u201c\uac70\uc778\ub4e4\uc758 \ub180\uc774\ud130\u201d: \uac70\ub300\ud55c \ud604\ubb34\uc554 \ubc14\uc704\ub4e4\uc774 \ub9cc\ub4e4\uc5b4\ub0b8 \ub3c5\ud2b9\ud55c \uc790\uc5f0 \uc870\ud615\ubb3c\uc744 \uac10\uc0c1\ud558\uc138\uc694  \ud798\ubc14\uc871 \ubb38\ud654: \uc804\ud1b5\uc744 \uac70\uc758 \uc628\uc804\ud788 \ubcf4\uc874\ud558\uace0 \uc788\ub294 \ub3c5\ud2b9\ud55c \ubd80\uc871\uc758 \uc0dd\ud65c \ubc29\uc2dd\uacfc \ubb38\ud654\ub97c \uadf8\ub4e4\uc758 \ub9c8\uc744\uc5d0\uc11c \uc9c1\uc811 \uccb4\ud5d8\ud558\uc138\uc694  *\ub2f9\uc0ac\ub294 \ud56d\uacf5\uad8c \uad6c\ub9e4\u00b7\ud310\ub9e4 \ubc0f \ube44\uc790 \ubc1c\uae09 \uc11c\ube44\uc2a4\ub97c \uc81c\uacf5\ud558\uc9c0 \uc54a\uc73c\ubbc0\ub85c \ud56d\uacf5\ud3b8 \ub610\ub294 \uad6d\uacbd \ud1b5\uacfc\uc640 \uad00\ub828\ub41c \ubd88\uac00\ud56d\ub825 \uc0c1\ud669\uc5d0 \ub300\ud574 \ucc45\uc784\uc744 \uc9c0\uc9c0 \uc54a\uc2b5\ub2c8\ub2e4. \uc911\uc694 \uc815\ubcf4:    \ud638\ud154 \uccb4\ud06c\uc778 \uc2dc\uac04\uc740 15\uc2dc \uc774\ud6c4, \uccb4\ud06c\uc544\uc6c3\uc740 11\u201312\uc2dc\uc785\ub2c8\ub2e4. \uc9d0\uc740 \ub9ac\uc149\uc158\uc5d0 \ub9e1\uaca8\ub450\uace0 \uc790\uc720\ub86d\uac8c \ub3c4\uc2dc\ub97c \ub458\ub7ec\ubcfc \uc218 \uc788\uc73c\uba70, \uac00\ub2a5\ud560 \uacbd\uc6b0 \ucd94\uac00 \ube44\uc6a9\uc73c\ub85c \uc774\ub978 \uccb4\ud06c\uc778\/\ub2a6\uc740 \uccb4\ud06c\uc544\uc6c3 \uc774\uc6a9\uc774 \uac00\ub2a5\ud569\ub2c8\ub2e4.  \ub098\ubbf8\ube44\uc544\uc5d0\uc11c\ub294 \uc18c\uc561, \uc624\ub798\ub418\uac70\ub098(2009\ub144 \uc774\uc804 \ubc1c\ud589), \uc190\uc0c1\ub41c \ub2ec\ub7ec \uc9c0\ud3d0\uc758 \ud658\uc804\uc774 \uc5b4\ub835\uac70\ub098 \ucd94\uac00 \uc218\uc218\ub8cc\uac00 \ubd80\uacfc\ub420 \uc218 \uc788\uc2b5\ub2c8\ub2e4.\" \/>\n<meta property=\"og:url\" content=\"https:\/\/mountainguides.pro\/ko\/tours\/adventure\/namibia\/\" \/>\n<meta property=\"og:site_name\" content=\"Mountain Guide\" \/>\n<meta property=\"article:publisher\" content=\"https:\/\/www.facebook.com\/Mountainguide-232956566756831\/\" \/>\n<meta property=\"article:modified_time\" content=\"2026-01-29T11:30:49+00:00\" \/>\n<meta property=\"og:image\" content=\"https:\/\/mountainguides.pro\/wp-content\/uploads\/2025\/01\/tur-v-namibiyu-2.jpeg\" \/>\n\t<meta property=\"og:image:width\" content=\"1800\" \/>\n\t<meta property=\"og:image:height\" content=\"1350\" \/>\n\t<meta property=\"og:image:type\" content=\"image\/jpeg\" \/>\n<meta name=\"twitter:card\" content=\"summary_large_image\" \/>\n<meta name=\"twitter:site\" content=\"@Wintercyclone\" \/>\n<meta name=\"twitter:label1\" content=\"Est. reading time\" \/>\n\t<meta name=\"twitter:data1\" content=\"1 minute\" \/>\n<script type=\"application\/ld+json\" class=\"yoast-schema-graph\">{\"@context\":\"https:\\\/\\\/schema.org\",\"@graph\":[{\"@type\":\"WebPage\",\"@id\":\"https:\\\/\\\/mountainguides.pro\\\/ar\\\/tours\\\/adventure\\\/namibia\\\/\",\"url\":\"https:\\\/\\\/mountainguides.pro\\\/ar\\\/tours\\\/adventure\\\/namibia\\\/\",\"name\":\"Adventure Namibia\",\"isPartOf\":{\"@id\":\"https:\\\/\\\/mountainguides.pro\\\/#website\"},\"primaryImageOfPage\":{\"@id\":\"https:\\\/\\\/mountainguides.pro\\\/ar\\\/tours\\\/adventure\\\/namibia\\\/#primaryimage\"},\"image\":{\"@id\":\"https:\\\/\\\/mountainguides.pro\\\/ar\\\/tours\\\/adventure\\\/namibia\\\/#primaryimage\"},\"thumbnailUrl\":\"https:\\\/\\\/mountainguides.pro\\\/wp-content\\\/uploads\\\/2025\\\/01\\\/tur-v-namibiyu-2.jpeg\",\"datePublished\":\"2025-01-07T21:43:59+00:00\",\"dateModified\":\"2026-01-29T11:30:49+00:00\",\"breadcrumb\":{\"@id\":\"https:\\\/\\\/mountainguides.pro\\\/ar\\\/tours\\\/adventure\\\/namibia\\\/#breadcrumb\"},\"inLanguage\":\"ko\",\"potentialAction\":[{\"@type\":\"ReadAction\",\"target\":[\"https:\\\/\\\/mountainguides.pro\\\/ar\\\/tours\\\/adventure\\\/namibia\\\/\"]}]},{\"@type\":\"ImageObject\",\"inLanguage\":\"ko\",\"@id\":\"https:\\\/\\\/mountainguides.pro\\\/ar\\\/tours\\\/adventure\\\/namibia\\\/#primaryimage\",\"url\":\"https:\\\/\\\/mountainguides.pro\\\/wp-content\\\/uploads\\\/2025\\\/01\\\/tur-v-namibiyu-2.jpeg\",\"contentUrl\":\"https:\\\/\\\/mountainguides.pro\\\/wp-content\\\/uploads\\\/2025\\\/01\\\/tur-v-namibiyu-2.jpeg\",\"width\":1800,\"height\":1350},{\"@type\":\"BreadcrumbList\",\"@id\":\"https:\\\/\\\/mountainguides.pro\\\/ar\\\/tours\\\/adventure\\\/namibia\\\/#breadcrumb\",\"itemListElement\":[{\"@type\":\"ListItem\",\"position\":1,\"name\":\"Home\",\"item\":\"https:\\\/\\\/mountainguides.pro\\\/de\\\/\"},{\"@type\":\"ListItem\",\"position\":2,\"name\":\"\u062c\u0648\u0644\u0629 \u0646\u0627\u0645\u064a\u0628\u064a\u0627: \u062d\u062f\u064a\u0642\u0629 \u0625\u064a\u062a\u0648\u0634\u0627 \u0648\u0642\u0628\u0627\u0626\u0644 \u0647\u064a\u0645\u0628\u0627\"}]},{\"@type\":\"WebSite\",\"@id\":\"https:\\\/\\\/mountainguides.pro\\\/#website\",\"url\":\"https:\\\/\\\/mountainguides.pro\\\/\",\"name\":\"Mountain Guide\",\"description\":\"We aspire to be the first in everything!\",\"publisher\":{\"@id\":\"https:\\\/\\\/mountainguides.pro\\\/#organization\"},\"potentialAction\":[{\"@type\":\"SearchAction\",\"target\":{\"@type\":\"EntryPoint\",\"urlTemplate\":\"https:\\\/\\\/mountainguides.pro\\\/?s={search_term_string}\"},\"query-input\":{\"@type\":\"PropertyValueSpecification\",\"valueRequired\":true,\"valueName\":\"search_term_string\"}}],\"inLanguage\":\"ko\"},{\"@type\":\"Organization\",\"@id\":\"https:\\\/\\\/mountainguides.pro\\\/#organization\",\"name\":\"Mountain Guide\",\"url\":\"https:\\\/\\\/mountainguides.pro\\\/\",\"logo\":{\"@type\":\"ImageObject\",\"inLanguage\":\"ko\",\"@id\":\"https:\\\/\\\/mountainguides.pro\\\/#\\\/schema\\\/logo\\\/image\\\/\",\"url\":\"https:\\\/\\\/mountainguides.pro\\\/wp-content\\\/uploads\\\/2018\\\/01\\\/mglogo.jpg\",\"contentUrl\":\"https:\\\/\\\/mountainguides.pro\\\/wp-content\\\/uploads\\\/2018\\\/01\\\/mglogo.jpg\",\"width\":1200,\"height\":630,\"caption\":\"Mountain Guide\"},\"image\":{\"@id\":\"https:\\\/\\\/mountainguides.pro\\\/#\\\/schema\\\/logo\\\/image\\\/\"},\"sameAs\":[\"https:\\\/\\\/www.facebook.com\\\/Mountainguide-232956566756831\\\/\",\"https:\\\/\\\/x.com\\\/Wintercyclone\",\"http:\\\/\\\/instagram.com\\\/mountainguide\",\"http:\\\/\\\/www.youtube.com\\\/mountainguide\"]}]}<\/script>\n<!-- \/ Yoast SEO Premium plugin. -->","yoast_head_json":{"title":"Adventure Namibia","robots":{"index":"index","follow":"follow","max-snippet":"max-snippet:-1","max-image-preview":"max-image-preview:large","max-video-preview":"max-video-preview:-1"},"canonical":"https:\/\/mountainguides.pro\/ko\/tours\/adventure\/namibia\/","og_locale":"en_US","og_type":"article","og_title":"[:en]Namibia[:de]Tour nach Namibia: Der Etosha Park und die Himba-St\u00e4mme[:es]Tour a Namibia: parque Etosha y tribus Himba[:pt]Excurs\u00e3o \u00e0 Nam\u00edbia: Etosha Park e as tribos Himba[:zh]\u7eb3\u7c73\u6bd4\u4e9a\u4e4b\u65c5\uff1a\u57c3\u6258\u6c99\u516c\u56ed\u548c\u8f9b\u5df4\u90e8\u843d[:ko]\ub098\ubbf8\ube44\uc544 \ud22c\uc5b4:\uc5d0\ud1a0 \uc0e4 \uacf5\uc6d0\uacfc \ud798\ubc14 \ubd80\uc871[:ja]\u30ca\u30df\u30d3\u30a2\u30c4\u30a2\u30fc\uff1a\u30a8\u30c8\u30fc\u30b7\u30e3\u30d1\u30fc\u30af\u3068\u30d2\u30f3\u30d0\u65cf[:hi]\u0928\u093e\u092e\u0940\u092c\u093f\u092f\u093e \u091f\u0942\u0930: \u0907\u091f\u094b\u0936\u093e \u092a\u093e\u0930\u094d\u0915 \u0914\u0930 \u0939\u093f\u092e\u094d\u092c\u093e \u091c\u0928\u091c\u093e\u0924\u093f[:ar]\u062c\u0648\u0644\u0629 \u0646\u0627\u0645\u064a\u0628\u064a\u0627: \u062d\u062f\u064a\u0642\u0629 \u0625\u064a\u062a\u0648\u0634\u0627 \u0648\u0642\u0628\u0627\u0626\u0644 \u0647\u064a\u0645\u0628\u0627[:]","og_description":"\uc720\uba85\ud55c \u201c\ub4c4 45\u201d\uc5d0 \uc62c\ub77c\uac00 \uc544\uce68 \ud587\ube5b \uc544\ub798 \uc8fc\ud669\uc0c9\uacfc \ubd89\uc740\uc0c9\uc73c\ub85c \ubb3c\ub4dc\ub294 \uc7a5\ub300\ud55c \ubaa8\ub798 \uc5b8\ub355\uc758 \ud30c\ub178\ub77c\ub9c8\ub97c \uac10\uc0c1\ud558\uc138\uc694  \ubc84\ub824\uc9c4 \ub3c4\uc2dc \ucf5c\ub9cc\uc2a4\ucf54\ud504: \uc0ac\ub9c9\uc5d0 \uc758\ud574 \uc11c\uc11c\ud788 \uc7a0\uc2dd\ub418\uace0 \uc788\ub294 \uc774 \uc2e0\ube44\ub85c\uc6b4 \ub2e4\uc774\uc544\ubaac\ub4dc \uad11\uc0b0 \ub9c8\uc744\uc744 \ud0d0\ud5d8\ud558\uba70 \uacfc\uac70\uc758 \ubd84\uc704\uae30\ub97c \ub290\uaef4\ubcf4\uc138\uc694  \uc5d0\ud1a0\uc0e4 \uad6d\ub9bd\uacf5\uc6d0: \ucf54\ub07c\ub9ac, \uae30\ub9b0, \uc0ac\uc790 \ub4f1 \ub2e4\uc591\ud55c \uc57c\uc0dd\ub3d9\ubb3c\uc744 \uc790\uc5f0 \uadf8\ub300\ub85c\uc758 \uc11c\uc2dd\uc9c0\uc5d0\uc11c \ub9cc\ub0a0 \uc218 \uc788\ub294 \ub098\ubbf8\ube44\uc544\uc758 \ub300\ud45c \uc0ac\ud30c\ub9ac\ub97c \uacbd\ud5d8\ud558\uc138\uc694  \ud0a4\ud2b8\ub9cc\uc2a4\ud6d5\uacfc \u201c\uac70\uc778\ub4e4\uc758 \ub180\uc774\ud130\u201d: \uac70\ub300\ud55c \ud604\ubb34\uc554 \ubc14\uc704\ub4e4\uc774 \ub9cc\ub4e4\uc5b4\ub0b8 \ub3c5\ud2b9\ud55c \uc790\uc5f0 \uc870\ud615\ubb3c\uc744 \uac10\uc0c1\ud558\uc138\uc694  \ud798\ubc14\uc871 \ubb38\ud654: \uc804\ud1b5\uc744 \uac70\uc758 \uc628\uc804\ud788 \ubcf4\uc874\ud558\uace0 \uc788\ub294 \ub3c5\ud2b9\ud55c \ubd80\uc871\uc758 \uc0dd\ud65c \ubc29\uc2dd\uacfc \ubb38\ud654\ub97c \uadf8\ub4e4\uc758 \ub9c8\uc744\uc5d0\uc11c \uc9c1\uc811 \uccb4\ud5d8\ud558\uc138\uc694  *\ub2f9\uc0ac\ub294 \ud56d\uacf5\uad8c \uad6c\ub9e4\u00b7\ud310\ub9e4 \ubc0f \ube44\uc790 \ubc1c\uae09 \uc11c\ube44\uc2a4\ub97c \uc81c\uacf5\ud558\uc9c0 \uc54a\uc73c\ubbc0\ub85c \ud56d\uacf5\ud3b8 \ub610\ub294 \uad6d\uacbd \ud1b5\uacfc\uc640 \uad00\ub828\ub41c \ubd88\uac00\ud56d\ub825 \uc0c1\ud669\uc5d0 \ub300\ud574 \ucc45\uc784\uc744 \uc9c0\uc9c0 \uc54a\uc2b5\ub2c8\ub2e4. \uc911\uc694 \uc815\ubcf4:    \ud638\ud154 \uccb4\ud06c\uc778 \uc2dc\uac04\uc740 15\uc2dc \uc774\ud6c4, \uccb4\ud06c\uc544\uc6c3\uc740 11\u201312\uc2dc\uc785\ub2c8\ub2e4. \uc9d0\uc740 \ub9ac\uc149\uc158\uc5d0 \ub9e1\uaca8\ub450\uace0 \uc790\uc720\ub86d\uac8c \ub3c4\uc2dc\ub97c \ub458\ub7ec\ubcfc \uc218 \uc788\uc73c\uba70, \uac00\ub2a5\ud560 \uacbd\uc6b0 \ucd94\uac00 \ube44\uc6a9\uc73c\ub85c \uc774\ub978 \uccb4\ud06c\uc778\/\ub2a6\uc740 \uccb4\ud06c\uc544\uc6c3 \uc774\uc6a9\uc774 \uac00\ub2a5\ud569\ub2c8\ub2e4.  \ub098\ubbf8\ube44\uc544\uc5d0\uc11c\ub294 \uc18c\uc561, \uc624\ub798\ub418\uac70\ub098(2009\ub144 \uc774\uc804 \ubc1c\ud589), \uc190\uc0c1\ub41c \ub2ec\ub7ec \uc9c0\ud3d0\uc758 \ud658\uc804\uc774 \uc5b4\ub835\uac70\ub098 \ucd94\uac00 \uc218\uc218\ub8cc\uac00 \ubd80\uacfc\ub420 \uc218 \uc788\uc2b5\ub2c8\ub2e4.","og_url":"https:\/\/mountainguides.pro\/ko\/tours\/adventure\/namibia\/","og_site_name":"Mountain Guide","article_publisher":"https:\/\/www.facebook.com\/Mountainguide-232956566756831\/","article_modified_time":"2026-01-29T11:30:49+00:00","og_image":[{"width":1800,"height":1350,"url":"https:\/\/mountainguides.pro\/wp-content\/uploads\/2025\/01\/tur-v-namibiyu-2.jpeg","type":"image\/jpeg"}],"twitter_card":"summary_large_image","twitter_site":"@Wintercyclone","twitter_misc":{"Est. reading time":"1 minute"},"schema":{"@context":"https:\/\/schema.org","@graph":[{"@type":"WebPage","@id":"https:\/\/mountainguides.pro\/ar\/tours\/adventure\/namibia\/","url":"https:\/\/mountainguides.pro\/ar\/tours\/adventure\/namibia\/","name":"Adventure Namibia","isPartOf":{"@id":"https:\/\/mountainguides.pro\/#website"},"primaryImageOfPage":{"@id":"https:\/\/mountainguides.pro\/ar\/tours\/adventure\/namibia\/#primaryimage"},"image":{"@id":"https:\/\/mountainguides.pro\/ar\/tours\/adventure\/namibia\/#primaryimage"},"thumbnailUrl":"https:\/\/mountainguides.pro\/wp-content\/uploads\/2025\/01\/tur-v-namibiyu-2.jpeg","datePublished":"2025-01-07T21:43:59+00:00","dateModified":"2026-01-29T11:30:49+00:00","breadcrumb":{"@id":"https:\/\/mountainguides.pro\/ar\/tours\/adventure\/namibia\/#breadcrumb"},"inLanguage":"ko","potentialAction":[{"@type":"ReadAction","target":["https:\/\/mountainguides.pro\/ar\/tours\/adventure\/namibia\/"]}]},{"@type":"ImageObject","inLanguage":"ko","@id":"https:\/\/mountainguides.pro\/ar\/tours\/adventure\/namibia\/#primaryimage","url":"https:\/\/mountainguides.pro\/wp-content\/uploads\/2025\/01\/tur-v-namibiyu-2.jpeg","contentUrl":"https:\/\/mountainguides.pro\/wp-content\/uploads\/2025\/01\/tur-v-namibiyu-2.jpeg","width":1800,"height":1350},{"@type":"BreadcrumbList","@id":"https:\/\/mountainguides.pro\/ar\/tours\/adventure\/namibia\/#breadcrumb","itemListElement":[{"@type":"ListItem","position":1,"name":"Home","item":"https:\/\/mountainguides.pro\/de\/"},{"@type":"ListItem","position":2,"name":"\u062c\u0648\u0644\u0629 \u0646\u0627\u0645\u064a\u0628\u064a\u0627: \u062d\u062f\u064a\u0642\u0629 \u0625\u064a\u062a\u0648\u0634\u0627 \u0648\u0642\u0628\u0627\u0626\u0644 \u0647\u064a\u0645\u0628\u0627"}]},{"@type":"WebSite","@id":"https:\/\/mountainguides.pro\/#website","url":"https:\/\/mountainguides.pro\/","name":"Mountain Guide","description":"We aspire to be the first in everything!","publisher":{"@id":"https:\/\/mountainguides.pro\/#organization"},"potentialAction":[{"@type":"SearchAction","target":{"@type":"EntryPoint","urlTemplate":"https:\/\/mountainguides.pro\/?s={search_term_string}"},"query-input":{"@type":"PropertyValueSpecification","valueRequired":true,"valueName":"search_term_string"}}],"inLanguage":"ko"},{"@type":"Organization","@id":"https:\/\/mountainguides.pro\/#organization","name":"Mountain Guide","url":"https:\/\/mountainguides.pro\/","logo":{"@type":"ImageObject","inLanguage":"ko","@id":"https:\/\/mountainguides.pro\/#\/schema\/logo\/image\/","url":"https:\/\/mountainguides.pro\/wp-content\/uploads\/2018\/01\/mglogo.jpg","contentUrl":"https:\/\/mountainguides.pro\/wp-content\/uploads\/2018\/01\/mglogo.jpg","width":1200,"height":630,"caption":"Mountain Guide"},"image":{"@id":"https:\/\/mountainguides.pro\/#\/schema\/logo\/image\/"},"sameAs":["https:\/\/www.facebook.com\/Mountainguide-232956566756831\/","https:\/\/x.com\/Wintercyclone","http:\/\/instagram.com\/mountainguide","http:\/\/www.youtube.com\/mountainguide"]}]}},"_links":{"self":[{"href":"https:\/\/mountainguides.pro\/ko\/wp-json\/wp\/v2\/product\/19547","targetHints":{"allow":["GET"]}}],"collection":[{"href":"https:\/\/mountainguides.pro\/ko\/wp-json\/wp\/v2\/product"}],"about":[{"href":"https:\/\/mountainguides.pro\/ko\/wp-json\/wp\/v2\/types\/product"}],"replies":[{"embeddable":true,"href":"https:\/\/mountainguides.pro\/ko\/wp-json\/wp\/v2\/comments?post=19547"}],"version-history":[{"count":12,"href":"https:\/\/mountainguides.pro\/ko\/wp-json\/wp\/v2\/product\/19547\/revisions"}],"predecessor-version":[{"id":32675,"href":"https:\/\/mountainguides.pro\/ko\/wp-json\/wp\/v2\/product\/19547\/revisions\/32675"}],"wp:featuredmedia":[{"embeddable":true,"href":"https:\/\/mountainguides.pro\/ko\/wp-json\/wp\/v2\/media\/21460"}],"wp:attachment":[{"href":"https:\/\/mountainguides.pro\/ko\/wp-json\/wp\/v2\/media?parent=19547"}],"wp:term":[{"taxonomy":"product_cat","embeddable":true,"href":"https:\/\/mountainguides.pro\/ko\/wp-json\/wp\/v2\/product_cat?post=19547"},{"taxonomy":"product_tag","embeddable":true,"href":"https:\/\/mountainguides.pro\/ko\/wp-json\/wp\/v2\/product_tag?post=19547"}],"curies":[{"name":"wp","href":"https:\/\/api.w.org\/{rel}","templated":true}]}}