{"id":19559,"date":"2024-12-28T14:52:23","date_gmt":"2024-12-28T11:52:23","guid":{"rendered":"https:\/\/mountainguides.pro\/?post_type=product&#038;p=19559"},"modified":"2026-01-29T14:47:26","modified_gmt":"2026-01-29T11:47:26","slug":"ethiopia","status":"publish","type":"product","link":"https:\/\/mountainguides.pro\/ko\/tours\/adventure\/ethiopia\/","title":{"rendered":"\uc5d0\ud2f0\uc624\ud53c\uc544 \ud22c\uc5b4:\uc6b0\uc8fc \ud48d\uacbd\uacfc \uc624\ubaa8 \uacc4\uace1 \ubd80\uc871"},"content":{"rendered":"","protected":false},"excerpt":{"rendered":"<ul>\n<li class=\"p1\">\uc5d0\ud2f0\uc624\ud53c\uc544\uc758 \uac00\uc7a5 \uc624\ub798\ub41c \ubd80\uc871\ub4e4: \ub3c4\ub974\uc81c, \ucf58\uc18c, \ud558\uba54\ub974, \uce74\ub85c, \ub2e4\uc138\ub124\uce58, \uc544\ub974\ubcf4\ub808, \uc544\ub9ac, \ubb34\ub974\uc2dc<\/li>\n<li class=\"p1\">\uc218\ubc31 \ub144\uac04 \uc774\uc5b4\uc838 \uc628 \uc804\ud1b5\uacfc \ub3c5\ud2b9\ud55c \uc758\uc2dd<\/li>\n<li class=\"p1\">\ud3b8\uc548\ud55c \uc5ec\ud589 \ud0c0\uc774\ubc0d \u2013 \ud604\uc9c0 \uc8fc\ubbfc\ub4e4\uacfc \uc6d0\ud558\ub294 \ub9cc\ud07c \uad50\ub958<\/li>\n<li class=\"p1\">\uc720\ub839 \ub3c4\uc2dc \ub2ec\ub864\uacfc \uc0dd\uba85\uc774 \uc5c6\ub294 \uc544\ud30c\ub974 \uc800\uc9c0\ub300 \ud55c\uac00\uc6b4\ub370\uc11c\uc758 \ucea0\ud551 1\ubc15<\/li>\n<li class=\"p1\">\uc18c\uae08 \ud3c9\uc6d0\uacfc \uce74\ub8f8 \uc5fc\ud638\uc5d0\uc11c\uc758 \uc785\uc695<\/li>\n<li class=\"p1\">\ub2e4\ub098\ud0ac \ud568\ubab0\uc9c0\uc758 \uc678\uacc4\uc801 \ud48d\uacbd, \ud654\uc0b0 \uc544\ub798 \ub3d9\uad74\uc5d0\uc11c\uc758 \ud53c\ud06c\ub2c9, \uadf8\ub9ac\uace0 \uce58\uba85\uc801\uc778 \uc0b0\uc131 \uc6c5\ub369\uc774<\/li>\n<li class=\"p1\">\ub450 \uac1c\uc758 \uc6a9\uc554 \ud638\uc218\ub97c \uac00\uc9c4 \ub3c5\ud2b9\ud55c \ud65c\ud654\uc0b0 \uc5d0\ub974\ud0c0\uc5d8\ub808 \uc815\uc0c1 \ub4f1\ubc18 \u2014 \ub053\uc5b4\uc624\ub974\ub294 \uc6a9\uc554\uacfc \ubd88\uae30\ub465<\/li>\n<li class=\"p1\">\uc18c\uae08 \ud638\uc218 \uc544\ud504\ub370\ub77c\uc640 \uc5d0\ud2f0\uc624\ud53c\uc544\uc758 \uc0c8\ud558\uc580 \u2018\ud654\uc774\ud2b8 \uace8\ub4dc\u2019 \ucc44\ucde8<\/li>\n<\/ul>\n<p class=\"p1\"><strong>*\ub2f9\uc0ac\uc5d0\uc11c\ub294 \ud56d\uacf5\uad8c \uad6c\ub9e4, \ud310\ub9e4 \ubc0f \ube44\uc790 \ubc1c\uae09 \uc5c5\ubb34\ub97c \uc218\ud589\ud558\uc9c0 \uc54a\uc73c\uba70, \ud56d\uacf5\ud3b8 \ubc0f \uad6d\uacbd \ud1b5\uacfc\uc640 \uad00\ub828\ub41c \ubd88\uac00\ud56d\ub825 \uc0c1\ud669\uc5d0 \ub300\ud574 \ucc45\uc784\uc744 \uc9c0\uc9c0 \uc54a\uc2b5\ub2c8\ub2e4.<\/strong><\/p>\n<p class=\"p1\"><strong>\uc911\uc694 \uc815\ubcf4:<\/strong><\/p>\n<ul>\n<li class=\"p1\">\ud638\ud154 \uccb4\ud06c\uc778 \ubc0f \uccb4\ud06c\uc544\uc6c3 \uc2dc\uac04\uc740 \ud638\ud154 \uaddc\uc815\uc5d0 \ub530\ub985\ub2c8\ub2e4: \uccb4\ud06c\uc778 15:00 \uc774\ud6c4, \uccb4\ud06c\uc544\uc6c3 11\u201312:00\uae4c\uc9c0. \uc9d0\uc740 \ud638\ud154 \ub9ac\uc149\uc158\uc5d0 \ub9e1\uae38 \uc218 \uc788\uc73c\uba70, \uae30\uc220\uc801 \uac00\ub2a5 \uc5ec\ubd80\uc5d0 \ub530\ub77c \uc870\uae30 \uccb4\ud06c\uc778\/\ub2a6\uc740 \uccb4\ud06c\uc544\uc6c3\uc774 \ucd94\uac00 \ube44\uc6a9 \uc5c6\uc774 \uc81c\uacf5\ub420 \uc218 \uc788\uc2b5\ub2c8\ub2e4.<\/li>\n<li class=\"p1\">\uc5d0\ud2f0\uc624\ud53c\uc544\uc5d0\uc11c\ub294 \ud6fc\uc190\ub418\uc5c8\uac70\ub098 \uc624\ub798\ub41c(2009\ub144 \uc774\uc804 \ubc1c\ud589) \ubbf8\uad6d \ub2ec\ub7ec \uc9c0\ud3d0\uc758 \ud658\uc804\uc774 \uc5b4\ub824\uc6b8 \uc218 \uc788\uc2b5\ub2c8\ub2e4. \uacbd\uc6b0\uc5d0 \ub530\ub77c \ucd94\uac00 \uc218\uc218\ub8cc\uac00 \ubd80\uacfc\ub418\uac70\ub098 \ud658\uc804\uc774 \uac70\ubd80\ub420 \uc218 \uc788\uc73c\ub2c8 \uc720\uc758\ud558\uc2dc\uae30 \ubc14\ub78d\ub2c8\ub2e4.<\/li>\n<\/ul>\n","protected":false},"featured_media":21457,"comment_status":"closed","ping_status":"closed","template":"","meta":{"_acf_changed":false,"footnotes":""},"product_cat":[337],"product_tag":[],"class_list":{"0":"post-19559","1":"product","2":"type-product","3":"status-publish","4":"has-post-thumbnail","6":"product_cat-adventure","8":"first","9":"instock","10":"shipping-taxable","11":"purchasable","12":"product-type-simple"},"acf":[],"yoast_head":"<!-- This site is optimized with the Yoast SEO Premium plugin v26.5 (Yoast SEO v27.3) - https:\/\/yoast.com\/product\/yoast-seo-premium-wordpress\/ -->\n<title>Adventure Ethiopia<\/title>\n<meta name=\"robots\" content=\"index, follow, max-snippet:-1, max-image-preview:large, max-video-preview:-1\" \/>\n<link rel=\"canonical\" href=\"https:\/\/mountainguides.pro\/ko\/tours\/adventure\/ethiopia\/\" \/>\n<meta property=\"og:locale\" content=\"en_US\" \/>\n<meta property=\"og:locale:alternate\" content=\"en_US\" \/>\n<meta property=\"og:locale:alternate\" content=\"ru_RU\" \/>\n<meta property=\"og:locale:alternate\" content=\"de\" \/>\n<meta property=\"og:locale:alternate\" content=\"es\" \/>\n<meta property=\"og:locale:alternate\" content=\"pt\" \/>\n<meta property=\"og:locale:alternate\" content=\"zh\" \/>\n<meta property=\"og:locale:alternate\" content=\"ja\" \/>\n<meta property=\"og:locale:alternate\" content=\"hi\" \/>\n<meta property=\"og:locale:alternate\" content=\"ar\" \/>\n<meta property=\"og:type\" content=\"article\" \/>\n<meta property=\"og:title\" content=\"\uc5d0\ud2f0\uc624\ud53c\uc544 \ud22c\uc5b4:\uc6b0\uc8fc \ud48d\uacbd\uacfc \uc624\ubaa8 \uacc4\uace1 \ubd80\uc871\" \/>\n<meta property=\"og:description\" content=\"\uc5d0\ud2f0\uc624\ud53c\uc544\uc758 \uac00\uc7a5 \uc624\ub798\ub41c \ubd80\uc871\ub4e4: \ub3c4\ub974\uc81c, \ucf58\uc18c, \ud558\uba54\ub974, \uce74\ub85c, \ub2e4\uc138\ub124\uce58, \uc544\ub974\ubcf4\ub808, \uc544\ub9ac, \ubb34\ub974\uc2dc  \uc218\ubc31 \ub144\uac04 \uc774\uc5b4\uc838 \uc628 \uc804\ud1b5\uacfc \ub3c5\ud2b9\ud55c \uc758\uc2dd  \ud3b8\uc548\ud55c \uc5ec\ud589 \ud0c0\uc774\ubc0d \u2013 \ud604\uc9c0 \uc8fc\ubbfc\ub4e4\uacfc \uc6d0\ud558\ub294 \ub9cc\ud07c \uad50\ub958  \uc720\ub839 \ub3c4\uc2dc \ub2ec\ub864\uacfc \uc0dd\uba85\uc774 \uc5c6\ub294 \uc544\ud30c\ub974 \uc800\uc9c0\ub300 \ud55c\uac00\uc6b4\ub370\uc11c\uc758 \ucea0\ud551 1\ubc15  \uc18c\uae08 \ud3c9\uc6d0\uacfc \uce74\ub8f8 \uc5fc\ud638\uc5d0\uc11c\uc758 \uc785\uc695  \ub2e4\ub098\ud0ac \ud568\ubab0\uc9c0\uc758 \uc678\uacc4\uc801 \ud48d\uacbd, \ud654\uc0b0 \uc544\ub798 \ub3d9\uad74\uc5d0\uc11c\uc758 \ud53c\ud06c\ub2c9, \uadf8\ub9ac\uace0 \uce58\uba85\uc801\uc778 \uc0b0\uc131 \uc6c5\ub369\uc774  \ub450 \uac1c\uc758 \uc6a9\uc554 \ud638\uc218\ub97c \uac00\uc9c4 \ub3c5\ud2b9\ud55c \ud65c\ud654\uc0b0 \uc5d0\ub974\ud0c0\uc5d8\ub808 \uc815\uc0c1 \ub4f1\ubc18 \u2014 \ub053\uc5b4\uc624\ub974\ub294 \uc6a9\uc554\uacfc \ubd88\uae30\ub465  \uc18c\uae08 \ud638\uc218 \uc544\ud504\ub370\ub77c\uc640 \uc5d0\ud2f0\uc624\ud53c\uc544\uc758 \uc0c8\ud558\uc580 \u2018\ud654\uc774\ud2b8 \uace8\ub4dc\u2019 \ucc44\ucde8  *\ub2f9\uc0ac\uc5d0\uc11c\ub294 \ud56d\uacf5\uad8c \uad6c\ub9e4, \ud310\ub9e4 \ubc0f \ube44\uc790 \ubc1c\uae09 \uc5c5\ubb34\ub97c \uc218\ud589\ud558\uc9c0 \uc54a\uc73c\uba70, \ud56d\uacf5\ud3b8 \ubc0f \uad6d\uacbd \ud1b5\uacfc\uc640 \uad00\ub828\ub41c \ubd88\uac00\ud56d\ub825 \uc0c1\ud669\uc5d0 \ub300\ud574 \ucc45\uc784\uc744 \uc9c0\uc9c0 \uc54a\uc2b5\ub2c8\ub2e4. \uc911\uc694 \uc815\ubcf4:    \ud638\ud154 \uccb4\ud06c\uc778 \ubc0f \uccb4\ud06c\uc544\uc6c3 \uc2dc\uac04\uc740 \ud638\ud154 \uaddc\uc815\uc5d0 \ub530\ub985\ub2c8\ub2e4: \uccb4\ud06c\uc778 15:00 \uc774\ud6c4, \uccb4\ud06c\uc544\uc6c3 11\u201312:00\uae4c\uc9c0. \uc9d0\uc740 \ud638\ud154 \ub9ac\uc149\uc158\uc5d0 \ub9e1\uae38 \uc218 \uc788\uc73c\uba70, \uae30\uc220\uc801 \uac00\ub2a5 \uc5ec\ubd80\uc5d0 \ub530\ub77c \uc870\uae30 \uccb4\ud06c\uc778\/\ub2a6\uc740 \uccb4\ud06c\uc544\uc6c3\uc774 \ucd94\uac00 \ube44\uc6a9 \uc5c6\uc774 \uc81c\uacf5\ub420 \uc218 \uc788\uc2b5\ub2c8\ub2e4.  \uc5d0\ud2f0\uc624\ud53c\uc544\uc5d0\uc11c\ub294 \ud6fc\uc190\ub418\uc5c8\uac70\ub098 \uc624\ub798\ub41c(2009\ub144 \uc774\uc804 \ubc1c\ud589) \ubbf8\uad6d \ub2ec\ub7ec \uc9c0\ud3d0\uc758 \ud658\uc804\uc774 \uc5b4\ub824\uc6b8 \uc218 \uc788\uc2b5\ub2c8\ub2e4. \uacbd\uc6b0\uc5d0 \ub530\ub77c \ucd94\uac00 \uc218\uc218\ub8cc\uac00 \ubd80\uacfc\ub418\uac70\ub098 \ud658\uc804\uc774 \uac70\ubd80\ub420 \uc218 \uc788\uc73c\ub2c8 \uc720\uc758\ud558\uc2dc\uae30 \ubc14\ub78d\ub2c8\ub2e4.\" \/>\n<meta property=\"og:url\" content=\"https:\/\/mountainguides.pro\/ko\/tours\/adventure\/ethiopia\/\" \/>\n<meta property=\"og:site_name\" content=\"Mountain Guide\" \/>\n<meta property=\"article:publisher\" content=\"https:\/\/www.facebook.com\/Mountainguide-232956566756831\/\" \/>\n<meta property=\"article:modified_time\" content=\"2026-01-29T11:47:26+00:00\" \/>\n<meta property=\"og:image\" content=\"https:\/\/mountainguides.pro\/wp-content\/uploads\/2024\/12\/tur-efiopiya-dolina-omo.jpeg\" \/>\n\t<meta property=\"og:image:width\" content=\"1800\" \/>\n\t<meta property=\"og:image:height\" content=\"1350\" \/>\n\t<meta property=\"og:image:type\" content=\"image\/jpeg\" \/>\n<meta name=\"twitter:card\" content=\"summary_large_image\" \/>\n<meta name=\"twitter:site\" content=\"@Wintercyclone\" \/>\n<meta name=\"twitter:label1\" content=\"Est. reading time\" \/>\n\t<meta name=\"twitter:data1\" content=\"1 minute\" \/>\n<script type=\"application\/ld+json\" class=\"yoast-schema-graph\">{\"@context\":\"https:\\\/\\\/schema.org\",\"@graph\":[{\"@type\":\"WebPage\",\"@id\":\"https:\\\/\\\/mountainguides.pro\\\/ar\\\/tours\\\/adventure\\\/ethiopia\\\/\",\"url\":\"https:\\\/\\\/mountainguides.pro\\\/ar\\\/tours\\\/adventure\\\/ethiopia\\\/\",\"name\":\"Adventure Ethiopia\",\"isPartOf\":{\"@id\":\"https:\\\/\\\/mountainguides.pro\\\/#website\"},\"primaryImageOfPage\":{\"@id\":\"https:\\\/\\\/mountainguides.pro\\\/ar\\\/tours\\\/adventure\\\/ethiopia\\\/#primaryimage\"},\"image\":{\"@id\":\"https:\\\/\\\/mountainguides.pro\\\/ar\\\/tours\\\/adventure\\\/ethiopia\\\/#primaryimage\"},\"thumbnailUrl\":\"https:\\\/\\\/mountainguides.pro\\\/wp-content\\\/uploads\\\/2024\\\/12\\\/tur-efiopiya-dolina-omo.jpeg\",\"datePublished\":\"2024-12-28T11:52:23+00:00\",\"dateModified\":\"2026-01-29T11:47:26+00:00\",\"breadcrumb\":{\"@id\":\"https:\\\/\\\/mountainguides.pro\\\/ar\\\/tours\\\/adventure\\\/ethiopia\\\/#breadcrumb\"},\"inLanguage\":\"ko\",\"potentialAction\":[{\"@type\":\"ReadAction\",\"target\":[\"https:\\\/\\\/mountainguides.pro\\\/ar\\\/tours\\\/adventure\\\/ethiopia\\\/\"]}]},{\"@type\":\"ImageObject\",\"inLanguage\":\"ko\",\"@id\":\"https:\\\/\\\/mountainguides.pro\\\/ar\\\/tours\\\/adventure\\\/ethiopia\\\/#primaryimage\",\"url\":\"https:\\\/\\\/mountainguides.pro\\\/wp-content\\\/uploads\\\/2024\\\/12\\\/tur-efiopiya-dolina-omo.jpeg\",\"contentUrl\":\"https:\\\/\\\/mountainguides.pro\\\/wp-content\\\/uploads\\\/2024\\\/12\\\/tur-efiopiya-dolina-omo.jpeg\",\"width\":1800,\"height\":1350},{\"@type\":\"BreadcrumbList\",\"@id\":\"https:\\\/\\\/mountainguides.pro\\\/ar\\\/tours\\\/adventure\\\/ethiopia\\\/#breadcrumb\",\"itemListElement\":[{\"@type\":\"ListItem\",\"position\":1,\"name\":\"Home\",\"item\":\"https:\\\/\\\/mountainguides.pro\\\/de\\\/\"},{\"@type\":\"ListItem\",\"position\":2,\"name\":\"\u062c\u0648\u0644\u0629 \u0625\u062b\u064a\u0648\u0628\u064a\u0627: \u0627\u0644\u0645\u0646\u0627\u0638\u0631 \u0627\u0644\u0637\u0628\u064a\u0639\u064a\u0629 \u0627\u0644\u0643\u0648\u0646\u064a\u0629 \u0648\u0642\u0628\u0627\u0626\u0644 \u0648\u0627\u062f\u064a \u0623\u0648\u0645\u0648\"}]},{\"@type\":\"WebSite\",\"@id\":\"https:\\\/\\\/mountainguides.pro\\\/#website\",\"url\":\"https:\\\/\\\/mountainguides.pro\\\/\",\"name\":\"Mountain Guide\",\"description\":\"We aspire to be the first in everything!\",\"publisher\":{\"@id\":\"https:\\\/\\\/mountainguides.pro\\\/#organization\"},\"potentialAction\":[{\"@type\":\"SearchAction\",\"target\":{\"@type\":\"EntryPoint\",\"urlTemplate\":\"https:\\\/\\\/mountainguides.pro\\\/?s={search_term_string}\"},\"query-input\":{\"@type\":\"PropertyValueSpecification\",\"valueRequired\":true,\"valueName\":\"search_term_string\"}}],\"inLanguage\":\"ko\"},{\"@type\":\"Organization\",\"@id\":\"https:\\\/\\\/mountainguides.pro\\\/#organization\",\"name\":\"Mountain Guide\",\"url\":\"https:\\\/\\\/mountainguides.pro\\\/\",\"logo\":{\"@type\":\"ImageObject\",\"inLanguage\":\"ko\",\"@id\":\"https:\\\/\\\/mountainguides.pro\\\/#\\\/schema\\\/logo\\\/image\\\/\",\"url\":\"https:\\\/\\\/mountainguides.pro\\\/wp-content\\\/uploads\\\/2018\\\/01\\\/mglogo.jpg\",\"contentUrl\":\"https:\\\/\\\/mountainguides.pro\\\/wp-content\\\/uploads\\\/2018\\\/01\\\/mglogo.jpg\",\"width\":1200,\"height\":630,\"caption\":\"Mountain Guide\"},\"image\":{\"@id\":\"https:\\\/\\\/mountainguides.pro\\\/#\\\/schema\\\/logo\\\/image\\\/\"},\"sameAs\":[\"https:\\\/\\\/www.facebook.com\\\/Mountainguide-232956566756831\\\/\",\"https:\\\/\\\/x.com\\\/Wintercyclone\",\"http:\\\/\\\/instagram.com\\\/mountainguide\",\"http:\\\/\\\/www.youtube.com\\\/mountainguide\"]}]}<\/script>\n<!-- \/ Yoast SEO Premium plugin. -->","yoast_head_json":{"title":"Adventure Ethiopia","robots":{"index":"index","follow":"follow","max-snippet":"max-snippet:-1","max-image-preview":"max-image-preview:large","max-video-preview":"max-video-preview:-1"},"canonical":"https:\/\/mountainguides.pro\/ko\/tours\/adventure\/ethiopia\/","og_locale":"en_US","og_type":"article","og_title":"[:en]Ethiopia[:de]Tour nach \u00c4thiopien: kosmische Landschaften und die St\u00e4mme des Omo-Tals[:es]Tour a Etiop\u00eda: paisajes espaciales y tribus del valle de Omo[:pt]Excurs\u00e3o \u00e0 Eti\u00f3pia: paisagens espaciais e tribos do Vale do Omo[:zh]\u57c3\u585e\u4fc4\u6bd4\u4e9a\u4e4b\u65c5\uff1a\u5b87\u5b99\u666f\u89c2\u548c\u5965\u83ab\u5c71\u8c37\u90e8\u843d[:ko]\uc5d0\ud2f0\uc624\ud53c\uc544 \ud22c\uc5b4:\uc6b0\uc8fc \ud48d\uacbd\uacfc \uc624\ubaa8 \uacc4\uace1 \ubd80\uc871[:ja]\u30a8\u30c1\u30aa\u30d4\u30a2\u30c4\u30a2\u30fc\uff1a\u5b87\u5b99\u306e\u98a8\u666f\u3068\u30aa\u30e2\u6e13\u8c37\u306e\u90e8\u65cf[:hi]\u0907\u0925\u093f\u092f\u094b\u092a\u093f\u092f\u093e \u091f\u0942\u0930: \u0915\u0949\u0938\u094d\u092e\u093f\u0915 \u0932\u0948\u0902\u0921\u0938\u094d\u0915\u0947\u092a \u0914\u0930 \u0913\u092e\u094b \u0935\u0948\u0932\u0940 \u091f\u094d\u0930\u093e\u0907\u092c\u094d\u0938[:ar]\u062c\u0648\u0644\u0629 \u0625\u062b\u064a\u0648\u0628\u064a\u0627: \u0627\u0644\u0645\u0646\u0627\u0638\u0631 \u0627\u0644\u0637\u0628\u064a\u0639\u064a\u0629 \u0627\u0644\u0643\u0648\u0646\u064a\u0629 \u0648\u0642\u0628\u0627\u0626\u0644 \u0648\u0627\u062f\u064a \u0623\u0648\u0645\u0648[:]","og_description":"\uc5d0\ud2f0\uc624\ud53c\uc544\uc758 \uac00\uc7a5 \uc624\ub798\ub41c \ubd80\uc871\ub4e4: \ub3c4\ub974\uc81c, \ucf58\uc18c, \ud558\uba54\ub974, \uce74\ub85c, \ub2e4\uc138\ub124\uce58, \uc544\ub974\ubcf4\ub808, \uc544\ub9ac, \ubb34\ub974\uc2dc  \uc218\ubc31 \ub144\uac04 \uc774\uc5b4\uc838 \uc628 \uc804\ud1b5\uacfc \ub3c5\ud2b9\ud55c \uc758\uc2dd  \ud3b8\uc548\ud55c \uc5ec\ud589 \ud0c0\uc774\ubc0d \u2013 \ud604\uc9c0 \uc8fc\ubbfc\ub4e4\uacfc \uc6d0\ud558\ub294 \ub9cc\ud07c \uad50\ub958  \uc720\ub839 \ub3c4\uc2dc \ub2ec\ub864\uacfc \uc0dd\uba85\uc774 \uc5c6\ub294 \uc544\ud30c\ub974 \uc800\uc9c0\ub300 \ud55c\uac00\uc6b4\ub370\uc11c\uc758 \ucea0\ud551 1\ubc15  \uc18c\uae08 \ud3c9\uc6d0\uacfc \uce74\ub8f8 \uc5fc\ud638\uc5d0\uc11c\uc758 \uc785\uc695  \ub2e4\ub098\ud0ac \ud568\ubab0\uc9c0\uc758 \uc678\uacc4\uc801 \ud48d\uacbd, \ud654\uc0b0 \uc544\ub798 \ub3d9\uad74\uc5d0\uc11c\uc758 \ud53c\ud06c\ub2c9, \uadf8\ub9ac\uace0 \uce58\uba85\uc801\uc778 \uc0b0\uc131 \uc6c5\ub369\uc774  \ub450 \uac1c\uc758 \uc6a9\uc554 \ud638\uc218\ub97c \uac00\uc9c4 \ub3c5\ud2b9\ud55c \ud65c\ud654\uc0b0 \uc5d0\ub974\ud0c0\uc5d8\ub808 \uc815\uc0c1 \ub4f1\ubc18 \u2014 \ub053\uc5b4\uc624\ub974\ub294 \uc6a9\uc554\uacfc \ubd88\uae30\ub465  \uc18c\uae08 \ud638\uc218 \uc544\ud504\ub370\ub77c\uc640 \uc5d0\ud2f0\uc624\ud53c\uc544\uc758 \uc0c8\ud558\uc580 \u2018\ud654\uc774\ud2b8 \uace8\ub4dc\u2019 \ucc44\ucde8  *\ub2f9\uc0ac\uc5d0\uc11c\ub294 \ud56d\uacf5\uad8c \uad6c\ub9e4, \ud310\ub9e4 \ubc0f \ube44\uc790 \ubc1c\uae09 \uc5c5\ubb34\ub97c \uc218\ud589\ud558\uc9c0 \uc54a\uc73c\uba70, \ud56d\uacf5\ud3b8 \ubc0f \uad6d\uacbd \ud1b5\uacfc\uc640 \uad00\ub828\ub41c \ubd88\uac00\ud56d\ub825 \uc0c1\ud669\uc5d0 \ub300\ud574 \ucc45\uc784\uc744 \uc9c0\uc9c0 \uc54a\uc2b5\ub2c8\ub2e4. \uc911\uc694 \uc815\ubcf4:    \ud638\ud154 \uccb4\ud06c\uc778 \ubc0f \uccb4\ud06c\uc544\uc6c3 \uc2dc\uac04\uc740 \ud638\ud154 \uaddc\uc815\uc5d0 \ub530\ub985\ub2c8\ub2e4: \uccb4\ud06c\uc778 15:00 \uc774\ud6c4, \uccb4\ud06c\uc544\uc6c3 11\u201312:00\uae4c\uc9c0. \uc9d0\uc740 \ud638\ud154 \ub9ac\uc149\uc158\uc5d0 \ub9e1\uae38 \uc218 \uc788\uc73c\uba70, \uae30\uc220\uc801 \uac00\ub2a5 \uc5ec\ubd80\uc5d0 \ub530\ub77c \uc870\uae30 \uccb4\ud06c\uc778\/\ub2a6\uc740 \uccb4\ud06c\uc544\uc6c3\uc774 \ucd94\uac00 \ube44\uc6a9 \uc5c6\uc774 \uc81c\uacf5\ub420 \uc218 \uc788\uc2b5\ub2c8\ub2e4.  \uc5d0\ud2f0\uc624\ud53c\uc544\uc5d0\uc11c\ub294 \ud6fc\uc190\ub418\uc5c8\uac70\ub098 \uc624\ub798\ub41c(2009\ub144 \uc774\uc804 \ubc1c\ud589) \ubbf8\uad6d \ub2ec\ub7ec \uc9c0\ud3d0\uc758 \ud658\uc804\uc774 \uc5b4\ub824\uc6b8 \uc218 \uc788\uc2b5\ub2c8\ub2e4. \uacbd\uc6b0\uc5d0 \ub530\ub77c \ucd94\uac00 \uc218\uc218\ub8cc\uac00 \ubd80\uacfc\ub418\uac70\ub098 \ud658\uc804\uc774 \uac70\ubd80\ub420 \uc218 \uc788\uc73c\ub2c8 \uc720\uc758\ud558\uc2dc\uae30 \ubc14\ub78d\ub2c8\ub2e4.","og_url":"https:\/\/mountainguides.pro\/ko\/tours\/adventure\/ethiopia\/","og_site_name":"Mountain Guide","article_publisher":"https:\/\/www.facebook.com\/Mountainguide-232956566756831\/","article_modified_time":"2026-01-29T11:47:26+00:00","og_image":[{"width":1800,"height":1350,"url":"https:\/\/mountainguides.pro\/wp-content\/uploads\/2024\/12\/tur-efiopiya-dolina-omo.jpeg","type":"image\/jpeg"}],"twitter_card":"summary_large_image","twitter_site":"@Wintercyclone","twitter_misc":{"Est. reading time":"1 minute"},"schema":{"@context":"https:\/\/schema.org","@graph":[{"@type":"WebPage","@id":"https:\/\/mountainguides.pro\/ar\/tours\/adventure\/ethiopia\/","url":"https:\/\/mountainguides.pro\/ar\/tours\/adventure\/ethiopia\/","name":"Adventure Ethiopia","isPartOf":{"@id":"https:\/\/mountainguides.pro\/#website"},"primaryImageOfPage":{"@id":"https:\/\/mountainguides.pro\/ar\/tours\/adventure\/ethiopia\/#primaryimage"},"image":{"@id":"https:\/\/mountainguides.pro\/ar\/tours\/adventure\/ethiopia\/#primaryimage"},"thumbnailUrl":"https:\/\/mountainguides.pro\/wp-content\/uploads\/2024\/12\/tur-efiopiya-dolina-omo.jpeg","datePublished":"2024-12-28T11:52:23+00:00","dateModified":"2026-01-29T11:47:26+00:00","breadcrumb":{"@id":"https:\/\/mountainguides.pro\/ar\/tours\/adventure\/ethiopia\/#breadcrumb"},"inLanguage":"ko","potentialAction":[{"@type":"ReadAction","target":["https:\/\/mountainguides.pro\/ar\/tours\/adventure\/ethiopia\/"]}]},{"@type":"ImageObject","inLanguage":"ko","@id":"https:\/\/mountainguides.pro\/ar\/tours\/adventure\/ethiopia\/#primaryimage","url":"https:\/\/mountainguides.pro\/wp-content\/uploads\/2024\/12\/tur-efiopiya-dolina-omo.jpeg","contentUrl":"https:\/\/mountainguides.pro\/wp-content\/uploads\/2024\/12\/tur-efiopiya-dolina-omo.jpeg","width":1800,"height":1350},{"@type":"BreadcrumbList","@id":"https:\/\/mountainguides.pro\/ar\/tours\/adventure\/ethiopia\/#breadcrumb","itemListElement":[{"@type":"ListItem","position":1,"name":"Home","item":"https:\/\/mountainguides.pro\/de\/"},{"@type":"ListItem","position":2,"name":"\u062c\u0648\u0644\u0629 \u0625\u062b\u064a\u0648\u0628\u064a\u0627: \u0627\u0644\u0645\u0646\u0627\u0638\u0631 \u0627\u0644\u0637\u0628\u064a\u0639\u064a\u0629 \u0627\u0644\u0643\u0648\u0646\u064a\u0629 \u0648\u0642\u0628\u0627\u0626\u0644 \u0648\u0627\u062f\u064a \u0623\u0648\u0645\u0648"}]},{"@type":"WebSite","@id":"https:\/\/mountainguides.pro\/#website","url":"https:\/\/mountainguides.pro\/","name":"Mountain Guide","description":"We aspire to be the first in everything!","publisher":{"@id":"https:\/\/mountainguides.pro\/#organization"},"potentialAction":[{"@type":"SearchAction","target":{"@type":"EntryPoint","urlTemplate":"https:\/\/mountainguides.pro\/?s={search_term_string}"},"query-input":{"@type":"PropertyValueSpecification","valueRequired":true,"valueName":"search_term_string"}}],"inLanguage":"ko"},{"@type":"Organization","@id":"https:\/\/mountainguides.pro\/#organization","name":"Mountain Guide","url":"https:\/\/mountainguides.pro\/","logo":{"@type":"ImageObject","inLanguage":"ko","@id":"https:\/\/mountainguides.pro\/#\/schema\/logo\/image\/","url":"https:\/\/mountainguides.pro\/wp-content\/uploads\/2018\/01\/mglogo.jpg","contentUrl":"https:\/\/mountainguides.pro\/wp-content\/uploads\/2018\/01\/mglogo.jpg","width":1200,"height":630,"caption":"Mountain Guide"},"image":{"@id":"https:\/\/mountainguides.pro\/#\/schema\/logo\/image\/"},"sameAs":["https:\/\/www.facebook.com\/Mountainguide-232956566756831\/","https:\/\/x.com\/Wintercyclone","http:\/\/instagram.com\/mountainguide","http:\/\/www.youtube.com\/mountainguide"]}]}},"_links":{"self":[{"href":"https:\/\/mountainguides.pro\/ko\/wp-json\/wp\/v2\/product\/19559","targetHints":{"allow":["GET"]}}],"collection":[{"href":"https:\/\/mountainguides.pro\/ko\/wp-json\/wp\/v2\/product"}],"about":[{"href":"https:\/\/mountainguides.pro\/ko\/wp-json\/wp\/v2\/types\/product"}],"replies":[{"embeddable":true,"href":"https:\/\/mountainguides.pro\/ko\/wp-json\/wp\/v2\/comments?post=19559"}],"version-history":[{"count":12,"href":"https:\/\/mountainguides.pro\/ko\/wp-json\/wp\/v2\/product\/19559\/revisions"}],"predecessor-version":[{"id":32678,"href":"https:\/\/mountainguides.pro\/ko\/wp-json\/wp\/v2\/product\/19559\/revisions\/32678"}],"wp:featuredmedia":[{"embeddable":true,"href":"https:\/\/mountainguides.pro\/ko\/wp-json\/wp\/v2\/media\/21457"}],"wp:attachment":[{"href":"https:\/\/mountainguides.pro\/ko\/wp-json\/wp\/v2\/media?parent=19559"}],"wp:term":[{"taxonomy":"product_cat","embeddable":true,"href":"https:\/\/mountainguides.pro\/ko\/wp-json\/wp\/v2\/product_cat?post=19559"},{"taxonomy":"product_tag","embeddable":true,"href":"https:\/\/mountainguides.pro\/ko\/wp-json\/wp\/v2\/product_tag?post=19559"}],"curies":[{"name":"wp","href":"https:\/\/api.w.org\/{rel}","templated":true}]}}