{"id":19672,"date":"2023-10-17T12:00:40","date_gmt":"2023-10-17T09:00:40","guid":{"rendered":"https:\/\/mountainguides.pro\/?post_type=product&#038;p=19672"},"modified":"2026-04-06T17:21:31","modified_gmt":"2026-04-06T14:21:31","slug":"bhutan-the-tour-of-dragon-trails-druk-path-trek","status":"publish","type":"product","link":"https:\/\/mountainguides.pro\/ko\/tours\/trekking\/bhutan-the-tour-of-dragon-trails-druk-path-trek\/","title":{"rendered":"\ubd80\ud0c4 \ud22c\uc5b4:\ub4dc\ub798\uace4 \ud2b8\ub808\uc77c"},"content":{"rendered":"","protected":false},"excerpt":{"rendered":"<ul>\n<li class=\"p1\">\ud2b8\ub808\ud0b9\uc740 \uc138\uacc4\uc5d0\uc11c \uac00\uc7a5 \ud3d0\uc1c4\uc801\uc778 \ub098\ub77c \uc911 \ud558\ub098\uc5d0\uc11c \uc774\ub8e8\uc5b4\uc9c0\uba70, \uc774 \ub098\ub77c\uc5d0\uc11c\ub294 \uad6d\uac00\uc758 \ubc88\uc601\uc744 \uc8fc\ubbfc\ub4e4\uc758 \ud589\ubcf5\uc73c\ub85c \uce21\uc815\ud569\ub2c8\ub2e4<\/li>\n<li class=\"p1\">\uc808\ubcbd\uc5d0 \ub5a0 \uc788\ub294 \ub4ef\ud55c \ud658\uc0c1\uc801\uc778 \ud0c0\uc774\uac70\uc2a4 \ub124\uc2a4\ud2b8 \uc218\ub3c4\uc6d0<\/li>\n<li class=\"p1\">\uc138\uacc4\uc5d0\uc11c \uac00\uc7a5 \ub192\uc740 \ubbf8\ub4f1\ubc18 \ubd09\uc6b0\ub9ac\uc778 \uce78\uce74\ub974\ud47c\uc228<\/li>\n<li class=\"p1\">\uc804\uc124\uc5d0 \ub458\ub7ec\uc2f8\uc778 \uace0\ub300 \ubd88\uad50 \uc0ac\uc6d0\ub4e4\uacfc \uc720\uba85\ud55c \uc885\ub8fd(\u0434\u0437\u043e\u043d\u0433)<\/li>\n<li class=\"p1\">\ub9d1\uace0 \ud22c\uba85\ud55c \uace0\uc0b0 \ud638\uc218\uc640 \uadf8 \uc18d\uc5d0\uc11c \ub6f0\ub178\ub294 \uc1a1\uc5b4<\/li>\n<li class=\"p1\">\ubaa8\ud2f0\ud0d5 \ubcf4\ud638\uad6c\uc5ed\uc5d0\uc11c \uc790\uc5f0 \uc0c1\ud0dc\ub85c \uc11c\uc2dd\ud558\ub294 \ud0c0\ud0a8<\/li>\n<li class=\"p1\">\uc138\uacc4\uc5d0\uc11c \uac00\uc7a5 \ub192\uc740 \uace0\ub3c4\uc5d0 \uc704\uce58\ud55c \uac70\ub300\ud55c \ubd88\uc0c1<\/li>\n<li class=\"p1\">\ud788\ub9d0\ub77c\uc57c \uc0b0\ub9e5\uc758 \uac00\uc7a5 \uc811\uadfc\ud558\uae30 \uc26c\uc6b4 \ub2a5\uc120\uc744 \ub530\ub77c \uc9c4\ud589\ub418\ub294 \uc911\uac04 \ub09c\uc774\ub3c4 \ud2b8\ub808\ud0b9<\/li>\n<\/ul>\n<p class=\"p1\"><strong>*\uc800\ud76c \ud68c\uc0ac\ub294 \ud56d\uacf5\uad8c \uad6c\ub9e4\u00b7\ud310\ub9e4, \ube44\uc790 \ubc1c\uae09 \uc5c5\ubb34\ub97c \ucde8\uae09\ud558\uc9c0 \uc54a\uc73c\uba70, \ud56d\uacf5\ud3b8 \uc9c0\uc5f0\u00b7\ucde8\uc18c \ubc0f \uad6d\uacbd \ud1b5\uacfc \uad00\ub828\ud55c \ubd88\uac00\ud56d\ub825 \uc0c1\ud669\uc5d0 \ub300\ud574 \ucc45\uc784\uc744 \uc9c0\uc9c0 \uc54a\uc2b5\ub2c8\ub2e4.<\/strong><\/p>\n<p class=\"p1\"><strong>\uc911\uc694 \uc815\ubcf4:<\/strong><\/p>\n<ul>\n<li class=\"p1\">\ud638\ud154 \uccb4\ud06c\uc778 \ubc0f \uccb4\ud06c\uc544\uc6c3 \uc2dc\uac04\uc740 \uaddc\uc815\ub418\uc5b4 \uc788\uc2b5\ub2c8\ub2e4: \uccb4\ud06c\uc778\uc740 15\uc2dc \uc774\ud6c4, \uccb4\ud06c\uc544\uc6c3\uc740 11\u201312\uc2dc \uc0ac\uc774\uc785\ub2c8\ub2e4. \uc9d0\uc740 \ub9ac\uc149\uc158\uc5d0 \ub9e1\uae30\uace0 \ub3c4\uc2dc\ub97c \ub458\ub7ec\ubcfc \uc218 \uc788\uc73c\uba70, \uac00\ub2a5 \uc2dc \ucd94\uac00 \uc694\uae08\uc73c\ub85c \uc5bc\ub9ac \uccb4\ud06c\uc778\/\ub808\uc774\ud2b8 \uccb4\ud06c\uc544\uc6c3 \uc774\uc6a9\uc774 \uac00\ub2a5\ud569\ub2c8\ub2e4.<\/li>\n<li class=\"p1\">\ubd80\ud0c4\uc5d0\uc11c\ub294 \uc624\ub798\ub418\uc5c8\uac70\ub098(2009\ub144 \uc774\uc804), \ub9c8\ubaa8\ub418\uc5c8\uac70\ub098, \uad6c\uaca8\uc9c4 \ubbf8\uad6d \ub2ec\ub7ec \uc9c0\ud3d0\uc758 \ud658\uc804\uc5d0 \uc5b4\ub824\uc6c0\uc774 \uc788\uc744 \uc218 \uc788\uc73c\uba70, \ucd94\uac00 \uc218\uc218\ub8cc\uac00 \ubd80\uacfc\ub418\uac70\ub098 \ud658\uc804\uc774 \uac70\ubd80\ub420 \uc218 \uc788\uc2b5\ub2c8\ub2e4.<\/li>\n<li class=\"p1\">\ud604\uc9c0 \uc601\uc5b4 \uac00\uc774\ub4dc\uc640 \ud568\uaed8 \uc9c4\ud589\ub418\ub294 \uc18c\uaddc\ubaa8 \uadf8\ub8f9 \ud22c\uc5b4\ub3c4 \uac00\ub2a5\ud569\ub2c8\ub2e4. \ub354 \uc790\uc138\ud55c \uc548\ub0b4\ub294 \ubb38\uc758\ud574 \uc8fc\uc138\uc694.<\/li>\n<\/ul>\n","protected":false},"featured_media":19675,"comment_status":"closed","ping_status":"closed","template":"","meta":{"_acf_changed":false,"footnotes":""},"product_cat":[337,321],"product_tag":[],"class_list":{"0":"post-19672","1":"product","2":"type-product","3":"status-publish","4":"has-post-thumbnail","6":"product_cat-adventure","7":"product_cat-trekking","9":"first","10":"instock","11":"shipping-taxable","12":"purchasable","13":"product-type-simple"},"acf":[],"yoast_head":"<!-- This site is optimized with the Yoast SEO Premium plugin v26.5 (Yoast SEO v27.3) - https:\/\/yoast.com\/product\/yoast-seo-premium-wordpress\/ -->\n<title>Trekking Bhutan<\/title>\n<meta name=\"robots\" content=\"index, follow, max-snippet:-1, max-image-preview:large, max-video-preview:-1\" \/>\n<link rel=\"canonical\" href=\"https:\/\/mountainguides.pro\/ko\/tours\/trekking\/bhutan-the-tour-of-dragon-trails-druk-path-trek\/\" \/>\n<meta property=\"og:locale\" content=\"en_US\" \/>\n<meta property=\"og:locale:alternate\" content=\"en_US\" \/>\n<meta property=\"og:locale:alternate\" content=\"ru_RU\" \/>\n<meta property=\"og:locale:alternate\" content=\"de\" \/>\n<meta property=\"og:locale:alternate\" content=\"es\" \/>\n<meta property=\"og:locale:alternate\" content=\"pt\" \/>\n<meta property=\"og:locale:alternate\" content=\"zh\" \/>\n<meta property=\"og:locale:alternate\" content=\"ja\" \/>\n<meta property=\"og:locale:alternate\" content=\"hi\" \/>\n<meta property=\"og:locale:alternate\" content=\"ar\" \/>\n<meta property=\"og:type\" content=\"article\" \/>\n<meta property=\"og:title\" content=\"\ubd80\ud0c4 \ud22c\uc5b4:\ub4dc\ub798\uace4 \ud2b8\ub808\uc77c\" \/>\n<meta property=\"og:description\" content=\"\ud2b8\ub808\ud0b9\uc740 \uc138\uacc4\uc5d0\uc11c \uac00\uc7a5 \ud3d0\uc1c4\uc801\uc778 \ub098\ub77c \uc911 \ud558\ub098\uc5d0\uc11c \uc774\ub8e8\uc5b4\uc9c0\uba70, \uc774 \ub098\ub77c\uc5d0\uc11c\ub294 \uad6d\uac00\uc758 \ubc88\uc601\uc744 \uc8fc\ubbfc\ub4e4\uc758 \ud589\ubcf5\uc73c\ub85c \uce21\uc815\ud569\ub2c8\ub2e4  \uc808\ubcbd\uc5d0 \ub5a0 \uc788\ub294 \ub4ef\ud55c \ud658\uc0c1\uc801\uc778 \ud0c0\uc774\uac70\uc2a4 \ub124\uc2a4\ud2b8 \uc218\ub3c4\uc6d0  \uc138\uacc4\uc5d0\uc11c \uac00\uc7a5 \ub192\uc740 \ubbf8\ub4f1\ubc18 \ubd09\uc6b0\ub9ac\uc778 \uce78\uce74\ub974\ud47c\uc228  \uc804\uc124\uc5d0 \ub458\ub7ec\uc2f8\uc778 \uace0\ub300 \ubd88\uad50 \uc0ac\uc6d0\ub4e4\uacfc \uc720\uba85\ud55c \uc885\ub8fd(\u0434\u0437\u043e\u043d\u0433)  \ub9d1\uace0 \ud22c\uba85\ud55c \uace0\uc0b0 \ud638\uc218\uc640 \uadf8 \uc18d\uc5d0\uc11c \ub6f0\ub178\ub294 \uc1a1\uc5b4  \ubaa8\ud2f0\ud0d5 \ubcf4\ud638\uad6c\uc5ed\uc5d0\uc11c \uc790\uc5f0 \uc0c1\ud0dc\ub85c \uc11c\uc2dd\ud558\ub294 \ud0c0\ud0a8  \uc138\uacc4\uc5d0\uc11c \uac00\uc7a5 \ub192\uc740 \uace0\ub3c4\uc5d0 \uc704\uce58\ud55c \uac70\ub300\ud55c \ubd88\uc0c1  \ud788\ub9d0\ub77c\uc57c \uc0b0\ub9e5\uc758 \uac00\uc7a5 \uc811\uadfc\ud558\uae30 \uc26c\uc6b4 \ub2a5\uc120\uc744 \ub530\ub77c \uc9c4\ud589\ub418\ub294 \uc911\uac04 \ub09c\uc774\ub3c4 \ud2b8\ub808\ud0b9  *\uc800\ud76c \ud68c\uc0ac\ub294 \ud56d\uacf5\uad8c \uad6c\ub9e4\u00b7\ud310\ub9e4, \ube44\uc790 \ubc1c\uae09 \uc5c5\ubb34\ub97c \ucde8\uae09\ud558\uc9c0 \uc54a\uc73c\uba70, \ud56d\uacf5\ud3b8 \uc9c0\uc5f0\u00b7\ucde8\uc18c \ubc0f \uad6d\uacbd \ud1b5\uacfc \uad00\ub828\ud55c \ubd88\uac00\ud56d\ub825 \uc0c1\ud669\uc5d0 \ub300\ud574 \ucc45\uc784\uc744 \uc9c0\uc9c0 \uc54a\uc2b5\ub2c8\ub2e4. \uc911\uc694 \uc815\ubcf4:    \ud638\ud154 \uccb4\ud06c\uc778 \ubc0f \uccb4\ud06c\uc544\uc6c3 \uc2dc\uac04\uc740 \uaddc\uc815\ub418\uc5b4 \uc788\uc2b5\ub2c8\ub2e4: \uccb4\ud06c\uc778\uc740 15\uc2dc \uc774\ud6c4, \uccb4\ud06c\uc544\uc6c3\uc740 11\u201312\uc2dc \uc0ac\uc774\uc785\ub2c8\ub2e4. \uc9d0\uc740 \ub9ac\uc149\uc158\uc5d0 \ub9e1\uae30\uace0 \ub3c4\uc2dc\ub97c \ub458\ub7ec\ubcfc \uc218 \uc788\uc73c\uba70, \uac00\ub2a5 \uc2dc \ucd94\uac00 \uc694\uae08\uc73c\ub85c \uc5bc\ub9ac \uccb4\ud06c\uc778\/\ub808\uc774\ud2b8 \uccb4\ud06c\uc544\uc6c3 \uc774\uc6a9\uc774 \uac00\ub2a5\ud569\ub2c8\ub2e4.  \ubd80\ud0c4\uc5d0\uc11c\ub294 \uc624\ub798\ub418\uc5c8\uac70\ub098(2009\ub144 \uc774\uc804), \ub9c8\ubaa8\ub418\uc5c8\uac70\ub098, \uad6c\uaca8\uc9c4 \ubbf8\uad6d \ub2ec\ub7ec \uc9c0\ud3d0\uc758 \ud658\uc804\uc5d0 \uc5b4\ub824\uc6c0\uc774 \uc788\uc744 \uc218 \uc788\uc73c\uba70, \ucd94\uac00 \uc218\uc218\ub8cc\uac00 \ubd80\uacfc\ub418\uac70\ub098 \ud658\uc804\uc774 \uac70\ubd80\ub420 \uc218 \uc788\uc2b5\ub2c8\ub2e4.  \ud604\uc9c0 \uc601\uc5b4 \uac00\uc774\ub4dc\uc640 \ud568\uaed8 \uc9c4\ud589\ub418\ub294 \uc18c\uaddc\ubaa8 \uadf8\ub8f9 \ud22c\uc5b4\ub3c4 \uac00\ub2a5\ud569\ub2c8\ub2e4. \ub354 \uc790\uc138\ud55c \uc548\ub0b4\ub294 \ubb38\uc758\ud574 \uc8fc\uc138\uc694.\" \/>\n<meta property=\"og:url\" content=\"https:\/\/mountainguides.pro\/ko\/tours\/trekking\/bhutan-the-tour-of-dragon-trails-druk-path-trek\/\" \/>\n<meta property=\"og:site_name\" content=\"Mountain Guide\" \/>\n<meta property=\"article:publisher\" content=\"https:\/\/www.facebook.com\/Mountainguide-232956566756831\/\" \/>\n<meta property=\"article:modified_time\" content=\"2026-04-06T14:21:31+00:00\" \/>\n<meta property=\"og:image\" content=\"https:\/\/mountainguides.pro\/wp-content\/uploads\/2023\/10\/Bhutan-11.jpg\" \/>\n\t<meta property=\"og:image:width\" content=\"2023\" \/>\n\t<meta property=\"og:image:height\" content=\"1200\" \/>\n\t<meta property=\"og:image:type\" content=\"image\/jpeg\" \/>\n<meta name=\"twitter:card\" content=\"summary_large_image\" \/>\n<meta name=\"twitter:site\" content=\"@Wintercyclone\" \/>\n<meta name=\"twitter:label1\" content=\"Est. reading time\" \/>\n\t<meta name=\"twitter:data1\" content=\"1 minute\" \/>\n<script type=\"application\/ld+json\" class=\"yoast-schema-graph\">{\"@context\":\"https:\\\/\\\/schema.org\",\"@graph\":[{\"@type\":\"WebPage\",\"@id\":\"https:\\\/\\\/mountainguides.pro\\\/tours\\\/trekking\\\/bhutan-the-tour-of-dragon-trails-druk-path-trek\\\/\",\"url\":\"https:\\\/\\\/mountainguides.pro\\\/tours\\\/trekking\\\/bhutan-the-tour-of-dragon-trails-druk-path-trek\\\/\",\"name\":\"Trekking Bhutan\",\"isPartOf\":{\"@id\":\"https:\\\/\\\/mountainguides.pro\\\/#website\"},\"primaryImageOfPage\":{\"@id\":\"https:\\\/\\\/mountainguides.pro\\\/tours\\\/trekking\\\/bhutan-the-tour-of-dragon-trails-druk-path-trek\\\/#primaryimage\"},\"image\":{\"@id\":\"https:\\\/\\\/mountainguides.pro\\\/tours\\\/trekking\\\/bhutan-the-tour-of-dragon-trails-druk-path-trek\\\/#primaryimage\"},\"thumbnailUrl\":\"https:\\\/\\\/mountainguides.pro\\\/wp-content\\\/uploads\\\/2023\\\/10\\\/Bhutan-11.jpg\",\"datePublished\":\"2023-10-17T09:00:40+00:00\",\"dateModified\":\"2026-04-06T14:21:31+00:00\",\"breadcrumb\":{\"@id\":\"https:\\\/\\\/mountainguides.pro\\\/tours\\\/trekking\\\/bhutan-the-tour-of-dragon-trails-druk-path-trek\\\/#breadcrumb\"},\"inLanguage\":\"ko\",\"potentialAction\":[{\"@type\":\"ReadAction\",\"target\":[\"https:\\\/\\\/mountainguides.pro\\\/tours\\\/trekking\\\/bhutan-the-tour-of-dragon-trails-druk-path-trek\\\/\"]}]},{\"@type\":\"ImageObject\",\"inLanguage\":\"ko\",\"@id\":\"https:\\\/\\\/mountainguides.pro\\\/tours\\\/trekking\\\/bhutan-the-tour-of-dragon-trails-druk-path-trek\\\/#primaryimage\",\"url\":\"https:\\\/\\\/mountainguides.pro\\\/wp-content\\\/uploads\\\/2023\\\/10\\\/Bhutan-11.jpg\",\"contentUrl\":\"https:\\\/\\\/mountainguides.pro\\\/wp-content\\\/uploads\\\/2023\\\/10\\\/Bhutan-11.jpg\",\"width\":2023,\"height\":1200},{\"@type\":\"BreadcrumbList\",\"@id\":\"https:\\\/\\\/mountainguides.pro\\\/tours\\\/trekking\\\/bhutan-the-tour-of-dragon-trails-druk-path-trek\\\/#breadcrumb\",\"itemListElement\":[{\"@type\":\"ListItem\",\"position\":1,\"name\":\"Home\",\"item\":\"https:\\\/\\\/mountainguides.pro\\\/de\\\/\"},{\"@type\":\"ListItem\",\"position\":2,\"name\":\"Bhutan. The Tour of Dragon Trails (Druk-Path Trek)\"}]},{\"@type\":\"WebSite\",\"@id\":\"https:\\\/\\\/mountainguides.pro\\\/#website\",\"url\":\"https:\\\/\\\/mountainguides.pro\\\/\",\"name\":\"Mountain Guide\",\"description\":\"We aspire to be the first in everything!\",\"publisher\":{\"@id\":\"https:\\\/\\\/mountainguides.pro\\\/#organization\"},\"potentialAction\":[{\"@type\":\"SearchAction\",\"target\":{\"@type\":\"EntryPoint\",\"urlTemplate\":\"https:\\\/\\\/mountainguides.pro\\\/?s={search_term_string}\"},\"query-input\":{\"@type\":\"PropertyValueSpecification\",\"valueRequired\":true,\"valueName\":\"search_term_string\"}}],\"inLanguage\":\"ko\"},{\"@type\":\"Organization\",\"@id\":\"https:\\\/\\\/mountainguides.pro\\\/#organization\",\"name\":\"Mountain Guide\",\"url\":\"https:\\\/\\\/mountainguides.pro\\\/\",\"logo\":{\"@type\":\"ImageObject\",\"inLanguage\":\"ko\",\"@id\":\"https:\\\/\\\/mountainguides.pro\\\/#\\\/schema\\\/logo\\\/image\\\/\",\"url\":\"https:\\\/\\\/mountainguides.pro\\\/wp-content\\\/uploads\\\/2018\\\/01\\\/mglogo.jpg\",\"contentUrl\":\"https:\\\/\\\/mountainguides.pro\\\/wp-content\\\/uploads\\\/2018\\\/01\\\/mglogo.jpg\",\"width\":1200,\"height\":630,\"caption\":\"Mountain Guide\"},\"image\":{\"@id\":\"https:\\\/\\\/mountainguides.pro\\\/#\\\/schema\\\/logo\\\/image\\\/\"},\"sameAs\":[\"https:\\\/\\\/www.facebook.com\\\/Mountainguide-232956566756831\\\/\",\"https:\\\/\\\/x.com\\\/Wintercyclone\",\"http:\\\/\\\/instagram.com\\\/mountainguide\",\"http:\\\/\\\/www.youtube.com\\\/mountainguide\"]}]}<\/script>\n<!-- \/ Yoast SEO Premium plugin. -->","yoast_head_json":{"title":"Trekking Bhutan","robots":{"index":"index","follow":"follow","max-snippet":"max-snippet:-1","max-image-preview":"max-image-preview:large","max-video-preview":"max-video-preview:-1"},"canonical":"https:\/\/mountainguides.pro\/ko\/tours\/trekking\/bhutan-the-tour-of-dragon-trails-druk-path-trek\/","og_locale":"en_US","og_type":"article","og_title":"[:en]Bhutan. The Tour of Dragon Trails (Druk-Path Trek)[:de]Tour nach Bhutan: Der Drachenweg[:es]Tour de But\u00e1n: el sendero del Drag\u00f3n[:pt]Excurs\u00e3o ao But\u00e3o: trilha do Drag\u00e3o[:zh]\u4e0d\u4e39\u4e4b\u65c5\uff1a\u9f99\u7684\u8e2a\u8ff9[:ko]\ubd80\ud0c4 \ud22c\uc5b4:\ub4dc\ub798\uace4 \ud2b8\ub808\uc77c[:ja]\u30d6\u30fc\u30bf\u30f3\u30c4\u30a2\u30fc\uff1a\u30c9\u30e9\u30b4\u30f3\u30c8\u30ec\u30a4\u30eb[:hi]\u092d\u0942\u091f\u093e\u0928 \u092f\u093e\u0924\u094d\u0930\u093e: \u0921\u094d\u0930\u0948\u0917\u0928 \u091f\u094d\u0930\u0947\u0932[:ar]\u062c\u0648\u0644\u0629 \u0628\u0648\u062a\u0627\u0646: \u0645\u0633\u0627\u0631 \u0627\u0644\u062a\u0646\u064a\u0646[:]","og_description":"\ud2b8\ub808\ud0b9\uc740 \uc138\uacc4\uc5d0\uc11c \uac00\uc7a5 \ud3d0\uc1c4\uc801\uc778 \ub098\ub77c \uc911 \ud558\ub098\uc5d0\uc11c \uc774\ub8e8\uc5b4\uc9c0\uba70, \uc774 \ub098\ub77c\uc5d0\uc11c\ub294 \uad6d\uac00\uc758 \ubc88\uc601\uc744 \uc8fc\ubbfc\ub4e4\uc758 \ud589\ubcf5\uc73c\ub85c \uce21\uc815\ud569\ub2c8\ub2e4  \uc808\ubcbd\uc5d0 \ub5a0 \uc788\ub294 \ub4ef\ud55c \ud658\uc0c1\uc801\uc778 \ud0c0\uc774\uac70\uc2a4 \ub124\uc2a4\ud2b8 \uc218\ub3c4\uc6d0  \uc138\uacc4\uc5d0\uc11c \uac00\uc7a5 \ub192\uc740 \ubbf8\ub4f1\ubc18 \ubd09\uc6b0\ub9ac\uc778 \uce78\uce74\ub974\ud47c\uc228  \uc804\uc124\uc5d0 \ub458\ub7ec\uc2f8\uc778 \uace0\ub300 \ubd88\uad50 \uc0ac\uc6d0\ub4e4\uacfc \uc720\uba85\ud55c \uc885\ub8fd(\u0434\u0437\u043e\u043d\u0433)  \ub9d1\uace0 \ud22c\uba85\ud55c \uace0\uc0b0 \ud638\uc218\uc640 \uadf8 \uc18d\uc5d0\uc11c \ub6f0\ub178\ub294 \uc1a1\uc5b4  \ubaa8\ud2f0\ud0d5 \ubcf4\ud638\uad6c\uc5ed\uc5d0\uc11c \uc790\uc5f0 \uc0c1\ud0dc\ub85c \uc11c\uc2dd\ud558\ub294 \ud0c0\ud0a8  \uc138\uacc4\uc5d0\uc11c \uac00\uc7a5 \ub192\uc740 \uace0\ub3c4\uc5d0 \uc704\uce58\ud55c \uac70\ub300\ud55c \ubd88\uc0c1  \ud788\ub9d0\ub77c\uc57c \uc0b0\ub9e5\uc758 \uac00\uc7a5 \uc811\uadfc\ud558\uae30 \uc26c\uc6b4 \ub2a5\uc120\uc744 \ub530\ub77c \uc9c4\ud589\ub418\ub294 \uc911\uac04 \ub09c\uc774\ub3c4 \ud2b8\ub808\ud0b9  *\uc800\ud76c \ud68c\uc0ac\ub294 \ud56d\uacf5\uad8c \uad6c\ub9e4\u00b7\ud310\ub9e4, \ube44\uc790 \ubc1c\uae09 \uc5c5\ubb34\ub97c \ucde8\uae09\ud558\uc9c0 \uc54a\uc73c\uba70, \ud56d\uacf5\ud3b8 \uc9c0\uc5f0\u00b7\ucde8\uc18c \ubc0f \uad6d\uacbd \ud1b5\uacfc \uad00\ub828\ud55c \ubd88\uac00\ud56d\ub825 \uc0c1\ud669\uc5d0 \ub300\ud574 \ucc45\uc784\uc744 \uc9c0\uc9c0 \uc54a\uc2b5\ub2c8\ub2e4. \uc911\uc694 \uc815\ubcf4:    \ud638\ud154 \uccb4\ud06c\uc778 \ubc0f \uccb4\ud06c\uc544\uc6c3 \uc2dc\uac04\uc740 \uaddc\uc815\ub418\uc5b4 \uc788\uc2b5\ub2c8\ub2e4: \uccb4\ud06c\uc778\uc740 15\uc2dc \uc774\ud6c4, \uccb4\ud06c\uc544\uc6c3\uc740 11\u201312\uc2dc \uc0ac\uc774\uc785\ub2c8\ub2e4. \uc9d0\uc740 \ub9ac\uc149\uc158\uc5d0 \ub9e1\uae30\uace0 \ub3c4\uc2dc\ub97c \ub458\ub7ec\ubcfc \uc218 \uc788\uc73c\uba70, \uac00\ub2a5 \uc2dc \ucd94\uac00 \uc694\uae08\uc73c\ub85c \uc5bc\ub9ac \uccb4\ud06c\uc778\/\ub808\uc774\ud2b8 \uccb4\ud06c\uc544\uc6c3 \uc774\uc6a9\uc774 \uac00\ub2a5\ud569\ub2c8\ub2e4.  \ubd80\ud0c4\uc5d0\uc11c\ub294 \uc624\ub798\ub418\uc5c8\uac70\ub098(2009\ub144 \uc774\uc804), \ub9c8\ubaa8\ub418\uc5c8\uac70\ub098, \uad6c\uaca8\uc9c4 \ubbf8\uad6d \ub2ec\ub7ec \uc9c0\ud3d0\uc758 \ud658\uc804\uc5d0 \uc5b4\ub824\uc6c0\uc774 \uc788\uc744 \uc218 \uc788\uc73c\uba70, \ucd94\uac00 \uc218\uc218\ub8cc\uac00 \ubd80\uacfc\ub418\uac70\ub098 \ud658\uc804\uc774 \uac70\ubd80\ub420 \uc218 \uc788\uc2b5\ub2c8\ub2e4.  \ud604\uc9c0 \uc601\uc5b4 \uac00\uc774\ub4dc\uc640 \ud568\uaed8 \uc9c4\ud589\ub418\ub294 \uc18c\uaddc\ubaa8 \uadf8\ub8f9 \ud22c\uc5b4\ub3c4 \uac00\ub2a5\ud569\ub2c8\ub2e4. \ub354 \uc790\uc138\ud55c \uc548\ub0b4\ub294 \ubb38\uc758\ud574 \uc8fc\uc138\uc694.","og_url":"https:\/\/mountainguides.pro\/ko\/tours\/trekking\/bhutan-the-tour-of-dragon-trails-druk-path-trek\/","og_site_name":"Mountain Guide","article_publisher":"https:\/\/www.facebook.com\/Mountainguide-232956566756831\/","article_modified_time":"2026-04-06T14:21:31+00:00","og_image":[{"width":2023,"height":1200,"url":"https:\/\/mountainguides.pro\/wp-content\/uploads\/2023\/10\/Bhutan-11.jpg","type":"image\/jpeg"}],"twitter_card":"summary_large_image","twitter_site":"@Wintercyclone","twitter_misc":{"Est. reading time":"1 minute"},"schema":{"@context":"https:\/\/schema.org","@graph":[{"@type":"WebPage","@id":"https:\/\/mountainguides.pro\/tours\/trekking\/bhutan-the-tour-of-dragon-trails-druk-path-trek\/","url":"https:\/\/mountainguides.pro\/tours\/trekking\/bhutan-the-tour-of-dragon-trails-druk-path-trek\/","name":"Trekking Bhutan","isPartOf":{"@id":"https:\/\/mountainguides.pro\/#website"},"primaryImageOfPage":{"@id":"https:\/\/mountainguides.pro\/tours\/trekking\/bhutan-the-tour-of-dragon-trails-druk-path-trek\/#primaryimage"},"image":{"@id":"https:\/\/mountainguides.pro\/tours\/trekking\/bhutan-the-tour-of-dragon-trails-druk-path-trek\/#primaryimage"},"thumbnailUrl":"https:\/\/mountainguides.pro\/wp-content\/uploads\/2023\/10\/Bhutan-11.jpg","datePublished":"2023-10-17T09:00:40+00:00","dateModified":"2026-04-06T14:21:31+00:00","breadcrumb":{"@id":"https:\/\/mountainguides.pro\/tours\/trekking\/bhutan-the-tour-of-dragon-trails-druk-path-trek\/#breadcrumb"},"inLanguage":"ko","potentialAction":[{"@type":"ReadAction","target":["https:\/\/mountainguides.pro\/tours\/trekking\/bhutan-the-tour-of-dragon-trails-druk-path-trek\/"]}]},{"@type":"ImageObject","inLanguage":"ko","@id":"https:\/\/mountainguides.pro\/tours\/trekking\/bhutan-the-tour-of-dragon-trails-druk-path-trek\/#primaryimage","url":"https:\/\/mountainguides.pro\/wp-content\/uploads\/2023\/10\/Bhutan-11.jpg","contentUrl":"https:\/\/mountainguides.pro\/wp-content\/uploads\/2023\/10\/Bhutan-11.jpg","width":2023,"height":1200},{"@type":"BreadcrumbList","@id":"https:\/\/mountainguides.pro\/tours\/trekking\/bhutan-the-tour-of-dragon-trails-druk-path-trek\/#breadcrumb","itemListElement":[{"@type":"ListItem","position":1,"name":"Home","item":"https:\/\/mountainguides.pro\/de\/"},{"@type":"ListItem","position":2,"name":"Bhutan. The Tour of Dragon Trails (Druk-Path Trek)"}]},{"@type":"WebSite","@id":"https:\/\/mountainguides.pro\/#website","url":"https:\/\/mountainguides.pro\/","name":"Mountain Guide","description":"We aspire to be the first in everything!","publisher":{"@id":"https:\/\/mountainguides.pro\/#organization"},"potentialAction":[{"@type":"SearchAction","target":{"@type":"EntryPoint","urlTemplate":"https:\/\/mountainguides.pro\/?s={search_term_string}"},"query-input":{"@type":"PropertyValueSpecification","valueRequired":true,"valueName":"search_term_string"}}],"inLanguage":"ko"},{"@type":"Organization","@id":"https:\/\/mountainguides.pro\/#organization","name":"Mountain Guide","url":"https:\/\/mountainguides.pro\/","logo":{"@type":"ImageObject","inLanguage":"ko","@id":"https:\/\/mountainguides.pro\/#\/schema\/logo\/image\/","url":"https:\/\/mountainguides.pro\/wp-content\/uploads\/2018\/01\/mglogo.jpg","contentUrl":"https:\/\/mountainguides.pro\/wp-content\/uploads\/2018\/01\/mglogo.jpg","width":1200,"height":630,"caption":"Mountain Guide"},"image":{"@id":"https:\/\/mountainguides.pro\/#\/schema\/logo\/image\/"},"sameAs":["https:\/\/www.facebook.com\/Mountainguide-232956566756831\/","https:\/\/x.com\/Wintercyclone","http:\/\/instagram.com\/mountainguide","http:\/\/www.youtube.com\/mountainguide"]}]}},"_links":{"self":[{"href":"https:\/\/mountainguides.pro\/ko\/wp-json\/wp\/v2\/product\/19672","targetHints":{"allow":["GET"]}}],"collection":[{"href":"https:\/\/mountainguides.pro\/ko\/wp-json\/wp\/v2\/product"}],"about":[{"href":"https:\/\/mountainguides.pro\/ko\/wp-json\/wp\/v2\/types\/product"}],"replies":[{"embeddable":true,"href":"https:\/\/mountainguides.pro\/ko\/wp-json\/wp\/v2\/comments?post=19672"}],"version-history":[{"count":21,"href":"https:\/\/mountainguides.pro\/ko\/wp-json\/wp\/v2\/product\/19672\/revisions"}],"predecessor-version":[{"id":33369,"href":"https:\/\/mountainguides.pro\/ko\/wp-json\/wp\/v2\/product\/19672\/revisions\/33369"}],"wp:featuredmedia":[{"embeddable":true,"href":"https:\/\/mountainguides.pro\/ko\/wp-json\/wp\/v2\/media\/19675"}],"wp:attachment":[{"href":"https:\/\/mountainguides.pro\/ko\/wp-json\/wp\/v2\/media?parent=19672"}],"wp:term":[{"taxonomy":"product_cat","embeddable":true,"href":"https:\/\/mountainguides.pro\/ko\/wp-json\/wp\/v2\/product_cat?post=19672"},{"taxonomy":"product_tag","embeddable":true,"href":"https:\/\/mountainguides.pro\/ko\/wp-json\/wp\/v2\/product_tag?post=19672"}],"curies":[{"name":"wp","href":"https:\/\/api.w.org\/{rel}","templated":true}]}}