{"id":19738,"date":"2023-11-01T13:54:07","date_gmt":"2023-11-01T10:54:07","guid":{"rendered":"https:\/\/mountainguides.pro\/?post_type=product&#038;p=19738"},"modified":"2026-02-03T10:12:55","modified_gmt":"2026-02-03T07:12:55","slug":"safari-uganda","status":"publish","type":"product","link":"https:\/\/mountainguides.pro\/ko\/tours\/safari\/safari-uganda\/","title":{"rendered":"\uc6b0\uac04\ub2e4 \ud22c\uc5b4:\ud770 \ucf54\ubfd4\uc18c\uc640 \uc0b0 \uace0\ub9b4\ub77c"},"content":{"rendered":"","protected":false},"excerpt":{"rendered":"<ul>\n<li class=\"p1\">\uc9c0\ubc14 \ubcf4\ud638\uad6c\uc5ed \ud2b8\ub808\ud0b9\uc5d0\uc11c \ub9cc\ub098\ub294 \ubc31\ucf54\ubfd4\uc18c<\/li>\n<li class=\"p1\">\uba38\uce58\uc2a8\ud3f4\uc2a4 \uad6d\ub9bd\uacf5\uc6d0\uc758 40\ubbf8\ud130 \ud3ed\ud3ec\uac00 \uc120\uc0ac\ud558\ub294 \ub3c5\ud2b9\ud55c \uc804\ub9dd<\/li>\n<li class=\"p1\">\ube44\ub8ec\uac00 \ud654\uc0b0 \uc815\uc0c1\uc5d0\uc11c \ubcfc \uc218 \uc788\ub294 \uc138\uacc4\uc5d0\uc11c \uac00\uc7a5 \ud070 \ud65c\uc131 \uc6a9\uc554\ud638<\/li>\n<li class=\"p1\">\ud038 \uc5d8\ub9ac\uc790\ubca0\uc2a4 \uad6d\ub9bd\uacf5\uc6d0\uc5d0\uc11c \ub9cc\ub098\ub294 \uc544\ud504\ub9ac\uce74 \ube45\ud30c\uc774\ube0c<\/li>\n<li class=\"p1\">\ube0c\uc708\ub514 \uc232\uc758 \uc815\uae00\uc5d0\uc11c \ub9cc\ub098\ub294 \uc0b0\uc545 \uace0\ub9b4\ub77c<\/li>\n<li class=\"p1\">\uc138\uc138\uc2a4 \ub5a0\uc788\ub294 \uc12c\uc5d0\uc11c\uc758 \ud558\ub8fb\ubc24\uacfc \ube45\ud1a0\ub9ac\uc544\ud638\uc5d0\uc11c\uc758 \ub09a\uc2dc<\/li>\n<li class=\"p1\">\ud654\uc774\ud2b8 \ub098\uc77c\uc758 \uac70\uce5c \ubb3c\uc0b4\uc744 \ub530\ub77c \ub0b4\ub824\uac00\ub294 \ub798\ud504\ud305<\/li>\n<li class=\"p1\">\uce74\uc218\ube44 \uc655\ub9bd \ubb18\uc9c0<\/li>\n<\/ul>\n<p class=\"p1\"><strong>*\ub2f9\uc0ac\uc5d0\uc11c\ub294 \ud56d\uacf5\uad8c \uad6c\ub9e4\u00b7\ud310\ub9e4 \ubc0f \ube44\uc790 \ubc1c\uae09 \uc5c5\ubb34\ub97c \uc218\ud589\ud558\uc9c0 \uc54a\uc73c\uba70, \uc774\uc5d0 \ub530\ub77c \ud56d\uacf5\ud3b8 \ubc0f \uad6d\uacbd \ud1b5\uacfc\uc640 \uad00\ub828\ub41c \ubd88\uac00\ud56d\ub825 \uc0c1\ud669\uc5d0 \ub300\ud574\uc11c\ub294 \ucc45\uc784\uc744 \uc9c0\uc9c0 \uc54a\uc2b5\ub2c8\ub2e4.<\/strong><\/p>\n<p class=\"p1\"><strong>\uc544\ud504\ub9ac\uce74\uc5d0\uc11c\ub294 \uc624\ub798\ub418\uc5c8\uac70\ub098(2009\ub144 \uc774\uc804 \ubc1c\ud589), \ud6fc\uc190\ub418\uc5c8\uac70\ub098, \uc791\uc740 \uae08\uc561\uc758 \ub2ec\ub7ec \uc9c0\ud3d0\uac00 \ud658\uc804 \uc2dc \uc5b4\ub824\uc6c0\uc744 \uacaa\uc744 \uc218 \uc788\uc73c\ub2c8 \uc720\uc758\ud558\uc2dc\uae30 \ubc14\ub78d\ub2c8\ub2e4. \uc77c\ubd80 \uc9c0\uc5ed\uc5d0\uc11c\ub294 \ucd94\uac00 \uc218\uc218\ub8cc\uac00 \ubd80\uacfc\ub418\uac70\ub098 \ud658\uc804\uc774 \uac70\ubd80\ub420 \uc218 \uc788\uc2b5\ub2c8\ub2e4.)<\/strong><\/p>\n","protected":false},"featured_media":19740,"comment_status":"closed","ping_status":"closed","template":"","meta":{"_acf_changed":false,"footnotes":""},"product_cat":[339,318,343],"product_tag":[],"class_list":{"0":"post-19738","1":"product","2":"type-product","3":"status-publish","4":"has-post-thumbnail","6":"product_cat-adventure-africa","7":"product_cat-safari","8":"product_cat-safari-africa","10":"first","11":"instock","12":"shipping-taxable","13":"purchasable","14":"product-type-simple"},"acf":[],"yoast_head":"<!-- This site is optimized with the Yoast SEO Premium plugin v26.5 (Yoast SEO v27.3) - https:\/\/yoast.com\/product\/yoast-seo-premium-wordpress\/ -->\n<title>Safari Uganda<\/title>\n<meta name=\"robots\" content=\"index, follow, max-snippet:-1, max-image-preview:large, max-video-preview:-1\" \/>\n<link rel=\"canonical\" href=\"https:\/\/mountainguides.pro\/ko\/tours\/safari\/safari-uganda\/\" \/>\n<meta property=\"og:locale\" content=\"en_US\" \/>\n<meta property=\"og:locale:alternate\" content=\"en_US\" \/>\n<meta property=\"og:locale:alternate\" content=\"ru_RU\" \/>\n<meta property=\"og:locale:alternate\" content=\"de\" \/>\n<meta property=\"og:locale:alternate\" content=\"es\" \/>\n<meta property=\"og:locale:alternate\" content=\"pt\" \/>\n<meta property=\"og:locale:alternate\" content=\"zh\" \/>\n<meta property=\"og:locale:alternate\" content=\"ja\" \/>\n<meta property=\"og:locale:alternate\" content=\"hi\" \/>\n<meta property=\"og:locale:alternate\" content=\"ar\" \/>\n<meta property=\"og:type\" content=\"article\" \/>\n<meta property=\"og:title\" content=\"\uc6b0\uac04\ub2e4 \ud22c\uc5b4:\ud770 \ucf54\ubfd4\uc18c\uc640 \uc0b0 \uace0\ub9b4\ub77c\" \/>\n<meta property=\"og:description\" content=\"\uc9c0\ubc14 \ubcf4\ud638\uad6c\uc5ed \ud2b8\ub808\ud0b9\uc5d0\uc11c \ub9cc\ub098\ub294 \ubc31\ucf54\ubfd4\uc18c  \uba38\uce58\uc2a8\ud3f4\uc2a4 \uad6d\ub9bd\uacf5\uc6d0\uc758 40\ubbf8\ud130 \ud3ed\ud3ec\uac00 \uc120\uc0ac\ud558\ub294 \ub3c5\ud2b9\ud55c \uc804\ub9dd  \ube44\ub8ec\uac00 \ud654\uc0b0 \uc815\uc0c1\uc5d0\uc11c \ubcfc \uc218 \uc788\ub294 \uc138\uacc4\uc5d0\uc11c \uac00\uc7a5 \ud070 \ud65c\uc131 \uc6a9\uc554\ud638  \ud038 \uc5d8\ub9ac\uc790\ubca0\uc2a4 \uad6d\ub9bd\uacf5\uc6d0\uc5d0\uc11c \ub9cc\ub098\ub294 \uc544\ud504\ub9ac\uce74 \ube45\ud30c\uc774\ube0c  \ube0c\uc708\ub514 \uc232\uc758 \uc815\uae00\uc5d0\uc11c \ub9cc\ub098\ub294 \uc0b0\uc545 \uace0\ub9b4\ub77c  \uc138\uc138\uc2a4 \ub5a0\uc788\ub294 \uc12c\uc5d0\uc11c\uc758 \ud558\ub8fb\ubc24\uacfc \ube45\ud1a0\ub9ac\uc544\ud638\uc5d0\uc11c\uc758 \ub09a\uc2dc  \ud654\uc774\ud2b8 \ub098\uc77c\uc758 \uac70\uce5c \ubb3c\uc0b4\uc744 \ub530\ub77c \ub0b4\ub824\uac00\ub294 \ub798\ud504\ud305  \uce74\uc218\ube44 \uc655\ub9bd \ubb18\uc9c0  *\ub2f9\uc0ac\uc5d0\uc11c\ub294 \ud56d\uacf5\uad8c \uad6c\ub9e4\u00b7\ud310\ub9e4 \ubc0f \ube44\uc790 \ubc1c\uae09 \uc5c5\ubb34\ub97c \uc218\ud589\ud558\uc9c0 \uc54a\uc73c\uba70, \uc774\uc5d0 \ub530\ub77c \ud56d\uacf5\ud3b8 \ubc0f \uad6d\uacbd \ud1b5\uacfc\uc640 \uad00\ub828\ub41c \ubd88\uac00\ud56d\ub825 \uc0c1\ud669\uc5d0 \ub300\ud574\uc11c\ub294 \ucc45\uc784\uc744 \uc9c0\uc9c0 \uc54a\uc2b5\ub2c8\ub2e4. \uc544\ud504\ub9ac\uce74\uc5d0\uc11c\ub294 \uc624\ub798\ub418\uc5c8\uac70\ub098(2009\ub144 \uc774\uc804 \ubc1c\ud589), \ud6fc\uc190\ub418\uc5c8\uac70\ub098, \uc791\uc740 \uae08\uc561\uc758 \ub2ec\ub7ec \uc9c0\ud3d0\uac00 \ud658\uc804 \uc2dc \uc5b4\ub824\uc6c0\uc744 \uacaa\uc744 \uc218 \uc788\uc73c\ub2c8 \uc720\uc758\ud558\uc2dc\uae30 \ubc14\ub78d\ub2c8\ub2e4. \uc77c\ubd80 \uc9c0\uc5ed\uc5d0\uc11c\ub294 \ucd94\uac00 \uc218\uc218\ub8cc\uac00 \ubd80\uacfc\ub418\uac70\ub098 \ud658\uc804\uc774 \uac70\ubd80\ub420 \uc218 \uc788\uc2b5\ub2c8\ub2e4.)\" \/>\n<meta property=\"og:url\" content=\"https:\/\/mountainguides.pro\/ko\/tours\/safari\/safari-uganda\/\" \/>\n<meta property=\"og:site_name\" content=\"Mountain Guide\" \/>\n<meta property=\"article:publisher\" content=\"https:\/\/www.facebook.com\/Mountainguide-232956566756831\/\" \/>\n<meta property=\"article:modified_time\" content=\"2026-02-03T07:12:55+00:00\" \/>\n<meta property=\"og:image\" content=\"https:\/\/mountainguides.pro\/wp-content\/uploads\/2023\/11\/Safari-Uganda.jpg\" \/>\n\t<meta property=\"og:image:width\" content=\"2560\" \/>\n\t<meta property=\"og:image:height\" content=\"1920\" \/>\n\t<meta property=\"og:image:type\" content=\"image\/jpeg\" \/>\n<meta name=\"twitter:card\" content=\"summary_large_image\" \/>\n<meta name=\"twitter:site\" content=\"@Wintercyclone\" \/>\n<meta name=\"twitter:label1\" content=\"Est. reading time\" \/>\n\t<meta name=\"twitter:data1\" content=\"1 minute\" \/>\n<script type=\"application\/ld+json\" class=\"yoast-schema-graph\">{\"@context\":\"https:\\\/\\\/schema.org\",\"@graph\":[{\"@type\":\"WebPage\",\"@id\":\"https:\\\/\\\/mountainguides.pro\\\/ar\\\/tours\\\/safari\\\/safari-uganda\\\/\",\"url\":\"https:\\\/\\\/mountainguides.pro\\\/ar\\\/tours\\\/safari\\\/safari-uganda\\\/\",\"name\":\"Safari Uganda\",\"isPartOf\":{\"@id\":\"https:\\\/\\\/mountainguides.pro\\\/#website\"},\"primaryImageOfPage\":{\"@id\":\"https:\\\/\\\/mountainguides.pro\\\/ar\\\/tours\\\/safari\\\/safari-uganda\\\/#primaryimage\"},\"image\":{\"@id\":\"https:\\\/\\\/mountainguides.pro\\\/ar\\\/tours\\\/safari\\\/safari-uganda\\\/#primaryimage\"},\"thumbnailUrl\":\"https:\\\/\\\/mountainguides.pro\\\/wp-content\\\/uploads\\\/2023\\\/11\\\/Safari-Uganda.jpg\",\"datePublished\":\"2023-11-01T10:54:07+00:00\",\"dateModified\":\"2026-02-03T07:12:55+00:00\",\"breadcrumb\":{\"@id\":\"https:\\\/\\\/mountainguides.pro\\\/ar\\\/tours\\\/safari\\\/safari-uganda\\\/#breadcrumb\"},\"inLanguage\":\"ko\",\"potentialAction\":[{\"@type\":\"ReadAction\",\"target\":[\"https:\\\/\\\/mountainguides.pro\\\/ar\\\/tours\\\/safari\\\/safari-uganda\\\/\"]}]},{\"@type\":\"ImageObject\",\"inLanguage\":\"ko\",\"@id\":\"https:\\\/\\\/mountainguides.pro\\\/ar\\\/tours\\\/safari\\\/safari-uganda\\\/#primaryimage\",\"url\":\"https:\\\/\\\/mountainguides.pro\\\/wp-content\\\/uploads\\\/2023\\\/11\\\/Safari-Uganda.jpg\",\"contentUrl\":\"https:\\\/\\\/mountainguides.pro\\\/wp-content\\\/uploads\\\/2023\\\/11\\\/Safari-Uganda.jpg\",\"width\":2560,\"height\":1920},{\"@type\":\"BreadcrumbList\",\"@id\":\"https:\\\/\\\/mountainguides.pro\\\/ar\\\/tours\\\/safari\\\/safari-uganda\\\/#breadcrumb\",\"itemListElement\":[{\"@type\":\"ListItem\",\"position\":1,\"name\":\"Home\",\"item\":\"https:\\\/\\\/mountainguides.pro\\\/de\\\/\"},{\"@type\":\"ListItem\",\"position\":2,\"name\":\"\u062c\u0648\u0644\u0629 \u0623\u0648\u063a\u0646\u062f\u0627: \u0648\u062d\u064a\u062f \u0627\u0644\u0642\u0631\u0646 \u0627\u0644\u0623\u0628\u064a\u0636 \u0648\u0627\u0644\u063a\u0648\u0631\u064a\u0644\u0627 \u0627\u0644\u062c\u0628\u0644\u064a\u0629\"}]},{\"@type\":\"WebSite\",\"@id\":\"https:\\\/\\\/mountainguides.pro\\\/#website\",\"url\":\"https:\\\/\\\/mountainguides.pro\\\/\",\"name\":\"Mountain Guide\",\"description\":\"We aspire to be the first in everything!\",\"publisher\":{\"@id\":\"https:\\\/\\\/mountainguides.pro\\\/#organization\"},\"potentialAction\":[{\"@type\":\"SearchAction\",\"target\":{\"@type\":\"EntryPoint\",\"urlTemplate\":\"https:\\\/\\\/mountainguides.pro\\\/?s={search_term_string}\"},\"query-input\":{\"@type\":\"PropertyValueSpecification\",\"valueRequired\":true,\"valueName\":\"search_term_string\"}}],\"inLanguage\":\"ko\"},{\"@type\":\"Organization\",\"@id\":\"https:\\\/\\\/mountainguides.pro\\\/#organization\",\"name\":\"Mountain Guide\",\"url\":\"https:\\\/\\\/mountainguides.pro\\\/\",\"logo\":{\"@type\":\"ImageObject\",\"inLanguage\":\"ko\",\"@id\":\"https:\\\/\\\/mountainguides.pro\\\/#\\\/schema\\\/logo\\\/image\\\/\",\"url\":\"https:\\\/\\\/mountainguides.pro\\\/wp-content\\\/uploads\\\/2018\\\/01\\\/mglogo.jpg\",\"contentUrl\":\"https:\\\/\\\/mountainguides.pro\\\/wp-content\\\/uploads\\\/2018\\\/01\\\/mglogo.jpg\",\"width\":1200,\"height\":630,\"caption\":\"Mountain Guide\"},\"image\":{\"@id\":\"https:\\\/\\\/mountainguides.pro\\\/#\\\/schema\\\/logo\\\/image\\\/\"},\"sameAs\":[\"https:\\\/\\\/www.facebook.com\\\/Mountainguide-232956566756831\\\/\",\"https:\\\/\\\/x.com\\\/Wintercyclone\",\"http:\\\/\\\/instagram.com\\\/mountainguide\",\"http:\\\/\\\/www.youtube.com\\\/mountainguide\"]}]}<\/script>\n<!-- \/ Yoast SEO Premium plugin. -->","yoast_head_json":{"title":"Safari Uganda","robots":{"index":"index","follow":"follow","max-snippet":"max-snippet:-1","max-image-preview":"max-image-preview:large","max-video-preview":"max-video-preview:-1"},"canonical":"https:\/\/mountainguides.pro\/ko\/tours\/safari\/safari-uganda\/","og_locale":"en_US","og_type":"article","og_title":"[:en]Safari Uganda[:de]Tour nach Uganda: Wei\u00dfe Nash\u00f6rner und Berggorillas[:es]Tour a Uganda: rinocerontes blancos y gorilas de monta\u00f1a[:pt]Excurs\u00e3o A Uganda: rinocerontes brancos e gorilas da montanha[:zh]\u4e4c\u5e72\u8fbe\u4e4b\u65c5\uff1a\u767d\u7280\u725b\u548c\u5c71\u5730\u5927\u7329\u7329[:ko]\uc6b0\uac04\ub2e4 \ud22c\uc5b4:\ud770 \ucf54\ubfd4\uc18c\uc640 \uc0b0 \uace0\ub9b4\ub77c[:ja]\u30a6\u30ac\u30f3\u30c0\u30c4\u30a2\u30fc\uff1a\u30db\u30ef\u30a4\u30c8\u30b5\u30a4\u3068\u30de\u30a6\u30f3\u30c6\u30f3\u30b4\u30ea\u30e9[:hi]\u092f\u0941\u0917\u093e\u0902\u0921\u093e \u091f\u0942\u0930: \u0938\u092b\u0947\u0926 \u0917\u0948\u0902\u0921\u0947 \u0914\u0930 \u092a\u0930\u094d\u0935\u0924 \u0917\u094b\u0930\u093f\u0932\u094d\u0932\u093e[:ar]\u062c\u0648\u0644\u0629 \u0623\u0648\u063a\u0646\u062f\u0627: \u0648\u062d\u064a\u062f \u0627\u0644\u0642\u0631\u0646 \u0627\u0644\u0623\u0628\u064a\u0636 \u0648\u0627\u0644\u063a\u0648\u0631\u064a\u0644\u0627 \u0627\u0644\u062c\u0628\u0644\u064a\u0629[:]","og_description":"\uc9c0\ubc14 \ubcf4\ud638\uad6c\uc5ed \ud2b8\ub808\ud0b9\uc5d0\uc11c \ub9cc\ub098\ub294 \ubc31\ucf54\ubfd4\uc18c  \uba38\uce58\uc2a8\ud3f4\uc2a4 \uad6d\ub9bd\uacf5\uc6d0\uc758 40\ubbf8\ud130 \ud3ed\ud3ec\uac00 \uc120\uc0ac\ud558\ub294 \ub3c5\ud2b9\ud55c \uc804\ub9dd  \ube44\ub8ec\uac00 \ud654\uc0b0 \uc815\uc0c1\uc5d0\uc11c \ubcfc \uc218 \uc788\ub294 \uc138\uacc4\uc5d0\uc11c \uac00\uc7a5 \ud070 \ud65c\uc131 \uc6a9\uc554\ud638  \ud038 \uc5d8\ub9ac\uc790\ubca0\uc2a4 \uad6d\ub9bd\uacf5\uc6d0\uc5d0\uc11c \ub9cc\ub098\ub294 \uc544\ud504\ub9ac\uce74 \ube45\ud30c\uc774\ube0c  \ube0c\uc708\ub514 \uc232\uc758 \uc815\uae00\uc5d0\uc11c \ub9cc\ub098\ub294 \uc0b0\uc545 \uace0\ub9b4\ub77c  \uc138\uc138\uc2a4 \ub5a0\uc788\ub294 \uc12c\uc5d0\uc11c\uc758 \ud558\ub8fb\ubc24\uacfc \ube45\ud1a0\ub9ac\uc544\ud638\uc5d0\uc11c\uc758 \ub09a\uc2dc  \ud654\uc774\ud2b8 \ub098\uc77c\uc758 \uac70\uce5c \ubb3c\uc0b4\uc744 \ub530\ub77c \ub0b4\ub824\uac00\ub294 \ub798\ud504\ud305  \uce74\uc218\ube44 \uc655\ub9bd \ubb18\uc9c0  *\ub2f9\uc0ac\uc5d0\uc11c\ub294 \ud56d\uacf5\uad8c \uad6c\ub9e4\u00b7\ud310\ub9e4 \ubc0f \ube44\uc790 \ubc1c\uae09 \uc5c5\ubb34\ub97c \uc218\ud589\ud558\uc9c0 \uc54a\uc73c\uba70, \uc774\uc5d0 \ub530\ub77c \ud56d\uacf5\ud3b8 \ubc0f \uad6d\uacbd \ud1b5\uacfc\uc640 \uad00\ub828\ub41c \ubd88\uac00\ud56d\ub825 \uc0c1\ud669\uc5d0 \ub300\ud574\uc11c\ub294 \ucc45\uc784\uc744 \uc9c0\uc9c0 \uc54a\uc2b5\ub2c8\ub2e4. \uc544\ud504\ub9ac\uce74\uc5d0\uc11c\ub294 \uc624\ub798\ub418\uc5c8\uac70\ub098(2009\ub144 \uc774\uc804 \ubc1c\ud589), \ud6fc\uc190\ub418\uc5c8\uac70\ub098, \uc791\uc740 \uae08\uc561\uc758 \ub2ec\ub7ec \uc9c0\ud3d0\uac00 \ud658\uc804 \uc2dc \uc5b4\ub824\uc6c0\uc744 \uacaa\uc744 \uc218 \uc788\uc73c\ub2c8 \uc720\uc758\ud558\uc2dc\uae30 \ubc14\ub78d\ub2c8\ub2e4. \uc77c\ubd80 \uc9c0\uc5ed\uc5d0\uc11c\ub294 \ucd94\uac00 \uc218\uc218\ub8cc\uac00 \ubd80\uacfc\ub418\uac70\ub098 \ud658\uc804\uc774 \uac70\ubd80\ub420 \uc218 \uc788\uc2b5\ub2c8\ub2e4.)","og_url":"https:\/\/mountainguides.pro\/ko\/tours\/safari\/safari-uganda\/","og_site_name":"Mountain Guide","article_publisher":"https:\/\/www.facebook.com\/Mountainguide-232956566756831\/","article_modified_time":"2026-02-03T07:12:55+00:00","og_image":[{"width":2560,"height":1920,"url":"https:\/\/mountainguides.pro\/wp-content\/uploads\/2023\/11\/Safari-Uganda.jpg","type":"image\/jpeg"}],"twitter_card":"summary_large_image","twitter_site":"@Wintercyclone","twitter_misc":{"Est. reading time":"1 minute"},"schema":{"@context":"https:\/\/schema.org","@graph":[{"@type":"WebPage","@id":"https:\/\/mountainguides.pro\/ar\/tours\/safari\/safari-uganda\/","url":"https:\/\/mountainguides.pro\/ar\/tours\/safari\/safari-uganda\/","name":"Safari Uganda","isPartOf":{"@id":"https:\/\/mountainguides.pro\/#website"},"primaryImageOfPage":{"@id":"https:\/\/mountainguides.pro\/ar\/tours\/safari\/safari-uganda\/#primaryimage"},"image":{"@id":"https:\/\/mountainguides.pro\/ar\/tours\/safari\/safari-uganda\/#primaryimage"},"thumbnailUrl":"https:\/\/mountainguides.pro\/wp-content\/uploads\/2023\/11\/Safari-Uganda.jpg","datePublished":"2023-11-01T10:54:07+00:00","dateModified":"2026-02-03T07:12:55+00:00","breadcrumb":{"@id":"https:\/\/mountainguides.pro\/ar\/tours\/safari\/safari-uganda\/#breadcrumb"},"inLanguage":"ko","potentialAction":[{"@type":"ReadAction","target":["https:\/\/mountainguides.pro\/ar\/tours\/safari\/safari-uganda\/"]}]},{"@type":"ImageObject","inLanguage":"ko","@id":"https:\/\/mountainguides.pro\/ar\/tours\/safari\/safari-uganda\/#primaryimage","url":"https:\/\/mountainguides.pro\/wp-content\/uploads\/2023\/11\/Safari-Uganda.jpg","contentUrl":"https:\/\/mountainguides.pro\/wp-content\/uploads\/2023\/11\/Safari-Uganda.jpg","width":2560,"height":1920},{"@type":"BreadcrumbList","@id":"https:\/\/mountainguides.pro\/ar\/tours\/safari\/safari-uganda\/#breadcrumb","itemListElement":[{"@type":"ListItem","position":1,"name":"Home","item":"https:\/\/mountainguides.pro\/de\/"},{"@type":"ListItem","position":2,"name":"\u062c\u0648\u0644\u0629 \u0623\u0648\u063a\u0646\u062f\u0627: \u0648\u062d\u064a\u062f \u0627\u0644\u0642\u0631\u0646 \u0627\u0644\u0623\u0628\u064a\u0636 \u0648\u0627\u0644\u063a\u0648\u0631\u064a\u0644\u0627 \u0627\u0644\u062c\u0628\u0644\u064a\u0629"}]},{"@type":"WebSite","@id":"https:\/\/mountainguides.pro\/#website","url":"https:\/\/mountainguides.pro\/","name":"Mountain Guide","description":"We aspire to be the first in everything!","publisher":{"@id":"https:\/\/mountainguides.pro\/#organization"},"potentialAction":[{"@type":"SearchAction","target":{"@type":"EntryPoint","urlTemplate":"https:\/\/mountainguides.pro\/?s={search_term_string}"},"query-input":{"@type":"PropertyValueSpecification","valueRequired":true,"valueName":"search_term_string"}}],"inLanguage":"ko"},{"@type":"Organization","@id":"https:\/\/mountainguides.pro\/#organization","name":"Mountain Guide","url":"https:\/\/mountainguides.pro\/","logo":{"@type":"ImageObject","inLanguage":"ko","@id":"https:\/\/mountainguides.pro\/#\/schema\/logo\/image\/","url":"https:\/\/mountainguides.pro\/wp-content\/uploads\/2018\/01\/mglogo.jpg","contentUrl":"https:\/\/mountainguides.pro\/wp-content\/uploads\/2018\/01\/mglogo.jpg","width":1200,"height":630,"caption":"Mountain Guide"},"image":{"@id":"https:\/\/mountainguides.pro\/#\/schema\/logo\/image\/"},"sameAs":["https:\/\/www.facebook.com\/Mountainguide-232956566756831\/","https:\/\/x.com\/Wintercyclone","http:\/\/instagram.com\/mountainguide","http:\/\/www.youtube.com\/mountainguide"]}]}},"_links":{"self":[{"href":"https:\/\/mountainguides.pro\/ko\/wp-json\/wp\/v2\/product\/19738","targetHints":{"allow":["GET"]}}],"collection":[{"href":"https:\/\/mountainguides.pro\/ko\/wp-json\/wp\/v2\/product"}],"about":[{"href":"https:\/\/mountainguides.pro\/ko\/wp-json\/wp\/v2\/types\/product"}],"replies":[{"embeddable":true,"href":"https:\/\/mountainguides.pro\/ko\/wp-json\/wp\/v2\/comments?post=19738"}],"version-history":[{"count":15,"href":"https:\/\/mountainguides.pro\/ko\/wp-json\/wp\/v2\/product\/19738\/revisions"}],"predecessor-version":[{"id":32700,"href":"https:\/\/mountainguides.pro\/ko\/wp-json\/wp\/v2\/product\/19738\/revisions\/32700"}],"wp:featuredmedia":[{"embeddable":true,"href":"https:\/\/mountainguides.pro\/ko\/wp-json\/wp\/v2\/media\/19740"}],"wp:attachment":[{"href":"https:\/\/mountainguides.pro\/ko\/wp-json\/wp\/v2\/media?parent=19738"}],"wp:term":[{"taxonomy":"product_cat","embeddable":true,"href":"https:\/\/mountainguides.pro\/ko\/wp-json\/wp\/v2\/product_cat?post=19738"},{"taxonomy":"product_tag","embeddable":true,"href":"https:\/\/mountainguides.pro\/ko\/wp-json\/wp\/v2\/product_tag?post=19738"}],"curies":[{"name":"wp","href":"https:\/\/api.w.org\/{rel}","templated":true}]}}