{"id":19774,"date":"2023-11-02T11:16:25","date_gmt":"2023-11-02T08:16:25","guid":{"rendered":"https:\/\/mountainguides.pro\/?post_type=product&#038;p=19774"},"modified":"2026-02-02T12:01:53","modified_gmt":"2026-02-02T09:01:53","slug":"tour-to-morocco-for-new-year","status":"publish","type":"product","link":"https:\/\/mountainguides.pro\/ko\/tours\/adventure\/tour-to-morocco-for-new-year\/","title":{"rendered":"\ubaa8\ub85c\ucf54 \ud22c\uc5b4:\ubd81\uc544\ud504\ub9ac\uce74\uc758 \uc2ec\uc7a5"},"content":{"rendered":"","protected":false},"excerpt":{"rendered":"<ul>\n<li class=\"p1\">\uc544\uac00\ud30c\uc774 \uc0ac\ub9c9\uc758 \ubca0\ub974\ubca0\ub974 \ub4dc\ub7fc \uc18c\ub9ac \uc544\ub798, \ub7ed\uc154\ub9ac \ud150\ud2b8\uc5d0\uc11c \uc0c8\ud574\ub97c \ub9de\uc774\ud569\ub2c8\ub2e4<\/li>\n<li class=\"p1\">\uc624\ucee4 \uc0c9\uc758 \uac70\ub300\ud55c \uc544\uce58\ub4e4\uc774 \ubc14\ub2e4\ub85c \uc774\uc5b4\uc9c0\ub294 \ub808\uadf8\uc9c0\ub77c \ud574\ubcc0 \u2013 \uc544\ud504\ub9ac\uce74\uc758 \uc9c4\uc815\ud55c \ubcf4\uc11d<\/li>\n<li class=\"p1\">\uce74\uc0ac\ube14\ub791\uce74, \ub9c8\ub77c\ucf00\uc2dc, \uc5d0\uc0ac\uc6b0\uc774\ub77c, \ub77c\ubc14\ud2b8, \ud0d5\ud5e4\ub974, \ud398\uc2a4, \uc170\ud504\uc0e4\uc6b0\uc5d4 \u2013 \uc54c\ucc2c \uc77c\uc815<\/li>\n<li class=\"p1\">\ub3c4\uc2dc\uc5d0\uc11c\ub294 \uc77c\ubc18 \ud638\ud154\uc774 \uc544\ub2cc \ub7ed\uc154\ub9ac \ub9ac\uc544\ub4dc\uc5d0\uc11c \uc219\ubc15<\/li>\n<li class=\"p1\">\uc5ec\ud589 \uae30\uac04 \ub3d9\uc548 \ud55c\uad6d\uc5b4\uac00 \uc544\ub2cc \ub7ec\uc2dc\uc544\uc5b4\ub97c \uad6c\uc0ac\ud558\ub294 \uac00\uc774\ub4dc \ub3d9\ud589<\/li>\n<li class=\"p1\">\uac00\uc7a5 \ud765\ubbf8\ub85c\uc6b4 \uc7a5\uc18c\uc5d0\uc11c \ud604\uc9c0\uc778\uc774 \uc9c4\ud589\ud558\ub294 \ud22c\uc5b4<\/li>\n<\/ul>\n<p class=\"p1\"><strong>*\uc8fc\uc758: \ub2f9\uc0ac\ub294 \ud56d\uacf5\uad8c \uad6c\ub9e4\u00b7\ud310\ub9e4 \ubc0f \ube44\uc790 \ubc1c\uae09 \uc5c5\ubb34\ub97c \ud558\uc9c0 \uc54a\uc73c\uba70, \ud56d\uacf5\ud3b8 \ubc0f \uad6d\uacbd \ud1b5\uacfc\uc640 \uad00\ub828\ub41c \ubd88\uac00\ud56d\ub825 \uc0c1\ud669\uc5d0 \ub300\ud574 \ucc45\uc784\uc9c0\uc9c0 \uc54a\uc2b5\ub2c8\ub2e4.<\/strong><\/p>\n<p class=\"p1\"><strong>\uc544\ud504\ub9ac\uce74\uc5d0\uc11c\ub294 \uc791\uc740 \uae08\uc561, \ub0a1\uc740 \uc9c0\ud3d0, 2009\ub144 \uc774\uc804 \ubc1c\ud589\ub41c \ubbf8\uad6d \ub2ec\ub7ec \uc9c0\ud3d0\uc758 \ud658\uc804\uc774 \uc5b4\ub835\uc2b5\ub2c8\ub2e4. \uc77c\ubd80 \uc9c0\uc5ed\uc5d0\uc11c\ub294 \ucd94\uac00 \uc218\uc218\ub8cc\uac00 \ubc1c\uc0dd\ud560 \uc218 \uc788\uc73c\uba70, \uc5b4\ub5a4 \uacf3\uc5d0\uc11c\ub294 \ud658\uc804\uc744 \uac70\ubd80\ud558\uae30\ub3c4 \ud569\ub2c8\ub2e4.<\/strong><\/p>\n","protected":false},"featured_media":19775,"comment_status":"closed","ping_status":"closed","template":"","meta":{"_acf_changed":false,"footnotes":""},"product_cat":[337],"product_tag":[],"class_list":{"0":"post-19774","1":"product","2":"type-product","3":"status-publish","4":"has-post-thumbnail","6":"product_cat-adventure","8":"first","9":"instock","10":"shipping-taxable","11":"purchasable","12":"product-type-simple"},"acf":[],"yoast_head":"<!-- This site is optimized with the Yoast SEO Premium plugin v26.5 (Yoast SEO v27.3) - https:\/\/yoast.com\/product\/yoast-seo-premium-wordpress\/ -->\n<title>Adventure Morocco for New Year<\/title>\n<meta name=\"robots\" content=\"index, follow, max-snippet:-1, max-image-preview:large, max-video-preview:-1\" \/>\n<link rel=\"canonical\" href=\"https:\/\/mountainguides.pro\/ko\/tours\/adventure\/tour-to-morocco-for-new-year\/\" \/>\n<meta property=\"og:locale\" content=\"en_US\" \/>\n<meta property=\"og:locale:alternate\" content=\"en_US\" \/>\n<meta property=\"og:locale:alternate\" content=\"ru_RU\" \/>\n<meta property=\"og:locale:alternate\" content=\"de\" \/>\n<meta property=\"og:locale:alternate\" content=\"es\" \/>\n<meta property=\"og:locale:alternate\" content=\"pt\" \/>\n<meta property=\"og:locale:alternate\" content=\"zh\" \/>\n<meta property=\"og:locale:alternate\" content=\"ja\" \/>\n<meta property=\"og:locale:alternate\" content=\"hi\" \/>\n<meta property=\"og:locale:alternate\" content=\"ar\" \/>\n<meta property=\"og:type\" content=\"article\" \/>\n<meta property=\"og:title\" content=\"\ubaa8\ub85c\ucf54 \ud22c\uc5b4:\ubd81\uc544\ud504\ub9ac\uce74\uc758 \uc2ec\uc7a5\" \/>\n<meta property=\"og:description\" content=\"\uc544\uac00\ud30c\uc774 \uc0ac\ub9c9\uc758 \ubca0\ub974\ubca0\ub974 \ub4dc\ub7fc \uc18c\ub9ac \uc544\ub798, \ub7ed\uc154\ub9ac \ud150\ud2b8\uc5d0\uc11c \uc0c8\ud574\ub97c \ub9de\uc774\ud569\ub2c8\ub2e4  \uc624\ucee4 \uc0c9\uc758 \uac70\ub300\ud55c \uc544\uce58\ub4e4\uc774 \ubc14\ub2e4\ub85c \uc774\uc5b4\uc9c0\ub294 \ub808\uadf8\uc9c0\ub77c \ud574\ubcc0 \u2013 \uc544\ud504\ub9ac\uce74\uc758 \uc9c4\uc815\ud55c \ubcf4\uc11d  \uce74\uc0ac\ube14\ub791\uce74, \ub9c8\ub77c\ucf00\uc2dc, \uc5d0\uc0ac\uc6b0\uc774\ub77c, \ub77c\ubc14\ud2b8, \ud0d5\ud5e4\ub974, \ud398\uc2a4, \uc170\ud504\uc0e4\uc6b0\uc5d4 \u2013 \uc54c\ucc2c \uc77c\uc815  \ub3c4\uc2dc\uc5d0\uc11c\ub294 \uc77c\ubc18 \ud638\ud154\uc774 \uc544\ub2cc \ub7ed\uc154\ub9ac \ub9ac\uc544\ub4dc\uc5d0\uc11c \uc219\ubc15  \uc5ec\ud589 \uae30\uac04 \ub3d9\uc548 \ud55c\uad6d\uc5b4\uac00 \uc544\ub2cc \ub7ec\uc2dc\uc544\uc5b4\ub97c \uad6c\uc0ac\ud558\ub294 \uac00\uc774\ub4dc \ub3d9\ud589  \uac00\uc7a5 \ud765\ubbf8\ub85c\uc6b4 \uc7a5\uc18c\uc5d0\uc11c \ud604\uc9c0\uc778\uc774 \uc9c4\ud589\ud558\ub294 \ud22c\uc5b4  *\uc8fc\uc758: \ub2f9\uc0ac\ub294 \ud56d\uacf5\uad8c \uad6c\ub9e4\u00b7\ud310\ub9e4 \ubc0f \ube44\uc790 \ubc1c\uae09 \uc5c5\ubb34\ub97c \ud558\uc9c0 \uc54a\uc73c\uba70, \ud56d\uacf5\ud3b8 \ubc0f \uad6d\uacbd \ud1b5\uacfc\uc640 \uad00\ub828\ub41c \ubd88\uac00\ud56d\ub825 \uc0c1\ud669\uc5d0 \ub300\ud574 \ucc45\uc784\uc9c0\uc9c0 \uc54a\uc2b5\ub2c8\ub2e4. \uc544\ud504\ub9ac\uce74\uc5d0\uc11c\ub294 \uc791\uc740 \uae08\uc561, \ub0a1\uc740 \uc9c0\ud3d0, 2009\ub144 \uc774\uc804 \ubc1c\ud589\ub41c \ubbf8\uad6d \ub2ec\ub7ec \uc9c0\ud3d0\uc758 \ud658\uc804\uc774 \uc5b4\ub835\uc2b5\ub2c8\ub2e4. \uc77c\ubd80 \uc9c0\uc5ed\uc5d0\uc11c\ub294 \ucd94\uac00 \uc218\uc218\ub8cc\uac00 \ubc1c\uc0dd\ud560 \uc218 \uc788\uc73c\uba70, \uc5b4\ub5a4 \uacf3\uc5d0\uc11c\ub294 \ud658\uc804\uc744 \uac70\ubd80\ud558\uae30\ub3c4 \ud569\ub2c8\ub2e4.\" \/>\n<meta property=\"og:url\" content=\"https:\/\/mountainguides.pro\/ko\/tours\/adventure\/tour-to-morocco-for-new-year\/\" \/>\n<meta property=\"og:site_name\" content=\"Mountain Guide\" \/>\n<meta property=\"article:publisher\" content=\"https:\/\/www.facebook.com\/Mountainguide-232956566756831\/\" \/>\n<meta property=\"article:modified_time\" content=\"2026-02-02T09:01:53+00:00\" \/>\n<meta property=\"og:image\" content=\"https:\/\/mountainguides.pro\/wp-content\/uploads\/2023\/11\/Marocco-New-Year.jpeg\" \/>\n\t<meta property=\"og:image:width\" content=\"1600\" \/>\n\t<meta property=\"og:image:height\" content=\"1200\" \/>\n\t<meta property=\"og:image:type\" content=\"image\/jpeg\" \/>\n<meta name=\"twitter:card\" content=\"summary_large_image\" \/>\n<meta name=\"twitter:site\" content=\"@Wintercyclone\" \/>\n<meta name=\"twitter:label1\" content=\"Est. reading time\" \/>\n\t<meta name=\"twitter:data1\" content=\"1 minute\" \/>\n<script type=\"application\/ld+json\" class=\"yoast-schema-graph\">{\"@context\":\"https:\\\/\\\/schema.org\",\"@graph\":[{\"@type\":\"WebPage\",\"@id\":\"https:\\\/\\\/mountainguides.pro\\\/ar\\\/tours\\\/adventure\\\/tour-to-morocco-for-new-year\\\/\",\"url\":\"https:\\\/\\\/mountainguides.pro\\\/ar\\\/tours\\\/adventure\\\/tour-to-morocco-for-new-year\\\/\",\"name\":\"Adventure Morocco for New Year\",\"isPartOf\":{\"@id\":\"https:\\\/\\\/mountainguides.pro\\\/#website\"},\"primaryImageOfPage\":{\"@id\":\"https:\\\/\\\/mountainguides.pro\\\/ar\\\/tours\\\/adventure\\\/tour-to-morocco-for-new-year\\\/#primaryimage\"},\"image\":{\"@id\":\"https:\\\/\\\/mountainguides.pro\\\/ar\\\/tours\\\/adventure\\\/tour-to-morocco-for-new-year\\\/#primaryimage\"},\"thumbnailUrl\":\"https:\\\/\\\/mountainguides.pro\\\/wp-content\\\/uploads\\\/2023\\\/11\\\/Marocco-New-Year.jpeg\",\"datePublished\":\"2023-11-02T08:16:25+00:00\",\"dateModified\":\"2026-02-02T09:01:53+00:00\",\"breadcrumb\":{\"@id\":\"https:\\\/\\\/mountainguides.pro\\\/ar\\\/tours\\\/adventure\\\/tour-to-morocco-for-new-year\\\/#breadcrumb\"},\"inLanguage\":\"ko\",\"potentialAction\":[{\"@type\":\"ReadAction\",\"target\":[\"https:\\\/\\\/mountainguides.pro\\\/ar\\\/tours\\\/adventure\\\/tour-to-morocco-for-new-year\\\/\"]}]},{\"@type\":\"ImageObject\",\"inLanguage\":\"ko\",\"@id\":\"https:\\\/\\\/mountainguides.pro\\\/ar\\\/tours\\\/adventure\\\/tour-to-morocco-for-new-year\\\/#primaryimage\",\"url\":\"https:\\\/\\\/mountainguides.pro\\\/wp-content\\\/uploads\\\/2023\\\/11\\\/Marocco-New-Year.jpeg\",\"contentUrl\":\"https:\\\/\\\/mountainguides.pro\\\/wp-content\\\/uploads\\\/2023\\\/11\\\/Marocco-New-Year.jpeg\",\"width\":1600,\"height\":1200},{\"@type\":\"BreadcrumbList\",\"@id\":\"https:\\\/\\\/mountainguides.pro\\\/ar\\\/tours\\\/adventure\\\/tour-to-morocco-for-new-year\\\/#breadcrumb\",\"itemListElement\":[{\"@type\":\"ListItem\",\"position\":1,\"name\":\"Home\",\"item\":\"https:\\\/\\\/mountainguides.pro\\\/de\\\/\"},{\"@type\":\"ListItem\",\"position\":2,\"name\":\"\u062c\u0648\u0644\u0629 \u0627\u0644\u0645\u063a\u0631\u0628: \u0642\u0644\u0628 \u0634\u0645\u0627\u0644 \u0623\u0641\u0631\u064a\u0642\u064a\u0627\"}]},{\"@type\":\"WebSite\",\"@id\":\"https:\\\/\\\/mountainguides.pro\\\/#website\",\"url\":\"https:\\\/\\\/mountainguides.pro\\\/\",\"name\":\"Mountain Guide\",\"description\":\"We aspire to be the first in everything!\",\"publisher\":{\"@id\":\"https:\\\/\\\/mountainguides.pro\\\/#organization\"},\"potentialAction\":[{\"@type\":\"SearchAction\",\"target\":{\"@type\":\"EntryPoint\",\"urlTemplate\":\"https:\\\/\\\/mountainguides.pro\\\/?s={search_term_string}\"},\"query-input\":{\"@type\":\"PropertyValueSpecification\",\"valueRequired\":true,\"valueName\":\"search_term_string\"}}],\"inLanguage\":\"ko\"},{\"@type\":\"Organization\",\"@id\":\"https:\\\/\\\/mountainguides.pro\\\/#organization\",\"name\":\"Mountain Guide\",\"url\":\"https:\\\/\\\/mountainguides.pro\\\/\",\"logo\":{\"@type\":\"ImageObject\",\"inLanguage\":\"ko\",\"@id\":\"https:\\\/\\\/mountainguides.pro\\\/#\\\/schema\\\/logo\\\/image\\\/\",\"url\":\"https:\\\/\\\/mountainguides.pro\\\/wp-content\\\/uploads\\\/2018\\\/01\\\/mglogo.jpg\",\"contentUrl\":\"https:\\\/\\\/mountainguides.pro\\\/wp-content\\\/uploads\\\/2018\\\/01\\\/mglogo.jpg\",\"width\":1200,\"height\":630,\"caption\":\"Mountain Guide\"},\"image\":{\"@id\":\"https:\\\/\\\/mountainguides.pro\\\/#\\\/schema\\\/logo\\\/image\\\/\"},\"sameAs\":[\"https:\\\/\\\/www.facebook.com\\\/Mountainguide-232956566756831\\\/\",\"https:\\\/\\\/x.com\\\/Wintercyclone\",\"http:\\\/\\\/instagram.com\\\/mountainguide\",\"http:\\\/\\\/www.youtube.com\\\/mountainguide\"]}]}<\/script>\n<!-- \/ Yoast SEO Premium plugin. -->","yoast_head_json":{"title":"Adventure Morocco for New Year","robots":{"index":"index","follow":"follow","max-snippet":"max-snippet:-1","max-image-preview":"max-image-preview:large","max-video-preview":"max-video-preview:-1"},"canonical":"https:\/\/mountainguides.pro\/ko\/tours\/adventure\/tour-to-morocco-for-new-year\/","og_locale":"en_US","og_type":"article","og_title":"[:en]Tour to Morocco for New Year[:de]Marokko-Tour: Das Herz Nordafrikas[:es]Tour por Marruecos: el coraz\u00f3n del Norte de \u00c1frica[:pt]Marrocos: o cora\u00e7\u00e3o do Norte da \u00c1frica[:zh]\u6469\u6d1b\u54e5\u4e4b\u65c5\uff1a\u5317\u975e\u7684\u4e2d\u5fc3[:ko]\ubaa8\ub85c\ucf54 \ud22c\uc5b4:\ubd81\uc544\ud504\ub9ac\uce74\uc758 \uc2ec\uc7a5[:ja]\u30e2\u30ed\u30c3\u30b3\u30c4\u30a2\u30fc\uff1a\u5317\u30a2\u30d5\u30ea\u30ab\u306e\u4e2d\u5fc3[:hi]\u092e\u094b\u0930\u0915\u094d\u0915\u094b \u091f\u0942\u0930: \u0909\u0924\u094d\u0924\u0930\u0940 \u0905\u092b\u094d\u0930\u0940\u0915\u093e \u0915\u093e \u0926\u093f\u0932[:ar]\u062c\u0648\u0644\u0629 \u0627\u0644\u0645\u063a\u0631\u0628: \u0642\u0644\u0628 \u0634\u0645\u0627\u0644 \u0623\u0641\u0631\u064a\u0642\u064a\u0627[:]","og_description":"\uc544\uac00\ud30c\uc774 \uc0ac\ub9c9\uc758 \ubca0\ub974\ubca0\ub974 \ub4dc\ub7fc \uc18c\ub9ac \uc544\ub798, \ub7ed\uc154\ub9ac \ud150\ud2b8\uc5d0\uc11c \uc0c8\ud574\ub97c \ub9de\uc774\ud569\ub2c8\ub2e4  \uc624\ucee4 \uc0c9\uc758 \uac70\ub300\ud55c \uc544\uce58\ub4e4\uc774 \ubc14\ub2e4\ub85c \uc774\uc5b4\uc9c0\ub294 \ub808\uadf8\uc9c0\ub77c \ud574\ubcc0 \u2013 \uc544\ud504\ub9ac\uce74\uc758 \uc9c4\uc815\ud55c \ubcf4\uc11d  \uce74\uc0ac\ube14\ub791\uce74, \ub9c8\ub77c\ucf00\uc2dc, \uc5d0\uc0ac\uc6b0\uc774\ub77c, \ub77c\ubc14\ud2b8, \ud0d5\ud5e4\ub974, \ud398\uc2a4, \uc170\ud504\uc0e4\uc6b0\uc5d4 \u2013 \uc54c\ucc2c \uc77c\uc815  \ub3c4\uc2dc\uc5d0\uc11c\ub294 \uc77c\ubc18 \ud638\ud154\uc774 \uc544\ub2cc \ub7ed\uc154\ub9ac \ub9ac\uc544\ub4dc\uc5d0\uc11c \uc219\ubc15  \uc5ec\ud589 \uae30\uac04 \ub3d9\uc548 \ud55c\uad6d\uc5b4\uac00 \uc544\ub2cc \ub7ec\uc2dc\uc544\uc5b4\ub97c \uad6c\uc0ac\ud558\ub294 \uac00\uc774\ub4dc \ub3d9\ud589  \uac00\uc7a5 \ud765\ubbf8\ub85c\uc6b4 \uc7a5\uc18c\uc5d0\uc11c \ud604\uc9c0\uc778\uc774 \uc9c4\ud589\ud558\ub294 \ud22c\uc5b4  *\uc8fc\uc758: \ub2f9\uc0ac\ub294 \ud56d\uacf5\uad8c \uad6c\ub9e4\u00b7\ud310\ub9e4 \ubc0f \ube44\uc790 \ubc1c\uae09 \uc5c5\ubb34\ub97c \ud558\uc9c0 \uc54a\uc73c\uba70, \ud56d\uacf5\ud3b8 \ubc0f \uad6d\uacbd \ud1b5\uacfc\uc640 \uad00\ub828\ub41c \ubd88\uac00\ud56d\ub825 \uc0c1\ud669\uc5d0 \ub300\ud574 \ucc45\uc784\uc9c0\uc9c0 \uc54a\uc2b5\ub2c8\ub2e4. \uc544\ud504\ub9ac\uce74\uc5d0\uc11c\ub294 \uc791\uc740 \uae08\uc561, \ub0a1\uc740 \uc9c0\ud3d0, 2009\ub144 \uc774\uc804 \ubc1c\ud589\ub41c \ubbf8\uad6d \ub2ec\ub7ec \uc9c0\ud3d0\uc758 \ud658\uc804\uc774 \uc5b4\ub835\uc2b5\ub2c8\ub2e4. \uc77c\ubd80 \uc9c0\uc5ed\uc5d0\uc11c\ub294 \ucd94\uac00 \uc218\uc218\ub8cc\uac00 \ubc1c\uc0dd\ud560 \uc218 \uc788\uc73c\uba70, \uc5b4\ub5a4 \uacf3\uc5d0\uc11c\ub294 \ud658\uc804\uc744 \uac70\ubd80\ud558\uae30\ub3c4 \ud569\ub2c8\ub2e4.","og_url":"https:\/\/mountainguides.pro\/ko\/tours\/adventure\/tour-to-morocco-for-new-year\/","og_site_name":"Mountain Guide","article_publisher":"https:\/\/www.facebook.com\/Mountainguide-232956566756831\/","article_modified_time":"2026-02-02T09:01:53+00:00","og_image":[{"width":1600,"height":1200,"url":"https:\/\/mountainguides.pro\/wp-content\/uploads\/2023\/11\/Marocco-New-Year.jpeg","type":"image\/jpeg"}],"twitter_card":"summary_large_image","twitter_site":"@Wintercyclone","twitter_misc":{"Est. reading time":"1 minute"},"schema":{"@context":"https:\/\/schema.org","@graph":[{"@type":"WebPage","@id":"https:\/\/mountainguides.pro\/ar\/tours\/adventure\/tour-to-morocco-for-new-year\/","url":"https:\/\/mountainguides.pro\/ar\/tours\/adventure\/tour-to-morocco-for-new-year\/","name":"Adventure Morocco for New Year","isPartOf":{"@id":"https:\/\/mountainguides.pro\/#website"},"primaryImageOfPage":{"@id":"https:\/\/mountainguides.pro\/ar\/tours\/adventure\/tour-to-morocco-for-new-year\/#primaryimage"},"image":{"@id":"https:\/\/mountainguides.pro\/ar\/tours\/adventure\/tour-to-morocco-for-new-year\/#primaryimage"},"thumbnailUrl":"https:\/\/mountainguides.pro\/wp-content\/uploads\/2023\/11\/Marocco-New-Year.jpeg","datePublished":"2023-11-02T08:16:25+00:00","dateModified":"2026-02-02T09:01:53+00:00","breadcrumb":{"@id":"https:\/\/mountainguides.pro\/ar\/tours\/adventure\/tour-to-morocco-for-new-year\/#breadcrumb"},"inLanguage":"ko","potentialAction":[{"@type":"ReadAction","target":["https:\/\/mountainguides.pro\/ar\/tours\/adventure\/tour-to-morocco-for-new-year\/"]}]},{"@type":"ImageObject","inLanguage":"ko","@id":"https:\/\/mountainguides.pro\/ar\/tours\/adventure\/tour-to-morocco-for-new-year\/#primaryimage","url":"https:\/\/mountainguides.pro\/wp-content\/uploads\/2023\/11\/Marocco-New-Year.jpeg","contentUrl":"https:\/\/mountainguides.pro\/wp-content\/uploads\/2023\/11\/Marocco-New-Year.jpeg","width":1600,"height":1200},{"@type":"BreadcrumbList","@id":"https:\/\/mountainguides.pro\/ar\/tours\/adventure\/tour-to-morocco-for-new-year\/#breadcrumb","itemListElement":[{"@type":"ListItem","position":1,"name":"Home","item":"https:\/\/mountainguides.pro\/de\/"},{"@type":"ListItem","position":2,"name":"\u062c\u0648\u0644\u0629 \u0627\u0644\u0645\u063a\u0631\u0628: \u0642\u0644\u0628 \u0634\u0645\u0627\u0644 \u0623\u0641\u0631\u064a\u0642\u064a\u0627"}]},{"@type":"WebSite","@id":"https:\/\/mountainguides.pro\/#website","url":"https:\/\/mountainguides.pro\/","name":"Mountain Guide","description":"We aspire to be the first in everything!","publisher":{"@id":"https:\/\/mountainguides.pro\/#organization"},"potentialAction":[{"@type":"SearchAction","target":{"@type":"EntryPoint","urlTemplate":"https:\/\/mountainguides.pro\/?s={search_term_string}"},"query-input":{"@type":"PropertyValueSpecification","valueRequired":true,"valueName":"search_term_string"}}],"inLanguage":"ko"},{"@type":"Organization","@id":"https:\/\/mountainguides.pro\/#organization","name":"Mountain Guide","url":"https:\/\/mountainguides.pro\/","logo":{"@type":"ImageObject","inLanguage":"ko","@id":"https:\/\/mountainguides.pro\/#\/schema\/logo\/image\/","url":"https:\/\/mountainguides.pro\/wp-content\/uploads\/2018\/01\/mglogo.jpg","contentUrl":"https:\/\/mountainguides.pro\/wp-content\/uploads\/2018\/01\/mglogo.jpg","width":1200,"height":630,"caption":"Mountain Guide"},"image":{"@id":"https:\/\/mountainguides.pro\/#\/schema\/logo\/image\/"},"sameAs":["https:\/\/www.facebook.com\/Mountainguide-232956566756831\/","https:\/\/x.com\/Wintercyclone","http:\/\/instagram.com\/mountainguide","http:\/\/www.youtube.com\/mountainguide"]}]}},"_links":{"self":[{"href":"https:\/\/mountainguides.pro\/ko\/wp-json\/wp\/v2\/product\/19774","targetHints":{"allow":["GET"]}}],"collection":[{"href":"https:\/\/mountainguides.pro\/ko\/wp-json\/wp\/v2\/product"}],"about":[{"href":"https:\/\/mountainguides.pro\/ko\/wp-json\/wp\/v2\/types\/product"}],"replies":[{"embeddable":true,"href":"https:\/\/mountainguides.pro\/ko\/wp-json\/wp\/v2\/comments?post=19774"}],"version-history":[{"count":11,"href":"https:\/\/mountainguides.pro\/ko\/wp-json\/wp\/v2\/product\/19774\/revisions"}],"predecessor-version":[{"id":32693,"href":"https:\/\/mountainguides.pro\/ko\/wp-json\/wp\/v2\/product\/19774\/revisions\/32693"}],"wp:featuredmedia":[{"embeddable":true,"href":"https:\/\/mountainguides.pro\/ko\/wp-json\/wp\/v2\/media\/19775"}],"wp:attachment":[{"href":"https:\/\/mountainguides.pro\/ko\/wp-json\/wp\/v2\/media?parent=19774"}],"wp:term":[{"taxonomy":"product_cat","embeddable":true,"href":"https:\/\/mountainguides.pro\/ko\/wp-json\/wp\/v2\/product_cat?post=19774"},{"taxonomy":"product_tag","embeddable":true,"href":"https:\/\/mountainguides.pro\/ko\/wp-json\/wp\/v2\/product_tag?post=19774"}],"curies":[{"name":"wp","href":"https:\/\/api.w.org\/{rel}","templated":true}]}}