{"id":19788,"date":"2023-11-02T12:23:49","date_gmt":"2023-11-02T09:23:49","guid":{"rendered":"https:\/\/mountainguides.pro\/?post_type=product&#038;p=19788"},"modified":"2026-01-29T16:25:01","modified_gmt":"2026-01-29T13:25:01","slug":"brazil-amazon","status":"publish","type":"product","link":"https:\/\/mountainguides.pro\/ko\/tours\/adventure\/brazil-amazon\/","title":{"rendered":"\uc544\ub9c8\uc874 \ud22c\uc5b4:\ube0c\ub77c\uc9c8,\ubca0\ub124\uc218\uc5d8\ub77c,\ud30c\ub098\ub9c8"},"content":{"rendered":"","protected":false},"excerpt":{"rendered":"<ul>\n<li class=\"p1\">\ube0c\ub77c\uc9c8, \ubca0\ub124\uc218\uc5d8\ub77c, \ud30c\ub098\ub9c8 \u2014 \ub2e8 \ud55c \ubc88\uc758 \uc5ec\ud589\uc5d0\uc11c \ub9cc\ub098\ub294 \uc138 \ub098\ub77c<\/li>\n<li class=\"p1\">\ub85c\ub77c\uc774\ub9c8 \ud2b8\ub808\ud0b9 \u2013 \u2018\uc783\uc5b4\ubc84\ub9b0 \uc138\uacc4\u2019\uc758 \uc7a5\uc5c4\ud55c \ud48d\uacbd<\/li>\n<li class=\"p1\">\uc678\ub534 \uc5f4\ub300 \ud574\ubcc0\uc5d0\uc11c\uc758 \ud734\uc2dd\uacfc \uc190\ub300\uc9c0 \uc54a\uc740 \uc790\uc5f0 \ud0d0\ud5d8<\/li>\n<li class=\"p1\">\uce74\ub77c\uc774\ube0c \ud574\uc758 \ubcf4\uce74\uc2a4 \ub378 \ud1a0\ub85c \uad70\ub3c4 \ud0d0\ud5d8, \ub808\ub4dc \ud504\ub85d \uc544\uc77c\ub79c\ub4dc \ubc29\ubb38 \ud3ec\ud568<\/li>\n<li class=\"p1\">\uc138\uacc4\uc5d0\uc11c \uac00\uc7a5 \ub192\uc740 \ud3ed\ud3ec, \uc548\ud5ec \ud3ed\ud3ec\ub85c\uc758 \uc5ec\ud589<\/li>\n<\/ul>\n<p class=\"p1\"><strong>**\ub2f9\uc0ac\ub294 \ud56d\uacf5\uad8c \uad6c\ub9e4\u00b7\ud310\ub9e4 \ubc0f \ube44\uc790 \ubc1c\uae09\uc744 \uc218\ud589\ud558\uc9c0 \uc54a\uc73c\uba70, \ud56d\uacf5\ud3b8 \uc9c0\uc5f0, \ucde8\uc18c, \uad6d\uacbd \ud1b5\uacfc \ub4f1\uacfc \uad00\ub828\ub41c \ubd88\uac00\ud56d\ub825 \uc0c1\ud669\uc5d0 \ub300\ud55c \ucc45\uc784\uc744 \uc9c0\uc9c0 \uc54a\uc2b5\ub2c8\ub2e4.<\/strong><\/p>\n<p class=\"p1\"><strong>\uc911\uc694 \uc815\ubcf4:<\/strong><\/p>\n<ul>\n<li class=\"p1\">\uccb4\ud06c\uc778 \ubc0f \uccb4\ud06c\uc544\uc6c3 \uc2dc\uac04\uc740 \ud638\ud154 \uaddc\uc815\uc5d0 \ub530\ub985\ub2c8\ub2e4: \uccb4\ud06c\uc778\uc740 \uc624\ud6c4 3\uc2dc\ubd80\ud130, \uccb4\ud06c\uc544\uc6c3\uc740 \uc624\uc804 11~12\uc2dc\uae4c\uc9c0\uc785\ub2c8\ub2e4. \uc218\ud558\ubb3c\uc740 \ud638\ud154 \ub9ac\uc149\uc158\uc5d0 \ub9e1\uae30\uace0 \ub3c4\uc2dc\ub97c \uc790\uc720\ub86d\uac8c \ub458\ub7ec\ubcf4\uc2e4 \uc218 \uc788\uc73c\uba70, \uac00\ub2a5\ud560 \uacbd\uc6b0 \ucd94\uac00 \uc694\uae08\uc73c\ub85c \uc774\ub978 \uccb4\ud06c\uc778\/\ub2a6\uc740 \uccb4\ud06c\uc544\uc6c3\uc774 \uac00\ub2a5\ud569\ub2c8\ub2e4.<\/li>\n<li class=\"p1\">\uc774 \uc5ec\ud589\uc740 \ud0d0\ud5d8 \ud615\ud0dc\ub97c \ub760\uace0 \uc788\uc73c\uba70, \ud604\uc9c0 \ubd80\uc871 \ubc0f \uacf5\ub3d9\uccb4\uc640\uc758 \uc0c1\ud638\uc791\uc6a9, \uadf8\ub9ac\uace0 \ud2b9\uc815\ud55c \uae30\uc0c1 \uc870\uac74\uc5d0 \ub530\ub77c \uc77c\uc815\uc774 \uc601\ud5a5\uc744 \ubc1b\uc744 \uc218 \uc788\uc2b5\ub2c8\ub2e4. \uc800\ud76c\ub294 \uacc4\ud68d\ub41c \uc77c\uc815\uc5d0 \ucd5c\ub300\ud55c \ub9de\ucd94\uae30 \uc704\ud574 \ub178\ub825\ud558\ub098, \ud1b5\uc81c\ud560 \uc218 \uc5c6\ub294 \uc0ac\uc815\uc73c\ub85c \uc778\ud574 \uc77c\uc815 \ubcc0\uacbd\uc774 \ubc1c\uc0dd\ud560 \uc218 \uc788\uc2b5\ub2c8\ub2e4.<\/li>\n<\/ul>\n","protected":false},"featured_media":19789,"comment_status":"closed","ping_status":"closed","template":"","meta":{"_acf_changed":false,"footnotes":""},"product_cat":[337],"product_tag":[],"class_list":{"0":"post-19788","1":"product","2":"type-product","3":"status-publish","4":"has-post-thumbnail","6":"product_cat-adventure","8":"first","9":"instock","10":"shipping-taxable","11":"product-type-simple"},"acf":[],"yoast_head":"<!-- This site is optimized with the Yoast SEO Premium plugin v26.5 (Yoast SEO v27.3) - https:\/\/yoast.com\/product\/yoast-seo-premium-wordpress\/ -->\n<title>Adventure Brazil Amazon<\/title>\n<meta name=\"robots\" content=\"index, follow, max-snippet:-1, max-image-preview:large, max-video-preview:-1\" \/>\n<link rel=\"canonical\" href=\"https:\/\/mountainguides.pro\/ko\/tours\/adventure\/brazil-amazon\/\" \/>\n<meta property=\"og:locale\" content=\"en_US\" \/>\n<meta property=\"og:locale:alternate\" content=\"en_US\" \/>\n<meta property=\"og:locale:alternate\" content=\"ru_RU\" \/>\n<meta property=\"og:locale:alternate\" content=\"de\" \/>\n<meta property=\"og:locale:alternate\" content=\"es\" \/>\n<meta property=\"og:locale:alternate\" content=\"pt\" \/>\n<meta property=\"og:locale:alternate\" content=\"zh\" \/>\n<meta property=\"og:locale:alternate\" content=\"ja\" \/>\n<meta property=\"og:locale:alternate\" content=\"hi\" \/>\n<meta property=\"og:locale:alternate\" content=\"ar\" \/>\n<meta property=\"og:type\" content=\"article\" \/>\n<meta property=\"og:title\" content=\"\uc544\ub9c8\uc874 \ud22c\uc5b4:\ube0c\ub77c\uc9c8,\ubca0\ub124\uc218\uc5d8\ub77c,\ud30c\ub098\ub9c8\" \/>\n<meta property=\"og:description\" content=\"\ube0c\ub77c\uc9c8, \ubca0\ub124\uc218\uc5d8\ub77c, \ud30c\ub098\ub9c8 \u2014 \ub2e8 \ud55c \ubc88\uc758 \uc5ec\ud589\uc5d0\uc11c \ub9cc\ub098\ub294 \uc138 \ub098\ub77c  \ub85c\ub77c\uc774\ub9c8 \ud2b8\ub808\ud0b9 \u2013 \u2018\uc783\uc5b4\ubc84\ub9b0 \uc138\uacc4\u2019\uc758 \uc7a5\uc5c4\ud55c \ud48d\uacbd  \uc678\ub534 \uc5f4\ub300 \ud574\ubcc0\uc5d0\uc11c\uc758 \ud734\uc2dd\uacfc \uc190\ub300\uc9c0 \uc54a\uc740 \uc790\uc5f0 \ud0d0\ud5d8  \uce74\ub77c\uc774\ube0c \ud574\uc758 \ubcf4\uce74\uc2a4 \ub378 \ud1a0\ub85c \uad70\ub3c4 \ud0d0\ud5d8, \ub808\ub4dc \ud504\ub85d \uc544\uc77c\ub79c\ub4dc \ubc29\ubb38 \ud3ec\ud568  \uc138\uacc4\uc5d0\uc11c \uac00\uc7a5 \ub192\uc740 \ud3ed\ud3ec, \uc548\ud5ec \ud3ed\ud3ec\ub85c\uc758 \uc5ec\ud589  **\ub2f9\uc0ac\ub294 \ud56d\uacf5\uad8c \uad6c\ub9e4\u00b7\ud310\ub9e4 \ubc0f \ube44\uc790 \ubc1c\uae09\uc744 \uc218\ud589\ud558\uc9c0 \uc54a\uc73c\uba70, \ud56d\uacf5\ud3b8 \uc9c0\uc5f0, \ucde8\uc18c, \uad6d\uacbd \ud1b5\uacfc \ub4f1\uacfc \uad00\ub828\ub41c \ubd88\uac00\ud56d\ub825 \uc0c1\ud669\uc5d0 \ub300\ud55c \ucc45\uc784\uc744 \uc9c0\uc9c0 \uc54a\uc2b5\ub2c8\ub2e4. \uc911\uc694 \uc815\ubcf4:    \uccb4\ud06c\uc778 \ubc0f \uccb4\ud06c\uc544\uc6c3 \uc2dc\uac04\uc740 \ud638\ud154 \uaddc\uc815\uc5d0 \ub530\ub985\ub2c8\ub2e4: \uccb4\ud06c\uc778\uc740 \uc624\ud6c4 3\uc2dc\ubd80\ud130, \uccb4\ud06c\uc544\uc6c3\uc740 \uc624\uc804 11~12\uc2dc\uae4c\uc9c0\uc785\ub2c8\ub2e4. \uc218\ud558\ubb3c\uc740 \ud638\ud154 \ub9ac\uc149\uc158\uc5d0 \ub9e1\uae30\uace0 \ub3c4\uc2dc\ub97c \uc790\uc720\ub86d\uac8c \ub458\ub7ec\ubcf4\uc2e4 \uc218 \uc788\uc73c\uba70, \uac00\ub2a5\ud560 \uacbd\uc6b0 \ucd94\uac00 \uc694\uae08\uc73c\ub85c \uc774\ub978 \uccb4\ud06c\uc778\/\ub2a6\uc740 \uccb4\ud06c\uc544\uc6c3\uc774 \uac00\ub2a5\ud569\ub2c8\ub2e4.  \uc774 \uc5ec\ud589\uc740 \ud0d0\ud5d8 \ud615\ud0dc\ub97c \ub760\uace0 \uc788\uc73c\uba70, \ud604\uc9c0 \ubd80\uc871 \ubc0f \uacf5\ub3d9\uccb4\uc640\uc758 \uc0c1\ud638\uc791\uc6a9, \uadf8\ub9ac\uace0 \ud2b9\uc815\ud55c \uae30\uc0c1 \uc870\uac74\uc5d0 \ub530\ub77c \uc77c\uc815\uc774 \uc601\ud5a5\uc744 \ubc1b\uc744 \uc218 \uc788\uc2b5\ub2c8\ub2e4. \uc800\ud76c\ub294 \uacc4\ud68d\ub41c \uc77c\uc815\uc5d0 \ucd5c\ub300\ud55c \ub9de\ucd94\uae30 \uc704\ud574 \ub178\ub825\ud558\ub098, \ud1b5\uc81c\ud560 \uc218 \uc5c6\ub294 \uc0ac\uc815\uc73c\ub85c \uc778\ud574 \uc77c\uc815 \ubcc0\uacbd\uc774 \ubc1c\uc0dd\ud560 \uc218 \uc788\uc2b5\ub2c8\ub2e4.\" \/>\n<meta property=\"og:url\" content=\"https:\/\/mountainguides.pro\/ko\/tours\/adventure\/brazil-amazon\/\" \/>\n<meta property=\"og:site_name\" content=\"Mountain Guide\" \/>\n<meta property=\"article:publisher\" content=\"https:\/\/www.facebook.com\/Mountainguide-232956566756831\/\" \/>\n<meta property=\"article:modified_time\" content=\"2026-01-29T13:25:01+00:00\" \/>\n<meta property=\"og:image\" content=\"https:\/\/mountainguides.pro\/wp-content\/uploads\/2023\/11\/Brazil-Amazon.webp\" \/>\n\t<meta property=\"og:image:width\" content=\"1335\" \/>\n\t<meta property=\"og:image:height\" content=\"1780\" \/>\n\t<meta property=\"og:image:type\" content=\"image\/webp\" \/>\n<meta name=\"twitter:card\" content=\"summary_large_image\" \/>\n<meta name=\"twitter:site\" content=\"@Wintercyclone\" \/>\n<meta name=\"twitter:label1\" content=\"Est. reading time\" \/>\n\t<meta name=\"twitter:data1\" content=\"1 minute\" \/>\n<script type=\"application\/ld+json\" class=\"yoast-schema-graph\">{\"@context\":\"https:\\\/\\\/schema.org\",\"@graph\":[{\"@type\":\"WebPage\",\"@id\":\"https:\\\/\\\/mountainguides.pro\\\/ar\\\/tours\\\/adventure\\\/brazil-amazon\\\/\",\"url\":\"https:\\\/\\\/mountainguides.pro\\\/ar\\\/tours\\\/adventure\\\/brazil-amazon\\\/\",\"name\":\"Adventure Brazil Amazon\",\"isPartOf\":{\"@id\":\"https:\\\/\\\/mountainguides.pro\\\/#website\"},\"primaryImageOfPage\":{\"@id\":\"https:\\\/\\\/mountainguides.pro\\\/ar\\\/tours\\\/adventure\\\/brazil-amazon\\\/#primaryimage\"},\"image\":{\"@id\":\"https:\\\/\\\/mountainguides.pro\\\/ar\\\/tours\\\/adventure\\\/brazil-amazon\\\/#primaryimage\"},\"thumbnailUrl\":\"https:\\\/\\\/mountainguides.pro\\\/wp-content\\\/uploads\\\/2023\\\/11\\\/Brazil-Amazon.webp\",\"datePublished\":\"2023-11-02T09:23:49+00:00\",\"dateModified\":\"2026-01-29T13:25:01+00:00\",\"breadcrumb\":{\"@id\":\"https:\\\/\\\/mountainguides.pro\\\/ar\\\/tours\\\/adventure\\\/brazil-amazon\\\/#breadcrumb\"},\"inLanguage\":\"ko\",\"potentialAction\":[{\"@type\":\"ReadAction\",\"target\":[\"https:\\\/\\\/mountainguides.pro\\\/ar\\\/tours\\\/adventure\\\/brazil-amazon\\\/\"]}]},{\"@type\":\"ImageObject\",\"inLanguage\":\"ko\",\"@id\":\"https:\\\/\\\/mountainguides.pro\\\/ar\\\/tours\\\/adventure\\\/brazil-amazon\\\/#primaryimage\",\"url\":\"https:\\\/\\\/mountainguides.pro\\\/wp-content\\\/uploads\\\/2023\\\/11\\\/Brazil-Amazon.webp\",\"contentUrl\":\"https:\\\/\\\/mountainguides.pro\\\/wp-content\\\/uploads\\\/2023\\\/11\\\/Brazil-Amazon.webp\",\"width\":1335,\"height\":1780},{\"@type\":\"BreadcrumbList\",\"@id\":\"https:\\\/\\\/mountainguides.pro\\\/ar\\\/tours\\\/adventure\\\/brazil-amazon\\\/#breadcrumb\",\"itemListElement\":[{\"@type\":\"ListItem\",\"position\":1,\"name\":\"Home\",\"item\":\"https:\\\/\\\/mountainguides.pro\\\/de\\\/\"},{\"@type\":\"ListItem\",\"position\":2,\"name\":\"\u062c\u0648\u0644\u0629 \u0627\u0644\u0623\u0645\u0627\u0632\u0648\u0646: \u0627\u0644\u0628\u0631\u0627\u0632\u064a\u0644 \u0648\u0641\u0646\u0632\u0648\u064a\u0644\u0627 \u0648\u0628\u0646\u0645\u0627\"}]},{\"@type\":\"WebSite\",\"@id\":\"https:\\\/\\\/mountainguides.pro\\\/#website\",\"url\":\"https:\\\/\\\/mountainguides.pro\\\/\",\"name\":\"Mountain Guide\",\"description\":\"We aspire to be the first in everything!\",\"publisher\":{\"@id\":\"https:\\\/\\\/mountainguides.pro\\\/#organization\"},\"potentialAction\":[{\"@type\":\"SearchAction\",\"target\":{\"@type\":\"EntryPoint\",\"urlTemplate\":\"https:\\\/\\\/mountainguides.pro\\\/?s={search_term_string}\"},\"query-input\":{\"@type\":\"PropertyValueSpecification\",\"valueRequired\":true,\"valueName\":\"search_term_string\"}}],\"inLanguage\":\"ko\"},{\"@type\":\"Organization\",\"@id\":\"https:\\\/\\\/mountainguides.pro\\\/#organization\",\"name\":\"Mountain Guide\",\"url\":\"https:\\\/\\\/mountainguides.pro\\\/\",\"logo\":{\"@type\":\"ImageObject\",\"inLanguage\":\"ko\",\"@id\":\"https:\\\/\\\/mountainguides.pro\\\/#\\\/schema\\\/logo\\\/image\\\/\",\"url\":\"https:\\\/\\\/mountainguides.pro\\\/wp-content\\\/uploads\\\/2018\\\/01\\\/mglogo.jpg\",\"contentUrl\":\"https:\\\/\\\/mountainguides.pro\\\/wp-content\\\/uploads\\\/2018\\\/01\\\/mglogo.jpg\",\"width\":1200,\"height\":630,\"caption\":\"Mountain Guide\"},\"image\":{\"@id\":\"https:\\\/\\\/mountainguides.pro\\\/#\\\/schema\\\/logo\\\/image\\\/\"},\"sameAs\":[\"https:\\\/\\\/www.facebook.com\\\/Mountainguide-232956566756831\\\/\",\"https:\\\/\\\/x.com\\\/Wintercyclone\",\"http:\\\/\\\/instagram.com\\\/mountainguide\",\"http:\\\/\\\/www.youtube.com\\\/mountainguide\"]}]}<\/script>\n<!-- \/ Yoast SEO Premium plugin. -->","yoast_head_json":{"title":"Adventure Brazil Amazon","robots":{"index":"index","follow":"follow","max-snippet":"max-snippet:-1","max-image-preview":"max-image-preview:large","max-video-preview":"max-video-preview:-1"},"canonical":"https:\/\/mountainguides.pro\/ko\/tours\/adventure\/brazil-amazon\/","og_locale":"en_US","og_type":"article","og_title":"[:en]Brazil: Amazon[:de]Tour zum Amazonas: Brasilien, Venezuela, Panama[:es]Viaje al Amazonas: Brasil, Venezuela, Panam\u00e1[:pt]Viagem \u00e0 Amaz\u00f4nia: Brasil, Venezuela, Panam\u00e1[:zh]\u4e9a\u9a6c\u900a\u4e4b\u65c5\uff1a\u5df4\u897f\u3001\u59d4\u5185\u745e\u62c9\u3001\u5df4\u62ff\u9a6c[:ko]\uc544\ub9c8\uc874 \ud22c\uc5b4:\ube0c\ub77c\uc9c8,\ubca0\ub124\uc218\uc5d8\ub77c,\ud30c\ub098\ub9c8[:ja]\u30a2\u30de\u30be\u30f3\u30c4\u30a2\u30fc\uff1a\u30d6\u30e9\u30b8\u30eb\u3001\u30d9\u30cd\u30ba\u30a8\u30e9\u3001\u30d1\u30ca\u30de[:hi]\u0905\u092e\u0947\u091c\u093c\u0945\u0928 \u091f\u0942\u0930: \u092c\u094d\u0930\u093e\u091c\u0940\u0932, \u0935\u0947\u0928\u0947\u091c\u0941\u090f\u0932\u093e, \u092a\u0928\u093e\u092e\u093e[:ar]\u062c\u0648\u0644\u0629 \u0627\u0644\u0623\u0645\u0627\u0632\u0648\u0646: \u0627\u0644\u0628\u0631\u0627\u0632\u064a\u0644 \u0648\u0641\u0646\u0632\u0648\u064a\u0644\u0627 \u0648\u0628\u0646\u0645\u0627[:]","og_description":"\ube0c\ub77c\uc9c8, \ubca0\ub124\uc218\uc5d8\ub77c, \ud30c\ub098\ub9c8 \u2014 \ub2e8 \ud55c \ubc88\uc758 \uc5ec\ud589\uc5d0\uc11c \ub9cc\ub098\ub294 \uc138 \ub098\ub77c  \ub85c\ub77c\uc774\ub9c8 \ud2b8\ub808\ud0b9 \u2013 \u2018\uc783\uc5b4\ubc84\ub9b0 \uc138\uacc4\u2019\uc758 \uc7a5\uc5c4\ud55c \ud48d\uacbd  \uc678\ub534 \uc5f4\ub300 \ud574\ubcc0\uc5d0\uc11c\uc758 \ud734\uc2dd\uacfc \uc190\ub300\uc9c0 \uc54a\uc740 \uc790\uc5f0 \ud0d0\ud5d8  \uce74\ub77c\uc774\ube0c \ud574\uc758 \ubcf4\uce74\uc2a4 \ub378 \ud1a0\ub85c \uad70\ub3c4 \ud0d0\ud5d8, \ub808\ub4dc \ud504\ub85d \uc544\uc77c\ub79c\ub4dc \ubc29\ubb38 \ud3ec\ud568  \uc138\uacc4\uc5d0\uc11c \uac00\uc7a5 \ub192\uc740 \ud3ed\ud3ec, \uc548\ud5ec \ud3ed\ud3ec\ub85c\uc758 \uc5ec\ud589  **\ub2f9\uc0ac\ub294 \ud56d\uacf5\uad8c \uad6c\ub9e4\u00b7\ud310\ub9e4 \ubc0f \ube44\uc790 \ubc1c\uae09\uc744 \uc218\ud589\ud558\uc9c0 \uc54a\uc73c\uba70, \ud56d\uacf5\ud3b8 \uc9c0\uc5f0, \ucde8\uc18c, \uad6d\uacbd \ud1b5\uacfc \ub4f1\uacfc \uad00\ub828\ub41c \ubd88\uac00\ud56d\ub825 \uc0c1\ud669\uc5d0 \ub300\ud55c \ucc45\uc784\uc744 \uc9c0\uc9c0 \uc54a\uc2b5\ub2c8\ub2e4. \uc911\uc694 \uc815\ubcf4:    \uccb4\ud06c\uc778 \ubc0f \uccb4\ud06c\uc544\uc6c3 \uc2dc\uac04\uc740 \ud638\ud154 \uaddc\uc815\uc5d0 \ub530\ub985\ub2c8\ub2e4: \uccb4\ud06c\uc778\uc740 \uc624\ud6c4 3\uc2dc\ubd80\ud130, \uccb4\ud06c\uc544\uc6c3\uc740 \uc624\uc804 11~12\uc2dc\uae4c\uc9c0\uc785\ub2c8\ub2e4. \uc218\ud558\ubb3c\uc740 \ud638\ud154 \ub9ac\uc149\uc158\uc5d0 \ub9e1\uae30\uace0 \ub3c4\uc2dc\ub97c \uc790\uc720\ub86d\uac8c \ub458\ub7ec\ubcf4\uc2e4 \uc218 \uc788\uc73c\uba70, \uac00\ub2a5\ud560 \uacbd\uc6b0 \ucd94\uac00 \uc694\uae08\uc73c\ub85c \uc774\ub978 \uccb4\ud06c\uc778\/\ub2a6\uc740 \uccb4\ud06c\uc544\uc6c3\uc774 \uac00\ub2a5\ud569\ub2c8\ub2e4.  \uc774 \uc5ec\ud589\uc740 \ud0d0\ud5d8 \ud615\ud0dc\ub97c \ub760\uace0 \uc788\uc73c\uba70, \ud604\uc9c0 \ubd80\uc871 \ubc0f \uacf5\ub3d9\uccb4\uc640\uc758 \uc0c1\ud638\uc791\uc6a9, \uadf8\ub9ac\uace0 \ud2b9\uc815\ud55c \uae30\uc0c1 \uc870\uac74\uc5d0 \ub530\ub77c \uc77c\uc815\uc774 \uc601\ud5a5\uc744 \ubc1b\uc744 \uc218 \uc788\uc2b5\ub2c8\ub2e4. \uc800\ud76c\ub294 \uacc4\ud68d\ub41c \uc77c\uc815\uc5d0 \ucd5c\ub300\ud55c \ub9de\ucd94\uae30 \uc704\ud574 \ub178\ub825\ud558\ub098, \ud1b5\uc81c\ud560 \uc218 \uc5c6\ub294 \uc0ac\uc815\uc73c\ub85c \uc778\ud574 \uc77c\uc815 \ubcc0\uacbd\uc774 \ubc1c\uc0dd\ud560 \uc218 \uc788\uc2b5\ub2c8\ub2e4.","og_url":"https:\/\/mountainguides.pro\/ko\/tours\/adventure\/brazil-amazon\/","og_site_name":"Mountain Guide","article_publisher":"https:\/\/www.facebook.com\/Mountainguide-232956566756831\/","article_modified_time":"2026-01-29T13:25:01+00:00","og_image":[{"width":1335,"height":1780,"url":"https:\/\/mountainguides.pro\/wp-content\/uploads\/2023\/11\/Brazil-Amazon.webp","type":"image\/webp"}],"twitter_card":"summary_large_image","twitter_site":"@Wintercyclone","twitter_misc":{"Est. reading time":"1 minute"},"schema":{"@context":"https:\/\/schema.org","@graph":[{"@type":"WebPage","@id":"https:\/\/mountainguides.pro\/ar\/tours\/adventure\/brazil-amazon\/","url":"https:\/\/mountainguides.pro\/ar\/tours\/adventure\/brazil-amazon\/","name":"Adventure Brazil Amazon","isPartOf":{"@id":"https:\/\/mountainguides.pro\/#website"},"primaryImageOfPage":{"@id":"https:\/\/mountainguides.pro\/ar\/tours\/adventure\/brazil-amazon\/#primaryimage"},"image":{"@id":"https:\/\/mountainguides.pro\/ar\/tours\/adventure\/brazil-amazon\/#primaryimage"},"thumbnailUrl":"https:\/\/mountainguides.pro\/wp-content\/uploads\/2023\/11\/Brazil-Amazon.webp","datePublished":"2023-11-02T09:23:49+00:00","dateModified":"2026-01-29T13:25:01+00:00","breadcrumb":{"@id":"https:\/\/mountainguides.pro\/ar\/tours\/adventure\/brazil-amazon\/#breadcrumb"},"inLanguage":"ko","potentialAction":[{"@type":"ReadAction","target":["https:\/\/mountainguides.pro\/ar\/tours\/adventure\/brazil-amazon\/"]}]},{"@type":"ImageObject","inLanguage":"ko","@id":"https:\/\/mountainguides.pro\/ar\/tours\/adventure\/brazil-amazon\/#primaryimage","url":"https:\/\/mountainguides.pro\/wp-content\/uploads\/2023\/11\/Brazil-Amazon.webp","contentUrl":"https:\/\/mountainguides.pro\/wp-content\/uploads\/2023\/11\/Brazil-Amazon.webp","width":1335,"height":1780},{"@type":"BreadcrumbList","@id":"https:\/\/mountainguides.pro\/ar\/tours\/adventure\/brazil-amazon\/#breadcrumb","itemListElement":[{"@type":"ListItem","position":1,"name":"Home","item":"https:\/\/mountainguides.pro\/de\/"},{"@type":"ListItem","position":2,"name":"\u062c\u0648\u0644\u0629 \u0627\u0644\u0623\u0645\u0627\u0632\u0648\u0646: \u0627\u0644\u0628\u0631\u0627\u0632\u064a\u0644 \u0648\u0641\u0646\u0632\u0648\u064a\u0644\u0627 \u0648\u0628\u0646\u0645\u0627"}]},{"@type":"WebSite","@id":"https:\/\/mountainguides.pro\/#website","url":"https:\/\/mountainguides.pro\/","name":"Mountain Guide","description":"We aspire to be the first in everything!","publisher":{"@id":"https:\/\/mountainguides.pro\/#organization"},"potentialAction":[{"@type":"SearchAction","target":{"@type":"EntryPoint","urlTemplate":"https:\/\/mountainguides.pro\/?s={search_term_string}"},"query-input":{"@type":"PropertyValueSpecification","valueRequired":true,"valueName":"search_term_string"}}],"inLanguage":"ko"},{"@type":"Organization","@id":"https:\/\/mountainguides.pro\/#organization","name":"Mountain Guide","url":"https:\/\/mountainguides.pro\/","logo":{"@type":"ImageObject","inLanguage":"ko","@id":"https:\/\/mountainguides.pro\/#\/schema\/logo\/image\/","url":"https:\/\/mountainguides.pro\/wp-content\/uploads\/2018\/01\/mglogo.jpg","contentUrl":"https:\/\/mountainguides.pro\/wp-content\/uploads\/2018\/01\/mglogo.jpg","width":1200,"height":630,"caption":"Mountain Guide"},"image":{"@id":"https:\/\/mountainguides.pro\/#\/schema\/logo\/image\/"},"sameAs":["https:\/\/www.facebook.com\/Mountainguide-232956566756831\/","https:\/\/x.com\/Wintercyclone","http:\/\/instagram.com\/mountainguide","http:\/\/www.youtube.com\/mountainguide"]}]}},"_links":{"self":[{"href":"https:\/\/mountainguides.pro\/ko\/wp-json\/wp\/v2\/product\/19788","targetHints":{"allow":["GET"]}}],"collection":[{"href":"https:\/\/mountainguides.pro\/ko\/wp-json\/wp\/v2\/product"}],"about":[{"href":"https:\/\/mountainguides.pro\/ko\/wp-json\/wp\/v2\/types\/product"}],"replies":[{"embeddable":true,"href":"https:\/\/mountainguides.pro\/ko\/wp-json\/wp\/v2\/comments?post=19788"}],"version-history":[{"count":14,"href":"https:\/\/mountainguides.pro\/ko\/wp-json\/wp\/v2\/product\/19788\/revisions"}],"predecessor-version":[{"id":32688,"href":"https:\/\/mountainguides.pro\/ko\/wp-json\/wp\/v2\/product\/19788\/revisions\/32688"}],"wp:featuredmedia":[{"embeddable":true,"href":"https:\/\/mountainguides.pro\/ko\/wp-json\/wp\/v2\/media\/19789"}],"wp:attachment":[{"href":"https:\/\/mountainguides.pro\/ko\/wp-json\/wp\/v2\/media?parent=19788"}],"wp:term":[{"taxonomy":"product_cat","embeddable":true,"href":"https:\/\/mountainguides.pro\/ko\/wp-json\/wp\/v2\/product_cat?post=19788"},{"taxonomy":"product_tag","embeddable":true,"href":"https:\/\/mountainguides.pro\/ko\/wp-json\/wp\/v2\/product_tag?post=19788"}],"curies":[{"name":"wp","href":"https:\/\/api.w.org\/{rel}","templated":true}]}}