{"id":19792,"date":"2023-11-02T12:39:55","date_gmt":"2023-11-02T09:39:55","guid":{"rendered":"https:\/\/mountainguides.pro\/?post_type=product&#038;p=19792"},"modified":"2026-01-29T16:18:17","modified_gmt":"2026-01-29T13:18:17","slug":"brazil-pantanal-iguassu-rio","status":"publish","type":"product","link":"https:\/\/mountainguides.pro\/ko\/tours\/adventure\/brazil-pantanal-iguassu-rio\/","title":{"rendered":"\ube0c\ub77c\uc9c8 \ud22c\uc5b4:\ud310\ud0c0\ub0a0,\uc774\uacfc\uc218,\ub9ac\uc624"},"content":{"rendered":"","protected":false},"excerpt":{"rendered":"<p class=\"p1\"><strong>*\ub2f9\uc0ac\uc5d0\uc11c\ub294 \ud56d\uacf5\uad8c \uad6c\ub9e4\u00b7\ud310\ub9e4 \ubc0f \ube44\uc790 \ubc1c\uae09 \uc5c5\ubb34\ub97c \uc218\ud589\ud558\uc9c0 \uc54a\uc73c\uba70, \uc774\uc5d0 \ub530\ub77c \ud56d\uacf5\ud3b8 \ubc0f \uad6d\uacbd \ud1b5\uacfc\uc640 \uad00\ub828\ub41c \ubd88\uac00\ud56d\ub825 \uc0c1\ud669\uc5d0 \ub300\ud574 \ucc45\uc784\uc744 \uc9c0\uc9c0 \uc54a\uc74c\uc744 \uc720\uc758\ud558\uc2dc\uae30 \ubc14\ub78d\ub2c8\ub2e4.<\/strong><\/p>\n<ul>\n<li class=\"p1\">\uc6b0\ub9ac\ub294 \uc138\uacc4 7\ub300 \ubd88\uac00\uc0ac\uc758 \uc911 \ud558\ub098\uc778 \uc774\uacfc\uc218 \ud3ed\ud3ec\ub97c \ubcfc \uac83\uc785\ub2c8\ub2e4. \uc774 \ud3ed\ud3ec\ub294 \uc720\uba85\ud55c \ub098\uc774\uc544\uac00\ub77c \ud3ed\ud3ec\ubcf4\ub2e4 \ub354 \ub192\uace0 \ub113\uc2b5\ub2c8\ub2e4.<\/li>\n<li class=\"p1\">\uc6b0\ub9ac\ub294 \uac70\uc758 100\ubbf8\ud130 \uae4a\uc774\uc758 \ub3d9\uad74\ub85c \uc790\uc720 \ub9e4\ub2ec\ub9bc \ub85c\ud504\ub97c \uc774\uc6a9\ud574 \ud558\uac15\ud560 \uac83\uc774\uba70, \uc774 \ub3d9\uad74\uc740 \ub0a8\ubbf8\uc5d0\uc11c \uac00\uc7a5 \uc544\ub984\ub2e4\uc6b4 \uacf3 \uc911 \ud558\ub098\ub85c \uc778\uc815\ubc1b\uc558\uc2b5\ub2c8\ub2e4.<\/li>\n<li class=\"p1\">\uc678\ubd80\uc640 \uc644\uc804\ud788 \uace0\ub9bd\ub41c \ucc44 200\ub9cc \ub144 \uc774\uc0c1 \uc0b4\uc544\uc628 \ub3c5\ud2b9\ud55c \ubb3c\uace0\uae30\ub4e4 \uc0ac\uc774\uc5d0\uc11c \ub2e4\uc774\ube59\uc744 \uc990\uae38 \uac83\uc785\ub2c8\ub2e4.<\/li>\n<li class=\"p1\">\uc9c0\uad6c\uc0c1\uc5d0\uc11c \uac00\uc7a5 \ub3c5\ud2b9\ud55c \uc790\uc5f0 \uc9c0\uc5ed \uc911 \ud558\ub098\uc778 \ud310\ud0c0\ub098\uc6b0\uc758 \ud30c\ub178\ub77c\ub9c8 \uc704\ub97c \ube44\ud589\ud558\uac8c \ub429\ub2c8\ub2e4.<\/li>\n<li class=\"p1\">\uc774\uacf3\uc5d0\ub9cc \uc11c\uc2dd\ud558\ub294 \ud310\ud0c0\ub0a0 \uc7ac\uaddc\uc5b4, \uac70\ub300\ud55c \uac1c\ubbf8\ud565\uae30, \uc624\uc140\ub86f, \uc6d0\uc22d\uc774, \uc544\ub098\ucf58\ub2e4, \uadf8\ub9ac\uace0 \uc9c0\uad6c\uc0c1\uc5d0\uc11c \uac00\uc7a5 \ud070 \uc124\uce58\ub958\uc778 \uce74\ud53c\ubc14\ub77c\ub97c \ubcf4\uac8c \ub420 \uac83\uc785\ub2c8\ub2e4.<\/li>\n<li class=\"p1\">\ud53c\ub77c\ub0d0\ub97c \uc9c1\uc811 \uc7a1\uc544 \uc810\uc2ec\uc73c\ub85c \uad6c\uc6cc \uba39\uc744 \uac83\uc785\ub2c8\ub2e4.<\/li>\n<li class=\"p1\">\uc61b \uc11c\ubd80 \uc601\ud654\ucc98\ub7fc \ub77c\uc18c \ub358\uc9c0\ub294 \ubc95\uc744 \ubc30\uc6b0\uac8c \ub429\ub2c8\ub2e4.<\/li>\n<li class=\"p1\">\ud53c\ud06c\ub2c9\uc5d0\uc11c \uce74\uc774\ub9cc\uacfc \uc0cc\ub4dc\uc704\uce58\ub97c \ub098\ub20c \uac83\uc785\ub2c8\ub2e4.<\/li>\n<li class=\"p1\">\uc2b9\ub9c8\ub97c \ubc30\uc6b0\uace0 \uc9c4\uc9dc \uc815\uae00 \ud2b8\ub808\ud0b9\uc744 \ub5a0\ub0a0 \uac83\uc785\ub2c8\ub2e4.<\/li>\n<li class=\"p1\">\uce74\uc57d\uc744 \ud0c0\uace0 \uc544\ub9c8\uc874\uc758 \uc9c0\ub958\uc778 \ub9ac\uc6b0 \ub124\uadf8\ub8e8, \ub0a8\ubbf8\uc758 \uc2e0\ube44\ub85c\uc6b4 \uac80\uc740 \uac15\uc744 \ub530\ub77c \ub0b4\ub824\uac11\ub2c8\ub2e4.<\/li>\n<li class=\"p1\">\uc138\uacc4 \ucd5c\uace0\uc758 \uc2a4\ud14c\uc774\ud06c\uc6a9 \uc18c\uace0\uae30\ub77c \ubd88\ub9ac\ub294 \uc18c \ub5bc \uc218\ucc9c \ub9c8\ub9ac\ub97c \ubcf4\uac8c \ub420 \uac83\uc774\uba70, \uc5b4\uca4c\uba74 \uadf8 \uc18c\ub4e4\uc744 \uc0ac\ub0e5\ud558\ub294 \uc7ac\uaddc\uc5b4\ub3c4 \ub9c8\uc8fc\uce60 \uc218 \uc788\uc2b5\ub2c8\ub2e4.<\/li>\n<\/ul>\n","protected":false},"featured_media":21462,"comment_status":"closed","ping_status":"closed","template":"","meta":{"_acf_changed":false,"footnotes":""},"product_cat":[337],"product_tag":[],"class_list":{"0":"post-19792","1":"product","2":"type-product","3":"status-publish","4":"has-post-thumbnail","6":"product_cat-adventure","8":"first","9":"instock","10":"shipping-taxable","11":"purchasable","12":"product-type-simple"},"acf":[],"yoast_head":"<!-- This site is optimized with the Yoast SEO Premium plugin v26.5 (Yoast SEO v27.3) - https:\/\/yoast.com\/product\/yoast-seo-premium-wordpress\/ -->\n<title>Adventure Brazil Pantanal<\/title>\n<meta name=\"robots\" content=\"index, follow, max-snippet:-1, max-image-preview:large, max-video-preview:-1\" \/>\n<link rel=\"canonical\" href=\"https:\/\/mountainguides.pro\/ko\/tours\/adventure\/brazil-pantanal-iguassu-rio\/\" \/>\n<meta property=\"og:locale\" content=\"en_US\" \/>\n<meta property=\"og:locale:alternate\" content=\"en_US\" \/>\n<meta property=\"og:locale:alternate\" content=\"ru_RU\" \/>\n<meta property=\"og:locale:alternate\" content=\"de\" \/>\n<meta property=\"og:locale:alternate\" content=\"es\" \/>\n<meta property=\"og:locale:alternate\" content=\"pt\" \/>\n<meta property=\"og:locale:alternate\" content=\"zh\" \/>\n<meta property=\"og:locale:alternate\" content=\"ja\" \/>\n<meta property=\"og:locale:alternate\" content=\"hi\" \/>\n<meta property=\"og:locale:alternate\" content=\"ar\" \/>\n<meta property=\"og:type\" content=\"article\" \/>\n<meta property=\"og:title\" content=\"\ube0c\ub77c\uc9c8 \ud22c\uc5b4:\ud310\ud0c0\ub0a0,\uc774\uacfc\uc218,\ub9ac\uc624\" \/>\n<meta property=\"og:description\" content=\"*\ub2f9\uc0ac\uc5d0\uc11c\ub294 \ud56d\uacf5\uad8c \uad6c\ub9e4\u00b7\ud310\ub9e4 \ubc0f \ube44\uc790 \ubc1c\uae09 \uc5c5\ubb34\ub97c \uc218\ud589\ud558\uc9c0 \uc54a\uc73c\uba70, \uc774\uc5d0 \ub530\ub77c \ud56d\uacf5\ud3b8 \ubc0f \uad6d\uacbd \ud1b5\uacfc\uc640 \uad00\ub828\ub41c \ubd88\uac00\ud56d\ub825 \uc0c1\ud669\uc5d0 \ub300\ud574 \ucc45\uc784\uc744 \uc9c0\uc9c0 \uc54a\uc74c\uc744 \uc720\uc758\ud558\uc2dc\uae30 \ubc14\ub78d\ub2c8\ub2e4.    \uc6b0\ub9ac\ub294 \uc138\uacc4 7\ub300 \ubd88\uac00\uc0ac\uc758 \uc911 \ud558\ub098\uc778 \uc774\uacfc\uc218 \ud3ed\ud3ec\ub97c \ubcfc \uac83\uc785\ub2c8\ub2e4. \uc774 \ud3ed\ud3ec\ub294 \uc720\uba85\ud55c \ub098\uc774\uc544\uac00\ub77c \ud3ed\ud3ec\ubcf4\ub2e4 \ub354 \ub192\uace0 \ub113\uc2b5\ub2c8\ub2e4.  \uc6b0\ub9ac\ub294 \uac70\uc758 100\ubbf8\ud130 \uae4a\uc774\uc758 \ub3d9\uad74\ub85c \uc790\uc720 \ub9e4\ub2ec\ub9bc \ub85c\ud504\ub97c \uc774\uc6a9\ud574 \ud558\uac15\ud560 \uac83\uc774\uba70, \uc774 \ub3d9\uad74\uc740 \ub0a8\ubbf8\uc5d0\uc11c \uac00\uc7a5 \uc544\ub984\ub2e4\uc6b4 \uacf3 \uc911 \ud558\ub098\ub85c \uc778\uc815\ubc1b\uc558\uc2b5\ub2c8\ub2e4.  \uc678\ubd80\uc640 \uc644\uc804\ud788 \uace0\ub9bd\ub41c \ucc44 200\ub9cc \ub144 \uc774\uc0c1 \uc0b4\uc544\uc628 \ub3c5\ud2b9\ud55c \ubb3c\uace0\uae30\ub4e4 \uc0ac\uc774\uc5d0\uc11c \ub2e4\uc774\ube59\uc744 \uc990\uae38 \uac83\uc785\ub2c8\ub2e4.  \uc9c0\uad6c\uc0c1\uc5d0\uc11c \uac00\uc7a5 \ub3c5\ud2b9\ud55c \uc790\uc5f0 \uc9c0\uc5ed \uc911 \ud558\ub098\uc778 \ud310\ud0c0\ub098\uc6b0\uc758 \ud30c\ub178\ub77c\ub9c8 \uc704\ub97c \ube44\ud589\ud558\uac8c \ub429\ub2c8\ub2e4.  \uc774\uacf3\uc5d0\ub9cc \uc11c\uc2dd\ud558\ub294 \ud310\ud0c0\ub0a0 \uc7ac\uaddc\uc5b4, \uac70\ub300\ud55c \uac1c\ubbf8\ud565\uae30, \uc624\uc140\ub86f, \uc6d0\uc22d\uc774, \uc544\ub098\ucf58\ub2e4, \uadf8\ub9ac\uace0 \uc9c0\uad6c\uc0c1\uc5d0\uc11c \uac00\uc7a5 \ud070 \uc124\uce58\ub958\uc778 \uce74\ud53c\ubc14\ub77c\ub97c \ubcf4\uac8c \ub420 \uac83\uc785\ub2c8\ub2e4.  \ud53c\ub77c\ub0d0\ub97c \uc9c1\uc811 \uc7a1\uc544 \uc810\uc2ec\uc73c\ub85c \uad6c\uc6cc \uba39\uc744 \uac83\uc785\ub2c8\ub2e4.  \uc61b \uc11c\ubd80 \uc601\ud654\ucc98\ub7fc \ub77c\uc18c \ub358\uc9c0\ub294 \ubc95\uc744 \ubc30\uc6b0\uac8c \ub429\ub2c8\ub2e4.  \ud53c\ud06c\ub2c9\uc5d0\uc11c \uce74\uc774\ub9cc\uacfc \uc0cc\ub4dc\uc704\uce58\ub97c \ub098\ub20c \uac83\uc785\ub2c8\ub2e4.  \uc2b9\ub9c8\ub97c \ubc30\uc6b0\uace0 \uc9c4\uc9dc \uc815\uae00 \ud2b8\ub808\ud0b9\uc744 \ub5a0\ub0a0 \uac83\uc785\ub2c8\ub2e4.  \uce74\uc57d\uc744 \ud0c0\uace0 \uc544\ub9c8\uc874\uc758 \uc9c0\ub958\uc778 \ub9ac\uc6b0 \ub124\uadf8\ub8e8, \ub0a8\ubbf8\uc758 \uc2e0\ube44\ub85c\uc6b4 \uac80\uc740 \uac15\uc744 \ub530\ub77c \ub0b4\ub824\uac11\ub2c8\ub2e4.  \uc138\uacc4 \ucd5c\uace0\uc758 \uc2a4\ud14c\uc774\ud06c\uc6a9 \uc18c\uace0\uae30\ub77c \ubd88\ub9ac\ub294 \uc18c \ub5bc \uc218\ucc9c \ub9c8\ub9ac\ub97c \ubcf4\uac8c \ub420 \uac83\uc774\uba70, \uc5b4\uca4c\uba74 \uadf8 \uc18c\ub4e4\uc744 \uc0ac\ub0e5\ud558\ub294 \uc7ac\uaddc\uc5b4\ub3c4 \ub9c8\uc8fc\uce60 \uc218 \uc788\uc2b5\ub2c8\ub2e4.\" \/>\n<meta property=\"og:url\" content=\"https:\/\/mountainguides.pro\/ko\/tours\/adventure\/brazil-pantanal-iguassu-rio\/\" \/>\n<meta property=\"og:site_name\" content=\"Mountain Guide\" \/>\n<meta property=\"article:publisher\" content=\"https:\/\/www.facebook.com\/Mountainguide-232956566756831\/\" \/>\n<meta property=\"article:modified_time\" content=\"2026-01-29T13:18:17+00:00\" \/>\n<meta property=\"og:image\" content=\"https:\/\/mountainguides.pro\/wp-content\/uploads\/2023\/11\/pantanal-braziliya-iguasu-i-rio.jpg\" \/>\n\t<meta property=\"og:image:width\" content=\"1600\" \/>\n\t<meta property=\"og:image:height\" content=\"1200\" \/>\n\t<meta property=\"og:image:type\" content=\"image\/jpeg\" \/>\n<meta name=\"twitter:card\" content=\"summary_large_image\" \/>\n<meta name=\"twitter:site\" content=\"@Wintercyclone\" \/>\n<meta name=\"twitter:label1\" content=\"Est. reading time\" \/>\n\t<meta name=\"twitter:data1\" content=\"1 minute\" \/>\n<script type=\"application\/ld+json\" class=\"yoast-schema-graph\">{\"@context\":\"https:\\\/\\\/schema.org\",\"@graph\":[{\"@type\":\"WebPage\",\"@id\":\"https:\\\/\\\/mountainguides.pro\\\/ar\\\/tours\\\/adventure\\\/brazil-pantanal-iguassu-rio\\\/\",\"url\":\"https:\\\/\\\/mountainguides.pro\\\/ar\\\/tours\\\/adventure\\\/brazil-pantanal-iguassu-rio\\\/\",\"name\":\"Adventure Brazil Pantanal\",\"isPartOf\":{\"@id\":\"https:\\\/\\\/mountainguides.pro\\\/#website\"},\"primaryImageOfPage\":{\"@id\":\"https:\\\/\\\/mountainguides.pro\\\/ar\\\/tours\\\/adventure\\\/brazil-pantanal-iguassu-rio\\\/#primaryimage\"},\"image\":{\"@id\":\"https:\\\/\\\/mountainguides.pro\\\/ar\\\/tours\\\/adventure\\\/brazil-pantanal-iguassu-rio\\\/#primaryimage\"},\"thumbnailUrl\":\"https:\\\/\\\/mountainguides.pro\\\/wp-content\\\/uploads\\\/2023\\\/11\\\/pantanal-braziliya-iguasu-i-rio.jpg\",\"datePublished\":\"2023-11-02T09:39:55+00:00\",\"dateModified\":\"2026-01-29T13:18:17+00:00\",\"breadcrumb\":{\"@id\":\"https:\\\/\\\/mountainguides.pro\\\/ar\\\/tours\\\/adventure\\\/brazil-pantanal-iguassu-rio\\\/#breadcrumb\"},\"inLanguage\":\"ko\",\"potentialAction\":[{\"@type\":\"ReadAction\",\"target\":[\"https:\\\/\\\/mountainguides.pro\\\/ar\\\/tours\\\/adventure\\\/brazil-pantanal-iguassu-rio\\\/\"]}]},{\"@type\":\"ImageObject\",\"inLanguage\":\"ko\",\"@id\":\"https:\\\/\\\/mountainguides.pro\\\/ar\\\/tours\\\/adventure\\\/brazil-pantanal-iguassu-rio\\\/#primaryimage\",\"url\":\"https:\\\/\\\/mountainguides.pro\\\/wp-content\\\/uploads\\\/2023\\\/11\\\/pantanal-braziliya-iguasu-i-rio.jpg\",\"contentUrl\":\"https:\\\/\\\/mountainguides.pro\\\/wp-content\\\/uploads\\\/2023\\\/11\\\/pantanal-braziliya-iguasu-i-rio.jpg\",\"width\":1600,\"height\":1200},{\"@type\":\"BreadcrumbList\",\"@id\":\"https:\\\/\\\/mountainguides.pro\\\/ar\\\/tours\\\/adventure\\\/brazil-pantanal-iguassu-rio\\\/#breadcrumb\",\"itemListElement\":[{\"@type\":\"ListItem\",\"position\":1,\"name\":\"Home\",\"item\":\"https:\\\/\\\/mountainguides.pro\\\/de\\\/\"},{\"@type\":\"ListItem\",\"position\":2,\"name\":\"\u062c\u0648\u0644\u0629 \u0627\u0644\u0628\u0631\u0627\u0632\u064a\u0644: \u0628\u0627\u0646\u062a\u0627\u0646\u0627\u0644 \u060c \u0625\u062c\u0648\u0627\u0632\u0648 \u060c \u0631\u064a\u0648\"}]},{\"@type\":\"WebSite\",\"@id\":\"https:\\\/\\\/mountainguides.pro\\\/#website\",\"url\":\"https:\\\/\\\/mountainguides.pro\\\/\",\"name\":\"Mountain Guide\",\"description\":\"We aspire to be the first in everything!\",\"publisher\":{\"@id\":\"https:\\\/\\\/mountainguides.pro\\\/#organization\"},\"potentialAction\":[{\"@type\":\"SearchAction\",\"target\":{\"@type\":\"EntryPoint\",\"urlTemplate\":\"https:\\\/\\\/mountainguides.pro\\\/?s={search_term_string}\"},\"query-input\":{\"@type\":\"PropertyValueSpecification\",\"valueRequired\":true,\"valueName\":\"search_term_string\"}}],\"inLanguage\":\"ko\"},{\"@type\":\"Organization\",\"@id\":\"https:\\\/\\\/mountainguides.pro\\\/#organization\",\"name\":\"Mountain Guide\",\"url\":\"https:\\\/\\\/mountainguides.pro\\\/\",\"logo\":{\"@type\":\"ImageObject\",\"inLanguage\":\"ko\",\"@id\":\"https:\\\/\\\/mountainguides.pro\\\/#\\\/schema\\\/logo\\\/image\\\/\",\"url\":\"https:\\\/\\\/mountainguides.pro\\\/wp-content\\\/uploads\\\/2018\\\/01\\\/mglogo.jpg\",\"contentUrl\":\"https:\\\/\\\/mountainguides.pro\\\/wp-content\\\/uploads\\\/2018\\\/01\\\/mglogo.jpg\",\"width\":1200,\"height\":630,\"caption\":\"Mountain Guide\"},\"image\":{\"@id\":\"https:\\\/\\\/mountainguides.pro\\\/#\\\/schema\\\/logo\\\/image\\\/\"},\"sameAs\":[\"https:\\\/\\\/www.facebook.com\\\/Mountainguide-232956566756831\\\/\",\"https:\\\/\\\/x.com\\\/Wintercyclone\",\"http:\\\/\\\/instagram.com\\\/mountainguide\",\"http:\\\/\\\/www.youtube.com\\\/mountainguide\"]}]}<\/script>\n<!-- \/ Yoast SEO Premium plugin. -->","yoast_head_json":{"title":"Adventure Brazil Pantanal","robots":{"index":"index","follow":"follow","max-snippet":"max-snippet:-1","max-image-preview":"max-image-preview:large","max-video-preview":"max-video-preview:-1"},"canonical":"https:\/\/mountainguides.pro\/ko\/tours\/adventure\/brazil-pantanal-iguassu-rio\/","og_locale":"en_US","og_type":"article","og_title":"[:en]Brazil: Pantanal, Iguassu, Rio[:de]Tour nach Brasilien: Pantanal, Igua\u00e7u, Rio[:es]Tour a Brasil: Pantanal, Iguaz\u00fa, r\u00edo[:pt]Tour no Brasil: Pantanal, Igua\u00e7u, Rio[:zh]\u5df4\u897f\u4e4b\u65c5\uff1a\u6f58\u5854\u7eb3\u5c14\u6e7f\u5730\u3001\u4f0a\u74dc\u82cf\u3001\u91cc\u7ea6[:ko]\ube0c\ub77c\uc9c8 \ud22c\uc5b4:\ud310\ud0c0\ub0a0,\uc774\uacfc\uc218,\ub9ac\uc624[:ja]\u30d6\u30e9\u30b8\u30eb\u30c4\u30a2\u30fc\uff1a\u30d1\u30f3\u30bf\u30ca\u30fc\u30eb\u3001\u30a4\u30b0\u30a2\u30b9\u3001\u30ea\u30aa[:hi]\u092c\u094d\u0930\u093e\u091c\u0940\u0932 \u091f\u0942\u0930: \u092a\u0948\u0902\u091f\u093e\u0928\u0932, \u0907\u0917\u093e\u091c\u093c\u0941, \u0930\u093f\u092f\u094b[:ar]\u062c\u0648\u0644\u0629 \u0627\u0644\u0628\u0631\u0627\u0632\u064a\u0644: \u0628\u0627\u0646\u062a\u0627\u0646\u0627\u0644 \u060c \u0625\u062c\u0648\u0627\u0632\u0648 \u060c \u0631\u064a\u0648[:]","og_description":"*\ub2f9\uc0ac\uc5d0\uc11c\ub294 \ud56d\uacf5\uad8c \uad6c\ub9e4\u00b7\ud310\ub9e4 \ubc0f \ube44\uc790 \ubc1c\uae09 \uc5c5\ubb34\ub97c \uc218\ud589\ud558\uc9c0 \uc54a\uc73c\uba70, \uc774\uc5d0 \ub530\ub77c \ud56d\uacf5\ud3b8 \ubc0f \uad6d\uacbd \ud1b5\uacfc\uc640 \uad00\ub828\ub41c \ubd88\uac00\ud56d\ub825 \uc0c1\ud669\uc5d0 \ub300\ud574 \ucc45\uc784\uc744 \uc9c0\uc9c0 \uc54a\uc74c\uc744 \uc720\uc758\ud558\uc2dc\uae30 \ubc14\ub78d\ub2c8\ub2e4.    \uc6b0\ub9ac\ub294 \uc138\uacc4 7\ub300 \ubd88\uac00\uc0ac\uc758 \uc911 \ud558\ub098\uc778 \uc774\uacfc\uc218 \ud3ed\ud3ec\ub97c \ubcfc \uac83\uc785\ub2c8\ub2e4. \uc774 \ud3ed\ud3ec\ub294 \uc720\uba85\ud55c \ub098\uc774\uc544\uac00\ub77c \ud3ed\ud3ec\ubcf4\ub2e4 \ub354 \ub192\uace0 \ub113\uc2b5\ub2c8\ub2e4.  \uc6b0\ub9ac\ub294 \uac70\uc758 100\ubbf8\ud130 \uae4a\uc774\uc758 \ub3d9\uad74\ub85c \uc790\uc720 \ub9e4\ub2ec\ub9bc \ub85c\ud504\ub97c \uc774\uc6a9\ud574 \ud558\uac15\ud560 \uac83\uc774\uba70, \uc774 \ub3d9\uad74\uc740 \ub0a8\ubbf8\uc5d0\uc11c \uac00\uc7a5 \uc544\ub984\ub2e4\uc6b4 \uacf3 \uc911 \ud558\ub098\ub85c \uc778\uc815\ubc1b\uc558\uc2b5\ub2c8\ub2e4.  \uc678\ubd80\uc640 \uc644\uc804\ud788 \uace0\ub9bd\ub41c \ucc44 200\ub9cc \ub144 \uc774\uc0c1 \uc0b4\uc544\uc628 \ub3c5\ud2b9\ud55c \ubb3c\uace0\uae30\ub4e4 \uc0ac\uc774\uc5d0\uc11c \ub2e4\uc774\ube59\uc744 \uc990\uae38 \uac83\uc785\ub2c8\ub2e4.  \uc9c0\uad6c\uc0c1\uc5d0\uc11c \uac00\uc7a5 \ub3c5\ud2b9\ud55c \uc790\uc5f0 \uc9c0\uc5ed \uc911 \ud558\ub098\uc778 \ud310\ud0c0\ub098\uc6b0\uc758 \ud30c\ub178\ub77c\ub9c8 \uc704\ub97c \ube44\ud589\ud558\uac8c \ub429\ub2c8\ub2e4.  \uc774\uacf3\uc5d0\ub9cc \uc11c\uc2dd\ud558\ub294 \ud310\ud0c0\ub0a0 \uc7ac\uaddc\uc5b4, \uac70\ub300\ud55c \uac1c\ubbf8\ud565\uae30, \uc624\uc140\ub86f, \uc6d0\uc22d\uc774, \uc544\ub098\ucf58\ub2e4, \uadf8\ub9ac\uace0 \uc9c0\uad6c\uc0c1\uc5d0\uc11c \uac00\uc7a5 \ud070 \uc124\uce58\ub958\uc778 \uce74\ud53c\ubc14\ub77c\ub97c \ubcf4\uac8c \ub420 \uac83\uc785\ub2c8\ub2e4.  \ud53c\ub77c\ub0d0\ub97c \uc9c1\uc811 \uc7a1\uc544 \uc810\uc2ec\uc73c\ub85c \uad6c\uc6cc \uba39\uc744 \uac83\uc785\ub2c8\ub2e4.  \uc61b \uc11c\ubd80 \uc601\ud654\ucc98\ub7fc \ub77c\uc18c \ub358\uc9c0\ub294 \ubc95\uc744 \ubc30\uc6b0\uac8c \ub429\ub2c8\ub2e4.  \ud53c\ud06c\ub2c9\uc5d0\uc11c \uce74\uc774\ub9cc\uacfc \uc0cc\ub4dc\uc704\uce58\ub97c \ub098\ub20c \uac83\uc785\ub2c8\ub2e4.  \uc2b9\ub9c8\ub97c \ubc30\uc6b0\uace0 \uc9c4\uc9dc \uc815\uae00 \ud2b8\ub808\ud0b9\uc744 \ub5a0\ub0a0 \uac83\uc785\ub2c8\ub2e4.  \uce74\uc57d\uc744 \ud0c0\uace0 \uc544\ub9c8\uc874\uc758 \uc9c0\ub958\uc778 \ub9ac\uc6b0 \ub124\uadf8\ub8e8, \ub0a8\ubbf8\uc758 \uc2e0\ube44\ub85c\uc6b4 \uac80\uc740 \uac15\uc744 \ub530\ub77c \ub0b4\ub824\uac11\ub2c8\ub2e4.  \uc138\uacc4 \ucd5c\uace0\uc758 \uc2a4\ud14c\uc774\ud06c\uc6a9 \uc18c\uace0\uae30\ub77c \ubd88\ub9ac\ub294 \uc18c \ub5bc \uc218\ucc9c \ub9c8\ub9ac\ub97c \ubcf4\uac8c \ub420 \uac83\uc774\uba70, \uc5b4\uca4c\uba74 \uadf8 \uc18c\ub4e4\uc744 \uc0ac\ub0e5\ud558\ub294 \uc7ac\uaddc\uc5b4\ub3c4 \ub9c8\uc8fc\uce60 \uc218 \uc788\uc2b5\ub2c8\ub2e4.","og_url":"https:\/\/mountainguides.pro\/ko\/tours\/adventure\/brazil-pantanal-iguassu-rio\/","og_site_name":"Mountain Guide","article_publisher":"https:\/\/www.facebook.com\/Mountainguide-232956566756831\/","article_modified_time":"2026-01-29T13:18:17+00:00","og_image":[{"width":1600,"height":1200,"url":"https:\/\/mountainguides.pro\/wp-content\/uploads\/2023\/11\/pantanal-braziliya-iguasu-i-rio.jpg","type":"image\/jpeg"}],"twitter_card":"summary_large_image","twitter_site":"@Wintercyclone","twitter_misc":{"Est. reading time":"1 minute"},"schema":{"@context":"https:\/\/schema.org","@graph":[{"@type":"WebPage","@id":"https:\/\/mountainguides.pro\/ar\/tours\/adventure\/brazil-pantanal-iguassu-rio\/","url":"https:\/\/mountainguides.pro\/ar\/tours\/adventure\/brazil-pantanal-iguassu-rio\/","name":"Adventure Brazil Pantanal","isPartOf":{"@id":"https:\/\/mountainguides.pro\/#website"},"primaryImageOfPage":{"@id":"https:\/\/mountainguides.pro\/ar\/tours\/adventure\/brazil-pantanal-iguassu-rio\/#primaryimage"},"image":{"@id":"https:\/\/mountainguides.pro\/ar\/tours\/adventure\/brazil-pantanal-iguassu-rio\/#primaryimage"},"thumbnailUrl":"https:\/\/mountainguides.pro\/wp-content\/uploads\/2023\/11\/pantanal-braziliya-iguasu-i-rio.jpg","datePublished":"2023-11-02T09:39:55+00:00","dateModified":"2026-01-29T13:18:17+00:00","breadcrumb":{"@id":"https:\/\/mountainguides.pro\/ar\/tours\/adventure\/brazil-pantanal-iguassu-rio\/#breadcrumb"},"inLanguage":"ko","potentialAction":[{"@type":"ReadAction","target":["https:\/\/mountainguides.pro\/ar\/tours\/adventure\/brazil-pantanal-iguassu-rio\/"]}]},{"@type":"ImageObject","inLanguage":"ko","@id":"https:\/\/mountainguides.pro\/ar\/tours\/adventure\/brazil-pantanal-iguassu-rio\/#primaryimage","url":"https:\/\/mountainguides.pro\/wp-content\/uploads\/2023\/11\/pantanal-braziliya-iguasu-i-rio.jpg","contentUrl":"https:\/\/mountainguides.pro\/wp-content\/uploads\/2023\/11\/pantanal-braziliya-iguasu-i-rio.jpg","width":1600,"height":1200},{"@type":"BreadcrumbList","@id":"https:\/\/mountainguides.pro\/ar\/tours\/adventure\/brazil-pantanal-iguassu-rio\/#breadcrumb","itemListElement":[{"@type":"ListItem","position":1,"name":"Home","item":"https:\/\/mountainguides.pro\/de\/"},{"@type":"ListItem","position":2,"name":"\u062c\u0648\u0644\u0629 \u0627\u0644\u0628\u0631\u0627\u0632\u064a\u0644: \u0628\u0627\u0646\u062a\u0627\u0646\u0627\u0644 \u060c \u0625\u062c\u0648\u0627\u0632\u0648 \u060c \u0631\u064a\u0648"}]},{"@type":"WebSite","@id":"https:\/\/mountainguides.pro\/#website","url":"https:\/\/mountainguides.pro\/","name":"Mountain Guide","description":"We aspire to be the first in everything!","publisher":{"@id":"https:\/\/mountainguides.pro\/#organization"},"potentialAction":[{"@type":"SearchAction","target":{"@type":"EntryPoint","urlTemplate":"https:\/\/mountainguides.pro\/?s={search_term_string}"},"query-input":{"@type":"PropertyValueSpecification","valueRequired":true,"valueName":"search_term_string"}}],"inLanguage":"ko"},{"@type":"Organization","@id":"https:\/\/mountainguides.pro\/#organization","name":"Mountain Guide","url":"https:\/\/mountainguides.pro\/","logo":{"@type":"ImageObject","inLanguage":"ko","@id":"https:\/\/mountainguides.pro\/#\/schema\/logo\/image\/","url":"https:\/\/mountainguides.pro\/wp-content\/uploads\/2018\/01\/mglogo.jpg","contentUrl":"https:\/\/mountainguides.pro\/wp-content\/uploads\/2018\/01\/mglogo.jpg","width":1200,"height":630,"caption":"Mountain Guide"},"image":{"@id":"https:\/\/mountainguides.pro\/#\/schema\/logo\/image\/"},"sameAs":["https:\/\/www.facebook.com\/Mountainguide-232956566756831\/","https:\/\/x.com\/Wintercyclone","http:\/\/instagram.com\/mountainguide","http:\/\/www.youtube.com\/mountainguide"]}]}},"_links":{"self":[{"href":"https:\/\/mountainguides.pro\/ko\/wp-json\/wp\/v2\/product\/19792","targetHints":{"allow":["GET"]}}],"collection":[{"href":"https:\/\/mountainguides.pro\/ko\/wp-json\/wp\/v2\/product"}],"about":[{"href":"https:\/\/mountainguides.pro\/ko\/wp-json\/wp\/v2\/types\/product"}],"replies":[{"embeddable":true,"href":"https:\/\/mountainguides.pro\/ko\/wp-json\/wp\/v2\/comments?post=19792"}],"version-history":[{"count":12,"href":"https:\/\/mountainguides.pro\/ko\/wp-json\/wp\/v2\/product\/19792\/revisions"}],"predecessor-version":[{"id":32687,"href":"https:\/\/mountainguides.pro\/ko\/wp-json\/wp\/v2\/product\/19792\/revisions\/32687"}],"wp:featuredmedia":[{"embeddable":true,"href":"https:\/\/mountainguides.pro\/ko\/wp-json\/wp\/v2\/media\/21462"}],"wp:attachment":[{"href":"https:\/\/mountainguides.pro\/ko\/wp-json\/wp\/v2\/media?parent=19792"}],"wp:term":[{"taxonomy":"product_cat","embeddable":true,"href":"https:\/\/mountainguides.pro\/ko\/wp-json\/wp\/v2\/product_cat?post=19792"},{"taxonomy":"product_tag","embeddable":true,"href":"https:\/\/mountainguides.pro\/ko\/wp-json\/wp\/v2\/product_tag?post=19792"}],"curies":[{"name":"wp","href":"https:\/\/api.w.org\/{rel}","templated":true}]}}