{"id":21096,"date":"2025-01-08T16:49:55","date_gmt":"2025-01-08T13:49:55","guid":{"rendered":"https:\/\/mountainguides.pro\/?post_type=product&#038;p=21096"},"modified":"2026-01-29T13:19:09","modified_gmt":"2026-01-29T10:19:09","slug":"tour-to-rwanda-mountain-gorillas-and-mount-bisoke","status":"publish","type":"product","link":"https:\/\/mountainguides.pro\/ko\/tours\/adventure\/tour-to-rwanda-mountain-gorillas-and-mount-bisoke\/","title":{"rendered":"\ub974\uc644\ub2e4 \ud22c\uc5b4:\uc0b0 \uace0\ub9b4\ub77c\uc640 \ube44\uc18c \ucf00 \ud654\uc0b0"},"content":{"rendered":"","protected":false},"excerpt":{"rendered":"<ul>\n<li class=\"p1\">\uc548\uc804\ud558\uba74\uc11c\ub3c4 \uc5ec\uc804\ud788 \uc0c9\ub2e4\ub978 \ub9e4\ub825\uc744 \uc9c0\ub2cc \uc544\ud504\ub9ac\uce74\ub85c\uc758 \uc5ec\ud589<\/li>\n<li class=\"p1\">\uc138\uacc4\uc5d0 100\ub9c8\ub9ac\ub3c4 \ub0a8\uc9c0 \uc54a\uc740 \ud76c\uadc0\ud55c \uc0b0\uc545\uace0\ub9b4\ub77c\uac00 \uc11c\uc2dd\ud558\ub294 \ube44\uc18c\ucf00 \ud654\uc0b0\uc5d0 \uc624\ub985\ub2c8\ub2e4<\/li>\n<li class=\"p1\">\uace0\ub9b4\ub77c, \ucf5c\ub85c\ubd80\uc2a4, \uce68\ud32c\uc9c0, \ud669\uae08\uc6d0\uc22d\uc774 \u2014 \ub124 \uc885\ub958\uc758 \uc601\uc7a5\ub958\ub97c \ub9cc\ub098\ubcf4\uae30 \uc704\ud574 \ub178\ub825\ud569\ub2c8\ub2e4<\/li>\n<li class=\"p1\">\ud604\uc9c0\uc758 \uc804\ud1b5 \ub9c8\uc744\uc744 \ubc29\ubb38\ud558\uc5ec \ub8e8\uc548\ub2e4 \uc0ac\ub78c\ub4e4\uc758 \uc77c\uc0c1, \ubb38\ud654\uc640 \uc804\ud1b5\uc744 \uc54c\uc544\ubd05\ub2c8\ub2e4<\/li>\n<li class=\"p1\">\ud604\ub300\uc801\uc778 \uac74\ubb3c, \uc2dc\uc7a5, \ub808\uc2a4\ud1a0\ub791\uc774 \uc5b4\uc6b0\ub7ec\uc9c4 \uc218\ub3c4\ub97c \uc0b0\ucc45\ud558\uba70 \ub8e8\uc548\ub2e4\uc758 \ubb38\ud654\ub97c \ub290\ub08d\ub2c8\ub2e4<\/li>\n<li class=\"p1\">\uc6b8\ucc3d\ud55c \uc5f4\ub300\uc6b0\ub9bc\uacfc \ud48d\ubd80\ud55c \uc0dd\ubb3c \ub2e4\uc591\uc131\uc73c\ub85c \uc720\uba85\ud55c \ub219\uadf8\uc6e8 \uad6d\ub9bd\uacf5\uc6d0 \ubc29\ubb38<\/li>\n<\/ul>\n<p class=\"p1\"><strong>*\uc800\ud76c \ud68c\uc0ac\ub294 \ud56d\uacf5\uad8c \uad6c\ub9e4\u00b7\ud310\ub9e4 \ubc0f \ube44\uc790 \ubc1c\uae09 \uc5c5\ubb34\ub97c \uc218\ud589\ud558\uc9c0 \uc54a\uc73c\ubbc0\ub85c, \ud56d\uacf5\ud3b8 \ub610\ub294 \uad6d\uacbd \ud1b5\uacfc\uc640 \uad00\ub828\ub41c \ubd88\uac00\ud56d\ub825 \uc0c1\ud669\uc5d0 \ub300\ud574 \ucc45\uc784\uc744 \uc9c0\uc9c0 \uc54a\uc74c\uc744 \uc54c\ub824\ub4dc\ub9bd\ub2c8\ub2e4.<\/strong><\/p>\n<p class=\"p3\"><b>\uc911\uc694\ud55c \uc815\ubcf4:<\/b><b><\/b><\/p>\n<ul>\n<li class=\"p1\">\ud638\ud154\uc758 \uccb4\ud06c\uc778 \ubc0f \uccb4\ud06c\uc544\uc6c3 \uc2dc\uac04\uc740 \ud638\ud154 \uaddc\uc815\uc5d0 \ub530\ub985\ub2c8\ub2e4: \uccb4\ud06c\uc778\uc740 15\uc2dc\ubd80\ud130, \uccb4\ud06c\uc544\uc6c3\uc740 11\u201312\uc2dc\uae4c\uc9c0\uc785\ub2c8\ub2e4. \uc9d0\uc740 \ub9ac\uc149\uc158\uc5d0 \ubcf4\uad00\ud55c \ud6c4 \ub3c4\uc2dc\ub97c \ub458\ub7ec\ubcf4\uac70\ub098, \uac00\ub2a5\ud560 \uacbd\uc6b0 \ucd94\uac00 \uc694\uae08\uc744 \uc9c0\ubd88\ud558\uc5ec \uc774\ub978 \uccb4\ud06c\uc778\/\ub2a6\uc740 \uccb4\ud06c\uc544\uc6c3\uc744 \ud558\uc2e4 \uc218 \uc788\uc2b5\ub2c8\ub2e4.<\/li>\n<\/ul>\n","protected":false},"featured_media":21455,"comment_status":"closed","ping_status":"closed","template":"","meta":{"_acf_changed":false,"footnotes":""},"product_cat":[337],"product_tag":[],"class_list":{"0":"post-21096","1":"product","2":"type-product","3":"status-publish","4":"has-post-thumbnail","6":"product_cat-adventure","8":"first","9":"instock","10":"shipping-taxable","11":"purchasable","12":"product-type-simple"},"acf":[],"yoast_head":"<!-- This site is optimized with the Yoast SEO Premium plugin v26.5 (Yoast SEO v27.3) - https:\/\/yoast.com\/product\/yoast-seo-premium-wordpress\/ -->\n<title>Adventure Rwanda<\/title>\n<meta name=\"robots\" content=\"index, follow, max-snippet:-1, max-image-preview:large, max-video-preview:-1\" \/>\n<link rel=\"canonical\" href=\"https:\/\/mountainguides.pro\/ko\/tours\/adventure\/tour-to-rwanda-mountain-gorillas-and-mount-bisoke\/\" \/>\n<meta property=\"og:locale\" content=\"en_US\" \/>\n<meta property=\"og:locale:alternate\" content=\"en_US\" \/>\n<meta property=\"og:locale:alternate\" content=\"ru_RU\" \/>\n<meta property=\"og:locale:alternate\" content=\"de\" \/>\n<meta property=\"og:locale:alternate\" content=\"es\" \/>\n<meta property=\"og:locale:alternate\" content=\"pt\" \/>\n<meta property=\"og:locale:alternate\" content=\"zh\" \/>\n<meta property=\"og:locale:alternate\" content=\"ja\" \/>\n<meta property=\"og:locale:alternate\" content=\"hi\" \/>\n<meta property=\"og:locale:alternate\" content=\"ar\" \/>\n<meta property=\"og:type\" content=\"article\" \/>\n<meta property=\"og:title\" content=\"\ub974\uc644\ub2e4 \ud22c\uc5b4:\uc0b0 \uace0\ub9b4\ub77c\uc640 \ube44\uc18c \ucf00 \ud654\uc0b0\" \/>\n<meta property=\"og:description\" content=\"\uc548\uc804\ud558\uba74\uc11c\ub3c4 \uc5ec\uc804\ud788 \uc0c9\ub2e4\ub978 \ub9e4\ub825\uc744 \uc9c0\ub2cc \uc544\ud504\ub9ac\uce74\ub85c\uc758 \uc5ec\ud589  \uc138\uacc4\uc5d0 100\ub9c8\ub9ac\ub3c4 \ub0a8\uc9c0 \uc54a\uc740 \ud76c\uadc0\ud55c \uc0b0\uc545\uace0\ub9b4\ub77c\uac00 \uc11c\uc2dd\ud558\ub294 \ube44\uc18c\ucf00 \ud654\uc0b0\uc5d0 \uc624\ub985\ub2c8\ub2e4  \uace0\ub9b4\ub77c, \ucf5c\ub85c\ubd80\uc2a4, \uce68\ud32c\uc9c0, \ud669\uae08\uc6d0\uc22d\uc774 \u2014 \ub124 \uc885\ub958\uc758 \uc601\uc7a5\ub958\ub97c \ub9cc\ub098\ubcf4\uae30 \uc704\ud574 \ub178\ub825\ud569\ub2c8\ub2e4  \ud604\uc9c0\uc758 \uc804\ud1b5 \ub9c8\uc744\uc744 \ubc29\ubb38\ud558\uc5ec \ub8e8\uc548\ub2e4 \uc0ac\ub78c\ub4e4\uc758 \uc77c\uc0c1, \ubb38\ud654\uc640 \uc804\ud1b5\uc744 \uc54c\uc544\ubd05\ub2c8\ub2e4  \ud604\ub300\uc801\uc778 \uac74\ubb3c, \uc2dc\uc7a5, \ub808\uc2a4\ud1a0\ub791\uc774 \uc5b4\uc6b0\ub7ec\uc9c4 \uc218\ub3c4\ub97c \uc0b0\ucc45\ud558\uba70 \ub8e8\uc548\ub2e4\uc758 \ubb38\ud654\ub97c \ub290\ub08d\ub2c8\ub2e4  \uc6b8\ucc3d\ud55c \uc5f4\ub300\uc6b0\ub9bc\uacfc \ud48d\ubd80\ud55c \uc0dd\ubb3c \ub2e4\uc591\uc131\uc73c\ub85c \uc720\uba85\ud55c \ub219\uadf8\uc6e8 \uad6d\ub9bd\uacf5\uc6d0 \ubc29\ubb38  *\uc800\ud76c \ud68c\uc0ac\ub294 \ud56d\uacf5\uad8c \uad6c\ub9e4\u00b7\ud310\ub9e4 \ubc0f \ube44\uc790 \ubc1c\uae09 \uc5c5\ubb34\ub97c \uc218\ud589\ud558\uc9c0 \uc54a\uc73c\ubbc0\ub85c, \ud56d\uacf5\ud3b8 \ub610\ub294 \uad6d\uacbd \ud1b5\uacfc\uc640 \uad00\ub828\ub41c \ubd88\uac00\ud56d\ub825 \uc0c1\ud669\uc5d0 \ub300\ud574 \ucc45\uc784\uc744 \uc9c0\uc9c0 \uc54a\uc74c\uc744 \uc54c\ub824\ub4dc\ub9bd\ub2c8\ub2e4. \uc911\uc694\ud55c \uc815\ubcf4:    \ud638\ud154\uc758 \uccb4\ud06c\uc778 \ubc0f \uccb4\ud06c\uc544\uc6c3 \uc2dc\uac04\uc740 \ud638\ud154 \uaddc\uc815\uc5d0 \ub530\ub985\ub2c8\ub2e4: \uccb4\ud06c\uc778\uc740 15\uc2dc\ubd80\ud130, \uccb4\ud06c\uc544\uc6c3\uc740 11\u201312\uc2dc\uae4c\uc9c0\uc785\ub2c8\ub2e4. \uc9d0\uc740 \ub9ac\uc149\uc158\uc5d0 \ubcf4\uad00\ud55c \ud6c4 \ub3c4\uc2dc\ub97c \ub458\ub7ec\ubcf4\uac70\ub098, \uac00\ub2a5\ud560 \uacbd\uc6b0 \ucd94\uac00 \uc694\uae08\uc744 \uc9c0\ubd88\ud558\uc5ec \uc774\ub978 \uccb4\ud06c\uc778\/\ub2a6\uc740 \uccb4\ud06c\uc544\uc6c3\uc744 \ud558\uc2e4 \uc218 \uc788\uc2b5\ub2c8\ub2e4.\" \/>\n<meta property=\"og:url\" content=\"https:\/\/mountainguides.pro\/ko\/tours\/adventure\/tour-to-rwanda-mountain-gorillas-and-mount-bisoke\/\" \/>\n<meta property=\"og:site_name\" content=\"Mountain Guide\" \/>\n<meta property=\"article:publisher\" content=\"https:\/\/www.facebook.com\/Mountainguide-232956566756831\/\" \/>\n<meta property=\"article:modified_time\" content=\"2026-01-29T10:19:09+00:00\" \/>\n<meta property=\"og:image\" content=\"https:\/\/mountainguides.pro\/wp-content\/uploads\/2025\/01\/tur-ruanda.jpeg\" \/>\n\t<meta property=\"og:image:width\" content=\"1800\" \/>\n\t<meta property=\"og:image:height\" content=\"1350\" \/>\n\t<meta property=\"og:image:type\" content=\"image\/jpeg\" \/>\n<meta name=\"twitter:card\" content=\"summary_large_image\" \/>\n<meta name=\"twitter:site\" content=\"@Wintercyclone\" \/>\n<meta name=\"twitter:label1\" content=\"Est. reading time\" \/>\n\t<meta name=\"twitter:data1\" content=\"1 minute\" \/>\n<script type=\"application\/ld+json\" class=\"yoast-schema-graph\">{\"@context\":\"https:\\\/\\\/schema.org\",\"@graph\":[{\"@type\":\"WebPage\",\"@id\":\"https:\\\/\\\/mountainguides.pro\\\/ar\\\/tours\\\/adventure\\\/tour-to-rwanda-mountain-gorillas-and-mount-bisoke\\\/\",\"url\":\"https:\\\/\\\/mountainguides.pro\\\/ar\\\/tours\\\/adventure\\\/tour-to-rwanda-mountain-gorillas-and-mount-bisoke\\\/\",\"name\":\"Adventure Rwanda\",\"isPartOf\":{\"@id\":\"https:\\\/\\\/mountainguides.pro\\\/#website\"},\"primaryImageOfPage\":{\"@id\":\"https:\\\/\\\/mountainguides.pro\\\/ar\\\/tours\\\/adventure\\\/tour-to-rwanda-mountain-gorillas-and-mount-bisoke\\\/#primaryimage\"},\"image\":{\"@id\":\"https:\\\/\\\/mountainguides.pro\\\/ar\\\/tours\\\/adventure\\\/tour-to-rwanda-mountain-gorillas-and-mount-bisoke\\\/#primaryimage\"},\"thumbnailUrl\":\"https:\\\/\\\/mountainguides.pro\\\/wp-content\\\/uploads\\\/2025\\\/01\\\/tur-ruanda.jpeg\",\"datePublished\":\"2025-01-08T13:49:55+00:00\",\"dateModified\":\"2026-01-29T10:19:09+00:00\",\"breadcrumb\":{\"@id\":\"https:\\\/\\\/mountainguides.pro\\\/ar\\\/tours\\\/adventure\\\/tour-to-rwanda-mountain-gorillas-and-mount-bisoke\\\/#breadcrumb\"},\"inLanguage\":\"ko\",\"potentialAction\":[{\"@type\":\"ReadAction\",\"target\":[\"https:\\\/\\\/mountainguides.pro\\\/ar\\\/tours\\\/adventure\\\/tour-to-rwanda-mountain-gorillas-and-mount-bisoke\\\/\"]}]},{\"@type\":\"ImageObject\",\"inLanguage\":\"ko\",\"@id\":\"https:\\\/\\\/mountainguides.pro\\\/ar\\\/tours\\\/adventure\\\/tour-to-rwanda-mountain-gorillas-and-mount-bisoke\\\/#primaryimage\",\"url\":\"https:\\\/\\\/mountainguides.pro\\\/wp-content\\\/uploads\\\/2025\\\/01\\\/tur-ruanda.jpeg\",\"contentUrl\":\"https:\\\/\\\/mountainguides.pro\\\/wp-content\\\/uploads\\\/2025\\\/01\\\/tur-ruanda.jpeg\",\"width\":1800,\"height\":1350},{\"@type\":\"BreadcrumbList\",\"@id\":\"https:\\\/\\\/mountainguides.pro\\\/ar\\\/tours\\\/adventure\\\/tour-to-rwanda-mountain-gorillas-and-mount-bisoke\\\/#breadcrumb\",\"itemListElement\":[{\"@type\":\"ListItem\",\"position\":1,\"name\":\"Home\",\"item\":\"https:\\\/\\\/mountainguides.pro\\\/de\\\/\"},{\"@type\":\"ListItem\",\"position\":2,\"name\":\"\u062c\u0648\u0644\u0629 \u0631\u0648\u0627\u0646\u062f\u0627: \u0627\u0644\u063a\u0648\u0631\u064a\u0644\u0627 \u0627\u0644\u062c\u0628\u0644\u064a\u0629 \u0648\u0628\u0631\u0643\u0627\u0646 \u0628\u064a\u0633\u0648\u0643\"}]},{\"@type\":\"WebSite\",\"@id\":\"https:\\\/\\\/mountainguides.pro\\\/#website\",\"url\":\"https:\\\/\\\/mountainguides.pro\\\/\",\"name\":\"Mountain Guide\",\"description\":\"We aspire to be the first in everything!\",\"publisher\":{\"@id\":\"https:\\\/\\\/mountainguides.pro\\\/#organization\"},\"potentialAction\":[{\"@type\":\"SearchAction\",\"target\":{\"@type\":\"EntryPoint\",\"urlTemplate\":\"https:\\\/\\\/mountainguides.pro\\\/?s={search_term_string}\"},\"query-input\":{\"@type\":\"PropertyValueSpecification\",\"valueRequired\":true,\"valueName\":\"search_term_string\"}}],\"inLanguage\":\"ko\"},{\"@type\":\"Organization\",\"@id\":\"https:\\\/\\\/mountainguides.pro\\\/#organization\",\"name\":\"Mountain Guide\",\"url\":\"https:\\\/\\\/mountainguides.pro\\\/\",\"logo\":{\"@type\":\"ImageObject\",\"inLanguage\":\"ko\",\"@id\":\"https:\\\/\\\/mountainguides.pro\\\/#\\\/schema\\\/logo\\\/image\\\/\",\"url\":\"https:\\\/\\\/mountainguides.pro\\\/wp-content\\\/uploads\\\/2018\\\/01\\\/mglogo.jpg\",\"contentUrl\":\"https:\\\/\\\/mountainguides.pro\\\/wp-content\\\/uploads\\\/2018\\\/01\\\/mglogo.jpg\",\"width\":1200,\"height\":630,\"caption\":\"Mountain Guide\"},\"image\":{\"@id\":\"https:\\\/\\\/mountainguides.pro\\\/#\\\/schema\\\/logo\\\/image\\\/\"},\"sameAs\":[\"https:\\\/\\\/www.facebook.com\\\/Mountainguide-232956566756831\\\/\",\"https:\\\/\\\/x.com\\\/Wintercyclone\",\"http:\\\/\\\/instagram.com\\\/mountainguide\",\"http:\\\/\\\/www.youtube.com\\\/mountainguide\"]}]}<\/script>\n<!-- \/ Yoast SEO Premium plugin. -->","yoast_head_json":{"title":"Adventure Rwanda","robots":{"index":"index","follow":"follow","max-snippet":"max-snippet:-1","max-image-preview":"max-image-preview:large","max-video-preview":"max-video-preview:-1"},"canonical":"https:\/\/mountainguides.pro\/ko\/tours\/adventure\/tour-to-rwanda-mountain-gorillas-and-mount-bisoke\/","og_locale":"en_US","og_type":"article","og_title":"[:en]Tour to Rwanda: Mountain Gorillas and Mount Bisoke[:de]Tour nach Ruanda: Berggorillas und der Vulkan Bisoque[:es]Tour a Ruanda: gorilas de monta\u00f1a y volc\u00e1n Bisoke[:pt]Excurs\u00e3o A Ruanda: gorilas da montanha e Vulc\u00e3o Bisoke[:zh]\u5362\u65fa\u8fbe\u4e4b\u65c5\uff1a\u5c71\u5730\u5927\u7329\u7329\u548c\u6bd4\u7d22\u514b\u706b\u5c71[:ko]\ub974\uc644\ub2e4 \ud22c\uc5b4:\uc0b0 \uace0\ub9b4\ub77c\uc640 \ube44\uc18c \ucf00 \ud654\uc0b0[:ja]\u30eb\u30ef\u30f3\u30c0\u30c4\u30a2\u30fc\uff1a\u30de\u30a6\u30f3\u30c6\u30f3\u30b4\u30ea\u30e9\u3068\u30d3\u30bd\u30fc\u30af\u706b\u5c71[:hi]\u0930\u0935\u093e\u0902\u0921\u093e \u091f\u0942\u0930: \u092e\u093e\u0909\u0902\u091f\u0947\u0928 \u0917\u094b\u0930\u093f\u0932\u094d\u0932\u093e \u0914\u0930 \u092c\u093f\u0938\u094b\u0915 \u091c\u094d\u0935\u093e\u0932\u093e\u092e\u0941\u0916\u0940[:ar]\u062c\u0648\u0644\u0629 \u0631\u0648\u0627\u0646\u062f\u0627: \u0627\u0644\u063a\u0648\u0631\u064a\u0644\u0627 \u0627\u0644\u062c\u0628\u0644\u064a\u0629 \u0648\u0628\u0631\u0643\u0627\u0646 \u0628\u064a\u0633\u0648\u0643[:]","og_description":"\uc548\uc804\ud558\uba74\uc11c\ub3c4 \uc5ec\uc804\ud788 \uc0c9\ub2e4\ub978 \ub9e4\ub825\uc744 \uc9c0\ub2cc \uc544\ud504\ub9ac\uce74\ub85c\uc758 \uc5ec\ud589  \uc138\uacc4\uc5d0 100\ub9c8\ub9ac\ub3c4 \ub0a8\uc9c0 \uc54a\uc740 \ud76c\uadc0\ud55c \uc0b0\uc545\uace0\ub9b4\ub77c\uac00 \uc11c\uc2dd\ud558\ub294 \ube44\uc18c\ucf00 \ud654\uc0b0\uc5d0 \uc624\ub985\ub2c8\ub2e4  \uace0\ub9b4\ub77c, \ucf5c\ub85c\ubd80\uc2a4, \uce68\ud32c\uc9c0, \ud669\uae08\uc6d0\uc22d\uc774 \u2014 \ub124 \uc885\ub958\uc758 \uc601\uc7a5\ub958\ub97c \ub9cc\ub098\ubcf4\uae30 \uc704\ud574 \ub178\ub825\ud569\ub2c8\ub2e4  \ud604\uc9c0\uc758 \uc804\ud1b5 \ub9c8\uc744\uc744 \ubc29\ubb38\ud558\uc5ec \ub8e8\uc548\ub2e4 \uc0ac\ub78c\ub4e4\uc758 \uc77c\uc0c1, \ubb38\ud654\uc640 \uc804\ud1b5\uc744 \uc54c\uc544\ubd05\ub2c8\ub2e4  \ud604\ub300\uc801\uc778 \uac74\ubb3c, \uc2dc\uc7a5, \ub808\uc2a4\ud1a0\ub791\uc774 \uc5b4\uc6b0\ub7ec\uc9c4 \uc218\ub3c4\ub97c \uc0b0\ucc45\ud558\uba70 \ub8e8\uc548\ub2e4\uc758 \ubb38\ud654\ub97c \ub290\ub08d\ub2c8\ub2e4  \uc6b8\ucc3d\ud55c \uc5f4\ub300\uc6b0\ub9bc\uacfc \ud48d\ubd80\ud55c \uc0dd\ubb3c \ub2e4\uc591\uc131\uc73c\ub85c \uc720\uba85\ud55c \ub219\uadf8\uc6e8 \uad6d\ub9bd\uacf5\uc6d0 \ubc29\ubb38  *\uc800\ud76c \ud68c\uc0ac\ub294 \ud56d\uacf5\uad8c \uad6c\ub9e4\u00b7\ud310\ub9e4 \ubc0f \ube44\uc790 \ubc1c\uae09 \uc5c5\ubb34\ub97c \uc218\ud589\ud558\uc9c0 \uc54a\uc73c\ubbc0\ub85c, \ud56d\uacf5\ud3b8 \ub610\ub294 \uad6d\uacbd \ud1b5\uacfc\uc640 \uad00\ub828\ub41c \ubd88\uac00\ud56d\ub825 \uc0c1\ud669\uc5d0 \ub300\ud574 \ucc45\uc784\uc744 \uc9c0\uc9c0 \uc54a\uc74c\uc744 \uc54c\ub824\ub4dc\ub9bd\ub2c8\ub2e4. \uc911\uc694\ud55c \uc815\ubcf4:    \ud638\ud154\uc758 \uccb4\ud06c\uc778 \ubc0f \uccb4\ud06c\uc544\uc6c3 \uc2dc\uac04\uc740 \ud638\ud154 \uaddc\uc815\uc5d0 \ub530\ub985\ub2c8\ub2e4: \uccb4\ud06c\uc778\uc740 15\uc2dc\ubd80\ud130, \uccb4\ud06c\uc544\uc6c3\uc740 11\u201312\uc2dc\uae4c\uc9c0\uc785\ub2c8\ub2e4. \uc9d0\uc740 \ub9ac\uc149\uc158\uc5d0 \ubcf4\uad00\ud55c \ud6c4 \ub3c4\uc2dc\ub97c \ub458\ub7ec\ubcf4\uac70\ub098, \uac00\ub2a5\ud560 \uacbd\uc6b0 \ucd94\uac00 \uc694\uae08\uc744 \uc9c0\ubd88\ud558\uc5ec \uc774\ub978 \uccb4\ud06c\uc778\/\ub2a6\uc740 \uccb4\ud06c\uc544\uc6c3\uc744 \ud558\uc2e4 \uc218 \uc788\uc2b5\ub2c8\ub2e4.","og_url":"https:\/\/mountainguides.pro\/ko\/tours\/adventure\/tour-to-rwanda-mountain-gorillas-and-mount-bisoke\/","og_site_name":"Mountain Guide","article_publisher":"https:\/\/www.facebook.com\/Mountainguide-232956566756831\/","article_modified_time":"2026-01-29T10:19:09+00:00","og_image":[{"width":1800,"height":1350,"url":"https:\/\/mountainguides.pro\/wp-content\/uploads\/2025\/01\/tur-ruanda.jpeg","type":"image\/jpeg"}],"twitter_card":"summary_large_image","twitter_site":"@Wintercyclone","twitter_misc":{"Est. reading time":"1 minute"},"schema":{"@context":"https:\/\/schema.org","@graph":[{"@type":"WebPage","@id":"https:\/\/mountainguides.pro\/ar\/tours\/adventure\/tour-to-rwanda-mountain-gorillas-and-mount-bisoke\/","url":"https:\/\/mountainguides.pro\/ar\/tours\/adventure\/tour-to-rwanda-mountain-gorillas-and-mount-bisoke\/","name":"Adventure Rwanda","isPartOf":{"@id":"https:\/\/mountainguides.pro\/#website"},"primaryImageOfPage":{"@id":"https:\/\/mountainguides.pro\/ar\/tours\/adventure\/tour-to-rwanda-mountain-gorillas-and-mount-bisoke\/#primaryimage"},"image":{"@id":"https:\/\/mountainguides.pro\/ar\/tours\/adventure\/tour-to-rwanda-mountain-gorillas-and-mount-bisoke\/#primaryimage"},"thumbnailUrl":"https:\/\/mountainguides.pro\/wp-content\/uploads\/2025\/01\/tur-ruanda.jpeg","datePublished":"2025-01-08T13:49:55+00:00","dateModified":"2026-01-29T10:19:09+00:00","breadcrumb":{"@id":"https:\/\/mountainguides.pro\/ar\/tours\/adventure\/tour-to-rwanda-mountain-gorillas-and-mount-bisoke\/#breadcrumb"},"inLanguage":"ko","potentialAction":[{"@type":"ReadAction","target":["https:\/\/mountainguides.pro\/ar\/tours\/adventure\/tour-to-rwanda-mountain-gorillas-and-mount-bisoke\/"]}]},{"@type":"ImageObject","inLanguage":"ko","@id":"https:\/\/mountainguides.pro\/ar\/tours\/adventure\/tour-to-rwanda-mountain-gorillas-and-mount-bisoke\/#primaryimage","url":"https:\/\/mountainguides.pro\/wp-content\/uploads\/2025\/01\/tur-ruanda.jpeg","contentUrl":"https:\/\/mountainguides.pro\/wp-content\/uploads\/2025\/01\/tur-ruanda.jpeg","width":1800,"height":1350},{"@type":"BreadcrumbList","@id":"https:\/\/mountainguides.pro\/ar\/tours\/adventure\/tour-to-rwanda-mountain-gorillas-and-mount-bisoke\/#breadcrumb","itemListElement":[{"@type":"ListItem","position":1,"name":"Home","item":"https:\/\/mountainguides.pro\/de\/"},{"@type":"ListItem","position":2,"name":"\u062c\u0648\u0644\u0629 \u0631\u0648\u0627\u0646\u062f\u0627: \u0627\u0644\u063a\u0648\u0631\u064a\u0644\u0627 \u0627\u0644\u062c\u0628\u0644\u064a\u0629 \u0648\u0628\u0631\u0643\u0627\u0646 \u0628\u064a\u0633\u0648\u0643"}]},{"@type":"WebSite","@id":"https:\/\/mountainguides.pro\/#website","url":"https:\/\/mountainguides.pro\/","name":"Mountain Guide","description":"We aspire to be the first in everything!","publisher":{"@id":"https:\/\/mountainguides.pro\/#organization"},"potentialAction":[{"@type":"SearchAction","target":{"@type":"EntryPoint","urlTemplate":"https:\/\/mountainguides.pro\/?s={search_term_string}"},"query-input":{"@type":"PropertyValueSpecification","valueRequired":true,"valueName":"search_term_string"}}],"inLanguage":"ko"},{"@type":"Organization","@id":"https:\/\/mountainguides.pro\/#organization","name":"Mountain Guide","url":"https:\/\/mountainguides.pro\/","logo":{"@type":"ImageObject","inLanguage":"ko","@id":"https:\/\/mountainguides.pro\/#\/schema\/logo\/image\/","url":"https:\/\/mountainguides.pro\/wp-content\/uploads\/2018\/01\/mglogo.jpg","contentUrl":"https:\/\/mountainguides.pro\/wp-content\/uploads\/2018\/01\/mglogo.jpg","width":1200,"height":630,"caption":"Mountain Guide"},"image":{"@id":"https:\/\/mountainguides.pro\/#\/schema\/logo\/image\/"},"sameAs":["https:\/\/www.facebook.com\/Mountainguide-232956566756831\/","https:\/\/x.com\/Wintercyclone","http:\/\/instagram.com\/mountainguide","http:\/\/www.youtube.com\/mountainguide"]}]}},"_links":{"self":[{"href":"https:\/\/mountainguides.pro\/ko\/wp-json\/wp\/v2\/product\/21096","targetHints":{"allow":["GET"]}}],"collection":[{"href":"https:\/\/mountainguides.pro\/ko\/wp-json\/wp\/v2\/product"}],"about":[{"href":"https:\/\/mountainguides.pro\/ko\/wp-json\/wp\/v2\/types\/product"}],"replies":[{"embeddable":true,"href":"https:\/\/mountainguides.pro\/ko\/wp-json\/wp\/v2\/comments?post=21096"}],"version-history":[{"count":12,"href":"https:\/\/mountainguides.pro\/ko\/wp-json\/wp\/v2\/product\/21096\/revisions"}],"predecessor-version":[{"id":32665,"href":"https:\/\/mountainguides.pro\/ko\/wp-json\/wp\/v2\/product\/21096\/revisions\/32665"}],"wp:featuredmedia":[{"embeddable":true,"href":"https:\/\/mountainguides.pro\/ko\/wp-json\/wp\/v2\/media\/21455"}],"wp:attachment":[{"href":"https:\/\/mountainguides.pro\/ko\/wp-json\/wp\/v2\/media?parent=21096"}],"wp:term":[{"taxonomy":"product_cat","embeddable":true,"href":"https:\/\/mountainguides.pro\/ko\/wp-json\/wp\/v2\/product_cat?post=21096"},{"taxonomy":"product_tag","embeddable":true,"href":"https:\/\/mountainguides.pro\/ko\/wp-json\/wp\/v2\/product_tag?post=21096"}],"curies":[{"name":"wp","href":"https:\/\/api.w.org\/{rel}","templated":true}]}}