{"id":21100,"date":"2025-01-08T16:50:02","date_gmt":"2025-01-08T13:50:02","guid":{"rendered":"https:\/\/mountainguides.pro\/?post_type=product&#038;p=21100"},"modified":"2026-01-29T11:29:35","modified_gmt":"2026-01-29T08:29:35","slug":"tour-to-kathmandu-inside-out-in-one-day","status":"publish","type":"product","link":"https:\/\/mountainguides.pro\/ko\/tours\/adventure\/tour-to-kathmandu-inside-out-in-one-day\/","title":{"rendered":"\uce74\ud2b8\ub9cc\ub450 \ud22c\uc5b4:\ud558\ub8e8\uc5d0 \uc778\uc0ac\uc774\ub4dc \uc544\uc6c3"},"content":{"rendered":"","protected":false},"excerpt":{"rendered":"<ul>\n<li class=\"p1\">\ub450\ub974\ubc14\ub974 \uad11\uc7a5, \ub124\ud314 \uc655\uad8c\uc758 \uc911\uc2ec\uc9c0\uc600\uc73c\uba70 \uad6d\uac00 \uc5ed\uc0ac \uc18d \ub9ce\uc740 \uc911\uc694\ud55c \uc0ac\uac74\ub4e4\uc758 \uc99d\uc778\uc774 \ub41c \uacf3<\/li>\n<li class=\"p1\">\uc6b4\uc774 \uc88b\ub2e4\uba74 \ub124\ud314\uc758 \uc9c4\uc815\ud55c \uc0c1\uc9d5\uc778 \uc0b4\uc544\uc788\ub294 \uc5ec\uc2e0 \ucfe0\ub9c8\ub9ac\ub97c \ubcfc \uc218 \uc788\uc2b5\ub2c8\ub2e4<\/li>\n<li class=\"p1\">\ud30c\uc288\ud30c\ud2f0\ub098\ud2b8, \ubaa8\ub4e0 \ud78c\ub450\uad50\ub3c4\ub4e4\uc5d0\uac8c \uc2e0\uc131\ud55c \uc0ac\uc6d0\uc73c\ub85c, \uc774\uacf3\uc5d0\uc11c\ub294 \ub9e4\uc77c \uace0\uc778\uc758 \ud654\uc7a5\uc774 \uc9c4\ud589\ub429\ub2c8\ub2e4<\/li>\n<li class=\"p1\">\uc601\uc801 \uc218\ud589\uc5d0 \uc778\uc0dd\uc744 \ubc14\uce58\ub294 \uc0ac\ub450\u2014\uc740\ub454\uc790\uc640 \uc218\ub3c4\uc790\ub4e4\uc744 \ubcfc \uc218 \uc788\uc2b5\ub2c8\ub2e4<\/li>\n<li class=\"p1\">\uc2a4\uc640\uc58c\ubd80\ub098\ud2b8(\u2018\uc6d0\uc22d\uc774 \uc0ac\uc6d0\u2019\uc774\ub77c\uace0\ub3c4 \uc54c\ub824\uc9d0)\ub294 \ub124\ud314\uc5d0\uc11c \uac00\uc7a5 \uc624\ub798\ub418\uace0 \uc2e0\uc131\ud55c \ubd88\uad50 \uc720\uc801 \uc911 \ud558\ub098\uc785\ub2c8\ub2e4<\/li>\n<\/ul>\n<p class=\"p1\"><strong>*\ub2f9\uc0ac\uc5d0\uc11c\ub294 \ud56d\uacf5\uad8c \uad6c\ub9e4, \ud310\ub9e4 \ubc0f \ube44\uc790 \ubc1c\uae09 \uc5c5\ubb34\ub97c \uc218\ud589\ud558\uc9c0 \uc54a\uc73c\uba70, \ud56d\uacf5\ud3b8 \ub610\ub294 \uad6d\uacbd \ud1b5\uacfc\uc640 \uad00\ub828\ub41c \ubd88\uac00\ud56d\ub825 \uc0c1\ud669\uc5d0 \ub300\ud574 \ucc45\uc784\uc744 \uc9c0\uc9c0 \uc54a\uc74c\uc744 \uc720\uc758\ud574 \uc8fc\uc2ed\uc2dc\uc624.<\/strong><\/p>\n<p class=\"p1\"><strong>\uc911\uc694 \uc815\ubcf4:<\/strong><\/p>\n<ul>\n<li class=\"p1\">\ub124\ud314\uc5d0\uc11c\ub294 \uc791\uc740 \uc561\uba74\uac00, \ud6fc\uc190\ub41c \uc9c0\ud3d0, \uc624\ub798\ub41c(2009\ub144 \uc774\uc804 \ubc1c\ud589) \ub2ec\ub7ec \uc9c0\ud3d0\uc758 \ud658\uc804\uc5d0 \uc5b4\ub824\uc6c0\uc774 \uc788\uc73c\ub2c8 \ucc38\uace0\ud558\uc2dc\uae30 \ubc14\ub78d\ub2c8\ub2e4. \uacbd\uc6b0\uc5d0 \ub530\ub77c \ucd94\uac00 \uc218\uc218\ub8cc\uac00 \ubd80\uacfc\ub418\uac70\ub098 \ud658\uc804\uc774 \uac70\ubd80\ub420 \uc218 \uc788\uc2b5\ub2c8\ub2e4.<\/li>\n<li class=\"p1\">\ucd5c\uc885 \ud22c\uc5b4 \ube44\uc6a9\uc740 \uc778\uc6d0\uc218\uc5d0 \ub530\ub77c \ub2ec\ub77c\uc9d1\ub2c8\ub2e4<\/li>\n<li class=\"p1\">\ubcf8 \ud504\ub85c\uc81d\ud2b8\ub294 \uc0c1\uc5c5\uc801 \ubaa9\uc801\uc774 \uc544\ub2cc, \uc800\ud76c \uace0\uac1d\uc744 \uc704\ud55c \uc774\ubbf8\uc9c0 \ud504\ub85c\uc81d\ud2b8\uc785\ub2c8\ub2e4<\/li>\n<\/ul>\n","protected":false},"featured_media":0,"comment_status":"closed","ping_status":"closed","template":"","meta":{"_acf_changed":false,"footnotes":""},"product_cat":[337],"product_tag":[],"class_list":{"0":"post-21100","1":"product","2":"type-product","3":"status-publish","5":"product_cat-adventure","7":"first","8":"instock","9":"shipping-taxable","10":"purchasable","11":"product-type-simple"},"acf":[],"yoast_head":"<!-- This site is optimized with the Yoast SEO Premium plugin v26.5 (Yoast SEO v27.6) - https:\/\/yoast.com\/product\/yoast-seo-premium-wordpress\/ -->\n<title>Adventure Kathmandu<\/title>\n<meta name=\"robots\" content=\"index, follow, max-snippet:-1, max-image-preview:large, max-video-preview:-1\" \/>\n<link rel=\"canonical\" href=\"https:\/\/mountainguides.pro\/ko\/tours\/adventure\/tour-to-kathmandu-inside-out-in-one-day\/\" \/>\n<meta property=\"og:locale\" content=\"en_US\" \/>\n<meta property=\"og:locale:alternate\" content=\"en_US\" \/>\n<meta property=\"og:locale:alternate\" content=\"ru_RU\" \/>\n<meta property=\"og:locale:alternate\" content=\"de\" \/>\n<meta property=\"og:locale:alternate\" content=\"es\" \/>\n<meta property=\"og:locale:alternate\" content=\"pt\" \/>\n<meta property=\"og:locale:alternate\" content=\"zh\" \/>\n<meta property=\"og:locale:alternate\" content=\"ja\" \/>\n<meta property=\"og:locale:alternate\" content=\"hi\" \/>\n<meta property=\"og:locale:alternate\" content=\"ar\" \/>\n<meta property=\"og:type\" content=\"article\" \/>\n<meta property=\"og:title\" content=\"\uce74\ud2b8\ub9cc\ub450 \ud22c\uc5b4:\ud558\ub8e8\uc5d0 \uc778\uc0ac\uc774\ub4dc \uc544\uc6c3\" \/>\n<meta property=\"og:description\" content=\"\ub450\ub974\ubc14\ub974 \uad11\uc7a5, \ub124\ud314 \uc655\uad8c\uc758 \uc911\uc2ec\uc9c0\uc600\uc73c\uba70 \uad6d\uac00 \uc5ed\uc0ac \uc18d \ub9ce\uc740 \uc911\uc694\ud55c \uc0ac\uac74\ub4e4\uc758 \uc99d\uc778\uc774 \ub41c \uacf3  \uc6b4\uc774 \uc88b\ub2e4\uba74 \ub124\ud314\uc758 \uc9c4\uc815\ud55c \uc0c1\uc9d5\uc778 \uc0b4\uc544\uc788\ub294 \uc5ec\uc2e0 \ucfe0\ub9c8\ub9ac\ub97c \ubcfc \uc218 \uc788\uc2b5\ub2c8\ub2e4  \ud30c\uc288\ud30c\ud2f0\ub098\ud2b8, \ubaa8\ub4e0 \ud78c\ub450\uad50\ub3c4\ub4e4\uc5d0\uac8c \uc2e0\uc131\ud55c \uc0ac\uc6d0\uc73c\ub85c, \uc774\uacf3\uc5d0\uc11c\ub294 \ub9e4\uc77c \uace0\uc778\uc758 \ud654\uc7a5\uc774 \uc9c4\ud589\ub429\ub2c8\ub2e4  \uc601\uc801 \uc218\ud589\uc5d0 \uc778\uc0dd\uc744 \ubc14\uce58\ub294 \uc0ac\ub450\u2014\uc740\ub454\uc790\uc640 \uc218\ub3c4\uc790\ub4e4\uc744 \ubcfc \uc218 \uc788\uc2b5\ub2c8\ub2e4  \uc2a4\uc640\uc58c\ubd80\ub098\ud2b8(\u2018\uc6d0\uc22d\uc774 \uc0ac\uc6d0\u2019\uc774\ub77c\uace0\ub3c4 \uc54c\ub824\uc9d0)\ub294 \ub124\ud314\uc5d0\uc11c \uac00\uc7a5 \uc624\ub798\ub418\uace0 \uc2e0\uc131\ud55c \ubd88\uad50 \uc720\uc801 \uc911 \ud558\ub098\uc785\ub2c8\ub2e4  *\ub2f9\uc0ac\uc5d0\uc11c\ub294 \ud56d\uacf5\uad8c \uad6c\ub9e4, \ud310\ub9e4 \ubc0f \ube44\uc790 \ubc1c\uae09 \uc5c5\ubb34\ub97c \uc218\ud589\ud558\uc9c0 \uc54a\uc73c\uba70, \ud56d\uacf5\ud3b8 \ub610\ub294 \uad6d\uacbd \ud1b5\uacfc\uc640 \uad00\ub828\ub41c \ubd88\uac00\ud56d\ub825 \uc0c1\ud669\uc5d0 \ub300\ud574 \ucc45\uc784\uc744 \uc9c0\uc9c0 \uc54a\uc74c\uc744 \uc720\uc758\ud574 \uc8fc\uc2ed\uc2dc\uc624. \uc911\uc694 \uc815\ubcf4:    \ub124\ud314\uc5d0\uc11c\ub294 \uc791\uc740 \uc561\uba74\uac00, \ud6fc\uc190\ub41c \uc9c0\ud3d0, \uc624\ub798\ub41c(2009\ub144 \uc774\uc804 \ubc1c\ud589) \ub2ec\ub7ec \uc9c0\ud3d0\uc758 \ud658\uc804\uc5d0 \uc5b4\ub824\uc6c0\uc774 \uc788\uc73c\ub2c8 \ucc38\uace0\ud558\uc2dc\uae30 \ubc14\ub78d\ub2c8\ub2e4. \uacbd\uc6b0\uc5d0 \ub530\ub77c \ucd94\uac00 \uc218\uc218\ub8cc\uac00 \ubd80\uacfc\ub418\uac70\ub098 \ud658\uc804\uc774 \uac70\ubd80\ub420 \uc218 \uc788\uc2b5\ub2c8\ub2e4.  \ucd5c\uc885 \ud22c\uc5b4 \ube44\uc6a9\uc740 \uc778\uc6d0\uc218\uc5d0 \ub530\ub77c \ub2ec\ub77c\uc9d1\ub2c8\ub2e4  \ubcf8 \ud504\ub85c\uc81d\ud2b8\ub294 \uc0c1\uc5c5\uc801 \ubaa9\uc801\uc774 \uc544\ub2cc, \uc800\ud76c \uace0\uac1d\uc744 \uc704\ud55c \uc774\ubbf8\uc9c0 \ud504\ub85c\uc81d\ud2b8\uc785\ub2c8\ub2e4\" \/>\n<meta property=\"og:url\" content=\"https:\/\/mountainguides.pro\/ko\/tours\/adventure\/tour-to-kathmandu-inside-out-in-one-day\/\" \/>\n<meta property=\"og:site_name\" content=\"Mountain Guide\" \/>\n<meta property=\"article:publisher\" content=\"https:\/\/www.facebook.com\/Mountainguide-232956566756831\/\" \/>\n<meta property=\"article:modified_time\" content=\"2026-01-29T08:29:35+00:00\" \/>\n<meta property=\"og:image\" content=\"https:\/\/mountainguides.pro\/wp-content\/uploads\/2018\/01\/mglogo.jpg\" \/>\n\t<meta property=\"og:image:width\" content=\"1200\" \/>\n\t<meta property=\"og:image:height\" content=\"630\" \/>\n\t<meta property=\"og:image:type\" content=\"image\/jpeg\" \/>\n<meta name=\"twitter:card\" content=\"summary_large_image\" \/>\n<meta name=\"twitter:site\" content=\"@Wintercyclone\" \/>\n<script type=\"application\/ld+json\" class=\"yoast-schema-graph\">{\"@context\":\"https:\\\/\\\/schema.org\",\"@graph\":[{\"@type\":\"WebPage\",\"@id\":\"https:\\\/\\\/mountainguides.pro\\\/ar\\\/tours\\\/adventure\\\/tour-to-kathmandu-inside-out-in-one-day\\\/\",\"url\":\"https:\\\/\\\/mountainguides.pro\\\/ar\\\/tours\\\/adventure\\\/tour-to-kathmandu-inside-out-in-one-day\\\/\",\"name\":\"Adventure Kathmandu\",\"isPartOf\":{\"@id\":\"https:\\\/\\\/mountainguides.pro\\\/#website\"},\"datePublished\":\"2025-01-08T13:50:02+00:00\",\"dateModified\":\"2026-01-29T08:29:35+00:00\",\"breadcrumb\":{\"@id\":\"https:\\\/\\\/mountainguides.pro\\\/ar\\\/tours\\\/adventure\\\/tour-to-kathmandu-inside-out-in-one-day\\\/#breadcrumb\"},\"inLanguage\":\"ko\",\"potentialAction\":[{\"@type\":\"ReadAction\",\"target\":[\"https:\\\/\\\/mountainguides.pro\\\/ar\\\/tours\\\/adventure\\\/tour-to-kathmandu-inside-out-in-one-day\\\/\"]}]},{\"@type\":\"BreadcrumbList\",\"@id\":\"https:\\\/\\\/mountainguides.pro\\\/ar\\\/tours\\\/adventure\\\/tour-to-kathmandu-inside-out-in-one-day\\\/#breadcrumb\",\"itemListElement\":[{\"@type\":\"ListItem\",\"position\":1,\"name\":\"Home\",\"item\":\"https:\\\/\\\/mountainguides.pro\\\/de\\\/\"},{\"@type\":\"ListItem\",\"position\":2,\"name\":\"\u062c\u0648\u0644\u0629 \u0643\u0627\u062a\u0645\u0627\u0646\u062f\u0648: \u0627\u0644\u062f\u0627\u062e\u0644 \u0627\u0644\u0649 \u0627\u0644\u062e\u0627\u0631\u062c \u0641\u064a \u064a\u0648\u0645 \u0648\u0627\u062d\u062f\"}]},{\"@type\":\"WebSite\",\"@id\":\"https:\\\/\\\/mountainguides.pro\\\/#website\",\"url\":\"https:\\\/\\\/mountainguides.pro\\\/\",\"name\":\"Mountain Guide\",\"description\":\"We aspire to be the first in everything!\",\"publisher\":{\"@id\":\"https:\\\/\\\/mountainguides.pro\\\/#organization\"},\"potentialAction\":[{\"@type\":\"SearchAction\",\"target\":{\"@type\":\"EntryPoint\",\"urlTemplate\":\"https:\\\/\\\/mountainguides.pro\\\/?s={search_term_string}\"},\"query-input\":{\"@type\":\"PropertyValueSpecification\",\"valueRequired\":true,\"valueName\":\"search_term_string\"}}],\"inLanguage\":\"ko\"},{\"@type\":\"Organization\",\"@id\":\"https:\\\/\\\/mountainguides.pro\\\/#organization\",\"name\":\"Mountain Guide\",\"url\":\"https:\\\/\\\/mountainguides.pro\\\/\",\"logo\":{\"@type\":\"ImageObject\",\"inLanguage\":\"ko\",\"@id\":\"https:\\\/\\\/mountainguides.pro\\\/#\\\/schema\\\/logo\\\/image\\\/\",\"url\":\"https:\\\/\\\/mountainguides.pro\\\/wp-content\\\/uploads\\\/2018\\\/01\\\/mglogo.jpg\",\"contentUrl\":\"https:\\\/\\\/mountainguides.pro\\\/wp-content\\\/uploads\\\/2018\\\/01\\\/mglogo.jpg\",\"width\":1200,\"height\":630,\"caption\":\"Mountain Guide\"},\"image\":{\"@id\":\"https:\\\/\\\/mountainguides.pro\\\/#\\\/schema\\\/logo\\\/image\\\/\"},\"sameAs\":[\"https:\\\/\\\/www.facebook.com\\\/Mountainguide-232956566756831\\\/\",\"https:\\\/\\\/x.com\\\/Wintercyclone\",\"http:\\\/\\\/instagram.com\\\/mountainguide\",\"http:\\\/\\\/www.youtube.com\\\/mountainguide\"]}]}<\/script>\n<!-- \/ Yoast SEO Premium plugin. -->","yoast_head_json":{"title":"Adventure Kathmandu","robots":{"index":"index","follow":"follow","max-snippet":"max-snippet:-1","max-image-preview":"max-image-preview:large","max-video-preview":"max-video-preview:-1"},"canonical":"https:\/\/mountainguides.pro\/ko\/tours\/adventure\/tour-to-kathmandu-inside-out-in-one-day\/","og_locale":"en_US","og_type":"article","og_title":"[:en]Tour to Kathmandu: Inside Out in One Day[:de]Tour nach Kathmandu: Von innen nach au\u00dfen f\u00fcr einen Tag[:es]Tour de Katmand\u00fa: al Rev\u00e9s en un d\u00eda[:pt]Tour em Katmandu: de dentro para fora em um dia[:zh]\u52a0\u5fb7\u6ee1\u90fd\u4e4b\u65c5\uff1a\u4e00\u65e5\u6e38[:ko]\uce74\ud2b8\ub9cc\ub450 \ud22c\uc5b4:\ud558\ub8e8\uc5d0 \uc778\uc0ac\uc774\ub4dc \uc544\uc6c3[:ja]\u30ab\u30c8\u30de\u30f3\u30ba\u30c4\u30a2\u30fc\uff1a\u4e00\u65e5\u306e\u4e2d\u3067\u30a4\u30f3\u30b5\u30a4\u30c9\u30a2\u30a6\u30c8[:hi]\u0915\u093e\u0920\u092e\u093e\u0902\u0921\u0942 \u092f\u093e\u0924\u094d\u0930\u093e: \u090f\u0915 \u0926\u093f\u0928 \u092e\u0947\u0902 \u0905\u0902\u0926\u0930 \u092c\u093e\u0939\u0930[:ar]\u062c\u0648\u0644\u0629 \u0643\u0627\u062a\u0645\u0627\u0646\u062f\u0648: \u0627\u0644\u062f\u0627\u062e\u0644 \u0627\u0644\u0649 \u0627\u0644\u062e\u0627\u0631\u062c \u0641\u064a \u064a\u0648\u0645 \u0648\u0627\u062d\u062f[:]","og_description":"\ub450\ub974\ubc14\ub974 \uad11\uc7a5, \ub124\ud314 \uc655\uad8c\uc758 \uc911\uc2ec\uc9c0\uc600\uc73c\uba70 \uad6d\uac00 \uc5ed\uc0ac \uc18d \ub9ce\uc740 \uc911\uc694\ud55c \uc0ac\uac74\ub4e4\uc758 \uc99d\uc778\uc774 \ub41c \uacf3  \uc6b4\uc774 \uc88b\ub2e4\uba74 \ub124\ud314\uc758 \uc9c4\uc815\ud55c \uc0c1\uc9d5\uc778 \uc0b4\uc544\uc788\ub294 \uc5ec\uc2e0 \ucfe0\ub9c8\ub9ac\ub97c \ubcfc \uc218 \uc788\uc2b5\ub2c8\ub2e4  \ud30c\uc288\ud30c\ud2f0\ub098\ud2b8, \ubaa8\ub4e0 \ud78c\ub450\uad50\ub3c4\ub4e4\uc5d0\uac8c \uc2e0\uc131\ud55c \uc0ac\uc6d0\uc73c\ub85c, \uc774\uacf3\uc5d0\uc11c\ub294 \ub9e4\uc77c \uace0\uc778\uc758 \ud654\uc7a5\uc774 \uc9c4\ud589\ub429\ub2c8\ub2e4  \uc601\uc801 \uc218\ud589\uc5d0 \uc778\uc0dd\uc744 \ubc14\uce58\ub294 \uc0ac\ub450\u2014\uc740\ub454\uc790\uc640 \uc218\ub3c4\uc790\ub4e4\uc744 \ubcfc \uc218 \uc788\uc2b5\ub2c8\ub2e4  \uc2a4\uc640\uc58c\ubd80\ub098\ud2b8(\u2018\uc6d0\uc22d\uc774 \uc0ac\uc6d0\u2019\uc774\ub77c\uace0\ub3c4 \uc54c\ub824\uc9d0)\ub294 \ub124\ud314\uc5d0\uc11c \uac00\uc7a5 \uc624\ub798\ub418\uace0 \uc2e0\uc131\ud55c \ubd88\uad50 \uc720\uc801 \uc911 \ud558\ub098\uc785\ub2c8\ub2e4  *\ub2f9\uc0ac\uc5d0\uc11c\ub294 \ud56d\uacf5\uad8c \uad6c\ub9e4, \ud310\ub9e4 \ubc0f \ube44\uc790 \ubc1c\uae09 \uc5c5\ubb34\ub97c \uc218\ud589\ud558\uc9c0 \uc54a\uc73c\uba70, \ud56d\uacf5\ud3b8 \ub610\ub294 \uad6d\uacbd \ud1b5\uacfc\uc640 \uad00\ub828\ub41c \ubd88\uac00\ud56d\ub825 \uc0c1\ud669\uc5d0 \ub300\ud574 \ucc45\uc784\uc744 \uc9c0\uc9c0 \uc54a\uc74c\uc744 \uc720\uc758\ud574 \uc8fc\uc2ed\uc2dc\uc624. \uc911\uc694 \uc815\ubcf4:    \ub124\ud314\uc5d0\uc11c\ub294 \uc791\uc740 \uc561\uba74\uac00, \ud6fc\uc190\ub41c \uc9c0\ud3d0, \uc624\ub798\ub41c(2009\ub144 \uc774\uc804 \ubc1c\ud589) \ub2ec\ub7ec \uc9c0\ud3d0\uc758 \ud658\uc804\uc5d0 \uc5b4\ub824\uc6c0\uc774 \uc788\uc73c\ub2c8 \ucc38\uace0\ud558\uc2dc\uae30 \ubc14\ub78d\ub2c8\ub2e4. \uacbd\uc6b0\uc5d0 \ub530\ub77c \ucd94\uac00 \uc218\uc218\ub8cc\uac00 \ubd80\uacfc\ub418\uac70\ub098 \ud658\uc804\uc774 \uac70\ubd80\ub420 \uc218 \uc788\uc2b5\ub2c8\ub2e4.  \ucd5c\uc885 \ud22c\uc5b4 \ube44\uc6a9\uc740 \uc778\uc6d0\uc218\uc5d0 \ub530\ub77c \ub2ec\ub77c\uc9d1\ub2c8\ub2e4  \ubcf8 \ud504\ub85c\uc81d\ud2b8\ub294 \uc0c1\uc5c5\uc801 \ubaa9\uc801\uc774 \uc544\ub2cc, \uc800\ud76c \uace0\uac1d\uc744 \uc704\ud55c \uc774\ubbf8\uc9c0 \ud504\ub85c\uc81d\ud2b8\uc785\ub2c8\ub2e4","og_url":"https:\/\/mountainguides.pro\/ko\/tours\/adventure\/tour-to-kathmandu-inside-out-in-one-day\/","og_site_name":"Mountain Guide","article_publisher":"https:\/\/www.facebook.com\/Mountainguide-232956566756831\/","article_modified_time":"2026-01-29T08:29:35+00:00","og_image":[{"width":1200,"height":630,"url":"https:\/\/mountainguides.pro\/wp-content\/uploads\/2018\/01\/mglogo.jpg","type":"image\/jpeg"}],"twitter_card":"summary_large_image","twitter_site":"@Wintercyclone","schema":{"@context":"https:\/\/schema.org","@graph":[{"@type":"WebPage","@id":"https:\/\/mountainguides.pro\/ar\/tours\/adventure\/tour-to-kathmandu-inside-out-in-one-day\/","url":"https:\/\/mountainguides.pro\/ar\/tours\/adventure\/tour-to-kathmandu-inside-out-in-one-day\/","name":"Adventure Kathmandu","isPartOf":{"@id":"https:\/\/mountainguides.pro\/#website"},"datePublished":"2025-01-08T13:50:02+00:00","dateModified":"2026-01-29T08:29:35+00:00","breadcrumb":{"@id":"https:\/\/mountainguides.pro\/ar\/tours\/adventure\/tour-to-kathmandu-inside-out-in-one-day\/#breadcrumb"},"inLanguage":"ko","potentialAction":[{"@type":"ReadAction","target":["https:\/\/mountainguides.pro\/ar\/tours\/adventure\/tour-to-kathmandu-inside-out-in-one-day\/"]}]},{"@type":"BreadcrumbList","@id":"https:\/\/mountainguides.pro\/ar\/tours\/adventure\/tour-to-kathmandu-inside-out-in-one-day\/#breadcrumb","itemListElement":[{"@type":"ListItem","position":1,"name":"Home","item":"https:\/\/mountainguides.pro\/de\/"},{"@type":"ListItem","position":2,"name":"\u062c\u0648\u0644\u0629 \u0643\u0627\u062a\u0645\u0627\u0646\u062f\u0648: \u0627\u0644\u062f\u0627\u062e\u0644 \u0627\u0644\u0649 \u0627\u0644\u062e\u0627\u0631\u062c \u0641\u064a \u064a\u0648\u0645 \u0648\u0627\u062d\u062f"}]},{"@type":"WebSite","@id":"https:\/\/mountainguides.pro\/#website","url":"https:\/\/mountainguides.pro\/","name":"Mountain Guide","description":"We aspire to be the first in everything!","publisher":{"@id":"https:\/\/mountainguides.pro\/#organization"},"potentialAction":[{"@type":"SearchAction","target":{"@type":"EntryPoint","urlTemplate":"https:\/\/mountainguides.pro\/?s={search_term_string}"},"query-input":{"@type":"PropertyValueSpecification","valueRequired":true,"valueName":"search_term_string"}}],"inLanguage":"ko"},{"@type":"Organization","@id":"https:\/\/mountainguides.pro\/#organization","name":"Mountain Guide","url":"https:\/\/mountainguides.pro\/","logo":{"@type":"ImageObject","inLanguage":"ko","@id":"https:\/\/mountainguides.pro\/#\/schema\/logo\/image\/","url":"https:\/\/mountainguides.pro\/wp-content\/uploads\/2018\/01\/mglogo.jpg","contentUrl":"https:\/\/mountainguides.pro\/wp-content\/uploads\/2018\/01\/mglogo.jpg","width":1200,"height":630,"caption":"Mountain Guide"},"image":{"@id":"https:\/\/mountainguides.pro\/#\/schema\/logo\/image\/"},"sameAs":["https:\/\/www.facebook.com\/Mountainguide-232956566756831\/","https:\/\/x.com\/Wintercyclone","http:\/\/instagram.com\/mountainguide","http:\/\/www.youtube.com\/mountainguide"]}]}},"_links":{"self":[{"href":"https:\/\/mountainguides.pro\/ko\/wp-json\/wp\/v2\/product\/21100","targetHints":{"allow":["GET"]}}],"collection":[{"href":"https:\/\/mountainguides.pro\/ko\/wp-json\/wp\/v2\/product"}],"about":[{"href":"https:\/\/mountainguides.pro\/ko\/wp-json\/wp\/v2\/types\/product"}],"replies":[{"embeddable":true,"href":"https:\/\/mountainguides.pro\/ko\/wp-json\/wp\/v2\/comments?post=21100"}],"version-history":[{"count":11,"href":"https:\/\/mountainguides.pro\/ko\/wp-json\/wp\/v2\/product\/21100\/revisions"}],"predecessor-version":[{"id":32663,"href":"https:\/\/mountainguides.pro\/ko\/wp-json\/wp\/v2\/product\/21100\/revisions\/32663"}],"wp:attachment":[{"href":"https:\/\/mountainguides.pro\/ko\/wp-json\/wp\/v2\/media?parent=21100"}],"wp:term":[{"taxonomy":"product_cat","embeddable":true,"href":"https:\/\/mountainguides.pro\/ko\/wp-json\/wp\/v2\/product_cat?post=21100"},{"taxonomy":"product_tag","embeddable":true,"href":"https:\/\/mountainguides.pro\/ko\/wp-json\/wp\/v2\/product_tag?post=21100"}],"curies":[{"name":"wp","href":"https:\/\/api.w.org\/{rel}","templated":true}]}}