{"id":21102,"date":"2025-01-08T16:50:09","date_gmt":"2025-01-08T13:50:09","guid":{"rendered":"https:\/\/mountainguides.pro\/?post_type=product&#038;p=21102"},"modified":"2026-01-29T11:15:22","modified_gmt":"2026-01-29T08:15:22","slug":"tour-to-eritrea-dahlak-archipelago-and-rashaida-nomads","status":"publish","type":"product","link":"https:\/\/mountainguides.pro\/ko\/tours\/adventure\/tour-to-eritrea-dahlak-archipelago-and-rashaida-nomads\/","title":{"rendered":"\uc5d0\ub9ac\ud2b8\ub808\uc544 \ud22c\uc5b4:\ub2ec\ub77d \uad70\ub3c4\uc640 \ub77c\uc0e4\uc774\ub2e4 \uc720\ubaa9\ubbfc"},"content":{"rendered":"","protected":false},"excerpt":{"rendered":"<ul>\n<li class=\"p1\">\uc544\uc2a4\ub9c8\ub77c\uc758 \uc544\ub974\ub370\ucf54 \uac74\ucd95\uc774 \uc788\ub294 \uc881\uc740 \uace8\ubaa9\uc744 \uc0b0\ucc45\ud558\uace0 \uad70\uc0ac \uc7a5\ube44 \ubb18\uc9c0\ub97c \ubc29\ubb38<\/li>\n<li class=\"p1\">\ub77c\uc0e4\uc774\ub2e4 \uc720\ubaa9\ubbfc\ub4e4\uc758 \ud654\ub824\ud55c \uc804\ud1b5 \uc758\uc0c1\uacfc \ub3c5\ud2b9\ud55c \uad00\uc2b5\uc744 \uc54c\uc544\ubcf4\uae30<\/li>\n<li class=\"p1\">\ub3d9\uc591\uc801 \uc804\ud1b5\uacfc \uc2dd\ubbfc\uc9c0 \uac74\ucd95\uc774 \uc870\ud654\ub97c \uc774\ub8e8\ub294 \uace0\ub300 \ud56d\uad6c \ub3c4\uc2dc \ub9c8\uc0ac\uc640\uc758 \ubd84\uc704\uae30\uc5d0 \ud760\ubed1 \ube60\uc9c0\uae30<\/li>\n<li class=\"p1\">\ub2e4\ud758\ub77d \uc81c\ub3c4\uae4c\uc9c0\uc758 \ud574\uc0c1 \uc5ec\ud589\uacfc \ub370\uc2dc\uc5d0 \uc12c\uc5d0\uc11c \ubcc4 \uc544\ub798\uc5d0\uc11c \ubcf4\ub0b4\ub294 \ud558\ub8fb\ubc24<\/li>\n<li class=\"p1\">\ud574\ubc1c 2450\ubbf8\ud130\uc5d0 \uc704\uce58\ud55c \uc5d0\ub9ac\ud2b8\ub808\uc544\uc5d0\uc11c \uac00\uc7a5 \uc720\uba85\ud55c \uc218\ub3c4\uc6d0 \uc911 \ud558\ub098 \ubc29\ubb38 \u2014 \uc555\ub3c4\uc801\uc778 \uc804\ub9dd\uacfc \uace0\ub300 \uc5ed\uc0ac<\/li>\n<\/ul>\n<p class=\"p1\"><strong>\ub2f9\uc0ac\uc5d0\uc11c\ub294 \ud56d\uacf5\uad8c \uad6c\ub9e4, \ud310\ub9e4 \ubc0f \ube44\uc790 \ubc1c\uae09 \uc5c5\ubb34\ub97c \uc218\ud589\ud558\uc9c0 \uc54a\uc73c\uba70, \ud56d\uacf5\ud3b8 \ub610\ub294 \uad6d\uacbd \ud1b5\uacfc\uc640 \uad00\ub828\ub41c \ubd88\uac00\ud56d\ub825 \uc0c1\ud669\uc5d0 \ub300\ud574 \ucc45\uc784\uc744 \uc9c0\uc9c0 \uc54a\uc74c\uc744 \uc54c\ub824\ub4dc\ub9bd\ub2c8\ub2e4.<\/strong><i><\/i><\/p>\n<p class=\"p1\"><strong>\uc911\uc694 \uc815\ubcf4:<\/strong><\/p>\n<ul>\n<li class=\"p1\">\ud638\ud154 \uccb4\ud06c\uc778 \ubc0f \uccb4\ud06c\uc544\uc6c3 \uc2dc\uac04\uc740 \ud638\ud154 \uaddc\uc815\uc5d0 \ub530\ub985\ub2c8\ub2e4: \uccb4\ud06c\uc778\uc740 15\uc2dc \uc774\ud6c4, \uccb4\ud06c\uc544\uc6c3\uc740 11\u201312\uc2dc\uae4c\uc9c0\uc785\ub2c8\ub2e4. \uc9d0\uc740 \ud638\ud154 \ub9ac\uc149\uc158\uc5d0 \ub9e1\uae30\uace0 \ub3c4\uc2dc\ub97c \uc0b0\ucc45\ud560 \uc218 \uc788\uc73c\uba70, \uae30\uc220\uc801 \uac00\ub2a5\uc131\uc774 \uc788\uc744 \uacbd\uc6b0 \ucd94\uac00 \uc694\uae08\uc744 \uc9c0\ubd88\ud558\uace0 \uc774\ub978 \uccb4\ud06c\uc778\/\ub2a6\uc740 \uccb4\ud06c\uc544\uc6c3\uc744 \uc774\uc6a9\ud560 \uc218 \uc788\uc2b5\ub2c8\ub2e4.<\/li>\n<li class=\"p1\">\uc5d0\ub9ac\ud2b8\ub808\uc544\uc5d0\uc11c\ub294 \uc624\ub798\ub418\uc5c8\uac70\ub098(2009\ub144 \uc774\uc804), \ud6fc\uc190\ub418\uc5c8\uac70\ub098, \uc791\uc740 \uc561\uba74\uac00\uc758 \ub2ec\ub7ec \uc9c0\ud3d0\ub97c \uad50\ud658\ud558\ub294 \ub370 \uc5b4\ub824\uc6c0\uc774 \uc788\uc73c\ubbc0\ub85c \uc720\uc758\ud558\uc2dc\uae30 \ubc14\ub78d\ub2c8\ub2e4. \uc77c\ubd80 \uc7a5\uc18c\uc5d0\uc11c\ub294 \ucd94\uac00 \uc218\uc218\ub8cc\uac00 \ubd80\uacfc\ub418\uac70\ub098 \uad50\ud658\uc774 \uac70\ubd80\ub420 \uc218 \uc788\uc2b5\ub2c8\ub2e4.<\/li>\n<\/ul>\n","protected":false},"featured_media":21454,"comment_status":"closed","ping_status":"closed","template":"","meta":{"_acf_changed":false,"footnotes":""},"product_cat":[337],"product_tag":[],"class_list":{"0":"post-21102","1":"product","2":"type-product","3":"status-publish","4":"has-post-thumbnail","6":"product_cat-adventure","8":"first","9":"instock","10":"shipping-taxable","11":"purchasable","12":"product-type-simple"},"acf":[],"yoast_head":"<!-- This site is optimized with the Yoast SEO Premium plugin v26.5 (Yoast SEO v27.3) - https:\/\/yoast.com\/product\/yoast-seo-premium-wordpress\/ -->\n<title>Adventure Eritrea<\/title>\n<meta name=\"robots\" content=\"index, follow, max-snippet:-1, max-image-preview:large, max-video-preview:-1\" \/>\n<link rel=\"canonical\" href=\"https:\/\/mountainguides.pro\/ko\/tours\/adventure\/tour-to-eritrea-dahlak-archipelago-and-rashaida-nomads\/\" \/>\n<meta property=\"og:locale\" content=\"en_US\" \/>\n<meta property=\"og:locale:alternate\" content=\"en_US\" \/>\n<meta property=\"og:locale:alternate\" content=\"ru_RU\" \/>\n<meta property=\"og:locale:alternate\" content=\"de\" \/>\n<meta property=\"og:locale:alternate\" content=\"es\" \/>\n<meta property=\"og:locale:alternate\" content=\"pt\" \/>\n<meta property=\"og:locale:alternate\" content=\"zh\" \/>\n<meta property=\"og:locale:alternate\" content=\"ja\" \/>\n<meta property=\"og:locale:alternate\" content=\"hi\" \/>\n<meta property=\"og:locale:alternate\" content=\"ar\" \/>\n<meta property=\"og:type\" content=\"article\" \/>\n<meta property=\"og:title\" content=\"\uc5d0\ub9ac\ud2b8\ub808\uc544 \ud22c\uc5b4:\ub2ec\ub77d \uad70\ub3c4\uc640 \ub77c\uc0e4\uc774\ub2e4 \uc720\ubaa9\ubbfc\" \/>\n<meta property=\"og:description\" content=\"\uc544\uc2a4\ub9c8\ub77c\uc758 \uc544\ub974\ub370\ucf54 \uac74\ucd95\uc774 \uc788\ub294 \uc881\uc740 \uace8\ubaa9\uc744 \uc0b0\ucc45\ud558\uace0 \uad70\uc0ac \uc7a5\ube44 \ubb18\uc9c0\ub97c \ubc29\ubb38  \ub77c\uc0e4\uc774\ub2e4 \uc720\ubaa9\ubbfc\ub4e4\uc758 \ud654\ub824\ud55c \uc804\ud1b5 \uc758\uc0c1\uacfc \ub3c5\ud2b9\ud55c \uad00\uc2b5\uc744 \uc54c\uc544\ubcf4\uae30  \ub3d9\uc591\uc801 \uc804\ud1b5\uacfc \uc2dd\ubbfc\uc9c0 \uac74\ucd95\uc774 \uc870\ud654\ub97c \uc774\ub8e8\ub294 \uace0\ub300 \ud56d\uad6c \ub3c4\uc2dc \ub9c8\uc0ac\uc640\uc758 \ubd84\uc704\uae30\uc5d0 \ud760\ubed1 \ube60\uc9c0\uae30  \ub2e4\ud758\ub77d \uc81c\ub3c4\uae4c\uc9c0\uc758 \ud574\uc0c1 \uc5ec\ud589\uacfc \ub370\uc2dc\uc5d0 \uc12c\uc5d0\uc11c \ubcc4 \uc544\ub798\uc5d0\uc11c \ubcf4\ub0b4\ub294 \ud558\ub8fb\ubc24  \ud574\ubc1c 2450\ubbf8\ud130\uc5d0 \uc704\uce58\ud55c \uc5d0\ub9ac\ud2b8\ub808\uc544\uc5d0\uc11c \uac00\uc7a5 \uc720\uba85\ud55c \uc218\ub3c4\uc6d0 \uc911 \ud558\ub098 \ubc29\ubb38 \u2014 \uc555\ub3c4\uc801\uc778 \uc804\ub9dd\uacfc \uace0\ub300 \uc5ed\uc0ac  \ub2f9\uc0ac\uc5d0\uc11c\ub294 \ud56d\uacf5\uad8c \uad6c\ub9e4, \ud310\ub9e4 \ubc0f \ube44\uc790 \ubc1c\uae09 \uc5c5\ubb34\ub97c \uc218\ud589\ud558\uc9c0 \uc54a\uc73c\uba70, \ud56d\uacf5\ud3b8 \ub610\ub294 \uad6d\uacbd \ud1b5\uacfc\uc640 \uad00\ub828\ub41c \ubd88\uac00\ud56d\ub825 \uc0c1\ud669\uc5d0 \ub300\ud574 \ucc45\uc784\uc744 \uc9c0\uc9c0 \uc54a\uc74c\uc744 \uc54c\ub824\ub4dc\ub9bd\ub2c8\ub2e4. \uc911\uc694 \uc815\ubcf4:    \ud638\ud154 \uccb4\ud06c\uc778 \ubc0f \uccb4\ud06c\uc544\uc6c3 \uc2dc\uac04\uc740 \ud638\ud154 \uaddc\uc815\uc5d0 \ub530\ub985\ub2c8\ub2e4: \uccb4\ud06c\uc778\uc740 15\uc2dc \uc774\ud6c4, \uccb4\ud06c\uc544\uc6c3\uc740 11\u201312\uc2dc\uae4c\uc9c0\uc785\ub2c8\ub2e4. \uc9d0\uc740 \ud638\ud154 \ub9ac\uc149\uc158\uc5d0 \ub9e1\uae30\uace0 \ub3c4\uc2dc\ub97c \uc0b0\ucc45\ud560 \uc218 \uc788\uc73c\uba70, \uae30\uc220\uc801 \uac00\ub2a5\uc131\uc774 \uc788\uc744 \uacbd\uc6b0 \ucd94\uac00 \uc694\uae08\uc744 \uc9c0\ubd88\ud558\uace0 \uc774\ub978 \uccb4\ud06c\uc778\/\ub2a6\uc740 \uccb4\ud06c\uc544\uc6c3\uc744 \uc774\uc6a9\ud560 \uc218 \uc788\uc2b5\ub2c8\ub2e4.  \uc5d0\ub9ac\ud2b8\ub808\uc544\uc5d0\uc11c\ub294 \uc624\ub798\ub418\uc5c8\uac70\ub098(2009\ub144 \uc774\uc804), \ud6fc\uc190\ub418\uc5c8\uac70\ub098, \uc791\uc740 \uc561\uba74\uac00\uc758 \ub2ec\ub7ec \uc9c0\ud3d0\ub97c \uad50\ud658\ud558\ub294 \ub370 \uc5b4\ub824\uc6c0\uc774 \uc788\uc73c\ubbc0\ub85c \uc720\uc758\ud558\uc2dc\uae30 \ubc14\ub78d\ub2c8\ub2e4. \uc77c\ubd80 \uc7a5\uc18c\uc5d0\uc11c\ub294 \ucd94\uac00 \uc218\uc218\ub8cc\uac00 \ubd80\uacfc\ub418\uac70\ub098 \uad50\ud658\uc774 \uac70\ubd80\ub420 \uc218 \uc788\uc2b5\ub2c8\ub2e4.\" \/>\n<meta property=\"og:url\" content=\"https:\/\/mountainguides.pro\/ko\/tours\/adventure\/tour-to-eritrea-dahlak-archipelago-and-rashaida-nomads\/\" \/>\n<meta property=\"og:site_name\" content=\"Mountain Guide\" \/>\n<meta property=\"article:publisher\" content=\"https:\/\/www.facebook.com\/Mountainguide-232956566756831\/\" \/>\n<meta property=\"article:modified_time\" content=\"2026-01-29T08:15:22+00:00\" \/>\n<meta property=\"og:image\" content=\"https:\/\/mountainguides.pro\/wp-content\/uploads\/2025\/01\/tur-v-eritreyu.jpeg\" \/>\n\t<meta property=\"og:image:width\" content=\"1800\" \/>\n\t<meta property=\"og:image:height\" content=\"1350\" \/>\n\t<meta property=\"og:image:type\" content=\"image\/jpeg\" \/>\n<meta name=\"twitter:card\" content=\"summary_large_image\" \/>\n<meta name=\"twitter:site\" content=\"@Wintercyclone\" \/>\n<meta name=\"twitter:label1\" content=\"Est. reading time\" \/>\n\t<meta name=\"twitter:data1\" content=\"1 minute\" \/>\n<script type=\"application\/ld+json\" class=\"yoast-schema-graph\">{\"@context\":\"https:\\\/\\\/schema.org\",\"@graph\":[{\"@type\":\"WebPage\",\"@id\":\"https:\\\/\\\/mountainguides.pro\\\/ar\\\/tours\\\/adventure\\\/tour-to-eritrea-dahlak-archipelago-and-rashaida-nomads\\\/\",\"url\":\"https:\\\/\\\/mountainguides.pro\\\/ar\\\/tours\\\/adventure\\\/tour-to-eritrea-dahlak-archipelago-and-rashaida-nomads\\\/\",\"name\":\"Adventure Eritrea\",\"isPartOf\":{\"@id\":\"https:\\\/\\\/mountainguides.pro\\\/#website\"},\"primaryImageOfPage\":{\"@id\":\"https:\\\/\\\/mountainguides.pro\\\/ar\\\/tours\\\/adventure\\\/tour-to-eritrea-dahlak-archipelago-and-rashaida-nomads\\\/#primaryimage\"},\"image\":{\"@id\":\"https:\\\/\\\/mountainguides.pro\\\/ar\\\/tours\\\/adventure\\\/tour-to-eritrea-dahlak-archipelago-and-rashaida-nomads\\\/#primaryimage\"},\"thumbnailUrl\":\"https:\\\/\\\/mountainguides.pro\\\/wp-content\\\/uploads\\\/2025\\\/01\\\/tur-v-eritreyu.jpeg\",\"datePublished\":\"2025-01-08T13:50:09+00:00\",\"dateModified\":\"2026-01-29T08:15:22+00:00\",\"breadcrumb\":{\"@id\":\"https:\\\/\\\/mountainguides.pro\\\/ar\\\/tours\\\/adventure\\\/tour-to-eritrea-dahlak-archipelago-and-rashaida-nomads\\\/#breadcrumb\"},\"inLanguage\":\"ko\",\"potentialAction\":[{\"@type\":\"ReadAction\",\"target\":[\"https:\\\/\\\/mountainguides.pro\\\/ar\\\/tours\\\/adventure\\\/tour-to-eritrea-dahlak-archipelago-and-rashaida-nomads\\\/\"]}]},{\"@type\":\"ImageObject\",\"inLanguage\":\"ko\",\"@id\":\"https:\\\/\\\/mountainguides.pro\\\/ar\\\/tours\\\/adventure\\\/tour-to-eritrea-dahlak-archipelago-and-rashaida-nomads\\\/#primaryimage\",\"url\":\"https:\\\/\\\/mountainguides.pro\\\/wp-content\\\/uploads\\\/2025\\\/01\\\/tur-v-eritreyu.jpeg\",\"contentUrl\":\"https:\\\/\\\/mountainguides.pro\\\/wp-content\\\/uploads\\\/2025\\\/01\\\/tur-v-eritreyu.jpeg\",\"width\":1800,\"height\":1350},{\"@type\":\"BreadcrumbList\",\"@id\":\"https:\\\/\\\/mountainguides.pro\\\/ar\\\/tours\\\/adventure\\\/tour-to-eritrea-dahlak-archipelago-and-rashaida-nomads\\\/#breadcrumb\",\"itemListElement\":[{\"@type\":\"ListItem\",\"position\":1,\"name\":\"Home\",\"item\":\"https:\\\/\\\/mountainguides.pro\\\/de\\\/\"},{\"@type\":\"ListItem\",\"position\":2,\"name\":\"\u062c\u0648\u0644\u0629 \u0625\u0631\u064a\u062a\u0631\u064a\u0627: \u0623\u0631\u062e\u0628\u064a\u0644 \u062f\u0647\u0644\u0643 \u0648\u0631\u0634\u064a\u062f\u0629 \u0627\u0644\u0628\u062f\u0648\"}]},{\"@type\":\"WebSite\",\"@id\":\"https:\\\/\\\/mountainguides.pro\\\/#website\",\"url\":\"https:\\\/\\\/mountainguides.pro\\\/\",\"name\":\"Mountain Guide\",\"description\":\"We aspire to be the first in everything!\",\"publisher\":{\"@id\":\"https:\\\/\\\/mountainguides.pro\\\/#organization\"},\"potentialAction\":[{\"@type\":\"SearchAction\",\"target\":{\"@type\":\"EntryPoint\",\"urlTemplate\":\"https:\\\/\\\/mountainguides.pro\\\/?s={search_term_string}\"},\"query-input\":{\"@type\":\"PropertyValueSpecification\",\"valueRequired\":true,\"valueName\":\"search_term_string\"}}],\"inLanguage\":\"ko\"},{\"@type\":\"Organization\",\"@id\":\"https:\\\/\\\/mountainguides.pro\\\/#organization\",\"name\":\"Mountain Guide\",\"url\":\"https:\\\/\\\/mountainguides.pro\\\/\",\"logo\":{\"@type\":\"ImageObject\",\"inLanguage\":\"ko\",\"@id\":\"https:\\\/\\\/mountainguides.pro\\\/#\\\/schema\\\/logo\\\/image\\\/\",\"url\":\"https:\\\/\\\/mountainguides.pro\\\/wp-content\\\/uploads\\\/2018\\\/01\\\/mglogo.jpg\",\"contentUrl\":\"https:\\\/\\\/mountainguides.pro\\\/wp-content\\\/uploads\\\/2018\\\/01\\\/mglogo.jpg\",\"width\":1200,\"height\":630,\"caption\":\"Mountain Guide\"},\"image\":{\"@id\":\"https:\\\/\\\/mountainguides.pro\\\/#\\\/schema\\\/logo\\\/image\\\/\"},\"sameAs\":[\"https:\\\/\\\/www.facebook.com\\\/Mountainguide-232956566756831\\\/\",\"https:\\\/\\\/x.com\\\/Wintercyclone\",\"http:\\\/\\\/instagram.com\\\/mountainguide\",\"http:\\\/\\\/www.youtube.com\\\/mountainguide\"]}]}<\/script>\n<!-- \/ Yoast SEO Premium plugin. -->","yoast_head_json":{"title":"Adventure Eritrea","robots":{"index":"index","follow":"follow","max-snippet":"max-snippet:-1","max-image-preview":"max-image-preview:large","max-video-preview":"max-video-preview:-1"},"canonical":"https:\/\/mountainguides.pro\/ko\/tours\/adventure\/tour-to-eritrea-dahlak-archipelago-and-rashaida-nomads\/","og_locale":"en_US","og_type":"article","og_title":"[:en]Tour to Eritrea: Dahlak Archipelago and Rashaida Nomads[:de]Tour nach Eritrea: Der Archipel Dahlak und die Nomaden von Rashaid[:es]Tour a Eritrea: el archipi\u00e9lago de Dahlak y los n\u00f3madas de Rashaid[:pt]Excurs\u00e3o \u00e0 Eritreia: O arquip\u00e9lago de Dahlak e os n\u00f4mades de Rashaid[:zh]\u5384\u7acb\u7279\u91cc\u4e9a\u4e4b\u65c5\uff1a\u8fbe\u8d6b\u62c9\u514b\u7fa4\u5c9b\u548c\u62c9\u6c99\u4f0a\u8fbe\u6e38\u7267\u6c11\u65cf[:ko]\uc5d0\ub9ac\ud2b8\ub808\uc544 \ud22c\uc5b4:\ub2ec\ub77d \uad70\ub3c4\uc640 \ub77c\uc0e4\uc774\ub2e4 \uc720\ubaa9\ubbfc[:ja]\u30a8\u30ea\u30c8\u30ea\u30a2\u30c4\u30a2\u30fc\uff1a\u30c0\u30e9\u30af\u8af8\u5cf6\u3068\u30e9\u30b7\u30e3\u30a4\u30c0\u904a\u7267\u6c11[:hi]\u0907\u0930\u093f\u091f\u094d\u0930\u093f\u092f\u093e \u091f\u0942\u0930: \u0926\u0939\u0932\u093e\u0915 \u0926\u094d\u0935\u0940\u092a\u0938\u092e\u0942\u0939 \u0914\u0930 \u0930\u0936\u0940\u0926\u093e \u0916\u093e\u0928\u093e\u092c\u0926\u094b\u0936[:ar]\u062c\u0648\u0644\u0629 \u0625\u0631\u064a\u062a\u0631\u064a\u0627: \u0623\u0631\u062e\u0628\u064a\u0644 \u062f\u0647\u0644\u0643 \u0648\u0631\u0634\u064a\u062f\u0629 \u0627\u0644\u0628\u062f\u0648[:]","og_description":"\uc544\uc2a4\ub9c8\ub77c\uc758 \uc544\ub974\ub370\ucf54 \uac74\ucd95\uc774 \uc788\ub294 \uc881\uc740 \uace8\ubaa9\uc744 \uc0b0\ucc45\ud558\uace0 \uad70\uc0ac \uc7a5\ube44 \ubb18\uc9c0\ub97c \ubc29\ubb38  \ub77c\uc0e4\uc774\ub2e4 \uc720\ubaa9\ubbfc\ub4e4\uc758 \ud654\ub824\ud55c \uc804\ud1b5 \uc758\uc0c1\uacfc \ub3c5\ud2b9\ud55c \uad00\uc2b5\uc744 \uc54c\uc544\ubcf4\uae30  \ub3d9\uc591\uc801 \uc804\ud1b5\uacfc \uc2dd\ubbfc\uc9c0 \uac74\ucd95\uc774 \uc870\ud654\ub97c \uc774\ub8e8\ub294 \uace0\ub300 \ud56d\uad6c \ub3c4\uc2dc \ub9c8\uc0ac\uc640\uc758 \ubd84\uc704\uae30\uc5d0 \ud760\ubed1 \ube60\uc9c0\uae30  \ub2e4\ud758\ub77d \uc81c\ub3c4\uae4c\uc9c0\uc758 \ud574\uc0c1 \uc5ec\ud589\uacfc \ub370\uc2dc\uc5d0 \uc12c\uc5d0\uc11c \ubcc4 \uc544\ub798\uc5d0\uc11c \ubcf4\ub0b4\ub294 \ud558\ub8fb\ubc24  \ud574\ubc1c 2450\ubbf8\ud130\uc5d0 \uc704\uce58\ud55c \uc5d0\ub9ac\ud2b8\ub808\uc544\uc5d0\uc11c \uac00\uc7a5 \uc720\uba85\ud55c \uc218\ub3c4\uc6d0 \uc911 \ud558\ub098 \ubc29\ubb38 \u2014 \uc555\ub3c4\uc801\uc778 \uc804\ub9dd\uacfc \uace0\ub300 \uc5ed\uc0ac  \ub2f9\uc0ac\uc5d0\uc11c\ub294 \ud56d\uacf5\uad8c \uad6c\ub9e4, \ud310\ub9e4 \ubc0f \ube44\uc790 \ubc1c\uae09 \uc5c5\ubb34\ub97c \uc218\ud589\ud558\uc9c0 \uc54a\uc73c\uba70, \ud56d\uacf5\ud3b8 \ub610\ub294 \uad6d\uacbd \ud1b5\uacfc\uc640 \uad00\ub828\ub41c \ubd88\uac00\ud56d\ub825 \uc0c1\ud669\uc5d0 \ub300\ud574 \ucc45\uc784\uc744 \uc9c0\uc9c0 \uc54a\uc74c\uc744 \uc54c\ub824\ub4dc\ub9bd\ub2c8\ub2e4. \uc911\uc694 \uc815\ubcf4:    \ud638\ud154 \uccb4\ud06c\uc778 \ubc0f \uccb4\ud06c\uc544\uc6c3 \uc2dc\uac04\uc740 \ud638\ud154 \uaddc\uc815\uc5d0 \ub530\ub985\ub2c8\ub2e4: \uccb4\ud06c\uc778\uc740 15\uc2dc \uc774\ud6c4, \uccb4\ud06c\uc544\uc6c3\uc740 11\u201312\uc2dc\uae4c\uc9c0\uc785\ub2c8\ub2e4. \uc9d0\uc740 \ud638\ud154 \ub9ac\uc149\uc158\uc5d0 \ub9e1\uae30\uace0 \ub3c4\uc2dc\ub97c \uc0b0\ucc45\ud560 \uc218 \uc788\uc73c\uba70, \uae30\uc220\uc801 \uac00\ub2a5\uc131\uc774 \uc788\uc744 \uacbd\uc6b0 \ucd94\uac00 \uc694\uae08\uc744 \uc9c0\ubd88\ud558\uace0 \uc774\ub978 \uccb4\ud06c\uc778\/\ub2a6\uc740 \uccb4\ud06c\uc544\uc6c3\uc744 \uc774\uc6a9\ud560 \uc218 \uc788\uc2b5\ub2c8\ub2e4.  \uc5d0\ub9ac\ud2b8\ub808\uc544\uc5d0\uc11c\ub294 \uc624\ub798\ub418\uc5c8\uac70\ub098(2009\ub144 \uc774\uc804), \ud6fc\uc190\ub418\uc5c8\uac70\ub098, \uc791\uc740 \uc561\uba74\uac00\uc758 \ub2ec\ub7ec \uc9c0\ud3d0\ub97c \uad50\ud658\ud558\ub294 \ub370 \uc5b4\ub824\uc6c0\uc774 \uc788\uc73c\ubbc0\ub85c \uc720\uc758\ud558\uc2dc\uae30 \ubc14\ub78d\ub2c8\ub2e4. \uc77c\ubd80 \uc7a5\uc18c\uc5d0\uc11c\ub294 \ucd94\uac00 \uc218\uc218\ub8cc\uac00 \ubd80\uacfc\ub418\uac70\ub098 \uad50\ud658\uc774 \uac70\ubd80\ub420 \uc218 \uc788\uc2b5\ub2c8\ub2e4.","og_url":"https:\/\/mountainguides.pro\/ko\/tours\/adventure\/tour-to-eritrea-dahlak-archipelago-and-rashaida-nomads\/","og_site_name":"Mountain Guide","article_publisher":"https:\/\/www.facebook.com\/Mountainguide-232956566756831\/","article_modified_time":"2026-01-29T08:15:22+00:00","og_image":[{"width":1800,"height":1350,"url":"https:\/\/mountainguides.pro\/wp-content\/uploads\/2025\/01\/tur-v-eritreyu.jpeg","type":"image\/jpeg"}],"twitter_card":"summary_large_image","twitter_site":"@Wintercyclone","twitter_misc":{"Est. reading time":"1 minute"},"schema":{"@context":"https:\/\/schema.org","@graph":[{"@type":"WebPage","@id":"https:\/\/mountainguides.pro\/ar\/tours\/adventure\/tour-to-eritrea-dahlak-archipelago-and-rashaida-nomads\/","url":"https:\/\/mountainguides.pro\/ar\/tours\/adventure\/tour-to-eritrea-dahlak-archipelago-and-rashaida-nomads\/","name":"Adventure Eritrea","isPartOf":{"@id":"https:\/\/mountainguides.pro\/#website"},"primaryImageOfPage":{"@id":"https:\/\/mountainguides.pro\/ar\/tours\/adventure\/tour-to-eritrea-dahlak-archipelago-and-rashaida-nomads\/#primaryimage"},"image":{"@id":"https:\/\/mountainguides.pro\/ar\/tours\/adventure\/tour-to-eritrea-dahlak-archipelago-and-rashaida-nomads\/#primaryimage"},"thumbnailUrl":"https:\/\/mountainguides.pro\/wp-content\/uploads\/2025\/01\/tur-v-eritreyu.jpeg","datePublished":"2025-01-08T13:50:09+00:00","dateModified":"2026-01-29T08:15:22+00:00","breadcrumb":{"@id":"https:\/\/mountainguides.pro\/ar\/tours\/adventure\/tour-to-eritrea-dahlak-archipelago-and-rashaida-nomads\/#breadcrumb"},"inLanguage":"ko","potentialAction":[{"@type":"ReadAction","target":["https:\/\/mountainguides.pro\/ar\/tours\/adventure\/tour-to-eritrea-dahlak-archipelago-and-rashaida-nomads\/"]}]},{"@type":"ImageObject","inLanguage":"ko","@id":"https:\/\/mountainguides.pro\/ar\/tours\/adventure\/tour-to-eritrea-dahlak-archipelago-and-rashaida-nomads\/#primaryimage","url":"https:\/\/mountainguides.pro\/wp-content\/uploads\/2025\/01\/tur-v-eritreyu.jpeg","contentUrl":"https:\/\/mountainguides.pro\/wp-content\/uploads\/2025\/01\/tur-v-eritreyu.jpeg","width":1800,"height":1350},{"@type":"BreadcrumbList","@id":"https:\/\/mountainguides.pro\/ar\/tours\/adventure\/tour-to-eritrea-dahlak-archipelago-and-rashaida-nomads\/#breadcrumb","itemListElement":[{"@type":"ListItem","position":1,"name":"Home","item":"https:\/\/mountainguides.pro\/de\/"},{"@type":"ListItem","position":2,"name":"\u062c\u0648\u0644\u0629 \u0625\u0631\u064a\u062a\u0631\u064a\u0627: \u0623\u0631\u062e\u0628\u064a\u0644 \u062f\u0647\u0644\u0643 \u0648\u0631\u0634\u064a\u062f\u0629 \u0627\u0644\u0628\u062f\u0648"}]},{"@type":"WebSite","@id":"https:\/\/mountainguides.pro\/#website","url":"https:\/\/mountainguides.pro\/","name":"Mountain Guide","description":"We aspire to be the first in everything!","publisher":{"@id":"https:\/\/mountainguides.pro\/#organization"},"potentialAction":[{"@type":"SearchAction","target":{"@type":"EntryPoint","urlTemplate":"https:\/\/mountainguides.pro\/?s={search_term_string}"},"query-input":{"@type":"PropertyValueSpecification","valueRequired":true,"valueName":"search_term_string"}}],"inLanguage":"ko"},{"@type":"Organization","@id":"https:\/\/mountainguides.pro\/#organization","name":"Mountain Guide","url":"https:\/\/mountainguides.pro\/","logo":{"@type":"ImageObject","inLanguage":"ko","@id":"https:\/\/mountainguides.pro\/#\/schema\/logo\/image\/","url":"https:\/\/mountainguides.pro\/wp-content\/uploads\/2018\/01\/mglogo.jpg","contentUrl":"https:\/\/mountainguides.pro\/wp-content\/uploads\/2018\/01\/mglogo.jpg","width":1200,"height":630,"caption":"Mountain Guide"},"image":{"@id":"https:\/\/mountainguides.pro\/#\/schema\/logo\/image\/"},"sameAs":["https:\/\/www.facebook.com\/Mountainguide-232956566756831\/","https:\/\/x.com\/Wintercyclone","http:\/\/instagram.com\/mountainguide","http:\/\/www.youtube.com\/mountainguide"]}]}},"_links":{"self":[{"href":"https:\/\/mountainguides.pro\/ko\/wp-json\/wp\/v2\/product\/21102","targetHints":{"allow":["GET"]}}],"collection":[{"href":"https:\/\/mountainguides.pro\/ko\/wp-json\/wp\/v2\/product"}],"about":[{"href":"https:\/\/mountainguides.pro\/ko\/wp-json\/wp\/v2\/types\/product"}],"replies":[{"embeddable":true,"href":"https:\/\/mountainguides.pro\/ko\/wp-json\/wp\/v2\/comments?post=21102"}],"version-history":[{"count":13,"href":"https:\/\/mountainguides.pro\/ko\/wp-json\/wp\/v2\/product\/21102\/revisions"}],"predecessor-version":[{"id":32661,"href":"https:\/\/mountainguides.pro\/ko\/wp-json\/wp\/v2\/product\/21102\/revisions\/32661"}],"wp:featuredmedia":[{"embeddable":true,"href":"https:\/\/mountainguides.pro\/ko\/wp-json\/wp\/v2\/media\/21454"}],"wp:attachment":[{"href":"https:\/\/mountainguides.pro\/ko\/wp-json\/wp\/v2\/media?parent=21102"}],"wp:term":[{"taxonomy":"product_cat","embeddable":true,"href":"https:\/\/mountainguides.pro\/ko\/wp-json\/wp\/v2\/product_cat?post=21102"},{"taxonomy":"product_tag","embeddable":true,"href":"https:\/\/mountainguides.pro\/ko\/wp-json\/wp\/v2\/product_tag?post=21102"}],"curies":[{"name":"wp","href":"https:\/\/api.w.org\/{rel}","templated":true}]}}