{"id":21109,"date":"2025-01-08T16:50:30","date_gmt":"2025-01-08T13:50:30","guid":{"rendered":"https:\/\/mountainguides.pro\/?post_type=product&#038;p=21109"},"modified":"2026-01-29T10:24:46","modified_gmt":"2026-01-29T07:24:46","slug":"amazon-tour-panama-ecuador-peru-colombia-brazil","status":"publish","type":"product","link":"https:\/\/mountainguides.pro\/ko\/tours\/adventure\/amazon-tour-panama-ecuador-peru-colombia-brazil\/","title":{"rendered":"\uc544\ub9c8\uc874 \ud22c\uc5b4:\ud30c\ub098\ub9c8,\uc5d0\ucf70\ub3c4\ub974,\ud398\ub8e8,\ucf5c\ub86c\ube44\uc544,\ube0c\ub77c\uc9c8"},"content":{"rendered":"","protected":false},"excerpt":{"rendered":"<ul>\n<li class=\"p1\">\uc911\uc559\uc544\uba54\ub9ac\uce74\uc640 \ub0a8\uc544\uba54\ub9ac\uce74\uc758 \ub2e4\uc12f \ub098\ub77c\ub97c \ud55c \ubc88\uc5d0 \uc5ec\ud589: \ud30c\ub098\ub9c8, \uc5d0\ucf70\ub3c4\ub974, \ud398\ub8e8, \ucf5c\ub86c\ube44\uc544, \ube0c\ub77c\uc9c8<\/li>\n<li class=\"p1\">\uce74\ub9ac\ube0c \ud574\uc758 \ucc9c\uad6d: \uc0b0\ube14\ub77c\uc2a4 \uc81c\ub3c4\uc640 \ubcc4\uc774 \uc3df\uc544\uc9c0\ub294 \uc12c\uc5d0\uc11c\uc758 \ubc24<\/li>\n<li class=\"p1\">\uc5d0\ucf70\ub3c4\ub974 \ud30c\ud314\ub77d\ud0c0 \uc628\ucc9c\uacfc \ub7ed\uc154\ub9ac \uc2a4\ud30c \ucef4\ud50c\ub809\uc2a4<\/li>\n<li class=\"p1\">\uc544\ub9c8\uc874 \uc5ec\ud589: \uce74\uc774\ub9cc, \uace0\ub300 \ubd80\uc871, \ud53c\ub77c\ub0d0 \ub09a\uc2dc, \uc544\ub77c \uc575\ubb34\uc0c8, \uc0e4\uba3c \uc758\uc2dd, \ud604\uc9c0 \ubcc4\ubbf8<\/li>\n<li class=\"p1\">\ud398\ub8e8 \uc774\ud0a4\ud1a0\uc2a4, \ucf5c\ub86c\ube44\uc544 \ub808\ud2f0\uc2dc\uc544, \ube0c\ub77c\uc9c8 \ub9c8\ub098\uc6b0\uc2a4 \ub4f1 \uc5ed\uc0ac\uc801\uc73c\ub85c \uc911\uc694\ud55c \ub3c4\uc2dc\ub4e4<\/li>\n<\/ul>\n<p class=\"p1\"><strong>\ubcf8 \ud68c\uc0ac\ub294 \ud56d\uacf5\uad8c \uad6c\ub9e4\u00b7\ud310\ub9e4 \ubc0f \ube44\uc790 \ubc1c\uae09 \uc5c5\ubb34\ub97c \uc81c\uacf5\ud558\uc9c0 \uc54a\uc73c\uba70, \ud56d\uacf5\ud3b8 \ubc0f \uad6d\uacbd \ud1b5\uacfc\uc640 \uad00\ub828\ub41c \ubd88\uac00\ud56d\ub825 \uc0c1\ud669\uc5d0 \ub300\ud574 \ucc45\uc784\uc744 \uc9c0\uc9c0 \uc54a\uc74c\uc744 \uc54c\ub824\ub4dc\ub9bd\ub2c8\ub2e4.<\/strong><\/p>\n<p class=\"p1\"><strong>\uc911\uc694 \uc548\ub0b4\uc0ac\ud56d:<\/strong><\/p>\n<ul>\n<li class=\"p1\">\ud638\ud154 \uccb4\ud06c\uc778\u00b7\uccb4\ud06c\uc544\uc6c3 \uc2dc\uac04\uc740 \uaddc\uc815\ub418\uc5b4 \uc788\uc2b5\ub2c8\ub2e4: \uccb4\ud06c\uc778 15\uc2dc\ubd80\ud130, \uccb4\ud06c\uc544\uc6c3 11\u201312\uc2dc\uae4c\uc9c0. \uc9d0\uc740 \ud638\ud154 \ub9ac\uc149\uc158\uc5d0 \ub9e1\uae30\uace0 \ub3c4\uc2dc\ub97c \ub458\ub7ec\ubcfc \uc218 \uc788\uc73c\uba70, \uae30\uc220\uc801 \uac00\ub2a5 \uc5ec\ubd80\uc5d0 \ub530\ub77c \uc870\uae30 \uccb4\ud06c\uc778\/\ub2a6\uc740 \uccb4\ud06c\uc544\uc6c3\uc744 \ucd94\uac00 \uc694\uae08\uc73c\ub85c \uc774\uc6a9\ud560 \uc218 \uc788\uc2b5\ub2c8\ub2e4.<\/li>\n<li class=\"p1\">\ubcf8 \uc5ec\ud589\uc740 \ud0d0\ud5d8 \uc131\uaca9\uc744 \uc9c0\ub2c8\uba70, \ud604\uc9c0 \ubd80\uc871 \ubc0f \uacf5\ub3d9\uccb4\uc640\uc758 \uc0c1\ud638\uc791\uc6a9, \uae30\uc0c1 \uc870\uac74 \ub4f1\uc5d0 \uc77c\uc815 \ubd80\ubd84 \uc601\ud5a5\uc744 \ubc1b\uc2b5\ub2c8\ub2e4. \ub2f9\uc0ac\ub294 \uc81c\uc2dc\ub41c \uc77c\uc815 \uc900\uc218\ub97c \uc704\ud574 \ucd5c\uc120\uc744 \ub2e4\ud558\uc9c0\ub9cc, \ud1b5\uc81c \ubd88\uac00\ub2a5\ud55c \uc0c1\ud669\uc5d0 \ub530\ub77c \uc77c\uc815\uc774 \ubcc0\uacbd\ub420 \uc218 \uc788\uc2b5\ub2c8\ub2e4.<\/li>\n<\/ul>\n","protected":false},"featured_media":0,"comment_status":"closed","ping_status":"closed","template":"","meta":{"_acf_changed":false,"footnotes":""},"product_cat":[337],"product_tag":[],"class_list":{"0":"post-21109","1":"product","2":"type-product","3":"status-publish","5":"product_cat-adventure","7":"first","8":"instock","9":"shipping-taxable","10":"product-type-simple"},"acf":[],"yoast_head":"<!-- This site is optimized with the Yoast SEO Premium plugin v26.5 (Yoast SEO v27.4) - https:\/\/yoast.com\/product\/yoast-seo-premium-wordpress\/ -->\n<title>Adventure Amazon Panama Ecuador Peru<\/title>\n<meta name=\"robots\" content=\"index, follow, max-snippet:-1, max-image-preview:large, max-video-preview:-1\" \/>\n<link rel=\"canonical\" href=\"https:\/\/mountainguides.pro\/ko\/tours\/adventure\/amazon-tour-panama-ecuador-peru-colombia-brazil\/\" \/>\n<meta property=\"og:locale\" content=\"en_US\" \/>\n<meta property=\"og:locale:alternate\" content=\"en_US\" \/>\n<meta property=\"og:locale:alternate\" content=\"ru_RU\" \/>\n<meta property=\"og:locale:alternate\" content=\"de\" \/>\n<meta property=\"og:locale:alternate\" content=\"es\" \/>\n<meta property=\"og:locale:alternate\" content=\"pt\" \/>\n<meta property=\"og:locale:alternate\" content=\"zh\" \/>\n<meta property=\"og:locale:alternate\" content=\"ja\" \/>\n<meta property=\"og:locale:alternate\" content=\"hi\" \/>\n<meta property=\"og:locale:alternate\" content=\"ar\" \/>\n<meta property=\"og:type\" content=\"article\" \/>\n<meta property=\"og:title\" content=\"\uc544\ub9c8\uc874 \ud22c\uc5b4:\ud30c\ub098\ub9c8,\uc5d0\ucf70\ub3c4\ub974,\ud398\ub8e8,\ucf5c\ub86c\ube44\uc544,\ube0c\ub77c\uc9c8\" \/>\n<meta property=\"og:description\" content=\"\uc911\uc559\uc544\uba54\ub9ac\uce74\uc640 \ub0a8\uc544\uba54\ub9ac\uce74\uc758 \ub2e4\uc12f \ub098\ub77c\ub97c \ud55c \ubc88\uc5d0 \uc5ec\ud589: \ud30c\ub098\ub9c8, \uc5d0\ucf70\ub3c4\ub974, \ud398\ub8e8, \ucf5c\ub86c\ube44\uc544, \ube0c\ub77c\uc9c8  \uce74\ub9ac\ube0c \ud574\uc758 \ucc9c\uad6d: \uc0b0\ube14\ub77c\uc2a4 \uc81c\ub3c4\uc640 \ubcc4\uc774 \uc3df\uc544\uc9c0\ub294 \uc12c\uc5d0\uc11c\uc758 \ubc24  \uc5d0\ucf70\ub3c4\ub974 \ud30c\ud314\ub77d\ud0c0 \uc628\ucc9c\uacfc \ub7ed\uc154\ub9ac \uc2a4\ud30c \ucef4\ud50c\ub809\uc2a4  \uc544\ub9c8\uc874 \uc5ec\ud589: \uce74\uc774\ub9cc, \uace0\ub300 \ubd80\uc871, \ud53c\ub77c\ub0d0 \ub09a\uc2dc, \uc544\ub77c \uc575\ubb34\uc0c8, \uc0e4\uba3c \uc758\uc2dd, \ud604\uc9c0 \ubcc4\ubbf8  \ud398\ub8e8 \uc774\ud0a4\ud1a0\uc2a4, \ucf5c\ub86c\ube44\uc544 \ub808\ud2f0\uc2dc\uc544, \ube0c\ub77c\uc9c8 \ub9c8\ub098\uc6b0\uc2a4 \ub4f1 \uc5ed\uc0ac\uc801\uc73c\ub85c \uc911\uc694\ud55c \ub3c4\uc2dc\ub4e4  \ubcf8 \ud68c\uc0ac\ub294 \ud56d\uacf5\uad8c \uad6c\ub9e4\u00b7\ud310\ub9e4 \ubc0f \ube44\uc790 \ubc1c\uae09 \uc5c5\ubb34\ub97c \uc81c\uacf5\ud558\uc9c0 \uc54a\uc73c\uba70, \ud56d\uacf5\ud3b8 \ubc0f \uad6d\uacbd \ud1b5\uacfc\uc640 \uad00\ub828\ub41c \ubd88\uac00\ud56d\ub825 \uc0c1\ud669\uc5d0 \ub300\ud574 \ucc45\uc784\uc744 \uc9c0\uc9c0 \uc54a\uc74c\uc744 \uc54c\ub824\ub4dc\ub9bd\ub2c8\ub2e4. \uc911\uc694 \uc548\ub0b4\uc0ac\ud56d:    \ud638\ud154 \uccb4\ud06c\uc778\u00b7\uccb4\ud06c\uc544\uc6c3 \uc2dc\uac04\uc740 \uaddc\uc815\ub418\uc5b4 \uc788\uc2b5\ub2c8\ub2e4: \uccb4\ud06c\uc778 15\uc2dc\ubd80\ud130, \uccb4\ud06c\uc544\uc6c3 11\u201312\uc2dc\uae4c\uc9c0. \uc9d0\uc740 \ud638\ud154 \ub9ac\uc149\uc158\uc5d0 \ub9e1\uae30\uace0 \ub3c4\uc2dc\ub97c \ub458\ub7ec\ubcfc \uc218 \uc788\uc73c\uba70, \uae30\uc220\uc801 \uac00\ub2a5 \uc5ec\ubd80\uc5d0 \ub530\ub77c \uc870\uae30 \uccb4\ud06c\uc778\/\ub2a6\uc740 \uccb4\ud06c\uc544\uc6c3\uc744 \ucd94\uac00 \uc694\uae08\uc73c\ub85c \uc774\uc6a9\ud560 \uc218 \uc788\uc2b5\ub2c8\ub2e4.  \ubcf8 \uc5ec\ud589\uc740 \ud0d0\ud5d8 \uc131\uaca9\uc744 \uc9c0\ub2c8\uba70, \ud604\uc9c0 \ubd80\uc871 \ubc0f \uacf5\ub3d9\uccb4\uc640\uc758 \uc0c1\ud638\uc791\uc6a9, \uae30\uc0c1 \uc870\uac74 \ub4f1\uc5d0 \uc77c\uc815 \ubd80\ubd84 \uc601\ud5a5\uc744 \ubc1b\uc2b5\ub2c8\ub2e4. \ub2f9\uc0ac\ub294 \uc81c\uc2dc\ub41c \uc77c\uc815 \uc900\uc218\ub97c \uc704\ud574 \ucd5c\uc120\uc744 \ub2e4\ud558\uc9c0\ub9cc, \ud1b5\uc81c \ubd88\uac00\ub2a5\ud55c \uc0c1\ud669\uc5d0 \ub530\ub77c \uc77c\uc815\uc774 \ubcc0\uacbd\ub420 \uc218 \uc788\uc2b5\ub2c8\ub2e4.\" \/>\n<meta property=\"og:url\" content=\"https:\/\/mountainguides.pro\/ko\/tours\/adventure\/amazon-tour-panama-ecuador-peru-colombia-brazil\/\" \/>\n<meta property=\"og:site_name\" content=\"Mountain Guide\" \/>\n<meta property=\"article:publisher\" content=\"https:\/\/www.facebook.com\/Mountainguide-232956566756831\/\" \/>\n<meta property=\"article:modified_time\" content=\"2026-01-29T07:24:46+00:00\" \/>\n<meta property=\"og:image\" content=\"https:\/\/mountainguides.pro\/wp-content\/uploads\/2018\/01\/mglogo.jpg\" \/>\n\t<meta property=\"og:image:width\" content=\"1200\" \/>\n\t<meta property=\"og:image:height\" content=\"630\" \/>\n\t<meta property=\"og:image:type\" content=\"image\/jpeg\" \/>\n<meta name=\"twitter:card\" content=\"summary_large_image\" \/>\n<meta name=\"twitter:site\" content=\"@Wintercyclone\" \/>\n<script type=\"application\/ld+json\" class=\"yoast-schema-graph\">{\"@context\":\"https:\\\/\\\/schema.org\",\"@graph\":[{\"@type\":\"WebPage\",\"@id\":\"https:\\\/\\\/mountainguides.pro\\\/ar\\\/tours\\\/adventure\\\/amazon-tour-panama-ecuador-peru-colombia-brazil\\\/\",\"url\":\"https:\\\/\\\/mountainguides.pro\\\/ar\\\/tours\\\/adventure\\\/amazon-tour-panama-ecuador-peru-colombia-brazil\\\/\",\"name\":\"Adventure Amazon Panama Ecuador Peru\",\"isPartOf\":{\"@id\":\"https:\\\/\\\/mountainguides.pro\\\/#website\"},\"datePublished\":\"2025-01-08T13:50:30+00:00\",\"dateModified\":\"2026-01-29T07:24:46+00:00\",\"breadcrumb\":{\"@id\":\"https:\\\/\\\/mountainguides.pro\\\/ar\\\/tours\\\/adventure\\\/amazon-tour-panama-ecuador-peru-colombia-brazil\\\/#breadcrumb\"},\"inLanguage\":\"ko\",\"potentialAction\":[{\"@type\":\"ReadAction\",\"target\":[\"https:\\\/\\\/mountainguides.pro\\\/ar\\\/tours\\\/adventure\\\/amazon-tour-panama-ecuador-peru-colombia-brazil\\\/\"]}]},{\"@type\":\"BreadcrumbList\",\"@id\":\"https:\\\/\\\/mountainguides.pro\\\/ar\\\/tours\\\/adventure\\\/amazon-tour-panama-ecuador-peru-colombia-brazil\\\/#breadcrumb\",\"itemListElement\":[{\"@type\":\"ListItem\",\"position\":1,\"name\":\"Home\",\"item\":\"https:\\\/\\\/mountainguides.pro\\\/de\\\/\"},{\"@type\":\"ListItem\",\"position\":2,\"name\":\"\u062c\u0648\u0644\u0629 \u0627\u0644\u0623\u0645\u0627\u0632\u0648\u0646: \u0628\u0646\u0645\u0627 \u060c \u0627\u0644\u0625\u0643\u0648\u0627\u062f\u0648\u0631 \u060c \u0628\u064a\u0631\u0648 \u060c \u0643\u0648\u0644\u0648\u0645\u0628\u064a\u0627 \u060c \u0627\u0644\u0628\u0631\u0627\u0632\u064a\u0644\"}]},{\"@type\":\"WebSite\",\"@id\":\"https:\\\/\\\/mountainguides.pro\\\/#website\",\"url\":\"https:\\\/\\\/mountainguides.pro\\\/\",\"name\":\"Mountain Guide\",\"description\":\"We aspire to be the first in everything!\",\"publisher\":{\"@id\":\"https:\\\/\\\/mountainguides.pro\\\/#organization\"},\"potentialAction\":[{\"@type\":\"SearchAction\",\"target\":{\"@type\":\"EntryPoint\",\"urlTemplate\":\"https:\\\/\\\/mountainguides.pro\\\/?s={search_term_string}\"},\"query-input\":{\"@type\":\"PropertyValueSpecification\",\"valueRequired\":true,\"valueName\":\"search_term_string\"}}],\"inLanguage\":\"ko\"},{\"@type\":\"Organization\",\"@id\":\"https:\\\/\\\/mountainguides.pro\\\/#organization\",\"name\":\"Mountain Guide\",\"url\":\"https:\\\/\\\/mountainguides.pro\\\/\",\"logo\":{\"@type\":\"ImageObject\",\"inLanguage\":\"ko\",\"@id\":\"https:\\\/\\\/mountainguides.pro\\\/#\\\/schema\\\/logo\\\/image\\\/\",\"url\":\"https:\\\/\\\/mountainguides.pro\\\/wp-content\\\/uploads\\\/2018\\\/01\\\/mglogo.jpg\",\"contentUrl\":\"https:\\\/\\\/mountainguides.pro\\\/wp-content\\\/uploads\\\/2018\\\/01\\\/mglogo.jpg\",\"width\":1200,\"height\":630,\"caption\":\"Mountain Guide\"},\"image\":{\"@id\":\"https:\\\/\\\/mountainguides.pro\\\/#\\\/schema\\\/logo\\\/image\\\/\"},\"sameAs\":[\"https:\\\/\\\/www.facebook.com\\\/Mountainguide-232956566756831\\\/\",\"https:\\\/\\\/x.com\\\/Wintercyclone\",\"http:\\\/\\\/instagram.com\\\/mountainguide\",\"http:\\\/\\\/www.youtube.com\\\/mountainguide\"]}]}<\/script>\n<!-- \/ Yoast SEO Premium plugin. -->","yoast_head_json":{"title":"Adventure Amazon Panama Ecuador Peru","robots":{"index":"index","follow":"follow","max-snippet":"max-snippet:-1","max-image-preview":"max-image-preview:large","max-video-preview":"max-video-preview:-1"},"canonical":"https:\/\/mountainguides.pro\/ko\/tours\/adventure\/amazon-tour-panama-ecuador-peru-colombia-brazil\/","og_locale":"en_US","og_type":"article","og_title":"[:en]Amazon Tour: Panama, Ecuador, Peru, Colombia, Brazil[:de]Tour zum Amazonas: Panama, Ecuador, Peru, Kolumbien, Brasilien[:es]Viaje al Amazonas: Panam\u00e1, Ecuador, Per\u00fa, Colombia, Brasil[:pt]Tour pela Amaz\u00f4nia: Panam\u00e1, Equador, Peru, col\u00f4mbia, brasil[:zh]\u4e9a\u9a6c\u900a\u4e4b\u65c5\uff1a\u5df4\u62ff\u9a6c\u3001\u5384\u74dc\u591a\u5c14\u3001\u79d8\u9c81\u3001\u54e5\u4f26\u6bd4\u4e9a\u3001\u5df4\u897f[:ko]\uc544\ub9c8\uc874 \ud22c\uc5b4:\ud30c\ub098\ub9c8,\uc5d0\ucf70\ub3c4\ub974,\ud398\ub8e8,\ucf5c\ub86c\ube44\uc544,\ube0c\ub77c\uc9c8[:ja]\u30a2\u30de\u30be\u30f3\u30c4\u30a2\u30fc\uff1a\u30d1\u30ca\u30de\u3001\u30a8\u30af\u30a2\u30c9\u30eb\u3001\u30da\u30eb\u30fc\u3001\u30b3\u30ed\u30f3\u30d3\u30a2\u3001\u30d6\u30e9\u30b8\u30eb[:hi]\u0905\u092e\u0947\u091c\u093c\u0945\u0928 \u091f\u0942\u0930: \u092a\u0928\u093e\u092e\u093e, \u0907\u0915\u094d\u0935\u093e\u0921\u094b\u0930, \u092a\u0947\u0930\u0942, \u0915\u094b\u0932\u0902\u092c\u093f\u092f\u093e, \u092c\u094d\u0930\u093e\u091c\u0940\u0932[:ar]\u062c\u0648\u0644\u0629 \u0627\u0644\u0623\u0645\u0627\u0632\u0648\u0646: \u0628\u0646\u0645\u0627 \u060c \u0627\u0644\u0625\u0643\u0648\u0627\u062f\u0648\u0631 \u060c \u0628\u064a\u0631\u0648 \u060c \u0643\u0648\u0644\u0648\u0645\u0628\u064a\u0627 \u060c \u0627\u0644\u0628\u0631\u0627\u0632\u064a\u0644[:]","og_description":"\uc911\uc559\uc544\uba54\ub9ac\uce74\uc640 \ub0a8\uc544\uba54\ub9ac\uce74\uc758 \ub2e4\uc12f \ub098\ub77c\ub97c \ud55c \ubc88\uc5d0 \uc5ec\ud589: \ud30c\ub098\ub9c8, \uc5d0\ucf70\ub3c4\ub974, \ud398\ub8e8, \ucf5c\ub86c\ube44\uc544, \ube0c\ub77c\uc9c8  \uce74\ub9ac\ube0c \ud574\uc758 \ucc9c\uad6d: \uc0b0\ube14\ub77c\uc2a4 \uc81c\ub3c4\uc640 \ubcc4\uc774 \uc3df\uc544\uc9c0\ub294 \uc12c\uc5d0\uc11c\uc758 \ubc24  \uc5d0\ucf70\ub3c4\ub974 \ud30c\ud314\ub77d\ud0c0 \uc628\ucc9c\uacfc \ub7ed\uc154\ub9ac \uc2a4\ud30c \ucef4\ud50c\ub809\uc2a4  \uc544\ub9c8\uc874 \uc5ec\ud589: \uce74\uc774\ub9cc, \uace0\ub300 \ubd80\uc871, \ud53c\ub77c\ub0d0 \ub09a\uc2dc, \uc544\ub77c \uc575\ubb34\uc0c8, \uc0e4\uba3c \uc758\uc2dd, \ud604\uc9c0 \ubcc4\ubbf8  \ud398\ub8e8 \uc774\ud0a4\ud1a0\uc2a4, \ucf5c\ub86c\ube44\uc544 \ub808\ud2f0\uc2dc\uc544, \ube0c\ub77c\uc9c8 \ub9c8\ub098\uc6b0\uc2a4 \ub4f1 \uc5ed\uc0ac\uc801\uc73c\ub85c \uc911\uc694\ud55c \ub3c4\uc2dc\ub4e4  \ubcf8 \ud68c\uc0ac\ub294 \ud56d\uacf5\uad8c \uad6c\ub9e4\u00b7\ud310\ub9e4 \ubc0f \ube44\uc790 \ubc1c\uae09 \uc5c5\ubb34\ub97c \uc81c\uacf5\ud558\uc9c0 \uc54a\uc73c\uba70, \ud56d\uacf5\ud3b8 \ubc0f \uad6d\uacbd \ud1b5\uacfc\uc640 \uad00\ub828\ub41c \ubd88\uac00\ud56d\ub825 \uc0c1\ud669\uc5d0 \ub300\ud574 \ucc45\uc784\uc744 \uc9c0\uc9c0 \uc54a\uc74c\uc744 \uc54c\ub824\ub4dc\ub9bd\ub2c8\ub2e4. \uc911\uc694 \uc548\ub0b4\uc0ac\ud56d:    \ud638\ud154 \uccb4\ud06c\uc778\u00b7\uccb4\ud06c\uc544\uc6c3 \uc2dc\uac04\uc740 \uaddc\uc815\ub418\uc5b4 \uc788\uc2b5\ub2c8\ub2e4: \uccb4\ud06c\uc778 15\uc2dc\ubd80\ud130, \uccb4\ud06c\uc544\uc6c3 11\u201312\uc2dc\uae4c\uc9c0. \uc9d0\uc740 \ud638\ud154 \ub9ac\uc149\uc158\uc5d0 \ub9e1\uae30\uace0 \ub3c4\uc2dc\ub97c \ub458\ub7ec\ubcfc \uc218 \uc788\uc73c\uba70, \uae30\uc220\uc801 \uac00\ub2a5 \uc5ec\ubd80\uc5d0 \ub530\ub77c \uc870\uae30 \uccb4\ud06c\uc778\/\ub2a6\uc740 \uccb4\ud06c\uc544\uc6c3\uc744 \ucd94\uac00 \uc694\uae08\uc73c\ub85c \uc774\uc6a9\ud560 \uc218 \uc788\uc2b5\ub2c8\ub2e4.  \ubcf8 \uc5ec\ud589\uc740 \ud0d0\ud5d8 \uc131\uaca9\uc744 \uc9c0\ub2c8\uba70, \ud604\uc9c0 \ubd80\uc871 \ubc0f \uacf5\ub3d9\uccb4\uc640\uc758 \uc0c1\ud638\uc791\uc6a9, \uae30\uc0c1 \uc870\uac74 \ub4f1\uc5d0 \uc77c\uc815 \ubd80\ubd84 \uc601\ud5a5\uc744 \ubc1b\uc2b5\ub2c8\ub2e4. \ub2f9\uc0ac\ub294 \uc81c\uc2dc\ub41c \uc77c\uc815 \uc900\uc218\ub97c \uc704\ud574 \ucd5c\uc120\uc744 \ub2e4\ud558\uc9c0\ub9cc, \ud1b5\uc81c \ubd88\uac00\ub2a5\ud55c \uc0c1\ud669\uc5d0 \ub530\ub77c \uc77c\uc815\uc774 \ubcc0\uacbd\ub420 \uc218 \uc788\uc2b5\ub2c8\ub2e4.","og_url":"https:\/\/mountainguides.pro\/ko\/tours\/adventure\/amazon-tour-panama-ecuador-peru-colombia-brazil\/","og_site_name":"Mountain Guide","article_publisher":"https:\/\/www.facebook.com\/Mountainguide-232956566756831\/","article_modified_time":"2026-01-29T07:24:46+00:00","og_image":[{"width":1200,"height":630,"url":"https:\/\/mountainguides.pro\/wp-content\/uploads\/2018\/01\/mglogo.jpg","type":"image\/jpeg"}],"twitter_card":"summary_large_image","twitter_site":"@Wintercyclone","schema":{"@context":"https:\/\/schema.org","@graph":[{"@type":"WebPage","@id":"https:\/\/mountainguides.pro\/ar\/tours\/adventure\/amazon-tour-panama-ecuador-peru-colombia-brazil\/","url":"https:\/\/mountainguides.pro\/ar\/tours\/adventure\/amazon-tour-panama-ecuador-peru-colombia-brazil\/","name":"Adventure Amazon Panama Ecuador Peru","isPartOf":{"@id":"https:\/\/mountainguides.pro\/#website"},"datePublished":"2025-01-08T13:50:30+00:00","dateModified":"2026-01-29T07:24:46+00:00","breadcrumb":{"@id":"https:\/\/mountainguides.pro\/ar\/tours\/adventure\/amazon-tour-panama-ecuador-peru-colombia-brazil\/#breadcrumb"},"inLanguage":"ko","potentialAction":[{"@type":"ReadAction","target":["https:\/\/mountainguides.pro\/ar\/tours\/adventure\/amazon-tour-panama-ecuador-peru-colombia-brazil\/"]}]},{"@type":"BreadcrumbList","@id":"https:\/\/mountainguides.pro\/ar\/tours\/adventure\/amazon-tour-panama-ecuador-peru-colombia-brazil\/#breadcrumb","itemListElement":[{"@type":"ListItem","position":1,"name":"Home","item":"https:\/\/mountainguides.pro\/de\/"},{"@type":"ListItem","position":2,"name":"\u062c\u0648\u0644\u0629 \u0627\u0644\u0623\u0645\u0627\u0632\u0648\u0646: \u0628\u0646\u0645\u0627 \u060c \u0627\u0644\u0625\u0643\u0648\u0627\u062f\u0648\u0631 \u060c \u0628\u064a\u0631\u0648 \u060c \u0643\u0648\u0644\u0648\u0645\u0628\u064a\u0627 \u060c \u0627\u0644\u0628\u0631\u0627\u0632\u064a\u0644"}]},{"@type":"WebSite","@id":"https:\/\/mountainguides.pro\/#website","url":"https:\/\/mountainguides.pro\/","name":"Mountain Guide","description":"We aspire to be the first in everything!","publisher":{"@id":"https:\/\/mountainguides.pro\/#organization"},"potentialAction":[{"@type":"SearchAction","target":{"@type":"EntryPoint","urlTemplate":"https:\/\/mountainguides.pro\/?s={search_term_string}"},"query-input":{"@type":"PropertyValueSpecification","valueRequired":true,"valueName":"search_term_string"}}],"inLanguage":"ko"},{"@type":"Organization","@id":"https:\/\/mountainguides.pro\/#organization","name":"Mountain Guide","url":"https:\/\/mountainguides.pro\/","logo":{"@type":"ImageObject","inLanguage":"ko","@id":"https:\/\/mountainguides.pro\/#\/schema\/logo\/image\/","url":"https:\/\/mountainguides.pro\/wp-content\/uploads\/2018\/01\/mglogo.jpg","contentUrl":"https:\/\/mountainguides.pro\/wp-content\/uploads\/2018\/01\/mglogo.jpg","width":1200,"height":630,"caption":"Mountain Guide"},"image":{"@id":"https:\/\/mountainguides.pro\/#\/schema\/logo\/image\/"},"sameAs":["https:\/\/www.facebook.com\/Mountainguide-232956566756831\/","https:\/\/x.com\/Wintercyclone","http:\/\/instagram.com\/mountainguide","http:\/\/www.youtube.com\/mountainguide"]}]}},"_links":{"self":[{"href":"https:\/\/mountainguides.pro\/ko\/wp-json\/wp\/v2\/product\/21109","targetHints":{"allow":["GET"]}}],"collection":[{"href":"https:\/\/mountainguides.pro\/ko\/wp-json\/wp\/v2\/product"}],"about":[{"href":"https:\/\/mountainguides.pro\/ko\/wp-json\/wp\/v2\/types\/product"}],"replies":[{"embeddable":true,"href":"https:\/\/mountainguides.pro\/ko\/wp-json\/wp\/v2\/comments?post=21109"}],"version-history":[{"count":11,"href":"https:\/\/mountainguides.pro\/ko\/wp-json\/wp\/v2\/product\/21109\/revisions"}],"predecessor-version":[{"id":32655,"href":"https:\/\/mountainguides.pro\/ko\/wp-json\/wp\/v2\/product\/21109\/revisions\/32655"}],"wp:attachment":[{"href":"https:\/\/mountainguides.pro\/ko\/wp-json\/wp\/v2\/media?parent=21109"}],"wp:term":[{"taxonomy":"product_cat","embeddable":true,"href":"https:\/\/mountainguides.pro\/ko\/wp-json\/wp\/v2\/product_cat?post=21109"},{"taxonomy":"product_tag","embeddable":true,"href":"https:\/\/mountainguides.pro\/ko\/wp-json\/wp\/v2\/product_tag?post=21109"}],"curies":[{"name":"wp","href":"https:\/\/api.w.org\/{rel}","templated":true}]}}