{"id":21160,"date":"2025-01-08T17:16:14","date_gmt":"2025-01-08T14:16:14","guid":{"rendered":"https:\/\/mountainguides.pro\/?post_type=product&#038;p=21160"},"modified":"2026-01-28T15:21:40","modified_gmt":"2026-01-28T12:21:40","slug":"ski-tour-in-south-tyrol-italy","status":"publish","type":"product","link":"https:\/\/mountainguides.pro\/ko\/tours\/ski-tour\/ski-tour-in-south-tyrol-italy\/","title":{"rendered":"\uc0ac\uc6b0\uc2a4 \ud2f0\ub864 \uc2a4\ud0a4 \ud22c\uc5b4(\uc774\ud0c8\ub9ac\uc544)"},"content":{"rendered":"","protected":false},"excerpt":{"rendered":"<ul>\n<li class=\"p1\">\uc2a4\ud0a4 \ud22c\uc5b4\ub97c \ucc98\uc74c \uc811\ud558\ub294 \ubd84\ub4e4\uc5d0\uac8c \uc774\uc0c1\uc801\uc778 \ud504\ub85c\uadf8\ub7a8<\/li>\n<li class=\"p1\">\uc0ac\uc804 \uacbd\ud5d8 \ubd88\ud544\uc694<\/li>\n<li class=\"p1\">\uac00\uc774\ub4dc 1\uba85\ub2f9 \ucd5c\ub300 6\uba85\uc758 \uc18c\uaddc\ubaa8 \uadf8\ub8f9<\/li>\n<li class=\"p1\">\uacf5\uc778 \uc0b0\uc545\u00b7\uc2a4\ud0a4 \uac00\uc774\ub4dc<\/li>\n<li class=\"p1\">\ub0a8\ud2f0\ub864\uc758 \uc544\ub984\ub2e4\uc6b4 \ud48d\uacbd<\/li>\n<li class=\"p1\">\ucd5c\uc0c1\uc758 \uc2a4\ud0a4 \ud22c\uc5b4 \uc870\uac74<\/li>\n<\/ul>\n<p class=\"p1\">**\ubcf8 \ud68c\uc0ac\ub294 \ud56d\uacf5\uad8c \uad6c\ub9e4\u00b7\ud310\ub9e4 \ubc0f \ube44\uc790 \ubc1c\uae09 \uc11c\ube44\uc2a4\ub97c \uc81c\uacf5\ud558\uc9c0 \uc54a\uc73c\uba70, \ud56d\uacf5\ud3b8 \ubc0f \uad6d\uacbd \ud1b5\uacfc\uc640 \uad00\ub828\ub41c \ud3ec\uc2a4 \ub9c8\uc8fc \uc0c1\ud669\uc5d0 \ub300\ud574 \ucc45\uc784\uc744 \uc9c0\uc9c0 \uc54a\uc2b5\ub2c8\ub2e4.<\/p>\n","protected":false},"featured_media":21467,"comment_status":"closed","ping_status":"closed","template":"","meta":{"_acf_changed":false,"footnotes":""},"product_cat":[346,347],"product_tag":[],"class_list":{"0":"post-21160","1":"product","2":"type-product","3":"status-publish","4":"has-post-thumbnail","6":"product_cat-ski-tour","7":"product_cat-equipment","9":"first","10":"instock","11":"shipping-taxable","12":"purchasable","13":"product-type-simple"},"acf":[],"yoast_head":"<!-- This site is optimized with the Yoast SEO Premium plugin v26.5 (Yoast SEO v27.3) - https:\/\/yoast.com\/product\/yoast-seo-premium-wordpress\/ -->\n<title>Climb Ski touring in South Tyrol (Italy)<\/title>\n<meta name=\"robots\" content=\"index, follow, max-snippet:-1, max-image-preview:large, max-video-preview:-1\" \/>\n<link rel=\"canonical\" href=\"https:\/\/mountainguides.pro\/ko\/tours\/ski-tour\/ski-tour-in-south-tyrol-italy\/\" \/>\n<meta property=\"og:locale\" content=\"en_US\" \/>\n<meta property=\"og:locale:alternate\" content=\"en_US\" \/>\n<meta property=\"og:locale:alternate\" content=\"ru_RU\" \/>\n<meta property=\"og:locale:alternate\" content=\"de\" \/>\n<meta property=\"og:locale:alternate\" content=\"es\" \/>\n<meta property=\"og:locale:alternate\" content=\"pt\" \/>\n<meta property=\"og:locale:alternate\" content=\"zh\" \/>\n<meta property=\"og:locale:alternate\" content=\"ja\" \/>\n<meta property=\"og:locale:alternate\" content=\"hi\" \/>\n<meta property=\"og:locale:alternate\" content=\"ar\" \/>\n<meta property=\"og:type\" content=\"article\" \/>\n<meta property=\"og:title\" content=\"\uc0ac\uc6b0\uc2a4 \ud2f0\ub864 \uc2a4\ud0a4 \ud22c\uc5b4(\uc774\ud0c8\ub9ac\uc544)\" \/>\n<meta property=\"og:description\" content=\"\uc2a4\ud0a4 \ud22c\uc5b4\ub97c \ucc98\uc74c \uc811\ud558\ub294 \ubd84\ub4e4\uc5d0\uac8c \uc774\uc0c1\uc801\uc778 \ud504\ub85c\uadf8\ub7a8  \uc0ac\uc804 \uacbd\ud5d8 \ubd88\ud544\uc694  \uac00\uc774\ub4dc 1\uba85\ub2f9 \ucd5c\ub300 6\uba85\uc758 \uc18c\uaddc\ubaa8 \uadf8\ub8f9  \uacf5\uc778 \uc0b0\uc545\u00b7\uc2a4\ud0a4 \uac00\uc774\ub4dc  \ub0a8\ud2f0\ub864\uc758 \uc544\ub984\ub2e4\uc6b4 \ud48d\uacbd  \ucd5c\uc0c1\uc758 \uc2a4\ud0a4 \ud22c\uc5b4 \uc870\uac74  **\ubcf8 \ud68c\uc0ac\ub294 \ud56d\uacf5\uad8c \uad6c\ub9e4\u00b7\ud310\ub9e4 \ubc0f \ube44\uc790 \ubc1c\uae09 \uc11c\ube44\uc2a4\ub97c \uc81c\uacf5\ud558\uc9c0 \uc54a\uc73c\uba70, \ud56d\uacf5\ud3b8 \ubc0f \uad6d\uacbd \ud1b5\uacfc\uc640 \uad00\ub828\ub41c \ud3ec\uc2a4 \ub9c8\uc8fc \uc0c1\ud669\uc5d0 \ub300\ud574 \ucc45\uc784\uc744 \uc9c0\uc9c0 \uc54a\uc2b5\ub2c8\ub2e4.\" \/>\n<meta property=\"og:url\" content=\"https:\/\/mountainguides.pro\/ko\/tours\/ski-tour\/ski-tour-in-south-tyrol-italy\/\" \/>\n<meta property=\"og:site_name\" content=\"Mountain Guide\" \/>\n<meta property=\"article:publisher\" content=\"https:\/\/www.facebook.com\/Mountainguide-232956566756831\/\" \/>\n<meta property=\"article:modified_time\" content=\"2026-01-28T12:21:40+00:00\" \/>\n<meta property=\"og:image\" content=\"https:\/\/mountainguides.pro\/wp-content\/uploads\/2025\/01\/ski-tour-alps.jpg\" \/>\n\t<meta property=\"og:image:width\" content=\"1200\" \/>\n\t<meta property=\"og:image:height\" content=\"800\" \/>\n\t<meta property=\"og:image:type\" content=\"image\/jpeg\" \/>\n<meta name=\"twitter:card\" content=\"summary_large_image\" \/>\n<meta name=\"twitter:site\" content=\"@Wintercyclone\" \/>\n<meta name=\"twitter:label1\" content=\"Est. reading time\" \/>\n\t<meta name=\"twitter:data1\" content=\"1 minute\" \/>\n<script type=\"application\/ld+json\" class=\"yoast-schema-graph\">{\"@context\":\"https:\\\/\\\/schema.org\",\"@graph\":[{\"@type\":\"WebPage\",\"@id\":\"https:\\\/\\\/mountainguides.pro\\\/ar\\\/tours\\\/ski-tour\\\/ski-tour-in-south-tyrol-italy\\\/\",\"url\":\"https:\\\/\\\/mountainguides.pro\\\/ar\\\/tours\\\/ski-tour\\\/ski-tour-in-south-tyrol-italy\\\/\",\"name\":\"Climb Ski touring in South Tyrol (Italy)\",\"isPartOf\":{\"@id\":\"https:\\\/\\\/mountainguides.pro\\\/#website\"},\"primaryImageOfPage\":{\"@id\":\"https:\\\/\\\/mountainguides.pro\\\/ar\\\/tours\\\/ski-tour\\\/ski-tour-in-south-tyrol-italy\\\/#primaryimage\"},\"image\":{\"@id\":\"https:\\\/\\\/mountainguides.pro\\\/ar\\\/tours\\\/ski-tour\\\/ski-tour-in-south-tyrol-italy\\\/#primaryimage\"},\"thumbnailUrl\":\"https:\\\/\\\/mountainguides.pro\\\/wp-content\\\/uploads\\\/2025\\\/01\\\/ski-tour-alps.jpg\",\"datePublished\":\"2025-01-08T14:16:14+00:00\",\"dateModified\":\"2026-01-28T12:21:40+00:00\",\"breadcrumb\":{\"@id\":\"https:\\\/\\\/mountainguides.pro\\\/ar\\\/tours\\\/ski-tour\\\/ski-tour-in-south-tyrol-italy\\\/#breadcrumb\"},\"inLanguage\":\"ko\",\"potentialAction\":[{\"@type\":\"ReadAction\",\"target\":[\"https:\\\/\\\/mountainguides.pro\\\/ar\\\/tours\\\/ski-tour\\\/ski-tour-in-south-tyrol-italy\\\/\"]}]},{\"@type\":\"ImageObject\",\"inLanguage\":\"ko\",\"@id\":\"https:\\\/\\\/mountainguides.pro\\\/ar\\\/tours\\\/ski-tour\\\/ski-tour-in-south-tyrol-italy\\\/#primaryimage\",\"url\":\"https:\\\/\\\/mountainguides.pro\\\/wp-content\\\/uploads\\\/2025\\\/01\\\/ski-tour-alps.jpg\",\"contentUrl\":\"https:\\\/\\\/mountainguides.pro\\\/wp-content\\\/uploads\\\/2025\\\/01\\\/ski-tour-alps.jpg\",\"width\":1200,\"height\":800},{\"@type\":\"BreadcrumbList\",\"@id\":\"https:\\\/\\\/mountainguides.pro\\\/ar\\\/tours\\\/ski-tour\\\/ski-tour-in-south-tyrol-italy\\\/#breadcrumb\",\"itemListElement\":[{\"@type\":\"ListItem\",\"position\":1,\"name\":\"Home\",\"item\":\"https:\\\/\\\/mountainguides.pro\\\/de\\\/\"},{\"@type\":\"ListItem\",\"position\":2,\"name\":\"\u062c\u0648\u0644\u0629 \u062a\u0632\u0644\u062c \u062c\u0646\u0648\u0628 \u062a\u064a\u0631\u0648\u0644 (\u0625\u064a\u0637\u0627\u0644\u064a\u0627)\"}]},{\"@type\":\"WebSite\",\"@id\":\"https:\\\/\\\/mountainguides.pro\\\/#website\",\"url\":\"https:\\\/\\\/mountainguides.pro\\\/\",\"name\":\"Mountain Guide\",\"description\":\"We aspire to be the first in everything!\",\"publisher\":{\"@id\":\"https:\\\/\\\/mountainguides.pro\\\/#organization\"},\"potentialAction\":[{\"@type\":\"SearchAction\",\"target\":{\"@type\":\"EntryPoint\",\"urlTemplate\":\"https:\\\/\\\/mountainguides.pro\\\/?s={search_term_string}\"},\"query-input\":{\"@type\":\"PropertyValueSpecification\",\"valueRequired\":true,\"valueName\":\"search_term_string\"}}],\"inLanguage\":\"ko\"},{\"@type\":\"Organization\",\"@id\":\"https:\\\/\\\/mountainguides.pro\\\/#organization\",\"name\":\"Mountain Guide\",\"url\":\"https:\\\/\\\/mountainguides.pro\\\/\",\"logo\":{\"@type\":\"ImageObject\",\"inLanguage\":\"ko\",\"@id\":\"https:\\\/\\\/mountainguides.pro\\\/#\\\/schema\\\/logo\\\/image\\\/\",\"url\":\"https:\\\/\\\/mountainguides.pro\\\/wp-content\\\/uploads\\\/2018\\\/01\\\/mglogo.jpg\",\"contentUrl\":\"https:\\\/\\\/mountainguides.pro\\\/wp-content\\\/uploads\\\/2018\\\/01\\\/mglogo.jpg\",\"width\":1200,\"height\":630,\"caption\":\"Mountain Guide\"},\"image\":{\"@id\":\"https:\\\/\\\/mountainguides.pro\\\/#\\\/schema\\\/logo\\\/image\\\/\"},\"sameAs\":[\"https:\\\/\\\/www.facebook.com\\\/Mountainguide-232956566756831\\\/\",\"https:\\\/\\\/x.com\\\/Wintercyclone\",\"http:\\\/\\\/instagram.com\\\/mountainguide\",\"http:\\\/\\\/www.youtube.com\\\/mountainguide\"]}]}<\/script>\n<!-- \/ Yoast SEO Premium plugin. -->","yoast_head_json":{"title":"Climb Ski touring in South Tyrol (Italy)","robots":{"index":"index","follow":"follow","max-snippet":"max-snippet:-1","max-image-preview":"max-image-preview:large","max-video-preview":"max-video-preview:-1"},"canonical":"https:\/\/mountainguides.pro\/ko\/tours\/ski-tour\/ski-tour-in-south-tyrol-italy\/","og_locale":"en_US","og_type":"article","og_title":"[:en]Ski touring in South Tyrol (Italy)[:de]Ski-Tour in S\u00fcdtirol (Italien)[:es]Tour de esqu\u00ed en Tirol del sur (Italia)[:pt]Tour de esqui no Tirol do Sul (It\u00e1lia)[:zh]\u610f\u5927\u5229\u5357\u8482\u7f57\u5c14\u6ed1\u96ea\u767b\u5c71\u4e4b\u65c5[:ko]\uc0ac\uc6b0\uc2a4 \ud2f0\ub864 \uc2a4\ud0a4 \ud22c\uc5b4(\uc774\ud0c8\ub9ac\uc544)[:ja]\u5357\u30c1\u30ed\u30eb\u30b9\u30ad\u30fc\u30c4\u30a2\u30fc\uff08\u30a4\u30bf\u30ea\u30a2\uff09[:hi]\u0926\u0915\u094d\u0937\u093f\u0923 \u091f\u093e\u092f\u0930\u0949\u0932 \u0938\u094d\u0915\u0940 \u091f\u0942\u0930 (\u0907\u091f\u0932\u0940)[:ar]\u062c\u0648\u0644\u0629 \u062a\u0632\u0644\u062c \u062c\u0646\u0648\u0628 \u062a\u064a\u0631\u0648\u0644 (\u0625\u064a\u0637\u0627\u0644\u064a\u0627)[:]","og_description":"\uc2a4\ud0a4 \ud22c\uc5b4\ub97c \ucc98\uc74c \uc811\ud558\ub294 \ubd84\ub4e4\uc5d0\uac8c \uc774\uc0c1\uc801\uc778 \ud504\ub85c\uadf8\ub7a8  \uc0ac\uc804 \uacbd\ud5d8 \ubd88\ud544\uc694  \uac00\uc774\ub4dc 1\uba85\ub2f9 \ucd5c\ub300 6\uba85\uc758 \uc18c\uaddc\ubaa8 \uadf8\ub8f9  \uacf5\uc778 \uc0b0\uc545\u00b7\uc2a4\ud0a4 \uac00\uc774\ub4dc  \ub0a8\ud2f0\ub864\uc758 \uc544\ub984\ub2e4\uc6b4 \ud48d\uacbd  \ucd5c\uc0c1\uc758 \uc2a4\ud0a4 \ud22c\uc5b4 \uc870\uac74  **\ubcf8 \ud68c\uc0ac\ub294 \ud56d\uacf5\uad8c \uad6c\ub9e4\u00b7\ud310\ub9e4 \ubc0f \ube44\uc790 \ubc1c\uae09 \uc11c\ube44\uc2a4\ub97c \uc81c\uacf5\ud558\uc9c0 \uc54a\uc73c\uba70, \ud56d\uacf5\ud3b8 \ubc0f \uad6d\uacbd \ud1b5\uacfc\uc640 \uad00\ub828\ub41c \ud3ec\uc2a4 \ub9c8\uc8fc \uc0c1\ud669\uc5d0 \ub300\ud574 \ucc45\uc784\uc744 \uc9c0\uc9c0 \uc54a\uc2b5\ub2c8\ub2e4.","og_url":"https:\/\/mountainguides.pro\/ko\/tours\/ski-tour\/ski-tour-in-south-tyrol-italy\/","og_site_name":"Mountain Guide","article_publisher":"https:\/\/www.facebook.com\/Mountainguide-232956566756831\/","article_modified_time":"2026-01-28T12:21:40+00:00","og_image":[{"width":1200,"height":800,"url":"https:\/\/mountainguides.pro\/wp-content\/uploads\/2025\/01\/ski-tour-alps.jpg","type":"image\/jpeg"}],"twitter_card":"summary_large_image","twitter_site":"@Wintercyclone","twitter_misc":{"Est. reading time":"1 minute"},"schema":{"@context":"https:\/\/schema.org","@graph":[{"@type":"WebPage","@id":"https:\/\/mountainguides.pro\/ar\/tours\/ski-tour\/ski-tour-in-south-tyrol-italy\/","url":"https:\/\/mountainguides.pro\/ar\/tours\/ski-tour\/ski-tour-in-south-tyrol-italy\/","name":"Climb Ski touring in South Tyrol (Italy)","isPartOf":{"@id":"https:\/\/mountainguides.pro\/#website"},"primaryImageOfPage":{"@id":"https:\/\/mountainguides.pro\/ar\/tours\/ski-tour\/ski-tour-in-south-tyrol-italy\/#primaryimage"},"image":{"@id":"https:\/\/mountainguides.pro\/ar\/tours\/ski-tour\/ski-tour-in-south-tyrol-italy\/#primaryimage"},"thumbnailUrl":"https:\/\/mountainguides.pro\/wp-content\/uploads\/2025\/01\/ski-tour-alps.jpg","datePublished":"2025-01-08T14:16:14+00:00","dateModified":"2026-01-28T12:21:40+00:00","breadcrumb":{"@id":"https:\/\/mountainguides.pro\/ar\/tours\/ski-tour\/ski-tour-in-south-tyrol-italy\/#breadcrumb"},"inLanguage":"ko","potentialAction":[{"@type":"ReadAction","target":["https:\/\/mountainguides.pro\/ar\/tours\/ski-tour\/ski-tour-in-south-tyrol-italy\/"]}]},{"@type":"ImageObject","inLanguage":"ko","@id":"https:\/\/mountainguides.pro\/ar\/tours\/ski-tour\/ski-tour-in-south-tyrol-italy\/#primaryimage","url":"https:\/\/mountainguides.pro\/wp-content\/uploads\/2025\/01\/ski-tour-alps.jpg","contentUrl":"https:\/\/mountainguides.pro\/wp-content\/uploads\/2025\/01\/ski-tour-alps.jpg","width":1200,"height":800},{"@type":"BreadcrumbList","@id":"https:\/\/mountainguides.pro\/ar\/tours\/ski-tour\/ski-tour-in-south-tyrol-italy\/#breadcrumb","itemListElement":[{"@type":"ListItem","position":1,"name":"Home","item":"https:\/\/mountainguides.pro\/de\/"},{"@type":"ListItem","position":2,"name":"\u062c\u0648\u0644\u0629 \u062a\u0632\u0644\u062c \u062c\u0646\u0648\u0628 \u062a\u064a\u0631\u0648\u0644 (\u0625\u064a\u0637\u0627\u0644\u064a\u0627)"}]},{"@type":"WebSite","@id":"https:\/\/mountainguides.pro\/#website","url":"https:\/\/mountainguides.pro\/","name":"Mountain Guide","description":"We aspire to be the first in everything!","publisher":{"@id":"https:\/\/mountainguides.pro\/#organization"},"potentialAction":[{"@type":"SearchAction","target":{"@type":"EntryPoint","urlTemplate":"https:\/\/mountainguides.pro\/?s={search_term_string}"},"query-input":{"@type":"PropertyValueSpecification","valueRequired":true,"valueName":"search_term_string"}}],"inLanguage":"ko"},{"@type":"Organization","@id":"https:\/\/mountainguides.pro\/#organization","name":"Mountain Guide","url":"https:\/\/mountainguides.pro\/","logo":{"@type":"ImageObject","inLanguage":"ko","@id":"https:\/\/mountainguides.pro\/#\/schema\/logo\/image\/","url":"https:\/\/mountainguides.pro\/wp-content\/uploads\/2018\/01\/mglogo.jpg","contentUrl":"https:\/\/mountainguides.pro\/wp-content\/uploads\/2018\/01\/mglogo.jpg","width":1200,"height":630,"caption":"Mountain Guide"},"image":{"@id":"https:\/\/mountainguides.pro\/#\/schema\/logo\/image\/"},"sameAs":["https:\/\/www.facebook.com\/Mountainguide-232956566756831\/","https:\/\/x.com\/Wintercyclone","http:\/\/instagram.com\/mountainguide","http:\/\/www.youtube.com\/mountainguide"]}]}},"_links":{"self":[{"href":"https:\/\/mountainguides.pro\/ko\/wp-json\/wp\/v2\/product\/21160","targetHints":{"allow":["GET"]}}],"collection":[{"href":"https:\/\/mountainguides.pro\/ko\/wp-json\/wp\/v2\/product"}],"about":[{"href":"https:\/\/mountainguides.pro\/ko\/wp-json\/wp\/v2\/types\/product"}],"replies":[{"embeddable":true,"href":"https:\/\/mountainguides.pro\/ko\/wp-json\/wp\/v2\/comments?post=21160"}],"version-history":[{"count":17,"href":"https:\/\/mountainguides.pro\/ko\/wp-json\/wp\/v2\/product\/21160\/revisions"}],"predecessor-version":[{"id":32644,"href":"https:\/\/mountainguides.pro\/ko\/wp-json\/wp\/v2\/product\/21160\/revisions\/32644"}],"wp:featuredmedia":[{"embeddable":true,"href":"https:\/\/mountainguides.pro\/ko\/wp-json\/wp\/v2\/media\/21467"}],"wp:attachment":[{"href":"https:\/\/mountainguides.pro\/ko\/wp-json\/wp\/v2\/media?parent=21160"}],"wp:term":[{"taxonomy":"product_cat","embeddable":true,"href":"https:\/\/mountainguides.pro\/ko\/wp-json\/wp\/v2\/product_cat?post=21160"},{"taxonomy":"product_tag","embeddable":true,"href":"https:\/\/mountainguides.pro\/ko\/wp-json\/wp\/v2\/product_tag?post=21160"}],"curies":[{"name":"wp","href":"https:\/\/api.w.org\/{rel}","templated":true}]}}