{"id":13830,"date":"2016-05-15T10:47:05","date_gmt":"2016-05-15T07:47:05","guid":{"rendered":"http:\/\/mountainguide.ru\/ru\/climbing\/%d1%87%d0%be-%d0%be%d0%b9%d1%8e\/"},"modified":"2026-04-06T16:28:21","modified_gmt":"2026-04-06T13:28:21","slug":"cho-oyu","status":"publish","type":"product","link":"https:\/\/mountainguides.pro\/pt\/tours\/climbing\/cho-oyu\/","title":{"rendered":"Escalada Cho Oyu"},"content":{"rendered":"<h2>About the tour<\/h2>\n<p>The leader guide for Cho-Oyu climb is the current leader of Russian national team, who summited K2 twice without O2, summited Everest twice without O2 as well as some other 8000+ peaks.<\/p>\n<p>Cho-Oyu is considered to be the easiest of the 8000m summits in the world. And this is the reason why we recommend climbing Cho-Oyu to those climbers, who have no previous experience of ascending these altitudes but would like to try it. Climbing Cho-Oyu is an excellent choice for the first experience of 8000m ascent, as the route isn\u2019t technically difficult, and it presents a good chance to try a new level in climbing. This summit is also considered to be a good exercise before Everest attempt.<\/p>\n<p>To make Cho-Oyu climb safer, we provide our clients \u2013 upon their request \u2013 with a container of oxygen along with the necessary equipment. They may be useful on the day of summiting. On that day the group will be accompanied by sherpas and a leader guide with vast experience of climbing Cho-Oyu and other similar routes.<\/p>\n<p>The weather in the area is usually stable in spring as well as in autumn. However, we carefully observe weather forecasts in the internet and carefully select the most suitable period for acclimatization hikes and Cho-Oyu climb.<\/p>\n<p>The Cho-Oyu climbing expedition beings in Kathmandu. Since members of the group may be arriving by different flights, we can arrange several airport\u2013hotel transfers. The first several days we\u2019ll be busy obtaining Tiber visas and getting prepared for our departure, along with sightseeing in Nepal\u2019s capital.<\/p>\n<p>After spending two days in Kathmandu, we will leave for Zangma in Tibet, or we can fly right to Lhasa (though this scenario is more expensive and depends on the political situation in China). We will have two rest days for acclimatization on our way, before we get to Cho-Oyu\u2019s base camp at 5100m. Then we will spend a day or two at base camp, after which we\u2019ll begin our Cho-Oyu climb with the help of yaks, heading towards advanced base camp (ABC).<\/p>\n<p>Usually, for summiting only ABC is used, while BC is needed only for acclimatization. Climbers and sherpas usually set up three more camps on higher altitudes.<\/p>\n<p>In ABC and BC you will be served three meals prepared by Tibetan and Nepal cooks in the specially equipped kitchen-tents. There you can get also hot water to wash yourself and boiled water to fill your thermos.\u00a0 There are also special dining tents with tables and chairs. In camps on higher altitudes climbers cook their meals themselves on gas stoves, and water is made from snow. Of course, our guides are always there to help you cook a meal and melt some snow.<\/p>\n<p>After climbing Cho-Oyu, the group comes back to Kathmandu to take their flights back home.<\/p>\n<p>The expedition will have only medical oxygen. In case you want to have oxygen on the summit day, please inform us when booking the tour.<\/p>\n<h2>Itinerary of climbing Cho-Oyu.<\/h2>\n<p><strong>Day 1.<\/strong>\u00a0Airport reception at Kathmandu and transfer to hotel<br \/>\n<strong>Day 2.<\/strong>\u00a0Procedure of obtaining visa for Tibet in Kathmandu<br \/>\n<strong>Day 3.<\/strong>\u00a0Procedure of obtaining visa for Tibet in Kathmandu<br \/>\n<strong>Day 4.<\/strong>\u00a0Ride to Tibet Border( Zangmu), hotel stay<br \/>\n<strong>Day 5.<\/strong>\u00a0Ride to Nylam, lodge stay<br \/>\n<strong>Day 6.<\/strong>\u00a0Rest day for acclimatization, lodge stay<br \/>\n<strong>Day 7.<\/strong>\u00a0Ride to Tingri, lodge stay<br \/>\n<strong>Day 8.<\/strong>\u00a0Rest day for acclimatization, lodge stay<br \/>\n<strong>Day 9.<\/strong>\u00a0Ride to Cho-Oyu Base Camp, camping<br \/>\n<strong>Day 10.<\/strong>\u00a0Rest and acclimatization day, camping<br \/>\n<strong>Day 11.<\/strong>\u00a0Rest and acclimatization day, camping<br \/>\n<strong>Day 12.<\/strong>\u00a0Hike to Middle Camp<br \/>\n<strong>Day 13.<\/strong>\u00a0Arrive to Advance Base Camp<br \/>\n<strong>Day 14 \u2013 day 35.\u00a0<\/strong>Period for climbing Cho-Oyu (Cho-Oyu climb takes 21 days).\u00a0More concrete time-table depends on the condition of the group\u2019s members and is due to be corrected according to climber\u2019s wellbeing and the weather.<br \/>\n<strong>Day 36.<\/strong>\u00a0Trek back to Base Camp<br \/>\n<strong>Day 37.<\/strong>\u00a0Ride back to Nylam, lodge stay<br \/>\n<strong>Day 38.<\/strong>\u00a0Ride back to Kathmandu, hotel stay<br \/>\n<strong>Day 39.<\/strong>\u00a0Rest day in Kathmandu, hotel stay<br \/>\n<strong>Day 40.<\/strong>\u00a0Departure home from Kathmandu<\/p>\n<p>Base camp -4900m<br \/>\nABC \u2013 5800m<br \/>\nC-1 \u2013 6400m<br \/>\nC-2 \u2013 7100m<br \/>\nC-3 \u2013 7500m<\/p>\n<h2>Included in the cost of Cho-Oyu climb:<\/h2>\n<ul>\n<li>One mountain guide for 3-4 people. In case of a group with more than 7 people there will be additional sherpas.<\/li>\n<li>Transfer airport-hotel-airport<\/li>\n<li>Payments for peak permit and Tibet visa<\/li>\n<li>Accommodation for 5 nights in Kathmandu at a good hotel with breakfast and full board.<\/li>\n<li>Kathmandu-Base Camp-Kathmandu transfer of members, staffs and food supply<\/li>\n<li>Transportation of equipment (no more than 40 kilograms per member) from BC to ABC and back to BC.<\/li>\n<li>Equipment allowances, insurance, daily wages, food and tents for cook, kitchen boy, liaison officer and interpreter.<\/li>\n<li>Nepalese Sherpa cook and kitchen boy.<\/li>\n<li>Generator or solar panel at advance base camp for charging and light.<\/li>\n<li>Dining tent, kitchen tent, shower tent, toilet tent, chairs and tables<\/li>\n<li>Single tent with padded mattress and floor at base camp (north face or similar) and advance base camp for every group member<\/li>\n<li>Food and fuel supplies at base camp and advance base camp.<\/li>\n<li>Basic high-altitude food<\/li>\n<li>Gas on the climb<\/li>\n<li>High-altitude tents<\/li>\n<li>Emergency oxygen and mask at the advance base camp (use of the oxygen is not included in the cost is charged separately)<\/li>\n<li>Conservation and high way charges. Garbage deposits.<\/li>\n<li>Satellite phone for emergency only. Personal calls are charged US$ 3 per minute<\/li>\n<li>Basic Apothecia<\/li>\n<\/ul>\n<h2>Not included in the cost of Cho-Oyu climb:<\/h2>\n<ul>\n<li>Mask, oxygen and regulator system above Advance base camp (it is 450 USD per bottle, along with Poisk system mask and regulator at 250 USD).<\/li>\n<li>Other than Kathmandu-Lhasa international flights.<\/li>\n<li>Reentry visa for Nepal (that can be obtained at the immigration office in Kodari).<\/li>\n<li>Meals in Kathmandu.<\/li>\n<li>Hotel stay in Kathmandu after the 5 nights planned by the program.<\/li>\n<li>Nepal entry visa (can be obtained at the airport upon arrive)<\/li>\n<li>Personal climbing gear<\/li>\n<li>Any applicable customs charges and permit fees, and charges for SAT phone, commercial filming and communication equipment<\/li>\n<li>Personal insurance such as accident, travel, medical, emergency evacuation and lost luggage<\/li>\n<li>International airport departure tax at Kathmandu Airport.<\/li>\n<li>Any applicable import license and customs duty fees for any expedition goods arriving to Nepal as air\/road cargo<\/li>\n<li>Such personal expenses as drinks, laundry, telephone and Email, postage, etc.<\/li>\n<li>Tips and bonuses<\/li>\n<li>Any costs associated with program changes<\/li>\n<\/ul>\n<h2>Equipment.<\/h2>\n<p><a role=\"button\" href=\"#\"><br \/>\nDownload PDF<br \/>\n<\/a><\/p>\n","protected":false},"excerpt":{"rendered":"<ul>\n<li class=\"p1\">Ascens\u00e3o ao Cho-Oyu (o mais acess\u00edvel dos picos de oito mil metros) com altos padr\u00f5es de seguran\u00e7a<\/li>\n<li class=\"p1\">Rota pela aresta oeste, vertente oeste do Cho-Oyu<\/li>\n<li class=\"p1\">Aut\u00eantica expedi\u00e7\u00e3o himalaia com dura\u00e7\u00e3o de 42 dias<\/li>\n<li class=\"p1\">Rela\u00e7\u00e3o guia\/cliente 1:1 ao longo de toda a expedi\u00e7\u00e3o<\/li>\n<li class=\"p1\">Estrat\u00e9gia de acampamento base avan\u00e7ado e acampamentos 1\u20133 com rota\u00e7\u00f5es e dias de descanso<\/li>\n<\/ul>\n<p class=\"p1\"><strong>*Aten\u00e7\u00e3o: nossa empresa n\u00e3o atua na compra, venda de passagens a\u00e9reas e na emiss\u00e3o de vistos, portanto n\u00e3o se responsabiliza por casos de for\u00e7a maior relacionados a voos e passagem de fronteiras.<\/strong><\/p>\n<p class=\"p1\"><strong>Informa\u00e7\u00f5es importantes:<\/strong><\/p>\n<ul>\n<li class=\"p1\">O hor\u00e1rio de check-in e check-out \u00e9 regulamentado pelo hotel: check-in a partir das 15 horas, check-out at\u00e9 11\u201312 horas. A bagagem pode ser deixada na recep\u00e7\u00e3o do hotel para passear pela cidade ou, havendo disponibilidade t\u00e9cnica, pagar por check-in antecipado ou check-out tardio.<\/li>\n<li class=\"p1\">No Nepal existem dificuldades com a troca de notas de d\u00f3lar pequenas, desgastadas ou antigas (emitidas antes de 2009), tenha isso em mente. Em alguns lugares isso implica taxa adicional, em outros \u2014 recusa na troca.<\/li>\n<\/ul>\n","protected":false},"featured_media":13896,"comment_status":"closed","ping_status":"closed","template":"","meta":{"_acf_changed":false,"footnotes":""},"product_cat":[320],"product_tag":[],"class_list":{"0":"post-13830","1":"product","2":"type-product","3":"status-publish","4":"has-post-thumbnail","6":"product_cat-climbing","8":"first","9":"instock","10":"virtual","11":"purchasable","12":"product-type-simple"},"acf":[],"yoast_head":"<!-- This site is optimized with the Yoast SEO Premium plugin v26.5 (Yoast SEO v27.3) - https:\/\/yoast.com\/product\/yoast-seo-premium-wordpress\/ -->\n<title>Climb Cho-Oyu<\/title>\n<meta name=\"robots\" content=\"index, follow, max-snippet:-1, max-image-preview:large, max-video-preview:-1\" \/>\n<link rel=\"canonical\" href=\"https:\/\/mountainguides.pro\/pt\/tours\/climbing\/cho-oyu\/\" \/>\n<meta property=\"og:locale\" content=\"pt_PT\" \/>\n<meta property=\"og:locale:alternate\" content=\"en_US\" \/>\n<meta property=\"og:locale:alternate\" content=\"ru_RU\" \/>\n<meta property=\"og:locale:alternate\" content=\"de\" \/>\n<meta property=\"og:locale:alternate\" content=\"es\" \/>\n<meta property=\"og:locale:alternate\" content=\"zh\" \/>\n<meta property=\"og:locale:alternate\" content=\"ko\" \/>\n<meta property=\"og:locale:alternate\" content=\"ja\" \/>\n<meta property=\"og:locale:alternate\" content=\"hi\" \/>\n<meta property=\"og:locale:alternate\" content=\"ar\" \/>\n<meta property=\"og:type\" content=\"article\" \/>\n<meta property=\"og:title\" content=\"Escalada Cho Oyu\" \/>\n<meta property=\"og:description\" content=\"Ascens\u00e3o ao Cho-Oyu (o mais acess\u00edvel dos picos de oito mil metros) com altos padr\u00f5es de seguran\u00e7a  Rota pela aresta oeste, vertente oeste do Cho-Oyu  Aut\u00eantica expedi\u00e7\u00e3o himalaia com dura\u00e7\u00e3o de 42 dias  Rela\u00e7\u00e3o guia\/cliente 1:1 ao longo de toda a expedi\u00e7\u00e3o  Estrat\u00e9gia de acampamento base avan\u00e7ado e acampamentos 1\u20133 com rota\u00e7\u00f5es e dias de descanso  *Aten\u00e7\u00e3o: nossa empresa n\u00e3o atua na compra, venda de passagens a\u00e9reas e na emiss\u00e3o de vistos, portanto n\u00e3o se responsabiliza por casos de for\u00e7a maior relacionados a voos e passagem de fronteiras. Informa\u00e7\u00f5es importantes:    O hor\u00e1rio de check-in e check-out \u00e9 regulamentado pelo hotel: check-in a partir das 15 horas, check-out at\u00e9 11\u201312 horas. A bagagem pode ser deixada na recep\u00e7\u00e3o do hotel para passear pela cidade ou, havendo disponibilidade t\u00e9cnica, pagar por check-in antecipado ou check-out tardio.  No Nepal existem dificuldades com a troca de notas de d\u00f3lar pequenas, desgastadas ou antigas (emitidas antes de 2009), tenha isso em mente. Em alguns lugares isso implica taxa adicional, em outros \u2014 recusa na troca.\" \/>\n<meta property=\"og:url\" content=\"https:\/\/mountainguides.pro\/pt\/tours\/climbing\/cho-oyu\/\" \/>\n<meta property=\"og:site_name\" content=\"Mountain Guide\" \/>\n<meta property=\"article:publisher\" content=\"https:\/\/www.facebook.com\/Mountainguide-232956566756831\/\" \/>\n<meta property=\"article:modified_time\" content=\"2026-04-06T13:28:21+00:00\" \/>\n<meta property=\"og:image\" content=\"https:\/\/mountainguides.pro\/wp-content\/uploads\/2016\/05\/cho-ouyu.jpg\" \/>\n\t<meta property=\"og:image:width\" content=\"800\" \/>\n\t<meta property=\"og:image:height\" content=\"592\" \/>\n\t<meta property=\"og:image:type\" content=\"image\/jpeg\" \/>\n<meta name=\"twitter:card\" content=\"summary_large_image\" \/>\n<meta name=\"twitter:site\" content=\"@Wintercyclone\" \/>\n<meta name=\"twitter:label1\" content=\"Tempo estimado de leitura\" \/>\n\t<meta name=\"twitter:data1\" content=\"5 minutos\" \/>\n<script type=\"application\/ld+json\" class=\"yoast-schema-graph\">{\"@context\":\"https:\\\/\\\/schema.org\",\"@graph\":[{\"@type\":\"WebPage\",\"@id\":\"https:\\\/\\\/mountainguides.pro\\\/tours\\\/climbing\\\/cho-oyu\\\/\",\"url\":\"https:\\\/\\\/mountainguides.pro\\\/tours\\\/climbing\\\/cho-oyu\\\/\",\"name\":\"Climb Cho-Oyu\",\"isPartOf\":{\"@id\":\"https:\\\/\\\/mountainguides.pro\\\/#website\"},\"primaryImageOfPage\":{\"@id\":\"https:\\\/\\\/mountainguides.pro\\\/tours\\\/climbing\\\/cho-oyu\\\/#primaryimage\"},\"image\":{\"@id\":\"https:\\\/\\\/mountainguides.pro\\\/tours\\\/climbing\\\/cho-oyu\\\/#primaryimage\"},\"thumbnailUrl\":\"https:\\\/\\\/mountainguides.pro\\\/wp-content\\\/uploads\\\/2016\\\/05\\\/cho-ouyu.jpg\",\"datePublished\":\"2016-05-15T07:47:05+00:00\",\"dateModified\":\"2026-04-06T13:28:21+00:00\",\"breadcrumb\":{\"@id\":\"https:\\\/\\\/mountainguides.pro\\\/tours\\\/climbing\\\/cho-oyu\\\/#breadcrumb\"},\"inLanguage\":\"pt\",\"potentialAction\":[{\"@type\":\"ReadAction\",\"target\":[\"https:\\\/\\\/mountainguides.pro\\\/tours\\\/climbing\\\/cho-oyu\\\/\"]}]},{\"@type\":\"ImageObject\",\"inLanguage\":\"pt\",\"@id\":\"https:\\\/\\\/mountainguides.pro\\\/tours\\\/climbing\\\/cho-oyu\\\/#primaryimage\",\"url\":\"https:\\\/\\\/mountainguides.pro\\\/wp-content\\\/uploads\\\/2016\\\/05\\\/cho-ouyu.jpg\",\"contentUrl\":\"https:\\\/\\\/mountainguides.pro\\\/wp-content\\\/uploads\\\/2016\\\/05\\\/cho-ouyu.jpg\",\"width\":800,\"height\":592,\"caption\":\"climb Cho-Oyu\"},{\"@type\":\"BreadcrumbList\",\"@id\":\"https:\\\/\\\/mountainguides.pro\\\/tours\\\/climbing\\\/cho-oyu\\\/#breadcrumb\",\"itemListElement\":[{\"@type\":\"ListItem\",\"position\":1,\"name\":\"Home\",\"item\":\"https:\\\/\\\/mountainguides.pro\\\/de\\\/\"},{\"@type\":\"ListItem\",\"position\":2,\"name\":\"Climb Cho-Oyu\"}]},{\"@type\":\"WebSite\",\"@id\":\"https:\\\/\\\/mountainguides.pro\\\/#website\",\"url\":\"https:\\\/\\\/mountainguides.pro\\\/\",\"name\":\"Mountain Guide\",\"description\":\"We aspire to be the first in everything!\",\"publisher\":{\"@id\":\"https:\\\/\\\/mountainguides.pro\\\/#organization\"},\"potentialAction\":[{\"@type\":\"SearchAction\",\"target\":{\"@type\":\"EntryPoint\",\"urlTemplate\":\"https:\\\/\\\/mountainguides.pro\\\/?s={search_term_string}\"},\"query-input\":{\"@type\":\"PropertyValueSpecification\",\"valueRequired\":true,\"valueName\":\"search_term_string\"}}],\"inLanguage\":\"pt\"},{\"@type\":\"Organization\",\"@id\":\"https:\\\/\\\/mountainguides.pro\\\/#organization\",\"name\":\"Mountain Guide\",\"url\":\"https:\\\/\\\/mountainguides.pro\\\/\",\"logo\":{\"@type\":\"ImageObject\",\"inLanguage\":\"pt\",\"@id\":\"https:\\\/\\\/mountainguides.pro\\\/#\\\/schema\\\/logo\\\/image\\\/\",\"url\":\"https:\\\/\\\/mountainguides.pro\\\/wp-content\\\/uploads\\\/2018\\\/01\\\/mglogo.jpg\",\"contentUrl\":\"https:\\\/\\\/mountainguides.pro\\\/wp-content\\\/uploads\\\/2018\\\/01\\\/mglogo.jpg\",\"width\":1200,\"height\":630,\"caption\":\"Mountain Guide\"},\"image\":{\"@id\":\"https:\\\/\\\/mountainguides.pro\\\/#\\\/schema\\\/logo\\\/image\\\/\"},\"sameAs\":[\"https:\\\/\\\/www.facebook.com\\\/Mountainguide-232956566756831\\\/\",\"https:\\\/\\\/x.com\\\/Wintercyclone\",\"http:\\\/\\\/instagram.com\\\/mountainguide\",\"http:\\\/\\\/www.youtube.com\\\/mountainguide\"]}]}<\/script>\n<!-- \/ Yoast SEO Premium plugin. -->","yoast_head_json":{"title":"Climb Cho-Oyu","robots":{"index":"index","follow":"follow","max-snippet":"max-snippet:-1","max-image-preview":"max-image-preview:large","max-video-preview":"max-video-preview:-1"},"canonical":"https:\/\/mountainguides.pro\/pt\/tours\/climbing\/cho-oyu\/","og_locale":"pt_PT","og_type":"article","og_title":"[:en]Climb Cho-Oyu[:de]Aufstieg zum Cho-Oyu[:es]Escalada de Cho-Oya[:pt]Escalada Cho Oyu[:zh]\u6500\u767b\u8d75\u7389[:ko]\ub4f1\uc0b0 \uc870\uc624\uc720[:ja]\u30af\u30e9\u30a4\u30df\u30f3\u30b0\u30c1\u30e7\u30fc\u30aa\u30e6[:hi]\u091a\u094b \u0913\u092f\u0942 \u091a\u0922\u093c\u093e\u0908[:ar]\u062a\u0633\u0644\u0642 \u062a\u0634\u0648 \u0623\u0648\u064a\u0648[:]","og_description":"Ascens\u00e3o ao Cho-Oyu (o mais acess\u00edvel dos picos de oito mil metros) com altos padr\u00f5es de seguran\u00e7a  Rota pela aresta oeste, vertente oeste do Cho-Oyu  Aut\u00eantica expedi\u00e7\u00e3o himalaia com dura\u00e7\u00e3o de 42 dias  Rela\u00e7\u00e3o guia\/cliente 1:1 ao longo de toda a expedi\u00e7\u00e3o  Estrat\u00e9gia de acampamento base avan\u00e7ado e acampamentos 1\u20133 com rota\u00e7\u00f5es e dias de descanso  *Aten\u00e7\u00e3o: nossa empresa n\u00e3o atua na compra, venda de passagens a\u00e9reas e na emiss\u00e3o de vistos, portanto n\u00e3o se responsabiliza por casos de for\u00e7a maior relacionados a voos e passagem de fronteiras. Informa\u00e7\u00f5es importantes:    O hor\u00e1rio de check-in e check-out \u00e9 regulamentado pelo hotel: check-in a partir das 15 horas, check-out at\u00e9 11\u201312 horas. A bagagem pode ser deixada na recep\u00e7\u00e3o do hotel para passear pela cidade ou, havendo disponibilidade t\u00e9cnica, pagar por check-in antecipado ou check-out tardio.  No Nepal existem dificuldades com a troca de notas de d\u00f3lar pequenas, desgastadas ou antigas (emitidas antes de 2009), tenha isso em mente. Em alguns lugares isso implica taxa adicional, em outros \u2014 recusa na troca.","og_url":"https:\/\/mountainguides.pro\/pt\/tours\/climbing\/cho-oyu\/","og_site_name":"Mountain Guide","article_publisher":"https:\/\/www.facebook.com\/Mountainguide-232956566756831\/","article_modified_time":"2026-04-06T13:28:21+00:00","og_image":[{"width":800,"height":592,"url":"https:\/\/mountainguides.pro\/wp-content\/uploads\/2016\/05\/cho-ouyu.jpg","type":"image\/jpeg"}],"twitter_card":"summary_large_image","twitter_site":"@Wintercyclone","twitter_misc":{"Tempo estimado de leitura":"5 minutos"},"schema":{"@context":"https:\/\/schema.org","@graph":[{"@type":"WebPage","@id":"https:\/\/mountainguides.pro\/tours\/climbing\/cho-oyu\/","url":"https:\/\/mountainguides.pro\/tours\/climbing\/cho-oyu\/","name":"Climb Cho-Oyu","isPartOf":{"@id":"https:\/\/mountainguides.pro\/#website"},"primaryImageOfPage":{"@id":"https:\/\/mountainguides.pro\/tours\/climbing\/cho-oyu\/#primaryimage"},"image":{"@id":"https:\/\/mountainguides.pro\/tours\/climbing\/cho-oyu\/#primaryimage"},"thumbnailUrl":"https:\/\/mountainguides.pro\/wp-content\/uploads\/2016\/05\/cho-ouyu.jpg","datePublished":"2016-05-15T07:47:05+00:00","dateModified":"2026-04-06T13:28:21+00:00","breadcrumb":{"@id":"https:\/\/mountainguides.pro\/tours\/climbing\/cho-oyu\/#breadcrumb"},"inLanguage":"pt","potentialAction":[{"@type":"ReadAction","target":["https:\/\/mountainguides.pro\/tours\/climbing\/cho-oyu\/"]}]},{"@type":"ImageObject","inLanguage":"pt","@id":"https:\/\/mountainguides.pro\/tours\/climbing\/cho-oyu\/#primaryimage","url":"https:\/\/mountainguides.pro\/wp-content\/uploads\/2016\/05\/cho-ouyu.jpg","contentUrl":"https:\/\/mountainguides.pro\/wp-content\/uploads\/2016\/05\/cho-ouyu.jpg","width":800,"height":592,"caption":"climb Cho-Oyu"},{"@type":"BreadcrumbList","@id":"https:\/\/mountainguides.pro\/tours\/climbing\/cho-oyu\/#breadcrumb","itemListElement":[{"@type":"ListItem","position":1,"name":"Home","item":"https:\/\/mountainguides.pro\/de\/"},{"@type":"ListItem","position":2,"name":"Climb Cho-Oyu"}]},{"@type":"WebSite","@id":"https:\/\/mountainguides.pro\/#website","url":"https:\/\/mountainguides.pro\/","name":"Mountain Guide","description":"We aspire to be the first in everything!","publisher":{"@id":"https:\/\/mountainguides.pro\/#organization"},"potentialAction":[{"@type":"SearchAction","target":{"@type":"EntryPoint","urlTemplate":"https:\/\/mountainguides.pro\/?s={search_term_string}"},"query-input":{"@type":"PropertyValueSpecification","valueRequired":true,"valueName":"search_term_string"}}],"inLanguage":"pt"},{"@type":"Organization","@id":"https:\/\/mountainguides.pro\/#organization","name":"Mountain Guide","url":"https:\/\/mountainguides.pro\/","logo":{"@type":"ImageObject","inLanguage":"pt","@id":"https:\/\/mountainguides.pro\/#\/schema\/logo\/image\/","url":"https:\/\/mountainguides.pro\/wp-content\/uploads\/2018\/01\/mglogo.jpg","contentUrl":"https:\/\/mountainguides.pro\/wp-content\/uploads\/2018\/01\/mglogo.jpg","width":1200,"height":630,"caption":"Mountain Guide"},"image":{"@id":"https:\/\/mountainguides.pro\/#\/schema\/logo\/image\/"},"sameAs":["https:\/\/www.facebook.com\/Mountainguide-232956566756831\/","https:\/\/x.com\/Wintercyclone","http:\/\/instagram.com\/mountainguide","http:\/\/www.youtube.com\/mountainguide"]}]}},"_links":{"self":[{"href":"https:\/\/mountainguides.pro\/pt\/wp-json\/wp\/v2\/product\/13830","targetHints":{"allow":["GET"]}}],"collection":[{"href":"https:\/\/mountainguides.pro\/pt\/wp-json\/wp\/v2\/product"}],"about":[{"href":"https:\/\/mountainguides.pro\/pt\/wp-json\/wp\/v2\/types\/product"}],"replies":[{"embeddable":true,"href":"https:\/\/mountainguides.pro\/pt\/wp-json\/wp\/v2\/comments?post=13830"}],"version-history":[{"count":13,"href":"https:\/\/mountainguides.pro\/pt\/wp-json\/wp\/v2\/product\/13830\/revisions"}],"predecessor-version":[{"id":33355,"href":"https:\/\/mountainguides.pro\/pt\/wp-json\/wp\/v2\/product\/13830\/revisions\/33355"}],"wp:featuredmedia":[{"embeddable":true,"href":"https:\/\/mountainguides.pro\/pt\/wp-json\/wp\/v2\/media\/13896"}],"wp:attachment":[{"href":"https:\/\/mountainguides.pro\/pt\/wp-json\/wp\/v2\/media?parent=13830"}],"wp:term":[{"taxonomy":"product_cat","embeddable":true,"href":"https:\/\/mountainguides.pro\/pt\/wp-json\/wp\/v2\/product_cat?post=13830"},{"taxonomy":"product_tag","embeddable":true,"href":"https:\/\/mountainguides.pro\/pt\/wp-json\/wp\/v2\/product_tag?post=13830"}],"curies":[{"name":"wp","href":"https:\/\/api.w.org\/{rel}","templated":true}]}}