{"id":16234,"date":"2020-01-13T11:55:49","date_gmt":"2020-01-13T08:55:49","guid":{"rendered":"https:\/\/mountainguides.pro\/?post_type=product&#038;p=16234"},"modified":"2026-04-06T15:34:59","modified_gmt":"2026-04-06T12:34:59","slug":"cross-of-elbrus-from-north","status":"publish","type":"product","link":"https:\/\/mountainguides.pro\/pt\/tours\/climb-elbrus\/cross-of-elbrus-from-north\/","title":{"rendered":"Escalando o Elbrus de acordo com o programa&#8221;Cruz do Norte&#8221;"},"content":{"rendered":"<h2>About the tour<\/h2>\n<p>The &#8220;Cross&#8221; of Elbrus is a complicated version of the Elbrus Climb from the South and the Elbrus Climb from the North. It consists of climbing to both summits on one side of the mountain and descending on the opposite side. This is one of the most famous routes, which allows you to test your abilities before attempting higher peaks.<\/p>\n<p>The &#8220;cross&#8221; of Elbrus can be climbed from north to south (more difficult) or from south to north. It is also possible to climb to the east summit of Elbrus and descend from there by three different routes &#8211; the Motorcycle Col (a Land Rover that was taken up there in 1997 is still there), along the rock of Elbrus Saddle (the western slope of the east summit of Elbrus) or on the south side (the easiest route).<\/p>\n<p>We can recommend climbing the &#8220;cross&#8221; of Elbrus as a training program for climbing as a training program for climbing Lenin Peak, Korjenevskoj Peak, Khan-Tengry, Island Peak, Mera Peak, Aconcagua and Ojos del Salado. It is possible to plan an overnight stay in tents on the Elbrus saddle.<\/p>\n<h2>9-day Schedule of\u00a0a Guided Climb &#8220;Cross of North\u00a0Elbrus&#8221;<\/h2>\n<p><strong>To give you peace of mind, the packages we offer usually include all the expenses you may incur.<\/strong><\/p>\n<p><strong>Day 1.<\/strong> Meeting at Mineralnye Vody airport or railway station (plan to arrive no later than 12 noon). Transfer to Emmanuel Glade.<br \/>\n<strong>Day 2.<\/strong>\u00a0Acclimatisation hike with equipment to the refuge at 3700m, followed by descent. Overnight in tents or huts on the Emanuel Glade.<br \/>\n<strong>Day 3. <\/strong>Walk to the refuge.<br \/>\n<strong>Day 4.<\/strong> Acclimatisation hike to Lents Rocks (4700m). Overnight stay at the refuge (3700m).<br \/>\n<strong>Day 5.<\/strong> Rest day. Preparations for the summit. Overnight stay at the refuge (3700m).<br \/>\n<strong>Day 6.<\/strong> Climbing Elbrus, starting at 2 or 4 am, depending on the guide. Climbing Elbrus takes 6 to 10 hours. You do not need to carry the extra equipment &#8211; the porter will take it from the camp to 3700 metres and deliver it to the springs of J\u00f5lysu, from where your luggage will be delivered to your hotel in Mineralnye Vody.<br \/>\n<strong>Day 7. <\/strong>Reserved in case of bad weather.<br \/>\n<strong>Day 8. <\/strong>Descent and transfer to Mineralnye Vody. Hotel check-in, walk.<br \/>\n<strong>Day 9.\u00a0<\/strong>Transfer to Mineralnye Vody airport.<\/p>\n<h2>Included in the cost of climbing the &#8220;Elbrus Cross&#8221;.<\/h2>\n<ul>\n<li>Hotel with accommodation in double and triple rooms. Length of stay depends on:<\/li>\n<li>Accommodation in refuges. Length of stay according to the itinerary.All transfers mentioned in the itinerary.<\/li>\n<li>Meals three times a day throughout the tour. Dinner on the first day, breakfast on the last day.All required permits and registrations.<\/li>\n<li>Guides: one lead guide for the South to North Elbrus program and several assistants for the day of the summit, with a strict ratio of one guide to three climbers. This means that if there are four clients in a group, there will be two guides for them. There is no limit to the number of attempts the group can make.<\/li>\n<li>Equipment for the group (ropes, ice screws, radios, first aid kit, satellite navigator\/GPS).<\/li>\n<\/ul>\n<h2>This is not included in the cost of the Climb to the Cross of the Elbrus.<\/h2>\n<ul>\n<li>Single accommodation.<\/li>\n<li>Personal equipment.<\/li>\n<li>Services of guides and cooks in case of deviations from the original itinerary.<\/li>\n<li>Any costs associated with program changes.<\/li>\n<\/ul>\n<h2>List of equipment \u00a0for\u00a0&#8220;Cross of Elbrus&#8221;<\/h2>\n<p><a href=\"#\"><br \/>\nDownload PDF<br \/>\n<\/a><\/p>\n<p>Documents:<\/p>\n<ul>\n<li>Valid passport<\/li>\n<li>Airline tickets<\/li>\n<li>Voucher (a form sent to you to obtain a visa)<\/li>\n<li>Insurance cover<\/li>\n<\/ul>\n<p>Personal equipment:<\/p>\n<ul>\n<li>Backpack<\/li>\n<li>Sleeping Bag<\/li>\n<li>Ski\/Touring poles<\/li>\n<li>Crampons<\/li>\n<li>Ice axe<\/li>\n<li>Climbing lanyard<\/li>\n<li>Climbing helmet<\/li>\n<li>Harness<\/li>\n<li>5 carabiners<\/li>\n<li>7 metres of 5 or 6 mm rope<\/li>\n<\/ul>\n<p>Clothing and shoes:<\/p>\n<ul>\n<li>Wind and waterproof layer &#8211; trousers and jacket. For example, Gore-Tex.<\/li>\n<li>Fleece trousers and jacket<\/li>\n<li>Thermal underwear layer &#8211; top and bottom<\/li>\n<li>Dawn jacket.<\/li>\n<li>Gloves or mittens<\/li>\n<li>Thick gloves<\/li>\n<li>Thin gloves<\/li>\n<li>Neckerchief<\/li>\n<li>Warm hat<\/li>\n<li>Underwear, socks, etc.<\/li>\n<li>A pair of warm socks for a summit day<\/li>\n<li>Balaclava<\/li>\n<li>Windproof face mask<\/li>\n<li>Alligators<\/li>\n<li>Trekking shoes\/boots<\/li>\n<li>Double or triple boots<\/li>\n<\/ul>\n<p>Travel Accessories<\/p>\n<ul>\n<li>Headlamps<\/li>\n<li>Shower gel, toothpaste, toothbrush<\/li>\n<li>Sunglasses<\/li>\n<li>Ski Goggles<\/li>\n<li>Vitamin tablets<\/li>\n<li>Thermos (1 litre, preferably without a lid)<\/li>\n<li>Sun block and lip balm<\/li>\n<li>Personal medical kit<\/li>\n<li>Extra pair of contact lenses or glasses<\/li>\n<li>Knee support<\/li>\n<\/ul>\n","protected":false},"excerpt":{"rendered":"<p class=\"p1\">Por que vale a pena ir ao Elbrus conosco? Em primeiro lugar, s\u00e3o <span class=\"s1\">nossos e somente nossos guias<\/span> \u2013 pessoas que proteger\u00e3o sua vida e sa\u00fade. Infelizmente, acidentes continuam acontecendo mesmo em alguns grupos comerciais. Em segundo lugar, este \u00e9 nosso <span class=\"s1\">vig\u00e9simo quarto<\/span> temporada de trabalho no Elbrus, e cada passo foi aperfei\u00e7oado da melhor forma poss\u00edvel. Em terceiro lugar, provavelmente ser\u00e1 com a gente que voc\u00ea precisar\u00e1 ir depois para montanhas mais s\u00e9rias, ent\u00e3o n\u00e3o \u00e9 melhor testar-nos desde o in\u00edcio em termos de resist\u00eancia e qualidade? Todas as expedi\u00e7\u00f5es indicadas na se\u00e7\u00e3o \u201cdatas e pre\u00e7os\u201d ser\u00e3o realizadas com <span class=\"s1\">pelo menos 2 participantes por grupo<\/span>. Tamb\u00e9m estamos prontos para organizar f\u00e9rias em fam\u00edlia para seus entes queridos, para que ningu\u00e9m fique entediado enquanto voc\u00ea estiver ocupado com a ascens\u00e3o.<\/p>\n<p class=\"p3\"><b>Informa\u00e7\u00f5es importantes:<\/b><b><\/b><\/p>\n<ul>\n<li>\n<p class=\"p1\">Uma tentativa \u00e9 considerada qualquer sa\u00edda do abrigo no dia da ascens\u00e3o.<\/p>\n<\/li>\n<li>\n<p class=\"p1\">Para cidad\u00e3os estrangeiros, se necess\u00e1rio, emitimos <span class=\"s1\"><b>convites de participa\u00e7\u00e3o<\/b><\/span> para nossos tours.<\/p>\n<\/li>\n<\/ul>\n<p>&nbsp;<\/p>\n<p>&nbsp;<\/p>\n<p><strong>Important information:<\/strong><\/p>\n<ul>\n<li>Any exit from the shelter on the day of the ascent is an attempt.<\/li>\n<li>For foreign citizens, if necessary, we make guest invitations to our tours.<\/li>\n<\/ul>\n","protected":false},"featured_media":15070,"comment_status":"open","ping_status":"closed","template":"","meta":{"_acf_changed":false,"footnotes":""},"product_cat":[330,320,355],"product_tag":[],"class_list":{"0":"post-16234","1":"product","2":"type-product","3":"status-publish","4":"has-post-thumbnail","6":"product_cat-climb-elbrus","7":"product_cat-climbing","8":"product_cat-only-mount","10":"first","11":"instock","12":"downloadable","13":"shipping-taxable","14":"purchasable","15":"product-type-simple"},"acf":[],"yoast_head":"<!-- This site is optimized with the Yoast SEO Premium plugin v26.5 (Yoast SEO v27.3) - https:\/\/yoast.com\/product\/yoast-seo-premium-wordpress\/ -->\n<title>Climb Elbrus cross North to South<\/title>\n<meta name=\"robots\" content=\"index, follow, max-snippet:-1, max-image-preview:large, max-video-preview:-1\" \/>\n<link rel=\"canonical\" href=\"https:\/\/mountainguides.pro\/pt\/tours\/climb-elbrus\/cross-of-elbrus-from-north\/\" \/>\n<meta property=\"og:locale\" content=\"pt_PT\" \/>\n<meta property=\"og:locale:alternate\" content=\"en_US\" \/>\n<meta property=\"og:locale:alternate\" content=\"ru_RU\" \/>\n<meta property=\"og:locale:alternate\" content=\"de\" \/>\n<meta property=\"og:locale:alternate\" content=\"es\" \/>\n<meta property=\"og:locale:alternate\" content=\"zh\" \/>\n<meta property=\"og:locale:alternate\" content=\"ko\" \/>\n<meta property=\"og:locale:alternate\" content=\"ja\" \/>\n<meta property=\"og:locale:alternate\" content=\"hi\" \/>\n<meta property=\"og:locale:alternate\" content=\"ar\" \/>\n<meta property=\"og:type\" content=\"article\" \/>\n<meta property=\"og:title\" content=\"Escalando o Elbrus de acordo com o programa&quot;Cruz do Norte&quot;\" \/>\n<meta property=\"og:description\" content=\"Por que vale a pena ir ao Elbrus conosco? Em primeiro lugar, s\u00e3o nossos e somente nossos guias \u2013 pessoas que proteger\u00e3o sua vida e sa\u00fade. Infelizmente, acidentes continuam acontecendo mesmo em alguns grupos comerciais. Em segundo lugar, este \u00e9 nosso vig\u00e9simo quarto temporada de trabalho no Elbrus, e cada passo foi aperfei\u00e7oado da melhor forma poss\u00edvel. Em terceiro lugar, provavelmente ser\u00e1 com a gente que voc\u00ea precisar\u00e1 ir depois para montanhas mais s\u00e9rias, ent\u00e3o n\u00e3o \u00e9 melhor testar-nos desde o in\u00edcio em termos de resist\u00eancia e qualidade? Todas as expedi\u00e7\u00f5es indicadas na se\u00e7\u00e3o \u201cdatas e pre\u00e7os\u201d ser\u00e3o realizadas com pelo menos 2 participantes por grupo. Tamb\u00e9m estamos prontos para organizar f\u00e9rias em fam\u00edlia para seus entes queridos, para que ningu\u00e9m fique entediado enquanto voc\u00ea estiver ocupado com a ascens\u00e3o. Informa\u00e7\u00f5es importantes:     Uma tentativa \u00e9 considerada qualquer sa\u00edda do abrigo no dia da ascens\u00e3o.    Para cidad\u00e3os estrangeiros, se necess\u00e1rio, emitimos convites de participa\u00e7\u00e3o para nossos tours.   &nbsp;  &nbsp;  Important information:   Any exit from the shelter on the day of the ascent is an attempt.  For foreign citizens, if necessary, we make guest invitations to our tours.\" \/>\n<meta property=\"og:url\" content=\"https:\/\/mountainguides.pro\/pt\/tours\/climb-elbrus\/cross-of-elbrus-from-north\/\" \/>\n<meta property=\"og:site_name\" content=\"Mountain Guide\" \/>\n<meta property=\"article:publisher\" content=\"https:\/\/www.facebook.com\/Mountainguide-232956566756831\/\" \/>\n<meta property=\"article:modified_time\" content=\"2026-04-06T12:34:59+00:00\" \/>\n<meta property=\"og:image\" content=\"https:\/\/mountainguides.pro\/wp-content\/uploads\/2016\/11\/Elbrus-from-North-540x360.jpg\" \/>\n\t<meta property=\"og:image:width\" content=\"540\" \/>\n\t<meta property=\"og:image:height\" content=\"360\" \/>\n\t<meta property=\"og:image:type\" content=\"image\/jpeg\" \/>\n<meta name=\"twitter:card\" content=\"summary_large_image\" \/>\n<meta name=\"twitter:site\" content=\"@Wintercyclone\" \/>\n<meta name=\"twitter:label1\" content=\"Tempo estimado de leitura\" \/>\n\t<meta name=\"twitter:data1\" content=\"4 minutos\" \/>\n<script type=\"application\/ld+json\" class=\"yoast-schema-graph\">{\"@context\":\"https:\\\/\\\/schema.org\",\"@graph\":[{\"@type\":\"WebPage\",\"@id\":\"https:\\\/\\\/mountainguides.pro\\\/tours\\\/climb-elbrus\\\/cross-of-elbrus-from-north\\\/\",\"url\":\"https:\\\/\\\/mountainguides.pro\\\/tours\\\/climb-elbrus\\\/cross-of-elbrus-from-north\\\/\",\"name\":\"Climb Elbrus cross North to South\",\"isPartOf\":{\"@id\":\"https:\\\/\\\/mountainguides.pro\\\/#website\"},\"primaryImageOfPage\":{\"@id\":\"https:\\\/\\\/mountainguides.pro\\\/tours\\\/climb-elbrus\\\/cross-of-elbrus-from-north\\\/#primaryimage\"},\"image\":{\"@id\":\"https:\\\/\\\/mountainguides.pro\\\/tours\\\/climb-elbrus\\\/cross-of-elbrus-from-north\\\/#primaryimage\"},\"thumbnailUrl\":\"https:\\\/\\\/mountainguides.pro\\\/wp-content\\\/uploads\\\/2016\\\/11\\\/Elbrus-from-North-540x360.jpg\",\"datePublished\":\"2020-01-13T08:55:49+00:00\",\"dateModified\":\"2026-04-06T12:34:59+00:00\",\"breadcrumb\":{\"@id\":\"https:\\\/\\\/mountainguides.pro\\\/tours\\\/climb-elbrus\\\/cross-of-elbrus-from-north\\\/#breadcrumb\"},\"inLanguage\":\"pt\",\"potentialAction\":[{\"@type\":\"ReadAction\",\"target\":[\"https:\\\/\\\/mountainguides.pro\\\/tours\\\/climb-elbrus\\\/cross-of-elbrus-from-north\\\/\"]}]},{\"@type\":\"ImageObject\",\"inLanguage\":\"pt\",\"@id\":\"https:\\\/\\\/mountainguides.pro\\\/tours\\\/climb-elbrus\\\/cross-of-elbrus-from-north\\\/#primaryimage\",\"url\":\"https:\\\/\\\/mountainguides.pro\\\/wp-content\\\/uploads\\\/2016\\\/11\\\/Elbrus-from-North-540x360.jpg\",\"contentUrl\":\"https:\\\/\\\/mountainguides.pro\\\/wp-content\\\/uploads\\\/2016\\\/11\\\/Elbrus-from-North-540x360.jpg\",\"width\":540,\"height\":360,\"caption\":\"Climb Elbrus, Elbrus climbing\"},{\"@type\":\"BreadcrumbList\",\"@id\":\"https:\\\/\\\/mountainguides.pro\\\/tours\\\/climb-elbrus\\\/cross-of-elbrus-from-north\\\/#breadcrumb\",\"itemListElement\":[{\"@type\":\"ListItem\",\"position\":1,\"name\":\"Home\",\"item\":\"https:\\\/\\\/mountainguides.pro\\\/de\\\/\"},{\"@type\":\"ListItem\",\"position\":2,\"name\":\"Elbrus cross North to South, two summits\"}]},{\"@type\":\"WebSite\",\"@id\":\"https:\\\/\\\/mountainguides.pro\\\/#website\",\"url\":\"https:\\\/\\\/mountainguides.pro\\\/\",\"name\":\"Mountain Guide\",\"description\":\"We aspire to be the first in everything!\",\"publisher\":{\"@id\":\"https:\\\/\\\/mountainguides.pro\\\/#organization\"},\"potentialAction\":[{\"@type\":\"SearchAction\",\"target\":{\"@type\":\"EntryPoint\",\"urlTemplate\":\"https:\\\/\\\/mountainguides.pro\\\/?s={search_term_string}\"},\"query-input\":{\"@type\":\"PropertyValueSpecification\",\"valueRequired\":true,\"valueName\":\"search_term_string\"}}],\"inLanguage\":\"pt\"},{\"@type\":\"Organization\",\"@id\":\"https:\\\/\\\/mountainguides.pro\\\/#organization\",\"name\":\"Mountain Guide\",\"url\":\"https:\\\/\\\/mountainguides.pro\\\/\",\"logo\":{\"@type\":\"ImageObject\",\"inLanguage\":\"pt\",\"@id\":\"https:\\\/\\\/mountainguides.pro\\\/#\\\/schema\\\/logo\\\/image\\\/\",\"url\":\"https:\\\/\\\/mountainguides.pro\\\/wp-content\\\/uploads\\\/2018\\\/01\\\/mglogo.jpg\",\"contentUrl\":\"https:\\\/\\\/mountainguides.pro\\\/wp-content\\\/uploads\\\/2018\\\/01\\\/mglogo.jpg\",\"width\":1200,\"height\":630,\"caption\":\"Mountain Guide\"},\"image\":{\"@id\":\"https:\\\/\\\/mountainguides.pro\\\/#\\\/schema\\\/logo\\\/image\\\/\"},\"sameAs\":[\"https:\\\/\\\/www.facebook.com\\\/Mountainguide-232956566756831\\\/\",\"https:\\\/\\\/x.com\\\/Wintercyclone\",\"http:\\\/\\\/instagram.com\\\/mountainguide\",\"http:\\\/\\\/www.youtube.com\\\/mountainguide\"]}]}<\/script>\n<!-- \/ Yoast SEO Premium plugin. -->","yoast_head_json":{"title":"Climb Elbrus cross North to South","robots":{"index":"index","follow":"follow","max-snippet":"max-snippet:-1","max-image-preview":"max-image-preview:large","max-video-preview":"max-video-preview:-1"},"canonical":"https:\/\/mountainguides.pro\/pt\/tours\/climb-elbrus\/cross-of-elbrus-from-north\/","og_locale":"pt_PT","og_type":"article","og_title":"[:en]Elbrus cross North to South, two summits[:de]Klettern auf den Elbrus nach dem Programm \"Kreuz aus dem Norden\"[:es]Ascensi\u00f3n al Elbrus por el programa \"Cruz del Norte\"[:pt]Escalando o Elbrus de acordo com o programa\"Cruz do Norte\"[:zh]\u6839\u636e\"\u6765\u81ea\u5317\u65b9\u7684\u5341\u5b57\u67b6\"\u8ba1\u5212\u6500\u767b\u5384\u5c14\u5e03\u9c81\u58eb\u5c71[:ko]\"\ubd81\ucabd\uc5d0\uc11c \uc628 \uc2ed\uc790\uac00\"\ud504\ub85c\uadf8\ub7a8\uc5d0 \ub530\ub77c \uc5d8 \ube0c\ub8e8\uc2a4 \uc0b0 \ub4f1\ubc18[:ja]\u300c\u5317\u304b\u3089\u306e\u5341\u5b57\u67b6\u300d\u30d7\u30ed\u30b0\u30e9\u30e0\u306b\u5f93\u3063\u3066\u30a8\u30eb\u30d6\u30eb\u30b9\u5c71\u3092\u767b\u308b[:hi]\"\u0909\u0924\u094d\u0924\u0930 \u0938\u0947 \u0915\u094d\u0930\u0949\u0938\" \u0915\u093e\u0930\u094d\u092f\u0915\u094d\u0930\u092e \u0915\u0947 \u0905\u0928\u0941\u0938\u093e\u0930 \u092e\u093e\u0909\u0902\u091f \u090f\u0932\u094d\u092c\u094d\u0930\u0938 \u092a\u0930 \u091a\u0922\u093c\u0928\u093e[:ar]\u062a\u0633\u0644\u0642 \u062c\u0628\u0644 \u0627\u0644\u0628\u0631\u0648\u0633 \u0648\u0641\u0642\u0627 \u0644\u0628\u0631\u0646\u0627\u0645\u062c \"\u0627\u0644\u0635\u0644\u064a\u0628 \u0645\u0646 \u0627\u0644\u0634\u0645\u0627\u0644\"[:]","og_description":"Por que vale a pena ir ao Elbrus conosco? Em primeiro lugar, s\u00e3o nossos e somente nossos guias \u2013 pessoas que proteger\u00e3o sua vida e sa\u00fade. Infelizmente, acidentes continuam acontecendo mesmo em alguns grupos comerciais. Em segundo lugar, este \u00e9 nosso vig\u00e9simo quarto temporada de trabalho no Elbrus, e cada passo foi aperfei\u00e7oado da melhor forma poss\u00edvel. Em terceiro lugar, provavelmente ser\u00e1 com a gente que voc\u00ea precisar\u00e1 ir depois para montanhas mais s\u00e9rias, ent\u00e3o n\u00e3o \u00e9 melhor testar-nos desde o in\u00edcio em termos de resist\u00eancia e qualidade? Todas as expedi\u00e7\u00f5es indicadas na se\u00e7\u00e3o \u201cdatas e pre\u00e7os\u201d ser\u00e3o realizadas com pelo menos 2 participantes por grupo. Tamb\u00e9m estamos prontos para organizar f\u00e9rias em fam\u00edlia para seus entes queridos, para que ningu\u00e9m fique entediado enquanto voc\u00ea estiver ocupado com a ascens\u00e3o. Informa\u00e7\u00f5es importantes:     Uma tentativa \u00e9 considerada qualquer sa\u00edda do abrigo no dia da ascens\u00e3o.    Para cidad\u00e3os estrangeiros, se necess\u00e1rio, emitimos convites de participa\u00e7\u00e3o para nossos tours.   &nbsp;  &nbsp;  Important information:   Any exit from the shelter on the day of the ascent is an attempt.  For foreign citizens, if necessary, we make guest invitations to our tours.","og_url":"https:\/\/mountainguides.pro\/pt\/tours\/climb-elbrus\/cross-of-elbrus-from-north\/","og_site_name":"Mountain Guide","article_publisher":"https:\/\/www.facebook.com\/Mountainguide-232956566756831\/","article_modified_time":"2026-04-06T12:34:59+00:00","og_image":[{"width":540,"height":360,"url":"https:\/\/mountainguides.pro\/wp-content\/uploads\/2016\/11\/Elbrus-from-North-540x360.jpg","type":"image\/jpeg"}],"twitter_card":"summary_large_image","twitter_site":"@Wintercyclone","twitter_misc":{"Tempo estimado de leitura":"4 minutos"},"schema":{"@context":"https:\/\/schema.org","@graph":[{"@type":"WebPage","@id":"https:\/\/mountainguides.pro\/tours\/climb-elbrus\/cross-of-elbrus-from-north\/","url":"https:\/\/mountainguides.pro\/tours\/climb-elbrus\/cross-of-elbrus-from-north\/","name":"Climb Elbrus cross North to South","isPartOf":{"@id":"https:\/\/mountainguides.pro\/#website"},"primaryImageOfPage":{"@id":"https:\/\/mountainguides.pro\/tours\/climb-elbrus\/cross-of-elbrus-from-north\/#primaryimage"},"image":{"@id":"https:\/\/mountainguides.pro\/tours\/climb-elbrus\/cross-of-elbrus-from-north\/#primaryimage"},"thumbnailUrl":"https:\/\/mountainguides.pro\/wp-content\/uploads\/2016\/11\/Elbrus-from-North-540x360.jpg","datePublished":"2020-01-13T08:55:49+00:00","dateModified":"2026-04-06T12:34:59+00:00","breadcrumb":{"@id":"https:\/\/mountainguides.pro\/tours\/climb-elbrus\/cross-of-elbrus-from-north\/#breadcrumb"},"inLanguage":"pt","potentialAction":[{"@type":"ReadAction","target":["https:\/\/mountainguides.pro\/tours\/climb-elbrus\/cross-of-elbrus-from-north\/"]}]},{"@type":"ImageObject","inLanguage":"pt","@id":"https:\/\/mountainguides.pro\/tours\/climb-elbrus\/cross-of-elbrus-from-north\/#primaryimage","url":"https:\/\/mountainguides.pro\/wp-content\/uploads\/2016\/11\/Elbrus-from-North-540x360.jpg","contentUrl":"https:\/\/mountainguides.pro\/wp-content\/uploads\/2016\/11\/Elbrus-from-North-540x360.jpg","width":540,"height":360,"caption":"Climb Elbrus, Elbrus climbing"},{"@type":"BreadcrumbList","@id":"https:\/\/mountainguides.pro\/tours\/climb-elbrus\/cross-of-elbrus-from-north\/#breadcrumb","itemListElement":[{"@type":"ListItem","position":1,"name":"Home","item":"https:\/\/mountainguides.pro\/de\/"},{"@type":"ListItem","position":2,"name":"Elbrus cross North to South, two summits"}]},{"@type":"WebSite","@id":"https:\/\/mountainguides.pro\/#website","url":"https:\/\/mountainguides.pro\/","name":"Mountain Guide","description":"We aspire to be the first in everything!","publisher":{"@id":"https:\/\/mountainguides.pro\/#organization"},"potentialAction":[{"@type":"SearchAction","target":{"@type":"EntryPoint","urlTemplate":"https:\/\/mountainguides.pro\/?s={search_term_string}"},"query-input":{"@type":"PropertyValueSpecification","valueRequired":true,"valueName":"search_term_string"}}],"inLanguage":"pt"},{"@type":"Organization","@id":"https:\/\/mountainguides.pro\/#organization","name":"Mountain Guide","url":"https:\/\/mountainguides.pro\/","logo":{"@type":"ImageObject","inLanguage":"pt","@id":"https:\/\/mountainguides.pro\/#\/schema\/logo\/image\/","url":"https:\/\/mountainguides.pro\/wp-content\/uploads\/2018\/01\/mglogo.jpg","contentUrl":"https:\/\/mountainguides.pro\/wp-content\/uploads\/2018\/01\/mglogo.jpg","width":1200,"height":630,"caption":"Mountain Guide"},"image":{"@id":"https:\/\/mountainguides.pro\/#\/schema\/logo\/image\/"},"sameAs":["https:\/\/www.facebook.com\/Mountainguide-232956566756831\/","https:\/\/x.com\/Wintercyclone","http:\/\/instagram.com\/mountainguide","http:\/\/www.youtube.com\/mountainguide"]}]}},"_links":{"self":[{"href":"https:\/\/mountainguides.pro\/pt\/wp-json\/wp\/v2\/product\/16234","targetHints":{"allow":["GET"]}}],"collection":[{"href":"https:\/\/mountainguides.pro\/pt\/wp-json\/wp\/v2\/product"}],"about":[{"href":"https:\/\/mountainguides.pro\/pt\/wp-json\/wp\/v2\/types\/product"}],"replies":[{"embeddable":true,"href":"https:\/\/mountainguides.pro\/pt\/wp-json\/wp\/v2\/comments?post=16234"}],"version-history":[{"count":40,"href":"https:\/\/mountainguides.pro\/pt\/wp-json\/wp\/v2\/product\/16234\/revisions"}],"predecessor-version":[{"id":33312,"href":"https:\/\/mountainguides.pro\/pt\/wp-json\/wp\/v2\/product\/16234\/revisions\/33312"}],"wp:featuredmedia":[{"embeddable":true,"href":"https:\/\/mountainguides.pro\/pt\/wp-json\/wp\/v2\/media\/15070"}],"wp:attachment":[{"href":"https:\/\/mountainguides.pro\/pt\/wp-json\/wp\/v2\/media?parent=16234"}],"wp:term":[{"taxonomy":"product_cat","embeddable":true,"href":"https:\/\/mountainguides.pro\/pt\/wp-json\/wp\/v2\/product_cat?post=16234"},{"taxonomy":"product_tag","embeddable":true,"href":"https:\/\/mountainguides.pro\/pt\/wp-json\/wp\/v2\/product_tag?post=16234"}],"curies":[{"name":"wp","href":"https:\/\/api.w.org\/{rel}","templated":true}]}}