{"id":17865,"date":"2022-01-12T14:18:26","date_gmt":"2022-01-12T11:18:26","guid":{"rendered":"https:\/\/mountainguides.pro\/?post_type=product&#038;p=17865"},"modified":"2026-04-06T15:39:42","modified_gmt":"2026-04-06T12:39:42","slug":"rest-in-the-elbrus-region-9-days","status":"publish","type":"product","link":"https:\/\/mountainguides.pro\/pt\/tours\/climb-elbrus\/rest-in-the-elbrus-region-9-days\/","title":{"rendered":"F\u00e9rias em Elbrus, 9 dias"},"content":{"rendered":"<h2>About the tour<\/h2>\n<p>The recreation program in the Elbrus region is designed for those who are not going to go mountaineering, climb Elbrus and want to spend the night only in a comfortable hotel during the entire period of their stay in the Elbrus region, as well as for those who are just looking at simple mountain climbing. This program is perfect for a family vacation in the Elbrus region with children, for families where one of the parents plans to climb Elbrus, and the rest of the family wants to be around. The recreation program in the Elbrus region is suitable for almost anyone, even for children from five years old.<\/p>\n<p>All the days that the group of climbers spends in the valley, you take walks with them, optionally, you can make an easy acclimatization ascent to Priyut-11 with them and not the easiest, but accessible to most people, ascent to the Pastukhov Rocks. On these days, you can also go for a ride simply on a snowcat without physical activity. There is no better chance to touch the snow in the summer, especially in the first half of the summer, then on Elbrus most often there is already bare ice. But in the second half of summer, berries begin to ripen in the valley.<\/p>\n<h2>Recreation program on Elbrus from the south with a guide, 9 days.<\/h2>\n<p><strong>Day 1.<\/strong>\u00a0Arrival at the airport Mineralnye Vody. Departure from the airport at 12: 00-12: 15 for all arrivals on flights before 11:30. Departure from the airport at 15: 15-15: 30 for all arrivals before 14:45. Moving 200 km (3 hours) transfer to the hotel. The hotel is located at the beginning of the hundred-kilometer valley of the Baksan River, almost on the very slope of Elbrus. Gathering for dinner.<br \/>\n<strong>Day 2.<\/strong>\u00a0Walk to Cheget, it is possible to use a chairlift if the loads seem a bit too much (dress warmly, even on a sunny day!). Descent on foot to the Cheget glade, lunch.<br \/>\n<strong>Day <\/strong><strong>3<\/strong><strong>.<\/strong>\u00a0Walk-acclimatization to the waterfall \u201cMaiden\u2019s Spit\u201d (2700m) along the old road, first in a pine forest, then in the area of alpine meadows, from where (not necessarily) we climb further to the observatory (3100m), lunch at the hotel.<br \/>\n<strong>Day <\/strong><strong>4<\/strong><strong>.<\/strong>\u00a0In the morning \u2013 transfer to Azau, ascent to the shelter by cable car (the last part of the cable car is open, keep warm and not blown clothes on hand). The shelter is located on the edge of a glacier, it is always winter here, but during the day it is usually relatively warm. Free time. Here you can ride a snowmobile (we do not recommend it, this is a somewhat risky activity) or on a snowcat, from here you can see the entire Main Caucasian ridge and all the five-thousanders of the Caucasus, except for Kazbek. Elbrus \u2013 at a glance. It is from here that all the ascents to Elbrus start. Independent descent on the cable car down (from the shelter to the cable car \u2013 200 meters horizontally), independent taxi to the hotel.<br \/>\n<strong>Day <\/strong><strong>5<\/strong><strong>.<\/strong>\u00a0Trekking to the Terskol river valley \u2013 a wild gorge, the trail to which starts right from the village and leads through a pine forest to alpine meadows, along the way there are bushes of raspberries, lingonberries and blueberries, from mid-June (and often earlier), then a wall of crystals of solidified lava. With good endurance of the group, you can walk to the waterfall. This is the gentlest trekking in the entire program, no special labor costs.<br \/>\n<strong>Day <\/strong><strong>6<\/strong><strong>.<\/strong>\u00a0Walk to the Narzan Valley, where springs of carbonated mineral water saturated with iron gush out from under the ground. Here you can fish for trout and climb the mountainside to see Elbrus.<br \/>\n<strong>Day <\/strong><strong>7<\/strong><strong>.<\/strong>\u00a0Free software<br \/>\n<strong>Day <\/strong><strong>8<\/strong><strong>.<\/strong>\u00a0Free software<br \/>\n<strong>Day <\/strong><strong>9<\/strong><strong>.<\/strong>\u00a0Departure to the airport at 7 am (plan your flights!). You can have time to walk around Pyatigorsk, leaving your belongings at the airport, visit the place of the duel of M.Yu. Lermontov (independently).<\/p>\n<p>Free program days options:<br \/>\n\u2013 Trekking in the Adyl-Su gorge (preliminary registration of a border pass may be required)<br \/>\n\u2013 Trekking in the Irik-Chat gorge<br \/>\n\u2013 Jeep tour through the mountains to the north of Elbrus with a return through Kislovodsk<br \/>\n\u2013 Jeep tour to Bezengi through Chegem waterfalls<\/p>\n<h2>Included in the cost of Elbrus program:<\/h2>\n<ul>\n<li>Leader-guide during the whole program, except for the days of the free program<\/li>\n<li>Hotel, accommodation in 2-3-bed rooms. Number of nights according to the program.<\/li>\n<li>All transfers according to the program, including cable cars to Elbrus. From the airport (train station) to the airport.<\/li>\n<li>Three meals a day during the entire program, except for lunches on the days of the free program. Dinner on the first day, breakfast on the last day.<\/li>\n<li>All necessary permits and registrations.<\/li>\n<\/ul>\n<h2>Not included in the cost of Elbrus program<\/h2>\n<ul>\n<li>Free Program Tours<\/li>\n<li>Single occupancy.<\/li>\n<li>Personal equipment.<\/li>\n<li>Any deviation from the program.<\/li>\n<li>Cable cars to Chege<\/li>\n<li>Any costs associated with program changes<\/li>\n<\/ul>\n<h2>List of equipment for climbing mount Elbrus from the South.<\/h2>\n<p><a role=\"button\" href=\"#\"><br \/>\nDownload PDF<br \/>\n<\/a><\/p>\n<p>Documents<\/p>\n<ul>\n<li>Valid passport<\/li>\n<li>Airline tickets<\/li>\n<li>Voucher (a form, which was sent to you for obtaining visa)<\/li>\n<li>Insurance<\/li>\n<\/ul>\n<p>Personal equipment<\/p>\n<ul>\n<li>Backpack<\/li>\n<li>Sleeping bag<\/li>\n<li>Ski\/trekking poles<\/li>\n<li>Crampons<\/li>\n<li>Ice axe<\/li>\n<li>Mountaineering Lanyard<\/li>\n<li>Helmet<\/li>\n<li>Harness<\/li>\n<li>2 Carabines<\/li>\n<li>2 meters of 5 or 6-10mm rope<\/li>\n<\/ul>\n<p>Clothing and shoes.<\/p>\n<ul>\n<li>Wind and waterproof layer \u2013 Pants and Jacket. Gore-Tex, for example.<\/li>\n<li>Fleece pants and jacket<\/li>\n<li>Thermo underwear layer \u2013 top and bottom<\/li>\n<li>Dawn jacket.<\/li>\n<li>Mittens<\/li>\n<li>Thick gloves<\/li>\n<li>Thin gloves<\/li>\n<li>Bandana<\/li>\n<li>Warm hat<\/li>\n<li>Underwear, socks and so on<\/li>\n<li>Some warm socks for a summit day<\/li>\n<li>Balaclava<\/li>\n<li>Windproof face mask<\/li>\n<li>Gators<\/li>\n<li>Trekking shoes\/trekking boots<\/li>\n<li>Double or triple boots<\/li>\n<\/ul>\n<p>Travel Accessories<\/p>\n<ul>\n<li>Headlamp<\/li>\n<li>Shower accessories, toothpaste, toothbrush<\/li>\n<li>Sunglasses<\/li>\n<li>Ski goggles<\/li>\n<li>Vitamins<\/li>\n<li>Thermos (1 liter, better without button)<\/li>\n<li>Sunblock and lip balm<\/li>\n<li>Personal medical kit<\/li>\n<li>Spare contact lenses or glasses<\/li>\n<li>Knee supports<\/li>\n<\/ul>\n","protected":false},"excerpt":{"rendered":"<p class=\"p1\">Por que vale a pena ir ao Elbrus conosco? Em primeiro lugar, s\u00e3o <span class=\"s1\">nossos<\/span> guias e apenas nossos, e n\u00e3o apenas escrevemos sobre isso, mas, ao contr\u00e1rio de muitas empresas, n\u00e3o temos medo de mostr\u00e1-los a voc\u00ea. Nosso hotel \u2013 temos um hotel confort\u00e1vel com quartos grandes e uma sala de refei\u00e7\u00f5es acolhedora. Um bom e aconchegante abrigo com uma cozinha enorme, camas individuais nos vag\u00f5es residenciais, roupa de cama e banheiro limpo, nosso pr\u00f3prio aluguel de equipamentos (o mais novo e maior em Pri-Elbrus) garantir\u00e3o para voc\u00ea uma estadia de alta qualidade e segura. Todas as expedi\u00e7\u00f5es indicadas na se\u00e7\u00e3o \u201cdatas e pre\u00e7os\u201d ser\u00e3o realizadas com no m\u00ednimo 2 participantes no grupo. Tamb\u00e9m estamos prontos para organizar f\u00e9rias em fam\u00edlia para seus parentes, para que ningu\u00e9m fique entediado enquanto voc\u00ea estiver ocupado com a subida.<\/p>\n<p class=\"p3\"><b>Informa\u00e7\u00f5es importantes:<\/b><b><\/b><\/p>\n<ul>\n<li class=\"p1\">O hor\u00e1rio de check-in e check-out \u00e9 determinado pelo hotel: check-in a partir das 15h, check-out at\u00e9 11-12h. A bagagem pode ser deixada na recep\u00e7\u00e3o do hotel para passeios nas proximidades, ou, se houver possibilidade t\u00e9cnica, \u00e9 poss\u00edvel pagar por check-in antecipado\/check-out tardio.<\/li>\n<li class=\"p1\">Para cidad\u00e3os estrangeiros, se necess\u00e1rio, emitimos convites para participar de nossos tours.<\/li>\n<\/ul>\n","protected":false},"featured_media":17869,"comment_status":"closed","ping_status":"closed","template":"","meta":{"_acf_changed":false,"footnotes":""},"product_cat":[330],"product_tag":[],"class_list":{"0":"post-17865","1":"product","2":"type-product","3":"status-publish","4":"has-post-thumbnail","6":"product_cat-climb-elbrus","8":"first","9":"instock","10":"shipping-taxable","11":"purchasable","12":"product-type-simple"},"acf":[],"yoast_head":"<!-- This site is optimized with the Yoast SEO Premium plugin v26.5 (Yoast SEO v27.3) - https:\/\/yoast.com\/product\/yoast-seo-premium-wordpress\/ -->\n<title>F\u00e9rias em Elbrus, 9 dias<\/title>\n<meta name=\"robots\" content=\"index, follow, max-snippet:-1, max-image-preview:large, max-video-preview:-1\" \/>\n<link rel=\"canonical\" href=\"https:\/\/mountainguides.pro\/pt\/tours\/climb-elbrus\/rest-in-the-elbrus-region-9-days\/\" \/>\n<meta property=\"og:locale\" content=\"pt_PT\" \/>\n<meta property=\"og:locale:alternate\" content=\"en_US\" \/>\n<meta property=\"og:locale:alternate\" content=\"ru_RU\" \/>\n<meta property=\"og:locale:alternate\" content=\"de\" \/>\n<meta property=\"og:locale:alternate\" content=\"es\" \/>\n<meta property=\"og:locale:alternate\" content=\"zh\" \/>\n<meta property=\"og:locale:alternate\" content=\"ko\" \/>\n<meta property=\"og:locale:alternate\" content=\"ja\" \/>\n<meta property=\"og:locale:alternate\" content=\"hi\" \/>\n<meta property=\"og:locale:alternate\" content=\"ar\" \/>\n<meta property=\"og:type\" content=\"article\" \/>\n<meta property=\"og:title\" content=\"F\u00e9rias em Elbrus, 9 dias\" \/>\n<meta property=\"og:description\" content=\"Por que vale a pena ir ao Elbrus conosco? Em primeiro lugar, s\u00e3o nossos guias e apenas nossos, e n\u00e3o apenas escrevemos sobre isso, mas, ao contr\u00e1rio de muitas empresas, n\u00e3o temos medo de mostr\u00e1-los a voc\u00ea. Nosso hotel \u2013 temos um hotel confort\u00e1vel com quartos grandes e uma sala de refei\u00e7\u00f5es acolhedora. Um bom e aconchegante abrigo com uma cozinha enorme, camas individuais nos vag\u00f5es residenciais, roupa de cama e banheiro limpo, nosso pr\u00f3prio aluguel de equipamentos (o mais novo e maior em Pri-Elbrus) garantir\u00e3o para voc\u00ea uma estadia de alta qualidade e segura. Todas as expedi\u00e7\u00f5es indicadas na se\u00e7\u00e3o \u201cdatas e pre\u00e7os\u201d ser\u00e3o realizadas com no m\u00ednimo 2 participantes no grupo. Tamb\u00e9m estamos prontos para organizar f\u00e9rias em fam\u00edlia para seus parentes, para que ningu\u00e9m fique entediado enquanto voc\u00ea estiver ocupado com a subida. Informa\u00e7\u00f5es importantes:    O hor\u00e1rio de check-in e check-out \u00e9 determinado pelo hotel: check-in a partir das 15h, check-out at\u00e9 11-12h. A bagagem pode ser deixada na recep\u00e7\u00e3o do hotel para passeios nas proximidades, ou, se houver possibilidade t\u00e9cnica, \u00e9 poss\u00edvel pagar por check-in antecipado\/check-out tardio.  Para cidad\u00e3os estrangeiros, se necess\u00e1rio, emitimos convites para participar de nossos tours.\" \/>\n<meta property=\"og:url\" content=\"https:\/\/mountainguides.pro\/pt\/tours\/climb-elbrus\/rest-in-the-elbrus-region-9-days\/\" \/>\n<meta property=\"og:site_name\" content=\"Mountain Guide\" \/>\n<meta property=\"article:publisher\" content=\"https:\/\/www.facebook.com\/Mountainguide-232956566756831\/\" \/>\n<meta property=\"article:modified_time\" content=\"2026-04-06T12:39:42+00:00\" \/>\n<meta property=\"og:image\" content=\"https:\/\/mountainguides.pro\/wp-content\/uploads\/2022\/01\/Elbrus-with-mountainguide.ru-08-1.jpg\" \/>\n\t<meta property=\"og:image:width\" content=\"800\" \/>\n\t<meta property=\"og:image:height\" content=\"600\" \/>\n\t<meta property=\"og:image:type\" content=\"image\/jpeg\" \/>\n<meta name=\"twitter:card\" content=\"summary_large_image\" \/>\n<meta name=\"twitter:site\" content=\"@Wintercyclone\" \/>\n<meta name=\"twitter:label1\" content=\"Tempo estimado de leitura\" \/>\n\t<meta name=\"twitter:data1\" content=\"5 minutos\" \/>\n<script type=\"application\/ld+json\" class=\"yoast-schema-graph\">{\"@context\":\"https:\\\/\\\/schema.org\",\"@graph\":[{\"@type\":\"WebPage\",\"@id\":\"https:\\\/\\\/mountainguides.pro\\\/tours\\\/climb-elbrus\\\/rest-in-the-elbrus-region-9-days\\\/\",\"url\":\"https:\\\/\\\/mountainguides.pro\\\/tours\\\/climb-elbrus\\\/rest-in-the-elbrus-region-9-days\\\/\",\"name\":\"F\u00e9rias em Elbrus, 9 dias\",\"isPartOf\":{\"@id\":\"https:\\\/\\\/mountainguides.pro\\\/#website\"},\"primaryImageOfPage\":{\"@id\":\"https:\\\/\\\/mountainguides.pro\\\/tours\\\/climb-elbrus\\\/rest-in-the-elbrus-region-9-days\\\/#primaryimage\"},\"image\":{\"@id\":\"https:\\\/\\\/mountainguides.pro\\\/tours\\\/climb-elbrus\\\/rest-in-the-elbrus-region-9-days\\\/#primaryimage\"},\"thumbnailUrl\":\"https:\\\/\\\/mountainguides.pro\\\/wp-content\\\/uploads\\\/2022\\\/01\\\/Elbrus-with-mountainguide.ru-08-1.jpg\",\"datePublished\":\"2022-01-12T11:18:26+00:00\",\"dateModified\":\"2026-04-06T12:39:42+00:00\",\"breadcrumb\":{\"@id\":\"https:\\\/\\\/mountainguides.pro\\\/tours\\\/climb-elbrus\\\/rest-in-the-elbrus-region-9-days\\\/#breadcrumb\"},\"inLanguage\":\"pt\",\"potentialAction\":[{\"@type\":\"ReadAction\",\"target\":[\"https:\\\/\\\/mountainguides.pro\\\/tours\\\/climb-elbrus\\\/rest-in-the-elbrus-region-9-days\\\/\"]}]},{\"@type\":\"ImageObject\",\"inLanguage\":\"pt\",\"@id\":\"https:\\\/\\\/mountainguides.pro\\\/tours\\\/climb-elbrus\\\/rest-in-the-elbrus-region-9-days\\\/#primaryimage\",\"url\":\"https:\\\/\\\/mountainguides.pro\\\/wp-content\\\/uploads\\\/2022\\\/01\\\/Elbrus-with-mountainguide.ru-08-1.jpg\",\"contentUrl\":\"https:\\\/\\\/mountainguides.pro\\\/wp-content\\\/uploads\\\/2022\\\/01\\\/Elbrus-with-mountainguide.ru-08-1.jpg\",\"width\":800,\"height\":600},{\"@type\":\"BreadcrumbList\",\"@id\":\"https:\\\/\\\/mountainguides.pro\\\/tours\\\/climb-elbrus\\\/rest-in-the-elbrus-region-9-days\\\/#breadcrumb\",\"itemListElement\":[{\"@type\":\"ListItem\",\"position\":1,\"name\":\"Home\",\"item\":\"https:\\\/\\\/mountainguides.pro\\\/de\\\/\"},{\"@type\":\"ListItem\",\"position\":2,\"name\":\"Elbrus holidays, 9 days\"}]},{\"@type\":\"WebSite\",\"@id\":\"https:\\\/\\\/mountainguides.pro\\\/#website\",\"url\":\"https:\\\/\\\/mountainguides.pro\\\/\",\"name\":\"Mountain Guide\",\"description\":\"We aspire to be the first in everything!\",\"publisher\":{\"@id\":\"https:\\\/\\\/mountainguides.pro\\\/#organization\"},\"potentialAction\":[{\"@type\":\"SearchAction\",\"target\":{\"@type\":\"EntryPoint\",\"urlTemplate\":\"https:\\\/\\\/mountainguides.pro\\\/?s={search_term_string}\"},\"query-input\":{\"@type\":\"PropertyValueSpecification\",\"valueRequired\":true,\"valueName\":\"search_term_string\"}}],\"inLanguage\":\"pt\"},{\"@type\":\"Organization\",\"@id\":\"https:\\\/\\\/mountainguides.pro\\\/#organization\",\"name\":\"Mountain Guide\",\"url\":\"https:\\\/\\\/mountainguides.pro\\\/\",\"logo\":{\"@type\":\"ImageObject\",\"inLanguage\":\"pt\",\"@id\":\"https:\\\/\\\/mountainguides.pro\\\/#\\\/schema\\\/logo\\\/image\\\/\",\"url\":\"https:\\\/\\\/mountainguides.pro\\\/wp-content\\\/uploads\\\/2018\\\/01\\\/mglogo.jpg\",\"contentUrl\":\"https:\\\/\\\/mountainguides.pro\\\/wp-content\\\/uploads\\\/2018\\\/01\\\/mglogo.jpg\",\"width\":1200,\"height\":630,\"caption\":\"Mountain Guide\"},\"image\":{\"@id\":\"https:\\\/\\\/mountainguides.pro\\\/#\\\/schema\\\/logo\\\/image\\\/\"},\"sameAs\":[\"https:\\\/\\\/www.facebook.com\\\/Mountainguide-232956566756831\\\/\",\"https:\\\/\\\/x.com\\\/Wintercyclone\",\"http:\\\/\\\/instagram.com\\\/mountainguide\",\"http:\\\/\\\/www.youtube.com\\\/mountainguide\"]}]}<\/script>\n<!-- \/ Yoast SEO Premium plugin. -->","yoast_head_json":{"title":"F\u00e9rias em Elbrus, 9 dias","robots":{"index":"index","follow":"follow","max-snippet":"max-snippet:-1","max-image-preview":"max-image-preview:large","max-video-preview":"max-video-preview:-1"},"canonical":"https:\/\/mountainguides.pro\/pt\/tours\/climb-elbrus\/rest-in-the-elbrus-region-9-days\/","og_locale":"pt_PT","og_type":"article","og_title":"[:en]Elbrus holidays, 9 days[:de]Urlaub in Prielbrousi, 9 Tage[:es]Vacaciones en el Elbrus, 9 d\u00edas[:pt]F\u00e9rias em Elbrus, 9 dias[:zh]\u5384\u5c14\u5e03\u9c81\u58eb\u5730\u533a\u7684\u5047\u671f\uff0c9\u5929[:ko]\uc5d8 \ube0c\ub8e8 \uc2a4 \uc9c0\uc5ed\uc758 \ud734\uc77c,9 \uc77c[:ja]\u30a8\u30eb\u30d6\u30eb\u30b9\u5730\u65b9\u306e\u4f11\u65e5\u30019\u65e5[:hi]\u090f\u0932\u094d\u092c\u094d\u0930\u0938 \u0915\u094d\u0937\u0947\u0924\u094d\u0930 \u092e\u0947\u0902 \u091b\u0941\u091f\u094d\u091f\u093f\u092f\u093e\u0902, 9 \u0926\u093f\u0928[:ar]\u0627\u0644\u0639\u0637\u0644 \u0641\u064a \u0645\u0646\u0637\u0642\u0629 \u0625\u0644\u0628\u0631\u0648\u0633 \u060c 9 \u0623\u064a\u0627\u0645[:]","og_description":"Por que vale a pena ir ao Elbrus conosco? Em primeiro lugar, s\u00e3o nossos guias e apenas nossos, e n\u00e3o apenas escrevemos sobre isso, mas, ao contr\u00e1rio de muitas empresas, n\u00e3o temos medo de mostr\u00e1-los a voc\u00ea. Nosso hotel \u2013 temos um hotel confort\u00e1vel com quartos grandes e uma sala de refei\u00e7\u00f5es acolhedora. Um bom e aconchegante abrigo com uma cozinha enorme, camas individuais nos vag\u00f5es residenciais, roupa de cama e banheiro limpo, nosso pr\u00f3prio aluguel de equipamentos (o mais novo e maior em Pri-Elbrus) garantir\u00e3o para voc\u00ea uma estadia de alta qualidade e segura. Todas as expedi\u00e7\u00f5es indicadas na se\u00e7\u00e3o \u201cdatas e pre\u00e7os\u201d ser\u00e3o realizadas com no m\u00ednimo 2 participantes no grupo. Tamb\u00e9m estamos prontos para organizar f\u00e9rias em fam\u00edlia para seus parentes, para que ningu\u00e9m fique entediado enquanto voc\u00ea estiver ocupado com a subida. Informa\u00e7\u00f5es importantes:    O hor\u00e1rio de check-in e check-out \u00e9 determinado pelo hotel: check-in a partir das 15h, check-out at\u00e9 11-12h. A bagagem pode ser deixada na recep\u00e7\u00e3o do hotel para passeios nas proximidades, ou, se houver possibilidade t\u00e9cnica, \u00e9 poss\u00edvel pagar por check-in antecipado\/check-out tardio.  Para cidad\u00e3os estrangeiros, se necess\u00e1rio, emitimos convites para participar de nossos tours.","og_url":"https:\/\/mountainguides.pro\/pt\/tours\/climb-elbrus\/rest-in-the-elbrus-region-9-days\/","og_site_name":"Mountain Guide","article_publisher":"https:\/\/www.facebook.com\/Mountainguide-232956566756831\/","article_modified_time":"2026-04-06T12:39:42+00:00","og_image":[{"width":800,"height":600,"url":"https:\/\/mountainguides.pro\/wp-content\/uploads\/2022\/01\/Elbrus-with-mountainguide.ru-08-1.jpg","type":"image\/jpeg"}],"twitter_card":"summary_large_image","twitter_site":"@Wintercyclone","twitter_misc":{"Tempo estimado de leitura":"5 minutos"},"schema":{"@context":"https:\/\/schema.org","@graph":[{"@type":"WebPage","@id":"https:\/\/mountainguides.pro\/tours\/climb-elbrus\/rest-in-the-elbrus-region-9-days\/","url":"https:\/\/mountainguides.pro\/tours\/climb-elbrus\/rest-in-the-elbrus-region-9-days\/","name":"F\u00e9rias em Elbrus, 9 dias","isPartOf":{"@id":"https:\/\/mountainguides.pro\/#website"},"primaryImageOfPage":{"@id":"https:\/\/mountainguides.pro\/tours\/climb-elbrus\/rest-in-the-elbrus-region-9-days\/#primaryimage"},"image":{"@id":"https:\/\/mountainguides.pro\/tours\/climb-elbrus\/rest-in-the-elbrus-region-9-days\/#primaryimage"},"thumbnailUrl":"https:\/\/mountainguides.pro\/wp-content\/uploads\/2022\/01\/Elbrus-with-mountainguide.ru-08-1.jpg","datePublished":"2022-01-12T11:18:26+00:00","dateModified":"2026-04-06T12:39:42+00:00","breadcrumb":{"@id":"https:\/\/mountainguides.pro\/tours\/climb-elbrus\/rest-in-the-elbrus-region-9-days\/#breadcrumb"},"inLanguage":"pt","potentialAction":[{"@type":"ReadAction","target":["https:\/\/mountainguides.pro\/tours\/climb-elbrus\/rest-in-the-elbrus-region-9-days\/"]}]},{"@type":"ImageObject","inLanguage":"pt","@id":"https:\/\/mountainguides.pro\/tours\/climb-elbrus\/rest-in-the-elbrus-region-9-days\/#primaryimage","url":"https:\/\/mountainguides.pro\/wp-content\/uploads\/2022\/01\/Elbrus-with-mountainguide.ru-08-1.jpg","contentUrl":"https:\/\/mountainguides.pro\/wp-content\/uploads\/2022\/01\/Elbrus-with-mountainguide.ru-08-1.jpg","width":800,"height":600},{"@type":"BreadcrumbList","@id":"https:\/\/mountainguides.pro\/tours\/climb-elbrus\/rest-in-the-elbrus-region-9-days\/#breadcrumb","itemListElement":[{"@type":"ListItem","position":1,"name":"Home","item":"https:\/\/mountainguides.pro\/de\/"},{"@type":"ListItem","position":2,"name":"Elbrus holidays, 9 days"}]},{"@type":"WebSite","@id":"https:\/\/mountainguides.pro\/#website","url":"https:\/\/mountainguides.pro\/","name":"Mountain Guide","description":"We aspire to be the first in everything!","publisher":{"@id":"https:\/\/mountainguides.pro\/#organization"},"potentialAction":[{"@type":"SearchAction","target":{"@type":"EntryPoint","urlTemplate":"https:\/\/mountainguides.pro\/?s={search_term_string}"},"query-input":{"@type":"PropertyValueSpecification","valueRequired":true,"valueName":"search_term_string"}}],"inLanguage":"pt"},{"@type":"Organization","@id":"https:\/\/mountainguides.pro\/#organization","name":"Mountain Guide","url":"https:\/\/mountainguides.pro\/","logo":{"@type":"ImageObject","inLanguage":"pt","@id":"https:\/\/mountainguides.pro\/#\/schema\/logo\/image\/","url":"https:\/\/mountainguides.pro\/wp-content\/uploads\/2018\/01\/mglogo.jpg","contentUrl":"https:\/\/mountainguides.pro\/wp-content\/uploads\/2018\/01\/mglogo.jpg","width":1200,"height":630,"caption":"Mountain Guide"},"image":{"@id":"https:\/\/mountainguides.pro\/#\/schema\/logo\/image\/"},"sameAs":["https:\/\/www.facebook.com\/Mountainguide-232956566756831\/","https:\/\/x.com\/Wintercyclone","http:\/\/instagram.com\/mountainguide","http:\/\/www.youtube.com\/mountainguide"]}]}},"_links":{"self":[{"href":"https:\/\/mountainguides.pro\/pt\/wp-json\/wp\/v2\/product\/17865","targetHints":{"allow":["GET"]}}],"collection":[{"href":"https:\/\/mountainguides.pro\/pt\/wp-json\/wp\/v2\/product"}],"about":[{"href":"https:\/\/mountainguides.pro\/pt\/wp-json\/wp\/v2\/types\/product"}],"replies":[{"embeddable":true,"href":"https:\/\/mountainguides.pro\/pt\/wp-json\/wp\/v2\/comments?post=17865"}],"version-history":[{"count":26,"href":"https:\/\/mountainguides.pro\/pt\/wp-json\/wp\/v2\/product\/17865\/revisions"}],"predecessor-version":[{"id":33316,"href":"https:\/\/mountainguides.pro\/pt\/wp-json\/wp\/v2\/product\/17865\/revisions\/33316"}],"wp:featuredmedia":[{"embeddable":true,"href":"https:\/\/mountainguides.pro\/pt\/wp-json\/wp\/v2\/media\/17869"}],"wp:attachment":[{"href":"https:\/\/mountainguides.pro\/pt\/wp-json\/wp\/v2\/media?parent=17865"}],"wp:term":[{"taxonomy":"product_cat","embeddable":true,"href":"https:\/\/mountainguides.pro\/pt\/wp-json\/wp\/v2\/product_cat?post=17865"},{"taxonomy":"product_tag","embeddable":true,"href":"https:\/\/mountainguides.pro\/pt\/wp-json\/wp\/v2\/product_tag?post=17865"}],"curies":[{"name":"wp","href":"https:\/\/api.w.org\/{rel}","templated":true}]}}