{"id":18453,"date":"2022-12-14T13:53:51","date_gmt":"2022-12-14T10:53:51","guid":{"rendered":"https:\/\/mountainguides.pro\/?post_type=product&#038;p=18453"},"modified":"2026-04-06T17:24:24","modified_gmt":"2026-04-06T14:24:24","slug":"kilimanjaro-machame","status":"publish","type":"product","link":"https:\/\/mountainguides.pro\/pt\/tours\/climbing\/kilimanjaro-machame\/","title":{"rendered":"Escalando o Kilimanjaro pela Rota Machame"},"content":{"rendered":"<h2>About the tour<\/h2>\n<p>From a bird&#8217;s eye view, you can clearly see how seven paths stretch to the foot of the Kibo peak, each of which has its own characteristics. For example, only five of them can be climbed on Kilimanjaro, and the Kilimanjaro National Park itself vetoed the descent along them, and the Mweka trail only allows descent from the top of the volcano. But no matter which way the climber climbs Kilimanjaro, he will still hit the path called the North and South Rings of Kibo. It is circular and connects all seven trails at an altitude of more than 4 km above sea level. If you are energetic, thirsty for adrenaline and dream of an unforgettable trip, we will help you organize your unforgettable climb to Kilimanjaro, which will be a real shock to the senses and emotions.<\/p>\n<h2>Itinerary to Climb Kilimanjaro by Machame route.<\/h2>\n<p><strong>Day 1.<\/strong> Meeting at the airport in Arusha, Tanzania and transfer to the hotel in Moshi. If you arrive at the airport of Nairobi in Kenya, then make an independent bus transfer (local transport) to the city of Arusha or directly to the city of Moshi to the hotel (if necessary, we can order an individual Nairobi-Moshi transfer). The total travel time from Nairobi is about 5 hours. The group arriving at the place is met by our representative. Accommodation in 3* hotels with private facilities in the city of Moshi, free meals. A thorough briefing on the upcoming ascent is being made, the necessary equipment is being prepared. Overnight at the hotel.<br \/>\n<strong>Day 2.<\/strong> Transfer to Machame Gate (starting point 1800 m). Registration of a group of climbers on Kilimanjaro, distribution of personal cargo and necessary equipment among the porters. (Your personal load carried by a porter must not exceed 20 kg). Start of the trek, trek to Machame Hut camp (3000 m). The trail goes through a zone of picturesque tropical forest, gradually turning into a zone of bushes (18 km &#8211; 7 hours). Accommodation in the tent camp &#8220;Machame Camp&#8221; (accommodation in 2 local tents). Meals: breakfast, lunch, dinner.<br \/>\n<strong>Day 3.<\/strong> Trek to the Shira Hut camp (3800 m). The trail first passes through a zone of bushes, and closer to the camp begins alpine meadows, overgrown with giant lobelia (9 km &#8211; 6 hours). Accommodation in the tent camp &#8220;Shira Camp&#8221; (accommodation in 2-person tents). Meals: breakfast, lunch, dinner.<br \/>\n<strong>Day 4.<\/strong> Trek to the campground Baranka Hut (3900 m). The trail passes along a steeper and more rocky slope, climbs to a height (4500 m), then descends (15 km &#8211; 7 hours). Accommodation in the tent camp &#8220;Barranco Camp&#8221; (accommodation in 2 local tents). Meals: breakfast, lunch, dinner.<br \/>\n<strong>Day 5<\/strong>. Trek to the assault camp Barafu Hat (4800 m). The trail passes through desert and rocky terrain (13 km &#8211; 7 hours). Accommodation in the tent camp &#8220;Barafu Camp&#8221; (accommodation in 2 local tents). Rest before the assault, until 24.00. Meals: breakfast, lunch, dinner.<br \/>\n<strong>Day 6.<\/strong> Climbing Kilimanjaro. At 01:00, an attempt to storm the summit of the giant Kilimanjaro crater begins (the average time for the assault is 6-7 hours). Meeting the dawn at Uhuro Peak &#8211; the highest point in Africa (5895 m). If you wish, you can go down to the crater for 100 m, take a walk to the glaciers. We return to the tent camp Barafu Hat (4800 m), collection of the camp. We go down to the Mweka camp (3700 m &#8211; 4-5 hours). Accommodation in the tent camp &#8220;Mweka Camp&#8221; (accommodation in 2 local tents). Meals: breakfast, lunch, dinner.<br \/>\n<strong>Day 7.<\/strong> Descent down to the village of Mweka (finishing point of climbing Kilimanjaro 1500 m). The trail goes through a picturesque rainforest zone (10 km &#8211; 4 hours). At the exit, the group (who reached the summit) receives a well-deserved certificate of climbing the highest peak in Africa &#8211; Uhuro Peak. Farewell to the attendants (it is customary to give a tip). Transfer and accommodation in a 3* hotel in the city of Moshi. Free time, rest. Meals: breakfast.<br \/>\n<strong>Day 8.<\/strong> Transfer by comfortable transport to the airport, flight to Moscow. Meals: breakfast.<\/p>\n<h2>Included in the cost of expedition to climb Kilimanjaro:<\/h2>\n<ul>\n<li>English-speaking mountain guide<\/li>\n<li>transfers airport Kilimanjaro-Moshi-airport Kilimanjaro<\/li>\n<li>rescue fees<\/li>\n<li>park fees<\/li>\n<li>camping fees<\/li>\n<li>three meals a day on the mountain<\/li>\n<li>Kilimanjaro guides\u2019 services<\/li>\n<li>hotel (full board) preceding and following the climb<\/li>\n<li>porters\u2019 and cook\u2019s services<\/li>\n<li>tents<\/li>\n<li>mattresses<\/li>\n<li>mass tent (fully-equipped)<\/li>\n<\/ul>\n<h2>Not included in the cost of expedition to climb Kilimanjaro:<\/h2>\n<ul>\n<li>ips for Kilimanjaro guides, porters and staff (150-250 USD per person)<\/li>\n<li>transfers airport Nairobi-Moshi-airport Nairobi<\/li>\n<li>any kind of beverages \u2013 both alcoholic and non-alcoholic<\/li>\n<li>personal medication and first aid kit<\/li>\n<li>personal equipment<\/li>\n<li>any costs associated with program changes<\/li>\n<\/ul>\n<h2>Equipment.<\/h2>\n<p><a role=\"button\" href=\"#\"><br \/>\nDownload PDF<br \/>\n<\/a><\/p>\n<p>The documents:<\/p>\n<ul>\n<li>The passport.<\/li>\n<li>Flight tickets.<\/li>\n<li>Medical insurance.<\/li>\n<li>Information about vaccination against yellow fever.<\/li>\n<\/ul>\n<p>Personal equipment:<\/p>\n<ul>\n<li>Backpack. 40-50l.<\/li>\n<li>Sleeping bag, comfort temperature from 0C.<\/li>\n<li>Mat.<\/li>\n<li>Trekking poles.<\/li>\n<\/ul>\n<p>Clothes and shoes:<\/p>\n<ul>\n<li>Trekking boots.<\/li>\n<li>Sneakers (for cities).<\/li>\n<li>Waterproof layer \u2013 Jacket + trousers. The industry offers a range of products from simple 5000\/5000 memban to Gore-Tex products.<\/li>\n<li>Fleece suit.<\/li>\n<li>Thermal underwear top+bottom.<\/li>\n<li>Puff.<\/li>\n<li>The gloves are thick.<\/li>\n<li>The gloves are thin.<\/li>\n<li>Bandana (in addition to protection from the Sun in the valley, it can be used to warm the throat or face in the cold)<\/li>\n<li>Hat.<\/li>\n<li>Warm trekking socks for climbing day<\/li>\n<\/ul>\n<p>Other<\/p>\n<ul>\n<li>Flashlight LED head<\/li>\n<li>Sunglasses<\/li>\n<li>Leggings<\/li>\n<li>Thermos 1L<\/li>\n<li>Reusable bottle<\/li>\n<li>Sun cream, hygienic lipstick<\/li>\n<li>Mosquito repellant<\/li>\n<li>Personal first aid kit<\/li>\n<li>Elastic bandage and\/or support bandage.<\/li>\n<li>Malaria pills<\/li>\n<\/ul>\n","protected":false},"excerpt":{"rendered":"<p class=\"p1\">O Monte Kilimanjaro \u00e9 a montanha mais alta da \u00c1frica, localizada no norte da Tanz\u00e2nia. A subida ao Kilimanjaro \u00e9 uma das mais populares entre alpinistas de todo o mundo. Al\u00e9m de sua grande fama e acessibilidade para qualquer pessoa saud\u00e1vel, a ascens\u00e3o ao Kilimanjaro faz parte do projeto \u201cSete Cumes\u201d, que consiste em alcan\u00e7ar os pontos mais altos de todos os continentes.<\/p>\n<p class=\"p1\">Existem v\u00e1rias rotas de subida ao Kilimanjaro, cada uma com suas caracter\u00edsticas e n\u00edveis de dificuldade. \u00c9 importante notar que, apesar de sua aparente simplicidade, a ascens\u00e3o ao Kilimanjaro \u00e9 um empreendimento s\u00e9rio e exige boa prepara\u00e7\u00e3o f\u00edsica e adapta\u00e7\u00e3o \u00e0 altitude. O mal de montanha n\u00e3o \u00e9 raro, considerando que a montanha chega a quase 6000 metros, e economizar na aclimata\u00e7\u00e3o n\u00e3o \u00e9 recomendado, especialmente se for sua primeira experi\u00eancia em grandes altitudes. Antes de escolher a rota, \u00e9 essencial consultar um guia profissional e se equipar adequadamente com o equipamento necess\u00e1rio.<\/p>\n<p class=\"p1\"><strong>*Atente que nossa empresa n\u00e3o atua na compra ou venda de passagens a\u00e9reas nem no processamento de vistos, portanto n\u00e3o se responsabiliza por imprevistos relacionados a voos ou passagem de fronteiras.<\/strong><\/p>\n<p class=\"p1\"><strong>Na \u00c1frica, h\u00e1 algumas dificuldades na troca de c\u00e9dulas pequenas, desgastadas ou antigas (emitidas antes de 2009), ent\u00e3o tenha isso em mente. Em alguns lugares, pode haver taxa extra ou recusa na troca.<\/strong><\/p>\n<p class=\"p1\"><strong>Recomendamos fortemente obter o visto da Tanz\u00e2nia online antes do voo e lev\u00e1-lo consigo, pois \u00e0s vezes \u00e9 necess\u00e1rio para embarcar.<\/strong><\/p>\n<p class=\"p1\">Aten\u00e7\u00e3o! Tamb\u00e9m oferecemos um tour igualmente emocionante pelo Kilimanjaro seguindo a rota Marangu.<\/p>\n","protected":false},"featured_media":18465,"comment_status":"closed","ping_status":"closed","template":"","meta":{"_acf_changed":false,"footnotes":""},"product_cat":[320],"product_tag":[],"class_list":{"0":"post-18453","1":"product","2":"type-product","3":"status-publish","4":"has-post-thumbnail","6":"product_cat-climbing","8":"first","9":"instock","10":"shipping-taxable","11":"purchasable","12":"product-type-simple"},"acf":[],"yoast_head":"<!-- This site is optimized with the Yoast SEO Premium plugin v26.5 (Yoast SEO v27.3) - https:\/\/yoast.com\/product\/yoast-seo-premium-wordpress\/ -->\n<title>Climb Kilimanjaro Machame<\/title>\n<meta name=\"robots\" content=\"index, follow, max-snippet:-1, max-image-preview:large, max-video-preview:-1\" \/>\n<link rel=\"canonical\" href=\"https:\/\/mountainguides.pro\/pt\/tours\/climbing\/kilimanjaro-machame\/\" \/>\n<meta property=\"og:locale\" content=\"pt_PT\" \/>\n<meta property=\"og:locale:alternate\" content=\"en_US\" \/>\n<meta property=\"og:locale:alternate\" content=\"ru_RU\" \/>\n<meta property=\"og:locale:alternate\" content=\"de\" \/>\n<meta property=\"og:locale:alternate\" content=\"es\" \/>\n<meta property=\"og:locale:alternate\" content=\"zh\" \/>\n<meta property=\"og:locale:alternate\" content=\"ko\" \/>\n<meta property=\"og:locale:alternate\" content=\"ja\" \/>\n<meta property=\"og:locale:alternate\" content=\"hi\" \/>\n<meta property=\"og:locale:alternate\" content=\"ar\" \/>\n<meta property=\"og:type\" content=\"article\" \/>\n<meta property=\"og:title\" content=\"Escalando o Kilimanjaro pela Rota Machame\" \/>\n<meta property=\"og:description\" content=\"O Monte Kilimanjaro \u00e9 a montanha mais alta da \u00c1frica, localizada no norte da Tanz\u00e2nia. A subida ao Kilimanjaro \u00e9 uma das mais populares entre alpinistas de todo o mundo. Al\u00e9m de sua grande fama e acessibilidade para qualquer pessoa saud\u00e1vel, a ascens\u00e3o ao Kilimanjaro faz parte do projeto \u201cSete Cumes\u201d, que consiste em alcan\u00e7ar os pontos mais altos de todos os continentes. Existem v\u00e1rias rotas de subida ao Kilimanjaro, cada uma com suas caracter\u00edsticas e n\u00edveis de dificuldade. \u00c9 importante notar que, apesar de sua aparente simplicidade, a ascens\u00e3o ao Kilimanjaro \u00e9 um empreendimento s\u00e9rio e exige boa prepara\u00e7\u00e3o f\u00edsica e adapta\u00e7\u00e3o \u00e0 altitude. O mal de montanha n\u00e3o \u00e9 raro, considerando que a montanha chega a quase 6000 metros, e economizar na aclimata\u00e7\u00e3o n\u00e3o \u00e9 recomendado, especialmente se for sua primeira experi\u00eancia em grandes altitudes. Antes de escolher a rota, \u00e9 essencial consultar um guia profissional e se equipar adequadamente com o equipamento necess\u00e1rio. *Atente que nossa empresa n\u00e3o atua na compra ou venda de passagens a\u00e9reas nem no processamento de vistos, portanto n\u00e3o se responsabiliza por imprevistos relacionados a voos ou passagem de fronteiras. Na \u00c1frica, h\u00e1 algumas dificuldades na troca de c\u00e9dulas pequenas, desgastadas ou antigas (emitidas antes de 2009), ent\u00e3o tenha isso em mente. Em alguns lugares, pode haver taxa extra ou recusa na troca. Recomendamos fortemente obter o visto da Tanz\u00e2nia online antes do voo e lev\u00e1-lo consigo, pois \u00e0s vezes \u00e9 necess\u00e1rio para embarcar. Aten\u00e7\u00e3o! Tamb\u00e9m oferecemos um tour igualmente emocionante pelo Kilimanjaro seguindo a rota Marangu.\" \/>\n<meta property=\"og:url\" content=\"https:\/\/mountainguides.pro\/pt\/tours\/climbing\/kilimanjaro-machame\/\" \/>\n<meta property=\"og:site_name\" content=\"Mountain Guide\" \/>\n<meta property=\"article:publisher\" content=\"https:\/\/www.facebook.com\/Mountainguide-232956566756831\/\" \/>\n<meta property=\"article:modified_time\" content=\"2026-04-06T14:24:24+00:00\" \/>\n<meta property=\"og:image\" content=\"https:\/\/mountainguides.pro\/wp-content\/uploads\/2022\/12\/\u0412\u043e\u0441\u0445\u043e\u0436\u0434\u0435\u043d\u0438\u0435-\u043d\u0430-\u041a\u0438\u043b\u0438\u043c\u0430\u043d\u0434\u0436\u0430\u0440\u043e-\u043f\u043e-\u041c\u0430\u0440\u0430\u043d\u0433\u0443-54.jpeg\" \/>\n\t<meta property=\"og:image:width\" content=\"1800\" \/>\n\t<meta property=\"og:image:height\" content=\"1350\" \/>\n\t<meta property=\"og:image:type\" content=\"image\/jpeg\" \/>\n<meta name=\"twitter:card\" content=\"summary_large_image\" \/>\n<meta name=\"twitter:site\" content=\"@Wintercyclone\" \/>\n<meta name=\"twitter:label1\" content=\"Tempo estimado de leitura\" \/>\n\t<meta name=\"twitter:data1\" content=\"5 minutos\" \/>\n<script type=\"application\/ld+json\" class=\"yoast-schema-graph\">{\"@context\":\"https:\\\/\\\/schema.org\",\"@graph\":[{\"@type\":\"WebPage\",\"@id\":\"https:\\\/\\\/mountainguides.pro\\\/tours\\\/climbing\\\/kilimanjaro-machame\\\/\",\"url\":\"https:\\\/\\\/mountainguides.pro\\\/tours\\\/climbing\\\/kilimanjaro-machame\\\/\",\"name\":\"Climb Kilimanjaro Machame\",\"isPartOf\":{\"@id\":\"https:\\\/\\\/mountainguides.pro\\\/#website\"},\"primaryImageOfPage\":{\"@id\":\"https:\\\/\\\/mountainguides.pro\\\/tours\\\/climbing\\\/kilimanjaro-machame\\\/#primaryimage\"},\"image\":{\"@id\":\"https:\\\/\\\/mountainguides.pro\\\/tours\\\/climbing\\\/kilimanjaro-machame\\\/#primaryimage\"},\"thumbnailUrl\":\"https:\\\/\\\/mountainguides.pro\\\/wp-content\\\/uploads\\\/2022\\\/12\\\/\u0412\u043e\u0441\u0445\u043e\u0436\u0434\u0435\u043d\u0438\u0435-\u043d\u0430-\u041a\u0438\u043b\u0438\u043c\u0430\u043d\u0434\u0436\u0430\u0440\u043e-\u043f\u043e-\u041c\u0430\u0440\u0430\u043d\u0433\u0443-54.jpeg\",\"datePublished\":\"2022-12-14T10:53:51+00:00\",\"dateModified\":\"2026-04-06T14:24:24+00:00\",\"breadcrumb\":{\"@id\":\"https:\\\/\\\/mountainguides.pro\\\/tours\\\/climbing\\\/kilimanjaro-machame\\\/#breadcrumb\"},\"inLanguage\":\"pt\",\"potentialAction\":[{\"@type\":\"ReadAction\",\"target\":[\"https:\\\/\\\/mountainguides.pro\\\/tours\\\/climbing\\\/kilimanjaro-machame\\\/\"]}]},{\"@type\":\"ImageObject\",\"inLanguage\":\"pt\",\"@id\":\"https:\\\/\\\/mountainguides.pro\\\/tours\\\/climbing\\\/kilimanjaro-machame\\\/#primaryimage\",\"url\":\"https:\\\/\\\/mountainguides.pro\\\/wp-content\\\/uploads\\\/2022\\\/12\\\/\u0412\u043e\u0441\u0445\u043e\u0436\u0434\u0435\u043d\u0438\u0435-\u043d\u0430-\u041a\u0438\u043b\u0438\u043c\u0430\u043d\u0434\u0436\u0430\u0440\u043e-\u043f\u043e-\u041c\u0430\u0440\u0430\u043d\u0433\u0443-54.jpeg\",\"contentUrl\":\"https:\\\/\\\/mountainguides.pro\\\/wp-content\\\/uploads\\\/2022\\\/12\\\/\u0412\u043e\u0441\u0445\u043e\u0436\u0434\u0435\u043d\u0438\u0435-\u043d\u0430-\u041a\u0438\u043b\u0438\u043c\u0430\u043d\u0434\u0436\u0430\u0440\u043e-\u043f\u043e-\u041c\u0430\u0440\u0430\u043d\u0433\u0443-54.jpeg\",\"width\":1800,\"height\":1350},{\"@type\":\"BreadcrumbList\",\"@id\":\"https:\\\/\\\/mountainguides.pro\\\/tours\\\/climbing\\\/kilimanjaro-machame\\\/#breadcrumb\",\"itemListElement\":[{\"@type\":\"ListItem\",\"position\":1,\"name\":\"Home\",\"item\":\"https:\\\/\\\/mountainguides.pro\\\/de\\\/\"},{\"@type\":\"ListItem\",\"position\":2,\"name\":\"Climb Kilimanjaro, Machame\"}]},{\"@type\":\"WebSite\",\"@id\":\"https:\\\/\\\/mountainguides.pro\\\/#website\",\"url\":\"https:\\\/\\\/mountainguides.pro\\\/\",\"name\":\"Mountain Guide\",\"description\":\"We aspire to be the first in everything!\",\"publisher\":{\"@id\":\"https:\\\/\\\/mountainguides.pro\\\/#organization\"},\"potentialAction\":[{\"@type\":\"SearchAction\",\"target\":{\"@type\":\"EntryPoint\",\"urlTemplate\":\"https:\\\/\\\/mountainguides.pro\\\/?s={search_term_string}\"},\"query-input\":{\"@type\":\"PropertyValueSpecification\",\"valueRequired\":true,\"valueName\":\"search_term_string\"}}],\"inLanguage\":\"pt\"},{\"@type\":\"Organization\",\"@id\":\"https:\\\/\\\/mountainguides.pro\\\/#organization\",\"name\":\"Mountain Guide\",\"url\":\"https:\\\/\\\/mountainguides.pro\\\/\",\"logo\":{\"@type\":\"ImageObject\",\"inLanguage\":\"pt\",\"@id\":\"https:\\\/\\\/mountainguides.pro\\\/#\\\/schema\\\/logo\\\/image\\\/\",\"url\":\"https:\\\/\\\/mountainguides.pro\\\/wp-content\\\/uploads\\\/2018\\\/01\\\/mglogo.jpg\",\"contentUrl\":\"https:\\\/\\\/mountainguides.pro\\\/wp-content\\\/uploads\\\/2018\\\/01\\\/mglogo.jpg\",\"width\":1200,\"height\":630,\"caption\":\"Mountain Guide\"},\"image\":{\"@id\":\"https:\\\/\\\/mountainguides.pro\\\/#\\\/schema\\\/logo\\\/image\\\/\"},\"sameAs\":[\"https:\\\/\\\/www.facebook.com\\\/Mountainguide-232956566756831\\\/\",\"https:\\\/\\\/x.com\\\/Wintercyclone\",\"http:\\\/\\\/instagram.com\\\/mountainguide\",\"http:\\\/\\\/www.youtube.com\\\/mountainguide\"]}]}<\/script>\n<!-- \/ Yoast SEO Premium plugin. -->","yoast_head_json":{"title":"Climb Kilimanjaro Machame","robots":{"index":"index","follow":"follow","max-snippet":"max-snippet:-1","max-image-preview":"max-image-preview:large","max-video-preview":"max-video-preview:-1"},"canonical":"https:\/\/mountainguides.pro\/pt\/tours\/climbing\/kilimanjaro-machame\/","og_locale":"pt_PT","og_type":"article","og_title":"[:en]Climb Kilimanjaro, Machame[:de]Kilimanjaro auf der Machame-Route besteigen[:es]Escalada del Kilimanjaro por la ruta Machame[:pt]Escalando o Kilimanjaro pela Rota Machame[:zh]\u9a6c\u67e5\u59c6\u6500\u767b\u4e5e\u529b\u9a6c\u624e\u7f57\u5c71[:ko]\ud0ac\ub9ac\ub9cc\uc790\ub85c\ub97c \ub4f1\ubc18\ud558\ub294 \ub9c8\ucc28\uba54[:ja]\u30de\u30c1\u30e3\u30e1\u30af\u30e9\u30a4\u30df\u30f3\u30b0\u30ad\u30ea\u30de\u30f3\u30b8\u30e3\u30ed[:hi]\u092e\u093e\u091a\u0947\u092e \u0915\u094d\u0932\u093e\u0907\u092e\u094d\u092c\u093f\u0902\u0917 \u0915\u093f\u0932\u093f\u092e\u0902\u091c\u093e\u0930\u094b[:ar]\u0645\u0627\u0634\u0627\u0645\u064a \u062a\u0633\u0644\u0642 \u0643\u0644\u064a\u0645\u0646\u062c\u0627\u0631\u0648[:]","og_description":"O Monte Kilimanjaro \u00e9 a montanha mais alta da \u00c1frica, localizada no norte da Tanz\u00e2nia. A subida ao Kilimanjaro \u00e9 uma das mais populares entre alpinistas de todo o mundo. Al\u00e9m de sua grande fama e acessibilidade para qualquer pessoa saud\u00e1vel, a ascens\u00e3o ao Kilimanjaro faz parte do projeto \u201cSete Cumes\u201d, que consiste em alcan\u00e7ar os pontos mais altos de todos os continentes. Existem v\u00e1rias rotas de subida ao Kilimanjaro, cada uma com suas caracter\u00edsticas e n\u00edveis de dificuldade. \u00c9 importante notar que, apesar de sua aparente simplicidade, a ascens\u00e3o ao Kilimanjaro \u00e9 um empreendimento s\u00e9rio e exige boa prepara\u00e7\u00e3o f\u00edsica e adapta\u00e7\u00e3o \u00e0 altitude. O mal de montanha n\u00e3o \u00e9 raro, considerando que a montanha chega a quase 6000 metros, e economizar na aclimata\u00e7\u00e3o n\u00e3o \u00e9 recomendado, especialmente se for sua primeira experi\u00eancia em grandes altitudes. Antes de escolher a rota, \u00e9 essencial consultar um guia profissional e se equipar adequadamente com o equipamento necess\u00e1rio. *Atente que nossa empresa n\u00e3o atua na compra ou venda de passagens a\u00e9reas nem no processamento de vistos, portanto n\u00e3o se responsabiliza por imprevistos relacionados a voos ou passagem de fronteiras. Na \u00c1frica, h\u00e1 algumas dificuldades na troca de c\u00e9dulas pequenas, desgastadas ou antigas (emitidas antes de 2009), ent\u00e3o tenha isso em mente. Em alguns lugares, pode haver taxa extra ou recusa na troca. Recomendamos fortemente obter o visto da Tanz\u00e2nia online antes do voo e lev\u00e1-lo consigo, pois \u00e0s vezes \u00e9 necess\u00e1rio para embarcar. Aten\u00e7\u00e3o! Tamb\u00e9m oferecemos um tour igualmente emocionante pelo Kilimanjaro seguindo a rota Marangu.","og_url":"https:\/\/mountainguides.pro\/pt\/tours\/climbing\/kilimanjaro-machame\/","og_site_name":"Mountain Guide","article_publisher":"https:\/\/www.facebook.com\/Mountainguide-232956566756831\/","article_modified_time":"2026-04-06T14:24:24+00:00","og_image":[{"width":1800,"height":1350,"url":"https:\/\/mountainguides.pro\/wp-content\/uploads\/2022\/12\/\u0412\u043e\u0441\u0445\u043e\u0436\u0434\u0435\u043d\u0438\u0435-\u043d\u0430-\u041a\u0438\u043b\u0438\u043c\u0430\u043d\u0434\u0436\u0430\u0440\u043e-\u043f\u043e-\u041c\u0430\u0440\u0430\u043d\u0433\u0443-54.jpeg","type":"image\/jpeg"}],"twitter_card":"summary_large_image","twitter_site":"@Wintercyclone","twitter_misc":{"Tempo estimado de leitura":"5 minutos"},"schema":{"@context":"https:\/\/schema.org","@graph":[{"@type":"WebPage","@id":"https:\/\/mountainguides.pro\/tours\/climbing\/kilimanjaro-machame\/","url":"https:\/\/mountainguides.pro\/tours\/climbing\/kilimanjaro-machame\/","name":"Climb Kilimanjaro Machame","isPartOf":{"@id":"https:\/\/mountainguides.pro\/#website"},"primaryImageOfPage":{"@id":"https:\/\/mountainguides.pro\/tours\/climbing\/kilimanjaro-machame\/#primaryimage"},"image":{"@id":"https:\/\/mountainguides.pro\/tours\/climbing\/kilimanjaro-machame\/#primaryimage"},"thumbnailUrl":"https:\/\/mountainguides.pro\/wp-content\/uploads\/2022\/12\/\u0412\u043e\u0441\u0445\u043e\u0436\u0434\u0435\u043d\u0438\u0435-\u043d\u0430-\u041a\u0438\u043b\u0438\u043c\u0430\u043d\u0434\u0436\u0430\u0440\u043e-\u043f\u043e-\u041c\u0430\u0440\u0430\u043d\u0433\u0443-54.jpeg","datePublished":"2022-12-14T10:53:51+00:00","dateModified":"2026-04-06T14:24:24+00:00","breadcrumb":{"@id":"https:\/\/mountainguides.pro\/tours\/climbing\/kilimanjaro-machame\/#breadcrumb"},"inLanguage":"pt","potentialAction":[{"@type":"ReadAction","target":["https:\/\/mountainguides.pro\/tours\/climbing\/kilimanjaro-machame\/"]}]},{"@type":"ImageObject","inLanguage":"pt","@id":"https:\/\/mountainguides.pro\/tours\/climbing\/kilimanjaro-machame\/#primaryimage","url":"https:\/\/mountainguides.pro\/wp-content\/uploads\/2022\/12\/\u0412\u043e\u0441\u0445\u043e\u0436\u0434\u0435\u043d\u0438\u0435-\u043d\u0430-\u041a\u0438\u043b\u0438\u043c\u0430\u043d\u0434\u0436\u0430\u0440\u043e-\u043f\u043e-\u041c\u0430\u0440\u0430\u043d\u0433\u0443-54.jpeg","contentUrl":"https:\/\/mountainguides.pro\/wp-content\/uploads\/2022\/12\/\u0412\u043e\u0441\u0445\u043e\u0436\u0434\u0435\u043d\u0438\u0435-\u043d\u0430-\u041a\u0438\u043b\u0438\u043c\u0430\u043d\u0434\u0436\u0430\u0440\u043e-\u043f\u043e-\u041c\u0430\u0440\u0430\u043d\u0433\u0443-54.jpeg","width":1800,"height":1350},{"@type":"BreadcrumbList","@id":"https:\/\/mountainguides.pro\/tours\/climbing\/kilimanjaro-machame\/#breadcrumb","itemListElement":[{"@type":"ListItem","position":1,"name":"Home","item":"https:\/\/mountainguides.pro\/de\/"},{"@type":"ListItem","position":2,"name":"Climb Kilimanjaro, Machame"}]},{"@type":"WebSite","@id":"https:\/\/mountainguides.pro\/#website","url":"https:\/\/mountainguides.pro\/","name":"Mountain Guide","description":"We aspire to be the first in everything!","publisher":{"@id":"https:\/\/mountainguides.pro\/#organization"},"potentialAction":[{"@type":"SearchAction","target":{"@type":"EntryPoint","urlTemplate":"https:\/\/mountainguides.pro\/?s={search_term_string}"},"query-input":{"@type":"PropertyValueSpecification","valueRequired":true,"valueName":"search_term_string"}}],"inLanguage":"pt"},{"@type":"Organization","@id":"https:\/\/mountainguides.pro\/#organization","name":"Mountain Guide","url":"https:\/\/mountainguides.pro\/","logo":{"@type":"ImageObject","inLanguage":"pt","@id":"https:\/\/mountainguides.pro\/#\/schema\/logo\/image\/","url":"https:\/\/mountainguides.pro\/wp-content\/uploads\/2018\/01\/mglogo.jpg","contentUrl":"https:\/\/mountainguides.pro\/wp-content\/uploads\/2018\/01\/mglogo.jpg","width":1200,"height":630,"caption":"Mountain Guide"},"image":{"@id":"https:\/\/mountainguides.pro\/#\/schema\/logo\/image\/"},"sameAs":["https:\/\/www.facebook.com\/Mountainguide-232956566756831\/","https:\/\/x.com\/Wintercyclone","http:\/\/instagram.com\/mountainguide","http:\/\/www.youtube.com\/mountainguide"]}]}},"_links":{"self":[{"href":"https:\/\/mountainguides.pro\/pt\/wp-json\/wp\/v2\/product\/18453","targetHints":{"allow":["GET"]}}],"collection":[{"href":"https:\/\/mountainguides.pro\/pt\/wp-json\/wp\/v2\/product"}],"about":[{"href":"https:\/\/mountainguides.pro\/pt\/wp-json\/wp\/v2\/types\/product"}],"replies":[{"embeddable":true,"href":"https:\/\/mountainguides.pro\/pt\/wp-json\/wp\/v2\/comments?post=18453"}],"version-history":[{"count":21,"href":"https:\/\/mountainguides.pro\/pt\/wp-json\/wp\/v2\/product\/18453\/revisions"}],"predecessor-version":[{"id":33372,"href":"https:\/\/mountainguides.pro\/pt\/wp-json\/wp\/v2\/product\/18453\/revisions\/33372"}],"wp:featuredmedia":[{"embeddable":true,"href":"https:\/\/mountainguides.pro\/pt\/wp-json\/wp\/v2\/media\/18465"}],"wp:attachment":[{"href":"https:\/\/mountainguides.pro\/pt\/wp-json\/wp\/v2\/media?parent=18453"}],"wp:term":[{"taxonomy":"product_cat","embeddable":true,"href":"https:\/\/mountainguides.pro\/pt\/wp-json\/wp\/v2\/product_cat?post=18453"},{"taxonomy":"product_tag","embeddable":true,"href":"https:\/\/mountainguides.pro\/pt\/wp-json\/wp\/v2\/product_tag?post=18453"}],"curies":[{"name":"wp","href":"https:\/\/api.w.org\/{rel}","templated":true}]}}