{"id":19396,"date":"2023-07-28T22:21:07","date_gmt":"2023-07-28T19:21:07","guid":{"rendered":"https:\/\/mountainguides.pro\/?post_type=product&#038;p=19396"},"modified":"2026-02-03T14:09:41","modified_gmt":"2026-02-03T11:09:41","slug":"kailash-trek","status":"publish","type":"product","link":"https:\/\/mountainguides.pro\/pt\/tours\/trekking\/kailash-trek\/","title":{"rendered":"Cora em torno de Kailash"},"content":{"rendered":"","protected":false},"excerpt":{"rendered":"<p class=\"p1\">O Tibete, chamado de \u201cteto do mundo\u201d, \u00e9 um lugar \u00fanico e misterioso que ao longo dos s\u00e9culos atraiu viajantes, peregrinos e aventureiros. Muitas pessoas erroneamente acreditam que, ao cruzar a fronteira do Tibete, alcan\u00e7ar\u00e3o imediatamente a ilumina\u00e7\u00e3o espiritual. No entanto, Shambala \u00e9 um conceito espiritual, inacess\u00edvel \u00e0 percep\u00e7\u00e3o f\u00edsica, e a ilumina\u00e7\u00e3o s\u00f3 pode ser atingida por meio de um longo processo de crescimento espiritual, acumula\u00e7\u00e3o de m\u00e9ritos ao longo de muitas vidas ou grandes feitos m\u00edsticos, como fez Milarepa. N\u00e3o se deve esperar milagres a cada passo, mas a pr\u00f3pria jornada pode se tornar o primeiro passo rumo ao eterno e ao sublime.<\/p>\n<p class=\"p1\"><strong>*Aten\u00e7\u00e3o: nossa empresa n\u00e3o atua na compra e venda de passagens a\u00e9reas nem na emiss\u00e3o de vistos, portanto n\u00e3o se responsabiliza por imprevistos relacionados a voos e passagem de fronteiras.<\/strong><\/p>\n<p class=\"p1\"><strong>Informa\u00e7\u00f5es importantes:<\/strong><\/p>\n<ul>\n<li class=\"p1\">O hor\u00e1rio de check-in e check-out \u00e9 regulamentado pelo hotel: check-in a partir das 15h, check-out at\u00e9 11-12h. A bagagem pode ser deixada na recep\u00e7\u00e3o do hotel para passeios pela cidade ou, se houver possibilidade t\u00e9cnica, \u00e9 poss\u00edvel pagar um adicional para check-in antecipado ou check-out tardio.<\/li>\n<li class=\"p1\">No Nepal, existem algumas dificuldades na troca de notas pequenas, gastas ou antigas (emitidas antes de 2009), portanto, tenha isso em mente. Em alguns lugares, h\u00e1 cobran\u00e7a de taxa extra, em outros, a troca pode ser recusada.<\/li>\n<\/ul>\n","protected":false},"featured_media":21451,"comment_status":"closed","ping_status":"closed","template":"","meta":{"_acf_changed":false,"footnotes":""},"product_cat":[321],"product_tag":[],"class_list":{"0":"post-19396","1":"product","2":"type-product","3":"status-publish","4":"has-post-thumbnail","6":"product_cat-trekking","8":"first","9":"instock","10":"shipping-taxable","11":"purchasable","12":"product-type-simple"},"acf":[],"yoast_head":"<!-- This site is optimized with the Yoast SEO Premium plugin v26.5 (Yoast SEO v27.3) - https:\/\/yoast.com\/product\/yoast-seo-premium-wordpress\/ -->\n<title>Trekking Kailash<\/title>\n<meta name=\"robots\" content=\"index, follow, max-snippet:-1, max-image-preview:large, max-video-preview:-1\" \/>\n<link rel=\"canonical\" href=\"https:\/\/mountainguides.pro\/pt\/tours\/trekking\/kailash-trek\/\" \/>\n<meta property=\"og:locale\" content=\"pt_PT\" \/>\n<meta property=\"og:locale:alternate\" content=\"en_US\" \/>\n<meta property=\"og:locale:alternate\" content=\"ru_RU\" \/>\n<meta property=\"og:locale:alternate\" content=\"de\" \/>\n<meta property=\"og:locale:alternate\" content=\"es\" \/>\n<meta property=\"og:locale:alternate\" content=\"zh\" \/>\n<meta property=\"og:locale:alternate\" content=\"ko\" \/>\n<meta property=\"og:locale:alternate\" content=\"ja\" \/>\n<meta property=\"og:locale:alternate\" content=\"hi\" \/>\n<meta property=\"og:locale:alternate\" content=\"ar\" \/>\n<meta property=\"og:type\" content=\"article\" \/>\n<meta property=\"og:title\" content=\"Cora em torno de Kailash\" \/>\n<meta property=\"og:description\" content=\"O Tibete, chamado de \u201cteto do mundo\u201d, \u00e9 um lugar \u00fanico e misterioso que ao longo dos s\u00e9culos atraiu viajantes, peregrinos e aventureiros. Muitas pessoas erroneamente acreditam que, ao cruzar a fronteira do Tibete, alcan\u00e7ar\u00e3o imediatamente a ilumina\u00e7\u00e3o espiritual. No entanto, Shambala \u00e9 um conceito espiritual, inacess\u00edvel \u00e0 percep\u00e7\u00e3o f\u00edsica, e a ilumina\u00e7\u00e3o s\u00f3 pode ser atingida por meio de um longo processo de crescimento espiritual, acumula\u00e7\u00e3o de m\u00e9ritos ao longo de muitas vidas ou grandes feitos m\u00edsticos, como fez Milarepa. N\u00e3o se deve esperar milagres a cada passo, mas a pr\u00f3pria jornada pode se tornar o primeiro passo rumo ao eterno e ao sublime. *Aten\u00e7\u00e3o: nossa empresa n\u00e3o atua na compra e venda de passagens a\u00e9reas nem na emiss\u00e3o de vistos, portanto n\u00e3o se responsabiliza por imprevistos relacionados a voos e passagem de fronteiras. Informa\u00e7\u00f5es importantes:    O hor\u00e1rio de check-in e check-out \u00e9 regulamentado pelo hotel: check-in a partir das 15h, check-out at\u00e9 11-12h. A bagagem pode ser deixada na recep\u00e7\u00e3o do hotel para passeios pela cidade ou, se houver possibilidade t\u00e9cnica, \u00e9 poss\u00edvel pagar um adicional para check-in antecipado ou check-out tardio.  No Nepal, existem algumas dificuldades na troca de notas pequenas, gastas ou antigas (emitidas antes de 2009), portanto, tenha isso em mente. Em alguns lugares, h\u00e1 cobran\u00e7a de taxa extra, em outros, a troca pode ser recusada.\" \/>\n<meta property=\"og:url\" content=\"https:\/\/mountainguides.pro\/pt\/tours\/trekking\/kailash-trek\/\" \/>\n<meta property=\"og:site_name\" content=\"Mountain Guide\" \/>\n<meta property=\"article:publisher\" content=\"https:\/\/www.facebook.com\/Mountainguide-232956566756831\/\" \/>\n<meta property=\"article:modified_time\" content=\"2026-02-03T11:09:41+00:00\" \/>\n<meta property=\"og:image\" content=\"https:\/\/mountainguides.pro\/wp-content\/uploads\/2023\/07\/kora-vokrug-kajlasa-tibet-tur-trekking.jpeg\" \/>\n\t<meta property=\"og:image:width\" content=\"1800\" \/>\n\t<meta property=\"og:image:height\" content=\"1350\" \/>\n\t<meta property=\"og:image:type\" content=\"image\/jpeg\" \/>\n<meta name=\"twitter:card\" content=\"summary_large_image\" \/>\n<meta name=\"twitter:site\" content=\"@Wintercyclone\" \/>\n<meta name=\"twitter:label1\" content=\"Tempo estimado de leitura\" \/>\n\t<meta name=\"twitter:data1\" content=\"1 minuto\" \/>\n<script type=\"application\/ld+json\" class=\"yoast-schema-graph\">{\"@context\":\"https:\\\/\\\/schema.org\",\"@graph\":[{\"@type\":\"WebPage\",\"@id\":\"https:\\\/\\\/mountainguides.pro\\\/ar\\\/tours\\\/trekking\\\/kailash-trek\\\/\",\"url\":\"https:\\\/\\\/mountainguides.pro\\\/ar\\\/tours\\\/trekking\\\/kailash-trek\\\/\",\"name\":\"Trekking Kailash\",\"isPartOf\":{\"@id\":\"https:\\\/\\\/mountainguides.pro\\\/#website\"},\"primaryImageOfPage\":{\"@id\":\"https:\\\/\\\/mountainguides.pro\\\/ar\\\/tours\\\/trekking\\\/kailash-trek\\\/#primaryimage\"},\"image\":{\"@id\":\"https:\\\/\\\/mountainguides.pro\\\/ar\\\/tours\\\/trekking\\\/kailash-trek\\\/#primaryimage\"},\"thumbnailUrl\":\"https:\\\/\\\/mountainguides.pro\\\/wp-content\\\/uploads\\\/2023\\\/07\\\/kora-vokrug-kajlasa-tibet-tur-trekking.jpeg\",\"datePublished\":\"2023-07-28T19:21:07+00:00\",\"dateModified\":\"2026-02-03T11:09:41+00:00\",\"breadcrumb\":{\"@id\":\"https:\\\/\\\/mountainguides.pro\\\/ar\\\/tours\\\/trekking\\\/kailash-trek\\\/#breadcrumb\"},\"inLanguage\":\"pt\",\"potentialAction\":[{\"@type\":\"ReadAction\",\"target\":[\"https:\\\/\\\/mountainguides.pro\\\/ar\\\/tours\\\/trekking\\\/kailash-trek\\\/\"]}]},{\"@type\":\"ImageObject\",\"inLanguage\":\"pt\",\"@id\":\"https:\\\/\\\/mountainguides.pro\\\/ar\\\/tours\\\/trekking\\\/kailash-trek\\\/#primaryimage\",\"url\":\"https:\\\/\\\/mountainguides.pro\\\/wp-content\\\/uploads\\\/2023\\\/07\\\/kora-vokrug-kajlasa-tibet-tur-trekking.jpeg\",\"contentUrl\":\"https:\\\/\\\/mountainguides.pro\\\/wp-content\\\/uploads\\\/2023\\\/07\\\/kora-vokrug-kajlasa-tibet-tur-trekking.jpeg\",\"width\":1800,\"height\":1350},{\"@type\":\"BreadcrumbList\",\"@id\":\"https:\\\/\\\/mountainguides.pro\\\/ar\\\/tours\\\/trekking\\\/kailash-trek\\\/#breadcrumb\",\"itemListElement\":[{\"@type\":\"ListItem\",\"position\":1,\"name\":\"Home\",\"item\":\"https:\\\/\\\/mountainguides.pro\\\/de\\\/\"},{\"@type\":\"ListItem\",\"position\":2,\"name\":\"\u0627\u0644\u0644\u062d\u0627\u0621 \u062d\u0648\u0644 \u0643\u0627\u064a\u0644\u0627\u0633\u0627\"}]},{\"@type\":\"WebSite\",\"@id\":\"https:\\\/\\\/mountainguides.pro\\\/#website\",\"url\":\"https:\\\/\\\/mountainguides.pro\\\/\",\"name\":\"Mountain Guide\",\"description\":\"We aspire to be the first in everything!\",\"publisher\":{\"@id\":\"https:\\\/\\\/mountainguides.pro\\\/#organization\"},\"potentialAction\":[{\"@type\":\"SearchAction\",\"target\":{\"@type\":\"EntryPoint\",\"urlTemplate\":\"https:\\\/\\\/mountainguides.pro\\\/?s={search_term_string}\"},\"query-input\":{\"@type\":\"PropertyValueSpecification\",\"valueRequired\":true,\"valueName\":\"search_term_string\"}}],\"inLanguage\":\"pt\"},{\"@type\":\"Organization\",\"@id\":\"https:\\\/\\\/mountainguides.pro\\\/#organization\",\"name\":\"Mountain Guide\",\"url\":\"https:\\\/\\\/mountainguides.pro\\\/\",\"logo\":{\"@type\":\"ImageObject\",\"inLanguage\":\"pt\",\"@id\":\"https:\\\/\\\/mountainguides.pro\\\/#\\\/schema\\\/logo\\\/image\\\/\",\"url\":\"https:\\\/\\\/mountainguides.pro\\\/wp-content\\\/uploads\\\/2018\\\/01\\\/mglogo.jpg\",\"contentUrl\":\"https:\\\/\\\/mountainguides.pro\\\/wp-content\\\/uploads\\\/2018\\\/01\\\/mglogo.jpg\",\"width\":1200,\"height\":630,\"caption\":\"Mountain Guide\"},\"image\":{\"@id\":\"https:\\\/\\\/mountainguides.pro\\\/#\\\/schema\\\/logo\\\/image\\\/\"},\"sameAs\":[\"https:\\\/\\\/www.facebook.com\\\/Mountainguide-232956566756831\\\/\",\"https:\\\/\\\/x.com\\\/Wintercyclone\",\"http:\\\/\\\/instagram.com\\\/mountainguide\",\"http:\\\/\\\/www.youtube.com\\\/mountainguide\"]}]}<\/script>\n<!-- \/ Yoast SEO Premium plugin. -->","yoast_head_json":{"title":"Trekking Kailash","robots":{"index":"index","follow":"follow","max-snippet":"max-snippet:-1","max-image-preview":"max-image-preview:large","max-video-preview":"max-video-preview:-1"},"canonical":"https:\/\/mountainguides.pro\/pt\/tours\/trekking\/kailash-trek\/","og_locale":"pt_PT","og_type":"article","og_title":"[:en]Kailash trek[:de]Die Rinde um Kailas herum[:es]Corteza alrededor de kailas[:pt]Cora em torno de Kailash[:zh]\u5188\u4ec1\u6ce2\u9f50\u5468\u56f4\u7684\u79d1\u62c9[:ko]\uce74\uc77c\ub77c\uc0ac \uc8fc\ubcc0\uc758 \ub098\ubb34 \uaecd\uc9c8[:ja]\u30ab\u30a4\u30e9\u30b5\u306e\u5468\u308a\u306e\u6a39\u76ae[:hi]\u0915\u0948\u0932\u093e\u0938\u093e \u0915\u0947 \u0906\u0938\u092a\u093e\u0938 \u0915\u0940 \u091b\u093e\u0932[:ar]\u0627\u0644\u0644\u062d\u0627\u0621 \u062d\u0648\u0644 \u0643\u0627\u064a\u0644\u0627\u0633\u0627[:]","og_description":"O Tibete, chamado de \u201cteto do mundo\u201d, \u00e9 um lugar \u00fanico e misterioso que ao longo dos s\u00e9culos atraiu viajantes, peregrinos e aventureiros. Muitas pessoas erroneamente acreditam que, ao cruzar a fronteira do Tibete, alcan\u00e7ar\u00e3o imediatamente a ilumina\u00e7\u00e3o espiritual. No entanto, Shambala \u00e9 um conceito espiritual, inacess\u00edvel \u00e0 percep\u00e7\u00e3o f\u00edsica, e a ilumina\u00e7\u00e3o s\u00f3 pode ser atingida por meio de um longo processo de crescimento espiritual, acumula\u00e7\u00e3o de m\u00e9ritos ao longo de muitas vidas ou grandes feitos m\u00edsticos, como fez Milarepa. N\u00e3o se deve esperar milagres a cada passo, mas a pr\u00f3pria jornada pode se tornar o primeiro passo rumo ao eterno e ao sublime. *Aten\u00e7\u00e3o: nossa empresa n\u00e3o atua na compra e venda de passagens a\u00e9reas nem na emiss\u00e3o de vistos, portanto n\u00e3o se responsabiliza por imprevistos relacionados a voos e passagem de fronteiras. Informa\u00e7\u00f5es importantes:    O hor\u00e1rio de check-in e check-out \u00e9 regulamentado pelo hotel: check-in a partir das 15h, check-out at\u00e9 11-12h. A bagagem pode ser deixada na recep\u00e7\u00e3o do hotel para passeios pela cidade ou, se houver possibilidade t\u00e9cnica, \u00e9 poss\u00edvel pagar um adicional para check-in antecipado ou check-out tardio.  No Nepal, existem algumas dificuldades na troca de notas pequenas, gastas ou antigas (emitidas antes de 2009), portanto, tenha isso em mente. Em alguns lugares, h\u00e1 cobran\u00e7a de taxa extra, em outros, a troca pode ser recusada.","og_url":"https:\/\/mountainguides.pro\/pt\/tours\/trekking\/kailash-trek\/","og_site_name":"Mountain Guide","article_publisher":"https:\/\/www.facebook.com\/Mountainguide-232956566756831\/","article_modified_time":"2026-02-03T11:09:41+00:00","og_image":[{"width":1800,"height":1350,"url":"https:\/\/mountainguides.pro\/wp-content\/uploads\/2023\/07\/kora-vokrug-kajlasa-tibet-tur-trekking.jpeg","type":"image\/jpeg"}],"twitter_card":"summary_large_image","twitter_site":"@Wintercyclone","twitter_misc":{"Tempo estimado de leitura":"1 minuto"},"schema":{"@context":"https:\/\/schema.org","@graph":[{"@type":"WebPage","@id":"https:\/\/mountainguides.pro\/ar\/tours\/trekking\/kailash-trek\/","url":"https:\/\/mountainguides.pro\/ar\/tours\/trekking\/kailash-trek\/","name":"Trekking Kailash","isPartOf":{"@id":"https:\/\/mountainguides.pro\/#website"},"primaryImageOfPage":{"@id":"https:\/\/mountainguides.pro\/ar\/tours\/trekking\/kailash-trek\/#primaryimage"},"image":{"@id":"https:\/\/mountainguides.pro\/ar\/tours\/trekking\/kailash-trek\/#primaryimage"},"thumbnailUrl":"https:\/\/mountainguides.pro\/wp-content\/uploads\/2023\/07\/kora-vokrug-kajlasa-tibet-tur-trekking.jpeg","datePublished":"2023-07-28T19:21:07+00:00","dateModified":"2026-02-03T11:09:41+00:00","breadcrumb":{"@id":"https:\/\/mountainguides.pro\/ar\/tours\/trekking\/kailash-trek\/#breadcrumb"},"inLanguage":"pt","potentialAction":[{"@type":"ReadAction","target":["https:\/\/mountainguides.pro\/ar\/tours\/trekking\/kailash-trek\/"]}]},{"@type":"ImageObject","inLanguage":"pt","@id":"https:\/\/mountainguides.pro\/ar\/tours\/trekking\/kailash-trek\/#primaryimage","url":"https:\/\/mountainguides.pro\/wp-content\/uploads\/2023\/07\/kora-vokrug-kajlasa-tibet-tur-trekking.jpeg","contentUrl":"https:\/\/mountainguides.pro\/wp-content\/uploads\/2023\/07\/kora-vokrug-kajlasa-tibet-tur-trekking.jpeg","width":1800,"height":1350},{"@type":"BreadcrumbList","@id":"https:\/\/mountainguides.pro\/ar\/tours\/trekking\/kailash-trek\/#breadcrumb","itemListElement":[{"@type":"ListItem","position":1,"name":"Home","item":"https:\/\/mountainguides.pro\/de\/"},{"@type":"ListItem","position":2,"name":"\u0627\u0644\u0644\u062d\u0627\u0621 \u062d\u0648\u0644 \u0643\u0627\u064a\u0644\u0627\u0633\u0627"}]},{"@type":"WebSite","@id":"https:\/\/mountainguides.pro\/#website","url":"https:\/\/mountainguides.pro\/","name":"Mountain Guide","description":"We aspire to be the first in everything!","publisher":{"@id":"https:\/\/mountainguides.pro\/#organization"},"potentialAction":[{"@type":"SearchAction","target":{"@type":"EntryPoint","urlTemplate":"https:\/\/mountainguides.pro\/?s={search_term_string}"},"query-input":{"@type":"PropertyValueSpecification","valueRequired":true,"valueName":"search_term_string"}}],"inLanguage":"pt"},{"@type":"Organization","@id":"https:\/\/mountainguides.pro\/#organization","name":"Mountain Guide","url":"https:\/\/mountainguides.pro\/","logo":{"@type":"ImageObject","inLanguage":"pt","@id":"https:\/\/mountainguides.pro\/#\/schema\/logo\/image\/","url":"https:\/\/mountainguides.pro\/wp-content\/uploads\/2018\/01\/mglogo.jpg","contentUrl":"https:\/\/mountainguides.pro\/wp-content\/uploads\/2018\/01\/mglogo.jpg","width":1200,"height":630,"caption":"Mountain Guide"},"image":{"@id":"https:\/\/mountainguides.pro\/#\/schema\/logo\/image\/"},"sameAs":["https:\/\/www.facebook.com\/Mountainguide-232956566756831\/","https:\/\/x.com\/Wintercyclone","http:\/\/instagram.com\/mountainguide","http:\/\/www.youtube.com\/mountainguide"]}]}},"_links":{"self":[{"href":"https:\/\/mountainguides.pro\/pt\/wp-json\/wp\/v2\/product\/19396","targetHints":{"allow":["GET"]}}],"collection":[{"href":"https:\/\/mountainguides.pro\/pt\/wp-json\/wp\/v2\/product"}],"about":[{"href":"https:\/\/mountainguides.pro\/pt\/wp-json\/wp\/v2\/types\/product"}],"replies":[{"embeddable":true,"href":"https:\/\/mountainguides.pro\/pt\/wp-json\/wp\/v2\/comments?post=19396"}],"version-history":[{"count":11,"href":"https:\/\/mountainguides.pro\/pt\/wp-json\/wp\/v2\/product\/19396\/revisions"}],"predecessor-version":[{"id":32708,"href":"https:\/\/mountainguides.pro\/pt\/wp-json\/wp\/v2\/product\/19396\/revisions\/32708"}],"wp:featuredmedia":[{"embeddable":true,"href":"https:\/\/mountainguides.pro\/pt\/wp-json\/wp\/v2\/media\/21451"}],"wp:attachment":[{"href":"https:\/\/mountainguides.pro\/pt\/wp-json\/wp\/v2\/media?parent=19396"}],"wp:term":[{"taxonomy":"product_cat","embeddable":true,"href":"https:\/\/mountainguides.pro\/pt\/wp-json\/wp\/v2\/product_cat?post=19396"},{"taxonomy":"product_tag","embeddable":true,"href":"https:\/\/mountainguides.pro\/pt\/wp-json\/wp\/v2\/product_tag?post=19396"}],"curies":[{"name":"wp","href":"https:\/\/api.w.org\/{rel}","templated":true}]}}